{"id":9509,"date":"2020-08-14T16:26:13","date_gmt":"2020-08-14T13:26:13","guid":{"rendered":"https:\/\/test.lottemaa.ee\/?page_id=9509"},"modified":"2024-09-27T11:47:00","modified_gmt":"2024-09-27T08:47:00","slug":"jaatelokone","status":"publish","type":"page","link":"https:\/\/lottemaa.ee\/fi\/paiva-lottemaassa\/keksinnot\/jaatelokone\/","title":{"rendered":"J\u00c4\u00c4TEL\u00d6KONE"},"content":{"rendered":"<p style=\"text-align: left;\">Tohtori Ave rakastaa sairauksien hoitamista. Tohtori Avesta on erityisen mukavaa, kun sairaus ei n\u00e4y p\u00e4\u00e4llep\u00e4in, vaan sit\u00e4 on etsitt\u00e4v\u00e4 kuin salapoliisi. Tohtori Ave k\u00e4ytt\u00e4\u00e4 hoidoissaan usein j\u00e4\u00e4puikkoja, ja niit\u00e4 h\u00e4nell\u00e4 onkin paljon. Joissakin on sis\u00e4ll\u00e4 my\u00f6s marjoja ja joissakin sieni\u00e4. Jokaiseen sairauteen on aina oma reseptins\u00e4.<br \/>\nKun jollakin Keksij\u00e4kyl\u00e4n asukkaalla menee jokin keksint\u00f6 pieleen, ja keksij\u00e4n mielen valtaa apeus ja silm\u00e4 v\u00e4kisinkin kostuu, on tohtori Avella parannuskeino. Hyv\u00e4st\u00e4 j\u00e4\u00e4tel\u00f6st\u00e4 on aina apua, ja siksi tohtori Ave keksikin j\u00e4\u00e4tel\u00f6koneen.<\/p>\n","protected":false},"excerpt":{"rendered":"<p>Tohtori Ave rakastaa sairauksien hoitamista. Tohtori Avesta on erityisen mukavaa, kun sairaus ei n\u00e4y p\u00e4\u00e4llep\u00e4in, vaan sit\u00e4 on etsitt\u00e4v\u00e4 kuin salapoliisi. Tohtori Ave k\u00e4ytt\u00e4\u00e4 hoidoissaan usein j\u00e4\u00e4puikkoja, ja niit\u00e4 h\u00e4nell\u00e4 onkin paljon. Joissakin on sis\u00e4ll\u00e4 my\u00f6s marjoja ja joissakin sieni\u00e4. Jokaiseen sairauteen on aina oma reseptins\u00e4. Kun jollakin Keksij\u00e4kyl\u00e4n asukkaalla menee jokin keksint\u00f6 pieleen, ja &hellip; <a href=\"https:\/\/lottemaa.ee\/fi\/paiva-lottemaassa\/keksinnot\/jaatelokone\/\">Continued<\/a><\/p>\n","protected":false},"author":7,"featured_media":13135,"parent":1250,"menu_order":527,"comment_status":"closed","ping_status":"closed","template":"","meta":{"_acf_changed":false,"om_disable_all_campaigns":false,"_uf_show_specific_survey":0,"_uf_disable_surveys":false,"footnotes":""},"class_list":["post-9509","page","type-page","status-publish","has-post-thumbnail","hentry"],"acf":[],"yoast_head":"<!-- This site is optimized with the Yoast SEO plugin v25.5 - https:\/\/yoast.com\/wordpress\/plugins\/seo\/ -->\n<title>J\u00c4\u00c4TEL\u00d6KONE | Lottemaa Teemapark<\/title>\n<meta name=\"description\" content=\"Tohtori Ave rakastaa sairauksien hoitamista. Tohtori Avesta on erityisen mukavaa, kun sairaus ei n\u00e4y p\u00e4\u00e4llep\u00e4in, vaan sit\u00e4 on etsitt\u00e4v\u00e4 kuin salapoliisi.\" \/>\n<meta name=\"robots\" content=\"index, follow, max-snippet:-1, max-image-preview:large, max-video-preview:-1\" \/>\n<link rel=\"canonical\" href=\"https:\/\/lottemaa.ee\/fi\/paiva-lottemaassa\/keksinnot\/jaatelokone\/\" \/>\n<meta property=\"og:locale\" content=\"fi_FI\" \/>\n<meta property=\"og:type\" content=\"article\" \/>\n<meta property=\"og:title\" content=\"J\u00c4\u00c4TEL\u00d6KONE | Lottemaa Teemapark\" \/>\n<meta property=\"og:description\" content=\"Tohtori Ave rakastaa sairauksien hoitamista. Tohtori Avesta on erityisen mukavaa, kun sairaus ei n\u00e4y p\u00e4\u00e4llep\u00e4in, vaan sit\u00e4 on etsitt\u00e4v\u00e4 kuin salapoliisi.\" \/>\n<meta property=\"og:url\" content=\"https:\/\/lottemaa.ee\/fi\/paiva-lottemaassa\/keksinnot\/jaatelokone\/\" \/>\n<meta property=\"og:site_name\" content=\"Lottemaa Teemapark\" \/>\n<meta property=\"article:modified_time\" content=\"2024-09-27T08:47:00+00:00\" \/>\n<meta property=\"og:image\" content=\"https:\/\/lottemaa.ee\/wp-content\/uploads\/2022\/04\/DSC_6859-scaled.jpg\" \/>\n\t<meta property=\"og:image:width\" content=\"1696\" \/>\n\t<meta property=\"og:image:height\" content=\"2560\" \/>\n\t<meta property=\"og:image:type\" content=\"image\/jpeg\" \/>\n<meta name=\"twitter:card\" content=\"summary_large_image\" \/>\n<meta name=\"twitter:label1\" content=\"Arvioitu lukuaika\" \/>\n\t<meta name=\"twitter:data1\" content=\"1 minuutti\" \/>\n<script type=\"application\/ld+json\" class=\"yoast-schema-graph\">{\"@context\":\"https:\/\/schema.org\",\"@graph\":[{\"@type\":\"WebPage\",\"@id\":\"https:\/\/lottemaa.ee\/fi\/paiva-lottemaassa\/keksinnot\/jaatelokone\/\",\"url\":\"https:\/\/lottemaa.ee\/fi\/paiva-lottemaassa\/keksinnot\/jaatelokone\/\",\"name\":\"J\u00c4\u00c4TEL\u00d6KONE | Lottemaa Teemapark\",\"isPartOf\":{\"@id\":\"https:\/\/lottemaa.ee\/#website\"},\"primaryImageOfPage\":{\"@id\":\"https:\/\/lottemaa.ee\/fi\/paiva-lottemaassa\/keksinnot\/jaatelokone\/#primaryimage\"},\"image\":{\"@id\":\"https:\/\/lottemaa.ee\/fi\/paiva-lottemaassa\/keksinnot\/jaatelokone\/#primaryimage\"},\"thumbnailUrl\":\"https:\/\/lottemaa.ee\/wp-content\/uploads\/2022\/04\/DSC_6859-scaled.jpg\",\"datePublished\":\"2020-08-14T13:26:13+00:00\",\"dateModified\":\"2024-09-27T08:47:00+00:00\",\"description\":\"Tohtori Ave rakastaa sairauksien hoitamista. Tohtori Avesta on erityisen mukavaa, kun sairaus ei n\u00e4y p\u00e4\u00e4llep\u00e4in, vaan sit\u00e4 on etsitt\u00e4v\u00e4 kuin salapoliisi.\",\"breadcrumb\":{\"@id\":\"https:\/\/lottemaa.ee\/fi\/paiva-lottemaassa\/keksinnot\/jaatelokone\/#breadcrumb\"},\"inLanguage\":\"fi\",\"potentialAction\":[{\"@type\":\"ReadAction\",\"target\":[\"https:\/\/lottemaa.ee\/fi\/paiva-lottemaassa\/keksinnot\/jaatelokone\/\"]}]},{\"@type\":\"ImageObject\",\"inLanguage\":\"fi\",\"@id\":\"https:\/\/lottemaa.ee\/fi\/paiva-lottemaassa\/keksinnot\/jaatelokone\/#primaryimage\",\"url\":\"https:\/\/lottemaa.ee\/wp-content\/uploads\/2022\/04\/DSC_6859-scaled.jpg\",\"contentUrl\":\"https:\/\/lottemaa.ee\/wp-content\/uploads\/2022\/04\/DSC_6859-scaled.jpg\",\"width\":1696,\"height\":2560},{\"@type\":\"BreadcrumbList\",\"@id\":\"https:\/\/lottemaa.ee\/fi\/paiva-lottemaassa\/keksinnot\/jaatelokone\/#breadcrumb\",\"itemListElement\":[{\"@type\":\"ListItem\",\"position\":1,\"name\":\"Home\",\"item\":\"https:\/\/lottemaa.ee\/fi\/\"},{\"@type\":\"ListItem\",\"position\":2,\"name\":\"P\u00e4iv\u00e4 Lottemaassa\",\"item\":\"https:\/\/lottemaa.ee\/fi\/paiva-lottemaassa\/\"},{\"@type\":\"ListItem\",\"position\":3,\"name\":\"Keksinn\u00f6t\",\"item\":\"https:\/\/lottemaa.ee\/fi\/paiva-lottemaassa\/keksinnot\/\"},{\"@type\":\"ListItem\",\"position\":4,\"name\":\"J\u00c4\u00c4TEL\u00d6KONE\"}]},{\"@type\":\"WebSite\",\"@id\":\"https:\/\/lottemaa.ee\/#website\",\"url\":\"https:\/\/lottemaa.ee\/\",\"name\":\"Lottemaa Teemapark\",\"description\":\"Baltimaade suurim ja k\u00f5ige \u00e4gedam kogupere teemapark Eestis P\u00e4rnumaal\",\"publisher\":{\"@id\":\"https:\/\/lottemaa.ee\/#organization\"},\"potentialAction\":[{\"@type\":\"SearchAction\",\"target\":{\"@type\":\"EntryPoint\",\"urlTemplate\":\"https:\/\/lottemaa.ee\/?s={search_term_string}\"},\"query-input\":{\"@type\":\"PropertyValueSpecification\",\"valueRequired\":true,\"valueName\":\"search_term_string\"}}],\"inLanguage\":\"fi\"},{\"@type\":\"Organization\",\"@id\":\"https:\/\/lottemaa.ee\/#organization\",\"name\":\"Lottemaa Teemapark\",\"url\":\"https:\/\/lottemaa.ee\/\",\"logo\":{\"@type\":\"ImageObject\",\"inLanguage\":\"fi\",\"@id\":\"https:\/\/lottemaa.ee\/#\/schema\/logo\/image\/\",\"url\":\"https:\/\/lottemaa.ee\/wp-content\/uploads\/2018\/12\/Lottemaa_LOGO.png\",\"contentUrl\":\"https:\/\/lottemaa.ee\/wp-content\/uploads\/2018\/12\/Lottemaa_LOGO.png\",\"width\":1024,\"height\":518,\"caption\":\"Lottemaa Teemapark\"},\"image\":{\"@id\":\"https:\/\/lottemaa.ee\/#\/schema\/logo\/image\/\"}}]}<\/script>\n<!-- \/ Yoast SEO plugin. -->","yoast_head_json":{"title":"J\u00c4\u00c4TEL\u00d6KONE | Lottemaa Teemapark","description":"Tohtori Ave rakastaa sairauksien hoitamista. Tohtori Avesta on erityisen mukavaa, kun sairaus ei n\u00e4y p\u00e4\u00e4llep\u00e4in, vaan sit\u00e4 on etsitt\u00e4v\u00e4 kuin salapoliisi.","robots":{"index":"index","follow":"follow","max-snippet":"max-snippet:-1","max-image-preview":"max-image-preview:large","max-video-preview":"max-video-preview:-1"},"canonical":"https:\/\/lottemaa.ee\/fi\/paiva-lottemaassa\/keksinnot\/jaatelokone\/","og_locale":"fi_FI","og_type":"article","og_title":"J\u00c4\u00c4TEL\u00d6KONE | Lottemaa Teemapark","og_description":"Tohtori Ave rakastaa sairauksien hoitamista. Tohtori Avesta on erityisen mukavaa, kun sairaus ei n\u00e4y p\u00e4\u00e4llep\u00e4in, vaan sit\u00e4 on etsitt\u00e4v\u00e4 kuin salapoliisi.","og_url":"https:\/\/lottemaa.ee\/fi\/paiva-lottemaassa\/keksinnot\/jaatelokone\/","og_site_name":"Lottemaa Teemapark","article_modified_time":"2024-09-27T08:47:00+00:00","og_image":[{"width":1696,"height":2560,"url":"https:\/\/lottemaa.ee\/wp-content\/uploads\/2022\/04\/DSC_6859-scaled.jpg","type":"image\/jpeg"}],"twitter_card":"summary_large_image","twitter_misc":{"Arvioitu lukuaika":"1 minuutti"},"schema":{"@context":"https:\/\/schema.org","@graph":[{"@type":"WebPage","@id":"https:\/\/lottemaa.ee\/fi\/paiva-lottemaassa\/keksinnot\/jaatelokone\/","url":"https:\/\/lottemaa.ee\/fi\/paiva-lottemaassa\/keksinnot\/jaatelokone\/","name":"J\u00c4\u00c4TEL\u00d6KONE | Lottemaa Teemapark","isPartOf":{"@id":"https:\/\/lottemaa.ee\/#website"},"primaryImageOfPage":{"@id":"https:\/\/lottemaa.ee\/fi\/paiva-lottemaassa\/keksinnot\/jaatelokone\/#primaryimage"},"image":{"@id":"https:\/\/lottemaa.ee\/fi\/paiva-lottemaassa\/keksinnot\/jaatelokone\/#primaryimage"},"thumbnailUrl":"https:\/\/lottemaa.ee\/wp-content\/uploads\/2022\/04\/DSC_6859-scaled.jpg","datePublished":"2020-08-14T13:26:13+00:00","dateModified":"2024-09-27T08:47:00+00:00","description":"Tohtori Ave rakastaa sairauksien hoitamista. Tohtori Avesta on erityisen mukavaa, kun sairaus ei n\u00e4y p\u00e4\u00e4llep\u00e4in, vaan sit\u00e4 on etsitt\u00e4v\u00e4 kuin salapoliisi.","breadcrumb":{"@id":"https:\/\/lottemaa.ee\/fi\/paiva-lottemaassa\/keksinnot\/jaatelokone\/#breadcrumb"},"inLanguage":"fi","potentialAction":[{"@type":"ReadAction","target":["https:\/\/lottemaa.ee\/fi\/paiva-lottemaassa\/keksinnot\/jaatelokone\/"]}]},{"@type":"ImageObject","inLanguage":"fi","@id":"https:\/\/lottemaa.ee\/fi\/paiva-lottemaassa\/keksinnot\/jaatelokone\/#primaryimage","url":"https:\/\/lottemaa.ee\/wp-content\/uploads\/2022\/04\/DSC_6859-scaled.jpg","contentUrl":"https:\/\/lottemaa.ee\/wp-content\/uploads\/2022\/04\/DSC_6859-scaled.jpg","width":1696,"height":2560},{"@type":"BreadcrumbList","@id":"https:\/\/lottemaa.ee\/fi\/paiva-lottemaassa\/keksinnot\/jaatelokone\/#breadcrumb","itemListElement":[{"@type":"ListItem","position":1,"name":"Home","item":"https:\/\/lottemaa.ee\/fi\/"},{"@type":"ListItem","position":2,"name":"P\u00e4iv\u00e4 Lottemaassa","item":"https:\/\/lottemaa.ee\/fi\/paiva-lottemaassa\/"},{"@type":"ListItem","position":3,"name":"Keksinn\u00f6t","item":"https:\/\/lottemaa.ee\/fi\/paiva-lottemaassa\/keksinnot\/"},{"@type":"ListItem","position":4,"name":"J\u00c4\u00c4TEL\u00d6KONE"}]},{"@type":"WebSite","@id":"https:\/\/lottemaa.ee\/#website","url":"https:\/\/lottemaa.ee\/","name":"Lottemaa Teemapark","description":"Baltimaade suurim ja k\u00f5ige \u00e4gedam kogupere teemapark Eestis P\u00e4rnumaal","publisher":{"@id":"https:\/\/lottemaa.ee\/#organization"},"potentialAction":[{"@type":"SearchAction","target":{"@type":"EntryPoint","urlTemplate":"https:\/\/lottemaa.ee\/?s={search_term_string}"},"query-input":{"@type":"PropertyValueSpecification","valueRequired":true,"valueName":"search_term_string"}}],"inLanguage":"fi"},{"@type":"Organization","@id":"https:\/\/lottemaa.ee\/#organization","name":"Lottemaa Teemapark","url":"https:\/\/lottemaa.ee\/","logo":{"@type":"ImageObject","inLanguage":"fi","@id":"https:\/\/lottemaa.ee\/#\/schema\/logo\/image\/","url":"https:\/\/lottemaa.ee\/wp-content\/uploads\/2018\/12\/Lottemaa_LOGO.png","contentUrl":"https:\/\/lottemaa.ee\/wp-content\/uploads\/2018\/12\/Lottemaa_LOGO.png","width":1024,"height":518,"caption":"Lottemaa Teemapark"},"image":{"@id":"https:\/\/lottemaa.ee\/#\/schema\/logo\/image\/"}}]}},"_links":{"self":[{"href":"https:\/\/lottemaa.ee\/fi\/wp-json\/wp\/v2\/pages\/9509","targetHints":{"allow":["GET"]}}],"collection":[{"href":"https:\/\/lottemaa.ee\/fi\/wp-json\/wp\/v2\/pages"}],"about":[{"href":"https:\/\/lottemaa.ee\/fi\/wp-json\/wp\/v2\/types\/page"}],"author":[{"embeddable":true,"href":"https:\/\/lottemaa.ee\/fi\/wp-json\/wp\/v2\/users\/7"}],"replies":[{"embeddable":true,"href":"https:\/\/lottemaa.ee\/fi\/wp-json\/wp\/v2\/comments?post=9509"}],"version-history":[{"count":3,"href":"https:\/\/lottemaa.ee\/fi\/wp-json\/wp\/v2\/pages\/9509\/revisions"}],"predecessor-version":[{"id":28630,"href":"https:\/\/lottemaa.ee\/fi\/wp-json\/wp\/v2\/pages\/9509\/revisions\/28630"}],"up":[{"embeddable":true,"href":"https:\/\/lottemaa.ee\/fi\/wp-json\/wp\/v2\/pages\/1250"}],"wp:featuredmedia":[{"embeddable":true,"href":"https:\/\/lottemaa.ee\/fi\/wp-json\/wp\/v2\/media\/13135"}],"wp:attachment":[{"href":"https:\/\/lottemaa.ee\/fi\/wp-json\/wp\/v2\/media?parent=9509"}],"curies":[{"name":"wp","href":"https:\/\/api.w.org\/{rel}","templated":true}]}}