{"id":9502,"date":"2020-08-14T16:17:02","date_gmt":"2020-08-14T13:17:02","guid":{"rendered":"https:\/\/test.lottemaa.ee\/?page_id=9502"},"modified":"2024-09-27T11:57:00","modified_gmt":"2024-09-27T08:57:00","slug":"vainon-leipakone","status":"publish","type":"page","link":"https:\/\/lottemaa.ee\/fi\/paiva-lottemaassa\/keksinnot\/vainon-leipakone\/","title":{"rendered":"V\u00c4IN\u00d6N LEIP\u00c4KONE"},"content":{"rendered":"<p style=\"text-align: left;\">V\u00e4in\u00f6 on verraton siiseli, jonka unelmana on saada koneesta l\u00e4mmint\u00e4 leip\u00e4\u00e4. V\u00e4in\u00f6 tiet\u00e4\u00e4, ett\u00e4 leiv\u00e4n saamiseksi koneeseen pit\u00e4\u00e4 sen toisesta p\u00e4\u00e4st\u00e4 laittaa sis\u00e4\u00e4n punainen tiiliskivi, jolloin vipua vet\u00e4m\u00e4ll\u00e4 pit\u00e4isi sen toisesta p\u00e4\u00e4st\u00e4 tulla ulos l\u00e4mmin leip\u00e4. Leip\u00e4\u00e4 ei kuitenkaan ole viel\u00e4 tullut. V\u00e4in\u00f6 on kyll\u00e4 saanut k\u00e4pyj\u00e4, p\u00e4hkin\u00f6it\u00e4, oikean jalan saappaita ja paljon muuta tavaraa, mutta leip\u00e4\u00e4 ei ole viel\u00e4 tullut. V\u00e4in\u00f6 ei kuitenkaan ole menett\u00e4nyt toivoaan, vaan jatkaa kehitt\u00e4mist\u00e4. H\u00e4n kirist\u00e4\u00e4 koneen kuljetinhihnaa ja kiert\u00e4\u00e4 ruuveja. Joku kerta V\u00e4in\u00f6 saa viel\u00e4 leip\u00e4\u00e4 AIVAN VARMASTI!<\/p>\n","protected":false},"excerpt":{"rendered":"<p>V\u00e4in\u00f6 on verraton siiseli, jonka unelmana on saada koneesta l\u00e4mmint\u00e4 leip\u00e4\u00e4. V\u00e4in\u00f6 tiet\u00e4\u00e4, ett\u00e4 leiv\u00e4n saamiseksi koneeseen pit\u00e4\u00e4 sen toisesta p\u00e4\u00e4st\u00e4 laittaa sis\u00e4\u00e4n punainen tiiliskivi, jolloin vipua vet\u00e4m\u00e4ll\u00e4 pit\u00e4isi sen toisesta p\u00e4\u00e4st\u00e4 tulla ulos l\u00e4mmin leip\u00e4. Leip\u00e4\u00e4 ei kuitenkaan ole viel\u00e4 tullut. V\u00e4in\u00f6 on kyll\u00e4 saanut k\u00e4pyj\u00e4, p\u00e4hkin\u00f6it\u00e4, oikean jalan saappaita ja paljon muuta tavaraa, &hellip; <a href=\"https:\/\/lottemaa.ee\/fi\/paiva-lottemaassa\/keksinnot\/vainon-leipakone\/\">Continued<\/a><\/p>\n","protected":false},"author":7,"featured_media":13492,"parent":1250,"menu_order":532,"comment_status":"closed","ping_status":"closed","template":"","meta":{"_acf_changed":false,"om_disable_all_campaigns":false,"_uf_show_specific_survey":0,"_uf_disable_surveys":false,"footnotes":""},"class_list":["post-9502","page","type-page","status-publish","has-post-thumbnail","hentry"],"acf":[],"yoast_head":"<!-- This site is optimized with the Yoast SEO plugin v25.5 - https:\/\/yoast.com\/wordpress\/plugins\/seo\/ -->\n<title>V\u00c4IN\u00d6N LEIP\u00c4KONE | Lottemaa Teemapark<\/title>\n<meta name=\"description\" content=\"V\u00e4in\u00f6 on verraton siiseli, jonka unelmana on saada koneesta l\u00e4mmint\u00e4 leip\u00e4\u00e4. V\u00e4in\u00f6 tiet\u00e4\u00e4, ett\u00e4 leiv\u00e4n saamiseksi koneeseen pit\u00e4\u00e4 sen toisesta p\u00e4\u00e4st\u00e4 laittaa sis\u00e4\u00e4n punainen tiiliskivi, jolloin vipua vet\u00e4m\u00e4ll\u00e4 pit\u00e4isi sen toisesta p\u00e4\u00e4st\u00e4 tulla ulos l\u00e4mmin leip\u00e4.\" \/>\n<meta name=\"robots\" content=\"index, follow, max-snippet:-1, max-image-preview:large, max-video-preview:-1\" \/>\n<link rel=\"canonical\" href=\"https:\/\/lottemaa.ee\/fi\/paiva-lottemaassa\/keksinnot\/vainon-leipakone\/\" \/>\n<meta property=\"og:locale\" content=\"fi_FI\" \/>\n<meta property=\"og:type\" content=\"article\" \/>\n<meta property=\"og:title\" content=\"V\u00c4IN\u00d6N LEIP\u00c4KONE | Lottemaa Teemapark\" \/>\n<meta property=\"og:description\" content=\"V\u00e4in\u00f6 on verraton siiseli, jonka unelmana on saada koneesta l\u00e4mmint\u00e4 leip\u00e4\u00e4. V\u00e4in\u00f6 tiet\u00e4\u00e4, ett\u00e4 leiv\u00e4n saamiseksi koneeseen pit\u00e4\u00e4 sen toisesta p\u00e4\u00e4st\u00e4 laittaa sis\u00e4\u00e4n punainen tiiliskivi, jolloin vipua vet\u00e4m\u00e4ll\u00e4 pit\u00e4isi sen toisesta p\u00e4\u00e4st\u00e4 tulla ulos l\u00e4mmin leip\u00e4.\" \/>\n<meta property=\"og:url\" content=\"https:\/\/lottemaa.ee\/fi\/paiva-lottemaassa\/keksinnot\/vainon-leipakone\/\" \/>\n<meta property=\"og:site_name\" content=\"Lottemaa Teemapark\" \/>\n<meta property=\"article:modified_time\" content=\"2024-09-27T08:57:00+00:00\" \/>\n<meta property=\"og:image\" content=\"https:\/\/lottemaa.ee\/wp-content\/uploads\/2022\/04\/DSC_7104-Copy-scaled.jpg\" \/>\n\t<meta property=\"og:image:width\" content=\"2560\" \/>\n\t<meta property=\"og:image:height\" content=\"1695\" \/>\n\t<meta property=\"og:image:type\" content=\"image\/jpeg\" \/>\n<meta name=\"twitter:card\" content=\"summary_large_image\" \/>\n<meta name=\"twitter:label1\" content=\"Arvioitu lukuaika\" \/>\n\t<meta name=\"twitter:data1\" content=\"1 minuutti\" \/>\n<script type=\"application\/ld+json\" class=\"yoast-schema-graph\">{\"@context\":\"https:\/\/schema.org\",\"@graph\":[{\"@type\":\"WebPage\",\"@id\":\"https:\/\/lottemaa.ee\/fi\/paiva-lottemaassa\/keksinnot\/vainon-leipakone\/\",\"url\":\"https:\/\/lottemaa.ee\/fi\/paiva-lottemaassa\/keksinnot\/vainon-leipakone\/\",\"name\":\"V\u00c4IN\u00d6N LEIP\u00c4KONE | Lottemaa Teemapark\",\"isPartOf\":{\"@id\":\"https:\/\/lottemaa.ee\/#website\"},\"primaryImageOfPage\":{\"@id\":\"https:\/\/lottemaa.ee\/fi\/paiva-lottemaassa\/keksinnot\/vainon-leipakone\/#primaryimage\"},\"image\":{\"@id\":\"https:\/\/lottemaa.ee\/fi\/paiva-lottemaassa\/keksinnot\/vainon-leipakone\/#primaryimage\"},\"thumbnailUrl\":\"https:\/\/lottemaa.ee\/wp-content\/uploads\/2022\/04\/DSC_7104-Copy-scaled.jpg\",\"datePublished\":\"2020-08-14T13:17:02+00:00\",\"dateModified\":\"2024-09-27T08:57:00+00:00\",\"description\":\"V\u00e4in\u00f6 on verraton siiseli, jonka unelmana on saada koneesta l\u00e4mmint\u00e4 leip\u00e4\u00e4. V\u00e4in\u00f6 tiet\u00e4\u00e4, ett\u00e4 leiv\u00e4n saamiseksi koneeseen pit\u00e4\u00e4 sen toisesta p\u00e4\u00e4st\u00e4 laittaa sis\u00e4\u00e4n punainen tiiliskivi, jolloin vipua vet\u00e4m\u00e4ll\u00e4 pit\u00e4isi sen toisesta p\u00e4\u00e4st\u00e4 tulla ulos l\u00e4mmin leip\u00e4.\",\"breadcrumb\":{\"@id\":\"https:\/\/lottemaa.ee\/fi\/paiva-lottemaassa\/keksinnot\/vainon-leipakone\/#breadcrumb\"},\"inLanguage\":\"fi\",\"potentialAction\":[{\"@type\":\"ReadAction\",\"target\":[\"https:\/\/lottemaa.ee\/fi\/paiva-lottemaassa\/keksinnot\/vainon-leipakone\/\"]}]},{\"@type\":\"ImageObject\",\"inLanguage\":\"fi\",\"@id\":\"https:\/\/lottemaa.ee\/fi\/paiva-lottemaassa\/keksinnot\/vainon-leipakone\/#primaryimage\",\"url\":\"https:\/\/lottemaa.ee\/wp-content\/uploads\/2022\/04\/DSC_7104-Copy-scaled.jpg\",\"contentUrl\":\"https:\/\/lottemaa.ee\/wp-content\/uploads\/2022\/04\/DSC_7104-Copy-scaled.jpg\",\"width\":2560,\"height\":1695},{\"@type\":\"BreadcrumbList\",\"@id\":\"https:\/\/lottemaa.ee\/fi\/paiva-lottemaassa\/keksinnot\/vainon-leipakone\/#breadcrumb\",\"itemListElement\":[{\"@type\":\"ListItem\",\"position\":1,\"name\":\"Home\",\"item\":\"https:\/\/lottemaa.ee\/fi\/\"},{\"@type\":\"ListItem\",\"position\":2,\"name\":\"P\u00e4iv\u00e4 Lottemaassa\",\"item\":\"https:\/\/lottemaa.ee\/fi\/paiva-lottemaassa\/\"},{\"@type\":\"ListItem\",\"position\":3,\"name\":\"Keksinn\u00f6t\",\"item\":\"https:\/\/lottemaa.ee\/fi\/paiva-lottemaassa\/keksinnot\/\"},{\"@type\":\"ListItem\",\"position\":4,\"name\":\"V\u00c4IN\u00d6N LEIP\u00c4KONE\"}]},{\"@type\":\"WebSite\",\"@id\":\"https:\/\/lottemaa.ee\/#website\",\"url\":\"https:\/\/lottemaa.ee\/\",\"name\":\"Lottemaa Teemapark\",\"description\":\"Baltimaade suurim ja k\u00f5ige \u00e4gedam kogupere teemapark Eestis P\u00e4rnumaal\",\"publisher\":{\"@id\":\"https:\/\/lottemaa.ee\/#organization\"},\"potentialAction\":[{\"@type\":\"SearchAction\",\"target\":{\"@type\":\"EntryPoint\",\"urlTemplate\":\"https:\/\/lottemaa.ee\/?s={search_term_string}\"},\"query-input\":{\"@type\":\"PropertyValueSpecification\",\"valueRequired\":true,\"valueName\":\"search_term_string\"}}],\"inLanguage\":\"fi\"},{\"@type\":\"Organization\",\"@id\":\"https:\/\/lottemaa.ee\/#organization\",\"name\":\"Lottemaa Teemapark\",\"url\":\"https:\/\/lottemaa.ee\/\",\"logo\":{\"@type\":\"ImageObject\",\"inLanguage\":\"fi\",\"@id\":\"https:\/\/lottemaa.ee\/#\/schema\/logo\/image\/\",\"url\":\"https:\/\/lottemaa.ee\/wp-content\/uploads\/2018\/12\/Lottemaa_LOGO.png\",\"contentUrl\":\"https:\/\/lottemaa.ee\/wp-content\/uploads\/2018\/12\/Lottemaa_LOGO.png\",\"width\":1024,\"height\":518,\"caption\":\"Lottemaa Teemapark\"},\"image\":{\"@id\":\"https:\/\/lottemaa.ee\/#\/schema\/logo\/image\/\"}}]}<\/script>\n<!-- \/ Yoast SEO plugin. -->","yoast_head_json":{"title":"V\u00c4IN\u00d6N LEIP\u00c4KONE | Lottemaa Teemapark","description":"V\u00e4in\u00f6 on verraton siiseli, jonka unelmana on saada koneesta l\u00e4mmint\u00e4 leip\u00e4\u00e4. V\u00e4in\u00f6 tiet\u00e4\u00e4, ett\u00e4 leiv\u00e4n saamiseksi koneeseen pit\u00e4\u00e4 sen toisesta p\u00e4\u00e4st\u00e4 laittaa sis\u00e4\u00e4n punainen tiiliskivi, jolloin vipua vet\u00e4m\u00e4ll\u00e4 pit\u00e4isi sen toisesta p\u00e4\u00e4st\u00e4 tulla ulos l\u00e4mmin leip\u00e4.","robots":{"index":"index","follow":"follow","max-snippet":"max-snippet:-1","max-image-preview":"max-image-preview:large","max-video-preview":"max-video-preview:-1"},"canonical":"https:\/\/lottemaa.ee\/fi\/paiva-lottemaassa\/keksinnot\/vainon-leipakone\/","og_locale":"fi_FI","og_type":"article","og_title":"V\u00c4IN\u00d6N LEIP\u00c4KONE | Lottemaa Teemapark","og_description":"V\u00e4in\u00f6 on verraton siiseli, jonka unelmana on saada koneesta l\u00e4mmint\u00e4 leip\u00e4\u00e4. V\u00e4in\u00f6 tiet\u00e4\u00e4, ett\u00e4 leiv\u00e4n saamiseksi koneeseen pit\u00e4\u00e4 sen toisesta p\u00e4\u00e4st\u00e4 laittaa sis\u00e4\u00e4n punainen tiiliskivi, jolloin vipua vet\u00e4m\u00e4ll\u00e4 pit\u00e4isi sen toisesta p\u00e4\u00e4st\u00e4 tulla ulos l\u00e4mmin leip\u00e4.","og_url":"https:\/\/lottemaa.ee\/fi\/paiva-lottemaassa\/keksinnot\/vainon-leipakone\/","og_site_name":"Lottemaa Teemapark","article_modified_time":"2024-09-27T08:57:00+00:00","og_image":[{"width":2560,"height":1695,"url":"https:\/\/lottemaa.ee\/wp-content\/uploads\/2022\/04\/DSC_7104-Copy-scaled.jpg","type":"image\/jpeg"}],"twitter_card":"summary_large_image","twitter_misc":{"Arvioitu lukuaika":"1 minuutti"},"schema":{"@context":"https:\/\/schema.org","@graph":[{"@type":"WebPage","@id":"https:\/\/lottemaa.ee\/fi\/paiva-lottemaassa\/keksinnot\/vainon-leipakone\/","url":"https:\/\/lottemaa.ee\/fi\/paiva-lottemaassa\/keksinnot\/vainon-leipakone\/","name":"V\u00c4IN\u00d6N LEIP\u00c4KONE | Lottemaa Teemapark","isPartOf":{"@id":"https:\/\/lottemaa.ee\/#website"},"primaryImageOfPage":{"@id":"https:\/\/lottemaa.ee\/fi\/paiva-lottemaassa\/keksinnot\/vainon-leipakone\/#primaryimage"},"image":{"@id":"https:\/\/lottemaa.ee\/fi\/paiva-lottemaassa\/keksinnot\/vainon-leipakone\/#primaryimage"},"thumbnailUrl":"https:\/\/lottemaa.ee\/wp-content\/uploads\/2022\/04\/DSC_7104-Copy-scaled.jpg","datePublished":"2020-08-14T13:17:02+00:00","dateModified":"2024-09-27T08:57:00+00:00","description":"V\u00e4in\u00f6 on verraton siiseli, jonka unelmana on saada koneesta l\u00e4mmint\u00e4 leip\u00e4\u00e4. V\u00e4in\u00f6 tiet\u00e4\u00e4, ett\u00e4 leiv\u00e4n saamiseksi koneeseen pit\u00e4\u00e4 sen toisesta p\u00e4\u00e4st\u00e4 laittaa sis\u00e4\u00e4n punainen tiiliskivi, jolloin vipua vet\u00e4m\u00e4ll\u00e4 pit\u00e4isi sen toisesta p\u00e4\u00e4st\u00e4 tulla ulos l\u00e4mmin leip\u00e4.","breadcrumb":{"@id":"https:\/\/lottemaa.ee\/fi\/paiva-lottemaassa\/keksinnot\/vainon-leipakone\/#breadcrumb"},"inLanguage":"fi","potentialAction":[{"@type":"ReadAction","target":["https:\/\/lottemaa.ee\/fi\/paiva-lottemaassa\/keksinnot\/vainon-leipakone\/"]}]},{"@type":"ImageObject","inLanguage":"fi","@id":"https:\/\/lottemaa.ee\/fi\/paiva-lottemaassa\/keksinnot\/vainon-leipakone\/#primaryimage","url":"https:\/\/lottemaa.ee\/wp-content\/uploads\/2022\/04\/DSC_7104-Copy-scaled.jpg","contentUrl":"https:\/\/lottemaa.ee\/wp-content\/uploads\/2022\/04\/DSC_7104-Copy-scaled.jpg","width":2560,"height":1695},{"@type":"BreadcrumbList","@id":"https:\/\/lottemaa.ee\/fi\/paiva-lottemaassa\/keksinnot\/vainon-leipakone\/#breadcrumb","itemListElement":[{"@type":"ListItem","position":1,"name":"Home","item":"https:\/\/lottemaa.ee\/fi\/"},{"@type":"ListItem","position":2,"name":"P\u00e4iv\u00e4 Lottemaassa","item":"https:\/\/lottemaa.ee\/fi\/paiva-lottemaassa\/"},{"@type":"ListItem","position":3,"name":"Keksinn\u00f6t","item":"https:\/\/lottemaa.ee\/fi\/paiva-lottemaassa\/keksinnot\/"},{"@type":"ListItem","position":4,"name":"V\u00c4IN\u00d6N LEIP\u00c4KONE"}]},{"@type":"WebSite","@id":"https:\/\/lottemaa.ee\/#website","url":"https:\/\/lottemaa.ee\/","name":"Lottemaa Teemapark","description":"Baltimaade suurim ja k\u00f5ige \u00e4gedam kogupere teemapark Eestis P\u00e4rnumaal","publisher":{"@id":"https:\/\/lottemaa.ee\/#organization"},"potentialAction":[{"@type":"SearchAction","target":{"@type":"EntryPoint","urlTemplate":"https:\/\/lottemaa.ee\/?s={search_term_string}"},"query-input":{"@type":"PropertyValueSpecification","valueRequired":true,"valueName":"search_term_string"}}],"inLanguage":"fi"},{"@type":"Organization","@id":"https:\/\/lottemaa.ee\/#organization","name":"Lottemaa Teemapark","url":"https:\/\/lottemaa.ee\/","logo":{"@type":"ImageObject","inLanguage":"fi","@id":"https:\/\/lottemaa.ee\/#\/schema\/logo\/image\/","url":"https:\/\/lottemaa.ee\/wp-content\/uploads\/2018\/12\/Lottemaa_LOGO.png","contentUrl":"https:\/\/lottemaa.ee\/wp-content\/uploads\/2018\/12\/Lottemaa_LOGO.png","width":1024,"height":518,"caption":"Lottemaa Teemapark"},"image":{"@id":"https:\/\/lottemaa.ee\/#\/schema\/logo\/image\/"}}]}},"_links":{"self":[{"href":"https:\/\/lottemaa.ee\/fi\/wp-json\/wp\/v2\/pages\/9502","targetHints":{"allow":["GET"]}}],"collection":[{"href":"https:\/\/lottemaa.ee\/fi\/wp-json\/wp\/v2\/pages"}],"about":[{"href":"https:\/\/lottemaa.ee\/fi\/wp-json\/wp\/v2\/types\/page"}],"author":[{"embeddable":true,"href":"https:\/\/lottemaa.ee\/fi\/wp-json\/wp\/v2\/users\/7"}],"replies":[{"embeddable":true,"href":"https:\/\/lottemaa.ee\/fi\/wp-json\/wp\/v2\/comments?post=9502"}],"version-history":[{"count":4,"href":"https:\/\/lottemaa.ee\/fi\/wp-json\/wp\/v2\/pages\/9502\/revisions"}],"predecessor-version":[{"id":28641,"href":"https:\/\/lottemaa.ee\/fi\/wp-json\/wp\/v2\/pages\/9502\/revisions\/28641"}],"up":[{"embeddable":true,"href":"https:\/\/lottemaa.ee\/fi\/wp-json\/wp\/v2\/pages\/1250"}],"wp:featuredmedia":[{"embeddable":true,"href":"https:\/\/lottemaa.ee\/fi\/wp-json\/wp\/v2\/media\/13492"}],"wp:attachment":[{"href":"https:\/\/lottemaa.ee\/fi\/wp-json\/wp\/v2\/media?parent=9502"}],"curies":[{"name":"wp","href":"https:\/\/api.w.org\/{rel}","templated":true}]}}