{"id":9496,"date":"2020-08-14T15:35:31","date_gmt":"2020-08-14T12:35:31","guid":{"rendered":"https:\/\/test.lottemaa.ee\/?page_id=9496"},"modified":"2023-02-10T12:29:54","modified_gmt":"2023-02-10T10:29:54","slug":"nosturi","status":"publish","type":"page","link":"https:\/\/lottemaa.ee\/fi\/paiva-lottemaassa\/keksinnot\/nosturi\/","title":{"rendered":"NOSTURI"},"content":{"rendered":"<p style=\"text-align: left;\" align=\"justify\">Oskarin keksint\u00f6. Nosturi on tarpeellinen keksint\u00f6 kaikille rakentajille. Koska Keksij\u00e4kyl\u00e4ss\u00e4 ei ole rautakauppoja ja rakennustuotteiden valmistukseen erikoistuneita tehtaita, on jatkuvasti tarpeen tehd\u00e4 paljon keksint\u00f6j\u00e4, mist\u00e4 ja miten rakentaa. Keksij\u00e4kyl\u00e4ss\u00e4 tarvittiin talojen rakentamiseen kipe\u00e4sti nosturia, ja niinp\u00e4 Oskar keksikin NOSTURIN.<\/p>\n","protected":false},"excerpt":{"rendered":"<p>Oskarin keksint\u00f6. Nosturi on tarpeellinen keksint\u00f6 kaikille rakentajille. Koska Keksij\u00e4kyl\u00e4ss\u00e4 ei ole rautakauppoja ja rakennustuotteiden valmistukseen erikoistuneita tehtaita, on jatkuvasti tarpeen tehd\u00e4 paljon keksint\u00f6j\u00e4, mist\u00e4 ja miten rakentaa. Keksij\u00e4kyl\u00e4ss\u00e4 tarvittiin talojen rakentamiseen kipe\u00e4sti nosturia, ja niinp\u00e4 Oskar keksikin NOSTURIN.<\/p>\n","protected":false},"author":7,"featured_media":19891,"parent":1250,"menu_order":440,"comment_status":"closed","ping_status":"closed","template":"","meta":{"_acf_changed":false,"om_disable_all_campaigns":false,"_uf_show_specific_survey":0,"_uf_disable_surveys":false,"footnotes":""},"class_list":["post-9496","page","type-page","status-publish","has-post-thumbnail","hentry"],"acf":[],"yoast_head":"<!-- This site is optimized with the Yoast SEO plugin v25.5 - https:\/\/yoast.com\/wordpress\/plugins\/seo\/ -->\n<title>NOSTURI | Lottemaa Teemapark<\/title>\n<meta name=\"description\" content=\"Oskarin keksint\u00f6. Nosturi on tarpeellinen keksint\u00f6 kaikille rakentajille. Koska Keksij\u00e4kyl\u00e4ss\u00e4 ei ole rautakauppoja ja rakennustuotteiden valmistukseen erikoistuneita tehtaita, on jatkuvasti tarpeen tehd\u00e4 paljon keksint\u00f6j\u00e4, mist\u00e4 ja miten rakentaa.\" \/>\n<meta name=\"robots\" content=\"index, follow, max-snippet:-1, max-image-preview:large, max-video-preview:-1\" \/>\n<link rel=\"canonical\" href=\"https:\/\/lottemaa.ee\/fi\/paiva-lottemaassa\/keksinnot\/nosturi\/\" \/>\n<meta property=\"og:locale\" content=\"fi_FI\" \/>\n<meta property=\"og:type\" content=\"article\" \/>\n<meta property=\"og:title\" content=\"NOSTURI | Lottemaa Teemapark\" \/>\n<meta property=\"og:description\" content=\"Oskarin keksint\u00f6. Nosturi on tarpeellinen keksint\u00f6 kaikille rakentajille. Koska Keksij\u00e4kyl\u00e4ss\u00e4 ei ole rautakauppoja ja rakennustuotteiden valmistukseen erikoistuneita tehtaita, on jatkuvasti tarpeen tehd\u00e4 paljon keksint\u00f6j\u00e4, mist\u00e4 ja miten rakentaa.\" \/>\n<meta property=\"og:url\" content=\"https:\/\/lottemaa.ee\/fi\/paiva-lottemaassa\/keksinnot\/nosturi\/\" \/>\n<meta property=\"og:site_name\" content=\"Lottemaa Teemapark\" \/>\n<meta property=\"article:modified_time\" content=\"2023-02-10T10:29:54+00:00\" \/>\n<meta property=\"og:image\" content=\"https:\/\/lottemaa.ee\/wp-content\/uploads\/2023\/01\/DSC_8219-scaled.jpg\" \/>\n\t<meta property=\"og:image:width\" content=\"2560\" \/>\n\t<meta property=\"og:image:height\" content=\"1696\" \/>\n\t<meta property=\"og:image:type\" content=\"image\/jpeg\" \/>\n<meta name=\"twitter:card\" content=\"summary_large_image\" \/>\n<meta name=\"twitter:label1\" content=\"Arvioitu lukuaika\" \/>\n\t<meta name=\"twitter:data1\" content=\"1 minuutti\" \/>\n<script type=\"application\/ld+json\" class=\"yoast-schema-graph\">{\"@context\":\"https:\/\/schema.org\",\"@graph\":[{\"@type\":\"WebPage\",\"@id\":\"https:\/\/lottemaa.ee\/fi\/paiva-lottemaassa\/keksinnot\/nosturi\/\",\"url\":\"https:\/\/lottemaa.ee\/fi\/paiva-lottemaassa\/keksinnot\/nosturi\/\",\"name\":\"NOSTURI | Lottemaa Teemapark\",\"isPartOf\":{\"@id\":\"https:\/\/lottemaa.ee\/#website\"},\"primaryImageOfPage\":{\"@id\":\"https:\/\/lottemaa.ee\/fi\/paiva-lottemaassa\/keksinnot\/nosturi\/#primaryimage\"},\"image\":{\"@id\":\"https:\/\/lottemaa.ee\/fi\/paiva-lottemaassa\/keksinnot\/nosturi\/#primaryimage\"},\"thumbnailUrl\":\"https:\/\/lottemaa.ee\/wp-content\/uploads\/2023\/01\/DSC_8219-scaled.jpg\",\"datePublished\":\"2020-08-14T12:35:31+00:00\",\"dateModified\":\"2023-02-10T10:29:54+00:00\",\"description\":\"Oskarin keksint\u00f6. Nosturi on tarpeellinen keksint\u00f6 kaikille rakentajille. Koska Keksij\u00e4kyl\u00e4ss\u00e4 ei ole rautakauppoja ja rakennustuotteiden valmistukseen erikoistuneita tehtaita, on jatkuvasti tarpeen tehd\u00e4 paljon keksint\u00f6j\u00e4, mist\u00e4 ja miten rakentaa.\",\"breadcrumb\":{\"@id\":\"https:\/\/lottemaa.ee\/fi\/paiva-lottemaassa\/keksinnot\/nosturi\/#breadcrumb\"},\"inLanguage\":\"fi\",\"potentialAction\":[{\"@type\":\"ReadAction\",\"target\":[\"https:\/\/lottemaa.ee\/fi\/paiva-lottemaassa\/keksinnot\/nosturi\/\"]}]},{\"@type\":\"ImageObject\",\"inLanguage\":\"fi\",\"@id\":\"https:\/\/lottemaa.ee\/fi\/paiva-lottemaassa\/keksinnot\/nosturi\/#primaryimage\",\"url\":\"https:\/\/lottemaa.ee\/wp-content\/uploads\/2023\/01\/DSC_8219-scaled.jpg\",\"contentUrl\":\"https:\/\/lottemaa.ee\/wp-content\/uploads\/2023\/01\/DSC_8219-scaled.jpg\",\"width\":2560,\"height\":1696},{\"@type\":\"BreadcrumbList\",\"@id\":\"https:\/\/lottemaa.ee\/fi\/paiva-lottemaassa\/keksinnot\/nosturi\/#breadcrumb\",\"itemListElement\":[{\"@type\":\"ListItem\",\"position\":1,\"name\":\"Home\",\"item\":\"https:\/\/lottemaa.ee\/fi\/\"},{\"@type\":\"ListItem\",\"position\":2,\"name\":\"P\u00e4iv\u00e4 Lottemaassa\",\"item\":\"https:\/\/lottemaa.ee\/fi\/paiva-lottemaassa\/\"},{\"@type\":\"ListItem\",\"position\":3,\"name\":\"Keksinn\u00f6t\",\"item\":\"https:\/\/lottemaa.ee\/fi\/paiva-lottemaassa\/keksinnot\/\"},{\"@type\":\"ListItem\",\"position\":4,\"name\":\"NOSTURI\"}]},{\"@type\":\"WebSite\",\"@id\":\"https:\/\/lottemaa.ee\/#website\",\"url\":\"https:\/\/lottemaa.ee\/\",\"name\":\"Lottemaa Teemapark\",\"description\":\"Baltimaade suurim ja k\u00f5ige \u00e4gedam kogupere teemapark Eestis P\u00e4rnumaal\",\"publisher\":{\"@id\":\"https:\/\/lottemaa.ee\/#organization\"},\"potentialAction\":[{\"@type\":\"SearchAction\",\"target\":{\"@type\":\"EntryPoint\",\"urlTemplate\":\"https:\/\/lottemaa.ee\/?s={search_term_string}\"},\"query-input\":{\"@type\":\"PropertyValueSpecification\",\"valueRequired\":true,\"valueName\":\"search_term_string\"}}],\"inLanguage\":\"fi\"},{\"@type\":\"Organization\",\"@id\":\"https:\/\/lottemaa.ee\/#organization\",\"name\":\"Lottemaa Teemapark\",\"url\":\"https:\/\/lottemaa.ee\/\",\"logo\":{\"@type\":\"ImageObject\",\"inLanguage\":\"fi\",\"@id\":\"https:\/\/lottemaa.ee\/#\/schema\/logo\/image\/\",\"url\":\"https:\/\/lottemaa.ee\/wp-content\/uploads\/2018\/12\/Lottemaa_LOGO.png\",\"contentUrl\":\"https:\/\/lottemaa.ee\/wp-content\/uploads\/2018\/12\/Lottemaa_LOGO.png\",\"width\":1024,\"height\":518,\"caption\":\"Lottemaa Teemapark\"},\"image\":{\"@id\":\"https:\/\/lottemaa.ee\/#\/schema\/logo\/image\/\"}}]}<\/script>\n<!-- \/ Yoast SEO plugin. -->","yoast_head_json":{"title":"NOSTURI | Lottemaa Teemapark","description":"Oskarin keksint\u00f6. Nosturi on tarpeellinen keksint\u00f6 kaikille rakentajille. Koska Keksij\u00e4kyl\u00e4ss\u00e4 ei ole rautakauppoja ja rakennustuotteiden valmistukseen erikoistuneita tehtaita, on jatkuvasti tarpeen tehd\u00e4 paljon keksint\u00f6j\u00e4, mist\u00e4 ja miten rakentaa.","robots":{"index":"index","follow":"follow","max-snippet":"max-snippet:-1","max-image-preview":"max-image-preview:large","max-video-preview":"max-video-preview:-1"},"canonical":"https:\/\/lottemaa.ee\/fi\/paiva-lottemaassa\/keksinnot\/nosturi\/","og_locale":"fi_FI","og_type":"article","og_title":"NOSTURI | Lottemaa Teemapark","og_description":"Oskarin keksint\u00f6. Nosturi on tarpeellinen keksint\u00f6 kaikille rakentajille. Koska Keksij\u00e4kyl\u00e4ss\u00e4 ei ole rautakauppoja ja rakennustuotteiden valmistukseen erikoistuneita tehtaita, on jatkuvasti tarpeen tehd\u00e4 paljon keksint\u00f6j\u00e4, mist\u00e4 ja miten rakentaa.","og_url":"https:\/\/lottemaa.ee\/fi\/paiva-lottemaassa\/keksinnot\/nosturi\/","og_site_name":"Lottemaa Teemapark","article_modified_time":"2023-02-10T10:29:54+00:00","og_image":[{"width":2560,"height":1696,"url":"https:\/\/lottemaa.ee\/wp-content\/uploads\/2023\/01\/DSC_8219-scaled.jpg","type":"image\/jpeg"}],"twitter_card":"summary_large_image","twitter_misc":{"Arvioitu lukuaika":"1 minuutti"},"schema":{"@context":"https:\/\/schema.org","@graph":[{"@type":"WebPage","@id":"https:\/\/lottemaa.ee\/fi\/paiva-lottemaassa\/keksinnot\/nosturi\/","url":"https:\/\/lottemaa.ee\/fi\/paiva-lottemaassa\/keksinnot\/nosturi\/","name":"NOSTURI | Lottemaa Teemapark","isPartOf":{"@id":"https:\/\/lottemaa.ee\/#website"},"primaryImageOfPage":{"@id":"https:\/\/lottemaa.ee\/fi\/paiva-lottemaassa\/keksinnot\/nosturi\/#primaryimage"},"image":{"@id":"https:\/\/lottemaa.ee\/fi\/paiva-lottemaassa\/keksinnot\/nosturi\/#primaryimage"},"thumbnailUrl":"https:\/\/lottemaa.ee\/wp-content\/uploads\/2023\/01\/DSC_8219-scaled.jpg","datePublished":"2020-08-14T12:35:31+00:00","dateModified":"2023-02-10T10:29:54+00:00","description":"Oskarin keksint\u00f6. Nosturi on tarpeellinen keksint\u00f6 kaikille rakentajille. Koska Keksij\u00e4kyl\u00e4ss\u00e4 ei ole rautakauppoja ja rakennustuotteiden valmistukseen erikoistuneita tehtaita, on jatkuvasti tarpeen tehd\u00e4 paljon keksint\u00f6j\u00e4, mist\u00e4 ja miten rakentaa.","breadcrumb":{"@id":"https:\/\/lottemaa.ee\/fi\/paiva-lottemaassa\/keksinnot\/nosturi\/#breadcrumb"},"inLanguage":"fi","potentialAction":[{"@type":"ReadAction","target":["https:\/\/lottemaa.ee\/fi\/paiva-lottemaassa\/keksinnot\/nosturi\/"]}]},{"@type":"ImageObject","inLanguage":"fi","@id":"https:\/\/lottemaa.ee\/fi\/paiva-lottemaassa\/keksinnot\/nosturi\/#primaryimage","url":"https:\/\/lottemaa.ee\/wp-content\/uploads\/2023\/01\/DSC_8219-scaled.jpg","contentUrl":"https:\/\/lottemaa.ee\/wp-content\/uploads\/2023\/01\/DSC_8219-scaled.jpg","width":2560,"height":1696},{"@type":"BreadcrumbList","@id":"https:\/\/lottemaa.ee\/fi\/paiva-lottemaassa\/keksinnot\/nosturi\/#breadcrumb","itemListElement":[{"@type":"ListItem","position":1,"name":"Home","item":"https:\/\/lottemaa.ee\/fi\/"},{"@type":"ListItem","position":2,"name":"P\u00e4iv\u00e4 Lottemaassa","item":"https:\/\/lottemaa.ee\/fi\/paiva-lottemaassa\/"},{"@type":"ListItem","position":3,"name":"Keksinn\u00f6t","item":"https:\/\/lottemaa.ee\/fi\/paiva-lottemaassa\/keksinnot\/"},{"@type":"ListItem","position":4,"name":"NOSTURI"}]},{"@type":"WebSite","@id":"https:\/\/lottemaa.ee\/#website","url":"https:\/\/lottemaa.ee\/","name":"Lottemaa Teemapark","description":"Baltimaade suurim ja k\u00f5ige \u00e4gedam kogupere teemapark Eestis P\u00e4rnumaal","publisher":{"@id":"https:\/\/lottemaa.ee\/#organization"},"potentialAction":[{"@type":"SearchAction","target":{"@type":"EntryPoint","urlTemplate":"https:\/\/lottemaa.ee\/?s={search_term_string}"},"query-input":{"@type":"PropertyValueSpecification","valueRequired":true,"valueName":"search_term_string"}}],"inLanguage":"fi"},{"@type":"Organization","@id":"https:\/\/lottemaa.ee\/#organization","name":"Lottemaa Teemapark","url":"https:\/\/lottemaa.ee\/","logo":{"@type":"ImageObject","inLanguage":"fi","@id":"https:\/\/lottemaa.ee\/#\/schema\/logo\/image\/","url":"https:\/\/lottemaa.ee\/wp-content\/uploads\/2018\/12\/Lottemaa_LOGO.png","contentUrl":"https:\/\/lottemaa.ee\/wp-content\/uploads\/2018\/12\/Lottemaa_LOGO.png","width":1024,"height":518,"caption":"Lottemaa Teemapark"},"image":{"@id":"https:\/\/lottemaa.ee\/#\/schema\/logo\/image\/"}}]}},"_links":{"self":[{"href":"https:\/\/lottemaa.ee\/fi\/wp-json\/wp\/v2\/pages\/9496","targetHints":{"allow":["GET"]}}],"collection":[{"href":"https:\/\/lottemaa.ee\/fi\/wp-json\/wp\/v2\/pages"}],"about":[{"href":"https:\/\/lottemaa.ee\/fi\/wp-json\/wp\/v2\/types\/page"}],"author":[{"embeddable":true,"href":"https:\/\/lottemaa.ee\/fi\/wp-json\/wp\/v2\/users\/7"}],"replies":[{"embeddable":true,"href":"https:\/\/lottemaa.ee\/fi\/wp-json\/wp\/v2\/comments?post=9496"}],"version-history":[{"count":2,"href":"https:\/\/lottemaa.ee\/fi\/wp-json\/wp\/v2\/pages\/9496\/revisions"}],"predecessor-version":[{"id":20446,"href":"https:\/\/lottemaa.ee\/fi\/wp-json\/wp\/v2\/pages\/9496\/revisions\/20446"}],"up":[{"embeddable":true,"href":"https:\/\/lottemaa.ee\/fi\/wp-json\/wp\/v2\/pages\/1250"}],"wp:featuredmedia":[{"embeddable":true,"href":"https:\/\/lottemaa.ee\/fi\/wp-json\/wp\/v2\/media\/19891"}],"wp:attachment":[{"href":"https:\/\/lottemaa.ee\/fi\/wp-json\/wp\/v2\/media?parent=9496"}],"curies":[{"name":"wp","href":"https:\/\/api.w.org\/{rel}","templated":true}]}}