{"id":9489,"date":"2020-08-14T15:25:17","date_gmt":"2020-08-14T12:25:17","guid":{"rendered":"https:\/\/test.lottemaa.ee\/?page_id=9489"},"modified":"2023-02-10T11:25:57","modified_gmt":"2023-02-10T09:25:57","slug":"pannukakkujen-valelukone","status":"publish","type":"page","link":"https:\/\/lottemaa.ee\/fi\/paiva-lottemaassa\/keksinnot\/pannukakkujen-valelukone\/","title":{"rendered":"PANNUKAKKUJEN VALELUKONE"},"content":{"rendered":"<p style=\"text-align: left;\">My\u00f6s Keksij\u00e4kyl\u00e4n joessa asuvat kalat ja muut kalat ovat tietysti Keksij\u00e4kyl\u00e4n asukkaita. Kalalapset opiskelevat rakastavaisten sillan alla matematiikkaa. Se, joka laskee oikein, saa makoisan pannukakun. Pannukakutkin valmistuvat joessa, ja kalalasten \u00e4idit ja is\u00e4t ovat t\u00f6iss\u00e4 pannukakkutehtaassa. Pannukakkutehtaasta saa onkimalla aamuisin kaikkein makoisimmat pannukakut. Jotta pannukakuista tulisi oikein herkullisia, niit\u00e4 tarvitsee valella jatkuvasti, ja niinp\u00e4 Giovanni keksi pannukakkujen valelukoneen!<\/p>\n","protected":false},"excerpt":{"rendered":"<p>My\u00f6s Keksij\u00e4kyl\u00e4n joessa asuvat kalat ja muut kalat ovat tietysti Keksij\u00e4kyl\u00e4n asukkaita. Kalalapset opiskelevat rakastavaisten sillan alla matematiikkaa. Se, joka laskee oikein, saa makoisan pannukakun. Pannukakutkin valmistuvat joessa, ja kalalasten \u00e4idit ja is\u00e4t ovat t\u00f6iss\u00e4 pannukakkutehtaassa. Pannukakkutehtaasta saa onkimalla aamuisin kaikkein makoisimmat pannukakut. Jotta pannukakuista tulisi oikein herkullisia, niit\u00e4 tarvitsee valella jatkuvasti, ja niinp\u00e4 Giovanni &hellip; <a href=\"https:\/\/lottemaa.ee\/fi\/paiva-lottemaassa\/keksinnot\/pannukakkujen-valelukone\/\">Continued<\/a><\/p>\n","protected":false},"author":7,"featured_media":13352,"parent":1250,"menu_order":450,"comment_status":"closed","ping_status":"closed","template":"","meta":{"_acf_changed":false,"om_disable_all_campaigns":false,"_uf_show_specific_survey":0,"_uf_disable_surveys":false,"footnotes":""},"class_list":["post-9489","page","type-page","status-publish","has-post-thumbnail","hentry"],"acf":[],"yoast_head":"<!-- This site is optimized with the Yoast SEO plugin v25.5 - https:\/\/yoast.com\/wordpress\/plugins\/seo\/ -->\n<title>PANNUKAKKUJEN VALELUKONE | Lottemaa Teemapark<\/title>\n<meta name=\"description\" content=\"My\u00f6s Keksij\u00e4kyl\u00e4n joessa asuvat kalat ja muut kalat ovat tietysti Keksij\u00e4kyl\u00e4n asukkaita. Kalalapset opiskelevat rakastavaisten sillan alla matematiikkaa.\" \/>\n<meta name=\"robots\" content=\"index, follow, max-snippet:-1, max-image-preview:large, max-video-preview:-1\" \/>\n<link rel=\"canonical\" href=\"https:\/\/lottemaa.ee\/fi\/paiva-lottemaassa\/keksinnot\/pannukakkujen-valelukone\/\" \/>\n<meta property=\"og:locale\" content=\"fi_FI\" \/>\n<meta property=\"og:type\" content=\"article\" \/>\n<meta property=\"og:title\" content=\"PANNUKAKKUJEN VALELUKONE | Lottemaa Teemapark\" \/>\n<meta property=\"og:description\" content=\"My\u00f6s Keksij\u00e4kyl\u00e4n joessa asuvat kalat ja muut kalat ovat tietysti Keksij\u00e4kyl\u00e4n asukkaita. Kalalapset opiskelevat rakastavaisten sillan alla matematiikkaa.\" \/>\n<meta property=\"og:url\" content=\"https:\/\/lottemaa.ee\/fi\/paiva-lottemaassa\/keksinnot\/pannukakkujen-valelukone\/\" \/>\n<meta property=\"og:site_name\" content=\"Lottemaa Teemapark\" \/>\n<meta property=\"article:modified_time\" content=\"2023-02-10T09:25:57+00:00\" \/>\n<meta property=\"og:image\" content=\"https:\/\/lottemaa.ee\/wp-content\/uploads\/2022\/04\/DSC_7426-scaled.jpg\" \/>\n\t<meta property=\"og:image:width\" content=\"2560\" \/>\n\t<meta property=\"og:image:height\" content=\"1696\" \/>\n\t<meta property=\"og:image:type\" content=\"image\/jpeg\" \/>\n<meta name=\"twitter:card\" content=\"summary_large_image\" \/>\n<meta name=\"twitter:label1\" content=\"Arvioitu lukuaika\" \/>\n\t<meta name=\"twitter:data1\" content=\"1 minuutti\" \/>\n<script type=\"application\/ld+json\" class=\"yoast-schema-graph\">{\"@context\":\"https:\/\/schema.org\",\"@graph\":[{\"@type\":\"WebPage\",\"@id\":\"https:\/\/lottemaa.ee\/fi\/paiva-lottemaassa\/keksinnot\/pannukakkujen-valelukone\/\",\"url\":\"https:\/\/lottemaa.ee\/fi\/paiva-lottemaassa\/keksinnot\/pannukakkujen-valelukone\/\",\"name\":\"PANNUKAKKUJEN VALELUKONE | Lottemaa Teemapark\",\"isPartOf\":{\"@id\":\"https:\/\/lottemaa.ee\/#website\"},\"primaryImageOfPage\":{\"@id\":\"https:\/\/lottemaa.ee\/fi\/paiva-lottemaassa\/keksinnot\/pannukakkujen-valelukone\/#primaryimage\"},\"image\":{\"@id\":\"https:\/\/lottemaa.ee\/fi\/paiva-lottemaassa\/keksinnot\/pannukakkujen-valelukone\/#primaryimage\"},\"thumbnailUrl\":\"https:\/\/lottemaa.ee\/wp-content\/uploads\/2022\/04\/DSC_7426-scaled.jpg\",\"datePublished\":\"2020-08-14T12:25:17+00:00\",\"dateModified\":\"2023-02-10T09:25:57+00:00\",\"description\":\"My\u00f6s Keksij\u00e4kyl\u00e4n joessa asuvat kalat ja muut kalat ovat tietysti Keksij\u00e4kyl\u00e4n asukkaita. Kalalapset opiskelevat rakastavaisten sillan alla matematiikkaa.\",\"breadcrumb\":{\"@id\":\"https:\/\/lottemaa.ee\/fi\/paiva-lottemaassa\/keksinnot\/pannukakkujen-valelukone\/#breadcrumb\"},\"inLanguage\":\"fi\",\"potentialAction\":[{\"@type\":\"ReadAction\",\"target\":[\"https:\/\/lottemaa.ee\/fi\/paiva-lottemaassa\/keksinnot\/pannukakkujen-valelukone\/\"]}]},{\"@type\":\"ImageObject\",\"inLanguage\":\"fi\",\"@id\":\"https:\/\/lottemaa.ee\/fi\/paiva-lottemaassa\/keksinnot\/pannukakkujen-valelukone\/#primaryimage\",\"url\":\"https:\/\/lottemaa.ee\/wp-content\/uploads\/2022\/04\/DSC_7426-scaled.jpg\",\"contentUrl\":\"https:\/\/lottemaa.ee\/wp-content\/uploads\/2022\/04\/DSC_7426-scaled.jpg\",\"width\":2560,\"height\":1696},{\"@type\":\"BreadcrumbList\",\"@id\":\"https:\/\/lottemaa.ee\/fi\/paiva-lottemaassa\/keksinnot\/pannukakkujen-valelukone\/#breadcrumb\",\"itemListElement\":[{\"@type\":\"ListItem\",\"position\":1,\"name\":\"Home\",\"item\":\"https:\/\/lottemaa.ee\/fi\/\"},{\"@type\":\"ListItem\",\"position\":2,\"name\":\"P\u00e4iv\u00e4 Lottemaassa\",\"item\":\"https:\/\/lottemaa.ee\/fi\/paiva-lottemaassa\/\"},{\"@type\":\"ListItem\",\"position\":3,\"name\":\"Keksinn\u00f6t\",\"item\":\"https:\/\/lottemaa.ee\/fi\/paiva-lottemaassa\/keksinnot\/\"},{\"@type\":\"ListItem\",\"position\":4,\"name\":\"PANNUKAKKUJEN VALELUKONE\"}]},{\"@type\":\"WebSite\",\"@id\":\"https:\/\/lottemaa.ee\/#website\",\"url\":\"https:\/\/lottemaa.ee\/\",\"name\":\"Lottemaa Teemapark\",\"description\":\"Baltimaade suurim ja k\u00f5ige \u00e4gedam kogupere teemapark Eestis P\u00e4rnumaal\",\"publisher\":{\"@id\":\"https:\/\/lottemaa.ee\/#organization\"},\"potentialAction\":[{\"@type\":\"SearchAction\",\"target\":{\"@type\":\"EntryPoint\",\"urlTemplate\":\"https:\/\/lottemaa.ee\/?s={search_term_string}\"},\"query-input\":{\"@type\":\"PropertyValueSpecification\",\"valueRequired\":true,\"valueName\":\"search_term_string\"}}],\"inLanguage\":\"fi\"},{\"@type\":\"Organization\",\"@id\":\"https:\/\/lottemaa.ee\/#organization\",\"name\":\"Lottemaa Teemapark\",\"url\":\"https:\/\/lottemaa.ee\/\",\"logo\":{\"@type\":\"ImageObject\",\"inLanguage\":\"fi\",\"@id\":\"https:\/\/lottemaa.ee\/#\/schema\/logo\/image\/\",\"url\":\"https:\/\/lottemaa.ee\/wp-content\/uploads\/2018\/12\/Lottemaa_LOGO.png\",\"contentUrl\":\"https:\/\/lottemaa.ee\/wp-content\/uploads\/2018\/12\/Lottemaa_LOGO.png\",\"width\":1024,\"height\":518,\"caption\":\"Lottemaa Teemapark\"},\"image\":{\"@id\":\"https:\/\/lottemaa.ee\/#\/schema\/logo\/image\/\"}}]}<\/script>\n<!-- \/ Yoast SEO plugin. -->","yoast_head_json":{"title":"PANNUKAKKUJEN VALELUKONE | Lottemaa Teemapark","description":"My\u00f6s Keksij\u00e4kyl\u00e4n joessa asuvat kalat ja muut kalat ovat tietysti Keksij\u00e4kyl\u00e4n asukkaita. Kalalapset opiskelevat rakastavaisten sillan alla matematiikkaa.","robots":{"index":"index","follow":"follow","max-snippet":"max-snippet:-1","max-image-preview":"max-image-preview:large","max-video-preview":"max-video-preview:-1"},"canonical":"https:\/\/lottemaa.ee\/fi\/paiva-lottemaassa\/keksinnot\/pannukakkujen-valelukone\/","og_locale":"fi_FI","og_type":"article","og_title":"PANNUKAKKUJEN VALELUKONE | Lottemaa Teemapark","og_description":"My\u00f6s Keksij\u00e4kyl\u00e4n joessa asuvat kalat ja muut kalat ovat tietysti Keksij\u00e4kyl\u00e4n asukkaita. Kalalapset opiskelevat rakastavaisten sillan alla matematiikkaa.","og_url":"https:\/\/lottemaa.ee\/fi\/paiva-lottemaassa\/keksinnot\/pannukakkujen-valelukone\/","og_site_name":"Lottemaa Teemapark","article_modified_time":"2023-02-10T09:25:57+00:00","og_image":[{"width":2560,"height":1696,"url":"https:\/\/lottemaa.ee\/wp-content\/uploads\/2022\/04\/DSC_7426-scaled.jpg","type":"image\/jpeg"}],"twitter_card":"summary_large_image","twitter_misc":{"Arvioitu lukuaika":"1 minuutti"},"schema":{"@context":"https:\/\/schema.org","@graph":[{"@type":"WebPage","@id":"https:\/\/lottemaa.ee\/fi\/paiva-lottemaassa\/keksinnot\/pannukakkujen-valelukone\/","url":"https:\/\/lottemaa.ee\/fi\/paiva-lottemaassa\/keksinnot\/pannukakkujen-valelukone\/","name":"PANNUKAKKUJEN VALELUKONE | Lottemaa Teemapark","isPartOf":{"@id":"https:\/\/lottemaa.ee\/#website"},"primaryImageOfPage":{"@id":"https:\/\/lottemaa.ee\/fi\/paiva-lottemaassa\/keksinnot\/pannukakkujen-valelukone\/#primaryimage"},"image":{"@id":"https:\/\/lottemaa.ee\/fi\/paiva-lottemaassa\/keksinnot\/pannukakkujen-valelukone\/#primaryimage"},"thumbnailUrl":"https:\/\/lottemaa.ee\/wp-content\/uploads\/2022\/04\/DSC_7426-scaled.jpg","datePublished":"2020-08-14T12:25:17+00:00","dateModified":"2023-02-10T09:25:57+00:00","description":"My\u00f6s Keksij\u00e4kyl\u00e4n joessa asuvat kalat ja muut kalat ovat tietysti Keksij\u00e4kyl\u00e4n asukkaita. Kalalapset opiskelevat rakastavaisten sillan alla matematiikkaa.","breadcrumb":{"@id":"https:\/\/lottemaa.ee\/fi\/paiva-lottemaassa\/keksinnot\/pannukakkujen-valelukone\/#breadcrumb"},"inLanguage":"fi","potentialAction":[{"@type":"ReadAction","target":["https:\/\/lottemaa.ee\/fi\/paiva-lottemaassa\/keksinnot\/pannukakkujen-valelukone\/"]}]},{"@type":"ImageObject","inLanguage":"fi","@id":"https:\/\/lottemaa.ee\/fi\/paiva-lottemaassa\/keksinnot\/pannukakkujen-valelukone\/#primaryimage","url":"https:\/\/lottemaa.ee\/wp-content\/uploads\/2022\/04\/DSC_7426-scaled.jpg","contentUrl":"https:\/\/lottemaa.ee\/wp-content\/uploads\/2022\/04\/DSC_7426-scaled.jpg","width":2560,"height":1696},{"@type":"BreadcrumbList","@id":"https:\/\/lottemaa.ee\/fi\/paiva-lottemaassa\/keksinnot\/pannukakkujen-valelukone\/#breadcrumb","itemListElement":[{"@type":"ListItem","position":1,"name":"Home","item":"https:\/\/lottemaa.ee\/fi\/"},{"@type":"ListItem","position":2,"name":"P\u00e4iv\u00e4 Lottemaassa","item":"https:\/\/lottemaa.ee\/fi\/paiva-lottemaassa\/"},{"@type":"ListItem","position":3,"name":"Keksinn\u00f6t","item":"https:\/\/lottemaa.ee\/fi\/paiva-lottemaassa\/keksinnot\/"},{"@type":"ListItem","position":4,"name":"PANNUKAKKUJEN VALELUKONE"}]},{"@type":"WebSite","@id":"https:\/\/lottemaa.ee\/#website","url":"https:\/\/lottemaa.ee\/","name":"Lottemaa Teemapark","description":"Baltimaade suurim ja k\u00f5ige \u00e4gedam kogupere teemapark Eestis P\u00e4rnumaal","publisher":{"@id":"https:\/\/lottemaa.ee\/#organization"},"potentialAction":[{"@type":"SearchAction","target":{"@type":"EntryPoint","urlTemplate":"https:\/\/lottemaa.ee\/?s={search_term_string}"},"query-input":{"@type":"PropertyValueSpecification","valueRequired":true,"valueName":"search_term_string"}}],"inLanguage":"fi"},{"@type":"Organization","@id":"https:\/\/lottemaa.ee\/#organization","name":"Lottemaa Teemapark","url":"https:\/\/lottemaa.ee\/","logo":{"@type":"ImageObject","inLanguage":"fi","@id":"https:\/\/lottemaa.ee\/#\/schema\/logo\/image\/","url":"https:\/\/lottemaa.ee\/wp-content\/uploads\/2018\/12\/Lottemaa_LOGO.png","contentUrl":"https:\/\/lottemaa.ee\/wp-content\/uploads\/2018\/12\/Lottemaa_LOGO.png","width":1024,"height":518,"caption":"Lottemaa Teemapark"},"image":{"@id":"https:\/\/lottemaa.ee\/#\/schema\/logo\/image\/"}}]}},"_links":{"self":[{"href":"https:\/\/lottemaa.ee\/fi\/wp-json\/wp\/v2\/pages\/9489","targetHints":{"allow":["GET"]}}],"collection":[{"href":"https:\/\/lottemaa.ee\/fi\/wp-json\/wp\/v2\/pages"}],"about":[{"href":"https:\/\/lottemaa.ee\/fi\/wp-json\/wp\/v2\/types\/page"}],"author":[{"embeddable":true,"href":"https:\/\/lottemaa.ee\/fi\/wp-json\/wp\/v2\/users\/7"}],"replies":[{"embeddable":true,"href":"https:\/\/lottemaa.ee\/fi\/wp-json\/wp\/v2\/comments?post=9489"}],"version-history":[{"count":2,"href":"https:\/\/lottemaa.ee\/fi\/wp-json\/wp\/v2\/pages\/9489\/revisions"}],"predecessor-version":[{"id":20440,"href":"https:\/\/lottemaa.ee\/fi\/wp-json\/wp\/v2\/pages\/9489\/revisions\/20440"}],"up":[{"embeddable":true,"href":"https:\/\/lottemaa.ee\/fi\/wp-json\/wp\/v2\/pages\/1250"}],"wp:featuredmedia":[{"embeddable":true,"href":"https:\/\/lottemaa.ee\/fi\/wp-json\/wp\/v2\/media\/13352"}],"wp:attachment":[{"href":"https:\/\/lottemaa.ee\/fi\/wp-json\/wp\/v2\/media?parent=9489"}],"curies":[{"name":"wp","href":"https:\/\/api.w.org\/{rel}","templated":true}]}}