{"id":9477,"date":"2020-08-14T14:59:27","date_gmt":"2020-08-14T11:59:27","guid":{"rendered":"https:\/\/test.lottemaa.ee\/?page_id=9477"},"modified":"2023-02-10T10:26:30","modified_gmt":"2023-02-10T08:26:30","slug":"annan-kukkienistutuskone","status":"publish","type":"page","link":"https:\/\/lottemaa.ee\/fi\/paiva-lottemaassa\/keksinnot\/annan-kukkienistutuskone\/","title":{"rendered":"Annan kukkienistutuskone"},"content":{"rendered":"<p style=\"text-align: left;\">Oskar keksi t\u00e4m\u00e4n koneen vaimolleen Annalle, ja se on tarkoitettu kukkien istuttamiseen. Anna rakastaa puuhailua puutarhassa, ja h\u00e4nen puutarhansa on aika iso. Annan puutarhassa kasvaa paljon porkkanoita ja mansikoita, mutta my\u00f6s erilaisia kukkia. Mik\u00e4 olisikaan puutarhurille mukavampi keksint\u00f6 kuin puutarhat\u00f6iss\u00e4 avustava kone. Oskar on vahva is\u00e4 Lotelle ja Roosille ja hyv\u00e4 mies Annalle. Kaiken huipuksi h\u00e4n on viel\u00e4 erinomainen keksij\u00e4.<\/p>\n","protected":false},"excerpt":{"rendered":"<p>Oskar keksi t\u00e4m\u00e4n koneen vaimolleen Annalle, ja se on tarkoitettu kukkien istuttamiseen. Anna rakastaa puuhailua puutarhassa, ja h\u00e4nen puutarhansa on aika iso. Annan puutarhassa kasvaa paljon porkkanoita ja mansikoita, mutta my\u00f6s erilaisia kukkia. Mik\u00e4 olisikaan puutarhurille mukavampi keksint\u00f6 kuin puutarhat\u00f6iss\u00e4 avustava kone. Oskar on vahva is\u00e4 Lotelle ja Roosille ja hyv\u00e4 mies Annalle. Kaiken huipuksi &hellip; <a href=\"https:\/\/lottemaa.ee\/fi\/paiva-lottemaassa\/keksinnot\/annan-kukkienistutuskone\/\">Continued<\/a><\/p>\n","protected":false},"author":7,"featured_media":13742,"parent":1250,"menu_order":438,"comment_status":"closed","ping_status":"closed","template":"","meta":{"_acf_changed":false,"om_disable_all_campaigns":false,"_uf_show_specific_survey":0,"_uf_disable_surveys":false,"footnotes":""},"class_list":["post-9477","page","type-page","status-publish","has-post-thumbnail","hentry"],"acf":[],"yoast_head":"<!-- This site is optimized with the Yoast SEO plugin v25.5 - https:\/\/yoast.com\/wordpress\/plugins\/seo\/ -->\n<title>Annan kukkienistutuskone | Lottemaa Teemapark<\/title>\n<meta name=\"description\" content=\"Oskar keksi t\u00e4m\u00e4n koneen vaimolleen Annalle, ja se on tarkoitettu kukkien istuttamiseen. Anna rakastaa puuhailua puutarhassa, ja h\u00e4nen puutarhansa on aika iso.\" \/>\n<meta name=\"robots\" content=\"index, follow, max-snippet:-1, max-image-preview:large, max-video-preview:-1\" \/>\n<link rel=\"canonical\" href=\"https:\/\/lottemaa.ee\/fi\/paiva-lottemaassa\/keksinnot\/annan-kukkienistutuskone\/\" \/>\n<meta property=\"og:locale\" content=\"fi_FI\" \/>\n<meta property=\"og:type\" content=\"article\" \/>\n<meta property=\"og:title\" content=\"Annan kukkienistutuskone | Lottemaa Teemapark\" \/>\n<meta property=\"og:description\" content=\"Oskar keksi t\u00e4m\u00e4n koneen vaimolleen Annalle, ja se on tarkoitettu kukkien istuttamiseen. Anna rakastaa puuhailua puutarhassa, ja h\u00e4nen puutarhansa on aika iso.\" \/>\n<meta property=\"og:url\" content=\"https:\/\/lottemaa.ee\/fi\/paiva-lottemaassa\/keksinnot\/annan-kukkienistutuskone\/\" \/>\n<meta property=\"og:site_name\" content=\"Lottemaa Teemapark\" \/>\n<meta property=\"article:modified_time\" content=\"2023-02-10T08:26:30+00:00\" \/>\n<meta property=\"og:image\" content=\"https:\/\/lottemaa.ee\/wp-content\/uploads\/2022\/04\/DSC_7369-scaled.jpg\" \/>\n\t<meta property=\"og:image:width\" content=\"2560\" \/>\n\t<meta property=\"og:image:height\" content=\"1696\" \/>\n\t<meta property=\"og:image:type\" content=\"image\/jpeg\" \/>\n<meta name=\"twitter:card\" content=\"summary_large_image\" \/>\n<meta name=\"twitter:label1\" content=\"Arvioitu lukuaika\" \/>\n\t<meta name=\"twitter:data1\" content=\"1 minuutti\" \/>\n<script type=\"application\/ld+json\" class=\"yoast-schema-graph\">{\"@context\":\"https:\/\/schema.org\",\"@graph\":[{\"@type\":\"WebPage\",\"@id\":\"https:\/\/lottemaa.ee\/fi\/paiva-lottemaassa\/keksinnot\/annan-kukkienistutuskone\/\",\"url\":\"https:\/\/lottemaa.ee\/fi\/paiva-lottemaassa\/keksinnot\/annan-kukkienistutuskone\/\",\"name\":\"Annan kukkienistutuskone | Lottemaa Teemapark\",\"isPartOf\":{\"@id\":\"https:\/\/lottemaa.ee\/#website\"},\"primaryImageOfPage\":{\"@id\":\"https:\/\/lottemaa.ee\/fi\/paiva-lottemaassa\/keksinnot\/annan-kukkienistutuskone\/#primaryimage\"},\"image\":{\"@id\":\"https:\/\/lottemaa.ee\/fi\/paiva-lottemaassa\/keksinnot\/annan-kukkienistutuskone\/#primaryimage\"},\"thumbnailUrl\":\"https:\/\/lottemaa.ee\/wp-content\/uploads\/2022\/04\/DSC_7369-scaled.jpg\",\"datePublished\":\"2020-08-14T11:59:27+00:00\",\"dateModified\":\"2023-02-10T08:26:30+00:00\",\"description\":\"Oskar keksi t\u00e4m\u00e4n koneen vaimolleen Annalle, ja se on tarkoitettu kukkien istuttamiseen. Anna rakastaa puuhailua puutarhassa, ja h\u00e4nen puutarhansa on aika iso.\",\"breadcrumb\":{\"@id\":\"https:\/\/lottemaa.ee\/fi\/paiva-lottemaassa\/keksinnot\/annan-kukkienistutuskone\/#breadcrumb\"},\"inLanguage\":\"fi\",\"potentialAction\":[{\"@type\":\"ReadAction\",\"target\":[\"https:\/\/lottemaa.ee\/fi\/paiva-lottemaassa\/keksinnot\/annan-kukkienistutuskone\/\"]}]},{\"@type\":\"ImageObject\",\"inLanguage\":\"fi\",\"@id\":\"https:\/\/lottemaa.ee\/fi\/paiva-lottemaassa\/keksinnot\/annan-kukkienistutuskone\/#primaryimage\",\"url\":\"https:\/\/lottemaa.ee\/wp-content\/uploads\/2022\/04\/DSC_7369-scaled.jpg\",\"contentUrl\":\"https:\/\/lottemaa.ee\/wp-content\/uploads\/2022\/04\/DSC_7369-scaled.jpg\",\"width\":2560,\"height\":1696},{\"@type\":\"BreadcrumbList\",\"@id\":\"https:\/\/lottemaa.ee\/fi\/paiva-lottemaassa\/keksinnot\/annan-kukkienistutuskone\/#breadcrumb\",\"itemListElement\":[{\"@type\":\"ListItem\",\"position\":1,\"name\":\"Home\",\"item\":\"https:\/\/lottemaa.ee\/fi\/\"},{\"@type\":\"ListItem\",\"position\":2,\"name\":\"P\u00e4iv\u00e4 Lottemaassa\",\"item\":\"https:\/\/lottemaa.ee\/fi\/paiva-lottemaassa\/\"},{\"@type\":\"ListItem\",\"position\":3,\"name\":\"Keksinn\u00f6t\",\"item\":\"https:\/\/lottemaa.ee\/fi\/paiva-lottemaassa\/keksinnot\/\"},{\"@type\":\"ListItem\",\"position\":4,\"name\":\"Annan kukkienistutuskone\"}]},{\"@type\":\"WebSite\",\"@id\":\"https:\/\/lottemaa.ee\/#website\",\"url\":\"https:\/\/lottemaa.ee\/\",\"name\":\"Lottemaa Teemapark\",\"description\":\"Baltimaade suurim ja k\u00f5ige \u00e4gedam kogupere teemapark Eestis P\u00e4rnumaal\",\"publisher\":{\"@id\":\"https:\/\/lottemaa.ee\/#organization\"},\"potentialAction\":[{\"@type\":\"SearchAction\",\"target\":{\"@type\":\"EntryPoint\",\"urlTemplate\":\"https:\/\/lottemaa.ee\/?s={search_term_string}\"},\"query-input\":{\"@type\":\"PropertyValueSpecification\",\"valueRequired\":true,\"valueName\":\"search_term_string\"}}],\"inLanguage\":\"fi\"},{\"@type\":\"Organization\",\"@id\":\"https:\/\/lottemaa.ee\/#organization\",\"name\":\"Lottemaa Teemapark\",\"url\":\"https:\/\/lottemaa.ee\/\",\"logo\":{\"@type\":\"ImageObject\",\"inLanguage\":\"fi\",\"@id\":\"https:\/\/lottemaa.ee\/#\/schema\/logo\/image\/\",\"url\":\"https:\/\/lottemaa.ee\/wp-content\/uploads\/2018\/12\/Lottemaa_LOGO.png\",\"contentUrl\":\"https:\/\/lottemaa.ee\/wp-content\/uploads\/2018\/12\/Lottemaa_LOGO.png\",\"width\":1024,\"height\":518,\"caption\":\"Lottemaa Teemapark\"},\"image\":{\"@id\":\"https:\/\/lottemaa.ee\/#\/schema\/logo\/image\/\"}}]}<\/script>\n<!-- \/ Yoast SEO plugin. -->","yoast_head_json":{"title":"Annan kukkienistutuskone | Lottemaa Teemapark","description":"Oskar keksi t\u00e4m\u00e4n koneen vaimolleen Annalle, ja se on tarkoitettu kukkien istuttamiseen. Anna rakastaa puuhailua puutarhassa, ja h\u00e4nen puutarhansa on aika iso.","robots":{"index":"index","follow":"follow","max-snippet":"max-snippet:-1","max-image-preview":"max-image-preview:large","max-video-preview":"max-video-preview:-1"},"canonical":"https:\/\/lottemaa.ee\/fi\/paiva-lottemaassa\/keksinnot\/annan-kukkienistutuskone\/","og_locale":"fi_FI","og_type":"article","og_title":"Annan kukkienistutuskone | Lottemaa Teemapark","og_description":"Oskar keksi t\u00e4m\u00e4n koneen vaimolleen Annalle, ja se on tarkoitettu kukkien istuttamiseen. Anna rakastaa puuhailua puutarhassa, ja h\u00e4nen puutarhansa on aika iso.","og_url":"https:\/\/lottemaa.ee\/fi\/paiva-lottemaassa\/keksinnot\/annan-kukkienistutuskone\/","og_site_name":"Lottemaa Teemapark","article_modified_time":"2023-02-10T08:26:30+00:00","og_image":[{"width":2560,"height":1696,"url":"https:\/\/lottemaa.ee\/wp-content\/uploads\/2022\/04\/DSC_7369-scaled.jpg","type":"image\/jpeg"}],"twitter_card":"summary_large_image","twitter_misc":{"Arvioitu lukuaika":"1 minuutti"},"schema":{"@context":"https:\/\/schema.org","@graph":[{"@type":"WebPage","@id":"https:\/\/lottemaa.ee\/fi\/paiva-lottemaassa\/keksinnot\/annan-kukkienistutuskone\/","url":"https:\/\/lottemaa.ee\/fi\/paiva-lottemaassa\/keksinnot\/annan-kukkienistutuskone\/","name":"Annan kukkienistutuskone | Lottemaa Teemapark","isPartOf":{"@id":"https:\/\/lottemaa.ee\/#website"},"primaryImageOfPage":{"@id":"https:\/\/lottemaa.ee\/fi\/paiva-lottemaassa\/keksinnot\/annan-kukkienistutuskone\/#primaryimage"},"image":{"@id":"https:\/\/lottemaa.ee\/fi\/paiva-lottemaassa\/keksinnot\/annan-kukkienistutuskone\/#primaryimage"},"thumbnailUrl":"https:\/\/lottemaa.ee\/wp-content\/uploads\/2022\/04\/DSC_7369-scaled.jpg","datePublished":"2020-08-14T11:59:27+00:00","dateModified":"2023-02-10T08:26:30+00:00","description":"Oskar keksi t\u00e4m\u00e4n koneen vaimolleen Annalle, ja se on tarkoitettu kukkien istuttamiseen. Anna rakastaa puuhailua puutarhassa, ja h\u00e4nen puutarhansa on aika iso.","breadcrumb":{"@id":"https:\/\/lottemaa.ee\/fi\/paiva-lottemaassa\/keksinnot\/annan-kukkienistutuskone\/#breadcrumb"},"inLanguage":"fi","potentialAction":[{"@type":"ReadAction","target":["https:\/\/lottemaa.ee\/fi\/paiva-lottemaassa\/keksinnot\/annan-kukkienistutuskone\/"]}]},{"@type":"ImageObject","inLanguage":"fi","@id":"https:\/\/lottemaa.ee\/fi\/paiva-lottemaassa\/keksinnot\/annan-kukkienistutuskone\/#primaryimage","url":"https:\/\/lottemaa.ee\/wp-content\/uploads\/2022\/04\/DSC_7369-scaled.jpg","contentUrl":"https:\/\/lottemaa.ee\/wp-content\/uploads\/2022\/04\/DSC_7369-scaled.jpg","width":2560,"height":1696},{"@type":"BreadcrumbList","@id":"https:\/\/lottemaa.ee\/fi\/paiva-lottemaassa\/keksinnot\/annan-kukkienistutuskone\/#breadcrumb","itemListElement":[{"@type":"ListItem","position":1,"name":"Home","item":"https:\/\/lottemaa.ee\/fi\/"},{"@type":"ListItem","position":2,"name":"P\u00e4iv\u00e4 Lottemaassa","item":"https:\/\/lottemaa.ee\/fi\/paiva-lottemaassa\/"},{"@type":"ListItem","position":3,"name":"Keksinn\u00f6t","item":"https:\/\/lottemaa.ee\/fi\/paiva-lottemaassa\/keksinnot\/"},{"@type":"ListItem","position":4,"name":"Annan kukkienistutuskone"}]},{"@type":"WebSite","@id":"https:\/\/lottemaa.ee\/#website","url":"https:\/\/lottemaa.ee\/","name":"Lottemaa Teemapark","description":"Baltimaade suurim ja k\u00f5ige \u00e4gedam kogupere teemapark Eestis P\u00e4rnumaal","publisher":{"@id":"https:\/\/lottemaa.ee\/#organization"},"potentialAction":[{"@type":"SearchAction","target":{"@type":"EntryPoint","urlTemplate":"https:\/\/lottemaa.ee\/?s={search_term_string}"},"query-input":{"@type":"PropertyValueSpecification","valueRequired":true,"valueName":"search_term_string"}}],"inLanguage":"fi"},{"@type":"Organization","@id":"https:\/\/lottemaa.ee\/#organization","name":"Lottemaa Teemapark","url":"https:\/\/lottemaa.ee\/","logo":{"@type":"ImageObject","inLanguage":"fi","@id":"https:\/\/lottemaa.ee\/#\/schema\/logo\/image\/","url":"https:\/\/lottemaa.ee\/wp-content\/uploads\/2018\/12\/Lottemaa_LOGO.png","contentUrl":"https:\/\/lottemaa.ee\/wp-content\/uploads\/2018\/12\/Lottemaa_LOGO.png","width":1024,"height":518,"caption":"Lottemaa Teemapark"},"image":{"@id":"https:\/\/lottemaa.ee\/#\/schema\/logo\/image\/"}}]}},"_links":{"self":[{"href":"https:\/\/lottemaa.ee\/fi\/wp-json\/wp\/v2\/pages\/9477","targetHints":{"allow":["GET"]}}],"collection":[{"href":"https:\/\/lottemaa.ee\/fi\/wp-json\/wp\/v2\/pages"}],"about":[{"href":"https:\/\/lottemaa.ee\/fi\/wp-json\/wp\/v2\/types\/page"}],"author":[{"embeddable":true,"href":"https:\/\/lottemaa.ee\/fi\/wp-json\/wp\/v2\/users\/7"}],"replies":[{"embeddable":true,"href":"https:\/\/lottemaa.ee\/fi\/wp-json\/wp\/v2\/comments?post=9477"}],"version-history":[{"count":2,"href":"https:\/\/lottemaa.ee\/fi\/wp-json\/wp\/v2\/pages\/9477\/revisions"}],"predecessor-version":[{"id":20432,"href":"https:\/\/lottemaa.ee\/fi\/wp-json\/wp\/v2\/pages\/9477\/revisions\/20432"}],"up":[{"embeddable":true,"href":"https:\/\/lottemaa.ee\/fi\/wp-json\/wp\/v2\/pages\/1250"}],"wp:featuredmedia":[{"embeddable":true,"href":"https:\/\/lottemaa.ee\/fi\/wp-json\/wp\/v2\/media\/13742"}],"wp:attachment":[{"href":"https:\/\/lottemaa.ee\/fi\/wp-json\/wp\/v2\/media?parent=9477"}],"curies":[{"name":"wp","href":"https:\/\/api.w.org\/{rel}","templated":true}]}}