{"id":9221,"date":"2020-08-10T17:50:53","date_gmt":"2020-08-10T14:50:53","guid":{"rendered":"https:\/\/test.lottemaa.ee\/?page_id=9221"},"modified":"2024-09-26T16:39:40","modified_gmt":"2024-09-26T13:39:40","slug":"planetaario","status":"publish","type":"page","link":"https:\/\/lottemaa.ee\/fi\/paiva-lottemaassa\/talot-ja-toiminnot\/planetaario\/","title":{"rendered":"Planetaario"},"content":{"rendered":"<p style=\"text-align: left;\"><strong>Planetaariossa<\/strong> Jaak-k\u00e4rp\u00e4nen kertoo Roosille planeetoista ja j\u00e4nnitt\u00e4vist\u00e4 t\u00e4htikuvioista. Jaakin yst\u00e4v\u00e4, avaruuden kirjeenvaihtaja Pietari-k\u00e4rp\u00e4nen, puolestaan kertoo kuu-uutisia. Jo aivan pienen\u00e4 Pietari-k\u00e4rp\u00e4nen haaveili p\u00e4\u00e4sev\u00e4ns\u00e4 avaruuteen, mutta vasta jokin aika sitten h\u00e4n teki kurkkutynnyrist\u00e4 kumimoottorilla varustetun raketin ja t\u00f6m\u00e4hti sill\u00e4 kuun pintaan. Nyt Pietari kertoo Jaakille ja Roosille siit\u00e4, miten osallistujat ottavat toisistaan mittaa suuressa planeettojen v\u00e4lisess\u00e4 kilpailussa, johon osallistutaan erilaisilla upeilla kulkupeleill\u00e4.<\/p>\n<p style=\"text-align: left;\">Planetaario sijaitsee J\u00e4nisten talossa.<\/p>\n","protected":false},"excerpt":{"rendered":"<p>Planetaariossa Jaak-k\u00e4rp\u00e4nen kertoo Roosille planeetoista ja j\u00e4nnitt\u00e4vist\u00e4 t\u00e4htikuvioista. Jaakin yst\u00e4v\u00e4, avaruuden kirjeenvaihtaja Pietari-k\u00e4rp\u00e4nen, puolestaan kertoo kuu-uutisia. Jo aivan pienen\u00e4 Pietari-k\u00e4rp\u00e4nen haaveili p\u00e4\u00e4sev\u00e4ns\u00e4 avaruuteen, mutta vasta jokin aika sitten h\u00e4n teki kurkkutynnyrist\u00e4 kumimoottorilla varustetun raketin ja t\u00f6m\u00e4hti sill\u00e4 kuun pintaan. Nyt Pietari kertoo Jaakille ja Roosille siit\u00e4, miten osallistujat ottavat toisistaan mittaa suuressa planeettojen v\u00e4lisess\u00e4 kilpailussa, &hellip; <a href=\"https:\/\/lottemaa.ee\/fi\/paiva-lottemaassa\/talot-ja-toiminnot\/planetaario\/\">Continued<\/a><\/p>\n","protected":false},"author":7,"featured_media":28623,"parent":1189,"menu_order":586,"comment_status":"closed","ping_status":"closed","template":"","meta":{"_acf_changed":false,"om_disable_all_campaigns":false,"_uf_show_specific_survey":0,"_uf_disable_surveys":false,"footnotes":""},"class_list":["post-9221","page","type-page","status-publish","has-post-thumbnail","hentry"],"acf":[],"yoast_head":"<!-- This site is optimized with the Yoast SEO plugin v25.5 - https:\/\/yoast.com\/wordpress\/plugins\/seo\/ -->\n<title>Planetaario | Lottemaa Teemapark<\/title>\n<meta name=\"description\" content=\"Planetaariossa Jaak-k\u00e4rp\u00e4nen kertoo Roosille planeetoista ja j\u00e4nnitt\u00e4vist\u00e4 t\u00e4htikuvioista. Jaakin yst\u00e4v\u00e4, avaruuden kirjeenvaihtaja Pietari-k\u00e4rp\u00e4nen, puolestaan kertoo kuu-uutisia.\" \/>\n<meta name=\"robots\" content=\"index, follow, max-snippet:-1, max-image-preview:large, max-video-preview:-1\" \/>\n<link rel=\"canonical\" href=\"https:\/\/lottemaa.ee\/fi\/paiva-lottemaassa\/talot-ja-toiminnot\/planetaario\/\" \/>\n<meta property=\"og:locale\" content=\"fi_FI\" \/>\n<meta property=\"og:type\" content=\"article\" \/>\n<meta property=\"og:title\" content=\"Planetaario | Lottemaa Teemapark\" \/>\n<meta property=\"og:description\" content=\"Planetaariossa Jaak-k\u00e4rp\u00e4nen kertoo Roosille planeetoista ja j\u00e4nnitt\u00e4vist\u00e4 t\u00e4htikuvioista. Jaakin yst\u00e4v\u00e4, avaruuden kirjeenvaihtaja Pietari-k\u00e4rp\u00e4nen, puolestaan kertoo kuu-uutisia.\" \/>\n<meta property=\"og:url\" content=\"https:\/\/lottemaa.ee\/fi\/paiva-lottemaassa\/talot-ja-toiminnot\/planetaario\/\" \/>\n<meta property=\"og:site_name\" content=\"Lottemaa Teemapark\" \/>\n<meta property=\"article:modified_time\" content=\"2024-09-26T13:39:40+00:00\" \/>\n<meta property=\"og:image\" content=\"https:\/\/lottemaa.ee\/wp-content\/uploads\/2016\/05\/Perepildid-2-134-e1480513871476.jpg\" \/>\n\t<meta property=\"og:image:width\" content=\"1000\" \/>\n\t<meta property=\"og:image:height\" content=\"667\" \/>\n\t<meta property=\"og:image:type\" content=\"image\/jpeg\" \/>\n<meta name=\"twitter:card\" content=\"summary_large_image\" \/>\n<meta name=\"twitter:label1\" content=\"Arvioitu lukuaika\" \/>\n\t<meta name=\"twitter:data1\" content=\"1 minuutti\" \/>\n<script type=\"application\/ld+json\" class=\"yoast-schema-graph\">{\"@context\":\"https:\/\/schema.org\",\"@graph\":[{\"@type\":\"WebPage\",\"@id\":\"https:\/\/lottemaa.ee\/fi\/paiva-lottemaassa\/talot-ja-toiminnot\/planetaario\/\",\"url\":\"https:\/\/lottemaa.ee\/fi\/paiva-lottemaassa\/talot-ja-toiminnot\/planetaario\/\",\"name\":\"Planetaario | Lottemaa Teemapark\",\"isPartOf\":{\"@id\":\"https:\/\/lottemaa.ee\/#website\"},\"primaryImageOfPage\":{\"@id\":\"https:\/\/lottemaa.ee\/fi\/paiva-lottemaassa\/talot-ja-toiminnot\/planetaario\/#primaryimage\"},\"image\":{\"@id\":\"https:\/\/lottemaa.ee\/fi\/paiva-lottemaassa\/talot-ja-toiminnot\/planetaario\/#primaryimage\"},\"thumbnailUrl\":\"https:\/\/lottemaa.ee\/wp-content\/uploads\/2016\/05\/Perepildid-2-134-e1480513871476.jpg\",\"datePublished\":\"2020-08-10T14:50:53+00:00\",\"dateModified\":\"2024-09-26T13:39:40+00:00\",\"description\":\"Planetaariossa Jaak-k\u00e4rp\u00e4nen kertoo Roosille planeetoista ja j\u00e4nnitt\u00e4vist\u00e4 t\u00e4htikuvioista. Jaakin yst\u00e4v\u00e4, avaruuden kirjeenvaihtaja Pietari-k\u00e4rp\u00e4nen, puolestaan kertoo kuu-uutisia.\",\"breadcrumb\":{\"@id\":\"https:\/\/lottemaa.ee\/fi\/paiva-lottemaassa\/talot-ja-toiminnot\/planetaario\/#breadcrumb\"},\"inLanguage\":\"fi\",\"potentialAction\":[{\"@type\":\"ReadAction\",\"target\":[\"https:\/\/lottemaa.ee\/fi\/paiva-lottemaassa\/talot-ja-toiminnot\/planetaario\/\"]}]},{\"@type\":\"ImageObject\",\"inLanguage\":\"fi\",\"@id\":\"https:\/\/lottemaa.ee\/fi\/paiva-lottemaassa\/talot-ja-toiminnot\/planetaario\/#primaryimage\",\"url\":\"https:\/\/lottemaa.ee\/wp-content\/uploads\/2016\/05\/Perepildid-2-134-e1480513871476.jpg\",\"contentUrl\":\"https:\/\/lottemaa.ee\/wp-content\/uploads\/2016\/05\/Perepildid-2-134-e1480513871476.jpg\",\"width\":1000,\"height\":667},{\"@type\":\"BreadcrumbList\",\"@id\":\"https:\/\/lottemaa.ee\/fi\/paiva-lottemaassa\/talot-ja-toiminnot\/planetaario\/#breadcrumb\",\"itemListElement\":[{\"@type\":\"ListItem\",\"position\":1,\"name\":\"Home\",\"item\":\"https:\/\/lottemaa.ee\/fi\/\"},{\"@type\":\"ListItem\",\"position\":2,\"name\":\"P\u00e4iv\u00e4 Lottemaassa\",\"item\":\"https:\/\/lottemaa.ee\/fi\/paiva-lottemaassa\/\"},{\"@type\":\"ListItem\",\"position\":3,\"name\":\"Talot ja toiminnot\",\"item\":\"https:\/\/lottemaa.ee\/fi\/paiva-lottemaassa\/talot-ja-toiminnot\/\"},{\"@type\":\"ListItem\",\"position\":4,\"name\":\"Planetaario\"}]},{\"@type\":\"WebSite\",\"@id\":\"https:\/\/lottemaa.ee\/#website\",\"url\":\"https:\/\/lottemaa.ee\/\",\"name\":\"Lottemaa Teemapark\",\"description\":\"Baltimaade suurim ja k\u00f5ige \u00e4gedam kogupere teemapark Eestis P\u00e4rnumaal\",\"publisher\":{\"@id\":\"https:\/\/lottemaa.ee\/#organization\"},\"potentialAction\":[{\"@type\":\"SearchAction\",\"target\":{\"@type\":\"EntryPoint\",\"urlTemplate\":\"https:\/\/lottemaa.ee\/?s={search_term_string}\"},\"query-input\":{\"@type\":\"PropertyValueSpecification\",\"valueRequired\":true,\"valueName\":\"search_term_string\"}}],\"inLanguage\":\"fi\"},{\"@type\":\"Organization\",\"@id\":\"https:\/\/lottemaa.ee\/#organization\",\"name\":\"Lottemaa Teemapark\",\"url\":\"https:\/\/lottemaa.ee\/\",\"logo\":{\"@type\":\"ImageObject\",\"inLanguage\":\"fi\",\"@id\":\"https:\/\/lottemaa.ee\/#\/schema\/logo\/image\/\",\"url\":\"https:\/\/lottemaa.ee\/wp-content\/uploads\/2018\/12\/Lottemaa_LOGO.png\",\"contentUrl\":\"https:\/\/lottemaa.ee\/wp-content\/uploads\/2018\/12\/Lottemaa_LOGO.png\",\"width\":1024,\"height\":518,\"caption\":\"Lottemaa Teemapark\"},\"image\":{\"@id\":\"https:\/\/lottemaa.ee\/#\/schema\/logo\/image\/\"}}]}<\/script>\n<!-- \/ Yoast SEO plugin. -->","yoast_head_json":{"title":"Planetaario | Lottemaa Teemapark","description":"Planetaariossa Jaak-k\u00e4rp\u00e4nen kertoo Roosille planeetoista ja j\u00e4nnitt\u00e4vist\u00e4 t\u00e4htikuvioista. Jaakin yst\u00e4v\u00e4, avaruuden kirjeenvaihtaja Pietari-k\u00e4rp\u00e4nen, puolestaan kertoo kuu-uutisia.","robots":{"index":"index","follow":"follow","max-snippet":"max-snippet:-1","max-image-preview":"max-image-preview:large","max-video-preview":"max-video-preview:-1"},"canonical":"https:\/\/lottemaa.ee\/fi\/paiva-lottemaassa\/talot-ja-toiminnot\/planetaario\/","og_locale":"fi_FI","og_type":"article","og_title":"Planetaario | Lottemaa Teemapark","og_description":"Planetaariossa Jaak-k\u00e4rp\u00e4nen kertoo Roosille planeetoista ja j\u00e4nnitt\u00e4vist\u00e4 t\u00e4htikuvioista. Jaakin yst\u00e4v\u00e4, avaruuden kirjeenvaihtaja Pietari-k\u00e4rp\u00e4nen, puolestaan kertoo kuu-uutisia.","og_url":"https:\/\/lottemaa.ee\/fi\/paiva-lottemaassa\/talot-ja-toiminnot\/planetaario\/","og_site_name":"Lottemaa Teemapark","article_modified_time":"2024-09-26T13:39:40+00:00","og_image":[{"width":1000,"height":667,"url":"https:\/\/lottemaa.ee\/wp-content\/uploads\/2016\/05\/Perepildid-2-134-e1480513871476.jpg","type":"image\/jpeg"}],"twitter_card":"summary_large_image","twitter_misc":{"Arvioitu lukuaika":"1 minuutti"},"schema":{"@context":"https:\/\/schema.org","@graph":[{"@type":"WebPage","@id":"https:\/\/lottemaa.ee\/fi\/paiva-lottemaassa\/talot-ja-toiminnot\/planetaario\/","url":"https:\/\/lottemaa.ee\/fi\/paiva-lottemaassa\/talot-ja-toiminnot\/planetaario\/","name":"Planetaario | Lottemaa Teemapark","isPartOf":{"@id":"https:\/\/lottemaa.ee\/#website"},"primaryImageOfPage":{"@id":"https:\/\/lottemaa.ee\/fi\/paiva-lottemaassa\/talot-ja-toiminnot\/planetaario\/#primaryimage"},"image":{"@id":"https:\/\/lottemaa.ee\/fi\/paiva-lottemaassa\/talot-ja-toiminnot\/planetaario\/#primaryimage"},"thumbnailUrl":"https:\/\/lottemaa.ee\/wp-content\/uploads\/2016\/05\/Perepildid-2-134-e1480513871476.jpg","datePublished":"2020-08-10T14:50:53+00:00","dateModified":"2024-09-26T13:39:40+00:00","description":"Planetaariossa Jaak-k\u00e4rp\u00e4nen kertoo Roosille planeetoista ja j\u00e4nnitt\u00e4vist\u00e4 t\u00e4htikuvioista. Jaakin yst\u00e4v\u00e4, avaruuden kirjeenvaihtaja Pietari-k\u00e4rp\u00e4nen, puolestaan kertoo kuu-uutisia.","breadcrumb":{"@id":"https:\/\/lottemaa.ee\/fi\/paiva-lottemaassa\/talot-ja-toiminnot\/planetaario\/#breadcrumb"},"inLanguage":"fi","potentialAction":[{"@type":"ReadAction","target":["https:\/\/lottemaa.ee\/fi\/paiva-lottemaassa\/talot-ja-toiminnot\/planetaario\/"]}]},{"@type":"ImageObject","inLanguage":"fi","@id":"https:\/\/lottemaa.ee\/fi\/paiva-lottemaassa\/talot-ja-toiminnot\/planetaario\/#primaryimage","url":"https:\/\/lottemaa.ee\/wp-content\/uploads\/2016\/05\/Perepildid-2-134-e1480513871476.jpg","contentUrl":"https:\/\/lottemaa.ee\/wp-content\/uploads\/2016\/05\/Perepildid-2-134-e1480513871476.jpg","width":1000,"height":667},{"@type":"BreadcrumbList","@id":"https:\/\/lottemaa.ee\/fi\/paiva-lottemaassa\/talot-ja-toiminnot\/planetaario\/#breadcrumb","itemListElement":[{"@type":"ListItem","position":1,"name":"Home","item":"https:\/\/lottemaa.ee\/fi\/"},{"@type":"ListItem","position":2,"name":"P\u00e4iv\u00e4 Lottemaassa","item":"https:\/\/lottemaa.ee\/fi\/paiva-lottemaassa\/"},{"@type":"ListItem","position":3,"name":"Talot ja toiminnot","item":"https:\/\/lottemaa.ee\/fi\/paiva-lottemaassa\/talot-ja-toiminnot\/"},{"@type":"ListItem","position":4,"name":"Planetaario"}]},{"@type":"WebSite","@id":"https:\/\/lottemaa.ee\/#website","url":"https:\/\/lottemaa.ee\/","name":"Lottemaa Teemapark","description":"Baltimaade suurim ja k\u00f5ige \u00e4gedam kogupere teemapark Eestis P\u00e4rnumaal","publisher":{"@id":"https:\/\/lottemaa.ee\/#organization"},"potentialAction":[{"@type":"SearchAction","target":{"@type":"EntryPoint","urlTemplate":"https:\/\/lottemaa.ee\/?s={search_term_string}"},"query-input":{"@type":"PropertyValueSpecification","valueRequired":true,"valueName":"search_term_string"}}],"inLanguage":"fi"},{"@type":"Organization","@id":"https:\/\/lottemaa.ee\/#organization","name":"Lottemaa Teemapark","url":"https:\/\/lottemaa.ee\/","logo":{"@type":"ImageObject","inLanguage":"fi","@id":"https:\/\/lottemaa.ee\/#\/schema\/logo\/image\/","url":"https:\/\/lottemaa.ee\/wp-content\/uploads\/2018\/12\/Lottemaa_LOGO.png","contentUrl":"https:\/\/lottemaa.ee\/wp-content\/uploads\/2018\/12\/Lottemaa_LOGO.png","width":1024,"height":518,"caption":"Lottemaa Teemapark"},"image":{"@id":"https:\/\/lottemaa.ee\/#\/schema\/logo\/image\/"}}]}},"_links":{"self":[{"href":"https:\/\/lottemaa.ee\/fi\/wp-json\/wp\/v2\/pages\/9221","targetHints":{"allow":["GET"]}}],"collection":[{"href":"https:\/\/lottemaa.ee\/fi\/wp-json\/wp\/v2\/pages"}],"about":[{"href":"https:\/\/lottemaa.ee\/fi\/wp-json\/wp\/v2\/types\/page"}],"author":[{"embeddable":true,"href":"https:\/\/lottemaa.ee\/fi\/wp-json\/wp\/v2\/users\/7"}],"replies":[{"embeddable":true,"href":"https:\/\/lottemaa.ee\/fi\/wp-json\/wp\/v2\/comments?post=9221"}],"version-history":[{"count":5,"href":"https:\/\/lottemaa.ee\/fi\/wp-json\/wp\/v2\/pages\/9221\/revisions"}],"predecessor-version":[{"id":28627,"href":"https:\/\/lottemaa.ee\/fi\/wp-json\/wp\/v2\/pages\/9221\/revisions\/28627"}],"up":[{"embeddable":true,"href":"https:\/\/lottemaa.ee\/fi\/wp-json\/wp\/v2\/pages\/1189"}],"wp:featuredmedia":[{"embeddable":true,"href":"https:\/\/lottemaa.ee\/fi\/wp-json\/wp\/v2\/media\/28623"}],"wp:attachment":[{"href":"https:\/\/lottemaa.ee\/fi\/wp-json\/wp\/v2\/media?parent=9221"}],"curies":[{"name":"wp","href":"https:\/\/api.w.org\/{rel}","templated":true}]}}