{"id":8118,"date":"2019-10-01T16:02:02","date_gmt":"2019-10-01T13:02:02","guid":{"rendered":"https:\/\/test.lottemaa.ee\/?page_id=8118"},"modified":"2025-11-11T13:59:22","modified_gmt":"2025-11-11T11:59:22","slug":"yritystapahtumat-virossa","status":"publish","type":"page","link":"https:\/\/lottemaa.ee\/fi\/jarjesta-tapahtuma\/yritystapahtumat-virossa\/","title":{"rendered":"KES\u00c4P\u00c4IVIEN J\u00c4RJEST\u00c4MINEN"},"content":{"rendered":"<p style=\"text-align: left;\">Lottemaassa on kaikki valmiina yrityksen koko perheen kes\u00e4p\u00e4ivien j\u00e4rjest\u00e4miseen!<br \/>\nMeill\u00e4 on v\u00e4rik\u00e4s, inspiroiva ymp\u00e4rist\u00f6 keskell\u00e4 P\u00e4rnumaan rannikkometsi\u00e4, koko p\u00e4iv\u00e4n kest\u00e4v\u00e4 ohjelma \u2013 esityksi\u00e4, konsertti, maraton, urheilua, toimintaa ja tutkimista perheen pienimmist\u00e4 \u00e4iteihin ja isiin, ravintola ja kahviloita \u2013 ja mik\u00e4 t\u00e4rkeint\u00e4, satumaisia hahmoja, jotka tekev\u00e4t jokaisesta tapahtumasta mieleenpainuvan.<br \/>\nLottemaan teemapuistossa on tilaa enint\u00e4\u00e4n<span style=\"color: #000000;\"><strong> 2\u00a0000<\/strong><\/span> osallistujan tapahtumien j\u00e4rjest\u00e4miseen. Osallistujam\u00e4\u00e4r\u00e4st\u00e4 riippuen tapahtuma voidaan j\u00e4rjest\u00e4\u00e4 yksityisesti Lottemaan aukioloaikojen ulkopuolella tai teemapuiston ollessa avoinna.<\/p>\n<h3 style=\"text-align: left;\"><span style=\"color: #0000ff;\">TAPAHTUMAN J\u00c4RJEST\u00c4MINEN LOTTEMAAN AUKIOLOAIKANA<\/span><\/h3>\n<p style=\"text-align: left;\">Kaunis kes\u00e4 on suloisinta aikaa yritysten koko perheen kes\u00e4p\u00e4ivien ja tapahtumien j\u00e4rjest\u00e4miseen. Enint\u00e4\u00e4n <strong>500<\/strong> osallistujan tapahtuma voidaan j\u00e4rjest\u00e4\u00e4 teemapuiston aukioloaikoina <strong>13.06\u201330.08.2026.<\/strong> Voitte koko yhteis\u00f6n ja ty\u00f6ntekij\u00f6iden perheiden voimin nauttia hauskanpidosta ja kyl\u00e4el\u00e4m\u00e4st\u00e4, esityksist\u00e4 ja konsertista, seikkailla ja tutkia. Halutessanne j\u00e4rjest\u00e4mme teille ryhm\u00e4ruokailun ja yksityisalueen tapahtuman virallista osaa varten.<\/p>\n<h3 style=\"text-align: left;\"><span style=\"color: #ff0000;\">Etuhinta<\/span><\/h3>\n<p style=\"text-align: left;\">\u2013<span style=\"color: #000000;\"> <strong>20\u2013200<\/strong><\/span> osallistujaa <span style=\"color: #000000;\"><strong>26 \u20ac<\/strong><\/span>\/hl\u00f6<br \/>\nYli <strong>200<\/strong> hengen ryhmille, ole hyv\u00e4 ja pyyd\u00e4 tarjous!<br \/>\nNormaalihinta <span style=\"color: #000000;\"><strong>28 \u20ac<\/strong><\/span>\/hl\u00f6.<br \/>\nHinnat sis\u00e4lt\u00e4v\u00e4t alv:n.<\/p>\n<h3 style=\"text-align: left;\"><span style=\"color: #0000ff;\">Lis\u00e4maksusta<\/span><\/h3>\n<p style=\"text-align: left;\">\u2013 pient\u00e4 purtavaa, kahvia ja teet\u00e4<br \/>\n\u2013 ruokailu<br \/>\n\u2013 osallistujien kuljetus junalla pys\u00e4k\u00f6intialueelta Lottemaahan ja takaisin<br \/>\n\u2013 pys\u00e4k\u00f6inti Lottemaan pys\u00e4k\u00f6intialueella (ryhmien linja-autoille maksuton pys\u00e4k\u00f6inti)<br \/>\n\u2013 Lottemaa-aiheiset lahjat Arturin puodista, tutustu valikoimaan <strong><a href=\"https:\/\/e-pood.lottemaa.ee\/en\">T\u00c4\u00c4LT\u00c4 \u00bb<\/a><\/strong><br \/>\n\u2013 majoitus, sis. aamiaisen ja kylpyl\u00e4n,<strong><a href=\"https:\/\/www.strand.ee\/fi\/\"> Strand SPA &amp; Conference Hotellissa P\u00e4rnussa<\/a>.<\/strong><\/p>\n<h3><span style=\"color: #ff0000;\">YKSITYISTAPAHTUMA VAIN YRITYKSELLENNE<\/span><\/h3>\n<p style=\"text-align: left;\">Avaamme Lottemaan vain teid\u00e4n yhteis\u00f6llenne, jotta voisitte nauttia yhdess\u00e4 upeasta<span style=\"color: #000000;\"> <strong>4<\/strong><\/span> tuntia kest\u00e4v\u00e4st\u00e4 ohjelmastamme. Halutessanne j\u00e4rjest\u00e4mme koko yhteis\u00f6lle yhteisen ruokailun.<br \/>\nHinta alkaen <span style=\"color: #000000;\"><strong>11 700 \u20ac<\/strong><\/span><\/p>\n<h3 style=\"text-align: left;\"><span style=\"color: #0000ff;\">Tarjous sis\u00e4lt\u00e4\u00e4<\/span><\/h3>\n<p style=\"text-align: left;\">\u2013 Enint\u00e4\u00e4n <strong>1 500<\/strong> henkil\u00f6n sis\u00e4\u00e4np\u00e4\u00e4syn sesongin ulkopuolella ma\u2013su<span style=\"color: #000000;\"> <strong>10.00\u201318.00<\/strong><\/span><br \/>\n\u2013 Lottemaan hauskan ohjelman, johon kuuluu upeita esityksi\u00e4, konsertti, urheilua, hauskanpitoa ja paljon muuta j\u00e4nnitt\u00e4v\u00e4\u00e4 yhdess\u00e4 Lottemaan rakastettujen hahmojen kanssa. Ohjelman kesto <span style=\"color: #000000;\"><strong>4 t<\/strong><\/span>.<br \/>\n\u2013 Pys\u00e4k\u00f6intialueen k\u00e4yt\u00f6n koko tapahtuman ajan.<br \/>\nHintoihin lis\u00e4t\u00e4\u00e4n arvonlis\u00e4vero.<br \/>\nMahdollisuuksia tapahtuman j\u00e4rjest\u00e4miseen Lottemaassa on paljon, kysy siis rohkeasti lis\u00e4tietoa: <strong><a href=\"mailto:tellimine@lottemaa.ee\">tellimine@lottemaa.ee<\/a><\/strong><\/p>\n","protected":false},"excerpt":{"rendered":"<p>Lottemaassa on kaikki valmiina yrityksen koko perheen kes\u00e4p\u00e4ivien j\u00e4rjest\u00e4miseen! Meill\u00e4 on v\u00e4rik\u00e4s, inspiroiva ymp\u00e4rist\u00f6 keskell\u00e4 P\u00e4rnumaan rannikkometsi\u00e4, koko p\u00e4iv\u00e4n kest\u00e4v\u00e4 ohjelma \u2013 esityksi\u00e4, konsertti, maraton, urheilua, toimintaa ja tutkimista perheen pienimmist\u00e4 \u00e4iteihin ja isiin, ravintola ja kahviloita \u2013 ja mik\u00e4 t\u00e4rkeint\u00e4, satumaisia hahmoja, jotka tekev\u00e4t jokaisesta tapahtumasta mieleenpainuvan. Lottemaan teemapuistossa on tilaa enint\u00e4\u00e4n 2\u00a0000 osallistujan &hellip; <a href=\"https:\/\/lottemaa.ee\/fi\/jarjesta-tapahtuma\/yritystapahtumat-virossa\/\">Continued<\/a><\/p>\n","protected":false},"author":7,"featured_media":301,"parent":11903,"menu_order":323,"comment_status":"closed","ping_status":"closed","template":"","meta":{"_acf_changed":false,"om_disable_all_campaigns":false,"_uf_show_specific_survey":0,"_uf_disable_surveys":false,"footnotes":""},"class_list":["post-8118","page","type-page","status-publish","has-post-thumbnail","hentry"],"acf":[],"yoast_head":"<!-- This site is optimized with the Yoast SEO plugin v25.5 - https:\/\/yoast.com\/wordpress\/plugins\/seo\/ -->\n<title>Yritystapahtumat Lottemaassa | 6 km P\u00e4rnusta Virossa!<\/title>\n<meta name=\"description\" content=\"70 000 m\u00b2 ja 6 taloa, teatteri- ja konserttilava, stadion ja seikkailupuisto. Lottemaassa voi j\u00e4rjest\u00e4\u00e4 kaikkea koulutuksista ja seminaareista yrityksen talvip\u00e4iviin.\" \/>\n<meta name=\"robots\" content=\"index, follow, max-snippet:-1, max-image-preview:large, max-video-preview:-1\" \/>\n<link rel=\"canonical\" href=\"https:\/\/lottemaa.ee\/fi\/jarjesta-tapahtuma\/yritystapahtumat-virossa\/\" \/>\n<meta property=\"og:locale\" content=\"fi_FI\" \/>\n<meta property=\"og:type\" content=\"article\" \/>\n<meta property=\"og:title\" content=\"Yritystapahtumat Lottemaassa | 6 km P\u00e4rnusta Virossa!\" \/>\n<meta property=\"og:description\" content=\"70 000 m\u00b2 ja 6 taloa, teatteri- ja konserttilava, stadion ja seikkailupuisto. Lottemaassa voi j\u00e4rjest\u00e4\u00e4 kaikkea koulutuksista ja seminaareista yrityksen talvip\u00e4iviin.\" \/>\n<meta property=\"og:url\" content=\"https:\/\/lottemaa.ee\/fi\/jarjesta-tapahtuma\/yritystapahtumat-virossa\/\" \/>\n<meta property=\"og:site_name\" content=\"Lottemaa Teemapark\" \/>\n<meta property=\"article:modified_time\" content=\"2025-11-11T11:59:22+00:00\" \/>\n<meta property=\"og:image\" content=\"https:\/\/lottemaa.ee\/wp-content\/uploads\/2016\/04\/lottemaa-rand.jpg\" \/>\n\t<meta property=\"og:image:width\" content=\"291\" \/>\n\t<meta property=\"og:image:height\" content=\"255\" \/>\n\t<meta property=\"og:image:type\" content=\"image\/jpeg\" \/>\n<meta name=\"twitter:card\" content=\"summary_large_image\" \/>\n<meta name=\"twitter:label1\" content=\"Arvioitu lukuaika\" \/>\n\t<meta name=\"twitter:data1\" content=\"2 minuuttia\" \/>\n<script type=\"application\/ld+json\" class=\"yoast-schema-graph\">{\"@context\":\"https:\/\/schema.org\",\"@graph\":[{\"@type\":\"WebPage\",\"@id\":\"https:\/\/lottemaa.ee\/fi\/jarjesta-tapahtuma\/yritystapahtumat-virossa\/\",\"url\":\"https:\/\/lottemaa.ee\/fi\/jarjesta-tapahtuma\/yritystapahtumat-virossa\/\",\"name\":\"Yritystapahtumat Lottemaassa | 6 km P\u00e4rnusta Virossa!\",\"isPartOf\":{\"@id\":\"https:\/\/lottemaa.ee\/#website\"},\"primaryImageOfPage\":{\"@id\":\"https:\/\/lottemaa.ee\/fi\/jarjesta-tapahtuma\/yritystapahtumat-virossa\/#primaryimage\"},\"image\":{\"@id\":\"https:\/\/lottemaa.ee\/fi\/jarjesta-tapahtuma\/yritystapahtumat-virossa\/#primaryimage\"},\"thumbnailUrl\":\"https:\/\/lottemaa.ee\/wp-content\/uploads\/2016\/04\/lottemaa-rand.jpg\",\"datePublished\":\"2019-10-01T13:02:02+00:00\",\"dateModified\":\"2025-11-11T11:59:22+00:00\",\"description\":\"70 000 m\u00b2 ja 6 taloa, teatteri- ja konserttilava, stadion ja seikkailupuisto. Lottemaassa voi j\u00e4rjest\u00e4\u00e4 kaikkea koulutuksista ja seminaareista yrityksen talvip\u00e4iviin.\",\"breadcrumb\":{\"@id\":\"https:\/\/lottemaa.ee\/fi\/jarjesta-tapahtuma\/yritystapahtumat-virossa\/#breadcrumb\"},\"inLanguage\":\"fi\",\"potentialAction\":[{\"@type\":\"ReadAction\",\"target\":[\"https:\/\/lottemaa.ee\/fi\/jarjesta-tapahtuma\/yritystapahtumat-virossa\/\"]}]},{\"@type\":\"ImageObject\",\"inLanguage\":\"fi\",\"@id\":\"https:\/\/lottemaa.ee\/fi\/jarjesta-tapahtuma\/yritystapahtumat-virossa\/#primaryimage\",\"url\":\"https:\/\/lottemaa.ee\/wp-content\/uploads\/2016\/04\/lottemaa-rand.jpg\",\"contentUrl\":\"https:\/\/lottemaa.ee\/wp-content\/uploads\/2016\/04\/lottemaa-rand.jpg\",\"width\":291,\"height\":255},{\"@type\":\"BreadcrumbList\",\"@id\":\"https:\/\/lottemaa.ee\/fi\/jarjesta-tapahtuma\/yritystapahtumat-virossa\/#breadcrumb\",\"itemListElement\":[{\"@type\":\"ListItem\",\"position\":1,\"name\":\"Home\",\"item\":\"https:\/\/lottemaa.ee\/fi\/\"},{\"@type\":\"ListItem\",\"position\":2,\"name\":\"J\u00c4RJEST\u00c4 TAPAHTUMA\",\"item\":\"https:\/\/lottemaa.ee\/fi\/jarjesta-tapahtuma\/\"},{\"@type\":\"ListItem\",\"position\":3,\"name\":\"KES\u00c4P\u00c4IVIEN J\u00c4RJEST\u00c4MINEN\"}]},{\"@type\":\"WebSite\",\"@id\":\"https:\/\/lottemaa.ee\/#website\",\"url\":\"https:\/\/lottemaa.ee\/\",\"name\":\"Lottemaa Teemapark\",\"description\":\"Baltimaade suurim ja k\u00f5ige \u00e4gedam kogupere teemapark Eestis P\u00e4rnumaal\",\"publisher\":{\"@id\":\"https:\/\/lottemaa.ee\/#organization\"},\"potentialAction\":[{\"@type\":\"SearchAction\",\"target\":{\"@type\":\"EntryPoint\",\"urlTemplate\":\"https:\/\/lottemaa.ee\/?s={search_term_string}\"},\"query-input\":{\"@type\":\"PropertyValueSpecification\",\"valueRequired\":true,\"valueName\":\"search_term_string\"}}],\"inLanguage\":\"fi\"},{\"@type\":\"Organization\",\"@id\":\"https:\/\/lottemaa.ee\/#organization\",\"name\":\"Lottemaa Teemapark\",\"url\":\"https:\/\/lottemaa.ee\/\",\"logo\":{\"@type\":\"ImageObject\",\"inLanguage\":\"fi\",\"@id\":\"https:\/\/lottemaa.ee\/#\/schema\/logo\/image\/\",\"url\":\"https:\/\/lottemaa.ee\/wp-content\/uploads\/2018\/12\/Lottemaa_LOGO.png\",\"contentUrl\":\"https:\/\/lottemaa.ee\/wp-content\/uploads\/2018\/12\/Lottemaa_LOGO.png\",\"width\":1024,\"height\":518,\"caption\":\"Lottemaa Teemapark\"},\"image\":{\"@id\":\"https:\/\/lottemaa.ee\/#\/schema\/logo\/image\/\"}}]}<\/script>\n<!-- \/ Yoast SEO plugin. -->","yoast_head_json":{"title":"Yritystapahtumat Lottemaassa | 6 km P\u00e4rnusta Virossa!","description":"70 000 m\u00b2 ja 6 taloa, teatteri- ja konserttilava, stadion ja seikkailupuisto. Lottemaassa voi j\u00e4rjest\u00e4\u00e4 kaikkea koulutuksista ja seminaareista yrityksen talvip\u00e4iviin.","robots":{"index":"index","follow":"follow","max-snippet":"max-snippet:-1","max-image-preview":"max-image-preview:large","max-video-preview":"max-video-preview:-1"},"canonical":"https:\/\/lottemaa.ee\/fi\/jarjesta-tapahtuma\/yritystapahtumat-virossa\/","og_locale":"fi_FI","og_type":"article","og_title":"Yritystapahtumat Lottemaassa | 6 km P\u00e4rnusta Virossa!","og_description":"70 000 m\u00b2 ja 6 taloa, teatteri- ja konserttilava, stadion ja seikkailupuisto. Lottemaassa voi j\u00e4rjest\u00e4\u00e4 kaikkea koulutuksista ja seminaareista yrityksen talvip\u00e4iviin.","og_url":"https:\/\/lottemaa.ee\/fi\/jarjesta-tapahtuma\/yritystapahtumat-virossa\/","og_site_name":"Lottemaa Teemapark","article_modified_time":"2025-11-11T11:59:22+00:00","og_image":[{"width":291,"height":255,"url":"https:\/\/lottemaa.ee\/wp-content\/uploads\/2016\/04\/lottemaa-rand.jpg","type":"image\/jpeg"}],"twitter_card":"summary_large_image","twitter_misc":{"Arvioitu lukuaika":"2 minuuttia"},"schema":{"@context":"https:\/\/schema.org","@graph":[{"@type":"WebPage","@id":"https:\/\/lottemaa.ee\/fi\/jarjesta-tapahtuma\/yritystapahtumat-virossa\/","url":"https:\/\/lottemaa.ee\/fi\/jarjesta-tapahtuma\/yritystapahtumat-virossa\/","name":"Yritystapahtumat Lottemaassa | 6 km P\u00e4rnusta Virossa!","isPartOf":{"@id":"https:\/\/lottemaa.ee\/#website"},"primaryImageOfPage":{"@id":"https:\/\/lottemaa.ee\/fi\/jarjesta-tapahtuma\/yritystapahtumat-virossa\/#primaryimage"},"image":{"@id":"https:\/\/lottemaa.ee\/fi\/jarjesta-tapahtuma\/yritystapahtumat-virossa\/#primaryimage"},"thumbnailUrl":"https:\/\/lottemaa.ee\/wp-content\/uploads\/2016\/04\/lottemaa-rand.jpg","datePublished":"2019-10-01T13:02:02+00:00","dateModified":"2025-11-11T11:59:22+00:00","description":"70 000 m\u00b2 ja 6 taloa, teatteri- ja konserttilava, stadion ja seikkailupuisto. Lottemaassa voi j\u00e4rjest\u00e4\u00e4 kaikkea koulutuksista ja seminaareista yrityksen talvip\u00e4iviin.","breadcrumb":{"@id":"https:\/\/lottemaa.ee\/fi\/jarjesta-tapahtuma\/yritystapahtumat-virossa\/#breadcrumb"},"inLanguage":"fi","potentialAction":[{"@type":"ReadAction","target":["https:\/\/lottemaa.ee\/fi\/jarjesta-tapahtuma\/yritystapahtumat-virossa\/"]}]},{"@type":"ImageObject","inLanguage":"fi","@id":"https:\/\/lottemaa.ee\/fi\/jarjesta-tapahtuma\/yritystapahtumat-virossa\/#primaryimage","url":"https:\/\/lottemaa.ee\/wp-content\/uploads\/2016\/04\/lottemaa-rand.jpg","contentUrl":"https:\/\/lottemaa.ee\/wp-content\/uploads\/2016\/04\/lottemaa-rand.jpg","width":291,"height":255},{"@type":"BreadcrumbList","@id":"https:\/\/lottemaa.ee\/fi\/jarjesta-tapahtuma\/yritystapahtumat-virossa\/#breadcrumb","itemListElement":[{"@type":"ListItem","position":1,"name":"Home","item":"https:\/\/lottemaa.ee\/fi\/"},{"@type":"ListItem","position":2,"name":"J\u00c4RJEST\u00c4 TAPAHTUMA","item":"https:\/\/lottemaa.ee\/fi\/jarjesta-tapahtuma\/"},{"@type":"ListItem","position":3,"name":"KES\u00c4P\u00c4IVIEN J\u00c4RJEST\u00c4MINEN"}]},{"@type":"WebSite","@id":"https:\/\/lottemaa.ee\/#website","url":"https:\/\/lottemaa.ee\/","name":"Lottemaa Teemapark","description":"Baltimaade suurim ja k\u00f5ige \u00e4gedam kogupere teemapark Eestis P\u00e4rnumaal","publisher":{"@id":"https:\/\/lottemaa.ee\/#organization"},"potentialAction":[{"@type":"SearchAction","target":{"@type":"EntryPoint","urlTemplate":"https:\/\/lottemaa.ee\/?s={search_term_string}"},"query-input":{"@type":"PropertyValueSpecification","valueRequired":true,"valueName":"search_term_string"}}],"inLanguage":"fi"},{"@type":"Organization","@id":"https:\/\/lottemaa.ee\/#organization","name":"Lottemaa Teemapark","url":"https:\/\/lottemaa.ee\/","logo":{"@type":"ImageObject","inLanguage":"fi","@id":"https:\/\/lottemaa.ee\/#\/schema\/logo\/image\/","url":"https:\/\/lottemaa.ee\/wp-content\/uploads\/2018\/12\/Lottemaa_LOGO.png","contentUrl":"https:\/\/lottemaa.ee\/wp-content\/uploads\/2018\/12\/Lottemaa_LOGO.png","width":1024,"height":518,"caption":"Lottemaa Teemapark"},"image":{"@id":"https:\/\/lottemaa.ee\/#\/schema\/logo\/image\/"}}]}},"_links":{"self":[{"href":"https:\/\/lottemaa.ee\/fi\/wp-json\/wp\/v2\/pages\/8118","targetHints":{"allow":["GET"]}}],"collection":[{"href":"https:\/\/lottemaa.ee\/fi\/wp-json\/wp\/v2\/pages"}],"about":[{"href":"https:\/\/lottemaa.ee\/fi\/wp-json\/wp\/v2\/types\/page"}],"author":[{"embeddable":true,"href":"https:\/\/lottemaa.ee\/fi\/wp-json\/wp\/v2\/users\/7"}],"replies":[{"embeddable":true,"href":"https:\/\/lottemaa.ee\/fi\/wp-json\/wp\/v2\/comments?post=8118"}],"version-history":[{"count":5,"href":"https:\/\/lottemaa.ee\/fi\/wp-json\/wp\/v2\/pages\/8118\/revisions"}],"predecessor-version":[{"id":31909,"href":"https:\/\/lottemaa.ee\/fi\/wp-json\/wp\/v2\/pages\/8118\/revisions\/31909"}],"up":[{"embeddable":true,"href":"https:\/\/lottemaa.ee\/fi\/wp-json\/wp\/v2\/pages\/11903"}],"wp:featuredmedia":[{"embeddable":true,"href":"https:\/\/lottemaa.ee\/fi\/wp-json\/wp\/v2\/media\/301"}],"wp:attachment":[{"href":"https:\/\/lottemaa.ee\/fi\/wp-json\/wp\/v2\/media?parent=8118"}],"curies":[{"name":"wp","href":"https:\/\/api.w.org\/{rel}","templated":true}]}}