{"id":6241,"date":"2018-06-01T12:24:13","date_gmt":"2018-06-01T09:24:13","guid":{"rendered":"https:\/\/test.lottemaa.ee\/terms-of-privacy\/"},"modified":"2018-06-13T13:24:46","modified_gmt":"2018-06-13T10:24:46","slug":"tietosuojaehdot","status":"publish","type":"page","link":"https:\/\/lottemaa.ee\/fi\/tietosuojaehdot\/","title":{"rendered":"Tietosuojaehdot"},"content":{"rendered":"<p>We are committed to protecting the privacy of our visitors. As such, we have prepared these principles for the privacy policy for the collection, use, publication, transmission and storage of our visitors\u2019 data. Our online activities adhere to all relevant activities, European Union regulations and legislation of the Republic of Estonia. Lotte Village does not handle sensitive personal information as defined under the REGULATION (EU) 2016\/679 OF THE EUROPEAN PARLIAMENT AND OF THE COUNCIL.<\/p>\n<p><strong>Collection and use of personal data<br \/>\n<\/strong><br \/>\nThe collection of Lotte Village visitors\u2019 personal data takes place with the consent of the visitor in the following ways: :<br \/>\n&#8211; Submission of contact details (name and email address) via our website or on site at the theme park<br \/>\n&#8211; Submission of contact details (name and email address) for (lottery) campaign tickets<br \/>\n&#8211; Pre-purchase of tickets via our e-ticket environment, Fienta.com<\/p>\n<p>All personal data received when joining Lotte Village or during campaigns are treated as confidential information.<\/p>\n<p>Through the personal data we collect, we provide visitors with information about Lotte Village\u2019s marketing news, campaigns and events. If you do not wish to receive our newsletters, you can unsubscribe by clicking on the link at the end of the newsletter. Changes will take effect immediately.<\/p>\n<p><strong>Protection of personal data<\/strong><\/p>\n<p>Lotte Village takes all precautionary measures (including administrative, technical, and physical methods) to protect visitors\u2019 personal data. Permissions for the editing and processing of personal data is granted only to authorised persons. Lotte Village does not distribute personal data to third parties.<\/p>\n<p><strong>Privacy Policy Terms and amendments<\/strong><\/p>\n<p>We reserve the right to amend the terms of the Privacy Policy if necessary. By using our website, you acknowledge that you have read and agreed to the Terms. For any questions or concerns regarding the Privacy Policy or data processing, please contact us at\u00a0<a href=\"mailto:uudiskiri@lottemaa.ee\">uudiskiri@lottemaa.ee<\/a><\/p>\n","protected":false},"excerpt":{"rendered":"<p>We are committed to protecting the privacy of our visitors. As such, we have prepared these principles for the privacy policy for the collection, use, publication, transmission and storage of our visitors\u2019 data. Our online activities adhere to all relevant activities, European Union regulations and legislation of the Republic of Estonia. Lotte Village does not &hellip; <a href=\"https:\/\/lottemaa.ee\/fi\/tietosuojaehdot\/\">Continued<\/a><\/p>\n","protected":false},"author":7,"featured_media":0,"parent":0,"menu_order":737,"comment_status":"closed","ping_status":"closed","template":"","meta":{"_acf_changed":false,"om_disable_all_campaigns":false,"_uf_show_specific_survey":0,"_uf_disable_surveys":false,"footnotes":""},"class_list":["post-6241","page","type-page","status-publish","hentry"],"acf":[],"yoast_head":"<!-- This site is optimized with the Yoast SEO plugin v25.5 - https:\/\/yoast.com\/wordpress\/plugins\/seo\/ -->\n<title>Tietosuojaehdot | Lottemaa Teemapark<\/title>\n<meta name=\"robots\" content=\"index, follow, max-snippet:-1, max-image-preview:large, max-video-preview:-1\" \/>\n<link rel=\"canonical\" href=\"https:\/\/lottemaa.ee\/fi\/tietosuojaehdot\/\" \/>\n<meta property=\"og:locale\" content=\"fi_FI\" \/>\n<meta property=\"og:type\" content=\"article\" \/>\n<meta property=\"og:title\" content=\"Tietosuojaehdot | Lottemaa Teemapark\" \/>\n<meta property=\"og:description\" content=\"We are committed to protecting the privacy of our visitors. As such, we have prepared these principles for the privacy policy for the collection, use, publication, transmission and storage of our visitors\u2019 data. Our online activities adhere to all relevant activities, European Union regulations and legislation of the Republic of Estonia. Lotte Village does not &hellip; Continued\" \/>\n<meta property=\"og:url\" content=\"https:\/\/lottemaa.ee\/fi\/tietosuojaehdot\/\" \/>\n<meta property=\"og:site_name\" content=\"Lottemaa Teemapark\" \/>\n<meta property=\"article:modified_time\" content=\"2018-06-13T10:24:46+00:00\" \/>\n<meta name=\"twitter:card\" content=\"summary_large_image\" \/>\n<meta name=\"twitter:label1\" content=\"Arvioitu lukuaika\" \/>\n\t<meta name=\"twitter:data1\" content=\"2 minuuttia\" \/>\n<script type=\"application\/ld+json\" class=\"yoast-schema-graph\">{\"@context\":\"https:\/\/schema.org\",\"@graph\":[{\"@type\":\"WebPage\",\"@id\":\"https:\/\/lottemaa.ee\/fi\/tietosuojaehdot\/\",\"url\":\"https:\/\/lottemaa.ee\/fi\/tietosuojaehdot\/\",\"name\":\"Tietosuojaehdot | Lottemaa Teemapark\",\"isPartOf\":{\"@id\":\"https:\/\/lottemaa.ee\/#website\"},\"datePublished\":\"2018-06-01T09:24:13+00:00\",\"dateModified\":\"2018-06-13T10:24:46+00:00\",\"breadcrumb\":{\"@id\":\"https:\/\/lottemaa.ee\/fi\/tietosuojaehdot\/#breadcrumb\"},\"inLanguage\":\"fi\",\"potentialAction\":[{\"@type\":\"ReadAction\",\"target\":[\"https:\/\/lottemaa.ee\/fi\/tietosuojaehdot\/\"]}]},{\"@type\":\"BreadcrumbList\",\"@id\":\"https:\/\/lottemaa.ee\/fi\/tietosuojaehdot\/#breadcrumb\",\"itemListElement\":[{\"@type\":\"ListItem\",\"position\":1,\"name\":\"Home\",\"item\":\"https:\/\/lottemaa.ee\/fi\/\"},{\"@type\":\"ListItem\",\"position\":2,\"name\":\"Tietosuojaehdot\"}]},{\"@type\":\"WebSite\",\"@id\":\"https:\/\/lottemaa.ee\/#website\",\"url\":\"https:\/\/lottemaa.ee\/\",\"name\":\"Lottemaa Teemapark\",\"description\":\"Baltimaade suurim ja k\u00f5ige \u00e4gedam kogupere teemapark Eestis P\u00e4rnumaal\",\"publisher\":{\"@id\":\"https:\/\/lottemaa.ee\/#organization\"},\"potentialAction\":[{\"@type\":\"SearchAction\",\"target\":{\"@type\":\"EntryPoint\",\"urlTemplate\":\"https:\/\/lottemaa.ee\/?s={search_term_string}\"},\"query-input\":{\"@type\":\"PropertyValueSpecification\",\"valueRequired\":true,\"valueName\":\"search_term_string\"}}],\"inLanguage\":\"fi\"},{\"@type\":\"Organization\",\"@id\":\"https:\/\/lottemaa.ee\/#organization\",\"name\":\"Lottemaa Teemapark\",\"url\":\"https:\/\/lottemaa.ee\/\",\"logo\":{\"@type\":\"ImageObject\",\"inLanguage\":\"fi\",\"@id\":\"https:\/\/lottemaa.ee\/#\/schema\/logo\/image\/\",\"url\":\"https:\/\/lottemaa.ee\/wp-content\/uploads\/2018\/12\/Lottemaa_LOGO.png\",\"contentUrl\":\"https:\/\/lottemaa.ee\/wp-content\/uploads\/2018\/12\/Lottemaa_LOGO.png\",\"width\":1024,\"height\":518,\"caption\":\"Lottemaa Teemapark\"},\"image\":{\"@id\":\"https:\/\/lottemaa.ee\/#\/schema\/logo\/image\/\"}}]}<\/script>\n<!-- \/ Yoast SEO plugin. -->","yoast_head_json":{"title":"Tietosuojaehdot | Lottemaa Teemapark","robots":{"index":"index","follow":"follow","max-snippet":"max-snippet:-1","max-image-preview":"max-image-preview:large","max-video-preview":"max-video-preview:-1"},"canonical":"https:\/\/lottemaa.ee\/fi\/tietosuojaehdot\/","og_locale":"fi_FI","og_type":"article","og_title":"Tietosuojaehdot | Lottemaa Teemapark","og_description":"We are committed to protecting the privacy of our visitors. As such, we have prepared these principles for the privacy policy for the collection, use, publication, transmission and storage of our visitors\u2019 data. Our online activities adhere to all relevant activities, European Union regulations and legislation of the Republic of Estonia. Lotte Village does not &hellip; Continued","og_url":"https:\/\/lottemaa.ee\/fi\/tietosuojaehdot\/","og_site_name":"Lottemaa Teemapark","article_modified_time":"2018-06-13T10:24:46+00:00","twitter_card":"summary_large_image","twitter_misc":{"Arvioitu lukuaika":"2 minuuttia"},"schema":{"@context":"https:\/\/schema.org","@graph":[{"@type":"WebPage","@id":"https:\/\/lottemaa.ee\/fi\/tietosuojaehdot\/","url":"https:\/\/lottemaa.ee\/fi\/tietosuojaehdot\/","name":"Tietosuojaehdot | Lottemaa Teemapark","isPartOf":{"@id":"https:\/\/lottemaa.ee\/#website"},"datePublished":"2018-06-01T09:24:13+00:00","dateModified":"2018-06-13T10:24:46+00:00","breadcrumb":{"@id":"https:\/\/lottemaa.ee\/fi\/tietosuojaehdot\/#breadcrumb"},"inLanguage":"fi","potentialAction":[{"@type":"ReadAction","target":["https:\/\/lottemaa.ee\/fi\/tietosuojaehdot\/"]}]},{"@type":"BreadcrumbList","@id":"https:\/\/lottemaa.ee\/fi\/tietosuojaehdot\/#breadcrumb","itemListElement":[{"@type":"ListItem","position":1,"name":"Home","item":"https:\/\/lottemaa.ee\/fi\/"},{"@type":"ListItem","position":2,"name":"Tietosuojaehdot"}]},{"@type":"WebSite","@id":"https:\/\/lottemaa.ee\/#website","url":"https:\/\/lottemaa.ee\/","name":"Lottemaa Teemapark","description":"Baltimaade suurim ja k\u00f5ige \u00e4gedam kogupere teemapark Eestis P\u00e4rnumaal","publisher":{"@id":"https:\/\/lottemaa.ee\/#organization"},"potentialAction":[{"@type":"SearchAction","target":{"@type":"EntryPoint","urlTemplate":"https:\/\/lottemaa.ee\/?s={search_term_string}"},"query-input":{"@type":"PropertyValueSpecification","valueRequired":true,"valueName":"search_term_string"}}],"inLanguage":"fi"},{"@type":"Organization","@id":"https:\/\/lottemaa.ee\/#organization","name":"Lottemaa Teemapark","url":"https:\/\/lottemaa.ee\/","logo":{"@type":"ImageObject","inLanguage":"fi","@id":"https:\/\/lottemaa.ee\/#\/schema\/logo\/image\/","url":"https:\/\/lottemaa.ee\/wp-content\/uploads\/2018\/12\/Lottemaa_LOGO.png","contentUrl":"https:\/\/lottemaa.ee\/wp-content\/uploads\/2018\/12\/Lottemaa_LOGO.png","width":1024,"height":518,"caption":"Lottemaa Teemapark"},"image":{"@id":"https:\/\/lottemaa.ee\/#\/schema\/logo\/image\/"}}]}},"_links":{"self":[{"href":"https:\/\/lottemaa.ee\/fi\/wp-json\/wp\/v2\/pages\/6241","targetHints":{"allow":["GET"]}}],"collection":[{"href":"https:\/\/lottemaa.ee\/fi\/wp-json\/wp\/v2\/pages"}],"about":[{"href":"https:\/\/lottemaa.ee\/fi\/wp-json\/wp\/v2\/types\/page"}],"author":[{"embeddable":true,"href":"https:\/\/lottemaa.ee\/fi\/wp-json\/wp\/v2\/users\/7"}],"replies":[{"embeddable":true,"href":"https:\/\/lottemaa.ee\/fi\/wp-json\/wp\/v2\/comments?post=6241"}],"version-history":[{"count":1,"href":"https:\/\/lottemaa.ee\/fi\/wp-json\/wp\/v2\/pages\/6241\/revisions"}],"predecessor-version":[{"id":6243,"href":"https:\/\/lottemaa.ee\/fi\/wp-json\/wp\/v2\/pages\/6241\/revisions\/6243"}],"wp:attachment":[{"href":"https:\/\/lottemaa.ee\/fi\/wp-json\/wp\/v2\/media?parent=6241"}],"curies":[{"name":"wp","href":"https:\/\/api.w.org\/{rel}","templated":true}]}}