{"id":607,"date":"2016-05-10T20:26:30","date_gmt":"2016-05-10T17:26:30","guid":{"rendered":"http:\/\/sharks.ee\/lottemaa\/fi\/?page_id=607"},"modified":"2026-01-05T15:57:39","modified_gmt":"2026-01-05T13:57:39","slug":"kontakti","status":"publish","type":"page","link":"https:\/\/lottemaa.ee\/fi\/kontakti\/","title":{"rendered":"Kontakti"},"content":{"rendered":"<p>Puisto on t\u00e4ll\u00e4 hetkell\u00e4 SULJETTU!<br \/>\nOdotamme kaikkia kyl\u00e4\u00e4n taas 13.06-30.08.2026 joka p\u00e4iv\u00e4 10-18!<\/p>\n<hr \/>\n<p><strong>LOTTEMAA TEEMAPARK O\u00dc<\/strong><\/p>\n<p>Toimisto on avoinna MA-PE klo 9-17<br \/>\nPuhelin: <strong>+372 5885 5699<\/strong><br \/>\nS\u00e4hk\u00f6posti:\u00a0<strong><a href=\"mailto:info@lottemaa.ee\">info@lottemaa.ee<\/a><\/strong><br \/>\nOsoite: Reiu k\u00fcla, H\u00e4\u00e4demeeste vald, P\u00e4rnumaa 86508, Viro<\/p>\n<p>Rek. nro. 12455303<br \/>\nALV-nro EE101642817<\/p>\n<hr \/>\n<h1 style=\"text-align: left;\">HENKIL\u00d6ST\u00d6<\/h1>\n<p>Toimitusjohtaja | Margit Toodu | <span style=\"color: #3366ff;\"><strong>margit[@]lottemaa.ee<\/strong><\/span><\/p>\n<p>Markkinointijohtaja | Kaire Lerg | <span style=\"color: #3366ff;\"><strong>kaire[@]lottemaa.ee<\/strong><\/span><\/p>\n<p>Markkinointi- ja myyntiedustaja | Karmen Sule | <span style=\"color: #3366ff;\"><strong>karmen[@]lottemaa.ee<\/strong><\/span><\/p>\n<p>Sosiaalisen median asiantuntija| Kethlin Hiis <span style=\"color: #3366ff;\"><strong>kethlin[@]lottemaa.ee<\/strong><\/span><\/p>\n<p>Luova sis\u00e4lt\u00f6p\u00e4\u00e4llikk\u00f6 | Hana Kivi | <span style=\"color: #3366ff;\"><strong>hana[@]lottemaa.ee<\/strong><\/span><\/p>\n<p>Ruokailupalvelut | <span style=\"color: #333333;\">Helena Viirmaa<\/span>| <span style=\"color: #3366ff;\"><strong>toitlustus[@]lottemaa.ee<\/strong><\/span><\/p>\n<p>Hallintojohtaja | Alar Kullamaa |<span style=\"color: #3366ff;\"> <strong>alar[@]lottemaa.ee<\/strong><\/span><\/p>\n<p>Kauppa- ja erikoistapahtumien koordinaattori | Nele Lemmik | <span style=\"color: #3366ff;\"><strong>nele[@]lottemaa.ee<\/strong><\/span><\/p>\n","protected":false},"excerpt":{"rendered":"<p>Puisto on t\u00e4ll\u00e4 hetkell\u00e4 SULJETTU! Odotamme kaikkia kyl\u00e4\u00e4n taas 13.06-30.08.2026 joka p\u00e4iv\u00e4 10-18! LOTTEMAA TEEMAPARK O\u00dc Toimisto on avoinna MA-PE klo 9-17 Puhelin: +372 5885 5699 S\u00e4hk\u00f6posti:\u00a0info@lottemaa.ee Osoite: Reiu k\u00fcla, H\u00e4\u00e4demeeste vald, P\u00e4rnumaa 86508, Viro Rek. nro. 12455303 ALV-nro EE101642817 HENKIL\u00d6ST\u00d6 Toimitusjohtaja | Margit Toodu | margit[@]lottemaa.ee Markkinointijohtaja | Kaire Lerg | kaire[@]lottemaa.ee Markkinointi- ja &hellip; <a href=\"https:\/\/lottemaa.ee\/fi\/kontakti\/\">Continued<\/a><\/p>\n","protected":false},"author":1,"featured_media":0,"parent":0,"menu_order":815,"comment_status":"closed","ping_status":"closed","template":"","meta":{"_acf_changed":false,"om_disable_all_campaigns":false,"_uf_show_specific_survey":0,"_uf_disable_surveys":false,"footnotes":""},"class_list":["post-607","page","type-page","status-publish","hentry"],"acf":[],"yoast_head":"<!-- This site is optimized with the Yoast SEO plugin v25.5 - https:\/\/yoast.com\/wordpress\/plugins\/seo\/ -->\n<title>Kontakti | Lottemaa Teemapark<\/title>\n<meta name=\"robots\" content=\"index, follow, max-snippet:-1, max-image-preview:large, max-video-preview:-1\" \/>\n<link rel=\"canonical\" href=\"https:\/\/lottemaa.ee\/fi\/kontakti\/\" \/>\n<meta property=\"og:locale\" content=\"fi_FI\" \/>\n<meta property=\"og:type\" content=\"article\" \/>\n<meta property=\"og:title\" content=\"Kontakti | Lottemaa Teemapark\" \/>\n<meta property=\"og:description\" content=\"Puisto on t\u00e4ll\u00e4 hetkell\u00e4 SULJETTU! Odotamme kaikkia kyl\u00e4\u00e4n taas 13.06-30.08.2026 joka p\u00e4iv\u00e4 10-18! LOTTEMAA TEEMAPARK O\u00dc Toimisto on avoinna MA-PE klo 9-17 Puhelin: +372 5885 5699 S\u00e4hk\u00f6posti:\u00a0info@lottemaa.ee Osoite: Reiu k\u00fcla, H\u00e4\u00e4demeeste vald, P\u00e4rnumaa 86508, Viro Rek. nro. 12455303 ALV-nro EE101642817 HENKIL\u00d6ST\u00d6 Toimitusjohtaja | Margit Toodu | margit[@]lottemaa.ee Markkinointijohtaja | Kaire Lerg | kaire[@]lottemaa.ee Markkinointi- ja &hellip; Continued\" \/>\n<meta property=\"og:url\" content=\"https:\/\/lottemaa.ee\/fi\/kontakti\/\" \/>\n<meta property=\"og:site_name\" content=\"Lottemaa Teemapark\" \/>\n<meta property=\"article:modified_time\" content=\"2026-01-05T13:57:39+00:00\" \/>\n<meta name=\"twitter:card\" content=\"summary_large_image\" \/>\n<meta name=\"twitter:label1\" content=\"Arvioitu lukuaika\" \/>\n\t<meta name=\"twitter:data1\" content=\"1 minuutti\" \/>\n<script type=\"application\/ld+json\" class=\"yoast-schema-graph\">{\"@context\":\"https:\/\/schema.org\",\"@graph\":[{\"@type\":\"WebPage\",\"@id\":\"https:\/\/lottemaa.ee\/fi\/kontakti\/\",\"url\":\"https:\/\/lottemaa.ee\/fi\/kontakti\/\",\"name\":\"Kontakti | Lottemaa Teemapark\",\"isPartOf\":{\"@id\":\"https:\/\/lottemaa.ee\/#website\"},\"datePublished\":\"2016-05-10T17:26:30+00:00\",\"dateModified\":\"2026-01-05T13:57:39+00:00\",\"breadcrumb\":{\"@id\":\"https:\/\/lottemaa.ee\/fi\/kontakti\/#breadcrumb\"},\"inLanguage\":\"fi\",\"potentialAction\":[{\"@type\":\"ReadAction\",\"target\":[\"https:\/\/lottemaa.ee\/fi\/kontakti\/\"]}]},{\"@type\":\"BreadcrumbList\",\"@id\":\"https:\/\/lottemaa.ee\/fi\/kontakti\/#breadcrumb\",\"itemListElement\":[{\"@type\":\"ListItem\",\"position\":1,\"name\":\"Home\",\"item\":\"https:\/\/lottemaa.ee\/fi\/\"},{\"@type\":\"ListItem\",\"position\":2,\"name\":\"Kontakti\"}]},{\"@type\":\"WebSite\",\"@id\":\"https:\/\/lottemaa.ee\/#website\",\"url\":\"https:\/\/lottemaa.ee\/\",\"name\":\"Lottemaa Teemapark\",\"description\":\"Baltimaade suurim ja k\u00f5ige \u00e4gedam kogupere teemapark Eestis P\u00e4rnumaal\",\"publisher\":{\"@id\":\"https:\/\/lottemaa.ee\/#organization\"},\"potentialAction\":[{\"@type\":\"SearchAction\",\"target\":{\"@type\":\"EntryPoint\",\"urlTemplate\":\"https:\/\/lottemaa.ee\/?s={search_term_string}\"},\"query-input\":{\"@type\":\"PropertyValueSpecification\",\"valueRequired\":true,\"valueName\":\"search_term_string\"}}],\"inLanguage\":\"fi\"},{\"@type\":\"Organization\",\"@id\":\"https:\/\/lottemaa.ee\/#organization\",\"name\":\"Lottemaa Teemapark\",\"url\":\"https:\/\/lottemaa.ee\/\",\"logo\":{\"@type\":\"ImageObject\",\"inLanguage\":\"fi\",\"@id\":\"https:\/\/lottemaa.ee\/#\/schema\/logo\/image\/\",\"url\":\"https:\/\/lottemaa.ee\/wp-content\/uploads\/2018\/12\/Lottemaa_LOGO.png\",\"contentUrl\":\"https:\/\/lottemaa.ee\/wp-content\/uploads\/2018\/12\/Lottemaa_LOGO.png\",\"width\":1024,\"height\":518,\"caption\":\"Lottemaa Teemapark\"},\"image\":{\"@id\":\"https:\/\/lottemaa.ee\/#\/schema\/logo\/image\/\"}}]}<\/script>\n<!-- \/ Yoast SEO plugin. -->","yoast_head_json":{"title":"Kontakti | Lottemaa Teemapark","robots":{"index":"index","follow":"follow","max-snippet":"max-snippet:-1","max-image-preview":"max-image-preview:large","max-video-preview":"max-video-preview:-1"},"canonical":"https:\/\/lottemaa.ee\/fi\/kontakti\/","og_locale":"fi_FI","og_type":"article","og_title":"Kontakti | Lottemaa Teemapark","og_description":"Puisto on t\u00e4ll\u00e4 hetkell\u00e4 SULJETTU! Odotamme kaikkia kyl\u00e4\u00e4n taas 13.06-30.08.2026 joka p\u00e4iv\u00e4 10-18! LOTTEMAA TEEMAPARK O\u00dc Toimisto on avoinna MA-PE klo 9-17 Puhelin: +372 5885 5699 S\u00e4hk\u00f6posti:\u00a0info@lottemaa.ee Osoite: Reiu k\u00fcla, H\u00e4\u00e4demeeste vald, P\u00e4rnumaa 86508, Viro Rek. nro. 12455303 ALV-nro EE101642817 HENKIL\u00d6ST\u00d6 Toimitusjohtaja | Margit Toodu | margit[@]lottemaa.ee Markkinointijohtaja | Kaire Lerg | kaire[@]lottemaa.ee Markkinointi- ja &hellip; Continued","og_url":"https:\/\/lottemaa.ee\/fi\/kontakti\/","og_site_name":"Lottemaa Teemapark","article_modified_time":"2026-01-05T13:57:39+00:00","twitter_card":"summary_large_image","twitter_misc":{"Arvioitu lukuaika":"1 minuutti"},"schema":{"@context":"https:\/\/schema.org","@graph":[{"@type":"WebPage","@id":"https:\/\/lottemaa.ee\/fi\/kontakti\/","url":"https:\/\/lottemaa.ee\/fi\/kontakti\/","name":"Kontakti | Lottemaa Teemapark","isPartOf":{"@id":"https:\/\/lottemaa.ee\/#website"},"datePublished":"2016-05-10T17:26:30+00:00","dateModified":"2026-01-05T13:57:39+00:00","breadcrumb":{"@id":"https:\/\/lottemaa.ee\/fi\/kontakti\/#breadcrumb"},"inLanguage":"fi","potentialAction":[{"@type":"ReadAction","target":["https:\/\/lottemaa.ee\/fi\/kontakti\/"]}]},{"@type":"BreadcrumbList","@id":"https:\/\/lottemaa.ee\/fi\/kontakti\/#breadcrumb","itemListElement":[{"@type":"ListItem","position":1,"name":"Home","item":"https:\/\/lottemaa.ee\/fi\/"},{"@type":"ListItem","position":2,"name":"Kontakti"}]},{"@type":"WebSite","@id":"https:\/\/lottemaa.ee\/#website","url":"https:\/\/lottemaa.ee\/","name":"Lottemaa Teemapark","description":"Baltimaade suurim ja k\u00f5ige \u00e4gedam kogupere teemapark Eestis P\u00e4rnumaal","publisher":{"@id":"https:\/\/lottemaa.ee\/#organization"},"potentialAction":[{"@type":"SearchAction","target":{"@type":"EntryPoint","urlTemplate":"https:\/\/lottemaa.ee\/?s={search_term_string}"},"query-input":{"@type":"PropertyValueSpecification","valueRequired":true,"valueName":"search_term_string"}}],"inLanguage":"fi"},{"@type":"Organization","@id":"https:\/\/lottemaa.ee\/#organization","name":"Lottemaa Teemapark","url":"https:\/\/lottemaa.ee\/","logo":{"@type":"ImageObject","inLanguage":"fi","@id":"https:\/\/lottemaa.ee\/#\/schema\/logo\/image\/","url":"https:\/\/lottemaa.ee\/wp-content\/uploads\/2018\/12\/Lottemaa_LOGO.png","contentUrl":"https:\/\/lottemaa.ee\/wp-content\/uploads\/2018\/12\/Lottemaa_LOGO.png","width":1024,"height":518,"caption":"Lottemaa Teemapark"},"image":{"@id":"https:\/\/lottemaa.ee\/#\/schema\/logo\/image\/"}}]}},"_links":{"self":[{"href":"https:\/\/lottemaa.ee\/fi\/wp-json\/wp\/v2\/pages\/607","targetHints":{"allow":["GET"]}}],"collection":[{"href":"https:\/\/lottemaa.ee\/fi\/wp-json\/wp\/v2\/pages"}],"about":[{"href":"https:\/\/lottemaa.ee\/fi\/wp-json\/wp\/v2\/types\/page"}],"author":[{"embeddable":true,"href":"https:\/\/lottemaa.ee\/fi\/wp-json\/wp\/v2\/users\/1"}],"replies":[{"embeddable":true,"href":"https:\/\/lottemaa.ee\/fi\/wp-json\/wp\/v2\/comments?post=607"}],"version-history":[{"count":5,"href":"https:\/\/lottemaa.ee\/fi\/wp-json\/wp\/v2\/pages\/607\/revisions"}],"predecessor-version":[{"id":32633,"href":"https:\/\/lottemaa.ee\/fi\/wp-json\/wp\/v2\/pages\/607\/revisions\/32633"}],"wp:attachment":[{"href":"https:\/\/lottemaa.ee\/fi\/wp-json\/wp\/v2\/media?parent=607"}],"curies":[{"name":"wp","href":"https:\/\/api.w.org\/{rel}","templated":true}]}}