{"id":5705,"date":"2018-02-22T10:40:36","date_gmt":"2018-02-22T08:40:36","guid":{"rendered":"http:\/\/test.lottemaa.ee\/?page_id=5705"},"modified":"2024-09-27T12:36:52","modified_gmt":"2024-09-27T09:36:52","slug":"meidan-tarinamme","status":"publish","type":"page","link":"https:\/\/lottemaa.ee\/fi\/meista\/meidan-tarinamme\/","title":{"rendered":"MEID\u00c4N TARINAMME"},"content":{"rendered":"<p style=\"text-align: left;\">Heiki Ernits ja Janno P\u00f5ldma olivat tehneet Eesti Joonisfilm &#8211; studiossa jo monta piirroselokuvaa, kun he saivat idean tehd\u00e4 elokuvan vallattomasta koiratytt\u00f6 Lottesta.<\/p>\n<p style=\"text-align: left;\">Vuonna 2000 valmistui TV-sarja <a href=\"https:\/\/lottemaa.ee\/fi\/meista\/elokuvia\/loten-matka-etelaan\/\">Lotten matka etel\u00e4\u00e4n<\/a>. Sarja osoittautui suosituksi, ja vuonna 2006 valmistui kokopitk\u00e4 elokuva <a href=\"https:\/\/lottemaa.ee\/fi\/meista\/elokuvia\/keksijakylan-lotte\/\">Keksij\u00e4kyl\u00e4n Lotte<\/a>. Sit\u00e4 seurasi vuonna 2011 toinen kokopitk\u00e4 elokuva <a href=\"https:\/\/lottemaa.ee\/fi\/meista\/elokuvia\/lotte-ja-kuukiven-salaisuus\/\">Lotte ja Kuukiven salaisuus<\/a>.<\/p>\n<p style=\"text-align: left;\">Molemmat elokuvat menestyiv\u00e4t: ne voittivat lukuisia kansainv\u00e4lisi\u00e4 palkintoja ja ne myytiin yli 50 eri maahan. Vanemuine-teatteri teki kolme Lotte-aiheista musikaalia:<strong> Etsij\u00e4 Lotte<\/strong>, <strong>Kosmonautti Lotte<\/strong> ja<strong> Lotte unimaailmassa<\/strong>. Lottesta kirjoitettiin useita kirjoja. Lotten luojat alkoivat haaveilemaan elokuvien tekemisen ohella enemm\u00e4n ja enemm\u00e4n tulevasta Lottemaasta. Er\u00e4\u00e4n\u00e4 p\u00e4iv\u00e4n\u00e4 he tapasivat nuoren ja energisen Rein Malsubin, tulevan Lottemaan toteuttajan ja johtajan. Siit\u00e4 hetkest\u00e4 alkoi pitk\u00e4 ja j\u00e4nnitt\u00e4v\u00e4 tie, joka vei lopulta Lottemaan perustamiseen Tahkurannan kuntaan P\u00e4rnun l\u00e4helle.<\/p>\n<p style=\"text-align: left;\">Kirjailijoiden mielest\u00e4 Keksij\u00e4kyl\u00e4 on upean v\u00e4rikk\u00e4ist\u00e4 taloista koostuva merenrantayhteis\u00f6, jossa el\u00e4\u00e4 l\u00e4mminsyd\u00e4misi\u00e4 ja hassusti k\u00e4ytt\u00e4ytyvi\u00e4 keksij\u00f6it\u00e4: j\u00e4niksi\u00e4, koiria, kissoja, siiseleit\u00e4 ja monia muita.<\/p>\n<p style=\"text-align: left;\">Tarinan p\u00e4\u00e4hahmoja ovat Lotte ja h\u00e4nen parhaat yst\u00e4v\u00e4ns\u00e4 Bruno ja Albert. Lottella on rakastavat vanhemmat ja hyvin paljon mielenkiintoisia yst\u00e4vi\u00e4 ja j\u00e4nnitt\u00e4vi\u00e4 naapureita.<\/p>\n<p style=\"text-align: left;\">Lottemaa on avoinna vieraille kes\u00e4ll\u00e4, mutta my\u00f6s talvella ja joulun aikaan. Lottemaa on j\u00e4nnitt\u00e4v\u00e4 paikka sek\u00e4 pienille ett\u00e4 isoille. Keksij\u00e4kyl\u00e4n asukkaat liikkuvat ymp\u00e4ri kyl\u00e4\u00e4 leikkien, nikkaroiden, urheillen ja rupatellen kyl\u00e4\u00e4n tulleiden lasten ja heid\u00e4n vanhempiensa kanssa. Lottemaassa tehd\u00e4\u00e4n ahkerasti my\u00f6s teatteria. P\u00e4iv\u00e4n aikana aukiolla esitet\u00e4\u00e4n yhteens\u00e4 noin 5 isompaa ja pienemp\u00e4\u00e4 n\u00e4ytelm\u00e4\u00e4. Koska Keksij\u00e4kyl\u00e4ss\u00e4 jokaisella asukkaalla on oma maailmankatsomus, temperamentti ja rooli, he opettavat lapsia ymm\u00e4rt\u00e4m\u00e4\u00e4n monimutkaisia asioita omalla tavallaan ja omalla huumorillaan.<\/p>\n<p style=\"text-align: left;\">Olivatpa heid\u00e4n tapansa, luonteenpiirteens\u00e4 ja huumorintajunsa millaisia tahansa, niin se on maailmassa varmaa, ett\u00e4 <strong>KILTTEYS TEKEE EL\u00c4M\u00c4ST\u00c4 KIINNOSTAVAA<\/strong> \u2013 sen tiet\u00e4\u00e4 Keksij\u00e4kyl\u00e4ss\u00e4 jokainen!<\/p>\n","protected":false},"excerpt":{"rendered":"<p>Heiki Ernits ja Janno P\u00f5ldma olivat tehneet Eesti Joonisfilm &#8211; studiossa jo monta piirroselokuvaa, kun he saivat idean tehd\u00e4 elokuvan vallattomasta koiratytt\u00f6 Lottesta. Vuonna 2000 valmistui TV-sarja Lotten matka etel\u00e4\u00e4n. Sarja osoittautui suosituksi, ja vuonna 2006 valmistui kokopitk\u00e4 elokuva Keksij\u00e4kyl\u00e4n Lotte. Sit\u00e4 seurasi vuonna 2011 toinen kokopitk\u00e4 elokuva Lotte ja Kuukiven salaisuus. Molemmat elokuvat menestyiv\u00e4t: &hellip; <a href=\"https:\/\/lottemaa.ee\/fi\/meista\/meidan-tarinamme\/\">Continued<\/a><\/p>\n","protected":false},"author":7,"featured_media":5688,"parent":597,"menu_order":164,"comment_status":"closed","ping_status":"closed","template":"","meta":{"_acf_changed":false,"om_disable_all_campaigns":false,"_uf_show_specific_survey":0,"_uf_disable_surveys":false,"footnotes":""},"class_list":["post-5705","page","type-page","status-publish","has-post-thumbnail","hentry"],"acf":[],"yoast_head":"<!-- This site is optimized with the Yoast SEO plugin v25.5 - https:\/\/yoast.com\/wordpress\/plugins\/seo\/ -->\n<title>MEID\u00c4N TARINAMME | Lottemaa Teemapark<\/title>\n<meta name=\"robots\" content=\"index, follow, max-snippet:-1, max-image-preview:large, max-video-preview:-1\" \/>\n<link rel=\"canonical\" href=\"https:\/\/lottemaa.ee\/fi\/meista\/meidan-tarinamme\/\" \/>\n<meta property=\"og:locale\" content=\"fi_FI\" \/>\n<meta property=\"og:type\" content=\"article\" \/>\n<meta property=\"og:title\" content=\"MEID\u00c4N TARINAMME | Lottemaa Teemapark\" \/>\n<meta property=\"og:description\" content=\"Heiki Ernits ja Janno P\u00f5ldma olivat tehneet Eesti Joonisfilm &#8211; studiossa jo monta piirroselokuvaa, kun he saivat idean tehd\u00e4 elokuvan vallattomasta koiratytt\u00f6 Lottesta. Vuonna 2000 valmistui TV-sarja Lotten matka etel\u00e4\u00e4n. Sarja osoittautui suosituksi, ja vuonna 2006 valmistui kokopitk\u00e4 elokuva Keksij\u00e4kyl\u00e4n Lotte. Sit\u00e4 seurasi vuonna 2011 toinen kokopitk\u00e4 elokuva Lotte ja Kuukiven salaisuus. Molemmat elokuvat menestyiv\u00e4t: &hellip; Continued\" \/>\n<meta property=\"og:url\" content=\"https:\/\/lottemaa.ee\/fi\/meista\/meidan-tarinamme\/\" \/>\n<meta property=\"og:site_name\" content=\"Lottemaa Teemapark\" \/>\n<meta property=\"article:modified_time\" content=\"2024-09-27T09:36:52+00:00\" \/>\n<meta property=\"og:image\" content=\"https:\/\/lottemaa.ee\/wp-content\/uploads\/2018\/02\/koduka-pilt.jpg\" \/>\n\t<meta property=\"og:image:width\" content=\"296\" \/>\n\t<meta property=\"og:image:height\" content=\"285\" \/>\n\t<meta property=\"og:image:type\" content=\"image\/jpeg\" \/>\n<meta name=\"twitter:card\" content=\"summary_large_image\" \/>\n<meta name=\"twitter:label1\" content=\"Arvioitu lukuaika\" \/>\n\t<meta name=\"twitter:data1\" content=\"2 minuuttia\" \/>\n<script type=\"application\/ld+json\" class=\"yoast-schema-graph\">{\"@context\":\"https:\/\/schema.org\",\"@graph\":[{\"@type\":\"WebPage\",\"@id\":\"https:\/\/lottemaa.ee\/fi\/meista\/meidan-tarinamme\/\",\"url\":\"https:\/\/lottemaa.ee\/fi\/meista\/meidan-tarinamme\/\",\"name\":\"MEID\u00c4N TARINAMME | Lottemaa Teemapark\",\"isPartOf\":{\"@id\":\"https:\/\/lottemaa.ee\/#website\"},\"primaryImageOfPage\":{\"@id\":\"https:\/\/lottemaa.ee\/fi\/meista\/meidan-tarinamme\/#primaryimage\"},\"image\":{\"@id\":\"https:\/\/lottemaa.ee\/fi\/meista\/meidan-tarinamme\/#primaryimage\"},\"thumbnailUrl\":\"https:\/\/lottemaa.ee\/wp-content\/uploads\/2018\/02\/koduka-pilt.jpg\",\"datePublished\":\"2018-02-22T08:40:36+00:00\",\"dateModified\":\"2024-09-27T09:36:52+00:00\",\"breadcrumb\":{\"@id\":\"https:\/\/lottemaa.ee\/fi\/meista\/meidan-tarinamme\/#breadcrumb\"},\"inLanguage\":\"fi\",\"potentialAction\":[{\"@type\":\"ReadAction\",\"target\":[\"https:\/\/lottemaa.ee\/fi\/meista\/meidan-tarinamme\/\"]}]},{\"@type\":\"ImageObject\",\"inLanguage\":\"fi\",\"@id\":\"https:\/\/lottemaa.ee\/fi\/meista\/meidan-tarinamme\/#primaryimage\",\"url\":\"https:\/\/lottemaa.ee\/wp-content\/uploads\/2018\/02\/koduka-pilt.jpg\",\"contentUrl\":\"https:\/\/lottemaa.ee\/wp-content\/uploads\/2018\/02\/koduka-pilt.jpg\",\"width\":296,\"height\":285},{\"@type\":\"BreadcrumbList\",\"@id\":\"https:\/\/lottemaa.ee\/fi\/meista\/meidan-tarinamme\/#breadcrumb\",\"itemListElement\":[{\"@type\":\"ListItem\",\"position\":1,\"name\":\"Home\",\"item\":\"https:\/\/lottemaa.ee\/fi\/\"},{\"@type\":\"ListItem\",\"position\":2,\"name\":\"Meist\u00e4\",\"item\":\"https:\/\/lottemaa.ee\/fi\/meista\/\"},{\"@type\":\"ListItem\",\"position\":3,\"name\":\"MEID\u00c4N TARINAMME\"}]},{\"@type\":\"WebSite\",\"@id\":\"https:\/\/lottemaa.ee\/#website\",\"url\":\"https:\/\/lottemaa.ee\/\",\"name\":\"Lottemaa Teemapark\",\"description\":\"Baltimaade suurim ja k\u00f5ige \u00e4gedam kogupere teemapark Eestis P\u00e4rnumaal\",\"publisher\":{\"@id\":\"https:\/\/lottemaa.ee\/#organization\"},\"potentialAction\":[{\"@type\":\"SearchAction\",\"target\":{\"@type\":\"EntryPoint\",\"urlTemplate\":\"https:\/\/lottemaa.ee\/?s={search_term_string}\"},\"query-input\":{\"@type\":\"PropertyValueSpecification\",\"valueRequired\":true,\"valueName\":\"search_term_string\"}}],\"inLanguage\":\"fi\"},{\"@type\":\"Organization\",\"@id\":\"https:\/\/lottemaa.ee\/#organization\",\"name\":\"Lottemaa Teemapark\",\"url\":\"https:\/\/lottemaa.ee\/\",\"logo\":{\"@type\":\"ImageObject\",\"inLanguage\":\"fi\",\"@id\":\"https:\/\/lottemaa.ee\/#\/schema\/logo\/image\/\",\"url\":\"https:\/\/lottemaa.ee\/wp-content\/uploads\/2018\/12\/Lottemaa_LOGO.png\",\"contentUrl\":\"https:\/\/lottemaa.ee\/wp-content\/uploads\/2018\/12\/Lottemaa_LOGO.png\",\"width\":1024,\"height\":518,\"caption\":\"Lottemaa Teemapark\"},\"image\":{\"@id\":\"https:\/\/lottemaa.ee\/#\/schema\/logo\/image\/\"}}]}<\/script>\n<!-- \/ Yoast SEO plugin. -->","yoast_head_json":{"title":"MEID\u00c4N TARINAMME | Lottemaa Teemapark","robots":{"index":"index","follow":"follow","max-snippet":"max-snippet:-1","max-image-preview":"max-image-preview:large","max-video-preview":"max-video-preview:-1"},"canonical":"https:\/\/lottemaa.ee\/fi\/meista\/meidan-tarinamme\/","og_locale":"fi_FI","og_type":"article","og_title":"MEID\u00c4N TARINAMME | Lottemaa Teemapark","og_description":"Heiki Ernits ja Janno P\u00f5ldma olivat tehneet Eesti Joonisfilm &#8211; studiossa jo monta piirroselokuvaa, kun he saivat idean tehd\u00e4 elokuvan vallattomasta koiratytt\u00f6 Lottesta. Vuonna 2000 valmistui TV-sarja Lotten matka etel\u00e4\u00e4n. Sarja osoittautui suosituksi, ja vuonna 2006 valmistui kokopitk\u00e4 elokuva Keksij\u00e4kyl\u00e4n Lotte. Sit\u00e4 seurasi vuonna 2011 toinen kokopitk\u00e4 elokuva Lotte ja Kuukiven salaisuus. Molemmat elokuvat menestyiv\u00e4t: &hellip; Continued","og_url":"https:\/\/lottemaa.ee\/fi\/meista\/meidan-tarinamme\/","og_site_name":"Lottemaa Teemapark","article_modified_time":"2024-09-27T09:36:52+00:00","og_image":[{"width":296,"height":285,"url":"https:\/\/lottemaa.ee\/wp-content\/uploads\/2018\/02\/koduka-pilt.jpg","type":"image\/jpeg"}],"twitter_card":"summary_large_image","twitter_misc":{"Arvioitu lukuaika":"2 minuuttia"},"schema":{"@context":"https:\/\/schema.org","@graph":[{"@type":"WebPage","@id":"https:\/\/lottemaa.ee\/fi\/meista\/meidan-tarinamme\/","url":"https:\/\/lottemaa.ee\/fi\/meista\/meidan-tarinamme\/","name":"MEID\u00c4N TARINAMME | Lottemaa Teemapark","isPartOf":{"@id":"https:\/\/lottemaa.ee\/#website"},"primaryImageOfPage":{"@id":"https:\/\/lottemaa.ee\/fi\/meista\/meidan-tarinamme\/#primaryimage"},"image":{"@id":"https:\/\/lottemaa.ee\/fi\/meista\/meidan-tarinamme\/#primaryimage"},"thumbnailUrl":"https:\/\/lottemaa.ee\/wp-content\/uploads\/2018\/02\/koduka-pilt.jpg","datePublished":"2018-02-22T08:40:36+00:00","dateModified":"2024-09-27T09:36:52+00:00","breadcrumb":{"@id":"https:\/\/lottemaa.ee\/fi\/meista\/meidan-tarinamme\/#breadcrumb"},"inLanguage":"fi","potentialAction":[{"@type":"ReadAction","target":["https:\/\/lottemaa.ee\/fi\/meista\/meidan-tarinamme\/"]}]},{"@type":"ImageObject","inLanguage":"fi","@id":"https:\/\/lottemaa.ee\/fi\/meista\/meidan-tarinamme\/#primaryimage","url":"https:\/\/lottemaa.ee\/wp-content\/uploads\/2018\/02\/koduka-pilt.jpg","contentUrl":"https:\/\/lottemaa.ee\/wp-content\/uploads\/2018\/02\/koduka-pilt.jpg","width":296,"height":285},{"@type":"BreadcrumbList","@id":"https:\/\/lottemaa.ee\/fi\/meista\/meidan-tarinamme\/#breadcrumb","itemListElement":[{"@type":"ListItem","position":1,"name":"Home","item":"https:\/\/lottemaa.ee\/fi\/"},{"@type":"ListItem","position":2,"name":"Meist\u00e4","item":"https:\/\/lottemaa.ee\/fi\/meista\/"},{"@type":"ListItem","position":3,"name":"MEID\u00c4N TARINAMME"}]},{"@type":"WebSite","@id":"https:\/\/lottemaa.ee\/#website","url":"https:\/\/lottemaa.ee\/","name":"Lottemaa Teemapark","description":"Baltimaade suurim ja k\u00f5ige \u00e4gedam kogupere teemapark Eestis P\u00e4rnumaal","publisher":{"@id":"https:\/\/lottemaa.ee\/#organization"},"potentialAction":[{"@type":"SearchAction","target":{"@type":"EntryPoint","urlTemplate":"https:\/\/lottemaa.ee\/?s={search_term_string}"},"query-input":{"@type":"PropertyValueSpecification","valueRequired":true,"valueName":"search_term_string"}}],"inLanguage":"fi"},{"@type":"Organization","@id":"https:\/\/lottemaa.ee\/#organization","name":"Lottemaa Teemapark","url":"https:\/\/lottemaa.ee\/","logo":{"@type":"ImageObject","inLanguage":"fi","@id":"https:\/\/lottemaa.ee\/#\/schema\/logo\/image\/","url":"https:\/\/lottemaa.ee\/wp-content\/uploads\/2018\/12\/Lottemaa_LOGO.png","contentUrl":"https:\/\/lottemaa.ee\/wp-content\/uploads\/2018\/12\/Lottemaa_LOGO.png","width":1024,"height":518,"caption":"Lottemaa Teemapark"},"image":{"@id":"https:\/\/lottemaa.ee\/#\/schema\/logo\/image\/"}}]}},"_links":{"self":[{"href":"https:\/\/lottemaa.ee\/fi\/wp-json\/wp\/v2\/pages\/5705","targetHints":{"allow":["GET"]}}],"collection":[{"href":"https:\/\/lottemaa.ee\/fi\/wp-json\/wp\/v2\/pages"}],"about":[{"href":"https:\/\/lottemaa.ee\/fi\/wp-json\/wp\/v2\/types\/page"}],"author":[{"embeddable":true,"href":"https:\/\/lottemaa.ee\/fi\/wp-json\/wp\/v2\/users\/7"}],"replies":[{"embeddable":true,"href":"https:\/\/lottemaa.ee\/fi\/wp-json\/wp\/v2\/comments?post=5705"}],"version-history":[{"count":4,"href":"https:\/\/lottemaa.ee\/fi\/wp-json\/wp\/v2\/pages\/5705\/revisions"}],"predecessor-version":[{"id":22716,"href":"https:\/\/lottemaa.ee\/fi\/wp-json\/wp\/v2\/pages\/5705\/revisions\/22716"}],"up":[{"embeddable":true,"href":"https:\/\/lottemaa.ee\/fi\/wp-json\/wp\/v2\/pages\/597"}],"wp:featuredmedia":[{"embeddable":true,"href":"https:\/\/lottemaa.ee\/fi\/wp-json\/wp\/v2\/media\/5688"}],"wp:attachment":[{"href":"https:\/\/lottemaa.ee\/fi\/wp-json\/wp\/v2\/media?parent=5705"}],"curies":[{"name":"wp","href":"https:\/\/api.w.org\/{rel}","templated":true}]}}