{"id":564,"date":"2016-05-10T20:19:36","date_gmt":"2016-05-10T17:19:36","guid":{"rendered":"http:\/\/sharks.ee\/lottemaa\/fi\/?page_id=564"},"modified":"2026-01-05T15:32:00","modified_gmt":"2026-01-05T13:32:00","slug":"lottemaan-liput","status":"publish","type":"page","link":"https:\/\/lottemaa.ee\/fi\/lottemaan-liput\/","title":{"rendered":"LIPPUTIEDOT"},"content":{"rendered":"<p><a href=\"https:\/\/fienta.com\/fi\/lottemaa-suvi-2026\"><img loading=\"lazy\" decoding=\"async\" class=\"alignnone\" src=\"https:\/\/lottemaa.ee\/wp-content\/uploads\/2023\/01\/osta_pilet_siit_fin.png\" alt=\"\" width=\"377\" height=\"100\" \/><\/a><\/p>\n<table style=\"height: 344px; width: 99.9966%;\" width=\"758\">\n<tbody>\n<tr style=\"height: 70px;\">\n<td style=\"height: 70px; width: 92.9032%;\"><strong>NORMAALILIPPU<\/strong><br \/>\nLippu v\u00e4hint\u00e4\u00e4n 2-vuotiaalle<\/td>\n<td style=\"height: 70px; width: 15.2151%;\"><strong>28 \u20ac<\/strong><\/td>\n<\/tr>\n<tr>\n<td style=\"width: 92.9032%;\"><strong>Kahden p\u00e4iv\u00e4n lippu<\/strong><br \/>\nVoimassa kahtena per\u00e4kk\u00e4isen\u00e4 p\u00e4iv\u00e4n\u00e4<strong><br \/>\n<\/strong><\/td>\n<td style=\"width: 15.2151%;\"><strong>41 \u20ac<\/strong><\/td>\n<\/tr>\n<tr style=\"height: 24px;\">\n<td style=\"height: 24px; width: 92.9032%;\"><strong>Alle 2-vuotiaat lapset p\u00e4\u00e4sev\u00e4t sis\u00e4\u00e4n<\/strong><\/td>\n<td style=\"height: 24px; width: 15.2151%;\"><strong>ilmaiseksi<\/strong><\/td>\n<\/tr>\n<tr style=\"height: 48px;\">\n<td style=\"height: 48px; width: 92.9032%;\"><strong>El\u00e4kel\u00e4islippu<\/strong><br \/>\nEl\u00e4kel\u00e4istodistus n\u00e4ytett\u00e4v\u00e4<\/td>\n<td style=\"height: 48px; width: 15.2151%;\"><strong>21 \u20ac<\/strong><\/td>\n<\/tr>\n<tr style=\"height: 48px;\">\n<td style=\"height: 48px; width: 92.9032%;\"><strong>Vammaisen aikuisen lippu<\/strong><br \/>\nVammaistodistus tai el\u00e4kel\u00e4istodistus n\u00e4ytett\u00e4v\u00e4<\/td>\n<td style=\"height: 48px; width: 15.2151%;\"><strong>21 \u20ac<\/strong><\/td>\n<\/tr>\n<tr style=\"height: 48px;\">\n<td style=\"height: 48px; width: 92.9032%;\"><strong>Vammaiset lapset<\/strong><br \/>\nVammaistodistus n\u00e4ytett\u00e4v\u00e4<\/td>\n<td style=\"height: 72px; width: 15.2151%;\"><strong>16 \u20ac<\/strong><\/td>\n<\/tr>\n<tr style=\"height: 24px;\">\n<td style=\"height: 24px; width: 92.9032%;\"><strong>Vammaisen lapsen ja liikuntavammaisen aikuisen avustajalle sis\u00e4\u00e4np\u00e4\u00e4sy<\/strong><br \/>\nVammaisen henkil\u00f6n saattaja p\u00e4\u00e4see Lottemaahan maksutta, jos h\u00e4nen saattamansa vaikeavammainen henkil\u00f6 ei tule teemapuiston vierailulla toimeen ilman saattajan apua<\/td>\n<td style=\"height: 24px; width: 15.2151%;\"><strong>ilmaiseksi<\/strong><\/td>\n<\/tr>\n<tr style=\"height: 24px;\">\n<td style=\"height: 10px; width: 92.9032%;\"><strong>PYS\u00c4K\u00d6INTILIPPU<\/strong><br \/>\nYhdelle ajoneuvolle kokop\u00e4iv\u00e4ksi.<br \/>\nSnabb-sovelluksen kautta maksettaessa 3 \u20ac<\/td>\n<td style=\"height: 10px; width: 15.2151%;\"><strong>4 \u20ac<\/strong><\/td>\n<\/tr>\n<tr style=\"height: 48px;\">\n<td style=\"height: 48px; width: 92.9032%;\"><strong>JUNALIPPU<\/strong><br \/>\nV\u00e4hint\u00e4\u00e4n 2-vuotiaalle pys\u00e4k\u00f6intialueelta sis\u00e4\u00e4np\u00e4\u00e4sylle tai sis\u00e4\u00e4np\u00e4\u00e4sylt\u00e4 pys\u00e4k\u00f6intialueelle<\/td>\n<td style=\"height: 48px; width: 15.2151%;\"><b>2 \u20ac<\/b><\/td>\n<\/tr>\n<\/tbody>\n<\/table>\n<h3><a href=\"https:\/\/fienta.com\/fi\/lottemaa-suvi-2026\"><img loading=\"lazy\" decoding=\"async\" class=\"alignnone\" src=\"https:\/\/lottemaa.ee\/wp-content\/uploads\/2023\/01\/osta_pilet_siit_fin.png\" alt=\"\" width=\"377\" height=\"100\" \/><\/a><\/h3>\n<h3 style=\"text-align: left;\">HUOM!<\/h3>\n<p>&#8211; Lunastettuja lippuja <span style=\"color: #000000;\">ei osteta takaisin tai vaihdeta!<\/span><br \/>\n&#8211; Vaurioitunut lippu ei kelpa!<\/p>\n<hr \/>\n<p style=\"text-align: left;\"><span style=\"color: #000000;\"><strong>E-LIPPUJA EI TARVITSE TULOSTAA. NE VOI N\u00c4YTT\u00c4\u00c4 SUORAAN LAITTEEN N\u00c4YT\u00d6LT\u00c4.<\/strong><\/span><br \/>\n<span style=\"color: #000000;\"><strong>Jos olet ostanut junaliput ennakkoon<\/strong><\/span>, voit menn\u00e4 suoraan istumaan junaan ja odottelemaan l\u00e4ht\u00f6\u00e4, veturinkuljettaja tarkistaa liput juuri ennen l\u00e4ht\u00f6\u00e4.<br \/>\nTeemapuiston liput tarkistetaan Lottemaan sis\u00e4\u00e4nk\u00e4ynnill\u00e4.<\/p>\n<p style=\"text-align: left;\">Jos sinulta puuttuu lippuja, voit ostaa niit\u00e4 pys\u00e4k\u00f6intialueelta, Lottemaan sis\u00e4\u00e4nk\u00e4ynnilt\u00e4 tai rannassa sijaitsevalta kassalta.<\/p>\n<p style=\"text-align: left;\"><span style=\"color: #000000;\"><strong>Maksaminen<\/strong><\/span> \u2013 Lottemaassa voi lipuista, aterioista ja palveluista maksaa k\u00e4teisell\u00e4 (euroissa) tai pankkikortilla.<\/p>\n<hr \/>\n<h3 style=\"text-align: left;\">HUOM!<\/h3>\n<p style=\"text-align: left;\">&#8211; Teemapuiston alueella oleskelevat lapset ovat vanhemman tai aikuisen saattajan vastuulla.<br \/>\n&#8211; Lemmikkiel\u00e4imi\u00e4 teemapuiston alueella ei sallita.<\/p>\n","protected":false},"excerpt":{"rendered":"<p>NORMAALILIPPU Lippu v\u00e4hint\u00e4\u00e4n 2-vuotiaalle 28 \u20ac Kahden p\u00e4iv\u00e4n lippu Voimassa kahtena per\u00e4kk\u00e4isen\u00e4 p\u00e4iv\u00e4n\u00e4 41 \u20ac Alle 2-vuotiaat lapset p\u00e4\u00e4sev\u00e4t sis\u00e4\u00e4n ilmaiseksi El\u00e4kel\u00e4islippu El\u00e4kel\u00e4istodistus n\u00e4ytett\u00e4v\u00e4 21 \u20ac Vammaisen aikuisen lippu Vammaistodistus tai el\u00e4kel\u00e4istodistus n\u00e4ytett\u00e4v\u00e4 21 \u20ac Vammaiset lapset Vammaistodistus n\u00e4ytett\u00e4v\u00e4 16 \u20ac Vammaisen lapsen ja liikuntavammaisen aikuisen avustajalle sis\u00e4\u00e4np\u00e4\u00e4sy Vammaisen henkil\u00f6n saattaja p\u00e4\u00e4see Lottemaahan maksutta, jos &hellip; <a href=\"https:\/\/lottemaa.ee\/fi\/lottemaan-liput\/\">Continued<\/a><\/p>\n","protected":false},"author":1,"featured_media":32225,"parent":0,"menu_order":338,"comment_status":"closed","ping_status":"closed","template":"","meta":{"_acf_changed":false,"om_disable_all_campaigns":false,"_uf_show_specific_survey":0,"_uf_disable_surveys":false,"footnotes":""},"class_list":["post-564","page","type-page","status-publish","has-post-thumbnail","hentry"],"acf":[],"yoast_head":"<!-- This site is optimized with the Yoast SEO plugin v25.5 - https:\/\/yoast.com\/wordpress\/plugins\/seo\/ -->\n<title>Lottemaan kes\u00e4 liput | Lottemaan teemapuisto<\/title>\n<meta name=\"description\" content=\"Baltian maiden isoin ja upein teemapuisto Virossa P\u00e4rnussa! Yli 100 kohdetta, kiehtovia taloja ja seikkailupuisto!\" \/>\n<meta name=\"robots\" content=\"index, follow, max-snippet:-1, max-image-preview:large, max-video-preview:-1\" \/>\n<link rel=\"canonical\" href=\"https:\/\/lottemaa.ee\/fi\/lottemaan-liput\/\" \/>\n<meta property=\"og:locale\" content=\"fi_FI\" \/>\n<meta property=\"og:type\" content=\"article\" \/>\n<meta property=\"og:title\" content=\"Lottemaan kes\u00e4 liput | Lottemaan teemapuisto\" \/>\n<meta property=\"og:description\" content=\"Baltian maiden isoin ja upein teemapuisto Virossa P\u00e4rnussa! Yli 100 kohdetta, kiehtovia taloja ja seikkailupuisto!\" \/>\n<meta property=\"og:url\" content=\"https:\/\/lottemaa.ee\/fi\/lottemaan-liput\/\" \/>\n<meta property=\"og:site_name\" content=\"Lottemaa Teemapark\" \/>\n<meta property=\"article:modified_time\" content=\"2026-01-05T13:32:00+00:00\" \/>\n<meta property=\"og:image\" content=\"https:\/\/lottemaa.ee\/wp-content\/uploads\/2025\/11\/lottemaa-programm.jpg\" \/>\n\t<meta property=\"og:image:width\" content=\"285\" \/>\n\t<meta property=\"og:image:height\" content=\"297\" \/>\n\t<meta property=\"og:image:type\" content=\"image\/jpeg\" \/>\n<meta name=\"twitter:card\" content=\"summary_large_image\" \/>\n<meta name=\"twitter:label1\" content=\"Arvioitu lukuaika\" \/>\n\t<meta name=\"twitter:data1\" content=\"2 minuuttia\" \/>\n<script type=\"application\/ld+json\" class=\"yoast-schema-graph\">{\"@context\":\"https:\/\/schema.org\",\"@graph\":[{\"@type\":\"WebPage\",\"@id\":\"https:\/\/lottemaa.ee\/fi\/lottemaan-liput\/\",\"url\":\"https:\/\/lottemaa.ee\/fi\/lottemaan-liput\/\",\"name\":\"Lottemaan kes\u00e4 liput | Lottemaan teemapuisto\",\"isPartOf\":{\"@id\":\"https:\/\/lottemaa.ee\/#website\"},\"primaryImageOfPage\":{\"@id\":\"https:\/\/lottemaa.ee\/fi\/lottemaan-liput\/#primaryimage\"},\"image\":{\"@id\":\"https:\/\/lottemaa.ee\/fi\/lottemaan-liput\/#primaryimage\"},\"thumbnailUrl\":\"https:\/\/lottemaa.ee\/wp-content\/uploads\/2025\/11\/lottemaa-programm.jpg\",\"datePublished\":\"2016-05-10T17:19:36+00:00\",\"dateModified\":\"2026-01-05T13:32:00+00:00\",\"description\":\"Baltian maiden isoin ja upein teemapuisto Virossa P\u00e4rnussa! Yli 100 kohdetta, kiehtovia taloja ja seikkailupuisto!\",\"breadcrumb\":{\"@id\":\"https:\/\/lottemaa.ee\/fi\/lottemaan-liput\/#breadcrumb\"},\"inLanguage\":\"fi\",\"potentialAction\":[{\"@type\":\"ReadAction\",\"target\":[\"https:\/\/lottemaa.ee\/fi\/lottemaan-liput\/\"]}]},{\"@type\":\"ImageObject\",\"inLanguage\":\"fi\",\"@id\":\"https:\/\/lottemaa.ee\/fi\/lottemaan-liput\/#primaryimage\",\"url\":\"https:\/\/lottemaa.ee\/wp-content\/uploads\/2025\/11\/lottemaa-programm.jpg\",\"contentUrl\":\"https:\/\/lottemaa.ee\/wp-content\/uploads\/2025\/11\/lottemaa-programm.jpg\",\"width\":285,\"height\":297},{\"@type\":\"BreadcrumbList\",\"@id\":\"https:\/\/lottemaa.ee\/fi\/lottemaan-liput\/#breadcrumb\",\"itemListElement\":[{\"@type\":\"ListItem\",\"position\":1,\"name\":\"Home\",\"item\":\"https:\/\/lottemaa.ee\/fi\/\"},{\"@type\":\"ListItem\",\"position\":2,\"name\":\"LIPPUTIEDOT\"}]},{\"@type\":\"WebSite\",\"@id\":\"https:\/\/lottemaa.ee\/#website\",\"url\":\"https:\/\/lottemaa.ee\/\",\"name\":\"Lottemaa Teemapark\",\"description\":\"Baltimaade suurim ja k\u00f5ige \u00e4gedam kogupere teemapark Eestis P\u00e4rnumaal\",\"publisher\":{\"@id\":\"https:\/\/lottemaa.ee\/#organization\"},\"potentialAction\":[{\"@type\":\"SearchAction\",\"target\":{\"@type\":\"EntryPoint\",\"urlTemplate\":\"https:\/\/lottemaa.ee\/?s={search_term_string}\"},\"query-input\":{\"@type\":\"PropertyValueSpecification\",\"valueRequired\":true,\"valueName\":\"search_term_string\"}}],\"inLanguage\":\"fi\"},{\"@type\":\"Organization\",\"@id\":\"https:\/\/lottemaa.ee\/#organization\",\"name\":\"Lottemaa Teemapark\",\"url\":\"https:\/\/lottemaa.ee\/\",\"logo\":{\"@type\":\"ImageObject\",\"inLanguage\":\"fi\",\"@id\":\"https:\/\/lottemaa.ee\/#\/schema\/logo\/image\/\",\"url\":\"https:\/\/lottemaa.ee\/wp-content\/uploads\/2018\/12\/Lottemaa_LOGO.png\",\"contentUrl\":\"https:\/\/lottemaa.ee\/wp-content\/uploads\/2018\/12\/Lottemaa_LOGO.png\",\"width\":1024,\"height\":518,\"caption\":\"Lottemaa Teemapark\"},\"image\":{\"@id\":\"https:\/\/lottemaa.ee\/#\/schema\/logo\/image\/\"}}]}<\/script>\n<!-- \/ Yoast SEO plugin. -->","yoast_head_json":{"title":"Lottemaan kes\u00e4 liput | Lottemaan teemapuisto","description":"Baltian maiden isoin ja upein teemapuisto Virossa P\u00e4rnussa! Yli 100 kohdetta, kiehtovia taloja ja seikkailupuisto!","robots":{"index":"index","follow":"follow","max-snippet":"max-snippet:-1","max-image-preview":"max-image-preview:large","max-video-preview":"max-video-preview:-1"},"canonical":"https:\/\/lottemaa.ee\/fi\/lottemaan-liput\/","og_locale":"fi_FI","og_type":"article","og_title":"Lottemaan kes\u00e4 liput | Lottemaan teemapuisto","og_description":"Baltian maiden isoin ja upein teemapuisto Virossa P\u00e4rnussa! Yli 100 kohdetta, kiehtovia taloja ja seikkailupuisto!","og_url":"https:\/\/lottemaa.ee\/fi\/lottemaan-liput\/","og_site_name":"Lottemaa Teemapark","article_modified_time":"2026-01-05T13:32:00+00:00","og_image":[{"width":285,"height":297,"url":"https:\/\/lottemaa.ee\/wp-content\/uploads\/2025\/11\/lottemaa-programm.jpg","type":"image\/jpeg"}],"twitter_card":"summary_large_image","twitter_misc":{"Arvioitu lukuaika":"2 minuuttia"},"schema":{"@context":"https:\/\/schema.org","@graph":[{"@type":"WebPage","@id":"https:\/\/lottemaa.ee\/fi\/lottemaan-liput\/","url":"https:\/\/lottemaa.ee\/fi\/lottemaan-liput\/","name":"Lottemaan kes\u00e4 liput | Lottemaan teemapuisto","isPartOf":{"@id":"https:\/\/lottemaa.ee\/#website"},"primaryImageOfPage":{"@id":"https:\/\/lottemaa.ee\/fi\/lottemaan-liput\/#primaryimage"},"image":{"@id":"https:\/\/lottemaa.ee\/fi\/lottemaan-liput\/#primaryimage"},"thumbnailUrl":"https:\/\/lottemaa.ee\/wp-content\/uploads\/2025\/11\/lottemaa-programm.jpg","datePublished":"2016-05-10T17:19:36+00:00","dateModified":"2026-01-05T13:32:00+00:00","description":"Baltian maiden isoin ja upein teemapuisto Virossa P\u00e4rnussa! Yli 100 kohdetta, kiehtovia taloja ja seikkailupuisto!","breadcrumb":{"@id":"https:\/\/lottemaa.ee\/fi\/lottemaan-liput\/#breadcrumb"},"inLanguage":"fi","potentialAction":[{"@type":"ReadAction","target":["https:\/\/lottemaa.ee\/fi\/lottemaan-liput\/"]}]},{"@type":"ImageObject","inLanguage":"fi","@id":"https:\/\/lottemaa.ee\/fi\/lottemaan-liput\/#primaryimage","url":"https:\/\/lottemaa.ee\/wp-content\/uploads\/2025\/11\/lottemaa-programm.jpg","contentUrl":"https:\/\/lottemaa.ee\/wp-content\/uploads\/2025\/11\/lottemaa-programm.jpg","width":285,"height":297},{"@type":"BreadcrumbList","@id":"https:\/\/lottemaa.ee\/fi\/lottemaan-liput\/#breadcrumb","itemListElement":[{"@type":"ListItem","position":1,"name":"Home","item":"https:\/\/lottemaa.ee\/fi\/"},{"@type":"ListItem","position":2,"name":"LIPPUTIEDOT"}]},{"@type":"WebSite","@id":"https:\/\/lottemaa.ee\/#website","url":"https:\/\/lottemaa.ee\/","name":"Lottemaa Teemapark","description":"Baltimaade suurim ja k\u00f5ige \u00e4gedam kogupere teemapark Eestis P\u00e4rnumaal","publisher":{"@id":"https:\/\/lottemaa.ee\/#organization"},"potentialAction":[{"@type":"SearchAction","target":{"@type":"EntryPoint","urlTemplate":"https:\/\/lottemaa.ee\/?s={search_term_string}"},"query-input":{"@type":"PropertyValueSpecification","valueRequired":true,"valueName":"search_term_string"}}],"inLanguage":"fi"},{"@type":"Organization","@id":"https:\/\/lottemaa.ee\/#organization","name":"Lottemaa Teemapark","url":"https:\/\/lottemaa.ee\/","logo":{"@type":"ImageObject","inLanguage":"fi","@id":"https:\/\/lottemaa.ee\/#\/schema\/logo\/image\/","url":"https:\/\/lottemaa.ee\/wp-content\/uploads\/2018\/12\/Lottemaa_LOGO.png","contentUrl":"https:\/\/lottemaa.ee\/wp-content\/uploads\/2018\/12\/Lottemaa_LOGO.png","width":1024,"height":518,"caption":"Lottemaa Teemapark"},"image":{"@id":"https:\/\/lottemaa.ee\/#\/schema\/logo\/image\/"}}]}},"_links":{"self":[{"href":"https:\/\/lottemaa.ee\/fi\/wp-json\/wp\/v2\/pages\/564","targetHints":{"allow":["GET"]}}],"collection":[{"href":"https:\/\/lottemaa.ee\/fi\/wp-json\/wp\/v2\/pages"}],"about":[{"href":"https:\/\/lottemaa.ee\/fi\/wp-json\/wp\/v2\/types\/page"}],"author":[{"embeddable":true,"href":"https:\/\/lottemaa.ee\/fi\/wp-json\/wp\/v2\/users\/1"}],"replies":[{"embeddable":true,"href":"https:\/\/lottemaa.ee\/fi\/wp-json\/wp\/v2\/comments?post=564"}],"version-history":[{"count":5,"href":"https:\/\/lottemaa.ee\/fi\/wp-json\/wp\/v2\/pages\/564\/revisions"}],"predecessor-version":[{"id":32629,"href":"https:\/\/lottemaa.ee\/fi\/wp-json\/wp\/v2\/pages\/564\/revisions\/32629"}],"wp:featuredmedia":[{"embeddable":true,"href":"https:\/\/lottemaa.ee\/fi\/wp-json\/wp\/v2\/media\/32225"}],"wp:attachment":[{"href":"https:\/\/lottemaa.ee\/fi\/wp-json\/wp\/v2\/media?parent=564"}],"curies":[{"name":"wp","href":"https:\/\/api.w.org\/{rel}","templated":true}]}}