{"id":4066,"date":"2017-02-02T14:47:23","date_gmt":"2017-02-02T12:47:23","guid":{"rendered":"http:\/\/test.lottemaa.ee\/?page_id=4066\/"},"modified":"2026-01-04T22:03:39","modified_gmt":"2026-01-04T20:03:39","slug":"lottemaan-kahvila","status":"publish","type":"page","link":"https:\/\/lottemaa.ee\/fi\/paiva-lottemaassa\/ruoat-ja-juomat\/lottemaan-kahvila\/","title":{"rendered":"Lottemaan kahvila"},"content":{"rendered":"<p style=\"text-align: left;\">Lottemaan kahvila tarjoaa erinomaista purtavaa. Kahvilasta saa tuoreita salaatteja, herkullisia keittoja, maukkaita k\u00e4sintehtyj\u00e4 hampurilaisia, ihania pastoja, italialaistyylisi\u00e4 pizzoja, tukevampia ja kevyempi\u00e4 annoksia ja tietenkin maailman maukkaimpia j\u00e4\u00e4tel\u00f6cocktaileja ja smoothieita. Kahvilassa on yli 170 istumapaikkaa.<\/p>\n<p>&nbsp;<\/p>\n","protected":false},"excerpt":{"rendered":"<p>Lottemaan kahvila tarjoaa erinomaista purtavaa. Kahvilasta saa tuoreita salaatteja, herkullisia keittoja, maukkaita k\u00e4sintehtyj\u00e4 hampurilaisia, ihania pastoja, italialaistyylisi\u00e4 pizzoja, tukevampia ja kevyempi\u00e4 annoksia ja tietenkin maailman maukkaimpia j\u00e4\u00e4tel\u00f6cocktaileja ja smoothieita. Kahvilassa on yli 170 istumapaikkaa. &nbsp;<\/p>\n","protected":false},"author":7,"featured_media":28185,"parent":1262,"menu_order":425,"comment_status":"closed","ping_status":"closed","template":"","meta":{"_acf_changed":false,"om_disable_all_campaigns":false,"_uf_show_specific_survey":0,"_uf_disable_surveys":false,"footnotes":""},"class_list":["post-4066","page","type-page","status-publish","has-post-thumbnail","hentry"],"acf":[],"yoast_head":"<!-- This site is optimized with the Yoast SEO plugin v25.5 - https:\/\/yoast.com\/wordpress\/plugins\/seo\/ -->\n<title>Lottemaan kahvila | Lottemaa Teemapark<\/title>\n<meta name=\"description\" content=\"Lottemaan kahvila tarjoaa erinomaista purtavaa. Kahvilasta saa tuoreita salaatteja, herkullisia keittoja, maukkaita k\u00e4sintehtyj\u00e4 hampurilaisia, ihania pastoja, italialaistyylisi\u00e4 pizzoja, tukevampia ja kevyempi\u00e4 annoksia ja tietenkin maailman maukkaimpia j\u00e4\u00e4tel\u00f6cocktaileja ja smoothieita. Kahvilassa on yli 200 istumapaikkaa.\" \/>\n<meta name=\"robots\" content=\"index, follow, max-snippet:-1, max-image-preview:large, max-video-preview:-1\" \/>\n<link rel=\"canonical\" href=\"https:\/\/lottemaa.ee\/fi\/paiva-lottemaassa\/ruoat-ja-juomat\/lottemaan-kahvila\/\" \/>\n<meta property=\"og:locale\" content=\"fi_FI\" \/>\n<meta property=\"og:type\" content=\"article\" \/>\n<meta property=\"og:title\" content=\"Lottemaan kahvila | Lottemaa Teemapark\" \/>\n<meta property=\"og:description\" content=\"Lottemaan kahvila tarjoaa erinomaista purtavaa. Kahvilasta saa tuoreita salaatteja, herkullisia keittoja, maukkaita k\u00e4sintehtyj\u00e4 hampurilaisia, ihania pastoja, italialaistyylisi\u00e4 pizzoja, tukevampia ja kevyempi\u00e4 annoksia ja tietenkin maailman maukkaimpia j\u00e4\u00e4tel\u00f6cocktaileja ja smoothieita. Kahvilassa on yli 200 istumapaikkaa.\" \/>\n<meta property=\"og:url\" content=\"https:\/\/lottemaa.ee\/fi\/paiva-lottemaassa\/ruoat-ja-juomat\/lottemaan-kahvila\/\" \/>\n<meta property=\"og:site_name\" content=\"Lottemaa Teemapark\" \/>\n<meta property=\"article:modified_time\" content=\"2026-01-04T20:03:39+00:00\" \/>\n<meta property=\"og:image\" content=\"https:\/\/lottemaa.ee\/wp-content\/uploads\/2024\/09\/Suve-viimane-paev-print-2-scaled.jpg\" \/>\n\t<meta property=\"og:image:width\" content=\"2560\" \/>\n\t<meta property=\"og:image:height\" content=\"1707\" \/>\n\t<meta property=\"og:image:type\" content=\"image\/jpeg\" \/>\n<meta name=\"twitter:card\" content=\"summary_large_image\" \/>\n<meta name=\"twitter:label1\" content=\"Arvioitu lukuaika\" \/>\n\t<meta name=\"twitter:data1\" content=\"1 minuutti\" \/>\n<script type=\"application\/ld+json\" class=\"yoast-schema-graph\">{\"@context\":\"https:\/\/schema.org\",\"@graph\":[{\"@type\":\"WebPage\",\"@id\":\"https:\/\/lottemaa.ee\/fi\/paiva-lottemaassa\/ruoat-ja-juomat\/lottemaan-kahvila\/\",\"url\":\"https:\/\/lottemaa.ee\/fi\/paiva-lottemaassa\/ruoat-ja-juomat\/lottemaan-kahvila\/\",\"name\":\"Lottemaan kahvila | Lottemaa Teemapark\",\"isPartOf\":{\"@id\":\"https:\/\/lottemaa.ee\/#website\"},\"primaryImageOfPage\":{\"@id\":\"https:\/\/lottemaa.ee\/fi\/paiva-lottemaassa\/ruoat-ja-juomat\/lottemaan-kahvila\/#primaryimage\"},\"image\":{\"@id\":\"https:\/\/lottemaa.ee\/fi\/paiva-lottemaassa\/ruoat-ja-juomat\/lottemaan-kahvila\/#primaryimage\"},\"thumbnailUrl\":\"https:\/\/lottemaa.ee\/wp-content\/uploads\/2024\/09\/Suve-viimane-paev-print-2-scaled.jpg\",\"datePublished\":\"2017-02-02T12:47:23+00:00\",\"dateModified\":\"2026-01-04T20:03:39+00:00\",\"description\":\"Lottemaan kahvila tarjoaa erinomaista purtavaa. Kahvilasta saa tuoreita salaatteja, herkullisia keittoja, maukkaita k\u00e4sintehtyj\u00e4 hampurilaisia, ihania pastoja, italialaistyylisi\u00e4 pizzoja, tukevampia ja kevyempi\u00e4 annoksia ja tietenkin maailman maukkaimpia j\u00e4\u00e4tel\u00f6cocktaileja ja smoothieita. Kahvilassa on yli 200 istumapaikkaa.\",\"breadcrumb\":{\"@id\":\"https:\/\/lottemaa.ee\/fi\/paiva-lottemaassa\/ruoat-ja-juomat\/lottemaan-kahvila\/#breadcrumb\"},\"inLanguage\":\"fi\",\"potentialAction\":[{\"@type\":\"ReadAction\",\"target\":[\"https:\/\/lottemaa.ee\/fi\/paiva-lottemaassa\/ruoat-ja-juomat\/lottemaan-kahvila\/\"]}]},{\"@type\":\"ImageObject\",\"inLanguage\":\"fi\",\"@id\":\"https:\/\/lottemaa.ee\/fi\/paiva-lottemaassa\/ruoat-ja-juomat\/lottemaan-kahvila\/#primaryimage\",\"url\":\"https:\/\/lottemaa.ee\/wp-content\/uploads\/2024\/09\/Suve-viimane-paev-print-2-scaled.jpg\",\"contentUrl\":\"https:\/\/lottemaa.ee\/wp-content\/uploads\/2024\/09\/Suve-viimane-paev-print-2-scaled.jpg\",\"width\":2560,\"height\":1707},{\"@type\":\"BreadcrumbList\",\"@id\":\"https:\/\/lottemaa.ee\/fi\/paiva-lottemaassa\/ruoat-ja-juomat\/lottemaan-kahvila\/#breadcrumb\",\"itemListElement\":[{\"@type\":\"ListItem\",\"position\":1,\"name\":\"Home\",\"item\":\"https:\/\/lottemaa.ee\/fi\/\"},{\"@type\":\"ListItem\",\"position\":2,\"name\":\"P\u00e4iv\u00e4 Lottemaassa\",\"item\":\"https:\/\/lottemaa.ee\/fi\/paiva-lottemaassa\/\"},{\"@type\":\"ListItem\",\"position\":3,\"name\":\"Ruoat ja juomat\",\"item\":\"https:\/\/lottemaa.ee\/fi\/paiva-lottemaassa\/ruoat-ja-juomat\/\"},{\"@type\":\"ListItem\",\"position\":4,\"name\":\"Lottemaan kahvila\"}]},{\"@type\":\"WebSite\",\"@id\":\"https:\/\/lottemaa.ee\/#website\",\"url\":\"https:\/\/lottemaa.ee\/\",\"name\":\"Lottemaa Teemapark\",\"description\":\"Baltimaade suurim ja k\u00f5ige \u00e4gedam kogupere teemapark Eestis P\u00e4rnumaal\",\"publisher\":{\"@id\":\"https:\/\/lottemaa.ee\/#organization\"},\"potentialAction\":[{\"@type\":\"SearchAction\",\"target\":{\"@type\":\"EntryPoint\",\"urlTemplate\":\"https:\/\/lottemaa.ee\/?s={search_term_string}\"},\"query-input\":{\"@type\":\"PropertyValueSpecification\",\"valueRequired\":true,\"valueName\":\"search_term_string\"}}],\"inLanguage\":\"fi\"},{\"@type\":\"Organization\",\"@id\":\"https:\/\/lottemaa.ee\/#organization\",\"name\":\"Lottemaa Teemapark\",\"url\":\"https:\/\/lottemaa.ee\/\",\"logo\":{\"@type\":\"ImageObject\",\"inLanguage\":\"fi\",\"@id\":\"https:\/\/lottemaa.ee\/#\/schema\/logo\/image\/\",\"url\":\"https:\/\/lottemaa.ee\/wp-content\/uploads\/2018\/12\/Lottemaa_LOGO.png\",\"contentUrl\":\"https:\/\/lottemaa.ee\/wp-content\/uploads\/2018\/12\/Lottemaa_LOGO.png\",\"width\":1024,\"height\":518,\"caption\":\"Lottemaa Teemapark\"},\"image\":{\"@id\":\"https:\/\/lottemaa.ee\/#\/schema\/logo\/image\/\"}}]}<\/script>\n<!-- \/ Yoast SEO plugin. -->","yoast_head_json":{"title":"Lottemaan kahvila | Lottemaa Teemapark","description":"Lottemaan kahvila tarjoaa erinomaista purtavaa. Kahvilasta saa tuoreita salaatteja, herkullisia keittoja, maukkaita k\u00e4sintehtyj\u00e4 hampurilaisia, ihania pastoja, italialaistyylisi\u00e4 pizzoja, tukevampia ja kevyempi\u00e4 annoksia ja tietenkin maailman maukkaimpia j\u00e4\u00e4tel\u00f6cocktaileja ja smoothieita. Kahvilassa on yli 200 istumapaikkaa.","robots":{"index":"index","follow":"follow","max-snippet":"max-snippet:-1","max-image-preview":"max-image-preview:large","max-video-preview":"max-video-preview:-1"},"canonical":"https:\/\/lottemaa.ee\/fi\/paiva-lottemaassa\/ruoat-ja-juomat\/lottemaan-kahvila\/","og_locale":"fi_FI","og_type":"article","og_title":"Lottemaan kahvila | Lottemaa Teemapark","og_description":"Lottemaan kahvila tarjoaa erinomaista purtavaa. Kahvilasta saa tuoreita salaatteja, herkullisia keittoja, maukkaita k\u00e4sintehtyj\u00e4 hampurilaisia, ihania pastoja, italialaistyylisi\u00e4 pizzoja, tukevampia ja kevyempi\u00e4 annoksia ja tietenkin maailman maukkaimpia j\u00e4\u00e4tel\u00f6cocktaileja ja smoothieita. Kahvilassa on yli 200 istumapaikkaa.","og_url":"https:\/\/lottemaa.ee\/fi\/paiva-lottemaassa\/ruoat-ja-juomat\/lottemaan-kahvila\/","og_site_name":"Lottemaa Teemapark","article_modified_time":"2026-01-04T20:03:39+00:00","og_image":[{"width":2560,"height":1707,"url":"https:\/\/lottemaa.ee\/wp-content\/uploads\/2024\/09\/Suve-viimane-paev-print-2-scaled.jpg","type":"image\/jpeg"}],"twitter_card":"summary_large_image","twitter_misc":{"Arvioitu lukuaika":"1 minuutti"},"schema":{"@context":"https:\/\/schema.org","@graph":[{"@type":"WebPage","@id":"https:\/\/lottemaa.ee\/fi\/paiva-lottemaassa\/ruoat-ja-juomat\/lottemaan-kahvila\/","url":"https:\/\/lottemaa.ee\/fi\/paiva-lottemaassa\/ruoat-ja-juomat\/lottemaan-kahvila\/","name":"Lottemaan kahvila | Lottemaa Teemapark","isPartOf":{"@id":"https:\/\/lottemaa.ee\/#website"},"primaryImageOfPage":{"@id":"https:\/\/lottemaa.ee\/fi\/paiva-lottemaassa\/ruoat-ja-juomat\/lottemaan-kahvila\/#primaryimage"},"image":{"@id":"https:\/\/lottemaa.ee\/fi\/paiva-lottemaassa\/ruoat-ja-juomat\/lottemaan-kahvila\/#primaryimage"},"thumbnailUrl":"https:\/\/lottemaa.ee\/wp-content\/uploads\/2024\/09\/Suve-viimane-paev-print-2-scaled.jpg","datePublished":"2017-02-02T12:47:23+00:00","dateModified":"2026-01-04T20:03:39+00:00","description":"Lottemaan kahvila tarjoaa erinomaista purtavaa. Kahvilasta saa tuoreita salaatteja, herkullisia keittoja, maukkaita k\u00e4sintehtyj\u00e4 hampurilaisia, ihania pastoja, italialaistyylisi\u00e4 pizzoja, tukevampia ja kevyempi\u00e4 annoksia ja tietenkin maailman maukkaimpia j\u00e4\u00e4tel\u00f6cocktaileja ja smoothieita. Kahvilassa on yli 200 istumapaikkaa.","breadcrumb":{"@id":"https:\/\/lottemaa.ee\/fi\/paiva-lottemaassa\/ruoat-ja-juomat\/lottemaan-kahvila\/#breadcrumb"},"inLanguage":"fi","potentialAction":[{"@type":"ReadAction","target":["https:\/\/lottemaa.ee\/fi\/paiva-lottemaassa\/ruoat-ja-juomat\/lottemaan-kahvila\/"]}]},{"@type":"ImageObject","inLanguage":"fi","@id":"https:\/\/lottemaa.ee\/fi\/paiva-lottemaassa\/ruoat-ja-juomat\/lottemaan-kahvila\/#primaryimage","url":"https:\/\/lottemaa.ee\/wp-content\/uploads\/2024\/09\/Suve-viimane-paev-print-2-scaled.jpg","contentUrl":"https:\/\/lottemaa.ee\/wp-content\/uploads\/2024\/09\/Suve-viimane-paev-print-2-scaled.jpg","width":2560,"height":1707},{"@type":"BreadcrumbList","@id":"https:\/\/lottemaa.ee\/fi\/paiva-lottemaassa\/ruoat-ja-juomat\/lottemaan-kahvila\/#breadcrumb","itemListElement":[{"@type":"ListItem","position":1,"name":"Home","item":"https:\/\/lottemaa.ee\/fi\/"},{"@type":"ListItem","position":2,"name":"P\u00e4iv\u00e4 Lottemaassa","item":"https:\/\/lottemaa.ee\/fi\/paiva-lottemaassa\/"},{"@type":"ListItem","position":3,"name":"Ruoat ja juomat","item":"https:\/\/lottemaa.ee\/fi\/paiva-lottemaassa\/ruoat-ja-juomat\/"},{"@type":"ListItem","position":4,"name":"Lottemaan kahvila"}]},{"@type":"WebSite","@id":"https:\/\/lottemaa.ee\/#website","url":"https:\/\/lottemaa.ee\/","name":"Lottemaa Teemapark","description":"Baltimaade suurim ja k\u00f5ige \u00e4gedam kogupere teemapark Eestis P\u00e4rnumaal","publisher":{"@id":"https:\/\/lottemaa.ee\/#organization"},"potentialAction":[{"@type":"SearchAction","target":{"@type":"EntryPoint","urlTemplate":"https:\/\/lottemaa.ee\/?s={search_term_string}"},"query-input":{"@type":"PropertyValueSpecification","valueRequired":true,"valueName":"search_term_string"}}],"inLanguage":"fi"},{"@type":"Organization","@id":"https:\/\/lottemaa.ee\/#organization","name":"Lottemaa Teemapark","url":"https:\/\/lottemaa.ee\/","logo":{"@type":"ImageObject","inLanguage":"fi","@id":"https:\/\/lottemaa.ee\/#\/schema\/logo\/image\/","url":"https:\/\/lottemaa.ee\/wp-content\/uploads\/2018\/12\/Lottemaa_LOGO.png","contentUrl":"https:\/\/lottemaa.ee\/wp-content\/uploads\/2018\/12\/Lottemaa_LOGO.png","width":1024,"height":518,"caption":"Lottemaa Teemapark"},"image":{"@id":"https:\/\/lottemaa.ee\/#\/schema\/logo\/image\/"}}]}},"_links":{"self":[{"href":"https:\/\/lottemaa.ee\/fi\/wp-json\/wp\/v2\/pages\/4066","targetHints":{"allow":["GET"]}}],"collection":[{"href":"https:\/\/lottemaa.ee\/fi\/wp-json\/wp\/v2\/pages"}],"about":[{"href":"https:\/\/lottemaa.ee\/fi\/wp-json\/wp\/v2\/types\/page"}],"author":[{"embeddable":true,"href":"https:\/\/lottemaa.ee\/fi\/wp-json\/wp\/v2\/users\/7"}],"replies":[{"embeddable":true,"href":"https:\/\/lottemaa.ee\/fi\/wp-json\/wp\/v2\/comments?post=4066"}],"version-history":[{"count":5,"href":"https:\/\/lottemaa.ee\/fi\/wp-json\/wp\/v2\/pages\/4066\/revisions"}],"predecessor-version":[{"id":32568,"href":"https:\/\/lottemaa.ee\/fi\/wp-json\/wp\/v2\/pages\/4066\/revisions\/32568"}],"up":[{"embeddable":true,"href":"https:\/\/lottemaa.ee\/fi\/wp-json\/wp\/v2\/pages\/1262"}],"wp:featuredmedia":[{"embeddable":true,"href":"https:\/\/lottemaa.ee\/fi\/wp-json\/wp\/v2\/media\/28185"}],"wp:attachment":[{"href":"https:\/\/lottemaa.ee\/fi\/wp-json\/wp\/v2\/media?parent=4066"}],"curies":[{"name":"wp","href":"https:\/\/api.w.org\/{rel}","templated":true}]}}