{"id":4060,"date":"2017-02-02T14:06:14","date_gmt":"2017-02-02T12:06:14","guid":{"rendered":"http:\/\/test.lottemaa.ee\/?page_id=4060\/"},"modified":"2023-03-24T14:26:35","modified_gmt":"2023-03-24T12:26:35","slug":"rantalaiva","status":"publish","type":"page","link":"https:\/\/lottemaa.ee\/fi\/paiva-lottemaassa\/talot-ja-toiminnot\/rantalaiva\/","title":{"rendered":"RANTALAIVA"},"content":{"rendered":"<p style=\"text-align: left;\">Rantalaiva on kulkenut kaikilla maailman valtamerill\u00e4. Nyt se on el\u00e4kkeell\u00e4 ja nauttii siit\u00e4, kun lapset sen kanssa leikkiv\u00e4t.<\/p>\n","protected":false},"excerpt":{"rendered":"<p>Rantalaiva on kulkenut kaikilla maailman valtamerill\u00e4. Nyt se on el\u00e4kkeell\u00e4 ja nauttii siit\u00e4, kun lapset sen kanssa leikkiv\u00e4t.<\/p>\n","protected":false},"author":7,"featured_media":2687,"parent":1189,"menu_order":606,"comment_status":"closed","ping_status":"closed","template":"","meta":{"_acf_changed":false,"om_disable_all_campaigns":false,"_uf_show_specific_survey":0,"_uf_disable_surveys":false,"footnotes":""},"class_list":["post-4060","page","type-page","status-publish","has-post-thumbnail","hentry"],"acf":[],"yoast_head":"<!-- This site is optimized with the Yoast SEO plugin v25.5 - https:\/\/yoast.com\/wordpress\/plugins\/seo\/ -->\n<title>RANTALAIVA | Lottemaa Teemapark<\/title>\n<meta name=\"description\" content=\"Rantalaiva on kulkenut kaikilla maailman valtamerill\u00e4. Nyt se on el\u00e4kkeell\u00e4 ja nauttii siit\u00e4, kun lapset sen kanssa leikkiv\u00e4t.\" \/>\n<meta name=\"robots\" content=\"index, follow, max-snippet:-1, max-image-preview:large, max-video-preview:-1\" \/>\n<link rel=\"canonical\" href=\"https:\/\/lottemaa.ee\/fi\/paiva-lottemaassa\/talot-ja-toiminnot\/rantalaiva\/\" \/>\n<meta property=\"og:locale\" content=\"fi_FI\" \/>\n<meta property=\"og:type\" content=\"article\" \/>\n<meta property=\"og:title\" content=\"RANTALAIVA | Lottemaa Teemapark\" \/>\n<meta property=\"og:description\" content=\"Rantalaiva on kulkenut kaikilla maailman valtamerill\u00e4. Nyt se on el\u00e4kkeell\u00e4 ja nauttii siit\u00e4, kun lapset sen kanssa leikkiv\u00e4t.\" \/>\n<meta property=\"og:url\" content=\"https:\/\/lottemaa.ee\/fi\/paiva-lottemaassa\/talot-ja-toiminnot\/rantalaiva\/\" \/>\n<meta property=\"og:site_name\" content=\"Lottemaa Teemapark\" \/>\n<meta property=\"article:modified_time\" content=\"2023-03-24T12:26:35+00:00\" \/>\n<meta property=\"og:image\" content=\"https:\/\/lottemaa.ee\/wp-content\/uploads\/2016\/06\/IMG_4476-3-1024x683.jpg\" \/>\n\t<meta property=\"og:image:width\" content=\"1024\" \/>\n\t<meta property=\"og:image:height\" content=\"683\" \/>\n\t<meta property=\"og:image:type\" content=\"image\/jpeg\" \/>\n<meta name=\"twitter:card\" content=\"summary_large_image\" \/>\n<meta name=\"twitter:label1\" content=\"Arvioitu lukuaika\" \/>\n\t<meta name=\"twitter:data1\" content=\"1 minuutti\" \/>\n<script type=\"application\/ld+json\" class=\"yoast-schema-graph\">{\"@context\":\"https:\/\/schema.org\",\"@graph\":[{\"@type\":\"WebPage\",\"@id\":\"https:\/\/lottemaa.ee\/fi\/paiva-lottemaassa\/talot-ja-toiminnot\/rantalaiva\/\",\"url\":\"https:\/\/lottemaa.ee\/fi\/paiva-lottemaassa\/talot-ja-toiminnot\/rantalaiva\/\",\"name\":\"RANTALAIVA | Lottemaa Teemapark\",\"isPartOf\":{\"@id\":\"https:\/\/lottemaa.ee\/#website\"},\"primaryImageOfPage\":{\"@id\":\"https:\/\/lottemaa.ee\/fi\/paiva-lottemaassa\/talot-ja-toiminnot\/rantalaiva\/#primaryimage\"},\"image\":{\"@id\":\"https:\/\/lottemaa.ee\/fi\/paiva-lottemaassa\/talot-ja-toiminnot\/rantalaiva\/#primaryimage\"},\"thumbnailUrl\":\"https:\/\/lottemaa.ee\/wp-content\/uploads\/2016\/06\/IMG_4476-3.jpg\",\"datePublished\":\"2017-02-02T12:06:14+00:00\",\"dateModified\":\"2023-03-24T12:26:35+00:00\",\"description\":\"Rantalaiva on kulkenut kaikilla maailman valtamerill\u00e4. Nyt se on el\u00e4kkeell\u00e4 ja nauttii siit\u00e4, kun lapset sen kanssa leikkiv\u00e4t.\",\"breadcrumb\":{\"@id\":\"https:\/\/lottemaa.ee\/fi\/paiva-lottemaassa\/talot-ja-toiminnot\/rantalaiva\/#breadcrumb\"},\"inLanguage\":\"fi\",\"potentialAction\":[{\"@type\":\"ReadAction\",\"target\":[\"https:\/\/lottemaa.ee\/fi\/paiva-lottemaassa\/talot-ja-toiminnot\/rantalaiva\/\"]}]},{\"@type\":\"ImageObject\",\"inLanguage\":\"fi\",\"@id\":\"https:\/\/lottemaa.ee\/fi\/paiva-lottemaassa\/talot-ja-toiminnot\/rantalaiva\/#primaryimage\",\"url\":\"https:\/\/lottemaa.ee\/wp-content\/uploads\/2016\/06\/IMG_4476-3.jpg\",\"contentUrl\":\"https:\/\/lottemaa.ee\/wp-content\/uploads\/2016\/06\/IMG_4476-3.jpg\",\"width\":5689,\"height\":3793},{\"@type\":\"BreadcrumbList\",\"@id\":\"https:\/\/lottemaa.ee\/fi\/paiva-lottemaassa\/talot-ja-toiminnot\/rantalaiva\/#breadcrumb\",\"itemListElement\":[{\"@type\":\"ListItem\",\"position\":1,\"name\":\"Home\",\"item\":\"https:\/\/lottemaa.ee\/fi\/\"},{\"@type\":\"ListItem\",\"position\":2,\"name\":\"P\u00e4iv\u00e4 Lottemaassa\",\"item\":\"https:\/\/lottemaa.ee\/fi\/paiva-lottemaassa\/\"},{\"@type\":\"ListItem\",\"position\":3,\"name\":\"Talot ja toiminnot\",\"item\":\"https:\/\/lottemaa.ee\/fi\/paiva-lottemaassa\/talot-ja-toiminnot\/\"},{\"@type\":\"ListItem\",\"position\":4,\"name\":\"RANTALAIVA\"}]},{\"@type\":\"WebSite\",\"@id\":\"https:\/\/lottemaa.ee\/#website\",\"url\":\"https:\/\/lottemaa.ee\/\",\"name\":\"Lottemaa Teemapark\",\"description\":\"Baltimaade suurim ja k\u00f5ige \u00e4gedam kogupere teemapark Eestis P\u00e4rnumaal\",\"publisher\":{\"@id\":\"https:\/\/lottemaa.ee\/#organization\"},\"potentialAction\":[{\"@type\":\"SearchAction\",\"target\":{\"@type\":\"EntryPoint\",\"urlTemplate\":\"https:\/\/lottemaa.ee\/?s={search_term_string}\"},\"query-input\":{\"@type\":\"PropertyValueSpecification\",\"valueRequired\":true,\"valueName\":\"search_term_string\"}}],\"inLanguage\":\"fi\"},{\"@type\":\"Organization\",\"@id\":\"https:\/\/lottemaa.ee\/#organization\",\"name\":\"Lottemaa Teemapark\",\"url\":\"https:\/\/lottemaa.ee\/\",\"logo\":{\"@type\":\"ImageObject\",\"inLanguage\":\"fi\",\"@id\":\"https:\/\/lottemaa.ee\/#\/schema\/logo\/image\/\",\"url\":\"https:\/\/lottemaa.ee\/wp-content\/uploads\/2018\/12\/Lottemaa_LOGO.png\",\"contentUrl\":\"https:\/\/lottemaa.ee\/wp-content\/uploads\/2018\/12\/Lottemaa_LOGO.png\",\"width\":1024,\"height\":518,\"caption\":\"Lottemaa Teemapark\"},\"image\":{\"@id\":\"https:\/\/lottemaa.ee\/#\/schema\/logo\/image\/\"}}]}<\/script>\n<!-- \/ Yoast SEO plugin. -->","yoast_head_json":{"title":"RANTALAIVA | Lottemaa Teemapark","description":"Rantalaiva on kulkenut kaikilla maailman valtamerill\u00e4. Nyt se on el\u00e4kkeell\u00e4 ja nauttii siit\u00e4, kun lapset sen kanssa leikkiv\u00e4t.","robots":{"index":"index","follow":"follow","max-snippet":"max-snippet:-1","max-image-preview":"max-image-preview:large","max-video-preview":"max-video-preview:-1"},"canonical":"https:\/\/lottemaa.ee\/fi\/paiva-lottemaassa\/talot-ja-toiminnot\/rantalaiva\/","og_locale":"fi_FI","og_type":"article","og_title":"RANTALAIVA | Lottemaa Teemapark","og_description":"Rantalaiva on kulkenut kaikilla maailman valtamerill\u00e4. Nyt se on el\u00e4kkeell\u00e4 ja nauttii siit\u00e4, kun lapset sen kanssa leikkiv\u00e4t.","og_url":"https:\/\/lottemaa.ee\/fi\/paiva-lottemaassa\/talot-ja-toiminnot\/rantalaiva\/","og_site_name":"Lottemaa Teemapark","article_modified_time":"2023-03-24T12:26:35+00:00","og_image":[{"width":1024,"height":683,"url":"https:\/\/lottemaa.ee\/wp-content\/uploads\/2016\/06\/IMG_4476-3-1024x683.jpg","type":"image\/jpeg"}],"twitter_card":"summary_large_image","twitter_misc":{"Arvioitu lukuaika":"1 minuutti"},"schema":{"@context":"https:\/\/schema.org","@graph":[{"@type":"WebPage","@id":"https:\/\/lottemaa.ee\/fi\/paiva-lottemaassa\/talot-ja-toiminnot\/rantalaiva\/","url":"https:\/\/lottemaa.ee\/fi\/paiva-lottemaassa\/talot-ja-toiminnot\/rantalaiva\/","name":"RANTALAIVA | Lottemaa Teemapark","isPartOf":{"@id":"https:\/\/lottemaa.ee\/#website"},"primaryImageOfPage":{"@id":"https:\/\/lottemaa.ee\/fi\/paiva-lottemaassa\/talot-ja-toiminnot\/rantalaiva\/#primaryimage"},"image":{"@id":"https:\/\/lottemaa.ee\/fi\/paiva-lottemaassa\/talot-ja-toiminnot\/rantalaiva\/#primaryimage"},"thumbnailUrl":"https:\/\/lottemaa.ee\/wp-content\/uploads\/2016\/06\/IMG_4476-3.jpg","datePublished":"2017-02-02T12:06:14+00:00","dateModified":"2023-03-24T12:26:35+00:00","description":"Rantalaiva on kulkenut kaikilla maailman valtamerill\u00e4. Nyt se on el\u00e4kkeell\u00e4 ja nauttii siit\u00e4, kun lapset sen kanssa leikkiv\u00e4t.","breadcrumb":{"@id":"https:\/\/lottemaa.ee\/fi\/paiva-lottemaassa\/talot-ja-toiminnot\/rantalaiva\/#breadcrumb"},"inLanguage":"fi","potentialAction":[{"@type":"ReadAction","target":["https:\/\/lottemaa.ee\/fi\/paiva-lottemaassa\/talot-ja-toiminnot\/rantalaiva\/"]}]},{"@type":"ImageObject","inLanguage":"fi","@id":"https:\/\/lottemaa.ee\/fi\/paiva-lottemaassa\/talot-ja-toiminnot\/rantalaiva\/#primaryimage","url":"https:\/\/lottemaa.ee\/wp-content\/uploads\/2016\/06\/IMG_4476-3.jpg","contentUrl":"https:\/\/lottemaa.ee\/wp-content\/uploads\/2016\/06\/IMG_4476-3.jpg","width":5689,"height":3793},{"@type":"BreadcrumbList","@id":"https:\/\/lottemaa.ee\/fi\/paiva-lottemaassa\/talot-ja-toiminnot\/rantalaiva\/#breadcrumb","itemListElement":[{"@type":"ListItem","position":1,"name":"Home","item":"https:\/\/lottemaa.ee\/fi\/"},{"@type":"ListItem","position":2,"name":"P\u00e4iv\u00e4 Lottemaassa","item":"https:\/\/lottemaa.ee\/fi\/paiva-lottemaassa\/"},{"@type":"ListItem","position":3,"name":"Talot ja toiminnot","item":"https:\/\/lottemaa.ee\/fi\/paiva-lottemaassa\/talot-ja-toiminnot\/"},{"@type":"ListItem","position":4,"name":"RANTALAIVA"}]},{"@type":"WebSite","@id":"https:\/\/lottemaa.ee\/#website","url":"https:\/\/lottemaa.ee\/","name":"Lottemaa Teemapark","description":"Baltimaade suurim ja k\u00f5ige \u00e4gedam kogupere teemapark Eestis P\u00e4rnumaal","publisher":{"@id":"https:\/\/lottemaa.ee\/#organization"},"potentialAction":[{"@type":"SearchAction","target":{"@type":"EntryPoint","urlTemplate":"https:\/\/lottemaa.ee\/?s={search_term_string}"},"query-input":{"@type":"PropertyValueSpecification","valueRequired":true,"valueName":"search_term_string"}}],"inLanguage":"fi"},{"@type":"Organization","@id":"https:\/\/lottemaa.ee\/#organization","name":"Lottemaa Teemapark","url":"https:\/\/lottemaa.ee\/","logo":{"@type":"ImageObject","inLanguage":"fi","@id":"https:\/\/lottemaa.ee\/#\/schema\/logo\/image\/","url":"https:\/\/lottemaa.ee\/wp-content\/uploads\/2018\/12\/Lottemaa_LOGO.png","contentUrl":"https:\/\/lottemaa.ee\/wp-content\/uploads\/2018\/12\/Lottemaa_LOGO.png","width":1024,"height":518,"caption":"Lottemaa Teemapark"},"image":{"@id":"https:\/\/lottemaa.ee\/#\/schema\/logo\/image\/"}}]}},"_links":{"self":[{"href":"https:\/\/lottemaa.ee\/fi\/wp-json\/wp\/v2\/pages\/4060","targetHints":{"allow":["GET"]}}],"collection":[{"href":"https:\/\/lottemaa.ee\/fi\/wp-json\/wp\/v2\/pages"}],"about":[{"href":"https:\/\/lottemaa.ee\/fi\/wp-json\/wp\/v2\/types\/page"}],"author":[{"embeddable":true,"href":"https:\/\/lottemaa.ee\/fi\/wp-json\/wp\/v2\/users\/7"}],"replies":[{"embeddable":true,"href":"https:\/\/lottemaa.ee\/fi\/wp-json\/wp\/v2\/comments?post=4060"}],"version-history":[{"count":3,"href":"https:\/\/lottemaa.ee\/fi\/wp-json\/wp\/v2\/pages\/4060\/revisions"}],"predecessor-version":[{"id":21285,"href":"https:\/\/lottemaa.ee\/fi\/wp-json\/wp\/v2\/pages\/4060\/revisions\/21285"}],"up":[{"embeddable":true,"href":"https:\/\/lottemaa.ee\/fi\/wp-json\/wp\/v2\/pages\/1189"}],"wp:featuredmedia":[{"embeddable":true,"href":"https:\/\/lottemaa.ee\/fi\/wp-json\/wp\/v2\/media\/2687"}],"wp:attachment":[{"href":"https:\/\/lottemaa.ee\/fi\/wp-json\/wp\/v2\/media?parent=4060"}],"curies":[{"name":"wp","href":"https:\/\/api.w.org\/{rel}","templated":true}]}}