{"id":33283,"date":"2026-04-28T10:05:47","date_gmt":"2026-04-28T07:05:47","guid":{"rendered":"https:\/\/lottemaa.ee\/?page_id=33283"},"modified":"2026-04-28T10:34:22","modified_gmt":"2026-04-28T07:34:22","slug":"kevaan-erikoistarjous","status":"publish","type":"page","link":"https:\/\/lottemaa.ee\/fi\/erikoistarjoukset\/kevaan-erikoistarjous\/","title":{"rendered":"Kev\u00e4\u00e4n erikoistarjous"},"content":{"rendered":"<h3 style=\"text-align: left;\"><img loading=\"lazy\" decoding=\"async\" class=\"wp-image-33284 alignleft\" src=\"https:\/\/lottemaa.ee\/wp-content\/uploads\/2026\/04\/suvi26_pakkumine_1080x1080_fin-1024x1024.jpg\" alt=\"\" width=\"458\" height=\"458\" srcset=\"https:\/\/lottemaa.ee\/wp-content\/uploads\/2026\/04\/suvi26_pakkumine_1080x1080_fin-1024x1024.jpg 1024w, https:\/\/lottemaa.ee\/wp-content\/uploads\/2026\/04\/suvi26_pakkumine_1080x1080_fin-300x300.jpg 300w, https:\/\/lottemaa.ee\/wp-content\/uploads\/2026\/04\/suvi26_pakkumine_1080x1080_fin-150x150.jpg 150w, https:\/\/lottemaa.ee\/wp-content\/uploads\/2026\/04\/suvi26_pakkumine_1080x1080_fin-768x768.jpg 768w, https:\/\/lottemaa.ee\/wp-content\/uploads\/2026\/04\/suvi26_pakkumine_1080x1080_fin-114x114.jpg 114w, https:\/\/lottemaa.ee\/wp-content\/uploads\/2026\/04\/suvi26_pakkumine_1080x1080_fin.jpg 1080w\" sizes=\"auto, (max-width: 458px) 100vw, 458px\" \/><span style=\"color: #0000ff;\">VAIN 1.5.-10.5.2026:<\/span><\/h3>\n<p style=\"text-align: left;\"><span style=\"color: #000000;\"><strong>Lottemaan kes\u00e4n 2026 lippu 23 \u20ac\/hl\u00f6<\/strong><\/span><br \/>\nNormaalihinta 28 \u20ac\/hl\u00f6<\/p>\n<p style=\"text-align: left;\">Alennushintaisia lippuja voi ostaa <strong>0<\/strong><span style=\"color: #000000;\"><strong>1.5.-10.5.2026<\/strong><\/span> alennuskoodilla <span style=\"color: #000000;\"><strong>kev\u00e4t2026<\/strong> <\/span>vain <strong><a href=\"https:\/\/fienta.com\/fi\/lottemaa-suvi-2026\">T\u00c4\u00c4LT\u00c4 \u00bb<\/a><\/strong><\/p>\n<p style=\"text-align: left;\">Liput ovat voimassa Lottemaan aukioloaikoina <span style=\"color: #000000;\"><strong>13.6.\u201330.8.2026<\/strong> <\/span>joka p\u00e4iv\u00e4 klo<span style=\"color: #000000;\"><strong> 10.00\u201318.00<\/strong><\/span>.<\/p>\n","protected":false},"excerpt":{"rendered":"<p>VAIN 1.5.-10.5.2026: Lottemaan kes\u00e4n 2026 lippu 23 \u20ac\/hl\u00f6 Normaalihinta 28 \u20ac\/hl\u00f6 Alennushintaisia lippuja voi ostaa 01.5.-10.5.2026 alennuskoodilla kev\u00e4t2026 vain T\u00c4\u00c4LT\u00c4 \u00bb Liput ovat voimassa Lottemaan aukioloaikoina 13.6.\u201330.8.2026 joka p\u00e4iv\u00e4 klo 10.00\u201318.00.<\/p>\n","protected":false},"author":7,"featured_media":33284,"parent":1849,"menu_order":0,"comment_status":"closed","ping_status":"closed","template":"","meta":{"_acf_changed":false,"om_disable_all_campaigns":false,"_uf_show_specific_survey":0,"_uf_disable_surveys":false,"footnotes":""},"class_list":["post-33283","page","type-page","status-publish","has-post-thumbnail","hentry"],"acf":[],"yoast_head":"<!-- This site is optimized with the Yoast SEO plugin v25.5 - https:\/\/yoast.com\/wordpress\/plugins\/seo\/ -->\n<title>Kev\u00e4\u00e4n erikoistarjous | Lottemaa Teemapark<\/title>\n<meta name=\"description\" content=\"Osta Lottemaan kes\u00e4liput alennuksella!\" \/>\n<meta name=\"robots\" content=\"index, follow, max-snippet:-1, max-image-preview:large, max-video-preview:-1\" \/>\n<link rel=\"canonical\" href=\"https:\/\/lottemaa.ee\/fi\/erikoistarjoukset\/kevaan-erikoistarjous\/\" \/>\n<meta property=\"og:locale\" content=\"fi_FI\" \/>\n<meta property=\"og:type\" content=\"article\" \/>\n<meta property=\"og:title\" content=\"Kev\u00e4\u00e4n erikoistarjous | Lottemaa Teemapark\" \/>\n<meta property=\"og:description\" content=\"Osta Lottemaan kes\u00e4liput alennuksella!\" \/>\n<meta property=\"og:url\" content=\"https:\/\/lottemaa.ee\/fi\/erikoistarjoukset\/kevaan-erikoistarjous\/\" \/>\n<meta property=\"og:site_name\" content=\"Lottemaa Teemapark\" \/>\n<meta property=\"article:modified_time\" content=\"2026-04-28T07:34:22+00:00\" \/>\n<meta property=\"og:image\" content=\"https:\/\/lottemaa.ee\/wp-content\/uploads\/2026\/04\/suvi26_pakkumine_1080x1080_fin.jpg\" \/>\n\t<meta property=\"og:image:width\" content=\"1080\" \/>\n\t<meta property=\"og:image:height\" content=\"1080\" \/>\n\t<meta property=\"og:image:type\" content=\"image\/jpeg\" \/>\n<meta name=\"twitter:card\" content=\"summary_large_image\" \/>\n<meta name=\"twitter:label1\" content=\"Arvioitu lukuaika\" \/>\n\t<meta name=\"twitter:data1\" content=\"1 minuutti\" \/>\n<script type=\"application\/ld+json\" class=\"yoast-schema-graph\">{\"@context\":\"https:\/\/schema.org\",\"@graph\":[{\"@type\":\"WebPage\",\"@id\":\"https:\/\/lottemaa.ee\/fi\/erikoistarjoukset\/kevaan-erikoistarjous\/\",\"url\":\"https:\/\/lottemaa.ee\/fi\/erikoistarjoukset\/kevaan-erikoistarjous\/\",\"name\":\"Kev\u00e4\u00e4n erikoistarjous | Lottemaa Teemapark\",\"isPartOf\":{\"@id\":\"https:\/\/lottemaa.ee\/#website\"},\"primaryImageOfPage\":{\"@id\":\"https:\/\/lottemaa.ee\/fi\/erikoistarjoukset\/kevaan-erikoistarjous\/#primaryimage\"},\"image\":{\"@id\":\"https:\/\/lottemaa.ee\/fi\/erikoistarjoukset\/kevaan-erikoistarjous\/#primaryimage\"},\"thumbnailUrl\":\"https:\/\/lottemaa.ee\/wp-content\/uploads\/2026\/04\/suvi26_pakkumine_1080x1080_fin.jpg\",\"datePublished\":\"2026-04-28T07:05:47+00:00\",\"dateModified\":\"2026-04-28T07:34:22+00:00\",\"description\":\"Osta Lottemaan kes\u00e4liput alennuksella!\",\"breadcrumb\":{\"@id\":\"https:\/\/lottemaa.ee\/fi\/erikoistarjoukset\/kevaan-erikoistarjous\/#breadcrumb\"},\"inLanguage\":\"fi\",\"potentialAction\":[{\"@type\":\"ReadAction\",\"target\":[\"https:\/\/lottemaa.ee\/fi\/erikoistarjoukset\/kevaan-erikoistarjous\/\"]}]},{\"@type\":\"ImageObject\",\"inLanguage\":\"fi\",\"@id\":\"https:\/\/lottemaa.ee\/fi\/erikoistarjoukset\/kevaan-erikoistarjous\/#primaryimage\",\"url\":\"https:\/\/lottemaa.ee\/wp-content\/uploads\/2026\/04\/suvi26_pakkumine_1080x1080_fin.jpg\",\"contentUrl\":\"https:\/\/lottemaa.ee\/wp-content\/uploads\/2026\/04\/suvi26_pakkumine_1080x1080_fin.jpg\",\"width\":1080,\"height\":1080},{\"@type\":\"BreadcrumbList\",\"@id\":\"https:\/\/lottemaa.ee\/fi\/erikoistarjoukset\/kevaan-erikoistarjous\/#breadcrumb\",\"itemListElement\":[{\"@type\":\"ListItem\",\"position\":1,\"name\":\"Home\",\"item\":\"https:\/\/lottemaa.ee\/fi\/\"},{\"@type\":\"ListItem\",\"position\":2,\"name\":\"Erikoistarjoukset\",\"item\":\"https:\/\/lottemaa.ee\/fi\/erikoistarjoukset\/\"},{\"@type\":\"ListItem\",\"position\":3,\"name\":\"Kev\u00e4\u00e4n erikoistarjous\"}]},{\"@type\":\"WebSite\",\"@id\":\"https:\/\/lottemaa.ee\/#website\",\"url\":\"https:\/\/lottemaa.ee\/\",\"name\":\"Lottemaa Teemapark\",\"description\":\"Baltimaade suurim ja k\u00f5ige \u00e4gedam kogupere teemapark Eestis P\u00e4rnumaal\",\"publisher\":{\"@id\":\"https:\/\/lottemaa.ee\/#organization\"},\"potentialAction\":[{\"@type\":\"SearchAction\",\"target\":{\"@type\":\"EntryPoint\",\"urlTemplate\":\"https:\/\/lottemaa.ee\/?s={search_term_string}\"},\"query-input\":{\"@type\":\"PropertyValueSpecification\",\"valueRequired\":true,\"valueName\":\"search_term_string\"}}],\"inLanguage\":\"fi\"},{\"@type\":\"Organization\",\"@id\":\"https:\/\/lottemaa.ee\/#organization\",\"name\":\"Lottemaa Teemapark\",\"url\":\"https:\/\/lottemaa.ee\/\",\"logo\":{\"@type\":\"ImageObject\",\"inLanguage\":\"fi\",\"@id\":\"https:\/\/lottemaa.ee\/#\/schema\/logo\/image\/\",\"url\":\"https:\/\/lottemaa.ee\/wp-content\/uploads\/2018\/12\/Lottemaa_LOGO.png\",\"contentUrl\":\"https:\/\/lottemaa.ee\/wp-content\/uploads\/2018\/12\/Lottemaa_LOGO.png\",\"width\":1024,\"height\":518,\"caption\":\"Lottemaa Teemapark\"},\"image\":{\"@id\":\"https:\/\/lottemaa.ee\/#\/schema\/logo\/image\/\"}}]}<\/script>\n<!-- \/ Yoast SEO plugin. -->","yoast_head_json":{"title":"Kev\u00e4\u00e4n erikoistarjous | Lottemaa Teemapark","description":"Osta Lottemaan kes\u00e4liput alennuksella!","robots":{"index":"index","follow":"follow","max-snippet":"max-snippet:-1","max-image-preview":"max-image-preview:large","max-video-preview":"max-video-preview:-1"},"canonical":"https:\/\/lottemaa.ee\/fi\/erikoistarjoukset\/kevaan-erikoistarjous\/","og_locale":"fi_FI","og_type":"article","og_title":"Kev\u00e4\u00e4n erikoistarjous | Lottemaa Teemapark","og_description":"Osta Lottemaan kes\u00e4liput alennuksella!","og_url":"https:\/\/lottemaa.ee\/fi\/erikoistarjoukset\/kevaan-erikoistarjous\/","og_site_name":"Lottemaa Teemapark","article_modified_time":"2026-04-28T07:34:22+00:00","og_image":[{"width":1080,"height":1080,"url":"https:\/\/lottemaa.ee\/wp-content\/uploads\/2026\/04\/suvi26_pakkumine_1080x1080_fin.jpg","type":"image\/jpeg"}],"twitter_card":"summary_large_image","twitter_misc":{"Arvioitu lukuaika":"1 minuutti"},"schema":{"@context":"https:\/\/schema.org","@graph":[{"@type":"WebPage","@id":"https:\/\/lottemaa.ee\/fi\/erikoistarjoukset\/kevaan-erikoistarjous\/","url":"https:\/\/lottemaa.ee\/fi\/erikoistarjoukset\/kevaan-erikoistarjous\/","name":"Kev\u00e4\u00e4n erikoistarjous | Lottemaa Teemapark","isPartOf":{"@id":"https:\/\/lottemaa.ee\/#website"},"primaryImageOfPage":{"@id":"https:\/\/lottemaa.ee\/fi\/erikoistarjoukset\/kevaan-erikoistarjous\/#primaryimage"},"image":{"@id":"https:\/\/lottemaa.ee\/fi\/erikoistarjoukset\/kevaan-erikoistarjous\/#primaryimage"},"thumbnailUrl":"https:\/\/lottemaa.ee\/wp-content\/uploads\/2026\/04\/suvi26_pakkumine_1080x1080_fin.jpg","datePublished":"2026-04-28T07:05:47+00:00","dateModified":"2026-04-28T07:34:22+00:00","description":"Osta Lottemaan kes\u00e4liput alennuksella!","breadcrumb":{"@id":"https:\/\/lottemaa.ee\/fi\/erikoistarjoukset\/kevaan-erikoistarjous\/#breadcrumb"},"inLanguage":"fi","potentialAction":[{"@type":"ReadAction","target":["https:\/\/lottemaa.ee\/fi\/erikoistarjoukset\/kevaan-erikoistarjous\/"]}]},{"@type":"ImageObject","inLanguage":"fi","@id":"https:\/\/lottemaa.ee\/fi\/erikoistarjoukset\/kevaan-erikoistarjous\/#primaryimage","url":"https:\/\/lottemaa.ee\/wp-content\/uploads\/2026\/04\/suvi26_pakkumine_1080x1080_fin.jpg","contentUrl":"https:\/\/lottemaa.ee\/wp-content\/uploads\/2026\/04\/suvi26_pakkumine_1080x1080_fin.jpg","width":1080,"height":1080},{"@type":"BreadcrumbList","@id":"https:\/\/lottemaa.ee\/fi\/erikoistarjoukset\/kevaan-erikoistarjous\/#breadcrumb","itemListElement":[{"@type":"ListItem","position":1,"name":"Home","item":"https:\/\/lottemaa.ee\/fi\/"},{"@type":"ListItem","position":2,"name":"Erikoistarjoukset","item":"https:\/\/lottemaa.ee\/fi\/erikoistarjoukset\/"},{"@type":"ListItem","position":3,"name":"Kev\u00e4\u00e4n erikoistarjous"}]},{"@type":"WebSite","@id":"https:\/\/lottemaa.ee\/#website","url":"https:\/\/lottemaa.ee\/","name":"Lottemaa Teemapark","description":"Baltimaade suurim ja k\u00f5ige \u00e4gedam kogupere teemapark Eestis P\u00e4rnumaal","publisher":{"@id":"https:\/\/lottemaa.ee\/#organization"},"potentialAction":[{"@type":"SearchAction","target":{"@type":"EntryPoint","urlTemplate":"https:\/\/lottemaa.ee\/?s={search_term_string}"},"query-input":{"@type":"PropertyValueSpecification","valueRequired":true,"valueName":"search_term_string"}}],"inLanguage":"fi"},{"@type":"Organization","@id":"https:\/\/lottemaa.ee\/#organization","name":"Lottemaa Teemapark","url":"https:\/\/lottemaa.ee\/","logo":{"@type":"ImageObject","inLanguage":"fi","@id":"https:\/\/lottemaa.ee\/#\/schema\/logo\/image\/","url":"https:\/\/lottemaa.ee\/wp-content\/uploads\/2018\/12\/Lottemaa_LOGO.png","contentUrl":"https:\/\/lottemaa.ee\/wp-content\/uploads\/2018\/12\/Lottemaa_LOGO.png","width":1024,"height":518,"caption":"Lottemaa Teemapark"},"image":{"@id":"https:\/\/lottemaa.ee\/#\/schema\/logo\/image\/"}}]}},"_links":{"self":[{"href":"https:\/\/lottemaa.ee\/fi\/wp-json\/wp\/v2\/pages\/33283","targetHints":{"allow":["GET"]}}],"collection":[{"href":"https:\/\/lottemaa.ee\/fi\/wp-json\/wp\/v2\/pages"}],"about":[{"href":"https:\/\/lottemaa.ee\/fi\/wp-json\/wp\/v2\/types\/page"}],"author":[{"embeddable":true,"href":"https:\/\/lottemaa.ee\/fi\/wp-json\/wp\/v2\/users\/7"}],"replies":[{"embeddable":true,"href":"https:\/\/lottemaa.ee\/fi\/wp-json\/wp\/v2\/comments?post=33283"}],"version-history":[{"count":7,"href":"https:\/\/lottemaa.ee\/fi\/wp-json\/wp\/v2\/pages\/33283\/revisions"}],"predecessor-version":[{"id":33307,"href":"https:\/\/lottemaa.ee\/fi\/wp-json\/wp\/v2\/pages\/33283\/revisions\/33307"}],"up":[{"embeddable":true,"href":"https:\/\/lottemaa.ee\/fi\/wp-json\/wp\/v2\/pages\/1849"}],"wp:featuredmedia":[{"embeddable":true,"href":"https:\/\/lottemaa.ee\/fi\/wp-json\/wp\/v2\/media\/33284"}],"wp:attachment":[{"href":"https:\/\/lottemaa.ee\/fi\/wp-json\/wp\/v2\/media?parent=33283"}],"curies":[{"name":"wp","href":"https:\/\/api.w.org\/{rel}","templated":true}]}}