{"id":32182,"date":"2025-11-21T09:52:33","date_gmt":"2025-11-21T07:52:33","guid":{"rendered":"https:\/\/lottemaa.ee\/?page_id=32182"},"modified":"2025-11-21T10:02:28","modified_gmt":"2025-11-21T08:02:28","slug":"club-one-joulumaa","status":"publish","type":"page","link":"https:\/\/lottemaa.ee\/fi\/erikoistarjoukset\/club-one-joulumaa\/","title":{"rendered":"CLUB ONE -erikoistarjous"},"content":{"rendered":"<p><strong><a href=\"https:\/\/www.tallink.com\/fi\" target=\"_blank\" rel=\"noopener\">Tallink Silja<\/a> CLUB ONE -klubij\u00e4senille meill\u00e4 on erikoistarjous:<\/strong><\/p>\n<p><img loading=\"lazy\" decoding=\"async\" class=\"alignright wp-image-29252\" src=\"https:\/\/lottemaa.ee\/wp-content\/uploads\/2024\/11\/ClubOne_soodus_1080x1080_tyhi-1024x1024.jpg\" alt=\"\" width=\"450\" height=\"450\" srcset=\"https:\/\/lottemaa.ee\/wp-content\/uploads\/2024\/11\/ClubOne_soodus_1080x1080_tyhi-1024x1024.jpg 1024w, https:\/\/lottemaa.ee\/wp-content\/uploads\/2024\/11\/ClubOne_soodus_1080x1080_tyhi-300x300.jpg 300w, https:\/\/lottemaa.ee\/wp-content\/uploads\/2024\/11\/ClubOne_soodus_1080x1080_tyhi-150x150.jpg 150w, https:\/\/lottemaa.ee\/wp-content\/uploads\/2024\/11\/ClubOne_soodus_1080x1080_tyhi-768x768.jpg 768w, https:\/\/lottemaa.ee\/wp-content\/uploads\/2024\/11\/ClubOne_soodus_1080x1080_tyhi-114x114.jpg 114w, https:\/\/lottemaa.ee\/wp-content\/uploads\/2024\/11\/ClubOne_soodus_1080x1080_tyhi.jpg 1080w\" sizes=\"auto, (max-width: 450px) 100vw, 450px\" \/><\/p>\n<p><a href=\"https:\/\/lottemaa.ee\/fi\/lottemaan-joulumaa\/\">Lottemaan Joulumaa<\/a> -lippu 20\u00a0\u20ac\/hl\u00f6<br \/>\n(normaalihinta 23\u00a0\u20ac\/hl\u00f6)<\/p>\n<p>Alennushintaisia lippuja voi ostaa ja k\u00e4ytt\u00e4\u00e4 seuraavasti:<\/p>\n<ul>\n<li><strong>LOTTEMAAN KASSOILTA<\/strong> 13.12.2025\u20134.1.2026 v\u00e4lisen\u00e4 aikana <strong>esitt\u00e4ess\u00e4\u00e4n voimassa olevan s\u00e4hk\u00f6isen CLUB ONE -klubikortin<\/strong>. Ostetut liput ovat voimassa ostop\u00e4iv\u00e4n\u00e4.<\/li>\n<li><strong>LOTTEMAAN KOTISIVUILTA<\/strong> 4.1.2026 asti alennuskoodilla clubone2025. Ostetut liput ovat voimassa Lottemaan Joulumaan aukioloaikoina 13.\u201314., 20.\u201321. ja 26.\u201330.12.2025 ja 2.\u20134.1.2026. <strong>Valmistaudu n\u00e4ytt\u00e4m\u00e4\u00e4n klubikorttisi lipuntarkastuksessa.<\/strong><\/li>\n<\/ul>\n<p>Kaksinkertaisia alennuksia ei my\u00f6nnet\u00e4!<\/p>\n<p style=\"text-align: left;\"><strong>\u00a0<\/strong><\/p>\n","protected":false},"excerpt":{"rendered":"<p>Tallink Silja CLUB ONE -klubij\u00e4senille meill\u00e4 on erikoistarjous: Lottemaan Joulumaa -lippu 20\u00a0\u20ac\/hl\u00f6 (normaalihinta 23\u00a0\u20ac\/hl\u00f6) Alennushintaisia lippuja voi ostaa ja k\u00e4ytt\u00e4\u00e4 seuraavasti: LOTTEMAAN KASSOILTA 13.12.2025\u20134.1.2026 v\u00e4lisen\u00e4 aikana esitt\u00e4ess\u00e4\u00e4n voimassa olevan s\u00e4hk\u00f6isen CLUB ONE -klubikortin. Ostetut liput ovat voimassa ostop\u00e4iv\u00e4n\u00e4. LOTTEMAAN KOTISIVUILTA 4.1.2026 asti alennuskoodilla clubone2025. Ostetut liput ovat voimassa Lottemaan Joulumaan aukioloaikoina 13.\u201314., 20.\u201321. ja 26.\u201330.12.2025 &hellip; <a href=\"https:\/\/lottemaa.ee\/fi\/erikoistarjoukset\/club-one-joulumaa\/\">Continued<\/a><\/p>\n","protected":false},"author":7,"featured_media":29199,"parent":1849,"menu_order":762,"comment_status":"closed","ping_status":"closed","template":"","meta":{"_acf_changed":false,"om_disable_all_campaigns":false,"_uf_show_specific_survey":0,"_uf_disable_surveys":false,"footnotes":""},"class_list":["post-32182","page","type-page","status-publish","has-post-thumbnail","hentry"],"acf":[],"yoast_head":"<!-- This site is optimized with the Yoast SEO plugin v25.5 - https:\/\/yoast.com\/wordpress\/plugins\/seo\/ -->\n<title>CLUB ONE -erikoistarjous | Lottemaa Teemapark<\/title>\n<meta name=\"description\" content=\"Erikoistarjous CLUB ONE -kortin haltijoille: Lottemaan JOULUMAA lippu 20 \u20ac\/hl\u00f6\" \/>\n<meta name=\"robots\" content=\"index, follow, max-snippet:-1, max-image-preview:large, max-video-preview:-1\" \/>\n<link rel=\"canonical\" href=\"https:\/\/lottemaa.ee\/fi\/erikoistarjoukset\/club-one-joulumaa\/\" \/>\n<meta property=\"og:locale\" content=\"fi_FI\" \/>\n<meta property=\"og:type\" content=\"article\" \/>\n<meta property=\"og:title\" content=\"CLUB ONE -erikoistarjous | Lottemaa Teemapark\" \/>\n<meta property=\"og:description\" content=\"Erikoistarjous CLUB ONE -kortin haltijoille: Lottemaan JOULUMAA lippu 20 \u20ac\/hl\u00f6\" \/>\n<meta property=\"og:url\" content=\"https:\/\/lottemaa.ee\/fi\/erikoistarjoukset\/club-one-joulumaa\/\" \/>\n<meta property=\"og:site_name\" content=\"Lottemaa Teemapark\" \/>\n<meta property=\"article:modified_time\" content=\"2025-11-21T08:02:28+00:00\" \/>\n<meta property=\"og:image\" content=\"https:\/\/lottemaa.ee\/wp-content\/uploads\/2024\/11\/ClubOne_soodus_1080x1080_tyhi.jpg\" \/>\n\t<meta property=\"og:image:width\" content=\"1080\" \/>\n\t<meta property=\"og:image:height\" content=\"1080\" \/>\n\t<meta property=\"og:image:type\" content=\"image\/jpeg\" \/>\n<meta name=\"twitter:card\" content=\"summary_large_image\" \/>\n<meta name=\"twitter:label1\" content=\"Arvioitu lukuaika\" \/>\n\t<meta name=\"twitter:data1\" content=\"1 minuutti\" \/>\n<script type=\"application\/ld+json\" class=\"yoast-schema-graph\">{\"@context\":\"https:\/\/schema.org\",\"@graph\":[{\"@type\":\"WebPage\",\"@id\":\"https:\/\/lottemaa.ee\/fi\/erikoistarjoukset\/club-one-joulumaa\/\",\"url\":\"https:\/\/lottemaa.ee\/fi\/erikoistarjoukset\/club-one-joulumaa\/\",\"name\":\"CLUB ONE -erikoistarjous | Lottemaa Teemapark\",\"isPartOf\":{\"@id\":\"https:\/\/lottemaa.ee\/#website\"},\"primaryImageOfPage\":{\"@id\":\"https:\/\/lottemaa.ee\/fi\/erikoistarjoukset\/club-one-joulumaa\/#primaryimage\"},\"image\":{\"@id\":\"https:\/\/lottemaa.ee\/fi\/erikoistarjoukset\/club-one-joulumaa\/#primaryimage\"},\"thumbnailUrl\":\"https:\/\/lottemaa.ee\/wp-content\/uploads\/2024\/11\/Lottemaa_joulumaa_sooduspakkumine_tallinki_kliendile_EST.jpg\",\"datePublished\":\"2025-11-21T07:52:33+00:00\",\"dateModified\":\"2025-11-21T08:02:28+00:00\",\"description\":\"Erikoistarjous CLUB ONE -kortin haltijoille: Lottemaan JOULUMAA lippu 20 \u20ac\/hl\u00f6\",\"breadcrumb\":{\"@id\":\"https:\/\/lottemaa.ee\/fi\/erikoistarjoukset\/club-one-joulumaa\/#breadcrumb\"},\"inLanguage\":\"fi\",\"potentialAction\":[{\"@type\":\"ReadAction\",\"target\":[\"https:\/\/lottemaa.ee\/fi\/erikoistarjoukset\/club-one-joulumaa\/\"]}]},{\"@type\":\"ImageObject\",\"inLanguage\":\"fi\",\"@id\":\"https:\/\/lottemaa.ee\/fi\/erikoistarjoukset\/club-one-joulumaa\/#primaryimage\",\"url\":\"https:\/\/lottemaa.ee\/wp-content\/uploads\/2024\/11\/Lottemaa_joulumaa_sooduspakkumine_tallinki_kliendile_EST.jpg\",\"contentUrl\":\"https:\/\/lottemaa.ee\/wp-content\/uploads\/2024\/11\/Lottemaa_joulumaa_sooduspakkumine_tallinki_kliendile_EST.jpg\",\"width\":1080,\"height\":1080},{\"@type\":\"BreadcrumbList\",\"@id\":\"https:\/\/lottemaa.ee\/fi\/erikoistarjoukset\/club-one-joulumaa\/#breadcrumb\",\"itemListElement\":[{\"@type\":\"ListItem\",\"position\":1,\"name\":\"Home\",\"item\":\"https:\/\/lottemaa.ee\/fi\/\"},{\"@type\":\"ListItem\",\"position\":2,\"name\":\"Erikoistarjoukset\",\"item\":\"https:\/\/lottemaa.ee\/fi\/erikoistarjoukset\/\"},{\"@type\":\"ListItem\",\"position\":3,\"name\":\"CLUB ONE -erikoistarjous\"}]},{\"@type\":\"WebSite\",\"@id\":\"https:\/\/lottemaa.ee\/#website\",\"url\":\"https:\/\/lottemaa.ee\/\",\"name\":\"Lottemaa Teemapark\",\"description\":\"Baltimaade suurim ja k\u00f5ige \u00e4gedam kogupere teemapark Eestis P\u00e4rnumaal\",\"publisher\":{\"@id\":\"https:\/\/lottemaa.ee\/#organization\"},\"potentialAction\":[{\"@type\":\"SearchAction\",\"target\":{\"@type\":\"EntryPoint\",\"urlTemplate\":\"https:\/\/lottemaa.ee\/?s={search_term_string}\"},\"query-input\":{\"@type\":\"PropertyValueSpecification\",\"valueRequired\":true,\"valueName\":\"search_term_string\"}}],\"inLanguage\":\"fi\"},{\"@type\":\"Organization\",\"@id\":\"https:\/\/lottemaa.ee\/#organization\",\"name\":\"Lottemaa Teemapark\",\"url\":\"https:\/\/lottemaa.ee\/\",\"logo\":{\"@type\":\"ImageObject\",\"inLanguage\":\"fi\",\"@id\":\"https:\/\/lottemaa.ee\/#\/schema\/logo\/image\/\",\"url\":\"https:\/\/lottemaa.ee\/wp-content\/uploads\/2018\/12\/Lottemaa_LOGO.png\",\"contentUrl\":\"https:\/\/lottemaa.ee\/wp-content\/uploads\/2018\/12\/Lottemaa_LOGO.png\",\"width\":1024,\"height\":518,\"caption\":\"Lottemaa Teemapark\"},\"image\":{\"@id\":\"https:\/\/lottemaa.ee\/#\/schema\/logo\/image\/\"}}]}<\/script>\n<!-- \/ Yoast SEO plugin. -->","yoast_head_json":{"title":"CLUB ONE -erikoistarjous | Lottemaa Teemapark","description":"Erikoistarjous CLUB ONE -kortin haltijoille: Lottemaan JOULUMAA lippu 20 \u20ac\/hl\u00f6","robots":{"index":"index","follow":"follow","max-snippet":"max-snippet:-1","max-image-preview":"max-image-preview:large","max-video-preview":"max-video-preview:-1"},"canonical":"https:\/\/lottemaa.ee\/fi\/erikoistarjoukset\/club-one-joulumaa\/","og_locale":"fi_FI","og_type":"article","og_title":"CLUB ONE -erikoistarjous | Lottemaa Teemapark","og_description":"Erikoistarjous CLUB ONE -kortin haltijoille: Lottemaan JOULUMAA lippu 20 \u20ac\/hl\u00f6","og_url":"https:\/\/lottemaa.ee\/fi\/erikoistarjoukset\/club-one-joulumaa\/","og_site_name":"Lottemaa Teemapark","article_modified_time":"2025-11-21T08:02:28+00:00","og_image":[{"width":1080,"height":1080,"url":"https:\/\/lottemaa.ee\/wp-content\/uploads\/2024\/11\/ClubOne_soodus_1080x1080_tyhi.jpg","type":"image\/jpeg"}],"twitter_card":"summary_large_image","twitter_misc":{"Arvioitu lukuaika":"1 minuutti"},"schema":{"@context":"https:\/\/schema.org","@graph":[{"@type":"WebPage","@id":"https:\/\/lottemaa.ee\/fi\/erikoistarjoukset\/club-one-joulumaa\/","url":"https:\/\/lottemaa.ee\/fi\/erikoistarjoukset\/club-one-joulumaa\/","name":"CLUB ONE -erikoistarjous | Lottemaa Teemapark","isPartOf":{"@id":"https:\/\/lottemaa.ee\/#website"},"primaryImageOfPage":{"@id":"https:\/\/lottemaa.ee\/fi\/erikoistarjoukset\/club-one-joulumaa\/#primaryimage"},"image":{"@id":"https:\/\/lottemaa.ee\/fi\/erikoistarjoukset\/club-one-joulumaa\/#primaryimage"},"thumbnailUrl":"https:\/\/lottemaa.ee\/wp-content\/uploads\/2024\/11\/Lottemaa_joulumaa_sooduspakkumine_tallinki_kliendile_EST.jpg","datePublished":"2025-11-21T07:52:33+00:00","dateModified":"2025-11-21T08:02:28+00:00","description":"Erikoistarjous CLUB ONE -kortin haltijoille: Lottemaan JOULUMAA lippu 20 \u20ac\/hl\u00f6","breadcrumb":{"@id":"https:\/\/lottemaa.ee\/fi\/erikoistarjoukset\/club-one-joulumaa\/#breadcrumb"},"inLanguage":"fi","potentialAction":[{"@type":"ReadAction","target":["https:\/\/lottemaa.ee\/fi\/erikoistarjoukset\/club-one-joulumaa\/"]}]},{"@type":"ImageObject","inLanguage":"fi","@id":"https:\/\/lottemaa.ee\/fi\/erikoistarjoukset\/club-one-joulumaa\/#primaryimage","url":"https:\/\/lottemaa.ee\/wp-content\/uploads\/2024\/11\/Lottemaa_joulumaa_sooduspakkumine_tallinki_kliendile_EST.jpg","contentUrl":"https:\/\/lottemaa.ee\/wp-content\/uploads\/2024\/11\/Lottemaa_joulumaa_sooduspakkumine_tallinki_kliendile_EST.jpg","width":1080,"height":1080},{"@type":"BreadcrumbList","@id":"https:\/\/lottemaa.ee\/fi\/erikoistarjoukset\/club-one-joulumaa\/#breadcrumb","itemListElement":[{"@type":"ListItem","position":1,"name":"Home","item":"https:\/\/lottemaa.ee\/fi\/"},{"@type":"ListItem","position":2,"name":"Erikoistarjoukset","item":"https:\/\/lottemaa.ee\/fi\/erikoistarjoukset\/"},{"@type":"ListItem","position":3,"name":"CLUB ONE -erikoistarjous"}]},{"@type":"WebSite","@id":"https:\/\/lottemaa.ee\/#website","url":"https:\/\/lottemaa.ee\/","name":"Lottemaa Teemapark","description":"Baltimaade suurim ja k\u00f5ige \u00e4gedam kogupere teemapark Eestis P\u00e4rnumaal","publisher":{"@id":"https:\/\/lottemaa.ee\/#organization"},"potentialAction":[{"@type":"SearchAction","target":{"@type":"EntryPoint","urlTemplate":"https:\/\/lottemaa.ee\/?s={search_term_string}"},"query-input":{"@type":"PropertyValueSpecification","valueRequired":true,"valueName":"search_term_string"}}],"inLanguage":"fi"},{"@type":"Organization","@id":"https:\/\/lottemaa.ee\/#organization","name":"Lottemaa Teemapark","url":"https:\/\/lottemaa.ee\/","logo":{"@type":"ImageObject","inLanguage":"fi","@id":"https:\/\/lottemaa.ee\/#\/schema\/logo\/image\/","url":"https:\/\/lottemaa.ee\/wp-content\/uploads\/2018\/12\/Lottemaa_LOGO.png","contentUrl":"https:\/\/lottemaa.ee\/wp-content\/uploads\/2018\/12\/Lottemaa_LOGO.png","width":1024,"height":518,"caption":"Lottemaa Teemapark"},"image":{"@id":"https:\/\/lottemaa.ee\/#\/schema\/logo\/image\/"}}]}},"_links":{"self":[{"href":"https:\/\/lottemaa.ee\/fi\/wp-json\/wp\/v2\/pages\/32182","targetHints":{"allow":["GET"]}}],"collection":[{"href":"https:\/\/lottemaa.ee\/fi\/wp-json\/wp\/v2\/pages"}],"about":[{"href":"https:\/\/lottemaa.ee\/fi\/wp-json\/wp\/v2\/types\/page"}],"author":[{"embeddable":true,"href":"https:\/\/lottemaa.ee\/fi\/wp-json\/wp\/v2\/users\/7"}],"replies":[{"embeddable":true,"href":"https:\/\/lottemaa.ee\/fi\/wp-json\/wp\/v2\/comments?post=32182"}],"version-history":[{"count":3,"href":"https:\/\/lottemaa.ee\/fi\/wp-json\/wp\/v2\/pages\/32182\/revisions"}],"predecessor-version":[{"id":32210,"href":"https:\/\/lottemaa.ee\/fi\/wp-json\/wp\/v2\/pages\/32182\/revisions\/32210"}],"up":[{"embeddable":true,"href":"https:\/\/lottemaa.ee\/fi\/wp-json\/wp\/v2\/pages\/1849"}],"wp:featuredmedia":[{"embeddable":true,"href":"https:\/\/lottemaa.ee\/fi\/wp-json\/wp\/v2\/media\/29199"}],"wp:attachment":[{"href":"https:\/\/lottemaa.ee\/fi\/wp-json\/wp\/v2\/media?parent=32182"}],"curies":[{"name":"wp","href":"https:\/\/api.w.org\/{rel}","templated":true}]}}