{"id":29348,"date":"2024-12-13T12:48:23","date_gmt":"2024-12-13T10:48:23","guid":{"rendered":"https:\/\/lottemaa.ee\/?page_id=29348"},"modified":"2025-12-13T13:41:31","modified_gmt":"2025-12-13T11:41:31","slug":"voita-liput-lottemaahan","status":"publish","type":"page","link":"https:\/\/lottemaa.ee\/fi\/voita-liput-lottemaahan\/","title":{"rendered":"Voita liput Lottemaahan!"},"content":{"rendered":"<p style=\"text-align: left;\"><strong>J\u00e4t\u00e4 meille yhteystietosi, niin osallistut arvontaan, jossa palkintona on kolmelle voittajalle 4 lippua Lottemaahan kes\u00e4ll\u00e4 2026!<\/strong><\/p>\n\n<div class=\"wpcf7 no-js\" id=\"wpcf7-f18843-o1\" lang=\"et\" dir=\"ltr\" data-wpcf7-id=\"18843\">\n<div class=\"screen-reader-response\"><p role=\"status\" aria-live=\"polite\" aria-atomic=\"true\"><\/p> <ul><\/ul><\/div>\n<form action=\"\/fi\/wp-json\/wp\/v2\/pages\/29348#wpcf7-f18843-o1\" method=\"post\" class=\"wpcf7-form init\" aria-label=\"Contact form\" novalidate=\"novalidate\" data-status=\"init\">\n<fieldset class=\"hidden-fields-container\"><input type=\"hidden\" name=\"_wpcf7\" value=\"18843\" \/><input type=\"hidden\" name=\"_wpcf7_version\" value=\"6.1\" \/><input type=\"hidden\" name=\"_wpcf7_locale\" value=\"et\" \/><input type=\"hidden\" name=\"_wpcf7_unit_tag\" value=\"wpcf7-f18843-o1\" \/><input type=\"hidden\" name=\"_wpcf7_container_post\" value=\"0\" \/><input type=\"hidden\" name=\"_wpcf7_posted_data_hash\" value=\"\" \/>\n<\/fieldset>\n<div class=\"cf7__custom_design\">\n\t<p><label> NIMI<br \/>\n<span class=\"wpcf7-form-control-wrap\" data-name=\"ETUNIMI\"><input size=\"40\" maxlength=\"400\" class=\"wpcf7-form-control wpcf7-text wpcf7-validates-as-required\" aria-required=\"true\" aria-invalid=\"false\" value=\"\" type=\"text\" name=\"ETUNIMI\" \/><\/span><\/label>\n\t<\/p>\n\t<p><label> S\u00c4HK\u00d6POSTI<br \/>\n<span class=\"wpcf7-form-control-wrap\" data-name=\"e-post\"><input size=\"40\" maxlength=\"400\" class=\"wpcf7-form-control wpcf7-text wpcf7-validates-as-required\" aria-required=\"true\" aria-invalid=\"false\" value=\"\" type=\"text\" name=\"e-post\" \/><\/span><\/label>\n\t<\/p>\n\t<p><span class=\"wpcf7-form-control-wrap\" data-name=\"your-consent\"><span class=\"wpcf7-form-control wpcf7-acceptance\"><span class=\"wpcf7-list-item\"><label><input type=\"checkbox\" name=\"your-consent\" value=\"1\" aria-invalid=\"false\" \/><span class=\"wpcf7-list-item-label\">Osallistuessani arvontaan annan Lottemaalle luvan vain hyvien tarjousten ja uutisten l\u00e4hett\u00e4miseen s\u00e4hk\u00f6postitse.<\/span><\/label><\/span><\/span><\/span>\n\t<\/p>\n\t<p><input class=\"wpcf7-form-control wpcf7-submit has-spinner\" type=\"submit\" value=\"L\u00c4HET\u00c4\" \/>\n\t<\/p>\n<\/div><div class=\"wpcf7-response-output\" aria-hidden=\"true\"><\/div>\n<\/form>\n<\/div>\n\n<p style=\"text-align: left;\">Arvonta suoritetaan <strong>6.1.2026<\/strong><\/p>\n<p style=\"text-align: left;\">Julkaisemme voittajan nimen t\u00e4ll\u00e4 sivulla ja uutiskirjeess\u00e4, jonka l\u00e4het\u00e4mme kaikille osallistujille. Otamme my\u00f6s henkil\u00f6kohtaisesti yhteytt\u00e4 voittajaan.<\/p>\n<hr \/>\n<h3>Voittajat ovat:<\/h3>\n","protected":false},"excerpt":{"rendered":"<p>J\u00e4t\u00e4 meille yhteystietosi, niin osallistut arvontaan, jossa palkintona on kolmelle voittajalle 4 lippua Lottemaahan kes\u00e4ll\u00e4 2026! Arvonta suoritetaan 6.1.2026 Julkaisemme voittajan nimen t\u00e4ll\u00e4 sivulla ja uutiskirjeess\u00e4, jonka l\u00e4het\u00e4mme kaikille osallistujille. Otamme my\u00f6s henkil\u00f6kohtaisesti yhteytt\u00e4 voittajaan. Voittajat ovat:<\/p>\n","protected":false},"author":11,"featured_media":0,"parent":0,"menu_order":799,"comment_status":"closed","ping_status":"closed","template":"","meta":{"_acf_changed":false,"om_disable_all_campaigns":false,"_uf_show_specific_survey":0,"_uf_disable_surveys":false,"footnotes":""},"class_list":["post-29348","page","type-page","status-publish","hentry"],"acf":[],"yoast_head":"<!-- This site is optimized with the Yoast SEO plugin v25.5 - https:\/\/yoast.com\/wordpress\/plugins\/seo\/ -->\n<title>Voita liput Lottemaahan! | Lottemaa Teemapark<\/title>\n<meta name=\"robots\" content=\"index, follow, max-snippet:-1, max-image-preview:large, max-video-preview:-1\" \/>\n<link rel=\"canonical\" href=\"https:\/\/lottemaa.ee\/fi\/voita-liput-lottemaahan\/\" \/>\n<meta property=\"og:locale\" content=\"fi_FI\" \/>\n<meta property=\"og:type\" content=\"article\" \/>\n<meta property=\"og:title\" content=\"Voita liput Lottemaahan! | Lottemaa Teemapark\" \/>\n<meta property=\"og:description\" content=\"J\u00e4t\u00e4 meille yhteystietosi, niin osallistut arvontaan, jossa palkintona on kolmelle voittajalle 4 lippua Lottemaahan kes\u00e4ll\u00e4 2026! Arvonta suoritetaan 6.1.2026 Julkaisemme voittajan nimen t\u00e4ll\u00e4 sivulla ja uutiskirjeess\u00e4, jonka l\u00e4het\u00e4mme kaikille osallistujille. Otamme my\u00f6s henkil\u00f6kohtaisesti yhteytt\u00e4 voittajaan. Voittajat ovat:\" \/>\n<meta property=\"og:url\" content=\"https:\/\/lottemaa.ee\/fi\/voita-liput-lottemaahan\/\" \/>\n<meta property=\"og:site_name\" content=\"Lottemaa Teemapark\" \/>\n<meta property=\"article:modified_time\" content=\"2025-12-13T11:41:31+00:00\" \/>\n<meta name=\"twitter:card\" content=\"summary_large_image\" \/>\n<meta name=\"twitter:label1\" content=\"Arvioitu lukuaika\" \/>\n\t<meta name=\"twitter:data1\" content=\"1 minuutti\" \/>\n<script type=\"application\/ld+json\" class=\"yoast-schema-graph\">{\"@context\":\"https:\/\/schema.org\",\"@graph\":[{\"@type\":\"WebPage\",\"@id\":\"https:\/\/lottemaa.ee\/fi\/voita-liput-lottemaahan\/\",\"url\":\"https:\/\/lottemaa.ee\/fi\/voita-liput-lottemaahan\/\",\"name\":\"Voita liput Lottemaahan! | Lottemaa Teemapark\",\"isPartOf\":{\"@id\":\"https:\/\/lottemaa.ee\/#website\"},\"datePublished\":\"2024-12-13T10:48:23+00:00\",\"dateModified\":\"2025-12-13T11:41:31+00:00\",\"breadcrumb\":{\"@id\":\"https:\/\/lottemaa.ee\/fi\/voita-liput-lottemaahan\/#breadcrumb\"},\"inLanguage\":\"fi\",\"potentialAction\":[{\"@type\":\"ReadAction\",\"target\":[\"https:\/\/lottemaa.ee\/fi\/voita-liput-lottemaahan\/\"]}]},{\"@type\":\"BreadcrumbList\",\"@id\":\"https:\/\/lottemaa.ee\/fi\/voita-liput-lottemaahan\/#breadcrumb\",\"itemListElement\":[{\"@type\":\"ListItem\",\"position\":1,\"name\":\"Home\",\"item\":\"https:\/\/lottemaa.ee\/fi\/\"},{\"@type\":\"ListItem\",\"position\":2,\"name\":\"Voita liput Lottemaahan!\"}]},{\"@type\":\"WebSite\",\"@id\":\"https:\/\/lottemaa.ee\/#website\",\"url\":\"https:\/\/lottemaa.ee\/\",\"name\":\"Lottemaa Teemapark\",\"description\":\"Baltimaade suurim ja k\u00f5ige \u00e4gedam kogupere teemapark Eestis P\u00e4rnumaal\",\"publisher\":{\"@id\":\"https:\/\/lottemaa.ee\/#organization\"},\"potentialAction\":[{\"@type\":\"SearchAction\",\"target\":{\"@type\":\"EntryPoint\",\"urlTemplate\":\"https:\/\/lottemaa.ee\/?s={search_term_string}\"},\"query-input\":{\"@type\":\"PropertyValueSpecification\",\"valueRequired\":true,\"valueName\":\"search_term_string\"}}],\"inLanguage\":\"fi\"},{\"@type\":\"Organization\",\"@id\":\"https:\/\/lottemaa.ee\/#organization\",\"name\":\"Lottemaa Teemapark\",\"url\":\"https:\/\/lottemaa.ee\/\",\"logo\":{\"@type\":\"ImageObject\",\"inLanguage\":\"fi\",\"@id\":\"https:\/\/lottemaa.ee\/#\/schema\/logo\/image\/\",\"url\":\"https:\/\/lottemaa.ee\/wp-content\/uploads\/2018\/12\/Lottemaa_LOGO.png\",\"contentUrl\":\"https:\/\/lottemaa.ee\/wp-content\/uploads\/2018\/12\/Lottemaa_LOGO.png\",\"width\":1024,\"height\":518,\"caption\":\"Lottemaa Teemapark\"},\"image\":{\"@id\":\"https:\/\/lottemaa.ee\/#\/schema\/logo\/image\/\"}}]}<\/script>\n<!-- \/ Yoast SEO plugin. -->","yoast_head_json":{"title":"Voita liput Lottemaahan! | Lottemaa Teemapark","robots":{"index":"index","follow":"follow","max-snippet":"max-snippet:-1","max-image-preview":"max-image-preview:large","max-video-preview":"max-video-preview:-1"},"canonical":"https:\/\/lottemaa.ee\/fi\/voita-liput-lottemaahan\/","og_locale":"fi_FI","og_type":"article","og_title":"Voita liput Lottemaahan! | Lottemaa Teemapark","og_description":"J\u00e4t\u00e4 meille yhteystietosi, niin osallistut arvontaan, jossa palkintona on kolmelle voittajalle 4 lippua Lottemaahan kes\u00e4ll\u00e4 2026! Arvonta suoritetaan 6.1.2026 Julkaisemme voittajan nimen t\u00e4ll\u00e4 sivulla ja uutiskirjeess\u00e4, jonka l\u00e4het\u00e4mme kaikille osallistujille. Otamme my\u00f6s henkil\u00f6kohtaisesti yhteytt\u00e4 voittajaan. Voittajat ovat:","og_url":"https:\/\/lottemaa.ee\/fi\/voita-liput-lottemaahan\/","og_site_name":"Lottemaa Teemapark","article_modified_time":"2025-12-13T11:41:31+00:00","twitter_card":"summary_large_image","twitter_misc":{"Arvioitu lukuaika":"1 minuutti"},"schema":{"@context":"https:\/\/schema.org","@graph":[{"@type":"WebPage","@id":"https:\/\/lottemaa.ee\/fi\/voita-liput-lottemaahan\/","url":"https:\/\/lottemaa.ee\/fi\/voita-liput-lottemaahan\/","name":"Voita liput Lottemaahan! | Lottemaa Teemapark","isPartOf":{"@id":"https:\/\/lottemaa.ee\/#website"},"datePublished":"2024-12-13T10:48:23+00:00","dateModified":"2025-12-13T11:41:31+00:00","breadcrumb":{"@id":"https:\/\/lottemaa.ee\/fi\/voita-liput-lottemaahan\/#breadcrumb"},"inLanguage":"fi","potentialAction":[{"@type":"ReadAction","target":["https:\/\/lottemaa.ee\/fi\/voita-liput-lottemaahan\/"]}]},{"@type":"BreadcrumbList","@id":"https:\/\/lottemaa.ee\/fi\/voita-liput-lottemaahan\/#breadcrumb","itemListElement":[{"@type":"ListItem","position":1,"name":"Home","item":"https:\/\/lottemaa.ee\/fi\/"},{"@type":"ListItem","position":2,"name":"Voita liput Lottemaahan!"}]},{"@type":"WebSite","@id":"https:\/\/lottemaa.ee\/#website","url":"https:\/\/lottemaa.ee\/","name":"Lottemaa Teemapark","description":"Baltimaade suurim ja k\u00f5ige \u00e4gedam kogupere teemapark Eestis P\u00e4rnumaal","publisher":{"@id":"https:\/\/lottemaa.ee\/#organization"},"potentialAction":[{"@type":"SearchAction","target":{"@type":"EntryPoint","urlTemplate":"https:\/\/lottemaa.ee\/?s={search_term_string}"},"query-input":{"@type":"PropertyValueSpecification","valueRequired":true,"valueName":"search_term_string"}}],"inLanguage":"fi"},{"@type":"Organization","@id":"https:\/\/lottemaa.ee\/#organization","name":"Lottemaa Teemapark","url":"https:\/\/lottemaa.ee\/","logo":{"@type":"ImageObject","inLanguage":"fi","@id":"https:\/\/lottemaa.ee\/#\/schema\/logo\/image\/","url":"https:\/\/lottemaa.ee\/wp-content\/uploads\/2018\/12\/Lottemaa_LOGO.png","contentUrl":"https:\/\/lottemaa.ee\/wp-content\/uploads\/2018\/12\/Lottemaa_LOGO.png","width":1024,"height":518,"caption":"Lottemaa Teemapark"},"image":{"@id":"https:\/\/lottemaa.ee\/#\/schema\/logo\/image\/"}}]}},"_links":{"self":[{"href":"https:\/\/lottemaa.ee\/fi\/wp-json\/wp\/v2\/pages\/29348","targetHints":{"allow":["GET"]}}],"collection":[{"href":"https:\/\/lottemaa.ee\/fi\/wp-json\/wp\/v2\/pages"}],"about":[{"href":"https:\/\/lottemaa.ee\/fi\/wp-json\/wp\/v2\/types\/page"}],"author":[{"embeddable":true,"href":"https:\/\/lottemaa.ee\/fi\/wp-json\/wp\/v2\/users\/11"}],"replies":[{"embeddable":true,"href":"https:\/\/lottemaa.ee\/fi\/wp-json\/wp\/v2\/comments?post=29348"}],"version-history":[{"count":4,"href":"https:\/\/lottemaa.ee\/fi\/wp-json\/wp\/v2\/pages\/29348\/revisions"}],"predecessor-version":[{"id":32439,"href":"https:\/\/lottemaa.ee\/fi\/wp-json\/wp\/v2\/pages\/29348\/revisions\/32439"}],"wp:attachment":[{"href":"https:\/\/lottemaa.ee\/fi\/wp-json\/wp\/v2\/media?parent=29348"}],"curies":[{"name":"wp","href":"https:\/\/api.w.org\/{rel}","templated":true}]}}