{"id":27938,"date":"2024-08-08T15:04:26","date_gmt":"2024-08-08T12:04:26","guid":{"rendered":"https:\/\/lottemaa.ee\/?page_id=27938"},"modified":"2024-09-27T12:32:19","modified_gmt":"2024-09-27T09:32:19","slug":"elokuvia","status":"publish","type":"page","link":"https:\/\/lottemaa.ee\/fi\/meista\/elokuvia\/","title":{"rendered":"Elokuvia"},"content":{"rendered":"<h3 style=\"text-align: left;\"><span style=\"color: #ff0000;\"><img loading=\"lazy\" decoding=\"async\" class=\"wp-image-19457 alignright\" src=\"https:\/\/lottemaa.ee\/wp-content\/uploads\/2023\/01\/raamatud_kodukale_287x255_3.jpg\" alt=\"\" width=\"243\" height=\"216\" srcset=\"https:\/\/lottemaa.ee\/wp-content\/uploads\/2023\/01\/raamatud_kodukale_287x255_3.jpg 287w, https:\/\/lottemaa.ee\/wp-content\/uploads\/2023\/01\/raamatud_kodukale_287x255_3-285x255.jpg 285w, https:\/\/lottemaa.ee\/wp-content\/uploads\/2023\/01\/raamatud_kodukale_287x255_3-114x101.jpg 114w\" sizes=\"auto, (max-width: 243px) 100vw, 243px\" \/>LOTTE JA KADONNEET LOHIK\u00c4\u00c4RMEET<br \/>\n<\/span><\/h3>\n<p style=\"text-align: left;\">Lasten rakastamien Lotte-tarinoiden kolmannessa elokuvassa rohkea koiratytt\u00f6 Lotte saa pikkusiskon nimelt\u00e4 Roosi. Keksij\u00e4kyl\u00e4\u00e4n saapuvat tutkijat, Karl-pesukarhu ja Viktor-kala, jotka osallistuvat suureen kansanlaulujen ker\u00e4\u00e4miskilpailuun. Kilpailun p\u00e4\u00e4palkinnon saa se, joka onnistuu taltioimaan maailman vanhimman el\u00e4inlajin, myyttisten tulta sy\u00f6ksevien lohik\u00e4\u00e4rmeiden, kansanlaulun. Lotte ja Roosi p\u00e4\u00e4tt\u00e4v\u00e4t auttaa tutkijoita. Heill\u00e4 on edess\u00e4\u00e4n j\u00e4nnitt\u00e4vi\u00e4 ja odottamattomia seikkailuja.<\/p>\n<p style=\"text-align: left;\">\u00c4\u00e4ni: viro, ven\u00e4j\u00e4<br \/>\nTekstitys: englanti, ven\u00e4j\u00e4<br \/>\nKesto 78 min<\/p>\n<hr \/>\n<h3 class=\"entry-title\" style=\"text-align: left;\"><span style=\"color: #333399;\"><img loading=\"lazy\" decoding=\"async\" class=\"alignright wp-image-19452\" src=\"https:\/\/lottemaa.ee\/wp-content\/uploads\/2023\/01\/raamatud_kodukale_287x255_2.jpg\" alt=\"\" width=\"243\" height=\"216\" srcset=\"https:\/\/lottemaa.ee\/wp-content\/uploads\/2023\/01\/raamatud_kodukale_287x255_2.jpg 287w, https:\/\/lottemaa.ee\/wp-content\/uploads\/2023\/01\/raamatud_kodukale_287x255_2-285x255.jpg 285w, https:\/\/lottemaa.ee\/wp-content\/uploads\/2023\/01\/raamatud_kodukale_287x255_2-114x101.jpg 114w\" sizes=\"auto, (max-width: 243px) 100vw, 243px\" \/>LOTTE JA KUUKIVEN SALAISUUS<br \/>\n<\/span><\/h3>\n<p style=\"text-align: left;\">Er\u00e4\u00e4n\u00e4 y\u00f6n\u00e4 Keksij\u00e4kyl\u00e4ss\u00e4 tapahtuu jotakin odottamatonta \u2013 kaksi salaper\u00e4ist\u00e4 muukalaista hiipii kyl\u00e4\u00e4n etsim\u00e4\u00e4n vanhan kulkukoira Klausin matkalaukkua. Klaus ja Lotte alkavat tutkia, kuka t\u00e4m\u00e4n takana voisi olla. Pian selvi\u00e4\u00e4, ett\u00e4 muukalaiset etsiv\u00e4t kolmea salaper\u00e4ist\u00e4 kuukive\u00e4, jotka Klaus l\u00f6ysi vuorilta viimeisell\u00e4 vaelluksellaan. Klaus ja Lotte p\u00e4\u00e4tt\u00e4v\u00e4t k\u00e4yd\u00e4 Klausin matkakumppanien luona, joilla on hallussaan kaksi muuta kive\u00e4. Pian he saavat selville, ett\u00e4 on muitakin, jotka tavoittelevat n\u00e4it\u00e4 kolmea mystist\u00e4 kuukive\u00e4 itselleen.<\/p>\n<p style=\"text-align: left;\">\u00c4\u00e4ni: viro<br \/>\nTekstitys: viro, englanti, ranska, ven\u00e4j\u00e4<br \/>\nKesto 73 min<\/p>\n<p>&nbsp;<\/p>\n<hr \/>\n<h3 class=\"entry-title\" style=\"text-align: left;\"><span style=\"color: #ff0000;\"><img loading=\"lazy\" decoding=\"async\" class=\"alignright wp-image-19449\" src=\"https:\/\/lottemaa.ee\/wp-content\/uploads\/2023\/01\/raamatud_kodukale_287x255_1-1.jpg\" alt=\"\" width=\"243\" height=\"216\" srcset=\"https:\/\/lottemaa.ee\/wp-content\/uploads\/2023\/01\/raamatud_kodukale_287x255_1-1.jpg 287w, https:\/\/lottemaa.ee\/wp-content\/uploads\/2023\/01\/raamatud_kodukale_287x255_1-1-285x255.jpg 285w, https:\/\/lottemaa.ee\/wp-content\/uploads\/2023\/01\/raamatud_kodukale_287x255_1-1-114x101.jpg 114w\" sizes=\"auto, (max-width: 243px) 100vw, 243px\" \/>KEKSIJ\u00c4KYL\u00c4N LOTTE<br \/>\n<\/span><\/h3>\n<p style=\"text-align: left;\">Elokuvan p\u00e4\u00e4henkil\u00f6, koiratytt\u00f6 Lotte, asuu yst\u00e4viens\u00e4, kissanpoika Brunon ja j\u00e4niksenpoika Albertin kanssa Keksij\u00e4kyl\u00e4ss\u00e4, joka sijaitsee suuren meren rannalla. Kyl\u00e4l\u00e4iset j\u00e4rjest\u00e4v\u00e4t joka vuosi uusien keksint\u00f6jen kilpailun. Er\u00e4s tunnetuimpia keksij\u00f6it\u00e4 kyl\u00e4ss\u00e4 on Loten is\u00e4 Oskar. Oskarin pahin kilpailija on Adalbert-j\u00e4nis. Seuraavan kilpailun aattona Lotte ja Bruno l\u00f6yt\u00e4v\u00e4t merest\u00e4 vettyneen kirjan. Kirjan v\u00e4list\u00e4 k\u00f6mpii ulos Susumu-mehil\u00e4inen, puutarhuri ja judovalmentaja kaukaisesta Japanista.<\/p>\n<p style=\"text-align: left;\">\u00c4\u00e4ni: viro<br \/>\nTekstitys: viro, englanti, ranska, ven\u00e4j\u00e4<br \/>\nKesto 78 min<\/p>\n<hr \/>\n<h3 class=\"entry-title\" style=\"text-align: left;\"><span style=\"color: #333399;\"><img loading=\"lazy\" decoding=\"async\" class=\"alignright wp-image-19487\" src=\"https:\/\/lottemaa.ee\/wp-content\/uploads\/2023\/01\/raamatud_kodukale_287x255_9.jpg\" alt=\"\" width=\"243\" height=\"216\" srcset=\"https:\/\/lottemaa.ee\/wp-content\/uploads\/2023\/01\/raamatud_kodukale_287x255_9.jpg 287w, https:\/\/lottemaa.ee\/wp-content\/uploads\/2023\/01\/raamatud_kodukale_287x255_9-285x255.jpg 285w, https:\/\/lottemaa.ee\/wp-content\/uploads\/2023\/01\/raamatud_kodukale_287x255_9-114x101.jpg 114w\" sizes=\"auto, (max-width: 243px) 100vw, 243px\" \/>LOTEN MATKA ETEL\u00c4\u00c4N<br \/>\n<\/span><\/h3>\n<p style=\"text-align: left;\">Muuttolinnut lent\u00e4v\u00e4t Keksij\u00e4kyl\u00e4n yli etel\u00e4\u00e4n. Pieni linnunpoika, Pippo, v\u00e4s\u00e4ht\u00e4\u00e4 ja tekee h\u00e4t\u00e4laskun Keksij\u00e4kyl\u00e4\u00e4n. Lotte p\u00e4\u00e4tt\u00e4\u00e4 yhdess\u00e4 is\u00e4ns\u00e4 Oskarin ja vanhan kulkukoira Klausin kanssa l\u00e4hte\u00e4 viem\u00e4\u00e4n Pipon etel\u00e4\u00e4n. Matka etel\u00e4\u00e4n on t\u00e4ynn\u00e4 mielenkiintoisia ja hauskoja seikkailuja.<\/p>\n<p style=\"text-align: left;\">\u00c4\u00e4ni: viro, englanti, ven\u00e4j\u00e4<br \/>\nTekstitys: viro, englanti, ven\u00e4j\u00e4<br \/>\nKesto 65 min<\/p>\n","protected":false},"excerpt":{"rendered":"<p>LOTTE JA KADONNEET LOHIK\u00c4\u00c4RMEET Lasten rakastamien Lotte-tarinoiden kolmannessa elokuvassa rohkea koiratytt\u00f6 Lotte saa pikkusiskon nimelt\u00e4 Roosi. Keksij\u00e4kyl\u00e4\u00e4n saapuvat tutkijat, Karl-pesukarhu ja Viktor-kala, jotka osallistuvat suureen kansanlaulujen ker\u00e4\u00e4miskilpailuun. Kilpailun p\u00e4\u00e4palkinnon saa se, joka onnistuu taltioimaan maailman vanhimman el\u00e4inlajin, myyttisten tulta sy\u00f6ksevien lohik\u00e4\u00e4rmeiden, kansanlaulun. Lotte ja Roosi p\u00e4\u00e4tt\u00e4v\u00e4t auttaa tutkijoita. Heill\u00e4 on edess\u00e4\u00e4n j\u00e4nnitt\u00e4vi\u00e4 ja odottamattomia seikkailuja. &hellip; <a href=\"https:\/\/lottemaa.ee\/fi\/meista\/elokuvia\/\">Continued<\/a><\/p>\n","protected":false},"author":11,"featured_media":12309,"parent":597,"menu_order":56,"comment_status":"closed","ping_status":"closed","template":"","meta":{"_acf_changed":false,"om_disable_all_campaigns":false,"_uf_show_specific_survey":0,"_uf_disable_surveys":false,"footnotes":""},"class_list":["post-27938","page","type-page","status-publish","has-post-thumbnail","hentry"],"acf":[],"yoast_head":"<!-- This site is optimized with the Yoast SEO plugin v25.5 - https:\/\/yoast.com\/wordpress\/plugins\/seo\/ -->\n<title>Elokuvia | Lottemaa Teemapark<\/title>\n<meta name=\"robots\" content=\"index, follow, max-snippet:-1, max-image-preview:large, max-video-preview:-1\" \/>\n<link rel=\"canonical\" href=\"https:\/\/lottemaa.ee\/fi\/meista\/elokuvia\/\" \/>\n<meta property=\"og:locale\" content=\"fi_FI\" \/>\n<meta property=\"og:type\" content=\"article\" \/>\n<meta property=\"og:title\" content=\"Elokuvia | Lottemaa Teemapark\" \/>\n<meta property=\"og:description\" content=\"LOTTE JA KADONNEET LOHIK\u00c4\u00c4RMEET Lasten rakastamien Lotte-tarinoiden kolmannessa elokuvassa rohkea koiratytt\u00f6 Lotte saa pikkusiskon nimelt\u00e4 Roosi. Keksij\u00e4kyl\u00e4\u00e4n saapuvat tutkijat, Karl-pesukarhu ja Viktor-kala, jotka osallistuvat suureen kansanlaulujen ker\u00e4\u00e4miskilpailuun. Kilpailun p\u00e4\u00e4palkinnon saa se, joka onnistuu taltioimaan maailman vanhimman el\u00e4inlajin, myyttisten tulta sy\u00f6ksevien lohik\u00e4\u00e4rmeiden, kansanlaulun. Lotte ja Roosi p\u00e4\u00e4tt\u00e4v\u00e4t auttaa tutkijoita. Heill\u00e4 on edess\u00e4\u00e4n j\u00e4nnitt\u00e4vi\u00e4 ja odottamattomia seikkailuja. &hellip; Continued\" \/>\n<meta property=\"og:url\" content=\"https:\/\/lottemaa.ee\/fi\/meista\/elokuvia\/\" \/>\n<meta property=\"og:site_name\" content=\"Lottemaa Teemapark\" \/>\n<meta property=\"article:modified_time\" content=\"2024-09-27T09:32:19+00:00\" \/>\n<meta property=\"og:image\" content=\"https:\/\/lottemaa.ee\/wp-content\/uploads\/2022\/01\/filmiriiul_285x296.jpg\" \/>\n\t<meta property=\"og:image:width\" content=\"296\" \/>\n\t<meta property=\"og:image:height\" content=\"285\" \/>\n\t<meta property=\"og:image:type\" content=\"image\/jpeg\" \/>\n<meta name=\"twitter:card\" content=\"summary_large_image\" \/>\n<meta name=\"twitter:label1\" content=\"Arvioitu lukuaika\" \/>\n\t<meta name=\"twitter:data1\" content=\"3 minuuttia\" \/>\n<script type=\"application\/ld+json\" class=\"yoast-schema-graph\">{\"@context\":\"https:\/\/schema.org\",\"@graph\":[{\"@type\":\"WebPage\",\"@id\":\"https:\/\/lottemaa.ee\/fi\/meista\/elokuvia\/\",\"url\":\"https:\/\/lottemaa.ee\/fi\/meista\/elokuvia\/\",\"name\":\"Elokuvia | Lottemaa Teemapark\",\"isPartOf\":{\"@id\":\"https:\/\/lottemaa.ee\/#website\"},\"primaryImageOfPage\":{\"@id\":\"https:\/\/lottemaa.ee\/fi\/meista\/elokuvia\/#primaryimage\"},\"image\":{\"@id\":\"https:\/\/lottemaa.ee\/fi\/meista\/elokuvia\/#primaryimage\"},\"thumbnailUrl\":\"https:\/\/lottemaa.ee\/wp-content\/uploads\/2022\/01\/filmiriiul_285x296.jpg\",\"datePublished\":\"2024-08-08T12:04:26+00:00\",\"dateModified\":\"2024-09-27T09:32:19+00:00\",\"breadcrumb\":{\"@id\":\"https:\/\/lottemaa.ee\/fi\/meista\/elokuvia\/#breadcrumb\"},\"inLanguage\":\"fi\",\"potentialAction\":[{\"@type\":\"ReadAction\",\"target\":[\"https:\/\/lottemaa.ee\/fi\/meista\/elokuvia\/\"]}]},{\"@type\":\"ImageObject\",\"inLanguage\":\"fi\",\"@id\":\"https:\/\/lottemaa.ee\/fi\/meista\/elokuvia\/#primaryimage\",\"url\":\"https:\/\/lottemaa.ee\/wp-content\/uploads\/2022\/01\/filmiriiul_285x296.jpg\",\"contentUrl\":\"https:\/\/lottemaa.ee\/wp-content\/uploads\/2022\/01\/filmiriiul_285x296.jpg\",\"width\":296,\"height\":285},{\"@type\":\"BreadcrumbList\",\"@id\":\"https:\/\/lottemaa.ee\/fi\/meista\/elokuvia\/#breadcrumb\",\"itemListElement\":[{\"@type\":\"ListItem\",\"position\":1,\"name\":\"Home\",\"item\":\"https:\/\/lottemaa.ee\/fi\/\"},{\"@type\":\"ListItem\",\"position\":2,\"name\":\"Meist\u00e4\",\"item\":\"https:\/\/lottemaa.ee\/fi\/meista\/\"},{\"@type\":\"ListItem\",\"position\":3,\"name\":\"Elokuvia\"}]},{\"@type\":\"WebSite\",\"@id\":\"https:\/\/lottemaa.ee\/#website\",\"url\":\"https:\/\/lottemaa.ee\/\",\"name\":\"Lottemaa Teemapark\",\"description\":\"Baltimaade suurim ja k\u00f5ige \u00e4gedam kogupere teemapark Eestis P\u00e4rnumaal\",\"publisher\":{\"@id\":\"https:\/\/lottemaa.ee\/#organization\"},\"potentialAction\":[{\"@type\":\"SearchAction\",\"target\":{\"@type\":\"EntryPoint\",\"urlTemplate\":\"https:\/\/lottemaa.ee\/?s={search_term_string}\"},\"query-input\":{\"@type\":\"PropertyValueSpecification\",\"valueRequired\":true,\"valueName\":\"search_term_string\"}}],\"inLanguage\":\"fi\"},{\"@type\":\"Organization\",\"@id\":\"https:\/\/lottemaa.ee\/#organization\",\"name\":\"Lottemaa Teemapark\",\"url\":\"https:\/\/lottemaa.ee\/\",\"logo\":{\"@type\":\"ImageObject\",\"inLanguage\":\"fi\",\"@id\":\"https:\/\/lottemaa.ee\/#\/schema\/logo\/image\/\",\"url\":\"https:\/\/lottemaa.ee\/wp-content\/uploads\/2018\/12\/Lottemaa_LOGO.png\",\"contentUrl\":\"https:\/\/lottemaa.ee\/wp-content\/uploads\/2018\/12\/Lottemaa_LOGO.png\",\"width\":1024,\"height\":518,\"caption\":\"Lottemaa Teemapark\"},\"image\":{\"@id\":\"https:\/\/lottemaa.ee\/#\/schema\/logo\/image\/\"}}]}<\/script>\n<!-- \/ Yoast SEO plugin. -->","yoast_head_json":{"title":"Elokuvia | Lottemaa Teemapark","robots":{"index":"index","follow":"follow","max-snippet":"max-snippet:-1","max-image-preview":"max-image-preview:large","max-video-preview":"max-video-preview:-1"},"canonical":"https:\/\/lottemaa.ee\/fi\/meista\/elokuvia\/","og_locale":"fi_FI","og_type":"article","og_title":"Elokuvia | Lottemaa Teemapark","og_description":"LOTTE JA KADONNEET LOHIK\u00c4\u00c4RMEET Lasten rakastamien Lotte-tarinoiden kolmannessa elokuvassa rohkea koiratytt\u00f6 Lotte saa pikkusiskon nimelt\u00e4 Roosi. Keksij\u00e4kyl\u00e4\u00e4n saapuvat tutkijat, Karl-pesukarhu ja Viktor-kala, jotka osallistuvat suureen kansanlaulujen ker\u00e4\u00e4miskilpailuun. Kilpailun p\u00e4\u00e4palkinnon saa se, joka onnistuu taltioimaan maailman vanhimman el\u00e4inlajin, myyttisten tulta sy\u00f6ksevien lohik\u00e4\u00e4rmeiden, kansanlaulun. Lotte ja Roosi p\u00e4\u00e4tt\u00e4v\u00e4t auttaa tutkijoita. Heill\u00e4 on edess\u00e4\u00e4n j\u00e4nnitt\u00e4vi\u00e4 ja odottamattomia seikkailuja. &hellip; Continued","og_url":"https:\/\/lottemaa.ee\/fi\/meista\/elokuvia\/","og_site_name":"Lottemaa Teemapark","article_modified_time":"2024-09-27T09:32:19+00:00","og_image":[{"width":296,"height":285,"url":"https:\/\/lottemaa.ee\/wp-content\/uploads\/2022\/01\/filmiriiul_285x296.jpg","type":"image\/jpeg"}],"twitter_card":"summary_large_image","twitter_misc":{"Arvioitu lukuaika":"3 minuuttia"},"schema":{"@context":"https:\/\/schema.org","@graph":[{"@type":"WebPage","@id":"https:\/\/lottemaa.ee\/fi\/meista\/elokuvia\/","url":"https:\/\/lottemaa.ee\/fi\/meista\/elokuvia\/","name":"Elokuvia | Lottemaa Teemapark","isPartOf":{"@id":"https:\/\/lottemaa.ee\/#website"},"primaryImageOfPage":{"@id":"https:\/\/lottemaa.ee\/fi\/meista\/elokuvia\/#primaryimage"},"image":{"@id":"https:\/\/lottemaa.ee\/fi\/meista\/elokuvia\/#primaryimage"},"thumbnailUrl":"https:\/\/lottemaa.ee\/wp-content\/uploads\/2022\/01\/filmiriiul_285x296.jpg","datePublished":"2024-08-08T12:04:26+00:00","dateModified":"2024-09-27T09:32:19+00:00","breadcrumb":{"@id":"https:\/\/lottemaa.ee\/fi\/meista\/elokuvia\/#breadcrumb"},"inLanguage":"fi","potentialAction":[{"@type":"ReadAction","target":["https:\/\/lottemaa.ee\/fi\/meista\/elokuvia\/"]}]},{"@type":"ImageObject","inLanguage":"fi","@id":"https:\/\/lottemaa.ee\/fi\/meista\/elokuvia\/#primaryimage","url":"https:\/\/lottemaa.ee\/wp-content\/uploads\/2022\/01\/filmiriiul_285x296.jpg","contentUrl":"https:\/\/lottemaa.ee\/wp-content\/uploads\/2022\/01\/filmiriiul_285x296.jpg","width":296,"height":285},{"@type":"BreadcrumbList","@id":"https:\/\/lottemaa.ee\/fi\/meista\/elokuvia\/#breadcrumb","itemListElement":[{"@type":"ListItem","position":1,"name":"Home","item":"https:\/\/lottemaa.ee\/fi\/"},{"@type":"ListItem","position":2,"name":"Meist\u00e4","item":"https:\/\/lottemaa.ee\/fi\/meista\/"},{"@type":"ListItem","position":3,"name":"Elokuvia"}]},{"@type":"WebSite","@id":"https:\/\/lottemaa.ee\/#website","url":"https:\/\/lottemaa.ee\/","name":"Lottemaa Teemapark","description":"Baltimaade suurim ja k\u00f5ige \u00e4gedam kogupere teemapark Eestis P\u00e4rnumaal","publisher":{"@id":"https:\/\/lottemaa.ee\/#organization"},"potentialAction":[{"@type":"SearchAction","target":{"@type":"EntryPoint","urlTemplate":"https:\/\/lottemaa.ee\/?s={search_term_string}"},"query-input":{"@type":"PropertyValueSpecification","valueRequired":true,"valueName":"search_term_string"}}],"inLanguage":"fi"},{"@type":"Organization","@id":"https:\/\/lottemaa.ee\/#organization","name":"Lottemaa Teemapark","url":"https:\/\/lottemaa.ee\/","logo":{"@type":"ImageObject","inLanguage":"fi","@id":"https:\/\/lottemaa.ee\/#\/schema\/logo\/image\/","url":"https:\/\/lottemaa.ee\/wp-content\/uploads\/2018\/12\/Lottemaa_LOGO.png","contentUrl":"https:\/\/lottemaa.ee\/wp-content\/uploads\/2018\/12\/Lottemaa_LOGO.png","width":1024,"height":518,"caption":"Lottemaa Teemapark"},"image":{"@id":"https:\/\/lottemaa.ee\/#\/schema\/logo\/image\/"}}]}},"_links":{"self":[{"href":"https:\/\/lottemaa.ee\/fi\/wp-json\/wp\/v2\/pages\/27938","targetHints":{"allow":["GET"]}}],"collection":[{"href":"https:\/\/lottemaa.ee\/fi\/wp-json\/wp\/v2\/pages"}],"about":[{"href":"https:\/\/lottemaa.ee\/fi\/wp-json\/wp\/v2\/types\/page"}],"author":[{"embeddable":true,"href":"https:\/\/lottemaa.ee\/fi\/wp-json\/wp\/v2\/users\/11"}],"replies":[{"embeddable":true,"href":"https:\/\/lottemaa.ee\/fi\/wp-json\/wp\/v2\/comments?post=27938"}],"version-history":[{"count":3,"href":"https:\/\/lottemaa.ee\/fi\/wp-json\/wp\/v2\/pages\/27938\/revisions"}],"predecessor-version":[{"id":28646,"href":"https:\/\/lottemaa.ee\/fi\/wp-json\/wp\/v2\/pages\/27938\/revisions\/28646"}],"up":[{"embeddable":true,"href":"https:\/\/lottemaa.ee\/fi\/wp-json\/wp\/v2\/pages\/597"}],"wp:featuredmedia":[{"embeddable":true,"href":"https:\/\/lottemaa.ee\/fi\/wp-json\/wp\/v2\/media\/12309"}],"wp:attachment":[{"href":"https:\/\/lottemaa.ee\/fi\/wp-json\/wp\/v2\/media?parent=27938"}],"curies":[{"name":"wp","href":"https:\/\/api.w.org\/{rel}","templated":true}]}}