{"id":27933,"date":"2024-08-08T14:07:05","date_gmt":"2024-08-08T11:07:05","guid":{"rendered":"https:\/\/lottemaa.ee\/?page_id=27933"},"modified":"2024-09-27T12:41:35","modified_gmt":"2024-09-27T09:41:35","slug":"kirjat","status":"publish","type":"page","link":"https:\/\/lottemaa.ee\/fi\/meista\/kirjat\/","title":{"rendered":"KIRJAT"},"content":{"rendered":"<h3><span style=\"color: #333399;\"><img loading=\"lazy\" decoding=\"async\" class=\"alignleft wp-image-24224\" src=\"https:\/\/lottemaa.ee\/wp-content\/uploads\/2023\/11\/raamatud_kodukale_287x255_10-150x150.jpg\" alt=\"\" width=\"217\" height=\"193\" srcset=\"https:\/\/lottemaa.ee\/wp-content\/uploads\/2023\/11\/raamatud_kodukale_287x255_10-285x255.jpg 285w, https:\/\/lottemaa.ee\/wp-content\/uploads\/2023\/11\/raamatud_kodukale_287x255_10-114x101.jpg 114w, https:\/\/lottemaa.ee\/wp-content\/uploads\/2023\/11\/raamatud_kodukale_287x255_10.jpg 287w\" sizes=\"auto, (max-width: 217px) 100vw, 217px\" \/>KEKSIJ\u00c4KYL\u00c4N H\u00c4\u00c4JUHLA<br \/>\n<\/span><\/h3>\n<p style=\"text-align: left;\">Rakkaus voi osua kohdalle monella tapaa: hiipien, riemukkaasti huutaen tai t\u00e4ysin odottamatta. Viimeksi mainittu on kaikkein kiintoisin, sill\u00e4 silloin tapahtuu paljon monenlaisia mukavia seikkailuja ja voi pit\u00e4\u00e4 hauskaa. Keksij\u00e4kyl\u00e4ss\u00e4 asia on juuri niin. Tohtori Aven ja Mihkelin h\u00e4iss\u00e4 kaikkea t\u00e4t\u00e4 tapahtui hurjan paljon. Sellaisia h\u00e4it\u00e4 ei ole t\u00e4\u00e4ll\u00e4 aikoihin n\u00e4hty!<\/p>\n<p>&nbsp;<\/p>\n<p>&nbsp;<\/p>\n<hr \/>\n<h3 style=\"text-align: left;\"><span style=\"color: #ff0000;\"><img loading=\"lazy\" decoding=\"async\" class=\"alignleft wp-image-19467\" src=\"https:\/\/lottemaa.ee\/wp-content\/uploads\/2023\/01\/raamatud_kodukale_287x255_5.jpg\" alt=\"\" width=\"217\" height=\"193\" srcset=\"https:\/\/lottemaa.ee\/wp-content\/uploads\/2023\/01\/raamatud_kodukale_287x255_5.jpg 287w, https:\/\/lottemaa.ee\/wp-content\/uploads\/2023\/01\/raamatud_kodukale_287x255_5-285x255.jpg 285w, https:\/\/lottemaa.ee\/wp-content\/uploads\/2023\/01\/raamatud_kodukale_287x255_5-114x101.jpg 114w\" sizes=\"auto, (max-width: 217px) 100vw, 217px\" \/>KEKSIJ\u00c4KYL\u00c4N TARINOITA<br \/>\n<\/span><\/h3>\n<p style=\"text-align: left;\">Keksij\u00e4kyl\u00e4ss\u00e4 tapahtuu koko ajan jotain.<br \/>\nLepp\u00e4kertut rakentavat Loten p\u00e4\u00e4h\u00e4n majan.<br \/>\nOtto-j\u00e4niksen puiset korvat puhkeavat odottamatta kukkaan.<br \/>\nJuhan-k\u00e4rp\u00e4nen lent\u00e4\u00e4 tyhj\u00e4st\u00e4 kurkkupurkista rakennetulla raketilla Kuun taakse uimaan suklaajoessa.<br \/>\nKeksij\u00e4kyl\u00e4\u00e4n saapuu kaukaisia vieraita \u2013 rauta-ankka Pauliine Australiasta ja nahkaviiri\u00e4inen Fredy Sansibarista.<br \/>\nKyl\u00e4l\u00e4isille t\u00e4ss\u00e4 kaikessa ei ole mit\u00e4\u00e4n erikoista.<br \/>\nSe on Keksij\u00e4kyl\u00e4n arkip\u00e4iv\u00e4\u00e4.<\/p>\n<p>&nbsp;<\/p>\n<hr \/>\n<h3 style=\"text-align: left;\"><span style=\"color: #333399;\"><img loading=\"lazy\" decoding=\"async\" class=\"alignleft wp-image-19472\" src=\"https:\/\/lottemaa.ee\/wp-content\/uploads\/2023\/01\/raamatud_kodukale_287x255_6.jpg\" alt=\"\" width=\"217\" height=\"193\" srcset=\"https:\/\/lottemaa.ee\/wp-content\/uploads\/2023\/01\/raamatud_kodukale_287x255_6.jpg 287w, https:\/\/lottemaa.ee\/wp-content\/uploads\/2023\/01\/raamatud_kodukale_287x255_6-285x255.jpg 285w, https:\/\/lottemaa.ee\/wp-content\/uploads\/2023\/01\/raamatud_kodukale_287x255_6-114x101.jpg 114w\" sizes=\"auto, (max-width: 217px) 100vw, 217px\" \/>KEKSIJ\u00c4KYL\u00c4N JOULU<br \/>\n<\/span><\/h3>\n<p style=\"text-align: left;\">Keksij\u00e4kyl\u00e4 on hautautunut lumeen. Talvi on koittanut. Talviunille ei kuitenkaan j\u00e4\u00e4d\u00e4. Kyl\u00e4ss\u00e4 jatkuu vilkas el\u00e4m\u00e4. Ja pian on joulu \u2026<br \/>\nTied\u00e4ttek\u00f6 te, miten Keksij\u00e4kyl\u00e4ss\u00e4 vietet\u00e4\u00e4n joulua?<\/p>\n<p style=\"text-align: left;\">Millaisia valmisteluja tehd\u00e4\u00e4n, millaisia seikkailuja on edess\u00e4 ja mit\u00e4 j\u00e4nnitt\u00e4v\u00e4\u00e4 tapahtuu? Miten lahjoja valmistetaan ja tuleeko oikea joulupukki k\u00e4ym\u00e4\u00e4n?<\/p>\n<p>&nbsp;<\/p>\n<hr \/>\n<h3 style=\"text-align: left;\"><span style=\"color: #ff0000;\"><img loading=\"lazy\" decoding=\"async\" class=\"alignleft wp-image-19462\" src=\"https:\/\/lottemaa.ee\/wp-content\/uploads\/2023\/01\/raamatud_kodukale_287x255_4.jpg\" alt=\"\" width=\"217\" height=\"193\" srcset=\"https:\/\/lottemaa.ee\/wp-content\/uploads\/2023\/01\/raamatud_kodukale_287x255_4.jpg 287w, https:\/\/lottemaa.ee\/wp-content\/uploads\/2023\/01\/raamatud_kodukale_287x255_4-285x255.jpg 285w, https:\/\/lottemaa.ee\/wp-content\/uploads\/2023\/01\/raamatud_kodukale_287x255_4-114x101.jpg 114w\" sizes=\"auto, (max-width: 217px) 100vw, 217px\" \/>KEKSIJ\u00c4KYL\u00c4N LOTTE<br \/>\n<\/span><\/h3>\n<p style=\"text-align: left;\">Jossain Euroopassa, suuren meren rannalla, sijaitsee Keksij\u00e4kyl\u00e4, jossa pidet\u00e4\u00e4n arvossa kaikenlaisten hy\u00f6dyllisten vekottimien valmistamista. Joka vuosi kyl\u00e4n asukaan j\u00e4rjest\u00e4v\u00e4t uusien keksint\u00f6jen kilpailun. Yksi kyl\u00e4n kuuluisimmista keksij\u00f6ist\u00e4 on energisen koiratytt\u00f6 Loten is\u00e4 Oskar. H\u00e4nen suurin kilpailija on Adalbert-j\u00e4nis, jonka puolisokin ottaa kisaan osaa t\u00e4ysin rinnoin. Voitto olisi t\u00e4rke\u00e4 koko suvulle ja olisi kunniaksi koko j\u00e4nisten klaanille. Tavanomaisen kilpailun aattoiltana l\u00f6yt\u00e4v\u00e4t Lotte ja h\u00e4nen yst\u00e4v\u00e4ns\u00e4 kissanpoika Bruno merest\u00e4 vettyneen kirjan. Kirjan v\u00e4list\u00e4 kiipe\u00e4\u00e4 esiin mehil\u00e4inen Susumu, puutarhuri kaukaisesta Japanista. Susumu opettaa kyl\u00e4n asukkaille ennen kilpailua muutamia judoheittoja, joita asukkaat alkavat ahkerasti k\u00e4ytt\u00e4\u00e4 arkisen el\u00e4m\u00e4n helpottamiseksi. Asukkaiden mielest\u00e4 judosta on enemm\u00e4n apua kodin askareissa kuin monimutkaisista ja tottelemattomista koneista.<\/p>\n<p>&nbsp;<\/p>\n<hr \/>\n<h3 style=\"text-align: left;\"><span style=\"color: #333399;\"><img loading=\"lazy\" decoding=\"async\" class=\"alignleft wp-image-19482\" src=\"https:\/\/lottemaa.ee\/wp-content\/uploads\/2023\/01\/raamatud_kodukale_287x255_8.jpg\" alt=\"\" width=\"217\" height=\"193\" srcset=\"https:\/\/lottemaa.ee\/wp-content\/uploads\/2023\/01\/raamatud_kodukale_287x255_8.jpg 287w, https:\/\/lottemaa.ee\/wp-content\/uploads\/2023\/01\/raamatud_kodukale_287x255_8-285x255.jpg 285w, https:\/\/lottemaa.ee\/wp-content\/uploads\/2023\/01\/raamatud_kodukale_287x255_8-114x101.jpg 114w\" sizes=\"auto, (max-width: 217px) 100vw, 217px\" \/>LOTEN MATKA ETEL\u00c4\u00c4N<br \/>\n<\/span><\/h3>\n<p style=\"text-align: left;\">Pieni, v\u00e4synyt linnunpoika Pippo j\u00e4\u00e4 etel\u00e4\u00e4n lent\u00e4v\u00e4st\u00e4 lintuparvesta j\u00e4lkeen, niinp\u00e4 Lotte p\u00e4\u00e4tt\u00e4\u00e4 vied\u00e4 Pippon etel\u00e4\u00e4n. Oskari-is\u00e4n ja vanhan kulkukoira Klausin kanssa l\u00e4hdet\u00e4\u00e4n Oskarin keksim\u00e4ll\u00e4 lentoaparaatilla matkaan. Matkalaisia odottaa edess\u00e4 monta j\u00e4nnitt\u00e4v\u00e4\u00e4 seikkailua.<\/p>\n<p>&nbsp;<\/p>\n<p>&nbsp;<\/p>\n<p>&nbsp;<\/p>\n<hr \/>\n<h3 style=\"text-align: left;\"><span style=\"color: #ff0000;\"><img loading=\"lazy\" decoding=\"async\" class=\"alignleft wp-image-19477\" src=\"https:\/\/lottemaa.ee\/wp-content\/uploads\/2023\/01\/raamatud_kodukale_287x255_7.jpg\" alt=\"\" width=\"217\" height=\"193\" srcset=\"https:\/\/lottemaa.ee\/wp-content\/uploads\/2023\/01\/raamatud_kodukale_287x255_7.jpg 287w, https:\/\/lottemaa.ee\/wp-content\/uploads\/2023\/01\/raamatud_kodukale_287x255_7-285x255.jpg 285w, https:\/\/lottemaa.ee\/wp-content\/uploads\/2023\/01\/raamatud_kodukale_287x255_7-114x101.jpg 114w\" sizes=\"auto, (max-width: 217px) 100vw, 217px\" \/>LOTTE JA KUUKIVEN SALAISUUS<br \/>\n<\/span><\/h3>\n<p style=\"text-align: left;\">Er\u00e4\u00e4n\u00e4 y\u00f6n\u00e4 hiipii Keksij\u00e4kyl\u00e4ss\u00e4 kaksi tuntematonta hahmoa. He etsiv\u00e4t kolmea kive\u00e4, jotka vanha kulkukoira Klaus toi viimeiselt\u00e4 matkaltaan. Yksi kivi j\u00e4i Klausille, kaksi h\u00e4nen matkakumppanilleen. Kun Lotte ja Klaus tajuavat, ett\u00e4 kiviss\u00e4 piilee salaisuus, l\u00e4htev\u00e4t he etsim\u00e4\u00e4n kivi\u00e4. Kun Klaus yll\u00e4tt\u00e4en sairastuu, t\u00e4ytyy Loten jatkaa taivalta yksin. Piakkoin selvi\u00e4\u00e4, ett\u00e4 kivien salaisuus on paljon suurempi kuin Lotte ja Klaus osasivat odottaa.<\/p>\n","protected":false},"excerpt":{"rendered":"<p>KEKSIJ\u00c4KYL\u00c4N H\u00c4\u00c4JUHLA Rakkaus voi osua kohdalle monella tapaa: hiipien, riemukkaasti huutaen tai t\u00e4ysin odottamatta. Viimeksi mainittu on kaikkein kiintoisin, sill\u00e4 silloin tapahtuu paljon monenlaisia mukavia seikkailuja ja voi pit\u00e4\u00e4 hauskaa. Keksij\u00e4kyl\u00e4ss\u00e4 asia on juuri niin. Tohtori Aven ja Mihkelin h\u00e4iss\u00e4 kaikkea t\u00e4t\u00e4 tapahtui hurjan paljon. Sellaisia h\u00e4it\u00e4 ei ole t\u00e4\u00e4ll\u00e4 aikoihin n\u00e4hty! &nbsp; &nbsp; KEKSIJ\u00c4KYL\u00c4N &hellip; <a href=\"https:\/\/lottemaa.ee\/fi\/meista\/kirjat\/\">Continued<\/a><\/p>\n","protected":false},"author":11,"featured_media":25148,"parent":597,"menu_order":27,"comment_status":"closed","ping_status":"closed","template":"","meta":{"_acf_changed":false,"om_disable_all_campaigns":false,"_uf_show_specific_survey":0,"_uf_disable_surveys":false,"footnotes":""},"class_list":["post-27933","page","type-page","status-publish","has-post-thumbnail","hentry"],"acf":[],"yoast_head":"<!-- This site is optimized with the Yoast SEO plugin v25.5 - https:\/\/yoast.com\/wordpress\/plugins\/seo\/ -->\n<title>KIRJAT | Lottemaa Teemapark<\/title>\n<meta name=\"robots\" content=\"index, follow, max-snippet:-1, max-image-preview:large, max-video-preview:-1\" \/>\n<link rel=\"canonical\" href=\"https:\/\/lottemaa.ee\/fi\/meista\/kirjat\/\" \/>\n<meta property=\"og:locale\" content=\"fi_FI\" \/>\n<meta property=\"og:type\" content=\"article\" \/>\n<meta property=\"og:title\" content=\"KIRJAT | Lottemaa Teemapark\" \/>\n<meta property=\"og:description\" content=\"KEKSIJ\u00c4KYL\u00c4N H\u00c4\u00c4JUHLA Rakkaus voi osua kohdalle monella tapaa: hiipien, riemukkaasti huutaen tai t\u00e4ysin odottamatta. Viimeksi mainittu on kaikkein kiintoisin, sill\u00e4 silloin tapahtuu paljon monenlaisia mukavia seikkailuja ja voi pit\u00e4\u00e4 hauskaa. Keksij\u00e4kyl\u00e4ss\u00e4 asia on juuri niin. Tohtori Aven ja Mihkelin h\u00e4iss\u00e4 kaikkea t\u00e4t\u00e4 tapahtui hurjan paljon. Sellaisia h\u00e4it\u00e4 ei ole t\u00e4\u00e4ll\u00e4 aikoihin n\u00e4hty! &nbsp; &nbsp; KEKSIJ\u00c4KYL\u00c4N &hellip; Continued\" \/>\n<meta property=\"og:url\" content=\"https:\/\/lottemaa.ee\/fi\/meista\/kirjat\/\" \/>\n<meta property=\"og:site_name\" content=\"Lottemaa Teemapark\" \/>\n<meta property=\"article:modified_time\" content=\"2024-09-27T09:41:35+00:00\" \/>\n<meta property=\"og:image\" content=\"https:\/\/lottemaa.ee\/wp-content\/uploads\/2024\/02\/lotte_loeb_288x251.jpg\" \/>\n\t<meta property=\"og:image:width\" content=\"288\" \/>\n\t<meta property=\"og:image:height\" content=\"251\" \/>\n\t<meta property=\"og:image:type\" content=\"image\/jpeg\" \/>\n<meta name=\"twitter:card\" content=\"summary_large_image\" \/>\n<meta name=\"twitter:label1\" content=\"Arvioitu lukuaika\" \/>\n\t<meta name=\"twitter:data1\" content=\"4 minuuttia\" \/>\n<script type=\"application\/ld+json\" class=\"yoast-schema-graph\">{\"@context\":\"https:\/\/schema.org\",\"@graph\":[{\"@type\":\"WebPage\",\"@id\":\"https:\/\/lottemaa.ee\/fi\/meista\/kirjat\/\",\"url\":\"https:\/\/lottemaa.ee\/fi\/meista\/kirjat\/\",\"name\":\"KIRJAT | Lottemaa Teemapark\",\"isPartOf\":{\"@id\":\"https:\/\/lottemaa.ee\/#website\"},\"primaryImageOfPage\":{\"@id\":\"https:\/\/lottemaa.ee\/fi\/meista\/kirjat\/#primaryimage\"},\"image\":{\"@id\":\"https:\/\/lottemaa.ee\/fi\/meista\/kirjat\/#primaryimage\"},\"thumbnailUrl\":\"https:\/\/lottemaa.ee\/wp-content\/uploads\/2024\/02\/lotte_loeb_288x251.jpg\",\"datePublished\":\"2024-08-08T11:07:05+00:00\",\"dateModified\":\"2024-09-27T09:41:35+00:00\",\"breadcrumb\":{\"@id\":\"https:\/\/lottemaa.ee\/fi\/meista\/kirjat\/#breadcrumb\"},\"inLanguage\":\"fi\",\"potentialAction\":[{\"@type\":\"ReadAction\",\"target\":[\"https:\/\/lottemaa.ee\/fi\/meista\/kirjat\/\"]}]},{\"@type\":\"ImageObject\",\"inLanguage\":\"fi\",\"@id\":\"https:\/\/lottemaa.ee\/fi\/meista\/kirjat\/#primaryimage\",\"url\":\"https:\/\/lottemaa.ee\/wp-content\/uploads\/2024\/02\/lotte_loeb_288x251.jpg\",\"contentUrl\":\"https:\/\/lottemaa.ee\/wp-content\/uploads\/2024\/02\/lotte_loeb_288x251.jpg\",\"width\":288,\"height\":251},{\"@type\":\"BreadcrumbList\",\"@id\":\"https:\/\/lottemaa.ee\/fi\/meista\/kirjat\/#breadcrumb\",\"itemListElement\":[{\"@type\":\"ListItem\",\"position\":1,\"name\":\"Home\",\"item\":\"https:\/\/lottemaa.ee\/fi\/\"},{\"@type\":\"ListItem\",\"position\":2,\"name\":\"Meist\u00e4\",\"item\":\"https:\/\/lottemaa.ee\/fi\/meista\/\"},{\"@type\":\"ListItem\",\"position\":3,\"name\":\"KIRJAT\"}]},{\"@type\":\"WebSite\",\"@id\":\"https:\/\/lottemaa.ee\/#website\",\"url\":\"https:\/\/lottemaa.ee\/\",\"name\":\"Lottemaa Teemapark\",\"description\":\"Baltimaade suurim ja k\u00f5ige \u00e4gedam kogupere teemapark Eestis P\u00e4rnumaal\",\"publisher\":{\"@id\":\"https:\/\/lottemaa.ee\/#organization\"},\"potentialAction\":[{\"@type\":\"SearchAction\",\"target\":{\"@type\":\"EntryPoint\",\"urlTemplate\":\"https:\/\/lottemaa.ee\/?s={search_term_string}\"},\"query-input\":{\"@type\":\"PropertyValueSpecification\",\"valueRequired\":true,\"valueName\":\"search_term_string\"}}],\"inLanguage\":\"fi\"},{\"@type\":\"Organization\",\"@id\":\"https:\/\/lottemaa.ee\/#organization\",\"name\":\"Lottemaa Teemapark\",\"url\":\"https:\/\/lottemaa.ee\/\",\"logo\":{\"@type\":\"ImageObject\",\"inLanguage\":\"fi\",\"@id\":\"https:\/\/lottemaa.ee\/#\/schema\/logo\/image\/\",\"url\":\"https:\/\/lottemaa.ee\/wp-content\/uploads\/2018\/12\/Lottemaa_LOGO.png\",\"contentUrl\":\"https:\/\/lottemaa.ee\/wp-content\/uploads\/2018\/12\/Lottemaa_LOGO.png\",\"width\":1024,\"height\":518,\"caption\":\"Lottemaa Teemapark\"},\"image\":{\"@id\":\"https:\/\/lottemaa.ee\/#\/schema\/logo\/image\/\"}}]}<\/script>\n<!-- \/ Yoast SEO plugin. -->","yoast_head_json":{"title":"KIRJAT | Lottemaa Teemapark","robots":{"index":"index","follow":"follow","max-snippet":"max-snippet:-1","max-image-preview":"max-image-preview:large","max-video-preview":"max-video-preview:-1"},"canonical":"https:\/\/lottemaa.ee\/fi\/meista\/kirjat\/","og_locale":"fi_FI","og_type":"article","og_title":"KIRJAT | Lottemaa Teemapark","og_description":"KEKSIJ\u00c4KYL\u00c4N H\u00c4\u00c4JUHLA Rakkaus voi osua kohdalle monella tapaa: hiipien, riemukkaasti huutaen tai t\u00e4ysin odottamatta. Viimeksi mainittu on kaikkein kiintoisin, sill\u00e4 silloin tapahtuu paljon monenlaisia mukavia seikkailuja ja voi pit\u00e4\u00e4 hauskaa. Keksij\u00e4kyl\u00e4ss\u00e4 asia on juuri niin. Tohtori Aven ja Mihkelin h\u00e4iss\u00e4 kaikkea t\u00e4t\u00e4 tapahtui hurjan paljon. Sellaisia h\u00e4it\u00e4 ei ole t\u00e4\u00e4ll\u00e4 aikoihin n\u00e4hty! &nbsp; &nbsp; KEKSIJ\u00c4KYL\u00c4N &hellip; Continued","og_url":"https:\/\/lottemaa.ee\/fi\/meista\/kirjat\/","og_site_name":"Lottemaa Teemapark","article_modified_time":"2024-09-27T09:41:35+00:00","og_image":[{"width":288,"height":251,"url":"https:\/\/lottemaa.ee\/wp-content\/uploads\/2024\/02\/lotte_loeb_288x251.jpg","type":"image\/jpeg"}],"twitter_card":"summary_large_image","twitter_misc":{"Arvioitu lukuaika":"4 minuuttia"},"schema":{"@context":"https:\/\/schema.org","@graph":[{"@type":"WebPage","@id":"https:\/\/lottemaa.ee\/fi\/meista\/kirjat\/","url":"https:\/\/lottemaa.ee\/fi\/meista\/kirjat\/","name":"KIRJAT | Lottemaa Teemapark","isPartOf":{"@id":"https:\/\/lottemaa.ee\/#website"},"primaryImageOfPage":{"@id":"https:\/\/lottemaa.ee\/fi\/meista\/kirjat\/#primaryimage"},"image":{"@id":"https:\/\/lottemaa.ee\/fi\/meista\/kirjat\/#primaryimage"},"thumbnailUrl":"https:\/\/lottemaa.ee\/wp-content\/uploads\/2024\/02\/lotte_loeb_288x251.jpg","datePublished":"2024-08-08T11:07:05+00:00","dateModified":"2024-09-27T09:41:35+00:00","breadcrumb":{"@id":"https:\/\/lottemaa.ee\/fi\/meista\/kirjat\/#breadcrumb"},"inLanguage":"fi","potentialAction":[{"@type":"ReadAction","target":["https:\/\/lottemaa.ee\/fi\/meista\/kirjat\/"]}]},{"@type":"ImageObject","inLanguage":"fi","@id":"https:\/\/lottemaa.ee\/fi\/meista\/kirjat\/#primaryimage","url":"https:\/\/lottemaa.ee\/wp-content\/uploads\/2024\/02\/lotte_loeb_288x251.jpg","contentUrl":"https:\/\/lottemaa.ee\/wp-content\/uploads\/2024\/02\/lotte_loeb_288x251.jpg","width":288,"height":251},{"@type":"BreadcrumbList","@id":"https:\/\/lottemaa.ee\/fi\/meista\/kirjat\/#breadcrumb","itemListElement":[{"@type":"ListItem","position":1,"name":"Home","item":"https:\/\/lottemaa.ee\/fi\/"},{"@type":"ListItem","position":2,"name":"Meist\u00e4","item":"https:\/\/lottemaa.ee\/fi\/meista\/"},{"@type":"ListItem","position":3,"name":"KIRJAT"}]},{"@type":"WebSite","@id":"https:\/\/lottemaa.ee\/#website","url":"https:\/\/lottemaa.ee\/","name":"Lottemaa Teemapark","description":"Baltimaade suurim ja k\u00f5ige \u00e4gedam kogupere teemapark Eestis P\u00e4rnumaal","publisher":{"@id":"https:\/\/lottemaa.ee\/#organization"},"potentialAction":[{"@type":"SearchAction","target":{"@type":"EntryPoint","urlTemplate":"https:\/\/lottemaa.ee\/?s={search_term_string}"},"query-input":{"@type":"PropertyValueSpecification","valueRequired":true,"valueName":"search_term_string"}}],"inLanguage":"fi"},{"@type":"Organization","@id":"https:\/\/lottemaa.ee\/#organization","name":"Lottemaa Teemapark","url":"https:\/\/lottemaa.ee\/","logo":{"@type":"ImageObject","inLanguage":"fi","@id":"https:\/\/lottemaa.ee\/#\/schema\/logo\/image\/","url":"https:\/\/lottemaa.ee\/wp-content\/uploads\/2018\/12\/Lottemaa_LOGO.png","contentUrl":"https:\/\/lottemaa.ee\/wp-content\/uploads\/2018\/12\/Lottemaa_LOGO.png","width":1024,"height":518,"caption":"Lottemaa Teemapark"},"image":{"@id":"https:\/\/lottemaa.ee\/#\/schema\/logo\/image\/"}}]}},"_links":{"self":[{"href":"https:\/\/lottemaa.ee\/fi\/wp-json\/wp\/v2\/pages\/27933","targetHints":{"allow":["GET"]}}],"collection":[{"href":"https:\/\/lottemaa.ee\/fi\/wp-json\/wp\/v2\/pages"}],"about":[{"href":"https:\/\/lottemaa.ee\/fi\/wp-json\/wp\/v2\/types\/page"}],"author":[{"embeddable":true,"href":"https:\/\/lottemaa.ee\/fi\/wp-json\/wp\/v2\/users\/11"}],"replies":[{"embeddable":true,"href":"https:\/\/lottemaa.ee\/fi\/wp-json\/wp\/v2\/comments?post=27933"}],"version-history":[{"count":3,"href":"https:\/\/lottemaa.ee\/fi\/wp-json\/wp\/v2\/pages\/27933\/revisions"}],"predecessor-version":[{"id":27936,"href":"https:\/\/lottemaa.ee\/fi\/wp-json\/wp\/v2\/pages\/27933\/revisions\/27936"}],"up":[{"embeddable":true,"href":"https:\/\/lottemaa.ee\/fi\/wp-json\/wp\/v2\/pages\/597"}],"wp:featuredmedia":[{"embeddable":true,"href":"https:\/\/lottemaa.ee\/fi\/wp-json\/wp\/v2\/media\/25148"}],"wp:attachment":[{"href":"https:\/\/lottemaa.ee\/fi\/wp-json\/wp\/v2\/media?parent=27933"}],"curies":[{"name":"wp","href":"https:\/\/api.w.org\/{rel}","templated":true}]}}