{"id":25121,"date":"2024-02-21T12:21:26","date_gmt":"2024-02-21T10:21:26","guid":{"rendered":"https:\/\/lottemaa.ee\/?page_id=25121"},"modified":"2025-11-11T13:32:52","modified_gmt":"2025-11-11T11:32:52","slug":"porukalla-lottemaahan","status":"publish","type":"page","link":"https:\/\/lottemaa.ee\/fi\/erikoistarjoukset\/porukalla-lottemaahan\/","title":{"rendered":"Porukalla Lottemaahan"},"content":{"rendered":"<p style=\"text-align: left;\">Kokoa yst\u00e4v\u00e4si <span class=\"tlid-translation translation\" lang=\"fi\"><span class=\"\" title=\"\">ja kollegoita<\/span><\/span> yhteen ja suuntaa porukalla Lottemaalle!<\/p>\n<h3 style=\"text-align: left;\"><span style=\"color: #0000ff;\">Erikoistarjous ryhmille:<\/span><\/h3>\n<p class=\"entry-title\" style=\"text-align: left;\">Lottemaan <a href=\"https:\/\/fienta.com\/fi\/lottemaa-joulumaa-2025\"><strong>JOULUMAA<\/strong><\/a><br \/>\n\u2013\u00a0<span style=\"color: #000000;\"><strong>20\u2013200<\/strong>\u00a0<\/span>osallistujaa\u00a0<span style=\"color: #000000;\"><strong>21 \u20ac<\/strong><\/span>\/hl\u00f6<\/p>\n<p class=\"entry-title\" style=\"text-align: left;\">Normaalihinta\u00a0<span style=\"color: #000000;\"><strong>23 \u20ac<\/strong><\/span>\/hl\u00f6.<br \/>\nHinnat sis\u00e4lt\u00e4v\u00e4t alv:n.<\/p>\n<h3 style=\"text-align: left;\"><span style=\"color: #ff0000;\">TARJOUKSEN EHDOT:<\/span><\/h3>\n<p style=\"text-align: left;\">&#8211; vierailu Lottemaassa aukioloaikoina <strong>13.-14.12 | 20.-21.12 | 26.-30.12 | 2.-4.01<\/strong><br \/>\n&#8211; v\u00e4hint\u00e4\u00e4n <span style=\"color: #000000;\"><strong>20 hengen ryhmille<\/strong><\/span><br \/>\n&#8211; varaukset v\u00e4hint\u00e4\u00e4n<span style=\"color: #000000;\"><strong> 5 arkip\u00e4iv\u00e4\u00e4 ennen saapumista<\/strong><\/span> ja maksu etuk\u00e4teen<\/p>\n<h3 style=\"text-align: left;\"><span style=\"color: #0000ff;\">LIS\u00c4MAKSUSTA:<\/span><\/h3>\n<p style=\"text-align: left;\">&#8211; hahmojen talon k\u00e4ytt\u00f6 enint\u00e4\u00e4n <span style=\"color: #000000;\"><strong>2 h<\/strong><\/span> teemapuiston aukioloajan j\u00e4lkeen <span style=\"color: #000000;\"><strong>300 \u20ac<\/strong><\/span>\/h<br \/>\n&#8211; pikkupurtavaa, kahvi, tee<br \/>\n&#8211; ruokailu<br \/>\n&#8211; auton pys\u00e4k\u00f6inti <strong><span style=\"color: #000000;\">3 \u20ac<\/span>\/<\/strong>p\u00e4iv\u00e4 (Snabb)<br \/>\n&#8211; kuljetus junalla pys\u00e4k\u00f6intialueelta Keksij\u00e4kyl\u00e4n porteille ja takaisin<span style=\"color: #000000;\"> <strong>2 \u20ac<\/strong><\/span>\/suunta\/hl\u00f6<br \/>\n&#8211; Lottemaa-lahjatavarat Arturin kaupasta, <strong><a href=\"http:\/\/e-pood.lottemaa.ee\/en\" target=\"_blank\" rel=\"noopener noreferrer\">tutustu valikoimaan t\u00e4st\u00e4 \u00bb<\/a><\/strong><br \/>\n&#8211; majoitus P\u00e4rnussa (sis. aamiainen ja kylpyl\u00e4) <strong><a href=\"https:\/\/www.strand.ee\/fi\/\" target=\"_blank\" rel=\"noopener noreferrer\">Hestia Hotel Strand<\/a><\/strong> hotellissa.<\/p>\n<p style=\"text-align: left;\">Kaikki hinnat sis\u00e4lt\u00e4v\u00e4t arvonlis\u00e4veron!<br \/>\n<strong><span style=\"color: #000000;\">Lis\u00e4tiedot ja tilaukset:<\/span>\u00a0<a href=\"mailto:tellimine@lottemaa.ee\">tellimine@lottemaa.ee<\/a><\/strong><\/p>\n","protected":false},"excerpt":{"rendered":"<p>Kokoa yst\u00e4v\u00e4si ja kollegoita yhteen ja suuntaa porukalla Lottemaalle! Erikoistarjous ryhmille: Lottemaan JOULUMAA \u2013\u00a020\u2013200\u00a0osallistujaa\u00a021 \u20ac\/hl\u00f6 Normaalihinta\u00a023 \u20ac\/hl\u00f6. Hinnat sis\u00e4lt\u00e4v\u00e4t alv:n. TARJOUKSEN EHDOT: &#8211; vierailu Lottemaassa aukioloaikoina 13.-14.12 | 20.-21.12 | 26.-30.12 | 2.-4.01 &#8211; v\u00e4hint\u00e4\u00e4n 20 hengen ryhmille &#8211; varaukset v\u00e4hint\u00e4\u00e4n 5 arkip\u00e4iv\u00e4\u00e4 ennen saapumista ja maksu etuk\u00e4teen LIS\u00c4MAKSUSTA: &#8211; hahmojen talon k\u00e4ytt\u00f6 enint\u00e4\u00e4n 2 &hellip; <a href=\"https:\/\/lottemaa.ee\/fi\/erikoistarjoukset\/porukalla-lottemaahan\/\">Continued<\/a><\/p>\n","protected":false},"author":11,"featured_media":23545,"parent":1849,"menu_order":787,"comment_status":"closed","ping_status":"closed","template":"","meta":{"_acf_changed":false,"om_disable_all_campaigns":false,"_uf_show_specific_survey":0,"_uf_disable_surveys":false,"footnotes":""},"class_list":["post-25121","page","type-page","status-publish","has-post-thumbnail","hentry"],"acf":[],"yoast_head":"<!-- This site is optimized with the Yoast SEO plugin v25.5 - https:\/\/yoast.com\/wordpress\/plugins\/seo\/ -->\n<title>Erikoistarjous ryhmille | Lottemaan kes\u00e4 2025<\/title>\n<meta name=\"description\" content=\"Kokoa yst\u00e4v\u00e4si ja kollegoita yhteen ja suuntaa porukalla Lottemaahan!\" \/>\n<meta name=\"robots\" content=\"index, follow, max-snippet:-1, max-image-preview:large, max-video-preview:-1\" \/>\n<link rel=\"canonical\" href=\"https:\/\/lottemaa.ee\/fi\/erikoistarjoukset\/porukalla-lottemaahan\/\" \/>\n<meta property=\"og:locale\" content=\"fi_FI\" \/>\n<meta property=\"og:type\" content=\"article\" \/>\n<meta property=\"og:title\" content=\"Erikoistarjous ryhmille | Lottemaan kes\u00e4 2025\" \/>\n<meta property=\"og:description\" content=\"Kokoa yst\u00e4v\u00e4si ja kollegoita yhteen ja suuntaa porukalla Lottemaahan!\" \/>\n<meta property=\"og:url\" content=\"https:\/\/lottemaa.ee\/fi\/erikoistarjoukset\/porukalla-lottemaahan\/\" \/>\n<meta property=\"og:site_name\" content=\"Lottemaa Teemapark\" \/>\n<meta property=\"article:modified_time\" content=\"2025-11-11T11:32:52+00:00\" \/>\n<meta property=\"og:image\" content=\"https:\/\/lottemaa.ee\/wp-content\/uploads\/2023\/08\/joulumaa2023_kodukas4_285x296.jpg\" \/>\n\t<meta property=\"og:image:width\" content=\"296\" \/>\n\t<meta property=\"og:image:height\" content=\"285\" \/>\n\t<meta property=\"og:image:type\" content=\"image\/jpeg\" \/>\n<meta name=\"twitter:card\" content=\"summary_large_image\" \/>\n<meta name=\"twitter:label1\" content=\"Arvioitu lukuaika\" \/>\n\t<meta name=\"twitter:data1\" content=\"1 minuutti\" \/>\n<script type=\"application\/ld+json\" class=\"yoast-schema-graph\">{\"@context\":\"https:\/\/schema.org\",\"@graph\":[{\"@type\":\"WebPage\",\"@id\":\"https:\/\/lottemaa.ee\/fi\/erikoistarjoukset\/porukalla-lottemaahan\/\",\"url\":\"https:\/\/lottemaa.ee\/fi\/erikoistarjoukset\/porukalla-lottemaahan\/\",\"name\":\"Erikoistarjous ryhmille | Lottemaan kes\u00e4 2025\",\"isPartOf\":{\"@id\":\"https:\/\/lottemaa.ee\/#website\"},\"primaryImageOfPage\":{\"@id\":\"https:\/\/lottemaa.ee\/fi\/erikoistarjoukset\/porukalla-lottemaahan\/#primaryimage\"},\"image\":{\"@id\":\"https:\/\/lottemaa.ee\/fi\/erikoistarjoukset\/porukalla-lottemaahan\/#primaryimage\"},\"thumbnailUrl\":\"https:\/\/lottemaa.ee\/wp-content\/uploads\/2023\/08\/joulumaa2023_kodukas4_285x296.jpg\",\"datePublished\":\"2024-02-21T10:21:26+00:00\",\"dateModified\":\"2025-11-11T11:32:52+00:00\",\"description\":\"Kokoa yst\u00e4v\u00e4si ja kollegoita yhteen ja suuntaa porukalla Lottemaahan!\",\"breadcrumb\":{\"@id\":\"https:\/\/lottemaa.ee\/fi\/erikoistarjoukset\/porukalla-lottemaahan\/#breadcrumb\"},\"inLanguage\":\"fi\",\"potentialAction\":[{\"@type\":\"ReadAction\",\"target\":[\"https:\/\/lottemaa.ee\/fi\/erikoistarjoukset\/porukalla-lottemaahan\/\"]}]},{\"@type\":\"ImageObject\",\"inLanguage\":\"fi\",\"@id\":\"https:\/\/lottemaa.ee\/fi\/erikoistarjoukset\/porukalla-lottemaahan\/#primaryimage\",\"url\":\"https:\/\/lottemaa.ee\/wp-content\/uploads\/2023\/08\/joulumaa2023_kodukas4_285x296.jpg\",\"contentUrl\":\"https:\/\/lottemaa.ee\/wp-content\/uploads\/2023\/08\/joulumaa2023_kodukas4_285x296.jpg\",\"width\":296,\"height\":285},{\"@type\":\"BreadcrumbList\",\"@id\":\"https:\/\/lottemaa.ee\/fi\/erikoistarjoukset\/porukalla-lottemaahan\/#breadcrumb\",\"itemListElement\":[{\"@type\":\"ListItem\",\"position\":1,\"name\":\"Home\",\"item\":\"https:\/\/lottemaa.ee\/fi\/\"},{\"@type\":\"ListItem\",\"position\":2,\"name\":\"Erikoistarjoukset\",\"item\":\"https:\/\/lottemaa.ee\/fi\/erikoistarjoukset\/\"},{\"@type\":\"ListItem\",\"position\":3,\"name\":\"Porukalla Lottemaahan\"}]},{\"@type\":\"WebSite\",\"@id\":\"https:\/\/lottemaa.ee\/#website\",\"url\":\"https:\/\/lottemaa.ee\/\",\"name\":\"Lottemaa Teemapark\",\"description\":\"Baltimaade suurim ja k\u00f5ige \u00e4gedam kogupere teemapark Eestis P\u00e4rnumaal\",\"publisher\":{\"@id\":\"https:\/\/lottemaa.ee\/#organization\"},\"potentialAction\":[{\"@type\":\"SearchAction\",\"target\":{\"@type\":\"EntryPoint\",\"urlTemplate\":\"https:\/\/lottemaa.ee\/?s={search_term_string}\"},\"query-input\":{\"@type\":\"PropertyValueSpecification\",\"valueRequired\":true,\"valueName\":\"search_term_string\"}}],\"inLanguage\":\"fi\"},{\"@type\":\"Organization\",\"@id\":\"https:\/\/lottemaa.ee\/#organization\",\"name\":\"Lottemaa Teemapark\",\"url\":\"https:\/\/lottemaa.ee\/\",\"logo\":{\"@type\":\"ImageObject\",\"inLanguage\":\"fi\",\"@id\":\"https:\/\/lottemaa.ee\/#\/schema\/logo\/image\/\",\"url\":\"https:\/\/lottemaa.ee\/wp-content\/uploads\/2018\/12\/Lottemaa_LOGO.png\",\"contentUrl\":\"https:\/\/lottemaa.ee\/wp-content\/uploads\/2018\/12\/Lottemaa_LOGO.png\",\"width\":1024,\"height\":518,\"caption\":\"Lottemaa Teemapark\"},\"image\":{\"@id\":\"https:\/\/lottemaa.ee\/#\/schema\/logo\/image\/\"}}]}<\/script>\n<!-- \/ Yoast SEO plugin. -->","yoast_head_json":{"title":"Erikoistarjous ryhmille | Lottemaan kes\u00e4 2025","description":"Kokoa yst\u00e4v\u00e4si ja kollegoita yhteen ja suuntaa porukalla Lottemaahan!","robots":{"index":"index","follow":"follow","max-snippet":"max-snippet:-1","max-image-preview":"max-image-preview:large","max-video-preview":"max-video-preview:-1"},"canonical":"https:\/\/lottemaa.ee\/fi\/erikoistarjoukset\/porukalla-lottemaahan\/","og_locale":"fi_FI","og_type":"article","og_title":"Erikoistarjous ryhmille | Lottemaan kes\u00e4 2025","og_description":"Kokoa yst\u00e4v\u00e4si ja kollegoita yhteen ja suuntaa porukalla Lottemaahan!","og_url":"https:\/\/lottemaa.ee\/fi\/erikoistarjoukset\/porukalla-lottemaahan\/","og_site_name":"Lottemaa Teemapark","article_modified_time":"2025-11-11T11:32:52+00:00","og_image":[{"width":296,"height":285,"url":"https:\/\/lottemaa.ee\/wp-content\/uploads\/2023\/08\/joulumaa2023_kodukas4_285x296.jpg","type":"image\/jpeg"}],"twitter_card":"summary_large_image","twitter_misc":{"Arvioitu lukuaika":"1 minuutti"},"schema":{"@context":"https:\/\/schema.org","@graph":[{"@type":"WebPage","@id":"https:\/\/lottemaa.ee\/fi\/erikoistarjoukset\/porukalla-lottemaahan\/","url":"https:\/\/lottemaa.ee\/fi\/erikoistarjoukset\/porukalla-lottemaahan\/","name":"Erikoistarjous ryhmille | Lottemaan kes\u00e4 2025","isPartOf":{"@id":"https:\/\/lottemaa.ee\/#website"},"primaryImageOfPage":{"@id":"https:\/\/lottemaa.ee\/fi\/erikoistarjoukset\/porukalla-lottemaahan\/#primaryimage"},"image":{"@id":"https:\/\/lottemaa.ee\/fi\/erikoistarjoukset\/porukalla-lottemaahan\/#primaryimage"},"thumbnailUrl":"https:\/\/lottemaa.ee\/wp-content\/uploads\/2023\/08\/joulumaa2023_kodukas4_285x296.jpg","datePublished":"2024-02-21T10:21:26+00:00","dateModified":"2025-11-11T11:32:52+00:00","description":"Kokoa yst\u00e4v\u00e4si ja kollegoita yhteen ja suuntaa porukalla Lottemaahan!","breadcrumb":{"@id":"https:\/\/lottemaa.ee\/fi\/erikoistarjoukset\/porukalla-lottemaahan\/#breadcrumb"},"inLanguage":"fi","potentialAction":[{"@type":"ReadAction","target":["https:\/\/lottemaa.ee\/fi\/erikoistarjoukset\/porukalla-lottemaahan\/"]}]},{"@type":"ImageObject","inLanguage":"fi","@id":"https:\/\/lottemaa.ee\/fi\/erikoistarjoukset\/porukalla-lottemaahan\/#primaryimage","url":"https:\/\/lottemaa.ee\/wp-content\/uploads\/2023\/08\/joulumaa2023_kodukas4_285x296.jpg","contentUrl":"https:\/\/lottemaa.ee\/wp-content\/uploads\/2023\/08\/joulumaa2023_kodukas4_285x296.jpg","width":296,"height":285},{"@type":"BreadcrumbList","@id":"https:\/\/lottemaa.ee\/fi\/erikoistarjoukset\/porukalla-lottemaahan\/#breadcrumb","itemListElement":[{"@type":"ListItem","position":1,"name":"Home","item":"https:\/\/lottemaa.ee\/fi\/"},{"@type":"ListItem","position":2,"name":"Erikoistarjoukset","item":"https:\/\/lottemaa.ee\/fi\/erikoistarjoukset\/"},{"@type":"ListItem","position":3,"name":"Porukalla Lottemaahan"}]},{"@type":"WebSite","@id":"https:\/\/lottemaa.ee\/#website","url":"https:\/\/lottemaa.ee\/","name":"Lottemaa Teemapark","description":"Baltimaade suurim ja k\u00f5ige \u00e4gedam kogupere teemapark Eestis P\u00e4rnumaal","publisher":{"@id":"https:\/\/lottemaa.ee\/#organization"},"potentialAction":[{"@type":"SearchAction","target":{"@type":"EntryPoint","urlTemplate":"https:\/\/lottemaa.ee\/?s={search_term_string}"},"query-input":{"@type":"PropertyValueSpecification","valueRequired":true,"valueName":"search_term_string"}}],"inLanguage":"fi"},{"@type":"Organization","@id":"https:\/\/lottemaa.ee\/#organization","name":"Lottemaa Teemapark","url":"https:\/\/lottemaa.ee\/","logo":{"@type":"ImageObject","inLanguage":"fi","@id":"https:\/\/lottemaa.ee\/#\/schema\/logo\/image\/","url":"https:\/\/lottemaa.ee\/wp-content\/uploads\/2018\/12\/Lottemaa_LOGO.png","contentUrl":"https:\/\/lottemaa.ee\/wp-content\/uploads\/2018\/12\/Lottemaa_LOGO.png","width":1024,"height":518,"caption":"Lottemaa Teemapark"},"image":{"@id":"https:\/\/lottemaa.ee\/#\/schema\/logo\/image\/"}}]}},"_links":{"self":[{"href":"https:\/\/lottemaa.ee\/fi\/wp-json\/wp\/v2\/pages\/25121","targetHints":{"allow":["GET"]}}],"collection":[{"href":"https:\/\/lottemaa.ee\/fi\/wp-json\/wp\/v2\/pages"}],"about":[{"href":"https:\/\/lottemaa.ee\/fi\/wp-json\/wp\/v2\/types\/page"}],"author":[{"embeddable":true,"href":"https:\/\/lottemaa.ee\/fi\/wp-json\/wp\/v2\/users\/11"}],"replies":[{"embeddable":true,"href":"https:\/\/lottemaa.ee\/fi\/wp-json\/wp\/v2\/comments?post=25121"}],"version-history":[{"count":5,"href":"https:\/\/lottemaa.ee\/fi\/wp-json\/wp\/v2\/pages\/25121\/revisions"}],"predecessor-version":[{"id":31901,"href":"https:\/\/lottemaa.ee\/fi\/wp-json\/wp\/v2\/pages\/25121\/revisions\/31901"}],"up":[{"embeddable":true,"href":"https:\/\/lottemaa.ee\/fi\/wp-json\/wp\/v2\/pages\/1849"}],"wp:featuredmedia":[{"embeddable":true,"href":"https:\/\/lottemaa.ee\/fi\/wp-json\/wp\/v2\/media\/23545"}],"wp:attachment":[{"href":"https:\/\/lottemaa.ee\/fi\/wp-json\/wp\/v2\/media?parent=25121"}],"curies":[{"name":"wp","href":"https:\/\/api.w.org\/{rel}","templated":true}]}}