{"id":24528,"date":"2023-12-27T13:56:55","date_gmt":"2023-12-27T11:56:55","guid":{"rendered":"https:\/\/lottemaa.ee\/?page_id=24528"},"modified":"2026-01-04T22:29:06","modified_gmt":"2026-01-04T20:29:06","slug":"lahjakortti","status":"publish","type":"page","link":"https:\/\/lottemaa.ee\/fi\/lahjakortti\/","title":{"rendered":"LAHJAKORTTI"},"content":{"rendered":"<p style=\"text-align: left;\"><strong><span style=\"color: #000000;\"><img loading=\"lazy\" decoding=\"async\" class=\"alignright size-medium wp-image-24783\" src=\"https:\/\/lottemaa.ee\/wp-content\/uploads\/2024\/01\/kinkekaart_banner_1080x1080_fin-300x300.jpg\" alt=\"\" width=\"300\" height=\"300\" srcset=\"https:\/\/lottemaa.ee\/wp-content\/uploads\/2024\/01\/kinkekaart_banner_1080x1080_fin-300x300.jpg 300w, https:\/\/lottemaa.ee\/wp-content\/uploads\/2024\/01\/kinkekaart_banner_1080x1080_fin-1024x1024.jpg 1024w, https:\/\/lottemaa.ee\/wp-content\/uploads\/2024\/01\/kinkekaart_banner_1080x1080_fin-150x150.jpg 150w, https:\/\/lottemaa.ee\/wp-content\/uploads\/2024\/01\/kinkekaart_banner_1080x1080_fin-768x768.jpg 768w, https:\/\/lottemaa.ee\/wp-content\/uploads\/2024\/01\/kinkekaart_banner_1080x1080_fin-114x114.jpg 114w, https:\/\/lottemaa.ee\/wp-content\/uploads\/2024\/01\/kinkekaart_banner_1080x1080_fin.jpg 1080w\" sizes=\"auto, (max-width: 300px) 100vw, 300px\" \/>Lottemaan lahjakorteilla j\u00e4rjest\u00e4t Loten yst\u00e4ville varmasti mieluisan yll\u00e4tyksen.<\/span><\/strong><\/p>\n<p style=\"text-align: left;\">Voit valita lahjakortin arvon itse, ja lahjakortin saaja voi hankkia liput itselleen sopivana ajankohtana virallisesta lipunmyyntiymp\u00e4rist\u00f6st\u00e4mme osoitteesta Fienta.com.<\/p>\n<p style=\"text-align: left;\">Lahjakorttia ei tarvitse k\u00e4ytt\u00e4\u00e4 kerralla, vaan sit\u00e4 voi k\u00e4ytt\u00e4\u00e4 monta kertaa niin kauan kuin lahjakortilla riitt\u00e4\u00e4 arvoa. Jos ostosumma on lahjakortin arvoa suurempi, puuttuvan summan voi maksaa rahalla.<\/p>\n<p style=\"text-align: left;\">Lahjakortti on voimassa tasan <span style=\"color: #000000;\"><strong>1 vuoden<\/strong><\/span> alkaen sen ostop\u00e4iv\u00e4st\u00e4.<\/p>\n<p style=\"text-align: left;\">Katso esimerkki lahjakortista<strong> <a href=\"https:\/\/lottemaa.ee\/wp-content\/uploads\/2026\/01\/lahjakortti-123456789.pdf\" target=\"_blank\" rel=\"noopener\">T\u00c4ST\u00c4 \u00bb<\/a><\/strong><\/p>\n<p style=\"text-align: left;\"><a href=\"https:\/\/fienta.com\/fi\/lottemaa-kinkekaart\"><img loading=\"lazy\" decoding=\"async\" class=\"alignnone wp-image-24507 size-full\" src=\"https:\/\/lottemaa.ee\/wp-content\/uploads\/2023\/12\/osta_siit_fin.png\" alt=\"\" width=\"312\" height=\"103\" srcset=\"https:\/\/lottemaa.ee\/wp-content\/uploads\/2023\/12\/osta_siit_fin.png 312w, https:\/\/lottemaa.ee\/wp-content\/uploads\/2023\/12\/osta_siit_fin-300x99.png 300w, https:\/\/lottemaa.ee\/wp-content\/uploads\/2023\/12\/osta_siit_fin-114x38.png 114w\" sizes=\"auto, (max-width: 312px) 100vw, 312px\" \/><\/a><\/p>\n<h3 style=\"text-align: left;\">Huomio!<\/h3>\n<p style=\"text-align: left;\">\u2013 Lahjakorttia <span style=\"color: #000000;\"><strong>EI VOI<\/strong><\/span> palauttaa, muuttaa, sen voimassaoloaikaa ei voi pident\u00e4\u00e4, eik\u00e4 sill\u00e4 voi ostaa muita lahjakortteja.<br \/>\n\u2013 Lahjakorttia voi k\u00e4ytt\u00e4\u00e4 ainoastaan osoitteessa Fienta.com Lottemaan lippujen ostamiseen. Lahjakorttia<span style=\"color: #000000;\"> <strong>EI VOI<\/strong><\/span> k\u00e4ytt\u00e4\u00e4 paikan p\u00e4\u00e4ll\u00e4 Lottemaassa lippujen ostamiseen kassoilta, ruokapaikoissa eik\u00e4 kaupoissa.<\/p>\n","protected":false},"excerpt":{"rendered":"<p>Lottemaan lahjakorteilla j\u00e4rjest\u00e4t Loten yst\u00e4ville varmasti mieluisan yll\u00e4tyksen. Voit valita lahjakortin arvon itse, ja lahjakortin saaja voi hankkia liput itselleen sopivana ajankohtana virallisesta lipunmyyntiymp\u00e4rist\u00f6st\u00e4mme osoitteesta Fienta.com. Lahjakorttia ei tarvitse k\u00e4ytt\u00e4\u00e4 kerralla, vaan sit\u00e4 voi k\u00e4ytt\u00e4\u00e4 monta kertaa niin kauan kuin lahjakortilla riitt\u00e4\u00e4 arvoa. Jos ostosumma on lahjakortin arvoa suurempi, puuttuvan summan voi maksaa rahalla. Lahjakortti &hellip; <a href=\"https:\/\/lottemaa.ee\/fi\/lahjakortti\/\">Continued<\/a><\/p>\n","protected":false},"author":7,"featured_media":24783,"parent":0,"menu_order":32,"comment_status":"closed","ping_status":"closed","template":"","meta":{"_acf_changed":false,"om_disable_all_campaigns":false,"_uf_show_specific_survey":0,"_uf_disable_surveys":false,"footnotes":""},"class_list":["post-24528","page","type-page","status-publish","has-post-thumbnail","hentry"],"acf":[],"yoast_head":"<!-- This site is optimized with the Yoast SEO plugin v25.5 - https:\/\/yoast.com\/wordpress\/plugins\/seo\/ -->\n<title>LAHJAKORTTI | Lottemaa Teemapark<\/title>\n<meta name=\"description\" content=\"Lottemaan lahjakorteilla j\u00e4rjest\u00e4t Loten yst\u00e4ville varmasti mieluisan yll\u00e4tyksen. Osta lahjakortti t\u00e4st\u00e4!\" \/>\n<meta name=\"robots\" content=\"index, follow, max-snippet:-1, max-image-preview:large, max-video-preview:-1\" \/>\n<link rel=\"canonical\" href=\"https:\/\/lottemaa.ee\/fi\/lahjakortti\/\" \/>\n<meta property=\"og:locale\" content=\"fi_FI\" \/>\n<meta property=\"og:type\" content=\"article\" \/>\n<meta property=\"og:title\" content=\"LAHJAKORTTI | Lottemaa Teemapark\" \/>\n<meta property=\"og:description\" content=\"Lottemaan lahjakorteilla j\u00e4rjest\u00e4t Loten yst\u00e4ville varmasti mieluisan yll\u00e4tyksen. Osta lahjakortti t\u00e4st\u00e4!\" \/>\n<meta property=\"og:url\" content=\"https:\/\/lottemaa.ee\/fi\/lahjakortti\/\" \/>\n<meta property=\"og:site_name\" content=\"Lottemaa Teemapark\" \/>\n<meta property=\"article:modified_time\" content=\"2026-01-04T20:29:06+00:00\" \/>\n<meta property=\"og:image\" content=\"https:\/\/lottemaa.ee\/wp-content\/uploads\/2024\/01\/kinkekaart_banner_1080x1080_fin.jpg\" \/>\n\t<meta property=\"og:image:width\" content=\"1080\" \/>\n\t<meta property=\"og:image:height\" content=\"1080\" \/>\n\t<meta property=\"og:image:type\" content=\"image\/jpeg\" \/>\n<meta name=\"twitter:card\" content=\"summary_large_image\" \/>\n<meta name=\"twitter:label1\" content=\"Arvioitu lukuaika\" \/>\n\t<meta name=\"twitter:data1\" content=\"2 minuuttia\" \/>\n<script type=\"application\/ld+json\" class=\"yoast-schema-graph\">{\"@context\":\"https:\/\/schema.org\",\"@graph\":[{\"@type\":\"WebPage\",\"@id\":\"https:\/\/lottemaa.ee\/fi\/lahjakortti\/\",\"url\":\"https:\/\/lottemaa.ee\/fi\/lahjakortti\/\",\"name\":\"LAHJAKORTTI | Lottemaa Teemapark\",\"isPartOf\":{\"@id\":\"https:\/\/lottemaa.ee\/#website\"},\"primaryImageOfPage\":{\"@id\":\"https:\/\/lottemaa.ee\/fi\/lahjakortti\/#primaryimage\"},\"image\":{\"@id\":\"https:\/\/lottemaa.ee\/fi\/lahjakortti\/#primaryimage\"},\"thumbnailUrl\":\"https:\/\/lottemaa.ee\/wp-content\/uploads\/2024\/01\/kinkekaart_banner_1080x1080_fin.jpg\",\"datePublished\":\"2023-12-27T11:56:55+00:00\",\"dateModified\":\"2026-01-04T20:29:06+00:00\",\"description\":\"Lottemaan lahjakorteilla j\u00e4rjest\u00e4t Loten yst\u00e4ville varmasti mieluisan yll\u00e4tyksen. Osta lahjakortti t\u00e4st\u00e4!\",\"breadcrumb\":{\"@id\":\"https:\/\/lottemaa.ee\/fi\/lahjakortti\/#breadcrumb\"},\"inLanguage\":\"fi\",\"potentialAction\":[{\"@type\":\"ReadAction\",\"target\":[\"https:\/\/lottemaa.ee\/fi\/lahjakortti\/\"]}]},{\"@type\":\"ImageObject\",\"inLanguage\":\"fi\",\"@id\":\"https:\/\/lottemaa.ee\/fi\/lahjakortti\/#primaryimage\",\"url\":\"https:\/\/lottemaa.ee\/wp-content\/uploads\/2024\/01\/kinkekaart_banner_1080x1080_fin.jpg\",\"contentUrl\":\"https:\/\/lottemaa.ee\/wp-content\/uploads\/2024\/01\/kinkekaart_banner_1080x1080_fin.jpg\",\"width\":1080,\"height\":1080},{\"@type\":\"BreadcrumbList\",\"@id\":\"https:\/\/lottemaa.ee\/fi\/lahjakortti\/#breadcrumb\",\"itemListElement\":[{\"@type\":\"ListItem\",\"position\":1,\"name\":\"Home\",\"item\":\"https:\/\/lottemaa.ee\/fi\/\"},{\"@type\":\"ListItem\",\"position\":2,\"name\":\"LAHJAKORTTI\"}]},{\"@type\":\"WebSite\",\"@id\":\"https:\/\/lottemaa.ee\/#website\",\"url\":\"https:\/\/lottemaa.ee\/\",\"name\":\"Lottemaa Teemapark\",\"description\":\"Baltimaade suurim ja k\u00f5ige \u00e4gedam kogupere teemapark Eestis P\u00e4rnumaal\",\"publisher\":{\"@id\":\"https:\/\/lottemaa.ee\/#organization\"},\"potentialAction\":[{\"@type\":\"SearchAction\",\"target\":{\"@type\":\"EntryPoint\",\"urlTemplate\":\"https:\/\/lottemaa.ee\/?s={search_term_string}\"},\"query-input\":{\"@type\":\"PropertyValueSpecification\",\"valueRequired\":true,\"valueName\":\"search_term_string\"}}],\"inLanguage\":\"fi\"},{\"@type\":\"Organization\",\"@id\":\"https:\/\/lottemaa.ee\/#organization\",\"name\":\"Lottemaa Teemapark\",\"url\":\"https:\/\/lottemaa.ee\/\",\"logo\":{\"@type\":\"ImageObject\",\"inLanguage\":\"fi\",\"@id\":\"https:\/\/lottemaa.ee\/#\/schema\/logo\/image\/\",\"url\":\"https:\/\/lottemaa.ee\/wp-content\/uploads\/2018\/12\/Lottemaa_LOGO.png\",\"contentUrl\":\"https:\/\/lottemaa.ee\/wp-content\/uploads\/2018\/12\/Lottemaa_LOGO.png\",\"width\":1024,\"height\":518,\"caption\":\"Lottemaa Teemapark\"},\"image\":{\"@id\":\"https:\/\/lottemaa.ee\/#\/schema\/logo\/image\/\"}}]}<\/script>\n<!-- \/ Yoast SEO plugin. -->","yoast_head_json":{"title":"LAHJAKORTTI | Lottemaa Teemapark","description":"Lottemaan lahjakorteilla j\u00e4rjest\u00e4t Loten yst\u00e4ville varmasti mieluisan yll\u00e4tyksen. Osta lahjakortti t\u00e4st\u00e4!","robots":{"index":"index","follow":"follow","max-snippet":"max-snippet:-1","max-image-preview":"max-image-preview:large","max-video-preview":"max-video-preview:-1"},"canonical":"https:\/\/lottemaa.ee\/fi\/lahjakortti\/","og_locale":"fi_FI","og_type":"article","og_title":"LAHJAKORTTI | Lottemaa Teemapark","og_description":"Lottemaan lahjakorteilla j\u00e4rjest\u00e4t Loten yst\u00e4ville varmasti mieluisan yll\u00e4tyksen. Osta lahjakortti t\u00e4st\u00e4!","og_url":"https:\/\/lottemaa.ee\/fi\/lahjakortti\/","og_site_name":"Lottemaa Teemapark","article_modified_time":"2026-01-04T20:29:06+00:00","og_image":[{"width":1080,"height":1080,"url":"https:\/\/lottemaa.ee\/wp-content\/uploads\/2024\/01\/kinkekaart_banner_1080x1080_fin.jpg","type":"image\/jpeg"}],"twitter_card":"summary_large_image","twitter_misc":{"Arvioitu lukuaika":"2 minuuttia"},"schema":{"@context":"https:\/\/schema.org","@graph":[{"@type":"WebPage","@id":"https:\/\/lottemaa.ee\/fi\/lahjakortti\/","url":"https:\/\/lottemaa.ee\/fi\/lahjakortti\/","name":"LAHJAKORTTI | Lottemaa Teemapark","isPartOf":{"@id":"https:\/\/lottemaa.ee\/#website"},"primaryImageOfPage":{"@id":"https:\/\/lottemaa.ee\/fi\/lahjakortti\/#primaryimage"},"image":{"@id":"https:\/\/lottemaa.ee\/fi\/lahjakortti\/#primaryimage"},"thumbnailUrl":"https:\/\/lottemaa.ee\/wp-content\/uploads\/2024\/01\/kinkekaart_banner_1080x1080_fin.jpg","datePublished":"2023-12-27T11:56:55+00:00","dateModified":"2026-01-04T20:29:06+00:00","description":"Lottemaan lahjakorteilla j\u00e4rjest\u00e4t Loten yst\u00e4ville varmasti mieluisan yll\u00e4tyksen. Osta lahjakortti t\u00e4st\u00e4!","breadcrumb":{"@id":"https:\/\/lottemaa.ee\/fi\/lahjakortti\/#breadcrumb"},"inLanguage":"fi","potentialAction":[{"@type":"ReadAction","target":["https:\/\/lottemaa.ee\/fi\/lahjakortti\/"]}]},{"@type":"ImageObject","inLanguage":"fi","@id":"https:\/\/lottemaa.ee\/fi\/lahjakortti\/#primaryimage","url":"https:\/\/lottemaa.ee\/wp-content\/uploads\/2024\/01\/kinkekaart_banner_1080x1080_fin.jpg","contentUrl":"https:\/\/lottemaa.ee\/wp-content\/uploads\/2024\/01\/kinkekaart_banner_1080x1080_fin.jpg","width":1080,"height":1080},{"@type":"BreadcrumbList","@id":"https:\/\/lottemaa.ee\/fi\/lahjakortti\/#breadcrumb","itemListElement":[{"@type":"ListItem","position":1,"name":"Home","item":"https:\/\/lottemaa.ee\/fi\/"},{"@type":"ListItem","position":2,"name":"LAHJAKORTTI"}]},{"@type":"WebSite","@id":"https:\/\/lottemaa.ee\/#website","url":"https:\/\/lottemaa.ee\/","name":"Lottemaa Teemapark","description":"Baltimaade suurim ja k\u00f5ige \u00e4gedam kogupere teemapark Eestis P\u00e4rnumaal","publisher":{"@id":"https:\/\/lottemaa.ee\/#organization"},"potentialAction":[{"@type":"SearchAction","target":{"@type":"EntryPoint","urlTemplate":"https:\/\/lottemaa.ee\/?s={search_term_string}"},"query-input":{"@type":"PropertyValueSpecification","valueRequired":true,"valueName":"search_term_string"}}],"inLanguage":"fi"},{"@type":"Organization","@id":"https:\/\/lottemaa.ee\/#organization","name":"Lottemaa Teemapark","url":"https:\/\/lottemaa.ee\/","logo":{"@type":"ImageObject","inLanguage":"fi","@id":"https:\/\/lottemaa.ee\/#\/schema\/logo\/image\/","url":"https:\/\/lottemaa.ee\/wp-content\/uploads\/2018\/12\/Lottemaa_LOGO.png","contentUrl":"https:\/\/lottemaa.ee\/wp-content\/uploads\/2018\/12\/Lottemaa_LOGO.png","width":1024,"height":518,"caption":"Lottemaa Teemapark"},"image":{"@id":"https:\/\/lottemaa.ee\/#\/schema\/logo\/image\/"}}]}},"_links":{"self":[{"href":"https:\/\/lottemaa.ee\/fi\/wp-json\/wp\/v2\/pages\/24528","targetHints":{"allow":["GET"]}}],"collection":[{"href":"https:\/\/lottemaa.ee\/fi\/wp-json\/wp\/v2\/pages"}],"about":[{"href":"https:\/\/lottemaa.ee\/fi\/wp-json\/wp\/v2\/types\/page"}],"author":[{"embeddable":true,"href":"https:\/\/lottemaa.ee\/fi\/wp-json\/wp\/v2\/users\/7"}],"replies":[{"embeddable":true,"href":"https:\/\/lottemaa.ee\/fi\/wp-json\/wp\/v2\/comments?post=24528"}],"version-history":[{"count":5,"href":"https:\/\/lottemaa.ee\/fi\/wp-json\/wp\/v2\/pages\/24528\/revisions"}],"predecessor-version":[{"id":32602,"href":"https:\/\/lottemaa.ee\/fi\/wp-json\/wp\/v2\/pages\/24528\/revisions\/32602"}],"wp:featuredmedia":[{"embeddable":true,"href":"https:\/\/lottemaa.ee\/fi\/wp-json\/wp\/v2\/media\/24783"}],"wp:attachment":[{"href":"https:\/\/lottemaa.ee\/fi\/wp-json\/wp\/v2\/media?parent=24528"}],"curies":[{"name":"wp","href":"https:\/\/api.w.org\/{rel}","templated":true}]}}