{"id":23431,"date":"2023-08-22T14:52:20","date_gmt":"2023-08-22T11:52:20","guid":{"rendered":"https:\/\/lottemaa.ee\/?page_id=23431"},"modified":"2025-12-09T10:20:44","modified_gmt":"2025-12-09T08:20:44","slug":"lottemaan-joulumaa","status":"publish","type":"page","link":"https:\/\/lottemaa.ee\/fi\/lottemaan-joulumaa\/","title":{"rendered":"Lottemaan JOULUMAA"},"content":{"rendered":"<p><strong>Taianomaisin koko perheen joulutapahtuma Virossa!<\/strong><\/p>\n<h3><span style=\"color: #0000ff;\">13.-14.12 | 20.-21.12 | 26.-30.12 | 2.-4.01 <\/span><span style=\"color: #ff0000;\">joka p\u00e4iv\u00e4 klo 15-19<\/span><\/h3>\n<p style=\"text-align: left;\">Lottemaa muuttuu t\u00e4n\u00e4 talvena erityisen <strong>taianomaiseksi satumaaksi<\/strong>. Joulumaan portit avataan vasta, kun iltah\u00e4m\u00e4r\u00e4 laskeutuu kietoen Keksij\u00e4kyl\u00e4n salaper\u00e4iseen pimeyteen ja muuttaen sen kuin taikaiskusta uskomattoman kauniiksi talven ihmemaaksi. Keksij\u00e4kyl\u00e4n v\u00e4ki on koristellut kotinsa ja mets\u00e4polkunsa hohtavilla jouluvaloilla luodakseen tunnelmaa ja saadakseen kyl\u00e4n n\u00e4ytt\u00e4m\u00e4\u00e4n hieman toisenlaiselta!<\/p>\n<p style=\"text-align: left;\">Yhdess\u00e4 he esitt\u00e4v\u00e4t j\u00e4nnitt\u00e4vi\u00e4 ja yll\u00e4tyksellisi\u00e4<strong> joulun\u00e4ytelmi\u00e4<\/strong>, joista ei leikinlaskua ja naurua puutu. Ponnekas ja mukaansatempaava <strong>talvikonsertti<\/strong> ei j\u00e4t\u00e4 kylm\u00e4ksi varautuneimpiakaan kuuntelijoita!<\/p>\n<p style=\"text-align: left;\">Jos ulkona sataa tai pakkanen paukkuu, taloissa on silti mukavan l\u00e4mmint\u00e4 ja niiss\u00e4 tapahtuu aina jotain mielenkiintoista ja j\u00e4nnitt\u00e4v\u00e4\u00e4.<\/p>\n<h3 style=\"text-align: left;\"><span style=\"color: #ff0000;\">OHJELMASSA:<\/span><\/h3>\n<p style=\"text-align: left;\">&#8211; <strong>UUTTA!<\/strong> L\u00e4mminhenkinen ja humoristinen p\u00e4\u00e4esitys<br \/>\n&#8211; <strong>UUTTA!<\/strong> Pieni\u00e4 esityksi\u00e4 eri esityspaikoilla<br \/>\n&#8211; Konsertti, jossa esitet\u00e4\u00e4n sek\u00e4 ajattomia ett\u00e4 uusia Keksij\u00e4kyl\u00e4n lauluja<br \/>\n&#8211; Tapaaminen Keksij\u00e4kyl\u00e4n joulupukin Wolfgangin kanssa<br \/>\n&#8211; Hauskanpitoa ja laulua Loten ja h\u00e4nen yst\u00e4viens\u00e4 kanssa<br \/>\n&#8211; Talviurheilua Brunon is\u00e4n Matin kanssa<br \/>\n&#8211; Seikkailuja Keksij\u00e4kyl\u00e4n seikkailuradalla<\/p>\n<p>Tutustu <strong>OHJELMAAN<\/strong> <a href=\"https:\/\/lottemaa.ee\/fi\/paiva-lottemaassa\/ohjelma\/\">t\u00e4st\u00e4 \u00bb<\/a><\/p>\n<p style=\"text-align: left;\"><a href=\"https:\/\/lottemaa.ee\/fi\/paiva-lottemaassa\/ruoat-ja-juomat\/lottemaan-kahvila\/\"><strong>Lottemaan kahvila<\/strong><\/a> ja <strong><a href=\"https:\/\/lottemaa.ee\/fi\/paiva-lottemaassa\/ruoat-ja-juomat\/mamman-ohukaiset\/\">Annan pannukakut<\/a><\/strong> ovat avoinna.<br \/>\n<a href=\"https:\/\/lottemaa.ee\/fi\/paiva-lottemaassa\/arturin-kauppamatkamuistot\/\"><strong>Arturin puodista<\/strong><\/a> voit ostaa mukaan upeita lahjoja ja muistoja kivasta talvip\u00e4iv\u00e4st\u00e4 Lottemaassa<\/p>\n<p style=\"text-align: left;\"><a href=\"https:\/\/fienta.com\/fi\/lottemaa-joulumaa-2025\"><img loading=\"lazy\" decoding=\"async\" class=\"alignnone wp-image-19199 size-full\" src=\"https:\/\/lottemaa.ee\/wp-content\/uploads\/2023\/01\/osta_pilet_siit_fin.png\" alt=\"\" width=\"377\" height=\"100\" srcset=\"https:\/\/lottemaa.ee\/wp-content\/uploads\/2023\/01\/osta_pilet_siit_fin.png 377w, https:\/\/lottemaa.ee\/wp-content\/uploads\/2023\/01\/osta_pilet_siit_fin-300x80.png 300w, https:\/\/lottemaa.ee\/wp-content\/uploads\/2023\/01\/osta_pilet_siit_fin-114x30.png 114w\" sizes=\"auto, (max-width: 377px) 100vw, 377px\" \/><\/a><\/p>\n<hr \/>\n<p><strong>Katso my\u00f6s:<\/strong><\/p>\n<ul>\n<li><strong>Ryhmille<\/strong> erikoistarjous <a href=\"https:\/\/lottemaa.ee\/fi\/erikoistarjoukset\/porukalla-lottemaahan\/\">t\u00e4\u00e4ll\u00e4 \u00bb<\/a><\/li>\n<li>Alennustarjous <a href=\"https:\/\/clubone.tallink.com\/fi\" target=\"_blank\" rel=\"noopener\">Tallink Silja<\/a> <strong>Club One -kortilla<\/strong> <a href=\"https:\/\/lottemaa.ee\/fi\/erikoistarjoukset\/club-one-joulumaa\/\">t\u00e4\u00e4ll\u00e4 \u00bb<\/a><\/li>\n<\/ul>\n","protected":false},"excerpt":{"rendered":"<p>Taianomaisin koko perheen joulutapahtuma Virossa! 13.-14.12 | 20.-21.12 | 26.-30.12 | 2.-4.01 joka p\u00e4iv\u00e4 klo 15-19 Lottemaa muuttuu t\u00e4n\u00e4 talvena erityisen taianomaiseksi satumaaksi. Joulumaan portit avataan vasta, kun iltah\u00e4m\u00e4r\u00e4 laskeutuu kietoen Keksij\u00e4kyl\u00e4n salaper\u00e4iseen pimeyteen ja muuttaen sen kuin taikaiskusta uskomattoman kauniiksi talven ihmemaaksi. Keksij\u00e4kyl\u00e4n v\u00e4ki on koristellut kotinsa ja mets\u00e4polkunsa hohtavilla jouluvaloilla luodakseen tunnelmaa ja &hellip; <a href=\"https:\/\/lottemaa.ee\/fi\/lottemaan-joulumaa\/\">Continued<\/a><\/p>\n","protected":false},"author":11,"featured_media":31072,"parent":0,"menu_order":20,"comment_status":"closed","ping_status":"closed","template":"","meta":{"_acf_changed":false,"om_disable_all_campaigns":false,"_uf_show_specific_survey":0,"_uf_disable_surveys":false,"footnotes":""},"class_list":["post-23431","page","type-page","status-publish","has-post-thumbnail","hentry"],"acf":[],"yoast_head":"<!-- This site is optimized with the Yoast SEO plugin v25.5 - https:\/\/yoast.com\/wordpress\/plugins\/seo\/ -->\n<title>Lottemaan JOULUMAA | Lottemaa Teemapark<\/title>\n<meta name=\"description\" content=\"Keksij\u00e4kyl\u00e4 muuttuu joulun aikaan talviseksi satumaaksi. Kyl\u00e4l\u00e4iset koristelevat kotinsa, pihansa ja mets\u00e4polut. He my\u00f6s esitt\u00e4v\u00e4t vierailijoille hauskoja ja yll\u00e4tyksellisi\u00e4 joulun\u00e4ytelmi\u00e4 ja iloisen konsertin.\" \/>\n<meta name=\"robots\" content=\"index, follow, max-snippet:-1, max-image-preview:large, max-video-preview:-1\" \/>\n<link rel=\"canonical\" href=\"https:\/\/lottemaa.ee\/fi\/lottemaan-joulumaa\/\" \/>\n<meta property=\"og:locale\" content=\"fi_FI\" \/>\n<meta property=\"og:type\" content=\"article\" \/>\n<meta property=\"og:title\" content=\"Lottemaan JOULUMAA | Lottemaa Teemapark\" \/>\n<meta property=\"og:description\" content=\"Keksij\u00e4kyl\u00e4 muuttuu joulun aikaan talviseksi satumaaksi. Kyl\u00e4l\u00e4iset koristelevat kotinsa, pihansa ja mets\u00e4polut. He my\u00f6s esitt\u00e4v\u00e4t vierailijoille hauskoja ja yll\u00e4tyksellisi\u00e4 joulun\u00e4ytelmi\u00e4 ja iloisen konsertin.\" \/>\n<meta property=\"og:url\" content=\"https:\/\/lottemaa.ee\/fi\/lottemaan-joulumaa\/\" \/>\n<meta property=\"og:site_name\" content=\"Lottemaa Teemapark\" \/>\n<meta property=\"article:modified_time\" content=\"2025-12-09T08:20:44+00:00\" \/>\n<meta property=\"og:image\" content=\"https:\/\/lottemaa.ee\/wp-content\/uploads\/2025\/08\/joulumaa2025_perepaevad_1080x1080.jpg\" \/>\n\t<meta property=\"og:image:width\" content=\"1080\" \/>\n\t<meta property=\"og:image:height\" content=\"1080\" \/>\n\t<meta property=\"og:image:type\" content=\"image\/jpeg\" \/>\n<meta name=\"twitter:card\" content=\"summary_large_image\" \/>\n<meta name=\"twitter:label1\" content=\"Arvioitu lukuaika\" \/>\n\t<meta name=\"twitter:data1\" content=\"2 minuuttia\" \/>\n<script type=\"application\/ld+json\" class=\"yoast-schema-graph\">{\"@context\":\"https:\/\/schema.org\",\"@graph\":[{\"@type\":\"WebPage\",\"@id\":\"https:\/\/lottemaa.ee\/fi\/lottemaan-joulumaa\/\",\"url\":\"https:\/\/lottemaa.ee\/fi\/lottemaan-joulumaa\/\",\"name\":\"Lottemaan JOULUMAA | Lottemaa Teemapark\",\"isPartOf\":{\"@id\":\"https:\/\/lottemaa.ee\/#website\"},\"primaryImageOfPage\":{\"@id\":\"https:\/\/lottemaa.ee\/fi\/lottemaan-joulumaa\/#primaryimage\"},\"image\":{\"@id\":\"https:\/\/lottemaa.ee\/fi\/lottemaan-joulumaa\/#primaryimage\"},\"thumbnailUrl\":\"https:\/\/lottemaa.ee\/wp-content\/uploads\/2025\/08\/joulumaa2025_perepaevad_1080x1080.jpg\",\"datePublished\":\"2023-08-22T11:52:20+00:00\",\"dateModified\":\"2025-12-09T08:20:44+00:00\",\"description\":\"Keksij\u00e4kyl\u00e4 muuttuu joulun aikaan talviseksi satumaaksi. Kyl\u00e4l\u00e4iset koristelevat kotinsa, pihansa ja mets\u00e4polut. He my\u00f6s esitt\u00e4v\u00e4t vierailijoille hauskoja ja yll\u00e4tyksellisi\u00e4 joulun\u00e4ytelmi\u00e4 ja iloisen konsertin.\",\"breadcrumb\":{\"@id\":\"https:\/\/lottemaa.ee\/fi\/lottemaan-joulumaa\/#breadcrumb\"},\"inLanguage\":\"fi\",\"potentialAction\":[{\"@type\":\"ReadAction\",\"target\":[\"https:\/\/lottemaa.ee\/fi\/lottemaan-joulumaa\/\"]}]},{\"@type\":\"ImageObject\",\"inLanguage\":\"fi\",\"@id\":\"https:\/\/lottemaa.ee\/fi\/lottemaan-joulumaa\/#primaryimage\",\"url\":\"https:\/\/lottemaa.ee\/wp-content\/uploads\/2025\/08\/joulumaa2025_perepaevad_1080x1080.jpg\",\"contentUrl\":\"https:\/\/lottemaa.ee\/wp-content\/uploads\/2025\/08\/joulumaa2025_perepaevad_1080x1080.jpg\",\"width\":1080,\"height\":1080},{\"@type\":\"BreadcrumbList\",\"@id\":\"https:\/\/lottemaa.ee\/fi\/lottemaan-joulumaa\/#breadcrumb\",\"itemListElement\":[{\"@type\":\"ListItem\",\"position\":1,\"name\":\"Home\",\"item\":\"https:\/\/lottemaa.ee\/fi\/\"},{\"@type\":\"ListItem\",\"position\":2,\"name\":\"Lottemaan JOULUMAA\"}]},{\"@type\":\"WebSite\",\"@id\":\"https:\/\/lottemaa.ee\/#website\",\"url\":\"https:\/\/lottemaa.ee\/\",\"name\":\"Lottemaa Teemapark\",\"description\":\"Baltimaade suurim ja k\u00f5ige \u00e4gedam kogupere teemapark Eestis P\u00e4rnumaal\",\"publisher\":{\"@id\":\"https:\/\/lottemaa.ee\/#organization\"},\"potentialAction\":[{\"@type\":\"SearchAction\",\"target\":{\"@type\":\"EntryPoint\",\"urlTemplate\":\"https:\/\/lottemaa.ee\/?s={search_term_string}\"},\"query-input\":{\"@type\":\"PropertyValueSpecification\",\"valueRequired\":true,\"valueName\":\"search_term_string\"}}],\"inLanguage\":\"fi\"},{\"@type\":\"Organization\",\"@id\":\"https:\/\/lottemaa.ee\/#organization\",\"name\":\"Lottemaa Teemapark\",\"url\":\"https:\/\/lottemaa.ee\/\",\"logo\":{\"@type\":\"ImageObject\",\"inLanguage\":\"fi\",\"@id\":\"https:\/\/lottemaa.ee\/#\/schema\/logo\/image\/\",\"url\":\"https:\/\/lottemaa.ee\/wp-content\/uploads\/2018\/12\/Lottemaa_LOGO.png\",\"contentUrl\":\"https:\/\/lottemaa.ee\/wp-content\/uploads\/2018\/12\/Lottemaa_LOGO.png\",\"width\":1024,\"height\":518,\"caption\":\"Lottemaa Teemapark\"},\"image\":{\"@id\":\"https:\/\/lottemaa.ee\/#\/schema\/logo\/image\/\"}}]}<\/script>\n<!-- \/ Yoast SEO plugin. -->","yoast_head_json":{"title":"Lottemaan JOULUMAA | Lottemaa Teemapark","description":"Keksij\u00e4kyl\u00e4 muuttuu joulun aikaan talviseksi satumaaksi. Kyl\u00e4l\u00e4iset koristelevat kotinsa, pihansa ja mets\u00e4polut. He my\u00f6s esitt\u00e4v\u00e4t vierailijoille hauskoja ja yll\u00e4tyksellisi\u00e4 joulun\u00e4ytelmi\u00e4 ja iloisen konsertin.","robots":{"index":"index","follow":"follow","max-snippet":"max-snippet:-1","max-image-preview":"max-image-preview:large","max-video-preview":"max-video-preview:-1"},"canonical":"https:\/\/lottemaa.ee\/fi\/lottemaan-joulumaa\/","og_locale":"fi_FI","og_type":"article","og_title":"Lottemaan JOULUMAA | Lottemaa Teemapark","og_description":"Keksij\u00e4kyl\u00e4 muuttuu joulun aikaan talviseksi satumaaksi. Kyl\u00e4l\u00e4iset koristelevat kotinsa, pihansa ja mets\u00e4polut. He my\u00f6s esitt\u00e4v\u00e4t vierailijoille hauskoja ja yll\u00e4tyksellisi\u00e4 joulun\u00e4ytelmi\u00e4 ja iloisen konsertin.","og_url":"https:\/\/lottemaa.ee\/fi\/lottemaan-joulumaa\/","og_site_name":"Lottemaa Teemapark","article_modified_time":"2025-12-09T08:20:44+00:00","og_image":[{"width":1080,"height":1080,"url":"https:\/\/lottemaa.ee\/wp-content\/uploads\/2025\/08\/joulumaa2025_perepaevad_1080x1080.jpg","type":"image\/jpeg"}],"twitter_card":"summary_large_image","twitter_misc":{"Arvioitu lukuaika":"2 minuuttia"},"schema":{"@context":"https:\/\/schema.org","@graph":[{"@type":"WebPage","@id":"https:\/\/lottemaa.ee\/fi\/lottemaan-joulumaa\/","url":"https:\/\/lottemaa.ee\/fi\/lottemaan-joulumaa\/","name":"Lottemaan JOULUMAA | Lottemaa Teemapark","isPartOf":{"@id":"https:\/\/lottemaa.ee\/#website"},"primaryImageOfPage":{"@id":"https:\/\/lottemaa.ee\/fi\/lottemaan-joulumaa\/#primaryimage"},"image":{"@id":"https:\/\/lottemaa.ee\/fi\/lottemaan-joulumaa\/#primaryimage"},"thumbnailUrl":"https:\/\/lottemaa.ee\/wp-content\/uploads\/2025\/08\/joulumaa2025_perepaevad_1080x1080.jpg","datePublished":"2023-08-22T11:52:20+00:00","dateModified":"2025-12-09T08:20:44+00:00","description":"Keksij\u00e4kyl\u00e4 muuttuu joulun aikaan talviseksi satumaaksi. Kyl\u00e4l\u00e4iset koristelevat kotinsa, pihansa ja mets\u00e4polut. He my\u00f6s esitt\u00e4v\u00e4t vierailijoille hauskoja ja yll\u00e4tyksellisi\u00e4 joulun\u00e4ytelmi\u00e4 ja iloisen konsertin.","breadcrumb":{"@id":"https:\/\/lottemaa.ee\/fi\/lottemaan-joulumaa\/#breadcrumb"},"inLanguage":"fi","potentialAction":[{"@type":"ReadAction","target":["https:\/\/lottemaa.ee\/fi\/lottemaan-joulumaa\/"]}]},{"@type":"ImageObject","inLanguage":"fi","@id":"https:\/\/lottemaa.ee\/fi\/lottemaan-joulumaa\/#primaryimage","url":"https:\/\/lottemaa.ee\/wp-content\/uploads\/2025\/08\/joulumaa2025_perepaevad_1080x1080.jpg","contentUrl":"https:\/\/lottemaa.ee\/wp-content\/uploads\/2025\/08\/joulumaa2025_perepaevad_1080x1080.jpg","width":1080,"height":1080},{"@type":"BreadcrumbList","@id":"https:\/\/lottemaa.ee\/fi\/lottemaan-joulumaa\/#breadcrumb","itemListElement":[{"@type":"ListItem","position":1,"name":"Home","item":"https:\/\/lottemaa.ee\/fi\/"},{"@type":"ListItem","position":2,"name":"Lottemaan JOULUMAA"}]},{"@type":"WebSite","@id":"https:\/\/lottemaa.ee\/#website","url":"https:\/\/lottemaa.ee\/","name":"Lottemaa Teemapark","description":"Baltimaade suurim ja k\u00f5ige \u00e4gedam kogupere teemapark Eestis P\u00e4rnumaal","publisher":{"@id":"https:\/\/lottemaa.ee\/#organization"},"potentialAction":[{"@type":"SearchAction","target":{"@type":"EntryPoint","urlTemplate":"https:\/\/lottemaa.ee\/?s={search_term_string}"},"query-input":{"@type":"PropertyValueSpecification","valueRequired":true,"valueName":"search_term_string"}}],"inLanguage":"fi"},{"@type":"Organization","@id":"https:\/\/lottemaa.ee\/#organization","name":"Lottemaa Teemapark","url":"https:\/\/lottemaa.ee\/","logo":{"@type":"ImageObject","inLanguage":"fi","@id":"https:\/\/lottemaa.ee\/#\/schema\/logo\/image\/","url":"https:\/\/lottemaa.ee\/wp-content\/uploads\/2018\/12\/Lottemaa_LOGO.png","contentUrl":"https:\/\/lottemaa.ee\/wp-content\/uploads\/2018\/12\/Lottemaa_LOGO.png","width":1024,"height":518,"caption":"Lottemaa Teemapark"},"image":{"@id":"https:\/\/lottemaa.ee\/#\/schema\/logo\/image\/"}}]}},"_links":{"self":[{"href":"https:\/\/lottemaa.ee\/fi\/wp-json\/wp\/v2\/pages\/23431","targetHints":{"allow":["GET"]}}],"collection":[{"href":"https:\/\/lottemaa.ee\/fi\/wp-json\/wp\/v2\/pages"}],"about":[{"href":"https:\/\/lottemaa.ee\/fi\/wp-json\/wp\/v2\/types\/page"}],"author":[{"embeddable":true,"href":"https:\/\/lottemaa.ee\/fi\/wp-json\/wp\/v2\/users\/11"}],"replies":[{"embeddable":true,"href":"https:\/\/lottemaa.ee\/fi\/wp-json\/wp\/v2\/comments?post=23431"}],"version-history":[{"count":5,"href":"https:\/\/lottemaa.ee\/fi\/wp-json\/wp\/v2\/pages\/23431\/revisions"}],"predecessor-version":[{"id":32387,"href":"https:\/\/lottemaa.ee\/fi\/wp-json\/wp\/v2\/pages\/23431\/revisions\/32387"}],"wp:featuredmedia":[{"embeddable":true,"href":"https:\/\/lottemaa.ee\/fi\/wp-json\/wp\/v2\/media\/31072"}],"wp:attachment":[{"href":"https:\/\/lottemaa.ee\/fi\/wp-json\/wp\/v2\/media?parent=23431"}],"curies":[{"name":"wp","href":"https:\/\/api.w.org\/{rel}","templated":true}]}}