{"id":22811,"date":"2023-07-25T09:51:23","date_gmt":"2023-07-25T06:51:23","guid":{"rendered":"https:\/\/lottemaa.ee\/?page_id=22811"},"modified":"2023-07-25T09:51:56","modified_gmt":"2023-07-25T06:51:56","slug":"apukasine","status":"publish","type":"page","link":"https:\/\/lottemaa.ee\/fi\/paiva-lottemaassa\/keksinnot\/apukasine\/","title":{"rendered":"Apuk\u00e4sine"},"content":{"rendered":"<p style=\"text-align: left;\">Keksint\u00f6, joka on rakennettu Lottemaan <strong>SUUREN KEKSIMISKILPAILUN 2023<\/strong> voittajan <strong>Anni Hansonin<\/strong> (7 v.) idean <strong>VASEMMAN K\u00c4DEN K\u00c4SINE<\/strong> pohjalta.<\/p>\n<p style=\"text-align: left;\">Annin, keksinn\u00f6n keksij\u00e4n, vasen k\u00e4si ei toimi. Sen vuoksi h\u00e4n keksi k\u00e4sineen, joka on p\u00e4\u00e4llystetty magneetilla ja tarranauhalla, jotta h\u00e4n voisi tarttua sek\u00e4 pehmeisiin leluihin ett\u00e4 hammastahnatuubiin. Keksint\u00f6 auttaa pit\u00e4m\u00e4\u00e4n esineit\u00e4 k\u00e4dess\u00e4 niin, ett\u00e4 esimerkiksi hammastahnatuubin korkin kiert\u00e4minen ja lelun hiusten kampaaminen onnistuvat.<\/p>\n<p style=\"text-align: left;\">Meill\u00e4 t\u00e4\u00e4ll\u00e4 Keksij\u00e4kyl\u00e4ss\u00e4 on kaikilla hieman outo huumorintaju ja maailmankatsomus ja meill\u00e4 on omat oikkumme ja erikoisuutemme, mutta me tied\u00e4mme, ett\u00e4 yst\u00e4v\u00e4llisyys, hyv\u00e4ntahtoisuus ja toisista v\u00e4litt\u00e4minen ovat kaiken perusta! Hyvyys tekee el\u00e4m\u00e4st\u00e4 kiinnostavaa!<\/p>\n","protected":false},"excerpt":{"rendered":"<p>Keksint\u00f6, joka on rakennettu Lottemaan SUUREN KEKSIMISKILPAILUN 2023 voittajan Anni Hansonin (7 v.) idean VASEMMAN K\u00c4DEN K\u00c4SINE pohjalta. Annin, keksinn\u00f6n keksij\u00e4n, vasen k\u00e4si ei toimi. Sen vuoksi h\u00e4n keksi k\u00e4sineen, joka on p\u00e4\u00e4llystetty magneetilla ja tarranauhalla, jotta h\u00e4n voisi tarttua sek\u00e4 pehmeisiin leluihin ett\u00e4 hammastahnatuubiin. Keksint\u00f6 auttaa pit\u00e4m\u00e4\u00e4n esineit\u00e4 k\u00e4dess\u00e4 niin, ett\u00e4 esimerkiksi hammastahnatuubin korkin &hellip; <a href=\"https:\/\/lottemaa.ee\/fi\/paiva-lottemaassa\/keksinnot\/apukasine\/\">Continued<\/a><\/p>\n","protected":false},"author":11,"featured_media":22787,"parent":1250,"menu_order":484,"comment_status":"closed","ping_status":"closed","template":"","meta":{"_acf_changed":false,"om_disable_all_campaigns":false,"_uf_show_specific_survey":0,"_uf_disable_surveys":false,"footnotes":""},"class_list":["post-22811","page","type-page","status-publish","has-post-thumbnail","hentry"],"acf":[],"yoast_head":"<!-- This site is optimized with the Yoast SEO plugin v25.5 - https:\/\/yoast.com\/wordpress\/plugins\/seo\/ -->\n<title>Apuk\u00e4sine | Lottemaa Teemapark<\/title>\n<meta name=\"description\" content=\"Annin, keksinn\u00f6n keksij\u00e4n, vasen k\u00e4si ei toimi. Sen vuoksi h\u00e4n keksi k\u00e4sineen, joka on p\u00e4\u00e4llystetty magneetilla ja tarranauhalla, jotta h\u00e4n voisi tarttua sek\u00e4 pehmeisiin leluihin ett\u00e4 hammastahnatuubiin.\" \/>\n<meta name=\"robots\" content=\"index, follow, max-snippet:-1, max-image-preview:large, max-video-preview:-1\" \/>\n<link rel=\"canonical\" href=\"https:\/\/lottemaa.ee\/fi\/paiva-lottemaassa\/keksinnot\/apukasine\/\" \/>\n<meta property=\"og:locale\" content=\"fi_FI\" \/>\n<meta property=\"og:type\" content=\"article\" \/>\n<meta property=\"og:title\" content=\"Apuk\u00e4sine | Lottemaa Teemapark\" \/>\n<meta property=\"og:description\" content=\"Annin, keksinn\u00f6n keksij\u00e4n, vasen k\u00e4si ei toimi. Sen vuoksi h\u00e4n keksi k\u00e4sineen, joka on p\u00e4\u00e4llystetty magneetilla ja tarranauhalla, jotta h\u00e4n voisi tarttua sek\u00e4 pehmeisiin leluihin ett\u00e4 hammastahnatuubiin.\" \/>\n<meta property=\"og:url\" content=\"https:\/\/lottemaa.ee\/fi\/paiva-lottemaassa\/keksinnot\/apukasine\/\" \/>\n<meta property=\"og:site_name\" content=\"Lottemaa Teemapark\" \/>\n<meta property=\"article:modified_time\" content=\"2023-07-25T06:51:56+00:00\" \/>\n<meta property=\"og:image\" content=\"https:\/\/lottemaa.ee\/wp-content\/uploads\/2023\/07\/354407760_584891510442795_5808800922908521200_n.jpg\" \/>\n\t<meta property=\"og:image:width\" content=\"2048\" \/>\n\t<meta property=\"og:image:height\" content=\"1536\" \/>\n\t<meta property=\"og:image:type\" content=\"image\/jpeg\" \/>\n<meta name=\"twitter:card\" content=\"summary_large_image\" \/>\n<meta name=\"twitter:label1\" content=\"Arvioitu lukuaika\" \/>\n\t<meta name=\"twitter:data1\" content=\"1 minuutti\" \/>\n<script type=\"application\/ld+json\" class=\"yoast-schema-graph\">{\"@context\":\"https:\/\/schema.org\",\"@graph\":[{\"@type\":\"WebPage\",\"@id\":\"https:\/\/lottemaa.ee\/fi\/paiva-lottemaassa\/keksinnot\/apukasine\/\",\"url\":\"https:\/\/lottemaa.ee\/fi\/paiva-lottemaassa\/keksinnot\/apukasine\/\",\"name\":\"Apuk\u00e4sine | Lottemaa Teemapark\",\"isPartOf\":{\"@id\":\"https:\/\/lottemaa.ee\/#website\"},\"primaryImageOfPage\":{\"@id\":\"https:\/\/lottemaa.ee\/fi\/paiva-lottemaassa\/keksinnot\/apukasine\/#primaryimage\"},\"image\":{\"@id\":\"https:\/\/lottemaa.ee\/fi\/paiva-lottemaassa\/keksinnot\/apukasine\/#primaryimage\"},\"thumbnailUrl\":\"https:\/\/lottemaa.ee\/wp-content\/uploads\/2023\/07\/354407760_584891510442795_5808800922908521200_n.jpg\",\"datePublished\":\"2023-07-25T06:51:23+00:00\",\"dateModified\":\"2023-07-25T06:51:56+00:00\",\"description\":\"Annin, keksinn\u00f6n keksij\u00e4n, vasen k\u00e4si ei toimi. Sen vuoksi h\u00e4n keksi k\u00e4sineen, joka on p\u00e4\u00e4llystetty magneetilla ja tarranauhalla, jotta h\u00e4n voisi tarttua sek\u00e4 pehmeisiin leluihin ett\u00e4 hammastahnatuubiin.\",\"breadcrumb\":{\"@id\":\"https:\/\/lottemaa.ee\/fi\/paiva-lottemaassa\/keksinnot\/apukasine\/#breadcrumb\"},\"inLanguage\":\"fi\",\"potentialAction\":[{\"@type\":\"ReadAction\",\"target\":[\"https:\/\/lottemaa.ee\/fi\/paiva-lottemaassa\/keksinnot\/apukasine\/\"]}]},{\"@type\":\"ImageObject\",\"inLanguage\":\"fi\",\"@id\":\"https:\/\/lottemaa.ee\/fi\/paiva-lottemaassa\/keksinnot\/apukasine\/#primaryimage\",\"url\":\"https:\/\/lottemaa.ee\/wp-content\/uploads\/2023\/07\/354407760_584891510442795_5808800922908521200_n.jpg\",\"contentUrl\":\"https:\/\/lottemaa.ee\/wp-content\/uploads\/2023\/07\/354407760_584891510442795_5808800922908521200_n.jpg\",\"width\":2048,\"height\":1536},{\"@type\":\"BreadcrumbList\",\"@id\":\"https:\/\/lottemaa.ee\/fi\/paiva-lottemaassa\/keksinnot\/apukasine\/#breadcrumb\",\"itemListElement\":[{\"@type\":\"ListItem\",\"position\":1,\"name\":\"Home\",\"item\":\"https:\/\/lottemaa.ee\/fi\/\"},{\"@type\":\"ListItem\",\"position\":2,\"name\":\"P\u00e4iv\u00e4 Lottemaassa\",\"item\":\"https:\/\/lottemaa.ee\/fi\/paiva-lottemaassa\/\"},{\"@type\":\"ListItem\",\"position\":3,\"name\":\"Keksinn\u00f6t\",\"item\":\"https:\/\/lottemaa.ee\/fi\/paiva-lottemaassa\/keksinnot\/\"},{\"@type\":\"ListItem\",\"position\":4,\"name\":\"Apuk\u00e4sine\"}]},{\"@type\":\"WebSite\",\"@id\":\"https:\/\/lottemaa.ee\/#website\",\"url\":\"https:\/\/lottemaa.ee\/\",\"name\":\"Lottemaa Teemapark\",\"description\":\"Baltimaade suurim ja k\u00f5ige \u00e4gedam kogupere teemapark Eestis P\u00e4rnumaal\",\"publisher\":{\"@id\":\"https:\/\/lottemaa.ee\/#organization\"},\"potentialAction\":[{\"@type\":\"SearchAction\",\"target\":{\"@type\":\"EntryPoint\",\"urlTemplate\":\"https:\/\/lottemaa.ee\/?s={search_term_string}\"},\"query-input\":{\"@type\":\"PropertyValueSpecification\",\"valueRequired\":true,\"valueName\":\"search_term_string\"}}],\"inLanguage\":\"fi\"},{\"@type\":\"Organization\",\"@id\":\"https:\/\/lottemaa.ee\/#organization\",\"name\":\"Lottemaa Teemapark\",\"url\":\"https:\/\/lottemaa.ee\/\",\"logo\":{\"@type\":\"ImageObject\",\"inLanguage\":\"fi\",\"@id\":\"https:\/\/lottemaa.ee\/#\/schema\/logo\/image\/\",\"url\":\"https:\/\/lottemaa.ee\/wp-content\/uploads\/2018\/12\/Lottemaa_LOGO.png\",\"contentUrl\":\"https:\/\/lottemaa.ee\/wp-content\/uploads\/2018\/12\/Lottemaa_LOGO.png\",\"width\":1024,\"height\":518,\"caption\":\"Lottemaa Teemapark\"},\"image\":{\"@id\":\"https:\/\/lottemaa.ee\/#\/schema\/logo\/image\/\"}}]}<\/script>\n<!-- \/ Yoast SEO plugin. -->","yoast_head_json":{"title":"Apuk\u00e4sine | Lottemaa Teemapark","description":"Annin, keksinn\u00f6n keksij\u00e4n, vasen k\u00e4si ei toimi. Sen vuoksi h\u00e4n keksi k\u00e4sineen, joka on p\u00e4\u00e4llystetty magneetilla ja tarranauhalla, jotta h\u00e4n voisi tarttua sek\u00e4 pehmeisiin leluihin ett\u00e4 hammastahnatuubiin.","robots":{"index":"index","follow":"follow","max-snippet":"max-snippet:-1","max-image-preview":"max-image-preview:large","max-video-preview":"max-video-preview:-1"},"canonical":"https:\/\/lottemaa.ee\/fi\/paiva-lottemaassa\/keksinnot\/apukasine\/","og_locale":"fi_FI","og_type":"article","og_title":"Apuk\u00e4sine | Lottemaa Teemapark","og_description":"Annin, keksinn\u00f6n keksij\u00e4n, vasen k\u00e4si ei toimi. Sen vuoksi h\u00e4n keksi k\u00e4sineen, joka on p\u00e4\u00e4llystetty magneetilla ja tarranauhalla, jotta h\u00e4n voisi tarttua sek\u00e4 pehmeisiin leluihin ett\u00e4 hammastahnatuubiin.","og_url":"https:\/\/lottemaa.ee\/fi\/paiva-lottemaassa\/keksinnot\/apukasine\/","og_site_name":"Lottemaa Teemapark","article_modified_time":"2023-07-25T06:51:56+00:00","og_image":[{"width":2048,"height":1536,"url":"https:\/\/lottemaa.ee\/wp-content\/uploads\/2023\/07\/354407760_584891510442795_5808800922908521200_n.jpg","type":"image\/jpeg"}],"twitter_card":"summary_large_image","twitter_misc":{"Arvioitu lukuaika":"1 minuutti"},"schema":{"@context":"https:\/\/schema.org","@graph":[{"@type":"WebPage","@id":"https:\/\/lottemaa.ee\/fi\/paiva-lottemaassa\/keksinnot\/apukasine\/","url":"https:\/\/lottemaa.ee\/fi\/paiva-lottemaassa\/keksinnot\/apukasine\/","name":"Apuk\u00e4sine | Lottemaa Teemapark","isPartOf":{"@id":"https:\/\/lottemaa.ee\/#website"},"primaryImageOfPage":{"@id":"https:\/\/lottemaa.ee\/fi\/paiva-lottemaassa\/keksinnot\/apukasine\/#primaryimage"},"image":{"@id":"https:\/\/lottemaa.ee\/fi\/paiva-lottemaassa\/keksinnot\/apukasine\/#primaryimage"},"thumbnailUrl":"https:\/\/lottemaa.ee\/wp-content\/uploads\/2023\/07\/354407760_584891510442795_5808800922908521200_n.jpg","datePublished":"2023-07-25T06:51:23+00:00","dateModified":"2023-07-25T06:51:56+00:00","description":"Annin, keksinn\u00f6n keksij\u00e4n, vasen k\u00e4si ei toimi. Sen vuoksi h\u00e4n keksi k\u00e4sineen, joka on p\u00e4\u00e4llystetty magneetilla ja tarranauhalla, jotta h\u00e4n voisi tarttua sek\u00e4 pehmeisiin leluihin ett\u00e4 hammastahnatuubiin.","breadcrumb":{"@id":"https:\/\/lottemaa.ee\/fi\/paiva-lottemaassa\/keksinnot\/apukasine\/#breadcrumb"},"inLanguage":"fi","potentialAction":[{"@type":"ReadAction","target":["https:\/\/lottemaa.ee\/fi\/paiva-lottemaassa\/keksinnot\/apukasine\/"]}]},{"@type":"ImageObject","inLanguage":"fi","@id":"https:\/\/lottemaa.ee\/fi\/paiva-lottemaassa\/keksinnot\/apukasine\/#primaryimage","url":"https:\/\/lottemaa.ee\/wp-content\/uploads\/2023\/07\/354407760_584891510442795_5808800922908521200_n.jpg","contentUrl":"https:\/\/lottemaa.ee\/wp-content\/uploads\/2023\/07\/354407760_584891510442795_5808800922908521200_n.jpg","width":2048,"height":1536},{"@type":"BreadcrumbList","@id":"https:\/\/lottemaa.ee\/fi\/paiva-lottemaassa\/keksinnot\/apukasine\/#breadcrumb","itemListElement":[{"@type":"ListItem","position":1,"name":"Home","item":"https:\/\/lottemaa.ee\/fi\/"},{"@type":"ListItem","position":2,"name":"P\u00e4iv\u00e4 Lottemaassa","item":"https:\/\/lottemaa.ee\/fi\/paiva-lottemaassa\/"},{"@type":"ListItem","position":3,"name":"Keksinn\u00f6t","item":"https:\/\/lottemaa.ee\/fi\/paiva-lottemaassa\/keksinnot\/"},{"@type":"ListItem","position":4,"name":"Apuk\u00e4sine"}]},{"@type":"WebSite","@id":"https:\/\/lottemaa.ee\/#website","url":"https:\/\/lottemaa.ee\/","name":"Lottemaa Teemapark","description":"Baltimaade suurim ja k\u00f5ige \u00e4gedam kogupere teemapark Eestis P\u00e4rnumaal","publisher":{"@id":"https:\/\/lottemaa.ee\/#organization"},"potentialAction":[{"@type":"SearchAction","target":{"@type":"EntryPoint","urlTemplate":"https:\/\/lottemaa.ee\/?s={search_term_string}"},"query-input":{"@type":"PropertyValueSpecification","valueRequired":true,"valueName":"search_term_string"}}],"inLanguage":"fi"},{"@type":"Organization","@id":"https:\/\/lottemaa.ee\/#organization","name":"Lottemaa Teemapark","url":"https:\/\/lottemaa.ee\/","logo":{"@type":"ImageObject","inLanguage":"fi","@id":"https:\/\/lottemaa.ee\/#\/schema\/logo\/image\/","url":"https:\/\/lottemaa.ee\/wp-content\/uploads\/2018\/12\/Lottemaa_LOGO.png","contentUrl":"https:\/\/lottemaa.ee\/wp-content\/uploads\/2018\/12\/Lottemaa_LOGO.png","width":1024,"height":518,"caption":"Lottemaa Teemapark"},"image":{"@id":"https:\/\/lottemaa.ee\/#\/schema\/logo\/image\/"}}]}},"_links":{"self":[{"href":"https:\/\/lottemaa.ee\/fi\/wp-json\/wp\/v2\/pages\/22811","targetHints":{"allow":["GET"]}}],"collection":[{"href":"https:\/\/lottemaa.ee\/fi\/wp-json\/wp\/v2\/pages"}],"about":[{"href":"https:\/\/lottemaa.ee\/fi\/wp-json\/wp\/v2\/types\/page"}],"author":[{"embeddable":true,"href":"https:\/\/lottemaa.ee\/fi\/wp-json\/wp\/v2\/users\/11"}],"replies":[{"embeddable":true,"href":"https:\/\/lottemaa.ee\/fi\/wp-json\/wp\/v2\/comments?post=22811"}],"version-history":[{"count":1,"href":"https:\/\/lottemaa.ee\/fi\/wp-json\/wp\/v2\/pages\/22811\/revisions"}],"predecessor-version":[{"id":22812,"href":"https:\/\/lottemaa.ee\/fi\/wp-json\/wp\/v2\/pages\/22811\/revisions\/22812"}],"up":[{"embeddable":true,"href":"https:\/\/lottemaa.ee\/fi\/wp-json\/wp\/v2\/pages\/1250"}],"wp:featuredmedia":[{"embeddable":true,"href":"https:\/\/lottemaa.ee\/fi\/wp-json\/wp\/v2\/media\/22787"}],"wp:attachment":[{"href":"https:\/\/lottemaa.ee\/fi\/wp-json\/wp\/v2\/media?parent=22811"}],"curies":[{"name":"wp","href":"https:\/\/api.w.org\/{rel}","templated":true}]}}