{"id":22678,"date":"2023-06-23T12:12:35","date_gmt":"2023-06-23T09:12:35","guid":{"rendered":"https:\/\/lottemaa.ee\/?page_id=22678"},"modified":"2023-06-23T12:12:35","modified_gmt":"2023-06-23T09:12:35","slug":"jaakarhu-alexin-voimala","status":"publish","type":"page","link":"https:\/\/lottemaa.ee\/fi\/paiva-lottemaassa\/talot-ja-toiminnot\/jaakarhu-alexin-voimala\/","title":{"rendered":"J\u00e4\u00e4karhu Alexin voimala"},"content":{"rendered":"<p style=\"text-align: left;\"><span style=\"color: #000000;\">Keksij\u00e4kyl\u00e4ss\u00e4 syntyi y\u00f6n aikana eriskummallinen mutta todella siisti keksint\u00f6, jonka rakensi j\u00e4\u00e4karhu Alex. J\u00e4\u00e4karhu Alex on hyvin etev\u00e4 keksij\u00e4, ja h\u00e4nen uusin keksint\u00f6ns\u00e4 tuottaa s\u00e4hk\u00f6\u00e4 nelj\u00e4st\u00e4 eri energianl\u00e4hteest\u00e4: auringosta, tuulesta, vedest\u00e4 ja lihasvoimasta. S\u00e4hk\u00f6\u00e4h\u00e4n tarvitaan aina, ja Alexin keksint\u00f6 toimii kuin unelma. Sill\u00e4 kun aurinko ei paista, sataa, ja kun ei sada, tuulee, ja kun ei paista aurinko, eik\u00e4 sada eik\u00e4 tuule, on k\u00e4siss\u00e4 aina voimaa. Kyl\u00e4l\u00e4iset voivat tulla hakemaan s\u00e4hk\u00f6\u00e4 vaikka \u00e4mp\u00e4rill\u00e4. S\u00e4hk\u00f6\u00e4 riitt\u00e4\u00e4!<\/span><\/p>\n","protected":false},"excerpt":{"rendered":"<p>Keksij\u00e4kyl\u00e4ss\u00e4 syntyi y\u00f6n aikana eriskummallinen mutta todella siisti keksint\u00f6, jonka rakensi j\u00e4\u00e4karhu Alex. J\u00e4\u00e4karhu Alex on hyvin etev\u00e4 keksij\u00e4, ja h\u00e4nen uusin keksint\u00f6ns\u00e4 tuottaa s\u00e4hk\u00f6\u00e4 nelj\u00e4st\u00e4 eri energianl\u00e4hteest\u00e4: auringosta, tuulesta, vedest\u00e4 ja lihasvoimasta. S\u00e4hk\u00f6\u00e4h\u00e4n tarvitaan aina, ja Alexin keksint\u00f6 toimii kuin unelma. Sill\u00e4 kun aurinko ei paista, sataa, ja kun ei sada, tuulee, ja kun &hellip; <a href=\"https:\/\/lottemaa.ee\/fi\/paiva-lottemaassa\/talot-ja-toiminnot\/jaakarhu-alexin-voimala\/\">Continued<\/a><\/p>\n","protected":false},"author":11,"featured_media":22434,"parent":1189,"menu_order":688,"comment_status":"closed","ping_status":"closed","template":"","meta":{"_acf_changed":false,"om_disable_all_campaigns":false,"_uf_show_specific_survey":0,"_uf_disable_surveys":false,"footnotes":""},"class_list":["post-22678","page","type-page","status-publish","has-post-thumbnail","hentry"],"acf":[],"yoast_head":"<!-- This site is optimized with the Yoast SEO plugin v25.5 - https:\/\/yoast.com\/wordpress\/plugins\/seo\/ -->\n<title>J\u00e4\u00e4karhu Alexin voimala | Lottemaa Teemapark<\/title>\n<meta name=\"description\" content=\"Keksij\u00e4kyl\u00e4ss\u00e4 syntyi y\u00f6n aikana eriskummallinen mutta todella siisti keksint\u00f6, jonka rakensi j\u00e4\u00e4karhu Alex.\" \/>\n<meta name=\"robots\" content=\"index, follow, max-snippet:-1, max-image-preview:large, max-video-preview:-1\" \/>\n<link rel=\"canonical\" href=\"https:\/\/lottemaa.ee\/fi\/paiva-lottemaassa\/talot-ja-toiminnot\/jaakarhu-alexin-voimala\/\" \/>\n<meta property=\"og:locale\" content=\"fi_FI\" \/>\n<meta property=\"og:type\" content=\"article\" \/>\n<meta property=\"og:title\" content=\"J\u00e4\u00e4karhu Alexin voimala | Lottemaa Teemapark\" \/>\n<meta property=\"og:description\" content=\"Keksij\u00e4kyl\u00e4ss\u00e4 syntyi y\u00f6n aikana eriskummallinen mutta todella siisti keksint\u00f6, jonka rakensi j\u00e4\u00e4karhu Alex.\" \/>\n<meta property=\"og:url\" content=\"https:\/\/lottemaa.ee\/fi\/paiva-lottemaassa\/talot-ja-toiminnot\/jaakarhu-alexin-voimala\/\" \/>\n<meta property=\"og:site_name\" content=\"Lottemaa Teemapark\" \/>\n<meta property=\"og:image\" content=\"https:\/\/lottemaa.ee\/wp-content\/uploads\/2023\/06\/DSC_8916-scaled.jpg\" \/>\n\t<meta property=\"og:image:width\" content=\"2560\" \/>\n\t<meta property=\"og:image:height\" content=\"1696\" \/>\n\t<meta property=\"og:image:type\" content=\"image\/jpeg\" \/>\n<meta name=\"twitter:card\" content=\"summary_large_image\" \/>\n<meta name=\"twitter:label1\" content=\"Arvioitu lukuaika\" \/>\n\t<meta name=\"twitter:data1\" content=\"1 minuutti\" \/>\n<script type=\"application\/ld+json\" class=\"yoast-schema-graph\">{\"@context\":\"https:\/\/schema.org\",\"@graph\":[{\"@type\":\"WebPage\",\"@id\":\"https:\/\/lottemaa.ee\/fi\/paiva-lottemaassa\/talot-ja-toiminnot\/jaakarhu-alexin-voimala\/\",\"url\":\"https:\/\/lottemaa.ee\/fi\/paiva-lottemaassa\/talot-ja-toiminnot\/jaakarhu-alexin-voimala\/\",\"name\":\"J\u00e4\u00e4karhu Alexin voimala | Lottemaa Teemapark\",\"isPartOf\":{\"@id\":\"https:\/\/lottemaa.ee\/#website\"},\"primaryImageOfPage\":{\"@id\":\"https:\/\/lottemaa.ee\/fi\/paiva-lottemaassa\/talot-ja-toiminnot\/jaakarhu-alexin-voimala\/#primaryimage\"},\"image\":{\"@id\":\"https:\/\/lottemaa.ee\/fi\/paiva-lottemaassa\/talot-ja-toiminnot\/jaakarhu-alexin-voimala\/#primaryimage\"},\"thumbnailUrl\":\"https:\/\/lottemaa.ee\/wp-content\/uploads\/2023\/06\/DSC_8916-scaled.jpg\",\"datePublished\":\"2023-06-23T09:12:35+00:00\",\"description\":\"Keksij\u00e4kyl\u00e4ss\u00e4 syntyi y\u00f6n aikana eriskummallinen mutta todella siisti keksint\u00f6, jonka rakensi j\u00e4\u00e4karhu Alex.\",\"breadcrumb\":{\"@id\":\"https:\/\/lottemaa.ee\/fi\/paiva-lottemaassa\/talot-ja-toiminnot\/jaakarhu-alexin-voimala\/#breadcrumb\"},\"inLanguage\":\"fi\",\"potentialAction\":[{\"@type\":\"ReadAction\",\"target\":[\"https:\/\/lottemaa.ee\/fi\/paiva-lottemaassa\/talot-ja-toiminnot\/jaakarhu-alexin-voimala\/\"]}]},{\"@type\":\"ImageObject\",\"inLanguage\":\"fi\",\"@id\":\"https:\/\/lottemaa.ee\/fi\/paiva-lottemaassa\/talot-ja-toiminnot\/jaakarhu-alexin-voimala\/#primaryimage\",\"url\":\"https:\/\/lottemaa.ee\/wp-content\/uploads\/2023\/06\/DSC_8916-scaled.jpg\",\"contentUrl\":\"https:\/\/lottemaa.ee\/wp-content\/uploads\/2023\/06\/DSC_8916-scaled.jpg\",\"width\":2560,\"height\":1696},{\"@type\":\"BreadcrumbList\",\"@id\":\"https:\/\/lottemaa.ee\/fi\/paiva-lottemaassa\/talot-ja-toiminnot\/jaakarhu-alexin-voimala\/#breadcrumb\",\"itemListElement\":[{\"@type\":\"ListItem\",\"position\":1,\"name\":\"Home\",\"item\":\"https:\/\/lottemaa.ee\/fi\/\"},{\"@type\":\"ListItem\",\"position\":2,\"name\":\"P\u00e4iv\u00e4 Lottemaassa\",\"item\":\"https:\/\/lottemaa.ee\/fi\/paiva-lottemaassa\/\"},{\"@type\":\"ListItem\",\"position\":3,\"name\":\"Talot ja toiminnot\",\"item\":\"https:\/\/lottemaa.ee\/fi\/paiva-lottemaassa\/talot-ja-toiminnot\/\"},{\"@type\":\"ListItem\",\"position\":4,\"name\":\"J\u00e4\u00e4karhu Alexin voimala\"}]},{\"@type\":\"WebSite\",\"@id\":\"https:\/\/lottemaa.ee\/#website\",\"url\":\"https:\/\/lottemaa.ee\/\",\"name\":\"Lottemaa Teemapark\",\"description\":\"Baltimaade suurim ja k\u00f5ige \u00e4gedam kogupere teemapark Eestis P\u00e4rnumaal\",\"publisher\":{\"@id\":\"https:\/\/lottemaa.ee\/#organization\"},\"potentialAction\":[{\"@type\":\"SearchAction\",\"target\":{\"@type\":\"EntryPoint\",\"urlTemplate\":\"https:\/\/lottemaa.ee\/?s={search_term_string}\"},\"query-input\":{\"@type\":\"PropertyValueSpecification\",\"valueRequired\":true,\"valueName\":\"search_term_string\"}}],\"inLanguage\":\"fi\"},{\"@type\":\"Organization\",\"@id\":\"https:\/\/lottemaa.ee\/#organization\",\"name\":\"Lottemaa Teemapark\",\"url\":\"https:\/\/lottemaa.ee\/\",\"logo\":{\"@type\":\"ImageObject\",\"inLanguage\":\"fi\",\"@id\":\"https:\/\/lottemaa.ee\/#\/schema\/logo\/image\/\",\"url\":\"https:\/\/lottemaa.ee\/wp-content\/uploads\/2018\/12\/Lottemaa_LOGO.png\",\"contentUrl\":\"https:\/\/lottemaa.ee\/wp-content\/uploads\/2018\/12\/Lottemaa_LOGO.png\",\"width\":1024,\"height\":518,\"caption\":\"Lottemaa Teemapark\"},\"image\":{\"@id\":\"https:\/\/lottemaa.ee\/#\/schema\/logo\/image\/\"}}]}<\/script>\n<!-- \/ Yoast SEO plugin. -->","yoast_head_json":{"title":"J\u00e4\u00e4karhu Alexin voimala | Lottemaa Teemapark","description":"Keksij\u00e4kyl\u00e4ss\u00e4 syntyi y\u00f6n aikana eriskummallinen mutta todella siisti keksint\u00f6, jonka rakensi j\u00e4\u00e4karhu Alex.","robots":{"index":"index","follow":"follow","max-snippet":"max-snippet:-1","max-image-preview":"max-image-preview:large","max-video-preview":"max-video-preview:-1"},"canonical":"https:\/\/lottemaa.ee\/fi\/paiva-lottemaassa\/talot-ja-toiminnot\/jaakarhu-alexin-voimala\/","og_locale":"fi_FI","og_type":"article","og_title":"J\u00e4\u00e4karhu Alexin voimala | Lottemaa Teemapark","og_description":"Keksij\u00e4kyl\u00e4ss\u00e4 syntyi y\u00f6n aikana eriskummallinen mutta todella siisti keksint\u00f6, jonka rakensi j\u00e4\u00e4karhu Alex.","og_url":"https:\/\/lottemaa.ee\/fi\/paiva-lottemaassa\/talot-ja-toiminnot\/jaakarhu-alexin-voimala\/","og_site_name":"Lottemaa Teemapark","og_image":[{"width":2560,"height":1696,"url":"https:\/\/lottemaa.ee\/wp-content\/uploads\/2023\/06\/DSC_8916-scaled.jpg","type":"image\/jpeg"}],"twitter_card":"summary_large_image","twitter_misc":{"Arvioitu lukuaika":"1 minuutti"},"schema":{"@context":"https:\/\/schema.org","@graph":[{"@type":"WebPage","@id":"https:\/\/lottemaa.ee\/fi\/paiva-lottemaassa\/talot-ja-toiminnot\/jaakarhu-alexin-voimala\/","url":"https:\/\/lottemaa.ee\/fi\/paiva-lottemaassa\/talot-ja-toiminnot\/jaakarhu-alexin-voimala\/","name":"J\u00e4\u00e4karhu Alexin voimala | Lottemaa Teemapark","isPartOf":{"@id":"https:\/\/lottemaa.ee\/#website"},"primaryImageOfPage":{"@id":"https:\/\/lottemaa.ee\/fi\/paiva-lottemaassa\/talot-ja-toiminnot\/jaakarhu-alexin-voimala\/#primaryimage"},"image":{"@id":"https:\/\/lottemaa.ee\/fi\/paiva-lottemaassa\/talot-ja-toiminnot\/jaakarhu-alexin-voimala\/#primaryimage"},"thumbnailUrl":"https:\/\/lottemaa.ee\/wp-content\/uploads\/2023\/06\/DSC_8916-scaled.jpg","datePublished":"2023-06-23T09:12:35+00:00","description":"Keksij\u00e4kyl\u00e4ss\u00e4 syntyi y\u00f6n aikana eriskummallinen mutta todella siisti keksint\u00f6, jonka rakensi j\u00e4\u00e4karhu Alex.","breadcrumb":{"@id":"https:\/\/lottemaa.ee\/fi\/paiva-lottemaassa\/talot-ja-toiminnot\/jaakarhu-alexin-voimala\/#breadcrumb"},"inLanguage":"fi","potentialAction":[{"@type":"ReadAction","target":["https:\/\/lottemaa.ee\/fi\/paiva-lottemaassa\/talot-ja-toiminnot\/jaakarhu-alexin-voimala\/"]}]},{"@type":"ImageObject","inLanguage":"fi","@id":"https:\/\/lottemaa.ee\/fi\/paiva-lottemaassa\/talot-ja-toiminnot\/jaakarhu-alexin-voimala\/#primaryimage","url":"https:\/\/lottemaa.ee\/wp-content\/uploads\/2023\/06\/DSC_8916-scaled.jpg","contentUrl":"https:\/\/lottemaa.ee\/wp-content\/uploads\/2023\/06\/DSC_8916-scaled.jpg","width":2560,"height":1696},{"@type":"BreadcrumbList","@id":"https:\/\/lottemaa.ee\/fi\/paiva-lottemaassa\/talot-ja-toiminnot\/jaakarhu-alexin-voimala\/#breadcrumb","itemListElement":[{"@type":"ListItem","position":1,"name":"Home","item":"https:\/\/lottemaa.ee\/fi\/"},{"@type":"ListItem","position":2,"name":"P\u00e4iv\u00e4 Lottemaassa","item":"https:\/\/lottemaa.ee\/fi\/paiva-lottemaassa\/"},{"@type":"ListItem","position":3,"name":"Talot ja toiminnot","item":"https:\/\/lottemaa.ee\/fi\/paiva-lottemaassa\/talot-ja-toiminnot\/"},{"@type":"ListItem","position":4,"name":"J\u00e4\u00e4karhu Alexin voimala"}]},{"@type":"WebSite","@id":"https:\/\/lottemaa.ee\/#website","url":"https:\/\/lottemaa.ee\/","name":"Lottemaa Teemapark","description":"Baltimaade suurim ja k\u00f5ige \u00e4gedam kogupere teemapark Eestis P\u00e4rnumaal","publisher":{"@id":"https:\/\/lottemaa.ee\/#organization"},"potentialAction":[{"@type":"SearchAction","target":{"@type":"EntryPoint","urlTemplate":"https:\/\/lottemaa.ee\/?s={search_term_string}"},"query-input":{"@type":"PropertyValueSpecification","valueRequired":true,"valueName":"search_term_string"}}],"inLanguage":"fi"},{"@type":"Organization","@id":"https:\/\/lottemaa.ee\/#organization","name":"Lottemaa Teemapark","url":"https:\/\/lottemaa.ee\/","logo":{"@type":"ImageObject","inLanguage":"fi","@id":"https:\/\/lottemaa.ee\/#\/schema\/logo\/image\/","url":"https:\/\/lottemaa.ee\/wp-content\/uploads\/2018\/12\/Lottemaa_LOGO.png","contentUrl":"https:\/\/lottemaa.ee\/wp-content\/uploads\/2018\/12\/Lottemaa_LOGO.png","width":1024,"height":518,"caption":"Lottemaa Teemapark"},"image":{"@id":"https:\/\/lottemaa.ee\/#\/schema\/logo\/image\/"}}]}},"_links":{"self":[{"href":"https:\/\/lottemaa.ee\/fi\/wp-json\/wp\/v2\/pages\/22678","targetHints":{"allow":["GET"]}}],"collection":[{"href":"https:\/\/lottemaa.ee\/fi\/wp-json\/wp\/v2\/pages"}],"about":[{"href":"https:\/\/lottemaa.ee\/fi\/wp-json\/wp\/v2\/types\/page"}],"author":[{"embeddable":true,"href":"https:\/\/lottemaa.ee\/fi\/wp-json\/wp\/v2\/users\/11"}],"replies":[{"embeddable":true,"href":"https:\/\/lottemaa.ee\/fi\/wp-json\/wp\/v2\/comments?post=22678"}],"version-history":[{"count":1,"href":"https:\/\/lottemaa.ee\/fi\/wp-json\/wp\/v2\/pages\/22678\/revisions"}],"predecessor-version":[{"id":22679,"href":"https:\/\/lottemaa.ee\/fi\/wp-json\/wp\/v2\/pages\/22678\/revisions\/22679"}],"up":[{"embeddable":true,"href":"https:\/\/lottemaa.ee\/fi\/wp-json\/wp\/v2\/pages\/1189"}],"wp:featuredmedia":[{"embeddable":true,"href":"https:\/\/lottemaa.ee\/fi\/wp-json\/wp\/v2\/media\/22434"}],"wp:attachment":[{"href":"https:\/\/lottemaa.ee\/fi\/wp-json\/wp\/v2\/media?parent=22678"}],"curies":[{"name":"wp","href":"https:\/\/api.w.org\/{rel}","templated":true}]}}