{"id":22407,"date":"2023-06-14T17:55:26","date_gmt":"2023-06-14T14:55:26","guid":{"rendered":"https:\/\/lottemaa.ee\/?page_id=22407"},"modified":"2023-06-14T17:55:26","modified_gmt":"2023-06-14T14:55:26","slug":"kahjo-kaivo","status":"publish","type":"page","link":"https:\/\/lottemaa.ee\/fi\/kahjo-kaivo\/","title":{"rendered":"Kahjo kaivo"},"content":{"rendered":"<p style=\"text-align: left;\"><strong>Kahjo kaivo<\/strong> on Keksij\u00e4kyl\u00e4ss\u00e4 suuri mysteeri. Kukaan ei tied\u00e4, kuka sen on keksinyt; kaivo vain ilmestyi er\u00e4\u00e4n\u00e4 p\u00e4iv\u00e4n\u00e4. Kaivosta ei saa vett\u00e4, sinne voi vain huutaa. Ja kaivo vastaa niin kuin itse haluaa. Alkuun se tuntui kyl\u00e4n asukkaista todella kummalliselta, mutta nyt kaikki ovat jo tottuneet kiukkuiseen kaivoon.<\/p>\n","protected":false},"excerpt":{"rendered":"<p>Kahjo kaivo on Keksij\u00e4kyl\u00e4ss\u00e4 suuri mysteeri. Kukaan ei tied\u00e4, kuka sen on keksinyt; kaivo vain ilmestyi er\u00e4\u00e4n\u00e4 p\u00e4iv\u00e4n\u00e4. Kaivosta ei saa vett\u00e4, sinne voi vain huutaa. Ja kaivo vastaa niin kuin itse haluaa. Alkuun se tuntui kyl\u00e4n asukkaista todella kummalliselta, mutta nyt kaikki ovat jo tottuneet kiukkuiseen kaivoon.<\/p>\n","protected":false},"author":11,"featured_media":22203,"parent":0,"menu_order":678,"comment_status":"closed","ping_status":"closed","template":"","meta":{"_acf_changed":false,"om_disable_all_campaigns":false,"_uf_show_specific_survey":0,"_uf_disable_surveys":false,"footnotes":""},"class_list":["post-22407","page","type-page","status-publish","has-post-thumbnail","hentry"],"acf":[],"yoast_head":"<!-- This site is optimized with the Yoast SEO plugin v25.5 - https:\/\/yoast.com\/wordpress\/plugins\/seo\/ -->\n<title>Kahjo kaivo | Lottemaa Teemapark<\/title>\n<meta name=\"robots\" content=\"index, follow, max-snippet:-1, max-image-preview:large, max-video-preview:-1\" \/>\n<link rel=\"canonical\" href=\"https:\/\/lottemaa.ee\/fi\/kahjo-kaivo\/\" \/>\n<meta property=\"og:locale\" content=\"fi_FI\" \/>\n<meta property=\"og:type\" content=\"article\" \/>\n<meta property=\"og:title\" content=\"Kahjo kaivo | Lottemaa Teemapark\" \/>\n<meta property=\"og:description\" content=\"Kahjo kaivo on Keksij\u00e4kyl\u00e4ss\u00e4 suuri mysteeri. Kukaan ei tied\u00e4, kuka sen on keksinyt; kaivo vain ilmestyi er\u00e4\u00e4n\u00e4 p\u00e4iv\u00e4n\u00e4. Kaivosta ei saa vett\u00e4, sinne voi vain huutaa. Ja kaivo vastaa niin kuin itse haluaa. Alkuun se tuntui kyl\u00e4n asukkaista todella kummalliselta, mutta nyt kaikki ovat jo tottuneet kiukkuiseen kaivoon.\" \/>\n<meta property=\"og:url\" content=\"https:\/\/lottemaa.ee\/fi\/kahjo-kaivo\/\" \/>\n<meta property=\"og:site_name\" content=\"Lottemaa Teemapark\" \/>\n<meta property=\"og:image\" content=\"https:\/\/lottemaa.ee\/wp-content\/uploads\/2023\/06\/DSC_7272-scaled.jpg\" \/>\n\t<meta property=\"og:image:width\" content=\"2560\" \/>\n\t<meta property=\"og:image:height\" content=\"1696\" \/>\n\t<meta property=\"og:image:type\" content=\"image\/jpeg\" \/>\n<meta name=\"twitter:card\" content=\"summary_large_image\" \/>\n<meta name=\"twitter:label1\" content=\"Arvioitu lukuaika\" \/>\n\t<meta name=\"twitter:data1\" content=\"1 minuutti\" \/>\n<script type=\"application\/ld+json\" class=\"yoast-schema-graph\">{\"@context\":\"https:\/\/schema.org\",\"@graph\":[{\"@type\":\"WebPage\",\"@id\":\"https:\/\/lottemaa.ee\/fi\/kahjo-kaivo\/\",\"url\":\"https:\/\/lottemaa.ee\/fi\/kahjo-kaivo\/\",\"name\":\"Kahjo kaivo | Lottemaa Teemapark\",\"isPartOf\":{\"@id\":\"https:\/\/lottemaa.ee\/#website\"},\"primaryImageOfPage\":{\"@id\":\"https:\/\/lottemaa.ee\/fi\/kahjo-kaivo\/#primaryimage\"},\"image\":{\"@id\":\"https:\/\/lottemaa.ee\/fi\/kahjo-kaivo\/#primaryimage\"},\"thumbnailUrl\":\"https:\/\/lottemaa.ee\/wp-content\/uploads\/2023\/06\/DSC_7272-scaled.jpg\",\"datePublished\":\"2023-06-14T14:55:26+00:00\",\"breadcrumb\":{\"@id\":\"https:\/\/lottemaa.ee\/fi\/kahjo-kaivo\/#breadcrumb\"},\"inLanguage\":\"fi\",\"potentialAction\":[{\"@type\":\"ReadAction\",\"target\":[\"https:\/\/lottemaa.ee\/fi\/kahjo-kaivo\/\"]}]},{\"@type\":\"ImageObject\",\"inLanguage\":\"fi\",\"@id\":\"https:\/\/lottemaa.ee\/fi\/kahjo-kaivo\/#primaryimage\",\"url\":\"https:\/\/lottemaa.ee\/wp-content\/uploads\/2023\/06\/DSC_7272-scaled.jpg\",\"contentUrl\":\"https:\/\/lottemaa.ee\/wp-content\/uploads\/2023\/06\/DSC_7272-scaled.jpg\",\"width\":2560,\"height\":1696},{\"@type\":\"BreadcrumbList\",\"@id\":\"https:\/\/lottemaa.ee\/fi\/kahjo-kaivo\/#breadcrumb\",\"itemListElement\":[{\"@type\":\"ListItem\",\"position\":1,\"name\":\"Home\",\"item\":\"https:\/\/lottemaa.ee\/fi\/\"},{\"@type\":\"ListItem\",\"position\":2,\"name\":\"Kahjo kaivo\"}]},{\"@type\":\"WebSite\",\"@id\":\"https:\/\/lottemaa.ee\/#website\",\"url\":\"https:\/\/lottemaa.ee\/\",\"name\":\"Lottemaa Teemapark\",\"description\":\"Baltimaade suurim ja k\u00f5ige \u00e4gedam kogupere teemapark Eestis P\u00e4rnumaal\",\"publisher\":{\"@id\":\"https:\/\/lottemaa.ee\/#organization\"},\"potentialAction\":[{\"@type\":\"SearchAction\",\"target\":{\"@type\":\"EntryPoint\",\"urlTemplate\":\"https:\/\/lottemaa.ee\/?s={search_term_string}\"},\"query-input\":{\"@type\":\"PropertyValueSpecification\",\"valueRequired\":true,\"valueName\":\"search_term_string\"}}],\"inLanguage\":\"fi\"},{\"@type\":\"Organization\",\"@id\":\"https:\/\/lottemaa.ee\/#organization\",\"name\":\"Lottemaa Teemapark\",\"url\":\"https:\/\/lottemaa.ee\/\",\"logo\":{\"@type\":\"ImageObject\",\"inLanguage\":\"fi\",\"@id\":\"https:\/\/lottemaa.ee\/#\/schema\/logo\/image\/\",\"url\":\"https:\/\/lottemaa.ee\/wp-content\/uploads\/2018\/12\/Lottemaa_LOGO.png\",\"contentUrl\":\"https:\/\/lottemaa.ee\/wp-content\/uploads\/2018\/12\/Lottemaa_LOGO.png\",\"width\":1024,\"height\":518,\"caption\":\"Lottemaa Teemapark\"},\"image\":{\"@id\":\"https:\/\/lottemaa.ee\/#\/schema\/logo\/image\/\"}}]}<\/script>\n<!-- \/ Yoast SEO plugin. -->","yoast_head_json":{"title":"Kahjo kaivo | Lottemaa Teemapark","robots":{"index":"index","follow":"follow","max-snippet":"max-snippet:-1","max-image-preview":"max-image-preview:large","max-video-preview":"max-video-preview:-1"},"canonical":"https:\/\/lottemaa.ee\/fi\/kahjo-kaivo\/","og_locale":"fi_FI","og_type":"article","og_title":"Kahjo kaivo | Lottemaa Teemapark","og_description":"Kahjo kaivo on Keksij\u00e4kyl\u00e4ss\u00e4 suuri mysteeri. Kukaan ei tied\u00e4, kuka sen on keksinyt; kaivo vain ilmestyi er\u00e4\u00e4n\u00e4 p\u00e4iv\u00e4n\u00e4. Kaivosta ei saa vett\u00e4, sinne voi vain huutaa. Ja kaivo vastaa niin kuin itse haluaa. Alkuun se tuntui kyl\u00e4n asukkaista todella kummalliselta, mutta nyt kaikki ovat jo tottuneet kiukkuiseen kaivoon.","og_url":"https:\/\/lottemaa.ee\/fi\/kahjo-kaivo\/","og_site_name":"Lottemaa Teemapark","og_image":[{"width":2560,"height":1696,"url":"https:\/\/lottemaa.ee\/wp-content\/uploads\/2023\/06\/DSC_7272-scaled.jpg","type":"image\/jpeg"}],"twitter_card":"summary_large_image","twitter_misc":{"Arvioitu lukuaika":"1 minuutti"},"schema":{"@context":"https:\/\/schema.org","@graph":[{"@type":"WebPage","@id":"https:\/\/lottemaa.ee\/fi\/kahjo-kaivo\/","url":"https:\/\/lottemaa.ee\/fi\/kahjo-kaivo\/","name":"Kahjo kaivo | Lottemaa Teemapark","isPartOf":{"@id":"https:\/\/lottemaa.ee\/#website"},"primaryImageOfPage":{"@id":"https:\/\/lottemaa.ee\/fi\/kahjo-kaivo\/#primaryimage"},"image":{"@id":"https:\/\/lottemaa.ee\/fi\/kahjo-kaivo\/#primaryimage"},"thumbnailUrl":"https:\/\/lottemaa.ee\/wp-content\/uploads\/2023\/06\/DSC_7272-scaled.jpg","datePublished":"2023-06-14T14:55:26+00:00","breadcrumb":{"@id":"https:\/\/lottemaa.ee\/fi\/kahjo-kaivo\/#breadcrumb"},"inLanguage":"fi","potentialAction":[{"@type":"ReadAction","target":["https:\/\/lottemaa.ee\/fi\/kahjo-kaivo\/"]}]},{"@type":"ImageObject","inLanguage":"fi","@id":"https:\/\/lottemaa.ee\/fi\/kahjo-kaivo\/#primaryimage","url":"https:\/\/lottemaa.ee\/wp-content\/uploads\/2023\/06\/DSC_7272-scaled.jpg","contentUrl":"https:\/\/lottemaa.ee\/wp-content\/uploads\/2023\/06\/DSC_7272-scaled.jpg","width":2560,"height":1696},{"@type":"BreadcrumbList","@id":"https:\/\/lottemaa.ee\/fi\/kahjo-kaivo\/#breadcrumb","itemListElement":[{"@type":"ListItem","position":1,"name":"Home","item":"https:\/\/lottemaa.ee\/fi\/"},{"@type":"ListItem","position":2,"name":"Kahjo kaivo"}]},{"@type":"WebSite","@id":"https:\/\/lottemaa.ee\/#website","url":"https:\/\/lottemaa.ee\/","name":"Lottemaa Teemapark","description":"Baltimaade suurim ja k\u00f5ige \u00e4gedam kogupere teemapark Eestis P\u00e4rnumaal","publisher":{"@id":"https:\/\/lottemaa.ee\/#organization"},"potentialAction":[{"@type":"SearchAction","target":{"@type":"EntryPoint","urlTemplate":"https:\/\/lottemaa.ee\/?s={search_term_string}"},"query-input":{"@type":"PropertyValueSpecification","valueRequired":true,"valueName":"search_term_string"}}],"inLanguage":"fi"},{"@type":"Organization","@id":"https:\/\/lottemaa.ee\/#organization","name":"Lottemaa Teemapark","url":"https:\/\/lottemaa.ee\/","logo":{"@type":"ImageObject","inLanguage":"fi","@id":"https:\/\/lottemaa.ee\/#\/schema\/logo\/image\/","url":"https:\/\/lottemaa.ee\/wp-content\/uploads\/2018\/12\/Lottemaa_LOGO.png","contentUrl":"https:\/\/lottemaa.ee\/wp-content\/uploads\/2018\/12\/Lottemaa_LOGO.png","width":1024,"height":518,"caption":"Lottemaa Teemapark"},"image":{"@id":"https:\/\/lottemaa.ee\/#\/schema\/logo\/image\/"}}]}},"_links":{"self":[{"href":"https:\/\/lottemaa.ee\/fi\/wp-json\/wp\/v2\/pages\/22407","targetHints":{"allow":["GET"]}}],"collection":[{"href":"https:\/\/lottemaa.ee\/fi\/wp-json\/wp\/v2\/pages"}],"about":[{"href":"https:\/\/lottemaa.ee\/fi\/wp-json\/wp\/v2\/types\/page"}],"author":[{"embeddable":true,"href":"https:\/\/lottemaa.ee\/fi\/wp-json\/wp\/v2\/users\/11"}],"replies":[{"embeddable":true,"href":"https:\/\/lottemaa.ee\/fi\/wp-json\/wp\/v2\/comments?post=22407"}],"version-history":[{"count":1,"href":"https:\/\/lottemaa.ee\/fi\/wp-json\/wp\/v2\/pages\/22407\/revisions"}],"predecessor-version":[{"id":22408,"href":"https:\/\/lottemaa.ee\/fi\/wp-json\/wp\/v2\/pages\/22407\/revisions\/22408"}],"wp:featuredmedia":[{"embeddable":true,"href":"https:\/\/lottemaa.ee\/fi\/wp-json\/wp\/v2\/media\/22203"}],"wp:attachment":[{"href":"https:\/\/lottemaa.ee\/fi\/wp-json\/wp\/v2\/media?parent=22407"}],"curies":[{"name":"wp","href":"https:\/\/api.w.org\/{rel}","templated":true}]}}