{"id":22353,"date":"2023-06-14T09:52:26","date_gmt":"2023-06-14T06:52:26","guid":{"rendered":"https:\/\/lottemaa.ee\/?page_id=22353"},"modified":"2023-06-16T13:51:02","modified_gmt":"2023-06-16T10:51:02","slug":"loten-ja-roosin-matka-kuuhun","status":"publish","type":"page","link":"https:\/\/lottemaa.ee\/fi\/esitysten-lyhyet-kuvaukset\/loten-ja-roosin-matka-kuuhun\/","title":{"rendered":"LOTEN JA ROOSIN MATKA KUUHUN"},"content":{"rendered":"<h2 style=\"text-align: left;\"><span style=\"color: #0000ff;\">klo 15.00<\/span><\/h2>\n<p style=\"text-align: left;\"><span style=\"color: #000000;\">Aamu alkaa Keksij\u00e4kyl\u00e4ss\u00e4 tavanomaisesta poikkeavasti. Kyl\u00e4l\u00e4iset eiv\u00e4t ole nukkuneet hyvin y\u00f6ll\u00e4. Kuu n\u00e4ytti valtavalta kirkkaalta pannukakulta ja sielt\u00e4 kantautui outoja \u00e4\u00e4ni\u00e4. Adalbert-j\u00e4nis k\u00e4\u00e4ntelehti koko y\u00f6n kyljelt\u00e4 toiselle ja laski porkkanoita. Jaak-k\u00e4rp\u00e4nen py\u00f6ri niin paljon, ett\u00e4 my\u00f6sk\u00e4\u00e4n h\u00e4nen rakas puolisonsa Ruta ei saanut unta. Vanha kulkukoira Klaus istui matkalaukussaan ja pohdiskeli itsekseen, miten saada oikeita vastauksia, ja Leo-hylje yritti t\u00e4hyill\u00e4 venevajan katolta kaukoputkella kuun pintaa. Aamulla kaikki olivat niin v\u00e4syneit\u00e4 ja unisia, ettei k\u00e4rttyisyys ollut kaukana.<\/span><\/p>\n<p style=\"text-align: left;\"><span style=\"color: #000000;\">Onneksi Jaak-k\u00e4rp\u00e4sen vanha luokkatoveri ja yst\u00e4v\u00e4, Juku-raatok\u00e4rp\u00e4nen, asuu kuussa. Juku lensi sinne pahvilaatikosta tehdyll\u00e4 raketilla ja kirjoittaa parhaillaan kirjaa kuussa. Kirjailijatkin kaipaavat toisinaan pient\u00e4 vaihtelua.<\/span><\/p>\n<p style=\"text-align: left;\"><span style=\"color: #000000;\">Kyl\u00e4l\u00e4iset ovat yhdess\u00e4 k\u00e4sitt\u00e4neet, ett\u00e4 kuussa tapahtuu outoja, mutta saako Jaak-k\u00e4rp\u00e4nen Jukulta tietoa siit\u00e4, mit\u00e4 siell\u00e4 oikein tapahtuu? Ja vaikuttaako se Keksij\u00e4kyl\u00e4n arkeen ja keksiik\u00f6 nokkela koiratytt\u00f6 Lotte taas jotakin j\u00e4nnitt\u00e4v\u00e4\u00e4? T\u00e4m\u00e4n kaiken saat n\u00e4hd\u00e4, kun tulet katsomaan esityst\u00e4!<\/span><\/p>\n<h2 style=\"text-align: left;\">Sijainti: Giovannin lava<\/h2>\n","protected":false},"excerpt":{"rendered":"<p>klo 15.00 Aamu alkaa Keksij\u00e4kyl\u00e4ss\u00e4 tavanomaisesta poikkeavasti. Kyl\u00e4l\u00e4iset eiv\u00e4t ole nukkuneet hyvin y\u00f6ll\u00e4. Kuu n\u00e4ytti valtavalta kirkkaalta pannukakulta ja sielt\u00e4 kantautui outoja \u00e4\u00e4ni\u00e4. Adalbert-j\u00e4nis k\u00e4\u00e4ntelehti koko y\u00f6n kyljelt\u00e4 toiselle ja laski porkkanoita. Jaak-k\u00e4rp\u00e4nen py\u00f6ri niin paljon, ett\u00e4 my\u00f6sk\u00e4\u00e4n h\u00e4nen rakas puolisonsa Ruta ei saanut unta. Vanha kulkukoira Klaus istui matkalaukussaan ja pohdiskeli itsekseen, miten saada &hellip; <a href=\"https:\/\/lottemaa.ee\/fi\/esitysten-lyhyet-kuvaukset\/loten-ja-roosin-matka-kuuhun\/\">Continued<\/a><\/p>\n","protected":false},"author":11,"featured_media":0,"parent":22367,"menu_order":735,"comment_status":"closed","ping_status":"closed","template":"","meta":{"_acf_changed":false,"om_disable_all_campaigns":false,"_uf_show_specific_survey":0,"_uf_disable_surveys":false,"footnotes":""},"class_list":["post-22353","page","type-page","status-publish","hentry"],"acf":[],"yoast_head":"<!-- This site is optimized with the Yoast SEO plugin v25.5 - https:\/\/yoast.com\/wordpress\/plugins\/seo\/ -->\n<title>LOTEN JA ROOSIN MATKA KUUHUN | Lottemaa Teemapark<\/title>\n<meta name=\"robots\" content=\"index, follow, max-snippet:-1, max-image-preview:large, max-video-preview:-1\" \/>\n<link rel=\"canonical\" href=\"https:\/\/lottemaa.ee\/fi\/paiva-lottemaassa\/esitysten-lyhyet-kuvaukset\/loten-ja-roosin-matka-kuuhun\/\" \/>\n<meta property=\"og:locale\" content=\"fi_FI\" \/>\n<meta property=\"og:type\" content=\"article\" \/>\n<meta property=\"og:title\" content=\"LOTEN JA ROOSIN MATKA KUUHUN | Lottemaa Teemapark\" \/>\n<meta property=\"og:description\" content=\"klo 15.00 Aamu alkaa Keksij\u00e4kyl\u00e4ss\u00e4 tavanomaisesta poikkeavasti. Kyl\u00e4l\u00e4iset eiv\u00e4t ole nukkuneet hyvin y\u00f6ll\u00e4. Kuu n\u00e4ytti valtavalta kirkkaalta pannukakulta ja sielt\u00e4 kantautui outoja \u00e4\u00e4ni\u00e4. Adalbert-j\u00e4nis k\u00e4\u00e4ntelehti koko y\u00f6n kyljelt\u00e4 toiselle ja laski porkkanoita. Jaak-k\u00e4rp\u00e4nen py\u00f6ri niin paljon, ett\u00e4 my\u00f6sk\u00e4\u00e4n h\u00e4nen rakas puolisonsa Ruta ei saanut unta. Vanha kulkukoira Klaus istui matkalaukussaan ja pohdiskeli itsekseen, miten saada &hellip; Continued\" \/>\n<meta property=\"og:url\" content=\"https:\/\/lottemaa.ee\/fi\/paiva-lottemaassa\/esitysten-lyhyet-kuvaukset\/loten-ja-roosin-matka-kuuhun\/\" \/>\n<meta property=\"og:site_name\" content=\"Lottemaa Teemapark\" \/>\n<meta property=\"article:modified_time\" content=\"2023-06-16T10:51:02+00:00\" \/>\n<meta property=\"og:image\" content=\"https:\/\/lottemaa.ee\/wp-content\/uploads\/2023\/06\/etendused_kodukale_287X285_fin4.jpg\" \/>\n\t<meta property=\"og:image:width\" content=\"287\" \/>\n\t<meta property=\"og:image:height\" content=\"285\" \/>\n\t<meta property=\"og:image:type\" content=\"image\/jpeg\" \/>\n<meta name=\"twitter:card\" content=\"summary_large_image\" \/>\n<meta name=\"twitter:label1\" content=\"Arvioitu lukuaika\" \/>\n\t<meta name=\"twitter:data1\" content=\"1 minuutti\" \/>\n<script type=\"application\/ld+json\" class=\"yoast-schema-graph\">{\"@context\":\"https:\/\/schema.org\",\"@graph\":[{\"@type\":\"WebPage\",\"@id\":\"https:\/\/lottemaa.ee\/fi\/paiva-lottemaassa\/esitysten-lyhyet-kuvaukset\/loten-ja-roosin-matka-kuuhun\/\",\"url\":\"https:\/\/lottemaa.ee\/fi\/paiva-lottemaassa\/esitysten-lyhyet-kuvaukset\/loten-ja-roosin-matka-kuuhun\/\",\"name\":\"LOTEN JA ROOSIN MATKA KUUHUN | Lottemaa Teemapark\",\"isPartOf\":{\"@id\":\"https:\/\/lottemaa.ee\/#website\"},\"datePublished\":\"2023-06-14T06:52:26+00:00\",\"dateModified\":\"2023-06-16T10:51:02+00:00\",\"breadcrumb\":{\"@id\":\"https:\/\/lottemaa.ee\/fi\/paiva-lottemaassa\/esitysten-lyhyet-kuvaukset\/loten-ja-roosin-matka-kuuhun\/#breadcrumb\"},\"inLanguage\":\"fi\",\"potentialAction\":[{\"@type\":\"ReadAction\",\"target\":[\"https:\/\/lottemaa.ee\/fi\/paiva-lottemaassa\/esitysten-lyhyet-kuvaukset\/loten-ja-roosin-matka-kuuhun\/\"]}]},{\"@type\":\"BreadcrumbList\",\"@id\":\"https:\/\/lottemaa.ee\/fi\/paiva-lottemaassa\/esitysten-lyhyet-kuvaukset\/loten-ja-roosin-matka-kuuhun\/#breadcrumb\",\"itemListElement\":[{\"@type\":\"ListItem\",\"position\":1,\"name\":\"Home\",\"item\":\"https:\/\/lottemaa.ee\/fi\/\"},{\"@type\":\"ListItem\",\"position\":2,\"name\":\"P\u00e4iv\u00e4 Lottemaassa\",\"item\":\"https:\/\/lottemaa.ee\/fi\/paiva-lottemaassa\/\"},{\"@type\":\"ListItem\",\"position\":3,\"name\":\"Esitysten lyhyet kuvaukset\",\"item\":\"https:\/\/lottemaa.ee\/fi\/paiva-lottemaassa\/esitysten-lyhyet-kuvaukset\/\"},{\"@type\":\"ListItem\",\"position\":4,\"name\":\"LOTEN JA ROOSIN MATKA KUUHUN\"}]},{\"@type\":\"WebSite\",\"@id\":\"https:\/\/lottemaa.ee\/#website\",\"url\":\"https:\/\/lottemaa.ee\/\",\"name\":\"Lottemaa Teemapark\",\"description\":\"Baltimaade suurim ja k\u00f5ige \u00e4gedam kogupere teemapark Eestis P\u00e4rnumaal\",\"publisher\":{\"@id\":\"https:\/\/lottemaa.ee\/#organization\"},\"potentialAction\":[{\"@type\":\"SearchAction\",\"target\":{\"@type\":\"EntryPoint\",\"urlTemplate\":\"https:\/\/lottemaa.ee\/?s={search_term_string}\"},\"query-input\":{\"@type\":\"PropertyValueSpecification\",\"valueRequired\":true,\"valueName\":\"search_term_string\"}}],\"inLanguage\":\"fi\"},{\"@type\":\"Organization\",\"@id\":\"https:\/\/lottemaa.ee\/#organization\",\"name\":\"Lottemaa Teemapark\",\"url\":\"https:\/\/lottemaa.ee\/\",\"logo\":{\"@type\":\"ImageObject\",\"inLanguage\":\"fi\",\"@id\":\"https:\/\/lottemaa.ee\/#\/schema\/logo\/image\/\",\"url\":\"https:\/\/lottemaa.ee\/wp-content\/uploads\/2018\/12\/Lottemaa_LOGO.png\",\"contentUrl\":\"https:\/\/lottemaa.ee\/wp-content\/uploads\/2018\/12\/Lottemaa_LOGO.png\",\"width\":1024,\"height\":518,\"caption\":\"Lottemaa Teemapark\"},\"image\":{\"@id\":\"https:\/\/lottemaa.ee\/#\/schema\/logo\/image\/\"}}]}<\/script>\n<!-- \/ Yoast SEO plugin. -->","yoast_head_json":{"title":"LOTEN JA ROOSIN MATKA KUUHUN | Lottemaa Teemapark","robots":{"index":"index","follow":"follow","max-snippet":"max-snippet:-1","max-image-preview":"max-image-preview:large","max-video-preview":"max-video-preview:-1"},"canonical":"https:\/\/lottemaa.ee\/fi\/paiva-lottemaassa\/esitysten-lyhyet-kuvaukset\/loten-ja-roosin-matka-kuuhun\/","og_locale":"fi_FI","og_type":"article","og_title":"LOTEN JA ROOSIN MATKA KUUHUN | Lottemaa Teemapark","og_description":"klo 15.00 Aamu alkaa Keksij\u00e4kyl\u00e4ss\u00e4 tavanomaisesta poikkeavasti. Kyl\u00e4l\u00e4iset eiv\u00e4t ole nukkuneet hyvin y\u00f6ll\u00e4. Kuu n\u00e4ytti valtavalta kirkkaalta pannukakulta ja sielt\u00e4 kantautui outoja \u00e4\u00e4ni\u00e4. Adalbert-j\u00e4nis k\u00e4\u00e4ntelehti koko y\u00f6n kyljelt\u00e4 toiselle ja laski porkkanoita. Jaak-k\u00e4rp\u00e4nen py\u00f6ri niin paljon, ett\u00e4 my\u00f6sk\u00e4\u00e4n h\u00e4nen rakas puolisonsa Ruta ei saanut unta. Vanha kulkukoira Klaus istui matkalaukussaan ja pohdiskeli itsekseen, miten saada &hellip; Continued","og_url":"https:\/\/lottemaa.ee\/fi\/paiva-lottemaassa\/esitysten-lyhyet-kuvaukset\/loten-ja-roosin-matka-kuuhun\/","og_site_name":"Lottemaa Teemapark","article_modified_time":"2023-06-16T10:51:02+00:00","og_image":[{"width":287,"height":285,"url":"https:\/\/lottemaa.ee\/wp-content\/uploads\/2023\/06\/etendused_kodukale_287X285_fin4.jpg","type":"image\/jpeg"}],"twitter_card":"summary_large_image","twitter_misc":{"Arvioitu lukuaika":"1 minuutti"},"schema":{"@context":"https:\/\/schema.org","@graph":[{"@type":"WebPage","@id":"https:\/\/lottemaa.ee\/fi\/paiva-lottemaassa\/esitysten-lyhyet-kuvaukset\/loten-ja-roosin-matka-kuuhun\/","url":"https:\/\/lottemaa.ee\/fi\/paiva-lottemaassa\/esitysten-lyhyet-kuvaukset\/loten-ja-roosin-matka-kuuhun\/","name":"LOTEN JA ROOSIN MATKA KUUHUN | Lottemaa Teemapark","isPartOf":{"@id":"https:\/\/lottemaa.ee\/#website"},"datePublished":"2023-06-14T06:52:26+00:00","dateModified":"2023-06-16T10:51:02+00:00","breadcrumb":{"@id":"https:\/\/lottemaa.ee\/fi\/paiva-lottemaassa\/esitysten-lyhyet-kuvaukset\/loten-ja-roosin-matka-kuuhun\/#breadcrumb"},"inLanguage":"fi","potentialAction":[{"@type":"ReadAction","target":["https:\/\/lottemaa.ee\/fi\/paiva-lottemaassa\/esitysten-lyhyet-kuvaukset\/loten-ja-roosin-matka-kuuhun\/"]}]},{"@type":"BreadcrumbList","@id":"https:\/\/lottemaa.ee\/fi\/paiva-lottemaassa\/esitysten-lyhyet-kuvaukset\/loten-ja-roosin-matka-kuuhun\/#breadcrumb","itemListElement":[{"@type":"ListItem","position":1,"name":"Home","item":"https:\/\/lottemaa.ee\/fi\/"},{"@type":"ListItem","position":2,"name":"P\u00e4iv\u00e4 Lottemaassa","item":"https:\/\/lottemaa.ee\/fi\/paiva-lottemaassa\/"},{"@type":"ListItem","position":3,"name":"Esitysten lyhyet kuvaukset","item":"https:\/\/lottemaa.ee\/fi\/paiva-lottemaassa\/esitysten-lyhyet-kuvaukset\/"},{"@type":"ListItem","position":4,"name":"LOTEN JA ROOSIN MATKA KUUHUN"}]},{"@type":"WebSite","@id":"https:\/\/lottemaa.ee\/#website","url":"https:\/\/lottemaa.ee\/","name":"Lottemaa Teemapark","description":"Baltimaade suurim ja k\u00f5ige \u00e4gedam kogupere teemapark Eestis P\u00e4rnumaal","publisher":{"@id":"https:\/\/lottemaa.ee\/#organization"},"potentialAction":[{"@type":"SearchAction","target":{"@type":"EntryPoint","urlTemplate":"https:\/\/lottemaa.ee\/?s={search_term_string}"},"query-input":{"@type":"PropertyValueSpecification","valueRequired":true,"valueName":"search_term_string"}}],"inLanguage":"fi"},{"@type":"Organization","@id":"https:\/\/lottemaa.ee\/#organization","name":"Lottemaa Teemapark","url":"https:\/\/lottemaa.ee\/","logo":{"@type":"ImageObject","inLanguage":"fi","@id":"https:\/\/lottemaa.ee\/#\/schema\/logo\/image\/","url":"https:\/\/lottemaa.ee\/wp-content\/uploads\/2018\/12\/Lottemaa_LOGO.png","contentUrl":"https:\/\/lottemaa.ee\/wp-content\/uploads\/2018\/12\/Lottemaa_LOGO.png","width":1024,"height":518,"caption":"Lottemaa Teemapark"},"image":{"@id":"https:\/\/lottemaa.ee\/#\/schema\/logo\/image\/"}}]}},"_links":{"self":[{"href":"https:\/\/lottemaa.ee\/fi\/wp-json\/wp\/v2\/pages\/22353","targetHints":{"allow":["GET"]}}],"collection":[{"href":"https:\/\/lottemaa.ee\/fi\/wp-json\/wp\/v2\/pages"}],"about":[{"href":"https:\/\/lottemaa.ee\/fi\/wp-json\/wp\/v2\/types\/page"}],"author":[{"embeddable":true,"href":"https:\/\/lottemaa.ee\/fi\/wp-json\/wp\/v2\/users\/11"}],"replies":[{"embeddable":true,"href":"https:\/\/lottemaa.ee\/fi\/wp-json\/wp\/v2\/comments?post=22353"}],"version-history":[{"count":3,"href":"https:\/\/lottemaa.ee\/fi\/wp-json\/wp\/v2\/pages\/22353\/revisions"}],"predecessor-version":[{"id":22464,"href":"https:\/\/lottemaa.ee\/fi\/wp-json\/wp\/v2\/pages\/22353\/revisions\/22464"}],"up":[{"embeddable":true,"href":"https:\/\/lottemaa.ee\/fi\/wp-json\/wp\/v2\/pages\/22367"}],"wp:attachment":[{"href":"https:\/\/lottemaa.ee\/fi\/wp-json\/wp\/v2\/media?parent=22353"}],"curies":[{"name":"wp","href":"https:\/\/api.w.org\/{rel}","templated":true}]}}