{"id":22340,"date":"2023-06-13T18:08:44","date_gmt":"2023-06-13T15:08:44","guid":{"rendered":"https:\/\/lottemaa.ee\/?page_id=22340"},"modified":"2023-06-16T13:53:32","modified_gmt":"2023-06-16T10:53:32","slug":"stressaantunut-adalbert","status":"publish","type":"page","link":"https:\/\/lottemaa.ee\/fi\/esitysten-lyhyet-kuvaukset\/stressaantunut-adalbert\/","title":{"rendered":"STRESSAANTUNUT ADALBERT"},"content":{"rendered":"<h2 style=\"text-align: left;\"><span style=\"color: #0000ff;\">klo 17.00<\/span><\/h2>\n<p style=\"text-align: left;\"><span style=\"color: #000000;\">Avella on k\u00e4det t\u00e4ynn\u00e4 t\u00f6it\u00e4, voide yhdelle ja pilleri toiselle. Adalbert-j\u00e4nist\u00e4 vaivaa kuitenkin ennenkokematon ja raskas huoli. Jos Adalbertin el\u00e4m\u00e4 muutoin onkin yksinkertaista, hopsis hyppy sinne ja hupsis toinen takaisin, humps Oskarin vajaan ja hamps sielt\u00e4 takaisin, niin nyky\u00e4\u00e4n Adalbertin on hyvin vaikea p\u00e4\u00e4tt\u00e4\u00e4, mihin hyp\u00e4t\u00e4 tai kuinka korkealle loikata. Eik\u00e4 siin\u00e4 viel\u00e4 kaikki, Adalbertille ei my\u00f6sk\u00e4\u00e4n oikein maistu ruoka ja h\u00e4nen n\u00e4k\u00f6ns\u00e4 j\u00e4tt\u00e4\u00e4 paljon toivomisen varaa. Maailmassa ei kuitenkaan ole sellaista vaivaa, johon tohtori Avella ei olisi ratkaisua tai parannuskeinoa!<\/span><\/p>\n<h2 style=\"text-align: left;\">Sijainti: Tohtori Aven poliklinikka<\/h2>\n","protected":false},"excerpt":{"rendered":"<p>klo 17.00 Avella on k\u00e4det t\u00e4ynn\u00e4 t\u00f6it\u00e4, voide yhdelle ja pilleri toiselle. Adalbert-j\u00e4nist\u00e4 vaivaa kuitenkin ennenkokematon ja raskas huoli. Jos Adalbertin el\u00e4m\u00e4 muutoin onkin yksinkertaista, hopsis hyppy sinne ja hupsis toinen takaisin, humps Oskarin vajaan ja hamps sielt\u00e4 takaisin, niin nyky\u00e4\u00e4n Adalbertin on hyvin vaikea p\u00e4\u00e4tt\u00e4\u00e4, mihin hyp\u00e4t\u00e4 tai kuinka korkealle loikata. Eik\u00e4 siin\u00e4 viel\u00e4 &hellip; <a href=\"https:\/\/lottemaa.ee\/fi\/esitysten-lyhyet-kuvaukset\/stressaantunut-adalbert\/\">Continued<\/a><\/p>\n","protected":false},"author":11,"featured_media":0,"parent":22367,"menu_order":761,"comment_status":"closed","ping_status":"closed","template":"","meta":{"_acf_changed":false,"om_disable_all_campaigns":false,"_uf_show_specific_survey":0,"_uf_disable_surveys":false,"footnotes":""},"class_list":["post-22340","page","type-page","status-publish","hentry"],"acf":[],"yoast_head":"<!-- This site is optimized with the Yoast SEO plugin v25.5 - https:\/\/yoast.com\/wordpress\/plugins\/seo\/ -->\n<title>STRESSAANTUNUT ADALBERT | Lottemaa Teemapark<\/title>\n<meta name=\"robots\" content=\"index, follow, max-snippet:-1, max-image-preview:large, max-video-preview:-1\" \/>\n<link rel=\"canonical\" href=\"https:\/\/lottemaa.ee\/fi\/paiva-lottemaassa\/esitysten-lyhyet-kuvaukset\/stressaantunut-adalbert\/\" \/>\n<meta property=\"og:locale\" content=\"fi_FI\" \/>\n<meta property=\"og:type\" content=\"article\" \/>\n<meta property=\"og:title\" content=\"STRESSAANTUNUT ADALBERT | Lottemaa Teemapark\" \/>\n<meta property=\"og:description\" content=\"klo 17.00 Avella on k\u00e4det t\u00e4ynn\u00e4 t\u00f6it\u00e4, voide yhdelle ja pilleri toiselle. Adalbert-j\u00e4nist\u00e4 vaivaa kuitenkin ennenkokematon ja raskas huoli. Jos Adalbertin el\u00e4m\u00e4 muutoin onkin yksinkertaista, hopsis hyppy sinne ja hupsis toinen takaisin, humps Oskarin vajaan ja hamps sielt\u00e4 takaisin, niin nyky\u00e4\u00e4n Adalbertin on hyvin vaikea p\u00e4\u00e4tt\u00e4\u00e4, mihin hyp\u00e4t\u00e4 tai kuinka korkealle loikata. Eik\u00e4 siin\u00e4 viel\u00e4 &hellip; Continued\" \/>\n<meta property=\"og:url\" content=\"https:\/\/lottemaa.ee\/fi\/paiva-lottemaassa\/esitysten-lyhyet-kuvaukset\/stressaantunut-adalbert\/\" \/>\n<meta property=\"og:site_name\" content=\"Lottemaa Teemapark\" \/>\n<meta property=\"article:modified_time\" content=\"2023-06-16T10:53:32+00:00\" \/>\n<meta property=\"og:image\" content=\"https:\/\/lottemaa.ee\/wp-content\/uploads\/2023\/06\/etendused_kodukale_287X285_fin5.jpg\" \/>\n\t<meta property=\"og:image:width\" content=\"287\" \/>\n\t<meta property=\"og:image:height\" content=\"285\" \/>\n\t<meta property=\"og:image:type\" content=\"image\/jpeg\" \/>\n<meta name=\"twitter:card\" content=\"summary_large_image\" \/>\n<meta name=\"twitter:label1\" content=\"Arvioitu lukuaika\" \/>\n\t<meta name=\"twitter:data1\" content=\"1 minuutti\" \/>\n<script type=\"application\/ld+json\" class=\"yoast-schema-graph\">{\"@context\":\"https:\/\/schema.org\",\"@graph\":[{\"@type\":\"WebPage\",\"@id\":\"https:\/\/lottemaa.ee\/fi\/paiva-lottemaassa\/esitysten-lyhyet-kuvaukset\/stressaantunut-adalbert\/\",\"url\":\"https:\/\/lottemaa.ee\/fi\/paiva-lottemaassa\/esitysten-lyhyet-kuvaukset\/stressaantunut-adalbert\/\",\"name\":\"STRESSAANTUNUT ADALBERT | Lottemaa Teemapark\",\"isPartOf\":{\"@id\":\"https:\/\/lottemaa.ee\/#website\"},\"datePublished\":\"2023-06-13T15:08:44+00:00\",\"dateModified\":\"2023-06-16T10:53:32+00:00\",\"breadcrumb\":{\"@id\":\"https:\/\/lottemaa.ee\/fi\/paiva-lottemaassa\/esitysten-lyhyet-kuvaukset\/stressaantunut-adalbert\/#breadcrumb\"},\"inLanguage\":\"fi\",\"potentialAction\":[{\"@type\":\"ReadAction\",\"target\":[\"https:\/\/lottemaa.ee\/fi\/paiva-lottemaassa\/esitysten-lyhyet-kuvaukset\/stressaantunut-adalbert\/\"]}]},{\"@type\":\"BreadcrumbList\",\"@id\":\"https:\/\/lottemaa.ee\/fi\/paiva-lottemaassa\/esitysten-lyhyet-kuvaukset\/stressaantunut-adalbert\/#breadcrumb\",\"itemListElement\":[{\"@type\":\"ListItem\",\"position\":1,\"name\":\"Home\",\"item\":\"https:\/\/lottemaa.ee\/fi\/\"},{\"@type\":\"ListItem\",\"position\":2,\"name\":\"P\u00e4iv\u00e4 Lottemaassa\",\"item\":\"https:\/\/lottemaa.ee\/fi\/paiva-lottemaassa\/\"},{\"@type\":\"ListItem\",\"position\":3,\"name\":\"Esitysten lyhyet kuvaukset\",\"item\":\"https:\/\/lottemaa.ee\/fi\/paiva-lottemaassa\/esitysten-lyhyet-kuvaukset\/\"},{\"@type\":\"ListItem\",\"position\":4,\"name\":\"STRESSAANTUNUT ADALBERT\"}]},{\"@type\":\"WebSite\",\"@id\":\"https:\/\/lottemaa.ee\/#website\",\"url\":\"https:\/\/lottemaa.ee\/\",\"name\":\"Lottemaa Teemapark\",\"description\":\"Baltimaade suurim ja k\u00f5ige \u00e4gedam kogupere teemapark Eestis P\u00e4rnumaal\",\"publisher\":{\"@id\":\"https:\/\/lottemaa.ee\/#organization\"},\"potentialAction\":[{\"@type\":\"SearchAction\",\"target\":{\"@type\":\"EntryPoint\",\"urlTemplate\":\"https:\/\/lottemaa.ee\/?s={search_term_string}\"},\"query-input\":{\"@type\":\"PropertyValueSpecification\",\"valueRequired\":true,\"valueName\":\"search_term_string\"}}],\"inLanguage\":\"fi\"},{\"@type\":\"Organization\",\"@id\":\"https:\/\/lottemaa.ee\/#organization\",\"name\":\"Lottemaa Teemapark\",\"url\":\"https:\/\/lottemaa.ee\/\",\"logo\":{\"@type\":\"ImageObject\",\"inLanguage\":\"fi\",\"@id\":\"https:\/\/lottemaa.ee\/#\/schema\/logo\/image\/\",\"url\":\"https:\/\/lottemaa.ee\/wp-content\/uploads\/2018\/12\/Lottemaa_LOGO.png\",\"contentUrl\":\"https:\/\/lottemaa.ee\/wp-content\/uploads\/2018\/12\/Lottemaa_LOGO.png\",\"width\":1024,\"height\":518,\"caption\":\"Lottemaa Teemapark\"},\"image\":{\"@id\":\"https:\/\/lottemaa.ee\/#\/schema\/logo\/image\/\"}}]}<\/script>\n<!-- \/ Yoast SEO plugin. -->","yoast_head_json":{"title":"STRESSAANTUNUT ADALBERT | Lottemaa Teemapark","robots":{"index":"index","follow":"follow","max-snippet":"max-snippet:-1","max-image-preview":"max-image-preview:large","max-video-preview":"max-video-preview:-1"},"canonical":"https:\/\/lottemaa.ee\/fi\/paiva-lottemaassa\/esitysten-lyhyet-kuvaukset\/stressaantunut-adalbert\/","og_locale":"fi_FI","og_type":"article","og_title":"STRESSAANTUNUT ADALBERT | Lottemaa Teemapark","og_description":"klo 17.00 Avella on k\u00e4det t\u00e4ynn\u00e4 t\u00f6it\u00e4, voide yhdelle ja pilleri toiselle. Adalbert-j\u00e4nist\u00e4 vaivaa kuitenkin ennenkokematon ja raskas huoli. Jos Adalbertin el\u00e4m\u00e4 muutoin onkin yksinkertaista, hopsis hyppy sinne ja hupsis toinen takaisin, humps Oskarin vajaan ja hamps sielt\u00e4 takaisin, niin nyky\u00e4\u00e4n Adalbertin on hyvin vaikea p\u00e4\u00e4tt\u00e4\u00e4, mihin hyp\u00e4t\u00e4 tai kuinka korkealle loikata. Eik\u00e4 siin\u00e4 viel\u00e4 &hellip; Continued","og_url":"https:\/\/lottemaa.ee\/fi\/paiva-lottemaassa\/esitysten-lyhyet-kuvaukset\/stressaantunut-adalbert\/","og_site_name":"Lottemaa Teemapark","article_modified_time":"2023-06-16T10:53:32+00:00","og_image":[{"width":287,"height":285,"url":"https:\/\/lottemaa.ee\/wp-content\/uploads\/2023\/06\/etendused_kodukale_287X285_fin5.jpg","type":"image\/jpeg"}],"twitter_card":"summary_large_image","twitter_misc":{"Arvioitu lukuaika":"1 minuutti"},"schema":{"@context":"https:\/\/schema.org","@graph":[{"@type":"WebPage","@id":"https:\/\/lottemaa.ee\/fi\/paiva-lottemaassa\/esitysten-lyhyet-kuvaukset\/stressaantunut-adalbert\/","url":"https:\/\/lottemaa.ee\/fi\/paiva-lottemaassa\/esitysten-lyhyet-kuvaukset\/stressaantunut-adalbert\/","name":"STRESSAANTUNUT ADALBERT | Lottemaa Teemapark","isPartOf":{"@id":"https:\/\/lottemaa.ee\/#website"},"datePublished":"2023-06-13T15:08:44+00:00","dateModified":"2023-06-16T10:53:32+00:00","breadcrumb":{"@id":"https:\/\/lottemaa.ee\/fi\/paiva-lottemaassa\/esitysten-lyhyet-kuvaukset\/stressaantunut-adalbert\/#breadcrumb"},"inLanguage":"fi","potentialAction":[{"@type":"ReadAction","target":["https:\/\/lottemaa.ee\/fi\/paiva-lottemaassa\/esitysten-lyhyet-kuvaukset\/stressaantunut-adalbert\/"]}]},{"@type":"BreadcrumbList","@id":"https:\/\/lottemaa.ee\/fi\/paiva-lottemaassa\/esitysten-lyhyet-kuvaukset\/stressaantunut-adalbert\/#breadcrumb","itemListElement":[{"@type":"ListItem","position":1,"name":"Home","item":"https:\/\/lottemaa.ee\/fi\/"},{"@type":"ListItem","position":2,"name":"P\u00e4iv\u00e4 Lottemaassa","item":"https:\/\/lottemaa.ee\/fi\/paiva-lottemaassa\/"},{"@type":"ListItem","position":3,"name":"Esitysten lyhyet kuvaukset","item":"https:\/\/lottemaa.ee\/fi\/paiva-lottemaassa\/esitysten-lyhyet-kuvaukset\/"},{"@type":"ListItem","position":4,"name":"STRESSAANTUNUT ADALBERT"}]},{"@type":"WebSite","@id":"https:\/\/lottemaa.ee\/#website","url":"https:\/\/lottemaa.ee\/","name":"Lottemaa Teemapark","description":"Baltimaade suurim ja k\u00f5ige \u00e4gedam kogupere teemapark Eestis P\u00e4rnumaal","publisher":{"@id":"https:\/\/lottemaa.ee\/#organization"},"potentialAction":[{"@type":"SearchAction","target":{"@type":"EntryPoint","urlTemplate":"https:\/\/lottemaa.ee\/?s={search_term_string}"},"query-input":{"@type":"PropertyValueSpecification","valueRequired":true,"valueName":"search_term_string"}}],"inLanguage":"fi"},{"@type":"Organization","@id":"https:\/\/lottemaa.ee\/#organization","name":"Lottemaa Teemapark","url":"https:\/\/lottemaa.ee\/","logo":{"@type":"ImageObject","inLanguage":"fi","@id":"https:\/\/lottemaa.ee\/#\/schema\/logo\/image\/","url":"https:\/\/lottemaa.ee\/wp-content\/uploads\/2018\/12\/Lottemaa_LOGO.png","contentUrl":"https:\/\/lottemaa.ee\/wp-content\/uploads\/2018\/12\/Lottemaa_LOGO.png","width":1024,"height":518,"caption":"Lottemaa Teemapark"},"image":{"@id":"https:\/\/lottemaa.ee\/#\/schema\/logo\/image\/"}}]}},"_links":{"self":[{"href":"https:\/\/lottemaa.ee\/fi\/wp-json\/wp\/v2\/pages\/22340","targetHints":{"allow":["GET"]}}],"collection":[{"href":"https:\/\/lottemaa.ee\/fi\/wp-json\/wp\/v2\/pages"}],"about":[{"href":"https:\/\/lottemaa.ee\/fi\/wp-json\/wp\/v2\/types\/page"}],"author":[{"embeddable":true,"href":"https:\/\/lottemaa.ee\/fi\/wp-json\/wp\/v2\/users\/11"}],"replies":[{"embeddable":true,"href":"https:\/\/lottemaa.ee\/fi\/wp-json\/wp\/v2\/comments?post=22340"}],"version-history":[{"count":5,"href":"https:\/\/lottemaa.ee\/fi\/wp-json\/wp\/v2\/pages\/22340\/revisions"}],"predecessor-version":[{"id":22468,"href":"https:\/\/lottemaa.ee\/fi\/wp-json\/wp\/v2\/pages\/22340\/revisions\/22468"}],"up":[{"embeddable":true,"href":"https:\/\/lottemaa.ee\/fi\/wp-json\/wp\/v2\/pages\/22367"}],"wp:attachment":[{"href":"https:\/\/lottemaa.ee\/fi\/wp-json\/wp\/v2\/media?parent=22340"}],"curies":[{"name":"wp","href":"https:\/\/api.w.org\/{rel}","templated":true}]}}