{"id":22329,"date":"2023-06-13T16:54:20","date_gmt":"2023-06-13T13:54:20","guid":{"rendered":"https:\/\/lottemaa.ee\/?page_id=22329"},"modified":"2023-06-16T13:48:34","modified_gmt":"2023-06-16T10:48:34","slug":"pyykkipaiva","status":"publish","type":"page","link":"https:\/\/lottemaa.ee\/fi\/esitysten-lyhyet-kuvaukset\/pyykkipaiva\/","title":{"rendered":"PYYKKIP\u00c4IV\u00c4"},"content":{"rendered":"<h2 style=\"text-align: left;\"><span style=\"color: #0000ff;\">Klo 14.00<\/span><\/h2>\n<p style=\"text-align: left;\"><span style=\"color: #000000;\">Kettu- ja possuperheess\u00e4 on pyykkip\u00e4iv\u00e4. Julia ja Helmi ovat koko pitk\u00e4n p\u00e4iv\u00e4n pesseet ahkerasti perheens\u00e4 pyykki\u00e4, mutta samaan aikaan Giovanni on keksinyt eritt\u00e4in j\u00e4nnitt\u00e4v\u00e4n keksinn\u00f6n. Pikkupossut sen sijaan ovat keksineet pyykkipojista lennokin ja t\u00f6m\u00e4ht\u00e4neet sill\u00e4 alas katolta. Lis\u00e4ksi kaiken yll\u00e4 leijuu edelleen kysymys: &#8221;Mit\u00e4 t\u00e4ll\u00e4 kaikella on tekemist\u00e4 kuun ja siell\u00e4 tapahtuvan kanssa?&#8221;<\/span><\/p>\n<h2 style=\"text-align: left;\">Sijainti: Giovannin talon terassi<\/h2>\n","protected":false},"excerpt":{"rendered":"<p>Klo 14.00 Kettu- ja possuperheess\u00e4 on pyykkip\u00e4iv\u00e4. Julia ja Helmi ovat koko pitk\u00e4n p\u00e4iv\u00e4n pesseet ahkerasti perheens\u00e4 pyykki\u00e4, mutta samaan aikaan Giovanni on keksinyt eritt\u00e4in j\u00e4nnitt\u00e4v\u00e4n keksinn\u00f6n. Pikkupossut sen sijaan ovat keksineet pyykkipojista lennokin ja t\u00f6m\u00e4ht\u00e4neet sill\u00e4 alas katolta. Lis\u00e4ksi kaiken yll\u00e4 leijuu edelleen kysymys: &#8221;Mit\u00e4 t\u00e4ll\u00e4 kaikella on tekemist\u00e4 kuun ja siell\u00e4 tapahtuvan kanssa?&#8221; &hellip; <a href=\"https:\/\/lottemaa.ee\/fi\/esitysten-lyhyet-kuvaukset\/pyykkipaiva\/\">Continued<\/a><\/p>\n","protected":false},"author":11,"featured_media":0,"parent":22367,"menu_order":736,"comment_status":"closed","ping_status":"closed","template":"","meta":{"_acf_changed":false,"om_disable_all_campaigns":false,"_uf_show_specific_survey":0,"_uf_disable_surveys":false,"footnotes":""},"class_list":["post-22329","page","type-page","status-publish","hentry"],"acf":[],"yoast_head":"<!-- This site is optimized with the Yoast SEO plugin v25.5 - https:\/\/yoast.com\/wordpress\/plugins\/seo\/ -->\n<title>PYYKKIP\u00c4IV\u00c4 | Lottemaa Teemapark<\/title>\n<meta name=\"robots\" content=\"index, follow, max-snippet:-1, max-image-preview:large, max-video-preview:-1\" \/>\n<link rel=\"canonical\" href=\"https:\/\/lottemaa.ee\/fi\/paiva-lottemaassa\/esitysten-lyhyet-kuvaukset\/pyykkipaiva\/\" \/>\n<meta property=\"og:locale\" content=\"fi_FI\" \/>\n<meta property=\"og:type\" content=\"article\" \/>\n<meta property=\"og:title\" content=\"PYYKKIP\u00c4IV\u00c4 | Lottemaa Teemapark\" \/>\n<meta property=\"og:description\" content=\"Klo 14.00 Kettu- ja possuperheess\u00e4 on pyykkip\u00e4iv\u00e4. Julia ja Helmi ovat koko pitk\u00e4n p\u00e4iv\u00e4n pesseet ahkerasti perheens\u00e4 pyykki\u00e4, mutta samaan aikaan Giovanni on keksinyt eritt\u00e4in j\u00e4nnitt\u00e4v\u00e4n keksinn\u00f6n. Pikkupossut sen sijaan ovat keksineet pyykkipojista lennokin ja t\u00f6m\u00e4ht\u00e4neet sill\u00e4 alas katolta. Lis\u00e4ksi kaiken yll\u00e4 leijuu edelleen kysymys: &#8221;Mit\u00e4 t\u00e4ll\u00e4 kaikella on tekemist\u00e4 kuun ja siell\u00e4 tapahtuvan kanssa?&#8221; &hellip; Continued\" \/>\n<meta property=\"og:url\" content=\"https:\/\/lottemaa.ee\/fi\/paiva-lottemaassa\/esitysten-lyhyet-kuvaukset\/pyykkipaiva\/\" \/>\n<meta property=\"og:site_name\" content=\"Lottemaa Teemapark\" \/>\n<meta property=\"article:modified_time\" content=\"2023-06-16T10:48:34+00:00\" \/>\n<meta property=\"og:image\" content=\"https:\/\/lottemaa.ee\/wp-content\/uploads\/2023\/06\/etendused_kodukale_287X285_fin3.jpg\" \/>\n\t<meta property=\"og:image:width\" content=\"287\" \/>\n\t<meta property=\"og:image:height\" content=\"285\" \/>\n\t<meta property=\"og:image:type\" content=\"image\/jpeg\" \/>\n<meta name=\"twitter:card\" content=\"summary_large_image\" \/>\n<meta name=\"twitter:label1\" content=\"Arvioitu lukuaika\" \/>\n\t<meta name=\"twitter:data1\" content=\"1 minuutti\" \/>\n<script type=\"application\/ld+json\" class=\"yoast-schema-graph\">{\"@context\":\"https:\/\/schema.org\",\"@graph\":[{\"@type\":\"WebPage\",\"@id\":\"https:\/\/lottemaa.ee\/fi\/paiva-lottemaassa\/esitysten-lyhyet-kuvaukset\/pyykkipaiva\/\",\"url\":\"https:\/\/lottemaa.ee\/fi\/paiva-lottemaassa\/esitysten-lyhyet-kuvaukset\/pyykkipaiva\/\",\"name\":\"PYYKKIP\u00c4IV\u00c4 | Lottemaa Teemapark\",\"isPartOf\":{\"@id\":\"https:\/\/lottemaa.ee\/#website\"},\"datePublished\":\"2023-06-13T13:54:20+00:00\",\"dateModified\":\"2023-06-16T10:48:34+00:00\",\"breadcrumb\":{\"@id\":\"https:\/\/lottemaa.ee\/fi\/paiva-lottemaassa\/esitysten-lyhyet-kuvaukset\/pyykkipaiva\/#breadcrumb\"},\"inLanguage\":\"fi\",\"potentialAction\":[{\"@type\":\"ReadAction\",\"target\":[\"https:\/\/lottemaa.ee\/fi\/paiva-lottemaassa\/esitysten-lyhyet-kuvaukset\/pyykkipaiva\/\"]}]},{\"@type\":\"BreadcrumbList\",\"@id\":\"https:\/\/lottemaa.ee\/fi\/paiva-lottemaassa\/esitysten-lyhyet-kuvaukset\/pyykkipaiva\/#breadcrumb\",\"itemListElement\":[{\"@type\":\"ListItem\",\"position\":1,\"name\":\"Home\",\"item\":\"https:\/\/lottemaa.ee\/fi\/\"},{\"@type\":\"ListItem\",\"position\":2,\"name\":\"P\u00e4iv\u00e4 Lottemaassa\",\"item\":\"https:\/\/lottemaa.ee\/fi\/paiva-lottemaassa\/\"},{\"@type\":\"ListItem\",\"position\":3,\"name\":\"Esitysten lyhyet kuvaukset\",\"item\":\"https:\/\/lottemaa.ee\/fi\/paiva-lottemaassa\/esitysten-lyhyet-kuvaukset\/\"},{\"@type\":\"ListItem\",\"position\":4,\"name\":\"PYYKKIP\u00c4IV\u00c4\"}]},{\"@type\":\"WebSite\",\"@id\":\"https:\/\/lottemaa.ee\/#website\",\"url\":\"https:\/\/lottemaa.ee\/\",\"name\":\"Lottemaa Teemapark\",\"description\":\"Baltimaade suurim ja k\u00f5ige \u00e4gedam kogupere teemapark Eestis P\u00e4rnumaal\",\"publisher\":{\"@id\":\"https:\/\/lottemaa.ee\/#organization\"},\"potentialAction\":[{\"@type\":\"SearchAction\",\"target\":{\"@type\":\"EntryPoint\",\"urlTemplate\":\"https:\/\/lottemaa.ee\/?s={search_term_string}\"},\"query-input\":{\"@type\":\"PropertyValueSpecification\",\"valueRequired\":true,\"valueName\":\"search_term_string\"}}],\"inLanguage\":\"fi\"},{\"@type\":\"Organization\",\"@id\":\"https:\/\/lottemaa.ee\/#organization\",\"name\":\"Lottemaa Teemapark\",\"url\":\"https:\/\/lottemaa.ee\/\",\"logo\":{\"@type\":\"ImageObject\",\"inLanguage\":\"fi\",\"@id\":\"https:\/\/lottemaa.ee\/#\/schema\/logo\/image\/\",\"url\":\"https:\/\/lottemaa.ee\/wp-content\/uploads\/2018\/12\/Lottemaa_LOGO.png\",\"contentUrl\":\"https:\/\/lottemaa.ee\/wp-content\/uploads\/2018\/12\/Lottemaa_LOGO.png\",\"width\":1024,\"height\":518,\"caption\":\"Lottemaa Teemapark\"},\"image\":{\"@id\":\"https:\/\/lottemaa.ee\/#\/schema\/logo\/image\/\"}}]}<\/script>\n<!-- \/ Yoast SEO plugin. -->","yoast_head_json":{"title":"PYYKKIP\u00c4IV\u00c4 | Lottemaa Teemapark","robots":{"index":"index","follow":"follow","max-snippet":"max-snippet:-1","max-image-preview":"max-image-preview:large","max-video-preview":"max-video-preview:-1"},"canonical":"https:\/\/lottemaa.ee\/fi\/paiva-lottemaassa\/esitysten-lyhyet-kuvaukset\/pyykkipaiva\/","og_locale":"fi_FI","og_type":"article","og_title":"PYYKKIP\u00c4IV\u00c4 | Lottemaa Teemapark","og_description":"Klo 14.00 Kettu- ja possuperheess\u00e4 on pyykkip\u00e4iv\u00e4. Julia ja Helmi ovat koko pitk\u00e4n p\u00e4iv\u00e4n pesseet ahkerasti perheens\u00e4 pyykki\u00e4, mutta samaan aikaan Giovanni on keksinyt eritt\u00e4in j\u00e4nnitt\u00e4v\u00e4n keksinn\u00f6n. Pikkupossut sen sijaan ovat keksineet pyykkipojista lennokin ja t\u00f6m\u00e4ht\u00e4neet sill\u00e4 alas katolta. Lis\u00e4ksi kaiken yll\u00e4 leijuu edelleen kysymys: &#8221;Mit\u00e4 t\u00e4ll\u00e4 kaikella on tekemist\u00e4 kuun ja siell\u00e4 tapahtuvan kanssa?&#8221; &hellip; Continued","og_url":"https:\/\/lottemaa.ee\/fi\/paiva-lottemaassa\/esitysten-lyhyet-kuvaukset\/pyykkipaiva\/","og_site_name":"Lottemaa Teemapark","article_modified_time":"2023-06-16T10:48:34+00:00","og_image":[{"width":287,"height":285,"url":"https:\/\/lottemaa.ee\/wp-content\/uploads\/2023\/06\/etendused_kodukale_287X285_fin3.jpg","type":"image\/jpeg"}],"twitter_card":"summary_large_image","twitter_misc":{"Arvioitu lukuaika":"1 minuutti"},"schema":{"@context":"https:\/\/schema.org","@graph":[{"@type":"WebPage","@id":"https:\/\/lottemaa.ee\/fi\/paiva-lottemaassa\/esitysten-lyhyet-kuvaukset\/pyykkipaiva\/","url":"https:\/\/lottemaa.ee\/fi\/paiva-lottemaassa\/esitysten-lyhyet-kuvaukset\/pyykkipaiva\/","name":"PYYKKIP\u00c4IV\u00c4 | Lottemaa Teemapark","isPartOf":{"@id":"https:\/\/lottemaa.ee\/#website"},"datePublished":"2023-06-13T13:54:20+00:00","dateModified":"2023-06-16T10:48:34+00:00","breadcrumb":{"@id":"https:\/\/lottemaa.ee\/fi\/paiva-lottemaassa\/esitysten-lyhyet-kuvaukset\/pyykkipaiva\/#breadcrumb"},"inLanguage":"fi","potentialAction":[{"@type":"ReadAction","target":["https:\/\/lottemaa.ee\/fi\/paiva-lottemaassa\/esitysten-lyhyet-kuvaukset\/pyykkipaiva\/"]}]},{"@type":"BreadcrumbList","@id":"https:\/\/lottemaa.ee\/fi\/paiva-lottemaassa\/esitysten-lyhyet-kuvaukset\/pyykkipaiva\/#breadcrumb","itemListElement":[{"@type":"ListItem","position":1,"name":"Home","item":"https:\/\/lottemaa.ee\/fi\/"},{"@type":"ListItem","position":2,"name":"P\u00e4iv\u00e4 Lottemaassa","item":"https:\/\/lottemaa.ee\/fi\/paiva-lottemaassa\/"},{"@type":"ListItem","position":3,"name":"Esitysten lyhyet kuvaukset","item":"https:\/\/lottemaa.ee\/fi\/paiva-lottemaassa\/esitysten-lyhyet-kuvaukset\/"},{"@type":"ListItem","position":4,"name":"PYYKKIP\u00c4IV\u00c4"}]},{"@type":"WebSite","@id":"https:\/\/lottemaa.ee\/#website","url":"https:\/\/lottemaa.ee\/","name":"Lottemaa Teemapark","description":"Baltimaade suurim ja k\u00f5ige \u00e4gedam kogupere teemapark Eestis P\u00e4rnumaal","publisher":{"@id":"https:\/\/lottemaa.ee\/#organization"},"potentialAction":[{"@type":"SearchAction","target":{"@type":"EntryPoint","urlTemplate":"https:\/\/lottemaa.ee\/?s={search_term_string}"},"query-input":{"@type":"PropertyValueSpecification","valueRequired":true,"valueName":"search_term_string"}}],"inLanguage":"fi"},{"@type":"Organization","@id":"https:\/\/lottemaa.ee\/#organization","name":"Lottemaa Teemapark","url":"https:\/\/lottemaa.ee\/","logo":{"@type":"ImageObject","inLanguage":"fi","@id":"https:\/\/lottemaa.ee\/#\/schema\/logo\/image\/","url":"https:\/\/lottemaa.ee\/wp-content\/uploads\/2018\/12\/Lottemaa_LOGO.png","contentUrl":"https:\/\/lottemaa.ee\/wp-content\/uploads\/2018\/12\/Lottemaa_LOGO.png","width":1024,"height":518,"caption":"Lottemaa Teemapark"},"image":{"@id":"https:\/\/lottemaa.ee\/#\/schema\/logo\/image\/"}}]}},"_links":{"self":[{"href":"https:\/\/lottemaa.ee\/fi\/wp-json\/wp\/v2\/pages\/22329","targetHints":{"allow":["GET"]}}],"collection":[{"href":"https:\/\/lottemaa.ee\/fi\/wp-json\/wp\/v2\/pages"}],"about":[{"href":"https:\/\/lottemaa.ee\/fi\/wp-json\/wp\/v2\/types\/page"}],"author":[{"embeddable":true,"href":"https:\/\/lottemaa.ee\/fi\/wp-json\/wp\/v2\/users\/11"}],"replies":[{"embeddable":true,"href":"https:\/\/lottemaa.ee\/fi\/wp-json\/wp\/v2\/comments?post=22329"}],"version-history":[{"count":2,"href":"https:\/\/lottemaa.ee\/fi\/wp-json\/wp\/v2\/pages\/22329\/revisions"}],"predecessor-version":[{"id":22460,"href":"https:\/\/lottemaa.ee\/fi\/wp-json\/wp\/v2\/pages\/22329\/revisions\/22460"}],"up":[{"embeddable":true,"href":"https:\/\/lottemaa.ee\/fi\/wp-json\/wp\/v2\/pages\/22367"}],"wp:attachment":[{"href":"https:\/\/lottemaa.ee\/fi\/wp-json\/wp\/v2\/media?parent=22329"}],"curies":[{"name":"wp","href":"https:\/\/api.w.org\/{rel}","templated":true}]}}