{"id":22321,"date":"2023-06-13T16:06:51","date_gmt":"2023-06-13T13:06:51","guid":{"rendered":"https:\/\/lottemaa.ee\/?page_id=22321"},"modified":"2023-06-16T13:45:32","modified_gmt":"2023-06-16T10:45:32","slug":"salaperainen-kuu","status":"publish","type":"page","link":"https:\/\/lottemaa.ee\/fi\/esitysten-lyhyet-kuvaukset\/salaperainen-kuu\/","title":{"rendered":"SALAPER\u00c4INEN KUU"},"content":{"rendered":"<h2 style=\"text-align: left;\"><span style=\"color: #0000ff;\">Klo 13.00<\/span><\/h2>\n<p style=\"text-align: left;\"><span style=\"color: #000000;\">Vanhat yst\u00e4v\u00e4t ja naapurit Klaus ja Leo eiv\u00e4t saaneet y\u00f6ll\u00e4 unta. Kuu vaikutti jotenkin kummalliselta. Aamulla yst\u00e4v\u00e4t ovat hieman \u00e4re\u00e4ll\u00e4 tuulella ja p\u00e4\u00e4tt\u00e4v\u00e4t ottaa pienet nokoset. T\u00e4ll\u00e4 v\u00e4lin kyl\u00e4n l\u00e4pi sattuvat lent\u00e4m\u00e4\u00e4n rauta-ankat Pauliine ja Hubert. Hubert haluaa tikkukaramellin, ja yhdess\u00e4 he p\u00e4\u00e4tt\u00e4v\u00e4t lent\u00e4\u00e4 Australiaan. Joltakin kengurulta l\u00f6ytyy varmasti tikkukaramelleja vatsapussistaan. Kun Klaus ja Leo her\u00e4\u00e4v\u00e4t, ankat ovat jo lent\u00e4neet tiehens\u00e4, mutta vanhoilla yst\u00e4vill\u00e4 on edelleen ratkaisematta arvoitus siit\u00e4, mit\u00e4 kuussa tapahtuu!<\/span><\/p>\n<h2 style=\"text-align: left;\">Sijainti: Klausin reissuaukio<\/h2>\n","protected":false},"excerpt":{"rendered":"<p>Klo 13.00 Vanhat yst\u00e4v\u00e4t ja naapurit Klaus ja Leo eiv\u00e4t saaneet y\u00f6ll\u00e4 unta. Kuu vaikutti jotenkin kummalliselta. Aamulla yst\u00e4v\u00e4t ovat hieman \u00e4re\u00e4ll\u00e4 tuulella ja p\u00e4\u00e4tt\u00e4v\u00e4t ottaa pienet nokoset. T\u00e4ll\u00e4 v\u00e4lin kyl\u00e4n l\u00e4pi sattuvat lent\u00e4m\u00e4\u00e4n rauta-ankat Pauliine ja Hubert. Hubert haluaa tikkukaramellin, ja yhdess\u00e4 he p\u00e4\u00e4tt\u00e4v\u00e4t lent\u00e4\u00e4 Australiaan. Joltakin kengurulta l\u00f6ytyy varmasti tikkukaramelleja vatsapussistaan. Kun Klaus &hellip; <a href=\"https:\/\/lottemaa.ee\/fi\/esitysten-lyhyet-kuvaukset\/salaperainen-kuu\/\">Continued<\/a><\/p>\n","protected":false},"author":11,"featured_media":0,"parent":22367,"menu_order":694,"comment_status":"closed","ping_status":"closed","template":"","meta":{"_acf_changed":false,"om_disable_all_campaigns":false,"_uf_show_specific_survey":0,"_uf_disable_surveys":false,"footnotes":""},"class_list":["post-22321","page","type-page","status-publish","hentry"],"acf":[],"yoast_head":"<!-- This site is optimized with the Yoast SEO plugin v25.5 - https:\/\/yoast.com\/wordpress\/plugins\/seo\/ -->\n<title>SALAPER\u00c4INEN KUU | Lottemaa Teemapark<\/title>\n<meta name=\"robots\" content=\"index, follow, max-snippet:-1, max-image-preview:large, max-video-preview:-1\" \/>\n<link rel=\"canonical\" href=\"https:\/\/lottemaa.ee\/fi\/paiva-lottemaassa\/esitysten-lyhyet-kuvaukset\/salaperainen-kuu\/\" \/>\n<meta property=\"og:locale\" content=\"fi_FI\" \/>\n<meta property=\"og:type\" content=\"article\" \/>\n<meta property=\"og:title\" content=\"SALAPER\u00c4INEN KUU | Lottemaa Teemapark\" \/>\n<meta property=\"og:description\" content=\"Klo 13.00 Vanhat yst\u00e4v\u00e4t ja naapurit Klaus ja Leo eiv\u00e4t saaneet y\u00f6ll\u00e4 unta. Kuu vaikutti jotenkin kummalliselta. Aamulla yst\u00e4v\u00e4t ovat hieman \u00e4re\u00e4ll\u00e4 tuulella ja p\u00e4\u00e4tt\u00e4v\u00e4t ottaa pienet nokoset. T\u00e4ll\u00e4 v\u00e4lin kyl\u00e4n l\u00e4pi sattuvat lent\u00e4m\u00e4\u00e4n rauta-ankat Pauliine ja Hubert. Hubert haluaa tikkukaramellin, ja yhdess\u00e4 he p\u00e4\u00e4tt\u00e4v\u00e4t lent\u00e4\u00e4 Australiaan. Joltakin kengurulta l\u00f6ytyy varmasti tikkukaramelleja vatsapussistaan. Kun Klaus &hellip; Continued\" \/>\n<meta property=\"og:url\" content=\"https:\/\/lottemaa.ee\/fi\/paiva-lottemaassa\/esitysten-lyhyet-kuvaukset\/salaperainen-kuu\/\" \/>\n<meta property=\"og:site_name\" content=\"Lottemaa Teemapark\" \/>\n<meta property=\"article:modified_time\" content=\"2023-06-16T10:45:32+00:00\" \/>\n<meta property=\"og:image\" content=\"https:\/\/lottemaa.ee\/wp-content\/uploads\/2023\/06\/etendused_kodukale_287X285_fin2.jpg\" \/>\n\t<meta property=\"og:image:width\" content=\"287\" \/>\n\t<meta property=\"og:image:height\" content=\"285\" \/>\n\t<meta property=\"og:image:type\" content=\"image\/jpeg\" \/>\n<meta name=\"twitter:card\" content=\"summary_large_image\" \/>\n<meta name=\"twitter:label1\" content=\"Arvioitu lukuaika\" \/>\n\t<meta name=\"twitter:data1\" content=\"1 minuutti\" \/>\n<script type=\"application\/ld+json\" class=\"yoast-schema-graph\">{\"@context\":\"https:\/\/schema.org\",\"@graph\":[{\"@type\":\"WebPage\",\"@id\":\"https:\/\/lottemaa.ee\/fi\/paiva-lottemaassa\/esitysten-lyhyet-kuvaukset\/salaperainen-kuu\/\",\"url\":\"https:\/\/lottemaa.ee\/fi\/paiva-lottemaassa\/esitysten-lyhyet-kuvaukset\/salaperainen-kuu\/\",\"name\":\"SALAPER\u00c4INEN KUU | Lottemaa Teemapark\",\"isPartOf\":{\"@id\":\"https:\/\/lottemaa.ee\/#website\"},\"datePublished\":\"2023-06-13T13:06:51+00:00\",\"dateModified\":\"2023-06-16T10:45:32+00:00\",\"breadcrumb\":{\"@id\":\"https:\/\/lottemaa.ee\/fi\/paiva-lottemaassa\/esitysten-lyhyet-kuvaukset\/salaperainen-kuu\/#breadcrumb\"},\"inLanguage\":\"fi\",\"potentialAction\":[{\"@type\":\"ReadAction\",\"target\":[\"https:\/\/lottemaa.ee\/fi\/paiva-lottemaassa\/esitysten-lyhyet-kuvaukset\/salaperainen-kuu\/\"]}]},{\"@type\":\"BreadcrumbList\",\"@id\":\"https:\/\/lottemaa.ee\/fi\/paiva-lottemaassa\/esitysten-lyhyet-kuvaukset\/salaperainen-kuu\/#breadcrumb\",\"itemListElement\":[{\"@type\":\"ListItem\",\"position\":1,\"name\":\"Home\",\"item\":\"https:\/\/lottemaa.ee\/fi\/\"},{\"@type\":\"ListItem\",\"position\":2,\"name\":\"P\u00e4iv\u00e4 Lottemaassa\",\"item\":\"https:\/\/lottemaa.ee\/fi\/paiva-lottemaassa\/\"},{\"@type\":\"ListItem\",\"position\":3,\"name\":\"Esitysten lyhyet kuvaukset\",\"item\":\"https:\/\/lottemaa.ee\/fi\/paiva-lottemaassa\/esitysten-lyhyet-kuvaukset\/\"},{\"@type\":\"ListItem\",\"position\":4,\"name\":\"SALAPER\u00c4INEN KUU\"}]},{\"@type\":\"WebSite\",\"@id\":\"https:\/\/lottemaa.ee\/#website\",\"url\":\"https:\/\/lottemaa.ee\/\",\"name\":\"Lottemaa Teemapark\",\"description\":\"Baltimaade suurim ja k\u00f5ige \u00e4gedam kogupere teemapark Eestis P\u00e4rnumaal\",\"publisher\":{\"@id\":\"https:\/\/lottemaa.ee\/#organization\"},\"potentialAction\":[{\"@type\":\"SearchAction\",\"target\":{\"@type\":\"EntryPoint\",\"urlTemplate\":\"https:\/\/lottemaa.ee\/?s={search_term_string}\"},\"query-input\":{\"@type\":\"PropertyValueSpecification\",\"valueRequired\":true,\"valueName\":\"search_term_string\"}}],\"inLanguage\":\"fi\"},{\"@type\":\"Organization\",\"@id\":\"https:\/\/lottemaa.ee\/#organization\",\"name\":\"Lottemaa Teemapark\",\"url\":\"https:\/\/lottemaa.ee\/\",\"logo\":{\"@type\":\"ImageObject\",\"inLanguage\":\"fi\",\"@id\":\"https:\/\/lottemaa.ee\/#\/schema\/logo\/image\/\",\"url\":\"https:\/\/lottemaa.ee\/wp-content\/uploads\/2018\/12\/Lottemaa_LOGO.png\",\"contentUrl\":\"https:\/\/lottemaa.ee\/wp-content\/uploads\/2018\/12\/Lottemaa_LOGO.png\",\"width\":1024,\"height\":518,\"caption\":\"Lottemaa Teemapark\"},\"image\":{\"@id\":\"https:\/\/lottemaa.ee\/#\/schema\/logo\/image\/\"}}]}<\/script>\n<!-- \/ Yoast SEO plugin. -->","yoast_head_json":{"title":"SALAPER\u00c4INEN KUU | Lottemaa Teemapark","robots":{"index":"index","follow":"follow","max-snippet":"max-snippet:-1","max-image-preview":"max-image-preview:large","max-video-preview":"max-video-preview:-1"},"canonical":"https:\/\/lottemaa.ee\/fi\/paiva-lottemaassa\/esitysten-lyhyet-kuvaukset\/salaperainen-kuu\/","og_locale":"fi_FI","og_type":"article","og_title":"SALAPER\u00c4INEN KUU | Lottemaa Teemapark","og_description":"Klo 13.00 Vanhat yst\u00e4v\u00e4t ja naapurit Klaus ja Leo eiv\u00e4t saaneet y\u00f6ll\u00e4 unta. Kuu vaikutti jotenkin kummalliselta. Aamulla yst\u00e4v\u00e4t ovat hieman \u00e4re\u00e4ll\u00e4 tuulella ja p\u00e4\u00e4tt\u00e4v\u00e4t ottaa pienet nokoset. T\u00e4ll\u00e4 v\u00e4lin kyl\u00e4n l\u00e4pi sattuvat lent\u00e4m\u00e4\u00e4n rauta-ankat Pauliine ja Hubert. Hubert haluaa tikkukaramellin, ja yhdess\u00e4 he p\u00e4\u00e4tt\u00e4v\u00e4t lent\u00e4\u00e4 Australiaan. Joltakin kengurulta l\u00f6ytyy varmasti tikkukaramelleja vatsapussistaan. Kun Klaus &hellip; Continued","og_url":"https:\/\/lottemaa.ee\/fi\/paiva-lottemaassa\/esitysten-lyhyet-kuvaukset\/salaperainen-kuu\/","og_site_name":"Lottemaa Teemapark","article_modified_time":"2023-06-16T10:45:32+00:00","og_image":[{"width":287,"height":285,"url":"https:\/\/lottemaa.ee\/wp-content\/uploads\/2023\/06\/etendused_kodukale_287X285_fin2.jpg","type":"image\/jpeg"}],"twitter_card":"summary_large_image","twitter_misc":{"Arvioitu lukuaika":"1 minuutti"},"schema":{"@context":"https:\/\/schema.org","@graph":[{"@type":"WebPage","@id":"https:\/\/lottemaa.ee\/fi\/paiva-lottemaassa\/esitysten-lyhyet-kuvaukset\/salaperainen-kuu\/","url":"https:\/\/lottemaa.ee\/fi\/paiva-lottemaassa\/esitysten-lyhyet-kuvaukset\/salaperainen-kuu\/","name":"SALAPER\u00c4INEN KUU | Lottemaa Teemapark","isPartOf":{"@id":"https:\/\/lottemaa.ee\/#website"},"datePublished":"2023-06-13T13:06:51+00:00","dateModified":"2023-06-16T10:45:32+00:00","breadcrumb":{"@id":"https:\/\/lottemaa.ee\/fi\/paiva-lottemaassa\/esitysten-lyhyet-kuvaukset\/salaperainen-kuu\/#breadcrumb"},"inLanguage":"fi","potentialAction":[{"@type":"ReadAction","target":["https:\/\/lottemaa.ee\/fi\/paiva-lottemaassa\/esitysten-lyhyet-kuvaukset\/salaperainen-kuu\/"]}]},{"@type":"BreadcrumbList","@id":"https:\/\/lottemaa.ee\/fi\/paiva-lottemaassa\/esitysten-lyhyet-kuvaukset\/salaperainen-kuu\/#breadcrumb","itemListElement":[{"@type":"ListItem","position":1,"name":"Home","item":"https:\/\/lottemaa.ee\/fi\/"},{"@type":"ListItem","position":2,"name":"P\u00e4iv\u00e4 Lottemaassa","item":"https:\/\/lottemaa.ee\/fi\/paiva-lottemaassa\/"},{"@type":"ListItem","position":3,"name":"Esitysten lyhyet kuvaukset","item":"https:\/\/lottemaa.ee\/fi\/paiva-lottemaassa\/esitysten-lyhyet-kuvaukset\/"},{"@type":"ListItem","position":4,"name":"SALAPER\u00c4INEN KUU"}]},{"@type":"WebSite","@id":"https:\/\/lottemaa.ee\/#website","url":"https:\/\/lottemaa.ee\/","name":"Lottemaa Teemapark","description":"Baltimaade suurim ja k\u00f5ige \u00e4gedam kogupere teemapark Eestis P\u00e4rnumaal","publisher":{"@id":"https:\/\/lottemaa.ee\/#organization"},"potentialAction":[{"@type":"SearchAction","target":{"@type":"EntryPoint","urlTemplate":"https:\/\/lottemaa.ee\/?s={search_term_string}"},"query-input":{"@type":"PropertyValueSpecification","valueRequired":true,"valueName":"search_term_string"}}],"inLanguage":"fi"},{"@type":"Organization","@id":"https:\/\/lottemaa.ee\/#organization","name":"Lottemaa Teemapark","url":"https:\/\/lottemaa.ee\/","logo":{"@type":"ImageObject","inLanguage":"fi","@id":"https:\/\/lottemaa.ee\/#\/schema\/logo\/image\/","url":"https:\/\/lottemaa.ee\/wp-content\/uploads\/2018\/12\/Lottemaa_LOGO.png","contentUrl":"https:\/\/lottemaa.ee\/wp-content\/uploads\/2018\/12\/Lottemaa_LOGO.png","width":1024,"height":518,"caption":"Lottemaa Teemapark"},"image":{"@id":"https:\/\/lottemaa.ee\/#\/schema\/logo\/image\/"}}]}},"_links":{"self":[{"href":"https:\/\/lottemaa.ee\/fi\/wp-json\/wp\/v2\/pages\/22321","targetHints":{"allow":["GET"]}}],"collection":[{"href":"https:\/\/lottemaa.ee\/fi\/wp-json\/wp\/v2\/pages"}],"about":[{"href":"https:\/\/lottemaa.ee\/fi\/wp-json\/wp\/v2\/types\/page"}],"author":[{"embeddable":true,"href":"https:\/\/lottemaa.ee\/fi\/wp-json\/wp\/v2\/users\/11"}],"replies":[{"embeddable":true,"href":"https:\/\/lottemaa.ee\/fi\/wp-json\/wp\/v2\/comments?post=22321"}],"version-history":[{"count":2,"href":"https:\/\/lottemaa.ee\/fi\/wp-json\/wp\/v2\/pages\/22321\/revisions"}],"predecessor-version":[{"id":22456,"href":"https:\/\/lottemaa.ee\/fi\/wp-json\/wp\/v2\/pages\/22321\/revisions\/22456"}],"up":[{"embeddable":true,"href":"https:\/\/lottemaa.ee\/fi\/wp-json\/wp\/v2\/pages\/22367"}],"wp:attachment":[{"href":"https:\/\/lottemaa.ee\/fi\/wp-json\/wp\/v2\/media?parent=22321"}],"curies":[{"name":"wp","href":"https:\/\/api.w.org\/{rel}","templated":true}]}}