{"id":22313,"date":"2023-06-13T15:14:51","date_gmt":"2023-06-13T12:14:51","guid":{"rendered":"https:\/\/lottemaa.ee\/?page_id=22313"},"modified":"2023-06-16T13:30:04","modified_gmt":"2023-06-16T10:30:04","slug":"mielenkiintoinen-keksinto","status":"publish","type":"page","link":"https:\/\/lottemaa.ee\/fi\/esitysten-lyhyet-kuvaukset\/mielenkiintoinen-keksinto\/","title":{"rendered":"MIELENKIINTOINEN KEKSINT\u00d6"},"content":{"rendered":"<h2 style=\"text-align: left;\"><span style=\"color: #0000ff;\">Klo 12.00<\/span><\/h2>\n<p style=\"text-align: left;\"><span style=\"color: #000000;\">Keksij\u00e4kyl\u00e4\u00e4n on y\u00f6n aikana noussut ihmeellinen rakennus. Adalbert-j\u00e4nis on nukkunut viime y\u00f6n\u00e4 huonosti ja kiertelee aamuvarhain ymp\u00e4ri Keksij\u00e4kyl\u00e4\u00e4 etsim\u00e4ss\u00e4 tekemist\u00e4. Kun h\u00e4n n\u00e4kee ihmeellisen ja j\u00e4nnitt\u00e4v\u00e4n keksinn\u00f6n, h\u00e4n ei heti k\u00e4sit\u00e4, onko se raketti, lentokone vai jotain muuta. Totuus kuitenkin selvi\u00e4\u00e4 pian, sill\u00e4 keksinn\u00f6n parissa h\u00e4\u00e4rii j\u00e4\u00e4karhu Alex, joka ei my\u00f6sk\u00e4\u00e4n ole saanut y\u00f6ll\u00e4 unta, vaan on sen sijaan keksinyt uuden ja j\u00e4nnitt\u00e4v\u00e4n keksinn\u00f6n. T\u00e4m\u00e4 keksint\u00f6 on eritt\u00e4in tarpeellinen koko kyl\u00e4lle, koska se voi tuottaa s\u00e4hk\u00f6\u00e4.<\/span><\/p>\n<h2 style=\"text-align: left;\">Sijainti: Alexin voimala<\/h2>\n","protected":false},"excerpt":{"rendered":"<p>Klo 12.00 Keksij\u00e4kyl\u00e4\u00e4n on y\u00f6n aikana noussut ihmeellinen rakennus. Adalbert-j\u00e4nis on nukkunut viime y\u00f6n\u00e4 huonosti ja kiertelee aamuvarhain ymp\u00e4ri Keksij\u00e4kyl\u00e4\u00e4 etsim\u00e4ss\u00e4 tekemist\u00e4. Kun h\u00e4n n\u00e4kee ihmeellisen ja j\u00e4nnitt\u00e4v\u00e4n keksinn\u00f6n, h\u00e4n ei heti k\u00e4sit\u00e4, onko se raketti, lentokone vai jotain muuta. Totuus kuitenkin selvi\u00e4\u00e4 pian, sill\u00e4 keksinn\u00f6n parissa h\u00e4\u00e4rii j\u00e4\u00e4karhu Alex, joka ei my\u00f6sk\u00e4\u00e4n ole saanut &hellip; <a href=\"https:\/\/lottemaa.ee\/fi\/esitysten-lyhyet-kuvaukset\/mielenkiintoinen-keksinto\/\">Continued<\/a><\/p>\n","protected":false},"author":11,"featured_media":0,"parent":22367,"menu_order":739,"comment_status":"closed","ping_status":"closed","template":"","meta":{"_acf_changed":false,"om_disable_all_campaigns":false,"_uf_show_specific_survey":0,"_uf_disable_surveys":false,"footnotes":""},"class_list":["post-22313","page","type-page","status-publish","hentry"],"acf":[],"yoast_head":"<!-- This site is optimized with the Yoast SEO plugin v25.5 - https:\/\/yoast.com\/wordpress\/plugins\/seo\/ -->\n<title>MIELENKIINTOINEN KEKSINT\u00d6 | Lottemaa Teemapark<\/title>\n<meta name=\"robots\" content=\"index, follow, max-snippet:-1, max-image-preview:large, max-video-preview:-1\" \/>\n<link rel=\"canonical\" href=\"https:\/\/lottemaa.ee\/fi\/paiva-lottemaassa\/esitysten-lyhyet-kuvaukset\/mielenkiintoinen-keksinto\/\" \/>\n<meta property=\"og:locale\" content=\"fi_FI\" \/>\n<meta property=\"og:type\" content=\"article\" \/>\n<meta property=\"og:title\" content=\"MIELENKIINTOINEN KEKSINT\u00d6 | Lottemaa Teemapark\" \/>\n<meta property=\"og:description\" content=\"Klo 12.00 Keksij\u00e4kyl\u00e4\u00e4n on y\u00f6n aikana noussut ihmeellinen rakennus. Adalbert-j\u00e4nis on nukkunut viime y\u00f6n\u00e4 huonosti ja kiertelee aamuvarhain ymp\u00e4ri Keksij\u00e4kyl\u00e4\u00e4 etsim\u00e4ss\u00e4 tekemist\u00e4. Kun h\u00e4n n\u00e4kee ihmeellisen ja j\u00e4nnitt\u00e4v\u00e4n keksinn\u00f6n, h\u00e4n ei heti k\u00e4sit\u00e4, onko se raketti, lentokone vai jotain muuta. Totuus kuitenkin selvi\u00e4\u00e4 pian, sill\u00e4 keksinn\u00f6n parissa h\u00e4\u00e4rii j\u00e4\u00e4karhu Alex, joka ei my\u00f6sk\u00e4\u00e4n ole saanut &hellip; Continued\" \/>\n<meta property=\"og:url\" content=\"https:\/\/lottemaa.ee\/fi\/paiva-lottemaassa\/esitysten-lyhyet-kuvaukset\/mielenkiintoinen-keksinto\/\" \/>\n<meta property=\"og:site_name\" content=\"Lottemaa Teemapark\" \/>\n<meta property=\"article:modified_time\" content=\"2023-06-16T10:30:04+00:00\" \/>\n<meta property=\"og:image\" content=\"https:\/\/lottemaa.ee\/wp-content\/uploads\/2023\/06\/etendused_kodukale_287X285_fin.jpg\" \/>\n\t<meta property=\"og:image:width\" content=\"287\" \/>\n\t<meta property=\"og:image:height\" content=\"285\" \/>\n\t<meta property=\"og:image:type\" content=\"image\/jpeg\" \/>\n<meta name=\"twitter:card\" content=\"summary_large_image\" \/>\n<meta name=\"twitter:label1\" content=\"Arvioitu lukuaika\" \/>\n\t<meta name=\"twitter:data1\" content=\"1 minuutti\" \/>\n<script type=\"application\/ld+json\" class=\"yoast-schema-graph\">{\"@context\":\"https:\/\/schema.org\",\"@graph\":[{\"@type\":\"WebPage\",\"@id\":\"https:\/\/lottemaa.ee\/fi\/paiva-lottemaassa\/esitysten-lyhyet-kuvaukset\/mielenkiintoinen-keksinto\/\",\"url\":\"https:\/\/lottemaa.ee\/fi\/paiva-lottemaassa\/esitysten-lyhyet-kuvaukset\/mielenkiintoinen-keksinto\/\",\"name\":\"MIELENKIINTOINEN KEKSINT\u00d6 | Lottemaa Teemapark\",\"isPartOf\":{\"@id\":\"https:\/\/lottemaa.ee\/#website\"},\"datePublished\":\"2023-06-13T12:14:51+00:00\",\"dateModified\":\"2023-06-16T10:30:04+00:00\",\"breadcrumb\":{\"@id\":\"https:\/\/lottemaa.ee\/fi\/paiva-lottemaassa\/esitysten-lyhyet-kuvaukset\/mielenkiintoinen-keksinto\/#breadcrumb\"},\"inLanguage\":\"fi\",\"potentialAction\":[{\"@type\":\"ReadAction\",\"target\":[\"https:\/\/lottemaa.ee\/fi\/paiva-lottemaassa\/esitysten-lyhyet-kuvaukset\/mielenkiintoinen-keksinto\/\"]}]},{\"@type\":\"BreadcrumbList\",\"@id\":\"https:\/\/lottemaa.ee\/fi\/paiva-lottemaassa\/esitysten-lyhyet-kuvaukset\/mielenkiintoinen-keksinto\/#breadcrumb\",\"itemListElement\":[{\"@type\":\"ListItem\",\"position\":1,\"name\":\"Home\",\"item\":\"https:\/\/lottemaa.ee\/fi\/\"},{\"@type\":\"ListItem\",\"position\":2,\"name\":\"P\u00e4iv\u00e4 Lottemaassa\",\"item\":\"https:\/\/lottemaa.ee\/fi\/paiva-lottemaassa\/\"},{\"@type\":\"ListItem\",\"position\":3,\"name\":\"Esitysten lyhyet kuvaukset\",\"item\":\"https:\/\/lottemaa.ee\/fi\/paiva-lottemaassa\/esitysten-lyhyet-kuvaukset\/\"},{\"@type\":\"ListItem\",\"position\":4,\"name\":\"MIELENKIINTOINEN KEKSINT\u00d6\"}]},{\"@type\":\"WebSite\",\"@id\":\"https:\/\/lottemaa.ee\/#website\",\"url\":\"https:\/\/lottemaa.ee\/\",\"name\":\"Lottemaa Teemapark\",\"description\":\"Baltimaade suurim ja k\u00f5ige \u00e4gedam kogupere teemapark Eestis P\u00e4rnumaal\",\"publisher\":{\"@id\":\"https:\/\/lottemaa.ee\/#organization\"},\"potentialAction\":[{\"@type\":\"SearchAction\",\"target\":{\"@type\":\"EntryPoint\",\"urlTemplate\":\"https:\/\/lottemaa.ee\/?s={search_term_string}\"},\"query-input\":{\"@type\":\"PropertyValueSpecification\",\"valueRequired\":true,\"valueName\":\"search_term_string\"}}],\"inLanguage\":\"fi\"},{\"@type\":\"Organization\",\"@id\":\"https:\/\/lottemaa.ee\/#organization\",\"name\":\"Lottemaa Teemapark\",\"url\":\"https:\/\/lottemaa.ee\/\",\"logo\":{\"@type\":\"ImageObject\",\"inLanguage\":\"fi\",\"@id\":\"https:\/\/lottemaa.ee\/#\/schema\/logo\/image\/\",\"url\":\"https:\/\/lottemaa.ee\/wp-content\/uploads\/2018\/12\/Lottemaa_LOGO.png\",\"contentUrl\":\"https:\/\/lottemaa.ee\/wp-content\/uploads\/2018\/12\/Lottemaa_LOGO.png\",\"width\":1024,\"height\":518,\"caption\":\"Lottemaa Teemapark\"},\"image\":{\"@id\":\"https:\/\/lottemaa.ee\/#\/schema\/logo\/image\/\"}}]}<\/script>\n<!-- \/ Yoast SEO plugin. -->","yoast_head_json":{"title":"MIELENKIINTOINEN KEKSINT\u00d6 | Lottemaa Teemapark","robots":{"index":"index","follow":"follow","max-snippet":"max-snippet:-1","max-image-preview":"max-image-preview:large","max-video-preview":"max-video-preview:-1"},"canonical":"https:\/\/lottemaa.ee\/fi\/paiva-lottemaassa\/esitysten-lyhyet-kuvaukset\/mielenkiintoinen-keksinto\/","og_locale":"fi_FI","og_type":"article","og_title":"MIELENKIINTOINEN KEKSINT\u00d6 | Lottemaa Teemapark","og_description":"Klo 12.00 Keksij\u00e4kyl\u00e4\u00e4n on y\u00f6n aikana noussut ihmeellinen rakennus. Adalbert-j\u00e4nis on nukkunut viime y\u00f6n\u00e4 huonosti ja kiertelee aamuvarhain ymp\u00e4ri Keksij\u00e4kyl\u00e4\u00e4 etsim\u00e4ss\u00e4 tekemist\u00e4. Kun h\u00e4n n\u00e4kee ihmeellisen ja j\u00e4nnitt\u00e4v\u00e4n keksinn\u00f6n, h\u00e4n ei heti k\u00e4sit\u00e4, onko se raketti, lentokone vai jotain muuta. Totuus kuitenkin selvi\u00e4\u00e4 pian, sill\u00e4 keksinn\u00f6n parissa h\u00e4\u00e4rii j\u00e4\u00e4karhu Alex, joka ei my\u00f6sk\u00e4\u00e4n ole saanut &hellip; Continued","og_url":"https:\/\/lottemaa.ee\/fi\/paiva-lottemaassa\/esitysten-lyhyet-kuvaukset\/mielenkiintoinen-keksinto\/","og_site_name":"Lottemaa Teemapark","article_modified_time":"2023-06-16T10:30:04+00:00","og_image":[{"width":287,"height":285,"url":"https:\/\/lottemaa.ee\/wp-content\/uploads\/2023\/06\/etendused_kodukale_287X285_fin.jpg","type":"image\/jpeg"}],"twitter_card":"summary_large_image","twitter_misc":{"Arvioitu lukuaika":"1 minuutti"},"schema":{"@context":"https:\/\/schema.org","@graph":[{"@type":"WebPage","@id":"https:\/\/lottemaa.ee\/fi\/paiva-lottemaassa\/esitysten-lyhyet-kuvaukset\/mielenkiintoinen-keksinto\/","url":"https:\/\/lottemaa.ee\/fi\/paiva-lottemaassa\/esitysten-lyhyet-kuvaukset\/mielenkiintoinen-keksinto\/","name":"MIELENKIINTOINEN KEKSINT\u00d6 | Lottemaa Teemapark","isPartOf":{"@id":"https:\/\/lottemaa.ee\/#website"},"datePublished":"2023-06-13T12:14:51+00:00","dateModified":"2023-06-16T10:30:04+00:00","breadcrumb":{"@id":"https:\/\/lottemaa.ee\/fi\/paiva-lottemaassa\/esitysten-lyhyet-kuvaukset\/mielenkiintoinen-keksinto\/#breadcrumb"},"inLanguage":"fi","potentialAction":[{"@type":"ReadAction","target":["https:\/\/lottemaa.ee\/fi\/paiva-lottemaassa\/esitysten-lyhyet-kuvaukset\/mielenkiintoinen-keksinto\/"]}]},{"@type":"BreadcrumbList","@id":"https:\/\/lottemaa.ee\/fi\/paiva-lottemaassa\/esitysten-lyhyet-kuvaukset\/mielenkiintoinen-keksinto\/#breadcrumb","itemListElement":[{"@type":"ListItem","position":1,"name":"Home","item":"https:\/\/lottemaa.ee\/fi\/"},{"@type":"ListItem","position":2,"name":"P\u00e4iv\u00e4 Lottemaassa","item":"https:\/\/lottemaa.ee\/fi\/paiva-lottemaassa\/"},{"@type":"ListItem","position":3,"name":"Esitysten lyhyet kuvaukset","item":"https:\/\/lottemaa.ee\/fi\/paiva-lottemaassa\/esitysten-lyhyet-kuvaukset\/"},{"@type":"ListItem","position":4,"name":"MIELENKIINTOINEN KEKSINT\u00d6"}]},{"@type":"WebSite","@id":"https:\/\/lottemaa.ee\/#website","url":"https:\/\/lottemaa.ee\/","name":"Lottemaa Teemapark","description":"Baltimaade suurim ja k\u00f5ige \u00e4gedam kogupere teemapark Eestis P\u00e4rnumaal","publisher":{"@id":"https:\/\/lottemaa.ee\/#organization"},"potentialAction":[{"@type":"SearchAction","target":{"@type":"EntryPoint","urlTemplate":"https:\/\/lottemaa.ee\/?s={search_term_string}"},"query-input":{"@type":"PropertyValueSpecification","valueRequired":true,"valueName":"search_term_string"}}],"inLanguage":"fi"},{"@type":"Organization","@id":"https:\/\/lottemaa.ee\/#organization","name":"Lottemaa Teemapark","url":"https:\/\/lottemaa.ee\/","logo":{"@type":"ImageObject","inLanguage":"fi","@id":"https:\/\/lottemaa.ee\/#\/schema\/logo\/image\/","url":"https:\/\/lottemaa.ee\/wp-content\/uploads\/2018\/12\/Lottemaa_LOGO.png","contentUrl":"https:\/\/lottemaa.ee\/wp-content\/uploads\/2018\/12\/Lottemaa_LOGO.png","width":1024,"height":518,"caption":"Lottemaa Teemapark"},"image":{"@id":"https:\/\/lottemaa.ee\/#\/schema\/logo\/image\/"}}]}},"_links":{"self":[{"href":"https:\/\/lottemaa.ee\/fi\/wp-json\/wp\/v2\/pages\/22313","targetHints":{"allow":["GET"]}}],"collection":[{"href":"https:\/\/lottemaa.ee\/fi\/wp-json\/wp\/v2\/pages"}],"about":[{"href":"https:\/\/lottemaa.ee\/fi\/wp-json\/wp\/v2\/types\/page"}],"author":[{"embeddable":true,"href":"https:\/\/lottemaa.ee\/fi\/wp-json\/wp\/v2\/users\/11"}],"replies":[{"embeddable":true,"href":"https:\/\/lottemaa.ee\/fi\/wp-json\/wp\/v2\/comments?post=22313"}],"version-history":[{"count":4,"href":"https:\/\/lottemaa.ee\/fi\/wp-json\/wp\/v2\/pages\/22313\/revisions"}],"predecessor-version":[{"id":22453,"href":"https:\/\/lottemaa.ee\/fi\/wp-json\/wp\/v2\/pages\/22313\/revisions\/22453"}],"up":[{"embeddable":true,"href":"https:\/\/lottemaa.ee\/fi\/wp-json\/wp\/v2\/pages\/22367"}],"wp:attachment":[{"href":"https:\/\/lottemaa.ee\/fi\/wp-json\/wp\/v2\/media?parent=22313"}],"curies":[{"name":"wp","href":"https:\/\/api.w.org\/{rel}","templated":true}]}}