{"id":22150,"date":"2023-06-11T15:27:44","date_gmt":"2023-06-11T12:27:44","guid":{"rendered":"https:\/\/lottemaa.ee\/?page_id=22150"},"modified":"2024-09-26T16:36:18","modified_gmt":"2024-09-26T13:36:18","slug":"rakastavaisten-silta","status":"publish","type":"page","link":"https:\/\/lottemaa.ee\/fi\/paiva-lottemaassa\/talot-ja-toiminnot\/rakastavaisten-silta\/","title":{"rendered":"Rakastavaisten silta"},"content":{"rendered":"<p style=\"text-align: left;\"><span lang=\"FI\">Rakastavaisten silta on Keksij\u00e4kyl\u00e4ss\u00e4 t\u00e4rke\u00e4 paikka, sill\u00e4 sinne kaikki Keksij\u00e4kyl\u00e4n nuoret rakastavaiset tulevat yhdess\u00e4 katsomaan auringonlaskua tai -nousua. Joskus sillalla voi olla yhtaikaa monta pariskuntaa, mutta rakkauden sokaisemat n\u00e4kev\u00e4t vain toisensa. Tietysti my\u00f6s kaikki Keksij\u00e4kyl\u00e4n lapset juoksevat kiljuen sillalle, sill\u00e4 sen alla el\u00e4vi\u00e4 kaloja pit\u00e4\u00e4 k\u00e4yd\u00e4 tervehtim\u00e4ss\u00e4 joka p\u00e4iv\u00e4. Kalat opiskelevat sillan alla innokkaasti matematiikkaa, koska se on niin hauskaa. Illalla kalojen on oltava selvill\u00e4 siit\u00e4, miten monta paria sillalla on k\u00e4ynyt p\u00e4iv\u00e4n aikana. Koska joskus rakastavaisia p\u00e4\u00e4tyy sillalle my\u00f6s y\u00f6ll\u00e4 haaveilemaan ja katsomaan t\u00e4hti\u00e4 yhdess\u00e4, kalojen matematiikka on kerrassaan monimutkaista tiedett\u00e4.<\/span><\/p>\n","protected":false},"excerpt":{"rendered":"<p>Rakastavaisten silta on Keksij\u00e4kyl\u00e4ss\u00e4 t\u00e4rke\u00e4 paikka, sill\u00e4 sinne kaikki Keksij\u00e4kyl\u00e4n nuoret rakastavaiset tulevat yhdess\u00e4 katsomaan auringonlaskua tai -nousua. Joskus sillalla voi olla yhtaikaa monta pariskuntaa, mutta rakkauden sokaisemat n\u00e4kev\u00e4t vain toisensa. Tietysti my\u00f6s kaikki Keksij\u00e4kyl\u00e4n lapset juoksevat kiljuen sillalle, sill\u00e4 sen alla el\u00e4vi\u00e4 kaloja pit\u00e4\u00e4 k\u00e4yd\u00e4 tervehtim\u00e4ss\u00e4 joka p\u00e4iv\u00e4. Kalat opiskelevat sillan alla innokkaasti matematiikkaa, &hellip; <a href=\"https:\/\/lottemaa.ee\/fi\/paiva-lottemaassa\/talot-ja-toiminnot\/rakastavaisten-silta\/\">Continued<\/a><\/p>\n","protected":false},"author":11,"featured_media":22144,"parent":1189,"menu_order":725,"comment_status":"closed","ping_status":"closed","template":"","meta":{"_acf_changed":false,"om_disable_all_campaigns":false,"_uf_show_specific_survey":0,"_uf_disable_surveys":false,"footnotes":""},"class_list":["post-22150","page","type-page","status-publish","has-post-thumbnail","hentry"],"acf":[],"yoast_head":"<!-- This site is optimized with the Yoast SEO plugin v25.5 - https:\/\/yoast.com\/wordpress\/plugins\/seo\/ -->\n<title>Rakastavaisten silta | Lottemaa Teemapark<\/title>\n<meta name=\"description\" content=\"Rakastavaisten silta on Keksij\u00e4kyl\u00e4ss\u00e4 t\u00e4rke\u00e4 paikka, sill\u00e4 sinne kaikki Keksij\u00e4kyl\u00e4n nuoret rakastavaiset tulevat yhdess\u00e4 katsomaan auringonlaskua tai -nousua.\" \/>\n<meta name=\"robots\" content=\"index, follow, max-snippet:-1, max-image-preview:large, max-video-preview:-1\" \/>\n<link rel=\"canonical\" href=\"https:\/\/lottemaa.ee\/fi\/paiva-lottemaassa\/talot-ja-toiminnot\/rakastavaisten-silta\/\" \/>\n<meta property=\"og:locale\" content=\"fi_FI\" \/>\n<meta property=\"og:type\" content=\"article\" \/>\n<meta property=\"og:title\" content=\"Rakastavaisten silta | Lottemaa Teemapark\" \/>\n<meta property=\"og:description\" content=\"Rakastavaisten silta on Keksij\u00e4kyl\u00e4ss\u00e4 t\u00e4rke\u00e4 paikka, sill\u00e4 sinne kaikki Keksij\u00e4kyl\u00e4n nuoret rakastavaiset tulevat yhdess\u00e4 katsomaan auringonlaskua tai -nousua.\" \/>\n<meta property=\"og:url\" content=\"https:\/\/lottemaa.ee\/fi\/paiva-lottemaassa\/talot-ja-toiminnot\/rakastavaisten-silta\/\" \/>\n<meta property=\"og:site_name\" content=\"Lottemaa Teemapark\" \/>\n<meta property=\"article:modified_time\" content=\"2024-09-26T13:36:18+00:00\" \/>\n<meta property=\"og:image\" content=\"https:\/\/lottemaa.ee\/wp-content\/uploads\/2023\/06\/DSC_7294-scaled.jpg\" \/>\n\t<meta property=\"og:image:width\" content=\"2560\" \/>\n\t<meta property=\"og:image:height\" content=\"1696\" \/>\n\t<meta property=\"og:image:type\" content=\"image\/jpeg\" \/>\n<meta name=\"twitter:card\" content=\"summary_large_image\" \/>\n<meta name=\"twitter:label1\" content=\"Arvioitu lukuaika\" \/>\n\t<meta name=\"twitter:data1\" content=\"1 minuutti\" \/>\n<script type=\"application\/ld+json\" class=\"yoast-schema-graph\">{\"@context\":\"https:\/\/schema.org\",\"@graph\":[{\"@type\":\"WebPage\",\"@id\":\"https:\/\/lottemaa.ee\/fi\/paiva-lottemaassa\/talot-ja-toiminnot\/rakastavaisten-silta\/\",\"url\":\"https:\/\/lottemaa.ee\/fi\/paiva-lottemaassa\/talot-ja-toiminnot\/rakastavaisten-silta\/\",\"name\":\"Rakastavaisten silta | Lottemaa Teemapark\",\"isPartOf\":{\"@id\":\"https:\/\/lottemaa.ee\/#website\"},\"primaryImageOfPage\":{\"@id\":\"https:\/\/lottemaa.ee\/fi\/paiva-lottemaassa\/talot-ja-toiminnot\/rakastavaisten-silta\/#primaryimage\"},\"image\":{\"@id\":\"https:\/\/lottemaa.ee\/fi\/paiva-lottemaassa\/talot-ja-toiminnot\/rakastavaisten-silta\/#primaryimage\"},\"thumbnailUrl\":\"https:\/\/lottemaa.ee\/wp-content\/uploads\/2023\/06\/DSC_7294-scaled.jpg\",\"datePublished\":\"2023-06-11T12:27:44+00:00\",\"dateModified\":\"2024-09-26T13:36:18+00:00\",\"description\":\"Rakastavaisten silta on Keksij\u00e4kyl\u00e4ss\u00e4 t\u00e4rke\u00e4 paikka, sill\u00e4 sinne kaikki Keksij\u00e4kyl\u00e4n nuoret rakastavaiset tulevat yhdess\u00e4 katsomaan auringonlaskua tai -nousua.\",\"breadcrumb\":{\"@id\":\"https:\/\/lottemaa.ee\/fi\/paiva-lottemaassa\/talot-ja-toiminnot\/rakastavaisten-silta\/#breadcrumb\"},\"inLanguage\":\"fi\",\"potentialAction\":[{\"@type\":\"ReadAction\",\"target\":[\"https:\/\/lottemaa.ee\/fi\/paiva-lottemaassa\/talot-ja-toiminnot\/rakastavaisten-silta\/\"]}]},{\"@type\":\"ImageObject\",\"inLanguage\":\"fi\",\"@id\":\"https:\/\/lottemaa.ee\/fi\/paiva-lottemaassa\/talot-ja-toiminnot\/rakastavaisten-silta\/#primaryimage\",\"url\":\"https:\/\/lottemaa.ee\/wp-content\/uploads\/2023\/06\/DSC_7294-scaled.jpg\",\"contentUrl\":\"https:\/\/lottemaa.ee\/wp-content\/uploads\/2023\/06\/DSC_7294-scaled.jpg\",\"width\":2560,\"height\":1696},{\"@type\":\"BreadcrumbList\",\"@id\":\"https:\/\/lottemaa.ee\/fi\/paiva-lottemaassa\/talot-ja-toiminnot\/rakastavaisten-silta\/#breadcrumb\",\"itemListElement\":[{\"@type\":\"ListItem\",\"position\":1,\"name\":\"Home\",\"item\":\"https:\/\/lottemaa.ee\/fi\/\"},{\"@type\":\"ListItem\",\"position\":2,\"name\":\"P\u00e4iv\u00e4 Lottemaassa\",\"item\":\"https:\/\/lottemaa.ee\/fi\/paiva-lottemaassa\/\"},{\"@type\":\"ListItem\",\"position\":3,\"name\":\"Talot ja toiminnot\",\"item\":\"https:\/\/lottemaa.ee\/fi\/paiva-lottemaassa\/talot-ja-toiminnot\/\"},{\"@type\":\"ListItem\",\"position\":4,\"name\":\"Rakastavaisten silta\"}]},{\"@type\":\"WebSite\",\"@id\":\"https:\/\/lottemaa.ee\/#website\",\"url\":\"https:\/\/lottemaa.ee\/\",\"name\":\"Lottemaa Teemapark\",\"description\":\"Baltimaade suurim ja k\u00f5ige \u00e4gedam kogupere teemapark Eestis P\u00e4rnumaal\",\"publisher\":{\"@id\":\"https:\/\/lottemaa.ee\/#organization\"},\"potentialAction\":[{\"@type\":\"SearchAction\",\"target\":{\"@type\":\"EntryPoint\",\"urlTemplate\":\"https:\/\/lottemaa.ee\/?s={search_term_string}\"},\"query-input\":{\"@type\":\"PropertyValueSpecification\",\"valueRequired\":true,\"valueName\":\"search_term_string\"}}],\"inLanguage\":\"fi\"},{\"@type\":\"Organization\",\"@id\":\"https:\/\/lottemaa.ee\/#organization\",\"name\":\"Lottemaa Teemapark\",\"url\":\"https:\/\/lottemaa.ee\/\",\"logo\":{\"@type\":\"ImageObject\",\"inLanguage\":\"fi\",\"@id\":\"https:\/\/lottemaa.ee\/#\/schema\/logo\/image\/\",\"url\":\"https:\/\/lottemaa.ee\/wp-content\/uploads\/2018\/12\/Lottemaa_LOGO.png\",\"contentUrl\":\"https:\/\/lottemaa.ee\/wp-content\/uploads\/2018\/12\/Lottemaa_LOGO.png\",\"width\":1024,\"height\":518,\"caption\":\"Lottemaa Teemapark\"},\"image\":{\"@id\":\"https:\/\/lottemaa.ee\/#\/schema\/logo\/image\/\"}}]}<\/script>\n<!-- \/ Yoast SEO plugin. -->","yoast_head_json":{"title":"Rakastavaisten silta | Lottemaa Teemapark","description":"Rakastavaisten silta on Keksij\u00e4kyl\u00e4ss\u00e4 t\u00e4rke\u00e4 paikka, sill\u00e4 sinne kaikki Keksij\u00e4kyl\u00e4n nuoret rakastavaiset tulevat yhdess\u00e4 katsomaan auringonlaskua tai -nousua.","robots":{"index":"index","follow":"follow","max-snippet":"max-snippet:-1","max-image-preview":"max-image-preview:large","max-video-preview":"max-video-preview:-1"},"canonical":"https:\/\/lottemaa.ee\/fi\/paiva-lottemaassa\/talot-ja-toiminnot\/rakastavaisten-silta\/","og_locale":"fi_FI","og_type":"article","og_title":"Rakastavaisten silta | Lottemaa Teemapark","og_description":"Rakastavaisten silta on Keksij\u00e4kyl\u00e4ss\u00e4 t\u00e4rke\u00e4 paikka, sill\u00e4 sinne kaikki Keksij\u00e4kyl\u00e4n nuoret rakastavaiset tulevat yhdess\u00e4 katsomaan auringonlaskua tai -nousua.","og_url":"https:\/\/lottemaa.ee\/fi\/paiva-lottemaassa\/talot-ja-toiminnot\/rakastavaisten-silta\/","og_site_name":"Lottemaa Teemapark","article_modified_time":"2024-09-26T13:36:18+00:00","og_image":[{"width":2560,"height":1696,"url":"https:\/\/lottemaa.ee\/wp-content\/uploads\/2023\/06\/DSC_7294-scaled.jpg","type":"image\/jpeg"}],"twitter_card":"summary_large_image","twitter_misc":{"Arvioitu lukuaika":"1 minuutti"},"schema":{"@context":"https:\/\/schema.org","@graph":[{"@type":"WebPage","@id":"https:\/\/lottemaa.ee\/fi\/paiva-lottemaassa\/talot-ja-toiminnot\/rakastavaisten-silta\/","url":"https:\/\/lottemaa.ee\/fi\/paiva-lottemaassa\/talot-ja-toiminnot\/rakastavaisten-silta\/","name":"Rakastavaisten silta | Lottemaa Teemapark","isPartOf":{"@id":"https:\/\/lottemaa.ee\/#website"},"primaryImageOfPage":{"@id":"https:\/\/lottemaa.ee\/fi\/paiva-lottemaassa\/talot-ja-toiminnot\/rakastavaisten-silta\/#primaryimage"},"image":{"@id":"https:\/\/lottemaa.ee\/fi\/paiva-lottemaassa\/talot-ja-toiminnot\/rakastavaisten-silta\/#primaryimage"},"thumbnailUrl":"https:\/\/lottemaa.ee\/wp-content\/uploads\/2023\/06\/DSC_7294-scaled.jpg","datePublished":"2023-06-11T12:27:44+00:00","dateModified":"2024-09-26T13:36:18+00:00","description":"Rakastavaisten silta on Keksij\u00e4kyl\u00e4ss\u00e4 t\u00e4rke\u00e4 paikka, sill\u00e4 sinne kaikki Keksij\u00e4kyl\u00e4n nuoret rakastavaiset tulevat yhdess\u00e4 katsomaan auringonlaskua tai -nousua.","breadcrumb":{"@id":"https:\/\/lottemaa.ee\/fi\/paiva-lottemaassa\/talot-ja-toiminnot\/rakastavaisten-silta\/#breadcrumb"},"inLanguage":"fi","potentialAction":[{"@type":"ReadAction","target":["https:\/\/lottemaa.ee\/fi\/paiva-lottemaassa\/talot-ja-toiminnot\/rakastavaisten-silta\/"]}]},{"@type":"ImageObject","inLanguage":"fi","@id":"https:\/\/lottemaa.ee\/fi\/paiva-lottemaassa\/talot-ja-toiminnot\/rakastavaisten-silta\/#primaryimage","url":"https:\/\/lottemaa.ee\/wp-content\/uploads\/2023\/06\/DSC_7294-scaled.jpg","contentUrl":"https:\/\/lottemaa.ee\/wp-content\/uploads\/2023\/06\/DSC_7294-scaled.jpg","width":2560,"height":1696},{"@type":"BreadcrumbList","@id":"https:\/\/lottemaa.ee\/fi\/paiva-lottemaassa\/talot-ja-toiminnot\/rakastavaisten-silta\/#breadcrumb","itemListElement":[{"@type":"ListItem","position":1,"name":"Home","item":"https:\/\/lottemaa.ee\/fi\/"},{"@type":"ListItem","position":2,"name":"P\u00e4iv\u00e4 Lottemaassa","item":"https:\/\/lottemaa.ee\/fi\/paiva-lottemaassa\/"},{"@type":"ListItem","position":3,"name":"Talot ja toiminnot","item":"https:\/\/lottemaa.ee\/fi\/paiva-lottemaassa\/talot-ja-toiminnot\/"},{"@type":"ListItem","position":4,"name":"Rakastavaisten silta"}]},{"@type":"WebSite","@id":"https:\/\/lottemaa.ee\/#website","url":"https:\/\/lottemaa.ee\/","name":"Lottemaa Teemapark","description":"Baltimaade suurim ja k\u00f5ige \u00e4gedam kogupere teemapark Eestis P\u00e4rnumaal","publisher":{"@id":"https:\/\/lottemaa.ee\/#organization"},"potentialAction":[{"@type":"SearchAction","target":{"@type":"EntryPoint","urlTemplate":"https:\/\/lottemaa.ee\/?s={search_term_string}"},"query-input":{"@type":"PropertyValueSpecification","valueRequired":true,"valueName":"search_term_string"}}],"inLanguage":"fi"},{"@type":"Organization","@id":"https:\/\/lottemaa.ee\/#organization","name":"Lottemaa Teemapark","url":"https:\/\/lottemaa.ee\/","logo":{"@type":"ImageObject","inLanguage":"fi","@id":"https:\/\/lottemaa.ee\/#\/schema\/logo\/image\/","url":"https:\/\/lottemaa.ee\/wp-content\/uploads\/2018\/12\/Lottemaa_LOGO.png","contentUrl":"https:\/\/lottemaa.ee\/wp-content\/uploads\/2018\/12\/Lottemaa_LOGO.png","width":1024,"height":518,"caption":"Lottemaa Teemapark"},"image":{"@id":"https:\/\/lottemaa.ee\/#\/schema\/logo\/image\/"}}]}},"_links":{"self":[{"href":"https:\/\/lottemaa.ee\/fi\/wp-json\/wp\/v2\/pages\/22150","targetHints":{"allow":["GET"]}}],"collection":[{"href":"https:\/\/lottemaa.ee\/fi\/wp-json\/wp\/v2\/pages"}],"about":[{"href":"https:\/\/lottemaa.ee\/fi\/wp-json\/wp\/v2\/types\/page"}],"author":[{"embeddable":true,"href":"https:\/\/lottemaa.ee\/fi\/wp-json\/wp\/v2\/users\/11"}],"replies":[{"embeddable":true,"href":"https:\/\/lottemaa.ee\/fi\/wp-json\/wp\/v2\/comments?post=22150"}],"version-history":[{"count":2,"href":"https:\/\/lottemaa.ee\/fi\/wp-json\/wp\/v2\/pages\/22150\/revisions"}],"predecessor-version":[{"id":28622,"href":"https:\/\/lottemaa.ee\/fi\/wp-json\/wp\/v2\/pages\/22150\/revisions\/28622"}],"up":[{"embeddable":true,"href":"https:\/\/lottemaa.ee\/fi\/wp-json\/wp\/v2\/pages\/1189"}],"wp:featuredmedia":[{"embeddable":true,"href":"https:\/\/lottemaa.ee\/fi\/wp-json\/wp\/v2\/media\/22144"}],"wp:attachment":[{"href":"https:\/\/lottemaa.ee\/fi\/wp-json\/wp\/v2\/media?parent=22150"}],"curies":[{"name":"wp","href":"https:\/\/api.w.org\/{rel}","templated":true}]}}