{"id":21590,"date":"2023-04-21T13:45:23","date_gmt":"2023-04-21T10:45:23","guid":{"rendered":"https:\/\/lottemaa.ee\/?page_id=21590"},"modified":"2025-09-02T15:56:51","modified_gmt":"2025-09-02T12:56:51","slug":"voita-paras-meriseikkailu","status":"publish","type":"page","link":"https:\/\/lottemaa.ee\/fi\/voita-paras-meriseikkailu\/","title":{"rendered":"VOITA PARAS MERISEIKKAILU!"},"content":{"rendered":"<p style=\"text-align: left;\"><strong>Osallistu suureen arvontaan, jossa palkintona on <a href=\"https:\/\/fi.tallink.com\/etsi-matka\" target=\"_blank\" rel=\"noopener\">TALLINKIN<\/a> perheristeily nelj\u00e4lle Ruotsiin.<\/strong><br \/>\n<strong>Paras meriseikkailu ja kaunis Tukholma odottavat.<\/strong><\/p>\n<p style=\"text-align: left;\">\n<div class=\"wpcf7 no-js\" id=\"wpcf7-f18843-o1\" lang=\"et\" dir=\"ltr\" data-wpcf7-id=\"18843\">\n<div class=\"screen-reader-response\"><p role=\"status\" aria-live=\"polite\" aria-atomic=\"true\"><\/p> <ul><\/ul><\/div>\n<form action=\"\/fi\/wp-json\/wp\/v2\/pages\/21590#wpcf7-f18843-o1\" method=\"post\" class=\"wpcf7-form init\" aria-label=\"Contact form\" novalidate=\"novalidate\" data-status=\"init\">\n<fieldset class=\"hidden-fields-container\"><input type=\"hidden\" name=\"_wpcf7\" value=\"18843\" \/><input type=\"hidden\" name=\"_wpcf7_version\" value=\"6.1\" \/><input type=\"hidden\" name=\"_wpcf7_locale\" value=\"et\" \/><input type=\"hidden\" name=\"_wpcf7_unit_tag\" value=\"wpcf7-f18843-o1\" \/><input type=\"hidden\" name=\"_wpcf7_container_post\" value=\"0\" \/><input type=\"hidden\" name=\"_wpcf7_posted_data_hash\" value=\"\" \/>\n<\/fieldset>\n<div class=\"cf7__custom_design\">\n\t<p><label> NIMI<br \/>\n<span class=\"wpcf7-form-control-wrap\" data-name=\"ETUNIMI\"><input size=\"40\" maxlength=\"400\" class=\"wpcf7-form-control wpcf7-text wpcf7-validates-as-required\" aria-required=\"true\" aria-invalid=\"false\" value=\"\" type=\"text\" name=\"ETUNIMI\" \/><\/span><\/label>\n\t<\/p>\n\t<p><label> S\u00c4HK\u00d6POSTI<br \/>\n<span class=\"wpcf7-form-control-wrap\" data-name=\"e-post\"><input size=\"40\" maxlength=\"400\" class=\"wpcf7-form-control wpcf7-text wpcf7-validates-as-required\" aria-required=\"true\" aria-invalid=\"false\" value=\"\" type=\"text\" name=\"e-post\" \/><\/span><\/label>\n\t<\/p>\n\t<p><span class=\"wpcf7-form-control-wrap\" data-name=\"your-consent\"><span class=\"wpcf7-form-control wpcf7-acceptance\"><span class=\"wpcf7-list-item\"><label><input type=\"checkbox\" name=\"your-consent\" value=\"1\" aria-invalid=\"false\" \/><span class=\"wpcf7-list-item-label\">Osallistuessani arvontaan annan Lottemaalle luvan vain hyvien tarjousten ja uutisten l\u00e4hett\u00e4miseen s\u00e4hk\u00f6postitse.<\/span><\/label><\/span><\/span><\/span>\n\t<\/p>\n\t<p><input class=\"wpcf7-form-control wpcf7-submit has-spinner\" type=\"submit\" value=\"L\u00c4HET\u00c4\" \/>\n\t<\/p>\n<\/div><div class=\"wpcf7-response-output\" aria-hidden=\"true\"><\/div>\n<\/form>\n<\/div>\n<\/p>\n<p style=\"text-align: left;\">Arvonna suoritetaan <strong>1.07.2025, 1.08.2025 ja 1.09.2025<\/strong>.<strong><br \/>\n<\/strong>Julkaisemme voittajan nimen uutiskirjeess\u00e4, jonka l\u00e4het\u00e4mme kaikille osallistuneille, ja voittajaan otamme yhteytt\u00e4 henkil\u00f6kohtaisesti.<\/p>\n<p><strong>VOITTAJAT OVAT:<\/strong><\/p>\n<p>1.07.2025 &#8211; moksriina@gmail.com<br \/>\n1.08.2025 &#8211; eneraal@gmail.com<br \/>\n1.09.2025 &#8211; piretpollumagi@gmail.com<\/p>\n<hr \/>\n<p style=\"text-align: left;\">Lottemaan tietosuojaehdot l\u00f6ytyv\u00e4t <a href=\"https:\/\/lottemaa.ee\/fi\/tietosuojaehdot\/\">t\u00e4\u00e4lt\u00e4 \u00bb<\/a><\/p>\n","protected":false},"excerpt":{"rendered":"<p>Osallistu suureen arvontaan, jossa palkintona on TALLINKIN perheristeily nelj\u00e4lle Ruotsiin. Paras meriseikkailu ja kaunis Tukholma odottavat. Arvonna suoritetaan 1.07.2025, 1.08.2025 ja 1.09.2025. Julkaisemme voittajan nimen uutiskirjeess\u00e4, jonka l\u00e4het\u00e4mme kaikille osallistuneille, ja voittajaan otamme yhteytt\u00e4 henkil\u00f6kohtaisesti. VOITTAJAT OVAT: 1.07.2025 &#8211; moksriina@gmail.com 1.08.2025 &#8211; eneraal@gmail.com 1.09.2025 &#8211; piretpollumagi@gmail.com Lottemaan tietosuojaehdot l\u00f6ytyv\u00e4t t\u00e4\u00e4lt\u00e4 \u00bb<\/p>\n","protected":false},"author":11,"featured_media":0,"parent":0,"menu_order":809,"comment_status":"closed","ping_status":"closed","template":"","meta":{"_acf_changed":false,"om_disable_all_campaigns":false,"_uf_show_specific_survey":0,"_uf_disable_surveys":false,"footnotes":""},"class_list":["post-21590","page","type-page","status-publish","hentry"],"acf":[],"yoast_head":"<!-- This site is optimized with the Yoast SEO plugin v25.5 - https:\/\/yoast.com\/wordpress\/plugins\/seo\/ -->\n<title>VOITA PARAS MERISEIKKAILU! | Lottemaa Teemapark<\/title>\n<meta name=\"robots\" content=\"index, follow, max-snippet:-1, max-image-preview:large, max-video-preview:-1\" \/>\n<link rel=\"canonical\" href=\"https:\/\/lottemaa.ee\/fi\/voita-paras-meriseikkailu\/\" \/>\n<meta property=\"og:locale\" content=\"fi_FI\" \/>\n<meta property=\"og:type\" content=\"article\" \/>\n<meta property=\"og:title\" content=\"VOITA PARAS MERISEIKKAILU! | Lottemaa Teemapark\" \/>\n<meta property=\"og:description\" content=\"Osallistu suureen arvontaan, jossa palkintona on TALLINKIN perheristeily nelj\u00e4lle Ruotsiin. Paras meriseikkailu ja kaunis Tukholma odottavat. Arvonna suoritetaan 1.07.2025, 1.08.2025 ja 1.09.2025. Julkaisemme voittajan nimen uutiskirjeess\u00e4, jonka l\u00e4het\u00e4mme kaikille osallistuneille, ja voittajaan otamme yhteytt\u00e4 henkil\u00f6kohtaisesti. VOITTAJAT OVAT: 1.07.2025 &#8211; moksriina@gmail.com 1.08.2025 &#8211; eneraal@gmail.com 1.09.2025 &#8211; piretpollumagi@gmail.com Lottemaan tietosuojaehdot l\u00f6ytyv\u00e4t t\u00e4\u00e4lt\u00e4 \u00bb\" \/>\n<meta property=\"og:url\" content=\"https:\/\/lottemaa.ee\/fi\/voita-paras-meriseikkailu\/\" \/>\n<meta property=\"og:site_name\" content=\"Lottemaa Teemapark\" \/>\n<meta property=\"article:modified_time\" content=\"2025-09-02T12:56:51+00:00\" \/>\n<meta name=\"twitter:card\" content=\"summary_large_image\" \/>\n<meta name=\"twitter:label1\" content=\"Arvioitu lukuaika\" \/>\n\t<meta name=\"twitter:data1\" content=\"1 minuutti\" \/>\n<script type=\"application\/ld+json\" class=\"yoast-schema-graph\">{\"@context\":\"https:\/\/schema.org\",\"@graph\":[{\"@type\":\"WebPage\",\"@id\":\"https:\/\/lottemaa.ee\/fi\/voita-paras-meriseikkailu\/\",\"url\":\"https:\/\/lottemaa.ee\/fi\/voita-paras-meriseikkailu\/\",\"name\":\"VOITA PARAS MERISEIKKAILU! | Lottemaa Teemapark\",\"isPartOf\":{\"@id\":\"https:\/\/lottemaa.ee\/#website\"},\"datePublished\":\"2023-04-21T10:45:23+00:00\",\"dateModified\":\"2025-09-02T12:56:51+00:00\",\"breadcrumb\":{\"@id\":\"https:\/\/lottemaa.ee\/fi\/voita-paras-meriseikkailu\/#breadcrumb\"},\"inLanguage\":\"fi\",\"potentialAction\":[{\"@type\":\"ReadAction\",\"target\":[\"https:\/\/lottemaa.ee\/fi\/voita-paras-meriseikkailu\/\"]}]},{\"@type\":\"BreadcrumbList\",\"@id\":\"https:\/\/lottemaa.ee\/fi\/voita-paras-meriseikkailu\/#breadcrumb\",\"itemListElement\":[{\"@type\":\"ListItem\",\"position\":1,\"name\":\"Home\",\"item\":\"https:\/\/lottemaa.ee\/fi\/\"},{\"@type\":\"ListItem\",\"position\":2,\"name\":\"VOITA PARAS MERISEIKKAILU!\"}]},{\"@type\":\"WebSite\",\"@id\":\"https:\/\/lottemaa.ee\/#website\",\"url\":\"https:\/\/lottemaa.ee\/\",\"name\":\"Lottemaa Teemapark\",\"description\":\"Baltimaade suurim ja k\u00f5ige \u00e4gedam kogupere teemapark Eestis P\u00e4rnumaal\",\"publisher\":{\"@id\":\"https:\/\/lottemaa.ee\/#organization\"},\"potentialAction\":[{\"@type\":\"SearchAction\",\"target\":{\"@type\":\"EntryPoint\",\"urlTemplate\":\"https:\/\/lottemaa.ee\/?s={search_term_string}\"},\"query-input\":{\"@type\":\"PropertyValueSpecification\",\"valueRequired\":true,\"valueName\":\"search_term_string\"}}],\"inLanguage\":\"fi\"},{\"@type\":\"Organization\",\"@id\":\"https:\/\/lottemaa.ee\/#organization\",\"name\":\"Lottemaa Teemapark\",\"url\":\"https:\/\/lottemaa.ee\/\",\"logo\":{\"@type\":\"ImageObject\",\"inLanguage\":\"fi\",\"@id\":\"https:\/\/lottemaa.ee\/#\/schema\/logo\/image\/\",\"url\":\"https:\/\/lottemaa.ee\/wp-content\/uploads\/2018\/12\/Lottemaa_LOGO.png\",\"contentUrl\":\"https:\/\/lottemaa.ee\/wp-content\/uploads\/2018\/12\/Lottemaa_LOGO.png\",\"width\":1024,\"height\":518,\"caption\":\"Lottemaa Teemapark\"},\"image\":{\"@id\":\"https:\/\/lottemaa.ee\/#\/schema\/logo\/image\/\"}}]}<\/script>\n<!-- \/ Yoast SEO plugin. -->","yoast_head_json":{"title":"VOITA PARAS MERISEIKKAILU! | Lottemaa Teemapark","robots":{"index":"index","follow":"follow","max-snippet":"max-snippet:-1","max-image-preview":"max-image-preview:large","max-video-preview":"max-video-preview:-1"},"canonical":"https:\/\/lottemaa.ee\/fi\/voita-paras-meriseikkailu\/","og_locale":"fi_FI","og_type":"article","og_title":"VOITA PARAS MERISEIKKAILU! | Lottemaa Teemapark","og_description":"Osallistu suureen arvontaan, jossa palkintona on TALLINKIN perheristeily nelj\u00e4lle Ruotsiin. Paras meriseikkailu ja kaunis Tukholma odottavat. Arvonna suoritetaan 1.07.2025, 1.08.2025 ja 1.09.2025. Julkaisemme voittajan nimen uutiskirjeess\u00e4, jonka l\u00e4het\u00e4mme kaikille osallistuneille, ja voittajaan otamme yhteytt\u00e4 henkil\u00f6kohtaisesti. VOITTAJAT OVAT: 1.07.2025 &#8211; moksriina@gmail.com 1.08.2025 &#8211; eneraal@gmail.com 1.09.2025 &#8211; piretpollumagi@gmail.com Lottemaan tietosuojaehdot l\u00f6ytyv\u00e4t t\u00e4\u00e4lt\u00e4 \u00bb","og_url":"https:\/\/lottemaa.ee\/fi\/voita-paras-meriseikkailu\/","og_site_name":"Lottemaa Teemapark","article_modified_time":"2025-09-02T12:56:51+00:00","twitter_card":"summary_large_image","twitter_misc":{"Arvioitu lukuaika":"1 minuutti"},"schema":{"@context":"https:\/\/schema.org","@graph":[{"@type":"WebPage","@id":"https:\/\/lottemaa.ee\/fi\/voita-paras-meriseikkailu\/","url":"https:\/\/lottemaa.ee\/fi\/voita-paras-meriseikkailu\/","name":"VOITA PARAS MERISEIKKAILU! | Lottemaa Teemapark","isPartOf":{"@id":"https:\/\/lottemaa.ee\/#website"},"datePublished":"2023-04-21T10:45:23+00:00","dateModified":"2025-09-02T12:56:51+00:00","breadcrumb":{"@id":"https:\/\/lottemaa.ee\/fi\/voita-paras-meriseikkailu\/#breadcrumb"},"inLanguage":"fi","potentialAction":[{"@type":"ReadAction","target":["https:\/\/lottemaa.ee\/fi\/voita-paras-meriseikkailu\/"]}]},{"@type":"BreadcrumbList","@id":"https:\/\/lottemaa.ee\/fi\/voita-paras-meriseikkailu\/#breadcrumb","itemListElement":[{"@type":"ListItem","position":1,"name":"Home","item":"https:\/\/lottemaa.ee\/fi\/"},{"@type":"ListItem","position":2,"name":"VOITA PARAS MERISEIKKAILU!"}]},{"@type":"WebSite","@id":"https:\/\/lottemaa.ee\/#website","url":"https:\/\/lottemaa.ee\/","name":"Lottemaa Teemapark","description":"Baltimaade suurim ja k\u00f5ige \u00e4gedam kogupere teemapark Eestis P\u00e4rnumaal","publisher":{"@id":"https:\/\/lottemaa.ee\/#organization"},"potentialAction":[{"@type":"SearchAction","target":{"@type":"EntryPoint","urlTemplate":"https:\/\/lottemaa.ee\/?s={search_term_string}"},"query-input":{"@type":"PropertyValueSpecification","valueRequired":true,"valueName":"search_term_string"}}],"inLanguage":"fi"},{"@type":"Organization","@id":"https:\/\/lottemaa.ee\/#organization","name":"Lottemaa Teemapark","url":"https:\/\/lottemaa.ee\/","logo":{"@type":"ImageObject","inLanguage":"fi","@id":"https:\/\/lottemaa.ee\/#\/schema\/logo\/image\/","url":"https:\/\/lottemaa.ee\/wp-content\/uploads\/2018\/12\/Lottemaa_LOGO.png","contentUrl":"https:\/\/lottemaa.ee\/wp-content\/uploads\/2018\/12\/Lottemaa_LOGO.png","width":1024,"height":518,"caption":"Lottemaa Teemapark"},"image":{"@id":"https:\/\/lottemaa.ee\/#\/schema\/logo\/image\/"}}]}},"_links":{"self":[{"href":"https:\/\/lottemaa.ee\/fi\/wp-json\/wp\/v2\/pages\/21590","targetHints":{"allow":["GET"]}}],"collection":[{"href":"https:\/\/lottemaa.ee\/fi\/wp-json\/wp\/v2\/pages"}],"about":[{"href":"https:\/\/lottemaa.ee\/fi\/wp-json\/wp\/v2\/types\/page"}],"author":[{"embeddable":true,"href":"https:\/\/lottemaa.ee\/fi\/wp-json\/wp\/v2\/users\/11"}],"replies":[{"embeddable":true,"href":"https:\/\/lottemaa.ee\/fi\/wp-json\/wp\/v2\/comments?post=21590"}],"version-history":[{"count":5,"href":"https:\/\/lottemaa.ee\/fi\/wp-json\/wp\/v2\/pages\/21590\/revisions"}],"predecessor-version":[{"id":31242,"href":"https:\/\/lottemaa.ee\/fi\/wp-json\/wp\/v2\/pages\/21590\/revisions\/31242"}],"wp:attachment":[{"href":"https:\/\/lottemaa.ee\/fi\/wp-json\/wp\/v2\/media?parent=21590"}],"curies":[{"name":"wp","href":"https:\/\/api.w.org\/{rel}","templated":true}]}}