{"id":21170,"date":"2023-03-23T14:43:57","date_gmt":"2023-03-23T12:43:57","guid":{"rendered":"https:\/\/lottemaa.ee\/?page_id=21170"},"modified":"2024-09-27T12:44:51","modified_gmt":"2024-09-27T09:44:51","slug":"otokat","status":"publish","type":"page","link":"https:\/\/lottemaa.ee\/fi\/meista\/keksijakylan-asukkaat\/otokat\/","title":{"rendered":"\u00d6t\u00f6k\u00e4t"},"content":{"rendered":"<p style=\"text-align: left;\">Keksij\u00e4kyl\u00e4ss\u00e4 asuu paljon erilaisia \u00f6t\u00f6k\u00f6it\u00e4. Kaikkein eniten on muurahaisia, jotka ovat rakentaneet itselleen kokonaiset kolme suurta pes\u00e4\u00e4. Lepp\u00e4kertut asuvat p\u00e4\u00e4asiassa puissa. Siell\u00e4 niill\u00e4 on pikkuruisia tupia, kahvila, puusep\u00e4npaja, sauna ja kirjasto. Hein\u00e4sirkat asuvat kes\u00e4ll\u00e4 pienist\u00e4 oksista ja ruohonkorsista punotuissa majoissa. Niill\u00e4 ei ole aikaa rakentaa suurempia asumuksia, sill\u00e4 hein\u00e4sirkkojen orkesteri soittaa joka kes\u00e4y\u00f6 merenrannassa vanhassa hevoskastanjassa Keksij\u00e4kyl\u00e4n asukkaille pehmeit\u00e4 y\u00f6s\u00e4velmi\u00e4. Mutta talven saapuessa hein\u00e4sirkat muuttavat Loten talon ullakolle ja lepuuttavat siell\u00e4 seuraavaan kes\u00e4\u00e4n asti. Vain uudenvuodenaattona hein\u00e4sirkat tulevat alas ja juhlivat yhdess\u00e4 kyl\u00e4n muiden asukkaiden kanssa aamuun asti.<\/p>\n","protected":false},"excerpt":{"rendered":"<p>Keksij\u00e4kyl\u00e4ss\u00e4 asuu paljon erilaisia \u00f6t\u00f6k\u00f6it\u00e4. Kaikkein eniten on muurahaisia, jotka ovat rakentaneet itselleen kokonaiset kolme suurta pes\u00e4\u00e4. Lepp\u00e4kertut asuvat p\u00e4\u00e4asiassa puissa. Siell\u00e4 niill\u00e4 on pikkuruisia tupia, kahvila, puusep\u00e4npaja, sauna ja kirjasto. Hein\u00e4sirkat asuvat kes\u00e4ll\u00e4 pienist\u00e4 oksista ja ruohonkorsista punotuissa majoissa. Niill\u00e4 ei ole aikaa rakentaa suurempia asumuksia, sill\u00e4 hein\u00e4sirkkojen orkesteri soittaa joka kes\u00e4y\u00f6 merenrannassa vanhassa &hellip; <a href=\"https:\/\/lottemaa.ee\/fi\/meista\/keksijakylan-asukkaat\/otokat\/\">Continued<\/a><\/p>\n","protected":false},"author":11,"featured_media":2477,"parent":1214,"menu_order":241,"comment_status":"closed","ping_status":"closed","template":"","meta":{"_acf_changed":false,"om_disable_all_campaigns":false,"_uf_show_specific_survey":0,"_uf_disable_surveys":false,"footnotes":""},"class_list":["post-21170","page","type-page","status-publish","has-post-thumbnail","hentry"],"acf":[],"yoast_head":"<!-- This site is optimized with the Yoast SEO plugin v25.5 - https:\/\/yoast.com\/wordpress\/plugins\/seo\/ -->\n<title>\u00d6t\u00f6k\u00e4t | Lottemaa Teemapark<\/title>\n<meta name=\"description\" content=\"Keksij\u00e4kyl\u00e4ss\u00e4 asuu paljon erilaisia \u00f6t\u00f6k\u00f6it\u00e4. Kaikkein eniten on muurahaisia, jotka ovat rakentaneet itselleen kokonaiset kolme suurta pes\u00e4\u00e4.\" \/>\n<meta name=\"robots\" content=\"index, follow, max-snippet:-1, max-image-preview:large, max-video-preview:-1\" \/>\n<link rel=\"canonical\" href=\"https:\/\/lottemaa.ee\/fi\/meista\/keksijakylan-asukkaat\/otokat\/\" \/>\n<meta property=\"og:locale\" content=\"fi_FI\" \/>\n<meta property=\"og:type\" content=\"article\" \/>\n<meta property=\"og:title\" content=\"\u00d6t\u00f6k\u00e4t | Lottemaa Teemapark\" \/>\n<meta property=\"og:description\" content=\"Keksij\u00e4kyl\u00e4ss\u00e4 asuu paljon erilaisia \u00f6t\u00f6k\u00f6it\u00e4. Kaikkein eniten on muurahaisia, jotka ovat rakentaneet itselleen kokonaiset kolme suurta pes\u00e4\u00e4.\" \/>\n<meta property=\"og:url\" content=\"https:\/\/lottemaa.ee\/fi\/meista\/keksijakylan-asukkaat\/otokat\/\" \/>\n<meta property=\"og:site_name\" content=\"Lottemaa Teemapark\" \/>\n<meta property=\"article:modified_time\" content=\"2024-09-27T09:44:51+00:00\" \/>\n<meta property=\"og:image\" content=\"https:\/\/lottemaa.ee\/wp-content\/uploads\/2016\/06\/putukad-1.jpg\" \/>\n\t<meta property=\"og:image:width\" content=\"316\" \/>\n\t<meta property=\"og:image:height\" content=\"177\" \/>\n\t<meta property=\"og:image:type\" content=\"image\/jpeg\" \/>\n<meta name=\"twitter:card\" content=\"summary_large_image\" \/>\n<meta name=\"twitter:label1\" content=\"Arvioitu lukuaika\" \/>\n\t<meta name=\"twitter:data1\" content=\"1 minuutti\" \/>\n<script type=\"application\/ld+json\" class=\"yoast-schema-graph\">{\"@context\":\"https:\/\/schema.org\",\"@graph\":[{\"@type\":\"WebPage\",\"@id\":\"https:\/\/lottemaa.ee\/fi\/meista\/keksijakylan-asukkaat\/otokat\/\",\"url\":\"https:\/\/lottemaa.ee\/fi\/meista\/keksijakylan-asukkaat\/otokat\/\",\"name\":\"\u00d6t\u00f6k\u00e4t | Lottemaa Teemapark\",\"isPartOf\":{\"@id\":\"https:\/\/lottemaa.ee\/#website\"},\"primaryImageOfPage\":{\"@id\":\"https:\/\/lottemaa.ee\/fi\/meista\/keksijakylan-asukkaat\/otokat\/#primaryimage\"},\"image\":{\"@id\":\"https:\/\/lottemaa.ee\/fi\/meista\/keksijakylan-asukkaat\/otokat\/#primaryimage\"},\"thumbnailUrl\":\"https:\/\/lottemaa.ee\/wp-content\/uploads\/2016\/06\/putukad-1.jpg\",\"datePublished\":\"2023-03-23T12:43:57+00:00\",\"dateModified\":\"2024-09-27T09:44:51+00:00\",\"description\":\"Keksij\u00e4kyl\u00e4ss\u00e4 asuu paljon erilaisia \u00f6t\u00f6k\u00f6it\u00e4. Kaikkein eniten on muurahaisia, jotka ovat rakentaneet itselleen kokonaiset kolme suurta pes\u00e4\u00e4.\",\"breadcrumb\":{\"@id\":\"https:\/\/lottemaa.ee\/fi\/meista\/keksijakylan-asukkaat\/otokat\/#breadcrumb\"},\"inLanguage\":\"fi\",\"potentialAction\":[{\"@type\":\"ReadAction\",\"target\":[\"https:\/\/lottemaa.ee\/fi\/meista\/keksijakylan-asukkaat\/otokat\/\"]}]},{\"@type\":\"ImageObject\",\"inLanguage\":\"fi\",\"@id\":\"https:\/\/lottemaa.ee\/fi\/meista\/keksijakylan-asukkaat\/otokat\/#primaryimage\",\"url\":\"https:\/\/lottemaa.ee\/wp-content\/uploads\/2016\/06\/putukad-1.jpg\",\"contentUrl\":\"https:\/\/lottemaa.ee\/wp-content\/uploads\/2016\/06\/putukad-1.jpg\",\"width\":316,\"height\":177},{\"@type\":\"BreadcrumbList\",\"@id\":\"https:\/\/lottemaa.ee\/fi\/meista\/keksijakylan-asukkaat\/otokat\/#breadcrumb\",\"itemListElement\":[{\"@type\":\"ListItem\",\"position\":1,\"name\":\"Home\",\"item\":\"https:\/\/lottemaa.ee\/fi\/\"},{\"@type\":\"ListItem\",\"position\":2,\"name\":\"Meist\u00e4\",\"item\":\"https:\/\/lottemaa.ee\/fi\/meista\/\"},{\"@type\":\"ListItem\",\"position\":3,\"name\":\"Keksij\u00e4kyl\u00e4n asukkaat\",\"item\":\"https:\/\/lottemaa.ee\/fi\/paiva-lottemaassa\/keksijakylan-asukkaat\/\"},{\"@type\":\"ListItem\",\"position\":4,\"name\":\"\u00d6t\u00f6k\u00e4t\"}]},{\"@type\":\"WebSite\",\"@id\":\"https:\/\/lottemaa.ee\/#website\",\"url\":\"https:\/\/lottemaa.ee\/\",\"name\":\"Lottemaa Teemapark\",\"description\":\"Baltimaade suurim ja k\u00f5ige \u00e4gedam kogupere teemapark Eestis P\u00e4rnumaal\",\"publisher\":{\"@id\":\"https:\/\/lottemaa.ee\/#organization\"},\"potentialAction\":[{\"@type\":\"SearchAction\",\"target\":{\"@type\":\"EntryPoint\",\"urlTemplate\":\"https:\/\/lottemaa.ee\/?s={search_term_string}\"},\"query-input\":{\"@type\":\"PropertyValueSpecification\",\"valueRequired\":true,\"valueName\":\"search_term_string\"}}],\"inLanguage\":\"fi\"},{\"@type\":\"Organization\",\"@id\":\"https:\/\/lottemaa.ee\/#organization\",\"name\":\"Lottemaa Teemapark\",\"url\":\"https:\/\/lottemaa.ee\/\",\"logo\":{\"@type\":\"ImageObject\",\"inLanguage\":\"fi\",\"@id\":\"https:\/\/lottemaa.ee\/#\/schema\/logo\/image\/\",\"url\":\"https:\/\/lottemaa.ee\/wp-content\/uploads\/2018\/12\/Lottemaa_LOGO.png\",\"contentUrl\":\"https:\/\/lottemaa.ee\/wp-content\/uploads\/2018\/12\/Lottemaa_LOGO.png\",\"width\":1024,\"height\":518,\"caption\":\"Lottemaa Teemapark\"},\"image\":{\"@id\":\"https:\/\/lottemaa.ee\/#\/schema\/logo\/image\/\"}}]}<\/script>\n<!-- \/ Yoast SEO plugin. -->","yoast_head_json":{"title":"\u00d6t\u00f6k\u00e4t | Lottemaa Teemapark","description":"Keksij\u00e4kyl\u00e4ss\u00e4 asuu paljon erilaisia \u00f6t\u00f6k\u00f6it\u00e4. Kaikkein eniten on muurahaisia, jotka ovat rakentaneet itselleen kokonaiset kolme suurta pes\u00e4\u00e4.","robots":{"index":"index","follow":"follow","max-snippet":"max-snippet:-1","max-image-preview":"max-image-preview:large","max-video-preview":"max-video-preview:-1"},"canonical":"https:\/\/lottemaa.ee\/fi\/meista\/keksijakylan-asukkaat\/otokat\/","og_locale":"fi_FI","og_type":"article","og_title":"\u00d6t\u00f6k\u00e4t | Lottemaa Teemapark","og_description":"Keksij\u00e4kyl\u00e4ss\u00e4 asuu paljon erilaisia \u00f6t\u00f6k\u00f6it\u00e4. Kaikkein eniten on muurahaisia, jotka ovat rakentaneet itselleen kokonaiset kolme suurta pes\u00e4\u00e4.","og_url":"https:\/\/lottemaa.ee\/fi\/meista\/keksijakylan-asukkaat\/otokat\/","og_site_name":"Lottemaa Teemapark","article_modified_time":"2024-09-27T09:44:51+00:00","og_image":[{"width":316,"height":177,"url":"https:\/\/lottemaa.ee\/wp-content\/uploads\/2016\/06\/putukad-1.jpg","type":"image\/jpeg"}],"twitter_card":"summary_large_image","twitter_misc":{"Arvioitu lukuaika":"1 minuutti"},"schema":{"@context":"https:\/\/schema.org","@graph":[{"@type":"WebPage","@id":"https:\/\/lottemaa.ee\/fi\/meista\/keksijakylan-asukkaat\/otokat\/","url":"https:\/\/lottemaa.ee\/fi\/meista\/keksijakylan-asukkaat\/otokat\/","name":"\u00d6t\u00f6k\u00e4t | Lottemaa Teemapark","isPartOf":{"@id":"https:\/\/lottemaa.ee\/#website"},"primaryImageOfPage":{"@id":"https:\/\/lottemaa.ee\/fi\/meista\/keksijakylan-asukkaat\/otokat\/#primaryimage"},"image":{"@id":"https:\/\/lottemaa.ee\/fi\/meista\/keksijakylan-asukkaat\/otokat\/#primaryimage"},"thumbnailUrl":"https:\/\/lottemaa.ee\/wp-content\/uploads\/2016\/06\/putukad-1.jpg","datePublished":"2023-03-23T12:43:57+00:00","dateModified":"2024-09-27T09:44:51+00:00","description":"Keksij\u00e4kyl\u00e4ss\u00e4 asuu paljon erilaisia \u00f6t\u00f6k\u00f6it\u00e4. Kaikkein eniten on muurahaisia, jotka ovat rakentaneet itselleen kokonaiset kolme suurta pes\u00e4\u00e4.","breadcrumb":{"@id":"https:\/\/lottemaa.ee\/fi\/meista\/keksijakylan-asukkaat\/otokat\/#breadcrumb"},"inLanguage":"fi","potentialAction":[{"@type":"ReadAction","target":["https:\/\/lottemaa.ee\/fi\/meista\/keksijakylan-asukkaat\/otokat\/"]}]},{"@type":"ImageObject","inLanguage":"fi","@id":"https:\/\/lottemaa.ee\/fi\/meista\/keksijakylan-asukkaat\/otokat\/#primaryimage","url":"https:\/\/lottemaa.ee\/wp-content\/uploads\/2016\/06\/putukad-1.jpg","contentUrl":"https:\/\/lottemaa.ee\/wp-content\/uploads\/2016\/06\/putukad-1.jpg","width":316,"height":177},{"@type":"BreadcrumbList","@id":"https:\/\/lottemaa.ee\/fi\/meista\/keksijakylan-asukkaat\/otokat\/#breadcrumb","itemListElement":[{"@type":"ListItem","position":1,"name":"Home","item":"https:\/\/lottemaa.ee\/fi\/"},{"@type":"ListItem","position":2,"name":"Meist\u00e4","item":"https:\/\/lottemaa.ee\/fi\/meista\/"},{"@type":"ListItem","position":3,"name":"Keksij\u00e4kyl\u00e4n asukkaat","item":"https:\/\/lottemaa.ee\/fi\/paiva-lottemaassa\/keksijakylan-asukkaat\/"},{"@type":"ListItem","position":4,"name":"\u00d6t\u00f6k\u00e4t"}]},{"@type":"WebSite","@id":"https:\/\/lottemaa.ee\/#website","url":"https:\/\/lottemaa.ee\/","name":"Lottemaa Teemapark","description":"Baltimaade suurim ja k\u00f5ige \u00e4gedam kogupere teemapark Eestis P\u00e4rnumaal","publisher":{"@id":"https:\/\/lottemaa.ee\/#organization"},"potentialAction":[{"@type":"SearchAction","target":{"@type":"EntryPoint","urlTemplate":"https:\/\/lottemaa.ee\/?s={search_term_string}"},"query-input":{"@type":"PropertyValueSpecification","valueRequired":true,"valueName":"search_term_string"}}],"inLanguage":"fi"},{"@type":"Organization","@id":"https:\/\/lottemaa.ee\/#organization","name":"Lottemaa Teemapark","url":"https:\/\/lottemaa.ee\/","logo":{"@type":"ImageObject","inLanguage":"fi","@id":"https:\/\/lottemaa.ee\/#\/schema\/logo\/image\/","url":"https:\/\/lottemaa.ee\/wp-content\/uploads\/2018\/12\/Lottemaa_LOGO.png","contentUrl":"https:\/\/lottemaa.ee\/wp-content\/uploads\/2018\/12\/Lottemaa_LOGO.png","width":1024,"height":518,"caption":"Lottemaa Teemapark"},"image":{"@id":"https:\/\/lottemaa.ee\/#\/schema\/logo\/image\/"}}]}},"_links":{"self":[{"href":"https:\/\/lottemaa.ee\/fi\/wp-json\/wp\/v2\/pages\/21170","targetHints":{"allow":["GET"]}}],"collection":[{"href":"https:\/\/lottemaa.ee\/fi\/wp-json\/wp\/v2\/pages"}],"about":[{"href":"https:\/\/lottemaa.ee\/fi\/wp-json\/wp\/v2\/types\/page"}],"author":[{"embeddable":true,"href":"https:\/\/lottemaa.ee\/fi\/wp-json\/wp\/v2\/users\/11"}],"replies":[{"embeddable":true,"href":"https:\/\/lottemaa.ee\/fi\/wp-json\/wp\/v2\/comments?post=21170"}],"version-history":[{"count":1,"href":"https:\/\/lottemaa.ee\/fi\/wp-json\/wp\/v2\/pages\/21170\/revisions"}],"predecessor-version":[{"id":21172,"href":"https:\/\/lottemaa.ee\/fi\/wp-json\/wp\/v2\/pages\/21170\/revisions\/21172"}],"up":[{"embeddable":true,"href":"https:\/\/lottemaa.ee\/fi\/wp-json\/wp\/v2\/pages\/1214"}],"wp:featuredmedia":[{"embeddable":true,"href":"https:\/\/lottemaa.ee\/fi\/wp-json\/wp\/v2\/media\/2477"}],"wp:attachment":[{"href":"https:\/\/lottemaa.ee\/fi\/wp-json\/wp\/v2\/media?parent=21170"}],"curies":[{"name":"wp","href":"https:\/\/api.w.org\/{rel}","templated":true}]}}