{"id":21162,"date":"2023-03-23T14:14:05","date_gmt":"2023-03-23T12:14:05","guid":{"rendered":"https:\/\/lottemaa.ee\/?page_id=21162"},"modified":"2024-09-27T12:44:08","modified_gmt":"2024-09-27T09:44:08","slug":"pikkupossut","status":"publish","type":"page","link":"https:\/\/lottemaa.ee\/fi\/meista\/keksijakylan-asukkaat\/pikkupossut\/","title":{"rendered":"Pikkupossut"},"content":{"rendered":"<p class=\"Standard\" style=\"text-align: left;\"><span lang=\"FI\" style=\"color: black;\">Pikkupossut Iti, Kusti ja Gunnar ovat Helmin ja Helmutin lapsia. He ovat aikamoisia veitikoita, ja jokaiseen p\u00e4iv\u00e4\u00e4n kuuluu tietysti yksi pieni sikamaisuus. Tai kaksi. Pikkupossujen lempileikki on tyynysota, ja kaikkein kivointa se on tietysti yhdess\u00e4 oman superrohkean isukin kanssa.<\/span><\/p>\n","protected":false},"excerpt":{"rendered":"<p>Pikkupossut Iti, Kusti ja Gunnar ovat Helmin ja Helmutin lapsia. He ovat aikamoisia veitikoita, ja jokaiseen p\u00e4iv\u00e4\u00e4n kuuluu tietysti yksi pieni sikamaisuus. Tai kaksi. Pikkupossujen lempileikki on tyynysota, ja kaikkein kivointa se on tietysti yhdess\u00e4 oman superrohkean isukin kanssa.<\/p>\n","protected":false},"author":11,"featured_media":20587,"parent":1214,"menu_order":204,"comment_status":"closed","ping_status":"closed","template":"","meta":{"_acf_changed":false,"om_disable_all_campaigns":false,"_uf_show_specific_survey":0,"_uf_disable_surveys":false,"footnotes":""},"class_list":["post-21162","page","type-page","status-publish","has-post-thumbnail","hentry"],"acf":[],"yoast_head":"<!-- This site is optimized with the Yoast SEO plugin v25.5 - https:\/\/yoast.com\/wordpress\/plugins\/seo\/ -->\n<title>Pikkupossut | Lottemaa Teemapark<\/title>\n<meta name=\"description\" content=\"Pikkupossut Iti, Kusti ja Gunnar ovat Helmin ja Helmutin lapsia. He ovat aikamoisia veitikoita, ja jokaiseen p\u00e4iv\u00e4\u00e4n kuuluu tietysti yksi pieni sikamaisuus.\" \/>\n<meta name=\"robots\" content=\"index, follow, max-snippet:-1, max-image-preview:large, max-video-preview:-1\" \/>\n<link rel=\"canonical\" href=\"https:\/\/lottemaa.ee\/fi\/meista\/keksijakylan-asukkaat\/pikkupossut\/\" \/>\n<meta property=\"og:locale\" content=\"fi_FI\" \/>\n<meta property=\"og:type\" content=\"article\" \/>\n<meta property=\"og:title\" content=\"Pikkupossut | Lottemaa Teemapark\" \/>\n<meta property=\"og:description\" content=\"Pikkupossut Iti, Kusti ja Gunnar ovat Helmin ja Helmutin lapsia. He ovat aikamoisia veitikoita, ja jokaiseen p\u00e4iv\u00e4\u00e4n kuuluu tietysti yksi pieni sikamaisuus.\" \/>\n<meta property=\"og:url\" content=\"https:\/\/lottemaa.ee\/fi\/meista\/keksijakylan-asukkaat\/pikkupossut\/\" \/>\n<meta property=\"og:site_name\" content=\"Lottemaa Teemapark\" \/>\n<meta property=\"article:modified_time\" content=\"2024-09-27T09:44:08+00:00\" \/>\n<meta property=\"og:image\" content=\"https:\/\/lottemaa.ee\/wp-content\/uploads\/2023\/02\/sealapsed_316X177-1.jpg\" \/>\n\t<meta property=\"og:image:width\" content=\"316\" \/>\n\t<meta property=\"og:image:height\" content=\"177\" \/>\n\t<meta property=\"og:image:type\" content=\"image\/jpeg\" \/>\n<meta name=\"twitter:card\" content=\"summary_large_image\" \/>\n<meta name=\"twitter:label1\" content=\"Arvioitu lukuaika\" \/>\n\t<meta name=\"twitter:data1\" content=\"1 minuutti\" \/>\n<script type=\"application\/ld+json\" class=\"yoast-schema-graph\">{\"@context\":\"https:\/\/schema.org\",\"@graph\":[{\"@type\":\"WebPage\",\"@id\":\"https:\/\/lottemaa.ee\/fi\/meista\/keksijakylan-asukkaat\/pikkupossut\/\",\"url\":\"https:\/\/lottemaa.ee\/fi\/meista\/keksijakylan-asukkaat\/pikkupossut\/\",\"name\":\"Pikkupossut | Lottemaa Teemapark\",\"isPartOf\":{\"@id\":\"https:\/\/lottemaa.ee\/#website\"},\"primaryImageOfPage\":{\"@id\":\"https:\/\/lottemaa.ee\/fi\/meista\/keksijakylan-asukkaat\/pikkupossut\/#primaryimage\"},\"image\":{\"@id\":\"https:\/\/lottemaa.ee\/fi\/meista\/keksijakylan-asukkaat\/pikkupossut\/#primaryimage\"},\"thumbnailUrl\":\"https:\/\/lottemaa.ee\/wp-content\/uploads\/2023\/02\/sealapsed_316X177-1.jpg\",\"datePublished\":\"2023-03-23T12:14:05+00:00\",\"dateModified\":\"2024-09-27T09:44:08+00:00\",\"description\":\"Pikkupossut Iti, Kusti ja Gunnar ovat Helmin ja Helmutin lapsia. He ovat aikamoisia veitikoita, ja jokaiseen p\u00e4iv\u00e4\u00e4n kuuluu tietysti yksi pieni sikamaisuus.\",\"breadcrumb\":{\"@id\":\"https:\/\/lottemaa.ee\/fi\/meista\/keksijakylan-asukkaat\/pikkupossut\/#breadcrumb\"},\"inLanguage\":\"fi\",\"potentialAction\":[{\"@type\":\"ReadAction\",\"target\":[\"https:\/\/lottemaa.ee\/fi\/meista\/keksijakylan-asukkaat\/pikkupossut\/\"]}]},{\"@type\":\"ImageObject\",\"inLanguage\":\"fi\",\"@id\":\"https:\/\/lottemaa.ee\/fi\/meista\/keksijakylan-asukkaat\/pikkupossut\/#primaryimage\",\"url\":\"https:\/\/lottemaa.ee\/wp-content\/uploads\/2023\/02\/sealapsed_316X177-1.jpg\",\"contentUrl\":\"https:\/\/lottemaa.ee\/wp-content\/uploads\/2023\/02\/sealapsed_316X177-1.jpg\",\"width\":316,\"height\":177},{\"@type\":\"BreadcrumbList\",\"@id\":\"https:\/\/lottemaa.ee\/fi\/meista\/keksijakylan-asukkaat\/pikkupossut\/#breadcrumb\",\"itemListElement\":[{\"@type\":\"ListItem\",\"position\":1,\"name\":\"Home\",\"item\":\"https:\/\/lottemaa.ee\/fi\/\"},{\"@type\":\"ListItem\",\"position\":2,\"name\":\"Meist\u00e4\",\"item\":\"https:\/\/lottemaa.ee\/fi\/meista\/\"},{\"@type\":\"ListItem\",\"position\":3,\"name\":\"Keksij\u00e4kyl\u00e4n asukkaat\",\"item\":\"https:\/\/lottemaa.ee\/fi\/paiva-lottemaassa\/keksijakylan-asukkaat\/\"},{\"@type\":\"ListItem\",\"position\":4,\"name\":\"Pikkupossut\"}]},{\"@type\":\"WebSite\",\"@id\":\"https:\/\/lottemaa.ee\/#website\",\"url\":\"https:\/\/lottemaa.ee\/\",\"name\":\"Lottemaa Teemapark\",\"description\":\"Baltimaade suurim ja k\u00f5ige \u00e4gedam kogupere teemapark Eestis P\u00e4rnumaal\",\"publisher\":{\"@id\":\"https:\/\/lottemaa.ee\/#organization\"},\"potentialAction\":[{\"@type\":\"SearchAction\",\"target\":{\"@type\":\"EntryPoint\",\"urlTemplate\":\"https:\/\/lottemaa.ee\/?s={search_term_string}\"},\"query-input\":{\"@type\":\"PropertyValueSpecification\",\"valueRequired\":true,\"valueName\":\"search_term_string\"}}],\"inLanguage\":\"fi\"},{\"@type\":\"Organization\",\"@id\":\"https:\/\/lottemaa.ee\/#organization\",\"name\":\"Lottemaa Teemapark\",\"url\":\"https:\/\/lottemaa.ee\/\",\"logo\":{\"@type\":\"ImageObject\",\"inLanguage\":\"fi\",\"@id\":\"https:\/\/lottemaa.ee\/#\/schema\/logo\/image\/\",\"url\":\"https:\/\/lottemaa.ee\/wp-content\/uploads\/2018\/12\/Lottemaa_LOGO.png\",\"contentUrl\":\"https:\/\/lottemaa.ee\/wp-content\/uploads\/2018\/12\/Lottemaa_LOGO.png\",\"width\":1024,\"height\":518,\"caption\":\"Lottemaa Teemapark\"},\"image\":{\"@id\":\"https:\/\/lottemaa.ee\/#\/schema\/logo\/image\/\"}}]}<\/script>\n<!-- \/ Yoast SEO plugin. -->","yoast_head_json":{"title":"Pikkupossut | Lottemaa Teemapark","description":"Pikkupossut Iti, Kusti ja Gunnar ovat Helmin ja Helmutin lapsia. He ovat aikamoisia veitikoita, ja jokaiseen p\u00e4iv\u00e4\u00e4n kuuluu tietysti yksi pieni sikamaisuus.","robots":{"index":"index","follow":"follow","max-snippet":"max-snippet:-1","max-image-preview":"max-image-preview:large","max-video-preview":"max-video-preview:-1"},"canonical":"https:\/\/lottemaa.ee\/fi\/meista\/keksijakylan-asukkaat\/pikkupossut\/","og_locale":"fi_FI","og_type":"article","og_title":"Pikkupossut | Lottemaa Teemapark","og_description":"Pikkupossut Iti, Kusti ja Gunnar ovat Helmin ja Helmutin lapsia. He ovat aikamoisia veitikoita, ja jokaiseen p\u00e4iv\u00e4\u00e4n kuuluu tietysti yksi pieni sikamaisuus.","og_url":"https:\/\/lottemaa.ee\/fi\/meista\/keksijakylan-asukkaat\/pikkupossut\/","og_site_name":"Lottemaa Teemapark","article_modified_time":"2024-09-27T09:44:08+00:00","og_image":[{"width":316,"height":177,"url":"https:\/\/lottemaa.ee\/wp-content\/uploads\/2023\/02\/sealapsed_316X177-1.jpg","type":"image\/jpeg"}],"twitter_card":"summary_large_image","twitter_misc":{"Arvioitu lukuaika":"1 minuutti"},"schema":{"@context":"https:\/\/schema.org","@graph":[{"@type":"WebPage","@id":"https:\/\/lottemaa.ee\/fi\/meista\/keksijakylan-asukkaat\/pikkupossut\/","url":"https:\/\/lottemaa.ee\/fi\/meista\/keksijakylan-asukkaat\/pikkupossut\/","name":"Pikkupossut | Lottemaa Teemapark","isPartOf":{"@id":"https:\/\/lottemaa.ee\/#website"},"primaryImageOfPage":{"@id":"https:\/\/lottemaa.ee\/fi\/meista\/keksijakylan-asukkaat\/pikkupossut\/#primaryimage"},"image":{"@id":"https:\/\/lottemaa.ee\/fi\/meista\/keksijakylan-asukkaat\/pikkupossut\/#primaryimage"},"thumbnailUrl":"https:\/\/lottemaa.ee\/wp-content\/uploads\/2023\/02\/sealapsed_316X177-1.jpg","datePublished":"2023-03-23T12:14:05+00:00","dateModified":"2024-09-27T09:44:08+00:00","description":"Pikkupossut Iti, Kusti ja Gunnar ovat Helmin ja Helmutin lapsia. He ovat aikamoisia veitikoita, ja jokaiseen p\u00e4iv\u00e4\u00e4n kuuluu tietysti yksi pieni sikamaisuus.","breadcrumb":{"@id":"https:\/\/lottemaa.ee\/fi\/meista\/keksijakylan-asukkaat\/pikkupossut\/#breadcrumb"},"inLanguage":"fi","potentialAction":[{"@type":"ReadAction","target":["https:\/\/lottemaa.ee\/fi\/meista\/keksijakylan-asukkaat\/pikkupossut\/"]}]},{"@type":"ImageObject","inLanguage":"fi","@id":"https:\/\/lottemaa.ee\/fi\/meista\/keksijakylan-asukkaat\/pikkupossut\/#primaryimage","url":"https:\/\/lottemaa.ee\/wp-content\/uploads\/2023\/02\/sealapsed_316X177-1.jpg","contentUrl":"https:\/\/lottemaa.ee\/wp-content\/uploads\/2023\/02\/sealapsed_316X177-1.jpg","width":316,"height":177},{"@type":"BreadcrumbList","@id":"https:\/\/lottemaa.ee\/fi\/meista\/keksijakylan-asukkaat\/pikkupossut\/#breadcrumb","itemListElement":[{"@type":"ListItem","position":1,"name":"Home","item":"https:\/\/lottemaa.ee\/fi\/"},{"@type":"ListItem","position":2,"name":"Meist\u00e4","item":"https:\/\/lottemaa.ee\/fi\/meista\/"},{"@type":"ListItem","position":3,"name":"Keksij\u00e4kyl\u00e4n asukkaat","item":"https:\/\/lottemaa.ee\/fi\/paiva-lottemaassa\/keksijakylan-asukkaat\/"},{"@type":"ListItem","position":4,"name":"Pikkupossut"}]},{"@type":"WebSite","@id":"https:\/\/lottemaa.ee\/#website","url":"https:\/\/lottemaa.ee\/","name":"Lottemaa Teemapark","description":"Baltimaade suurim ja k\u00f5ige \u00e4gedam kogupere teemapark Eestis P\u00e4rnumaal","publisher":{"@id":"https:\/\/lottemaa.ee\/#organization"},"potentialAction":[{"@type":"SearchAction","target":{"@type":"EntryPoint","urlTemplate":"https:\/\/lottemaa.ee\/?s={search_term_string}"},"query-input":{"@type":"PropertyValueSpecification","valueRequired":true,"valueName":"search_term_string"}}],"inLanguage":"fi"},{"@type":"Organization","@id":"https:\/\/lottemaa.ee\/#organization","name":"Lottemaa Teemapark","url":"https:\/\/lottemaa.ee\/","logo":{"@type":"ImageObject","inLanguage":"fi","@id":"https:\/\/lottemaa.ee\/#\/schema\/logo\/image\/","url":"https:\/\/lottemaa.ee\/wp-content\/uploads\/2018\/12\/Lottemaa_LOGO.png","contentUrl":"https:\/\/lottemaa.ee\/wp-content\/uploads\/2018\/12\/Lottemaa_LOGO.png","width":1024,"height":518,"caption":"Lottemaa Teemapark"},"image":{"@id":"https:\/\/lottemaa.ee\/#\/schema\/logo\/image\/"}}]}},"_links":{"self":[{"href":"https:\/\/lottemaa.ee\/fi\/wp-json\/wp\/v2\/pages\/21162","targetHints":{"allow":["GET"]}}],"collection":[{"href":"https:\/\/lottemaa.ee\/fi\/wp-json\/wp\/v2\/pages"}],"about":[{"href":"https:\/\/lottemaa.ee\/fi\/wp-json\/wp\/v2\/types\/page"}],"author":[{"embeddable":true,"href":"https:\/\/lottemaa.ee\/fi\/wp-json\/wp\/v2\/users\/11"}],"replies":[{"embeddable":true,"href":"https:\/\/lottemaa.ee\/fi\/wp-json\/wp\/v2\/comments?post=21162"}],"version-history":[{"count":1,"href":"https:\/\/lottemaa.ee\/fi\/wp-json\/wp\/v2\/pages\/21162\/revisions"}],"predecessor-version":[{"id":21163,"href":"https:\/\/lottemaa.ee\/fi\/wp-json\/wp\/v2\/pages\/21162\/revisions\/21163"}],"up":[{"embeddable":true,"href":"https:\/\/lottemaa.ee\/fi\/wp-json\/wp\/v2\/pages\/1214"}],"wp:featuredmedia":[{"embeddable":true,"href":"https:\/\/lottemaa.ee\/fi\/wp-json\/wp\/v2\/media\/20587"}],"wp:attachment":[{"href":"https:\/\/lottemaa.ee\/fi\/wp-json\/wp\/v2\/media?parent=21162"}],"curies":[{"name":"wp","href":"https:\/\/api.w.org\/{rel}","templated":true}]}}