{"id":21160,"date":"2023-03-23T14:10:22","date_gmt":"2023-03-23T12:10:22","guid":{"rendered":"https:\/\/lottemaa.ee\/?page_id=21160"},"modified":"2023-03-23T14:10:22","modified_gmt":"2023-03-23T12:10:22","slug":"julia","status":"publish","type":"page","link":"https:\/\/lottemaa.ee\/fi\/meista\/keksijakylan-asukkaat\/julia\/","title":{"rendered":"Julia"},"content":{"rendered":"<p class=\"Standard\" style=\"text-align: left;\"><span lang=\"FI\" style=\"color: black;\"><strong>Julia<\/strong> on taivaskettu niin kuin aviomiehens\u00e4 Giovannikin. Ennen he liiteliv\u00e4t taivaalla ilmapalloihin kiinnitetyiss\u00e4 majoissa muiden taivaskettujen kanssa, mutta nyt Julia, Giovanni ja heid\u00e4n kolme lastaan ovat jo vuosikausia asuneet Keksij\u00e4kyl\u00e4ss\u00e4. Julian lempipuuhaa on ruoanlaitto. Se ei kuitenkaan valitettavasti ole ollenkaan helppoa, sill\u00e4 Giovanni on saanut p\u00e4\u00e4h\u00e4ns\u00e4, ett\u00e4 oikean keksinnon voi rakentaa vain astioista ja muista keitti\u00f6v\u00e4lineist\u00e4. Julia taistelee kovasti kattiloistaan ja pannuistaan, mutta suuria riitoja ei heid\u00e4n talossaan silti ole koskaan. Sill\u00e4 oikeastaan on sangen mukavaa istua lautasista, lusikoista ja haarukoista sek\u00e4 suuresta siivil\u00e4st\u00e4 rakennetun radion edess\u00e4 ja kuunnella viimeisimpi\u00e4 uutisia maailmalta.<\/span><\/p>\n","protected":false},"excerpt":{"rendered":"<p>Julia on taivaskettu niin kuin aviomiehens\u00e4 Giovannikin. Ennen he liiteliv\u00e4t taivaalla ilmapalloihin kiinnitetyiss\u00e4 majoissa muiden taivaskettujen kanssa, mutta nyt Julia, Giovanni ja heid\u00e4n kolme lastaan ovat jo vuosikausia asuneet Keksij\u00e4kyl\u00e4ss\u00e4. Julian lempipuuhaa on ruoanlaitto. Se ei kuitenkaan valitettavasti ole ollenkaan helppoa, sill\u00e4 Giovanni on saanut p\u00e4\u00e4h\u00e4ns\u00e4, ett\u00e4 oikean keksinnon voi rakentaa vain astioista ja muista &hellip; <a href=\"https:\/\/lottemaa.ee\/fi\/meista\/keksijakylan-asukkaat\/julia\/\">Continued<\/a><\/p>\n","protected":false},"author":11,"featured_media":2468,"parent":1214,"menu_order":291,"comment_status":"closed","ping_status":"closed","template":"","meta":{"_acf_changed":false,"om_disable_all_campaigns":false,"_uf_show_specific_survey":0,"_uf_disable_surveys":false,"footnotes":""},"class_list":["post-21160","page","type-page","status-publish","has-post-thumbnail","hentry"],"acf":[],"yoast_head":"<!-- This site is optimized with the Yoast SEO plugin v25.5 - https:\/\/yoast.com\/wordpress\/plugins\/seo\/ -->\n<title>Julia | Lottemaa Teemapark<\/title>\n<meta name=\"description\" content=\"Julia on taivaskettu niin kuin aviomiehens\u00e4 Giovannikin. Ennen he liiteliv\u00e4t taivaalla ilmapalloihin kiinnitetyiss\u00e4 majoissa muiden taivaskettujen kanssa, mutta nyt Julia, Giovanni ja heid\u00e4n kolme lastaan ovat jo vuosikausia asuneet Keksij\u00e4kyl\u00e4ss\u00e4.\" \/>\n<meta name=\"robots\" content=\"index, follow, max-snippet:-1, max-image-preview:large, max-video-preview:-1\" \/>\n<link rel=\"canonical\" href=\"https:\/\/lottemaa.ee\/fi\/paiva-lottemaassa\/keksijakylan-asukkaat\/julia\/\" \/>\n<meta property=\"og:locale\" content=\"fi_FI\" \/>\n<meta property=\"og:type\" content=\"article\" \/>\n<meta property=\"og:title\" content=\"Julia | Lottemaa Teemapark\" \/>\n<meta property=\"og:description\" content=\"Julia on taivaskettu niin kuin aviomiehens\u00e4 Giovannikin. Ennen he liiteliv\u00e4t taivaalla ilmapalloihin kiinnitetyiss\u00e4 majoissa muiden taivaskettujen kanssa, mutta nyt Julia, Giovanni ja heid\u00e4n kolme lastaan ovat jo vuosikausia asuneet Keksij\u00e4kyl\u00e4ss\u00e4.\" \/>\n<meta property=\"og:url\" content=\"https:\/\/lottemaa.ee\/fi\/paiva-lottemaassa\/keksijakylan-asukkaat\/julia\/\" \/>\n<meta property=\"og:site_name\" content=\"Lottemaa Teemapark\" \/>\n<meta property=\"og:image\" content=\"https:\/\/lottemaa.ee\/wp-content\/uploads\/2016\/06\/julia.jpg\" \/>\n\t<meta property=\"og:image:width\" content=\"316\" \/>\n\t<meta property=\"og:image:height\" content=\"177\" \/>\n\t<meta property=\"og:image:type\" content=\"image\/jpeg\" \/>\n<meta name=\"twitter:card\" content=\"summary_large_image\" \/>\n<meta name=\"twitter:label1\" content=\"Arvioitu lukuaika\" \/>\n\t<meta name=\"twitter:data1\" content=\"1 minuutti\" \/>\n<script type=\"application\/ld+json\" class=\"yoast-schema-graph\">{\"@context\":\"https:\/\/schema.org\",\"@graph\":[{\"@type\":\"WebPage\",\"@id\":\"https:\/\/lottemaa.ee\/fi\/paiva-lottemaassa\/keksijakylan-asukkaat\/julia\/\",\"url\":\"https:\/\/lottemaa.ee\/fi\/paiva-lottemaassa\/keksijakylan-asukkaat\/julia\/\",\"name\":\"Julia | Lottemaa Teemapark\",\"isPartOf\":{\"@id\":\"https:\/\/lottemaa.ee\/#website\"},\"primaryImageOfPage\":{\"@id\":\"https:\/\/lottemaa.ee\/fi\/paiva-lottemaassa\/keksijakylan-asukkaat\/julia\/#primaryimage\"},\"image\":{\"@id\":\"https:\/\/lottemaa.ee\/fi\/paiva-lottemaassa\/keksijakylan-asukkaat\/julia\/#primaryimage\"},\"thumbnailUrl\":\"https:\/\/lottemaa.ee\/wp-content\/uploads\/2016\/06\/julia.jpg\",\"datePublished\":\"2023-03-23T12:10:22+00:00\",\"description\":\"Julia on taivaskettu niin kuin aviomiehens\u00e4 Giovannikin. Ennen he liiteliv\u00e4t taivaalla ilmapalloihin kiinnitetyiss\u00e4 majoissa muiden taivaskettujen kanssa, mutta nyt Julia, Giovanni ja heid\u00e4n kolme lastaan ovat jo vuosikausia asuneet Keksij\u00e4kyl\u00e4ss\u00e4.\",\"breadcrumb\":{\"@id\":\"https:\/\/lottemaa.ee\/fi\/paiva-lottemaassa\/keksijakylan-asukkaat\/julia\/#breadcrumb\"},\"inLanguage\":\"fi\",\"potentialAction\":[{\"@type\":\"ReadAction\",\"target\":[\"https:\/\/lottemaa.ee\/fi\/paiva-lottemaassa\/keksijakylan-asukkaat\/julia\/\"]}]},{\"@type\":\"ImageObject\",\"inLanguage\":\"fi\",\"@id\":\"https:\/\/lottemaa.ee\/fi\/paiva-lottemaassa\/keksijakylan-asukkaat\/julia\/#primaryimage\",\"url\":\"https:\/\/lottemaa.ee\/wp-content\/uploads\/2016\/06\/julia.jpg\",\"contentUrl\":\"https:\/\/lottemaa.ee\/wp-content\/uploads\/2016\/06\/julia.jpg\",\"width\":316,\"height\":177},{\"@type\":\"BreadcrumbList\",\"@id\":\"https:\/\/lottemaa.ee\/fi\/paiva-lottemaassa\/keksijakylan-asukkaat\/julia\/#breadcrumb\",\"itemListElement\":[{\"@type\":\"ListItem\",\"position\":1,\"name\":\"Home\",\"item\":\"https:\/\/lottemaa.ee\/fi\/\"},{\"@type\":\"ListItem\",\"position\":2,\"name\":\"P\u00e4iv\u00e4 Lottemaassa\",\"item\":\"https:\/\/lottemaa.ee\/fi\/paiva-lottemaassa\/\"},{\"@type\":\"ListItem\",\"position\":3,\"name\":\"Keksij\u00e4kyl\u00e4n asukkaat\",\"item\":\"https:\/\/lottemaa.ee\/fi\/paiva-lottemaassa\/keksijakylan-asukkaat\/\"},{\"@type\":\"ListItem\",\"position\":4,\"name\":\"Julia\"}]},{\"@type\":\"WebSite\",\"@id\":\"https:\/\/lottemaa.ee\/#website\",\"url\":\"https:\/\/lottemaa.ee\/\",\"name\":\"Lottemaa Teemapark\",\"description\":\"Baltimaade suurim ja k\u00f5ige \u00e4gedam kogupere teemapark Eestis P\u00e4rnumaal\",\"publisher\":{\"@id\":\"https:\/\/lottemaa.ee\/#organization\"},\"potentialAction\":[{\"@type\":\"SearchAction\",\"target\":{\"@type\":\"EntryPoint\",\"urlTemplate\":\"https:\/\/lottemaa.ee\/?s={search_term_string}\"},\"query-input\":{\"@type\":\"PropertyValueSpecification\",\"valueRequired\":true,\"valueName\":\"search_term_string\"}}],\"inLanguage\":\"fi\"},{\"@type\":\"Organization\",\"@id\":\"https:\/\/lottemaa.ee\/#organization\",\"name\":\"Lottemaa Teemapark\",\"url\":\"https:\/\/lottemaa.ee\/\",\"logo\":{\"@type\":\"ImageObject\",\"inLanguage\":\"fi\",\"@id\":\"https:\/\/lottemaa.ee\/#\/schema\/logo\/image\/\",\"url\":\"https:\/\/lottemaa.ee\/wp-content\/uploads\/2018\/12\/Lottemaa_LOGO.png\",\"contentUrl\":\"https:\/\/lottemaa.ee\/wp-content\/uploads\/2018\/12\/Lottemaa_LOGO.png\",\"width\":1024,\"height\":518,\"caption\":\"Lottemaa Teemapark\"},\"image\":{\"@id\":\"https:\/\/lottemaa.ee\/#\/schema\/logo\/image\/\"}}]}<\/script>\n<!-- \/ Yoast SEO plugin. -->","yoast_head_json":{"title":"Julia | Lottemaa Teemapark","description":"Julia on taivaskettu niin kuin aviomiehens\u00e4 Giovannikin. Ennen he liiteliv\u00e4t taivaalla ilmapalloihin kiinnitetyiss\u00e4 majoissa muiden taivaskettujen kanssa, mutta nyt Julia, Giovanni ja heid\u00e4n kolme lastaan ovat jo vuosikausia asuneet Keksij\u00e4kyl\u00e4ss\u00e4.","robots":{"index":"index","follow":"follow","max-snippet":"max-snippet:-1","max-image-preview":"max-image-preview:large","max-video-preview":"max-video-preview:-1"},"canonical":"https:\/\/lottemaa.ee\/fi\/paiva-lottemaassa\/keksijakylan-asukkaat\/julia\/","og_locale":"fi_FI","og_type":"article","og_title":"Julia | Lottemaa Teemapark","og_description":"Julia on taivaskettu niin kuin aviomiehens\u00e4 Giovannikin. Ennen he liiteliv\u00e4t taivaalla ilmapalloihin kiinnitetyiss\u00e4 majoissa muiden taivaskettujen kanssa, mutta nyt Julia, Giovanni ja heid\u00e4n kolme lastaan ovat jo vuosikausia asuneet Keksij\u00e4kyl\u00e4ss\u00e4.","og_url":"https:\/\/lottemaa.ee\/fi\/paiva-lottemaassa\/keksijakylan-asukkaat\/julia\/","og_site_name":"Lottemaa Teemapark","og_image":[{"width":316,"height":177,"url":"https:\/\/lottemaa.ee\/wp-content\/uploads\/2016\/06\/julia.jpg","type":"image\/jpeg"}],"twitter_card":"summary_large_image","twitter_misc":{"Arvioitu lukuaika":"1 minuutti"},"schema":{"@context":"https:\/\/schema.org","@graph":[{"@type":"WebPage","@id":"https:\/\/lottemaa.ee\/fi\/paiva-lottemaassa\/keksijakylan-asukkaat\/julia\/","url":"https:\/\/lottemaa.ee\/fi\/paiva-lottemaassa\/keksijakylan-asukkaat\/julia\/","name":"Julia | Lottemaa Teemapark","isPartOf":{"@id":"https:\/\/lottemaa.ee\/#website"},"primaryImageOfPage":{"@id":"https:\/\/lottemaa.ee\/fi\/paiva-lottemaassa\/keksijakylan-asukkaat\/julia\/#primaryimage"},"image":{"@id":"https:\/\/lottemaa.ee\/fi\/paiva-lottemaassa\/keksijakylan-asukkaat\/julia\/#primaryimage"},"thumbnailUrl":"https:\/\/lottemaa.ee\/wp-content\/uploads\/2016\/06\/julia.jpg","datePublished":"2023-03-23T12:10:22+00:00","description":"Julia on taivaskettu niin kuin aviomiehens\u00e4 Giovannikin. Ennen he liiteliv\u00e4t taivaalla ilmapalloihin kiinnitetyiss\u00e4 majoissa muiden taivaskettujen kanssa, mutta nyt Julia, Giovanni ja heid\u00e4n kolme lastaan ovat jo vuosikausia asuneet Keksij\u00e4kyl\u00e4ss\u00e4.","breadcrumb":{"@id":"https:\/\/lottemaa.ee\/fi\/paiva-lottemaassa\/keksijakylan-asukkaat\/julia\/#breadcrumb"},"inLanguage":"fi","potentialAction":[{"@type":"ReadAction","target":["https:\/\/lottemaa.ee\/fi\/paiva-lottemaassa\/keksijakylan-asukkaat\/julia\/"]}]},{"@type":"ImageObject","inLanguage":"fi","@id":"https:\/\/lottemaa.ee\/fi\/paiva-lottemaassa\/keksijakylan-asukkaat\/julia\/#primaryimage","url":"https:\/\/lottemaa.ee\/wp-content\/uploads\/2016\/06\/julia.jpg","contentUrl":"https:\/\/lottemaa.ee\/wp-content\/uploads\/2016\/06\/julia.jpg","width":316,"height":177},{"@type":"BreadcrumbList","@id":"https:\/\/lottemaa.ee\/fi\/paiva-lottemaassa\/keksijakylan-asukkaat\/julia\/#breadcrumb","itemListElement":[{"@type":"ListItem","position":1,"name":"Home","item":"https:\/\/lottemaa.ee\/fi\/"},{"@type":"ListItem","position":2,"name":"P\u00e4iv\u00e4 Lottemaassa","item":"https:\/\/lottemaa.ee\/fi\/paiva-lottemaassa\/"},{"@type":"ListItem","position":3,"name":"Keksij\u00e4kyl\u00e4n asukkaat","item":"https:\/\/lottemaa.ee\/fi\/paiva-lottemaassa\/keksijakylan-asukkaat\/"},{"@type":"ListItem","position":4,"name":"Julia"}]},{"@type":"WebSite","@id":"https:\/\/lottemaa.ee\/#website","url":"https:\/\/lottemaa.ee\/","name":"Lottemaa Teemapark","description":"Baltimaade suurim ja k\u00f5ige \u00e4gedam kogupere teemapark Eestis P\u00e4rnumaal","publisher":{"@id":"https:\/\/lottemaa.ee\/#organization"},"potentialAction":[{"@type":"SearchAction","target":{"@type":"EntryPoint","urlTemplate":"https:\/\/lottemaa.ee\/?s={search_term_string}"},"query-input":{"@type":"PropertyValueSpecification","valueRequired":true,"valueName":"search_term_string"}}],"inLanguage":"fi"},{"@type":"Organization","@id":"https:\/\/lottemaa.ee\/#organization","name":"Lottemaa Teemapark","url":"https:\/\/lottemaa.ee\/","logo":{"@type":"ImageObject","inLanguage":"fi","@id":"https:\/\/lottemaa.ee\/#\/schema\/logo\/image\/","url":"https:\/\/lottemaa.ee\/wp-content\/uploads\/2018\/12\/Lottemaa_LOGO.png","contentUrl":"https:\/\/lottemaa.ee\/wp-content\/uploads\/2018\/12\/Lottemaa_LOGO.png","width":1024,"height":518,"caption":"Lottemaa Teemapark"},"image":{"@id":"https:\/\/lottemaa.ee\/#\/schema\/logo\/image\/"}}]}},"_links":{"self":[{"href":"https:\/\/lottemaa.ee\/fi\/wp-json\/wp\/v2\/pages\/21160","targetHints":{"allow":["GET"]}}],"collection":[{"href":"https:\/\/lottemaa.ee\/fi\/wp-json\/wp\/v2\/pages"}],"about":[{"href":"https:\/\/lottemaa.ee\/fi\/wp-json\/wp\/v2\/types\/page"}],"author":[{"embeddable":true,"href":"https:\/\/lottemaa.ee\/fi\/wp-json\/wp\/v2\/users\/11"}],"replies":[{"embeddable":true,"href":"https:\/\/lottemaa.ee\/fi\/wp-json\/wp\/v2\/comments?post=21160"}],"version-history":[{"count":1,"href":"https:\/\/lottemaa.ee\/fi\/wp-json\/wp\/v2\/pages\/21160\/revisions"}],"predecessor-version":[{"id":21161,"href":"https:\/\/lottemaa.ee\/fi\/wp-json\/wp\/v2\/pages\/21160\/revisions\/21161"}],"up":[{"embeddable":true,"href":"https:\/\/lottemaa.ee\/fi\/wp-json\/wp\/v2\/pages\/1214"}],"wp:featuredmedia":[{"embeddable":true,"href":"https:\/\/lottemaa.ee\/fi\/wp-json\/wp\/v2\/media\/2468"}],"wp:attachment":[{"href":"https:\/\/lottemaa.ee\/fi\/wp-json\/wp\/v2\/media?parent=21160"}],"curies":[{"name":"wp","href":"https:\/\/api.w.org\/{rel}","templated":true}]}}