{"id":21158,"date":"2023-03-23T14:07:08","date_gmt":"2023-03-23T12:07:08","guid":{"rendered":"https:\/\/lottemaa.ee\/?page_id=21158"},"modified":"2023-03-23T14:07:08","modified_gmt":"2023-03-23T12:07:08","slug":"wolfgang","status":"publish","type":"page","link":"https:\/\/lottemaa.ee\/fi\/meista\/keksijakylan-asukkaat\/wolfgang\/","title":{"rendered":"Wolfgang"},"content":{"rendered":"<p class=\"Standard\" style=\"text-align: left;\"><span lang=\"FI\">Ammoisina aikoina Keksij\u00e4kyl\u00e4n asukkaat p\u00e4\u00e4ttiv\u00e4t, ett\u00e4 joulupukin pit\u00e4\u00e4 k\u00e4yd\u00e4 heid\u00e4nkin kyl\u00e4ss\u00e4\u00e4n. Pidettiin arvonta, ja arpaonni suosi j\u00e4niksi\u00e4. Ensimm\u00e4inen joulupukki Keksij\u00e4kyl\u00e4ss\u00e4 oli Julius-j\u00e4nis. Paljon on vett\u00e4 virrannut t\u00e4m\u00e4n j\u00e4lkeen, ja jouluj\u00e4niksen teht\u00e4v\u00e4 on siirtynyt perint\u00f6n\u00e4 is\u00e4lt\u00e4 pojalle. Nykyisin joulupukkina Keksij\u00e4kyl\u00e4ss\u00e4 toimii Wolfgang-j\u00e4nis, joka on ensimm\u00e4isen jouluj\u00e4niksen lapsenlapsenlapsenlapsenlapsi. Muulloin kuin joulun aikaan Wolfgang on tietysti keksij\u00e4, ja h\u00e4nest\u00e4 on erityisen mukavaa keksi\u00e4 leluja lapsille.<\/span><\/p>\n","protected":false},"excerpt":{"rendered":"<p>Ammoisina aikoina Keksij\u00e4kyl\u00e4n asukkaat p\u00e4\u00e4ttiv\u00e4t, ett\u00e4 joulupukin pit\u00e4\u00e4 k\u00e4yd\u00e4 heid\u00e4nkin kyl\u00e4ss\u00e4\u00e4n. Pidettiin arvonta, ja arpaonni suosi j\u00e4niksi\u00e4. Ensimm\u00e4inen joulupukki Keksij\u00e4kyl\u00e4ss\u00e4 oli Julius-j\u00e4nis. Paljon on vett\u00e4 virrannut t\u00e4m\u00e4n j\u00e4lkeen, ja jouluj\u00e4niksen teht\u00e4v\u00e4 on siirtynyt perint\u00f6n\u00e4 is\u00e4lt\u00e4 pojalle. Nykyisin joulupukkina Keksij\u00e4kyl\u00e4ss\u00e4 toimii Wolfgang-j\u00e4nis, joka on ensimm\u00e4isen jouluj\u00e4niksen lapsenlapsenlapsenlapsenlapsi. Muulloin kuin joulun aikaan Wolfgang on tietysti keksij\u00e4, ja &hellip; <a href=\"https:\/\/lottemaa.ee\/fi\/meista\/keksijakylan-asukkaat\/wolfgang\/\">Continued<\/a><\/p>\n","protected":false},"author":11,"featured_media":20557,"parent":1214,"menu_order":312,"comment_status":"closed","ping_status":"closed","template":"","meta":{"_acf_changed":false,"om_disable_all_campaigns":false,"_uf_show_specific_survey":0,"_uf_disable_surveys":false,"footnotes":""},"class_list":["post-21158","page","type-page","status-publish","has-post-thumbnail","hentry"],"acf":[],"yoast_head":"<!-- This site is optimized with the Yoast SEO plugin v25.5 - https:\/\/yoast.com\/wordpress\/plugins\/seo\/ -->\n<title>Wolfgang | Lottemaa Teemapark<\/title>\n<meta name=\"description\" content=\"Ammoisina aikoina Keksij\u00e4kyl\u00e4n asukkaat p\u00e4\u00e4ttiv\u00e4t, ett\u00e4 joulupukin pit\u00e4\u00e4 k\u00e4yd\u00e4 heid\u00e4nkin kyl\u00e4ss\u00e4\u00e4n. Pidettiin arvonta, ja arpaonni suosi j\u00e4niksi\u00e4.\" \/>\n<meta name=\"robots\" content=\"index, follow, max-snippet:-1, max-image-preview:large, max-video-preview:-1\" \/>\n<link rel=\"canonical\" href=\"https:\/\/lottemaa.ee\/fi\/paiva-lottemaassa\/keksijakylan-asukkaat\/wolfgang\/\" \/>\n<meta property=\"og:locale\" content=\"fi_FI\" \/>\n<meta property=\"og:type\" content=\"article\" \/>\n<meta property=\"og:title\" content=\"Wolfgang | Lottemaa Teemapark\" \/>\n<meta property=\"og:description\" content=\"Ammoisina aikoina Keksij\u00e4kyl\u00e4n asukkaat p\u00e4\u00e4ttiv\u00e4t, ett\u00e4 joulupukin pit\u00e4\u00e4 k\u00e4yd\u00e4 heid\u00e4nkin kyl\u00e4ss\u00e4\u00e4n. Pidettiin arvonta, ja arpaonni suosi j\u00e4niksi\u00e4.\" \/>\n<meta property=\"og:url\" content=\"https:\/\/lottemaa.ee\/fi\/paiva-lottemaassa\/keksijakylan-asukkaat\/wolfgang\/\" \/>\n<meta property=\"og:site_name\" content=\"Lottemaa Teemapark\" \/>\n<meta property=\"og:image\" content=\"https:\/\/lottemaa.ee\/wp-content\/uploads\/2023\/02\/Wolfgangjouluvana_316X177.jpg\" \/>\n\t<meta property=\"og:image:width\" content=\"316\" \/>\n\t<meta property=\"og:image:height\" content=\"177\" \/>\n\t<meta property=\"og:image:type\" content=\"image\/jpeg\" \/>\n<meta name=\"twitter:card\" content=\"summary_large_image\" \/>\n<meta name=\"twitter:label1\" content=\"Arvioitu lukuaika\" \/>\n\t<meta name=\"twitter:data1\" content=\"1 minuutti\" \/>\n<script type=\"application\/ld+json\" class=\"yoast-schema-graph\">{\"@context\":\"https:\/\/schema.org\",\"@graph\":[{\"@type\":\"WebPage\",\"@id\":\"https:\/\/lottemaa.ee\/fi\/paiva-lottemaassa\/keksijakylan-asukkaat\/wolfgang\/\",\"url\":\"https:\/\/lottemaa.ee\/fi\/paiva-lottemaassa\/keksijakylan-asukkaat\/wolfgang\/\",\"name\":\"Wolfgang | Lottemaa Teemapark\",\"isPartOf\":{\"@id\":\"https:\/\/lottemaa.ee\/#website\"},\"primaryImageOfPage\":{\"@id\":\"https:\/\/lottemaa.ee\/fi\/paiva-lottemaassa\/keksijakylan-asukkaat\/wolfgang\/#primaryimage\"},\"image\":{\"@id\":\"https:\/\/lottemaa.ee\/fi\/paiva-lottemaassa\/keksijakylan-asukkaat\/wolfgang\/#primaryimage\"},\"thumbnailUrl\":\"https:\/\/lottemaa.ee\/wp-content\/uploads\/2023\/02\/Wolfgangjouluvana_316X177.jpg\",\"datePublished\":\"2023-03-23T12:07:08+00:00\",\"description\":\"Ammoisina aikoina Keksij\u00e4kyl\u00e4n asukkaat p\u00e4\u00e4ttiv\u00e4t, ett\u00e4 joulupukin pit\u00e4\u00e4 k\u00e4yd\u00e4 heid\u00e4nkin kyl\u00e4ss\u00e4\u00e4n. Pidettiin arvonta, ja arpaonni suosi j\u00e4niksi\u00e4.\",\"breadcrumb\":{\"@id\":\"https:\/\/lottemaa.ee\/fi\/paiva-lottemaassa\/keksijakylan-asukkaat\/wolfgang\/#breadcrumb\"},\"inLanguage\":\"fi\",\"potentialAction\":[{\"@type\":\"ReadAction\",\"target\":[\"https:\/\/lottemaa.ee\/fi\/paiva-lottemaassa\/keksijakylan-asukkaat\/wolfgang\/\"]}]},{\"@type\":\"ImageObject\",\"inLanguage\":\"fi\",\"@id\":\"https:\/\/lottemaa.ee\/fi\/paiva-lottemaassa\/keksijakylan-asukkaat\/wolfgang\/#primaryimage\",\"url\":\"https:\/\/lottemaa.ee\/wp-content\/uploads\/2023\/02\/Wolfgangjouluvana_316X177.jpg\",\"contentUrl\":\"https:\/\/lottemaa.ee\/wp-content\/uploads\/2023\/02\/Wolfgangjouluvana_316X177.jpg\",\"width\":316,\"height\":177},{\"@type\":\"BreadcrumbList\",\"@id\":\"https:\/\/lottemaa.ee\/fi\/paiva-lottemaassa\/keksijakylan-asukkaat\/wolfgang\/#breadcrumb\",\"itemListElement\":[{\"@type\":\"ListItem\",\"position\":1,\"name\":\"Home\",\"item\":\"https:\/\/lottemaa.ee\/fi\/\"},{\"@type\":\"ListItem\",\"position\":2,\"name\":\"P\u00e4iv\u00e4 Lottemaassa\",\"item\":\"https:\/\/lottemaa.ee\/fi\/paiva-lottemaassa\/\"},{\"@type\":\"ListItem\",\"position\":3,\"name\":\"Keksij\u00e4kyl\u00e4n asukkaat\",\"item\":\"https:\/\/lottemaa.ee\/fi\/paiva-lottemaassa\/keksijakylan-asukkaat\/\"},{\"@type\":\"ListItem\",\"position\":4,\"name\":\"Wolfgang\"}]},{\"@type\":\"WebSite\",\"@id\":\"https:\/\/lottemaa.ee\/#website\",\"url\":\"https:\/\/lottemaa.ee\/\",\"name\":\"Lottemaa Teemapark\",\"description\":\"Baltimaade suurim ja k\u00f5ige \u00e4gedam kogupere teemapark Eestis P\u00e4rnumaal\",\"publisher\":{\"@id\":\"https:\/\/lottemaa.ee\/#organization\"},\"potentialAction\":[{\"@type\":\"SearchAction\",\"target\":{\"@type\":\"EntryPoint\",\"urlTemplate\":\"https:\/\/lottemaa.ee\/?s={search_term_string}\"},\"query-input\":{\"@type\":\"PropertyValueSpecification\",\"valueRequired\":true,\"valueName\":\"search_term_string\"}}],\"inLanguage\":\"fi\"},{\"@type\":\"Organization\",\"@id\":\"https:\/\/lottemaa.ee\/#organization\",\"name\":\"Lottemaa Teemapark\",\"url\":\"https:\/\/lottemaa.ee\/\",\"logo\":{\"@type\":\"ImageObject\",\"inLanguage\":\"fi\",\"@id\":\"https:\/\/lottemaa.ee\/#\/schema\/logo\/image\/\",\"url\":\"https:\/\/lottemaa.ee\/wp-content\/uploads\/2018\/12\/Lottemaa_LOGO.png\",\"contentUrl\":\"https:\/\/lottemaa.ee\/wp-content\/uploads\/2018\/12\/Lottemaa_LOGO.png\",\"width\":1024,\"height\":518,\"caption\":\"Lottemaa Teemapark\"},\"image\":{\"@id\":\"https:\/\/lottemaa.ee\/#\/schema\/logo\/image\/\"}}]}<\/script>\n<!-- \/ Yoast SEO plugin. -->","yoast_head_json":{"title":"Wolfgang | Lottemaa Teemapark","description":"Ammoisina aikoina Keksij\u00e4kyl\u00e4n asukkaat p\u00e4\u00e4ttiv\u00e4t, ett\u00e4 joulupukin pit\u00e4\u00e4 k\u00e4yd\u00e4 heid\u00e4nkin kyl\u00e4ss\u00e4\u00e4n. Pidettiin arvonta, ja arpaonni suosi j\u00e4niksi\u00e4.","robots":{"index":"index","follow":"follow","max-snippet":"max-snippet:-1","max-image-preview":"max-image-preview:large","max-video-preview":"max-video-preview:-1"},"canonical":"https:\/\/lottemaa.ee\/fi\/paiva-lottemaassa\/keksijakylan-asukkaat\/wolfgang\/","og_locale":"fi_FI","og_type":"article","og_title":"Wolfgang | Lottemaa Teemapark","og_description":"Ammoisina aikoina Keksij\u00e4kyl\u00e4n asukkaat p\u00e4\u00e4ttiv\u00e4t, ett\u00e4 joulupukin pit\u00e4\u00e4 k\u00e4yd\u00e4 heid\u00e4nkin kyl\u00e4ss\u00e4\u00e4n. Pidettiin arvonta, ja arpaonni suosi j\u00e4niksi\u00e4.","og_url":"https:\/\/lottemaa.ee\/fi\/paiva-lottemaassa\/keksijakylan-asukkaat\/wolfgang\/","og_site_name":"Lottemaa Teemapark","og_image":[{"width":316,"height":177,"url":"https:\/\/lottemaa.ee\/wp-content\/uploads\/2023\/02\/Wolfgangjouluvana_316X177.jpg","type":"image\/jpeg"}],"twitter_card":"summary_large_image","twitter_misc":{"Arvioitu lukuaika":"1 minuutti"},"schema":{"@context":"https:\/\/schema.org","@graph":[{"@type":"WebPage","@id":"https:\/\/lottemaa.ee\/fi\/paiva-lottemaassa\/keksijakylan-asukkaat\/wolfgang\/","url":"https:\/\/lottemaa.ee\/fi\/paiva-lottemaassa\/keksijakylan-asukkaat\/wolfgang\/","name":"Wolfgang | Lottemaa Teemapark","isPartOf":{"@id":"https:\/\/lottemaa.ee\/#website"},"primaryImageOfPage":{"@id":"https:\/\/lottemaa.ee\/fi\/paiva-lottemaassa\/keksijakylan-asukkaat\/wolfgang\/#primaryimage"},"image":{"@id":"https:\/\/lottemaa.ee\/fi\/paiva-lottemaassa\/keksijakylan-asukkaat\/wolfgang\/#primaryimage"},"thumbnailUrl":"https:\/\/lottemaa.ee\/wp-content\/uploads\/2023\/02\/Wolfgangjouluvana_316X177.jpg","datePublished":"2023-03-23T12:07:08+00:00","description":"Ammoisina aikoina Keksij\u00e4kyl\u00e4n asukkaat p\u00e4\u00e4ttiv\u00e4t, ett\u00e4 joulupukin pit\u00e4\u00e4 k\u00e4yd\u00e4 heid\u00e4nkin kyl\u00e4ss\u00e4\u00e4n. Pidettiin arvonta, ja arpaonni suosi j\u00e4niksi\u00e4.","breadcrumb":{"@id":"https:\/\/lottemaa.ee\/fi\/paiva-lottemaassa\/keksijakylan-asukkaat\/wolfgang\/#breadcrumb"},"inLanguage":"fi","potentialAction":[{"@type":"ReadAction","target":["https:\/\/lottemaa.ee\/fi\/paiva-lottemaassa\/keksijakylan-asukkaat\/wolfgang\/"]}]},{"@type":"ImageObject","inLanguage":"fi","@id":"https:\/\/lottemaa.ee\/fi\/paiva-lottemaassa\/keksijakylan-asukkaat\/wolfgang\/#primaryimage","url":"https:\/\/lottemaa.ee\/wp-content\/uploads\/2023\/02\/Wolfgangjouluvana_316X177.jpg","contentUrl":"https:\/\/lottemaa.ee\/wp-content\/uploads\/2023\/02\/Wolfgangjouluvana_316X177.jpg","width":316,"height":177},{"@type":"BreadcrumbList","@id":"https:\/\/lottemaa.ee\/fi\/paiva-lottemaassa\/keksijakylan-asukkaat\/wolfgang\/#breadcrumb","itemListElement":[{"@type":"ListItem","position":1,"name":"Home","item":"https:\/\/lottemaa.ee\/fi\/"},{"@type":"ListItem","position":2,"name":"P\u00e4iv\u00e4 Lottemaassa","item":"https:\/\/lottemaa.ee\/fi\/paiva-lottemaassa\/"},{"@type":"ListItem","position":3,"name":"Keksij\u00e4kyl\u00e4n asukkaat","item":"https:\/\/lottemaa.ee\/fi\/paiva-lottemaassa\/keksijakylan-asukkaat\/"},{"@type":"ListItem","position":4,"name":"Wolfgang"}]},{"@type":"WebSite","@id":"https:\/\/lottemaa.ee\/#website","url":"https:\/\/lottemaa.ee\/","name":"Lottemaa Teemapark","description":"Baltimaade suurim ja k\u00f5ige \u00e4gedam kogupere teemapark Eestis P\u00e4rnumaal","publisher":{"@id":"https:\/\/lottemaa.ee\/#organization"},"potentialAction":[{"@type":"SearchAction","target":{"@type":"EntryPoint","urlTemplate":"https:\/\/lottemaa.ee\/?s={search_term_string}"},"query-input":{"@type":"PropertyValueSpecification","valueRequired":true,"valueName":"search_term_string"}}],"inLanguage":"fi"},{"@type":"Organization","@id":"https:\/\/lottemaa.ee\/#organization","name":"Lottemaa Teemapark","url":"https:\/\/lottemaa.ee\/","logo":{"@type":"ImageObject","inLanguage":"fi","@id":"https:\/\/lottemaa.ee\/#\/schema\/logo\/image\/","url":"https:\/\/lottemaa.ee\/wp-content\/uploads\/2018\/12\/Lottemaa_LOGO.png","contentUrl":"https:\/\/lottemaa.ee\/wp-content\/uploads\/2018\/12\/Lottemaa_LOGO.png","width":1024,"height":518,"caption":"Lottemaa Teemapark"},"image":{"@id":"https:\/\/lottemaa.ee\/#\/schema\/logo\/image\/"}}]}},"_links":{"self":[{"href":"https:\/\/lottemaa.ee\/fi\/wp-json\/wp\/v2\/pages\/21158","targetHints":{"allow":["GET"]}}],"collection":[{"href":"https:\/\/lottemaa.ee\/fi\/wp-json\/wp\/v2\/pages"}],"about":[{"href":"https:\/\/lottemaa.ee\/fi\/wp-json\/wp\/v2\/types\/page"}],"author":[{"embeddable":true,"href":"https:\/\/lottemaa.ee\/fi\/wp-json\/wp\/v2\/users\/11"}],"replies":[{"embeddable":true,"href":"https:\/\/lottemaa.ee\/fi\/wp-json\/wp\/v2\/comments?post=21158"}],"version-history":[{"count":1,"href":"https:\/\/lottemaa.ee\/fi\/wp-json\/wp\/v2\/pages\/21158\/revisions"}],"predecessor-version":[{"id":21159,"href":"https:\/\/lottemaa.ee\/fi\/wp-json\/wp\/v2\/pages\/21158\/revisions\/21159"}],"up":[{"embeddable":true,"href":"https:\/\/lottemaa.ee\/fi\/wp-json\/wp\/v2\/pages\/1214"}],"wp:featuredmedia":[{"embeddable":true,"href":"https:\/\/lottemaa.ee\/fi\/wp-json\/wp\/v2\/media\/20557"}],"wp:attachment":[{"href":"https:\/\/lottemaa.ee\/fi\/wp-json\/wp\/v2\/media?parent=21158"}],"curies":[{"name":"wp","href":"https:\/\/api.w.org\/{rel}","templated":true}]}}