{"id":21154,"date":"2023-03-23T13:58:55","date_gmt":"2023-03-23T11:58:55","guid":{"rendered":"https:\/\/lottemaa.ee\/?page_id=21154"},"modified":"2023-03-23T14:00:25","modified_gmt":"2023-03-23T12:00:25","slug":"vaino-siiseli","status":"publish","type":"page","link":"https:\/\/lottemaa.ee\/fi\/meista\/keksijakylan-asukkaat\/vaino-siiseli\/","title":{"rendered":"V\u00e4in\u00f6-siiseli"},"content":{"rendered":"<p class=\"Standard\" style=\"text-align: left;\"><span lang=\"FI\"><strong>V\u00e4in\u00f6-siiseli<\/strong> on Keksij\u00e4kyl\u00e4n sisukkain keksij\u00e4. Jo usean vuoden ajan h\u00e4n on yritt\u00e4nyt saada tiiliskivest\u00e4 l\u00e4mmint\u00e4 leip\u00e4\u00e4. Ensimm\u00e4isen\u00e4 vuonna V\u00e4in\u00f6 sai leiv\u00e4n sijaan sahanpurua, sitten monta kourallista kastanjoita ja tammenterhoja, parikymment\u00e4 oikean ja vasemman jalan sukkaa, kolme soppakattilaa, kaksi huuliharppua, herneit\u00e4, porkkanoita ja pussillisen kuusenk\u00e4pyj\u00e4. Poikamiehen\u00e4 elelev\u00e4 V\u00e4in\u00f6 lupaa ottaa vaimon heti, kun h\u00e4nell\u00e4 on k\u00e4dess\u00e4\u00e4n l\u00e4mmint\u00e4 leip\u00e4\u00e4. H\u00e4nen tuleva vaimonsa saa ensimm\u00e4isen\u00e4 haukata palasen leiv\u00e4nsyrj\u00e4st\u00e4.<\/span><\/p>\n","protected":false},"excerpt":{"rendered":"<p>V\u00e4in\u00f6-siiseli on Keksij\u00e4kyl\u00e4n sisukkain keksij\u00e4. Jo usean vuoden ajan h\u00e4n on yritt\u00e4nyt saada tiiliskivest\u00e4 l\u00e4mmint\u00e4 leip\u00e4\u00e4. Ensimm\u00e4isen\u00e4 vuonna V\u00e4in\u00f6 sai leiv\u00e4n sijaan sahanpurua, sitten monta kourallista kastanjoita ja tammenterhoja, parikymment\u00e4 oikean ja vasemman jalan sukkaa, kolme soppakattilaa, kaksi huuliharppua, herneit\u00e4, porkkanoita ja pussillisen kuusenk\u00e4pyj\u00e4. Poikamiehen\u00e4 elelev\u00e4 V\u00e4in\u00f6 lupaa ottaa vaimon heti, kun h\u00e4nell\u00e4 on k\u00e4dess\u00e4\u00e4n &hellip; <a href=\"https:\/\/lottemaa.ee\/fi\/meista\/keksijakylan-asukkaat\/vaino-siiseli\/\">Continued<\/a><\/p>\n","protected":false},"author":11,"featured_media":20562,"parent":1214,"menu_order":310,"comment_status":"closed","ping_status":"closed","template":"","meta":{"_acf_changed":false,"om_disable_all_campaigns":false,"_uf_show_specific_survey":0,"_uf_disable_surveys":false,"footnotes":""},"class_list":["post-21154","page","type-page","status-publish","has-post-thumbnail","hentry"],"acf":[],"yoast_head":"<!-- This site is optimized with the Yoast SEO plugin v25.5 - https:\/\/yoast.com\/wordpress\/plugins\/seo\/ -->\n<title>V\u00e4in\u00f6-siiseli | Lottemaa Teemapark<\/title>\n<meta name=\"description\" content=\"V\u00e4in\u00f6-siiseli on Keksij\u00e4kyl\u00e4n sisukkain keksij\u00e4. Jo usean vuoden ajan h\u00e4n on yritt\u00e4nyt saada tiiliskivest\u00e4 l\u00e4mmint\u00e4 leip\u00e4\u00e4.\" \/>\n<meta name=\"robots\" content=\"index, follow, max-snippet:-1, max-image-preview:large, max-video-preview:-1\" \/>\n<link rel=\"canonical\" href=\"https:\/\/lottemaa.ee\/fi\/paiva-lottemaassa\/keksijakylan-asukkaat\/vaino-siiseli\/\" \/>\n<meta property=\"og:locale\" content=\"fi_FI\" \/>\n<meta property=\"og:type\" content=\"article\" \/>\n<meta property=\"og:title\" content=\"V\u00e4in\u00f6-siiseli | Lottemaa Teemapark\" \/>\n<meta property=\"og:description\" content=\"V\u00e4in\u00f6-siiseli on Keksij\u00e4kyl\u00e4n sisukkain keksij\u00e4. Jo usean vuoden ajan h\u00e4n on yritt\u00e4nyt saada tiiliskivest\u00e4 l\u00e4mmint\u00e4 leip\u00e4\u00e4.\" \/>\n<meta property=\"og:url\" content=\"https:\/\/lottemaa.ee\/fi\/paiva-lottemaassa\/keksijakylan-asukkaat\/vaino-siiseli\/\" \/>\n<meta property=\"og:site_name\" content=\"Lottemaa Teemapark\" \/>\n<meta property=\"article:modified_time\" content=\"2023-03-23T12:00:25+00:00\" \/>\n<meta property=\"og:image\" content=\"https:\/\/lottemaa.ee\/wp-content\/uploads\/2023\/02\/Vaino_316X177.jpg\" \/>\n\t<meta property=\"og:image:width\" content=\"316\" \/>\n\t<meta property=\"og:image:height\" content=\"177\" \/>\n\t<meta property=\"og:image:type\" content=\"image\/jpeg\" \/>\n<meta name=\"twitter:card\" content=\"summary_large_image\" \/>\n<meta name=\"twitter:label1\" content=\"Arvioitu lukuaika\" \/>\n\t<meta name=\"twitter:data1\" content=\"1 minuutti\" \/>\n<script type=\"application\/ld+json\" class=\"yoast-schema-graph\">{\"@context\":\"https:\/\/schema.org\",\"@graph\":[{\"@type\":\"WebPage\",\"@id\":\"https:\/\/lottemaa.ee\/fi\/paiva-lottemaassa\/keksijakylan-asukkaat\/vaino-siiseli\/\",\"url\":\"https:\/\/lottemaa.ee\/fi\/paiva-lottemaassa\/keksijakylan-asukkaat\/vaino-siiseli\/\",\"name\":\"V\u00e4in\u00f6-siiseli | Lottemaa Teemapark\",\"isPartOf\":{\"@id\":\"https:\/\/lottemaa.ee\/#website\"},\"primaryImageOfPage\":{\"@id\":\"https:\/\/lottemaa.ee\/fi\/paiva-lottemaassa\/keksijakylan-asukkaat\/vaino-siiseli\/#primaryimage\"},\"image\":{\"@id\":\"https:\/\/lottemaa.ee\/fi\/paiva-lottemaassa\/keksijakylan-asukkaat\/vaino-siiseli\/#primaryimage\"},\"thumbnailUrl\":\"https:\/\/lottemaa.ee\/wp-content\/uploads\/2023\/02\/Vaino_316X177.jpg\",\"datePublished\":\"2023-03-23T11:58:55+00:00\",\"dateModified\":\"2023-03-23T12:00:25+00:00\",\"description\":\"V\u00e4in\u00f6-siiseli on Keksij\u00e4kyl\u00e4n sisukkain keksij\u00e4. Jo usean vuoden ajan h\u00e4n on yritt\u00e4nyt saada tiiliskivest\u00e4 l\u00e4mmint\u00e4 leip\u00e4\u00e4.\",\"breadcrumb\":{\"@id\":\"https:\/\/lottemaa.ee\/fi\/paiva-lottemaassa\/keksijakylan-asukkaat\/vaino-siiseli\/#breadcrumb\"},\"inLanguage\":\"fi\",\"potentialAction\":[{\"@type\":\"ReadAction\",\"target\":[\"https:\/\/lottemaa.ee\/fi\/paiva-lottemaassa\/keksijakylan-asukkaat\/vaino-siiseli\/\"]}]},{\"@type\":\"ImageObject\",\"inLanguage\":\"fi\",\"@id\":\"https:\/\/lottemaa.ee\/fi\/paiva-lottemaassa\/keksijakylan-asukkaat\/vaino-siiseli\/#primaryimage\",\"url\":\"https:\/\/lottemaa.ee\/wp-content\/uploads\/2023\/02\/Vaino_316X177.jpg\",\"contentUrl\":\"https:\/\/lottemaa.ee\/wp-content\/uploads\/2023\/02\/Vaino_316X177.jpg\",\"width\":316,\"height\":177},{\"@type\":\"BreadcrumbList\",\"@id\":\"https:\/\/lottemaa.ee\/fi\/paiva-lottemaassa\/keksijakylan-asukkaat\/vaino-siiseli\/#breadcrumb\",\"itemListElement\":[{\"@type\":\"ListItem\",\"position\":1,\"name\":\"Home\",\"item\":\"https:\/\/lottemaa.ee\/fi\/\"},{\"@type\":\"ListItem\",\"position\":2,\"name\":\"P\u00e4iv\u00e4 Lottemaassa\",\"item\":\"https:\/\/lottemaa.ee\/fi\/paiva-lottemaassa\/\"},{\"@type\":\"ListItem\",\"position\":3,\"name\":\"Keksij\u00e4kyl\u00e4n asukkaat\",\"item\":\"https:\/\/lottemaa.ee\/fi\/paiva-lottemaassa\/keksijakylan-asukkaat\/\"},{\"@type\":\"ListItem\",\"position\":4,\"name\":\"V\u00e4in\u00f6-siiseli\"}]},{\"@type\":\"WebSite\",\"@id\":\"https:\/\/lottemaa.ee\/#website\",\"url\":\"https:\/\/lottemaa.ee\/\",\"name\":\"Lottemaa Teemapark\",\"description\":\"Baltimaade suurim ja k\u00f5ige \u00e4gedam kogupere teemapark Eestis P\u00e4rnumaal\",\"publisher\":{\"@id\":\"https:\/\/lottemaa.ee\/#organization\"},\"potentialAction\":[{\"@type\":\"SearchAction\",\"target\":{\"@type\":\"EntryPoint\",\"urlTemplate\":\"https:\/\/lottemaa.ee\/?s={search_term_string}\"},\"query-input\":{\"@type\":\"PropertyValueSpecification\",\"valueRequired\":true,\"valueName\":\"search_term_string\"}}],\"inLanguage\":\"fi\"},{\"@type\":\"Organization\",\"@id\":\"https:\/\/lottemaa.ee\/#organization\",\"name\":\"Lottemaa Teemapark\",\"url\":\"https:\/\/lottemaa.ee\/\",\"logo\":{\"@type\":\"ImageObject\",\"inLanguage\":\"fi\",\"@id\":\"https:\/\/lottemaa.ee\/#\/schema\/logo\/image\/\",\"url\":\"https:\/\/lottemaa.ee\/wp-content\/uploads\/2018\/12\/Lottemaa_LOGO.png\",\"contentUrl\":\"https:\/\/lottemaa.ee\/wp-content\/uploads\/2018\/12\/Lottemaa_LOGO.png\",\"width\":1024,\"height\":518,\"caption\":\"Lottemaa Teemapark\"},\"image\":{\"@id\":\"https:\/\/lottemaa.ee\/#\/schema\/logo\/image\/\"}}]}<\/script>\n<!-- \/ Yoast SEO plugin. -->","yoast_head_json":{"title":"V\u00e4in\u00f6-siiseli | Lottemaa Teemapark","description":"V\u00e4in\u00f6-siiseli on Keksij\u00e4kyl\u00e4n sisukkain keksij\u00e4. Jo usean vuoden ajan h\u00e4n on yritt\u00e4nyt saada tiiliskivest\u00e4 l\u00e4mmint\u00e4 leip\u00e4\u00e4.","robots":{"index":"index","follow":"follow","max-snippet":"max-snippet:-1","max-image-preview":"max-image-preview:large","max-video-preview":"max-video-preview:-1"},"canonical":"https:\/\/lottemaa.ee\/fi\/paiva-lottemaassa\/keksijakylan-asukkaat\/vaino-siiseli\/","og_locale":"fi_FI","og_type":"article","og_title":"V\u00e4in\u00f6-siiseli | Lottemaa Teemapark","og_description":"V\u00e4in\u00f6-siiseli on Keksij\u00e4kyl\u00e4n sisukkain keksij\u00e4. Jo usean vuoden ajan h\u00e4n on yritt\u00e4nyt saada tiiliskivest\u00e4 l\u00e4mmint\u00e4 leip\u00e4\u00e4.","og_url":"https:\/\/lottemaa.ee\/fi\/paiva-lottemaassa\/keksijakylan-asukkaat\/vaino-siiseli\/","og_site_name":"Lottemaa Teemapark","article_modified_time":"2023-03-23T12:00:25+00:00","og_image":[{"width":316,"height":177,"url":"https:\/\/lottemaa.ee\/wp-content\/uploads\/2023\/02\/Vaino_316X177.jpg","type":"image\/jpeg"}],"twitter_card":"summary_large_image","twitter_misc":{"Arvioitu lukuaika":"1 minuutti"},"schema":{"@context":"https:\/\/schema.org","@graph":[{"@type":"WebPage","@id":"https:\/\/lottemaa.ee\/fi\/paiva-lottemaassa\/keksijakylan-asukkaat\/vaino-siiseli\/","url":"https:\/\/lottemaa.ee\/fi\/paiva-lottemaassa\/keksijakylan-asukkaat\/vaino-siiseli\/","name":"V\u00e4in\u00f6-siiseli | Lottemaa Teemapark","isPartOf":{"@id":"https:\/\/lottemaa.ee\/#website"},"primaryImageOfPage":{"@id":"https:\/\/lottemaa.ee\/fi\/paiva-lottemaassa\/keksijakylan-asukkaat\/vaino-siiseli\/#primaryimage"},"image":{"@id":"https:\/\/lottemaa.ee\/fi\/paiva-lottemaassa\/keksijakylan-asukkaat\/vaino-siiseli\/#primaryimage"},"thumbnailUrl":"https:\/\/lottemaa.ee\/wp-content\/uploads\/2023\/02\/Vaino_316X177.jpg","datePublished":"2023-03-23T11:58:55+00:00","dateModified":"2023-03-23T12:00:25+00:00","description":"V\u00e4in\u00f6-siiseli on Keksij\u00e4kyl\u00e4n sisukkain keksij\u00e4. Jo usean vuoden ajan h\u00e4n on yritt\u00e4nyt saada tiiliskivest\u00e4 l\u00e4mmint\u00e4 leip\u00e4\u00e4.","breadcrumb":{"@id":"https:\/\/lottemaa.ee\/fi\/paiva-lottemaassa\/keksijakylan-asukkaat\/vaino-siiseli\/#breadcrumb"},"inLanguage":"fi","potentialAction":[{"@type":"ReadAction","target":["https:\/\/lottemaa.ee\/fi\/paiva-lottemaassa\/keksijakylan-asukkaat\/vaino-siiseli\/"]}]},{"@type":"ImageObject","inLanguage":"fi","@id":"https:\/\/lottemaa.ee\/fi\/paiva-lottemaassa\/keksijakylan-asukkaat\/vaino-siiseli\/#primaryimage","url":"https:\/\/lottemaa.ee\/wp-content\/uploads\/2023\/02\/Vaino_316X177.jpg","contentUrl":"https:\/\/lottemaa.ee\/wp-content\/uploads\/2023\/02\/Vaino_316X177.jpg","width":316,"height":177},{"@type":"BreadcrumbList","@id":"https:\/\/lottemaa.ee\/fi\/paiva-lottemaassa\/keksijakylan-asukkaat\/vaino-siiseli\/#breadcrumb","itemListElement":[{"@type":"ListItem","position":1,"name":"Home","item":"https:\/\/lottemaa.ee\/fi\/"},{"@type":"ListItem","position":2,"name":"P\u00e4iv\u00e4 Lottemaassa","item":"https:\/\/lottemaa.ee\/fi\/paiva-lottemaassa\/"},{"@type":"ListItem","position":3,"name":"Keksij\u00e4kyl\u00e4n asukkaat","item":"https:\/\/lottemaa.ee\/fi\/paiva-lottemaassa\/keksijakylan-asukkaat\/"},{"@type":"ListItem","position":4,"name":"V\u00e4in\u00f6-siiseli"}]},{"@type":"WebSite","@id":"https:\/\/lottemaa.ee\/#website","url":"https:\/\/lottemaa.ee\/","name":"Lottemaa Teemapark","description":"Baltimaade suurim ja k\u00f5ige \u00e4gedam kogupere teemapark Eestis P\u00e4rnumaal","publisher":{"@id":"https:\/\/lottemaa.ee\/#organization"},"potentialAction":[{"@type":"SearchAction","target":{"@type":"EntryPoint","urlTemplate":"https:\/\/lottemaa.ee\/?s={search_term_string}"},"query-input":{"@type":"PropertyValueSpecification","valueRequired":true,"valueName":"search_term_string"}}],"inLanguage":"fi"},{"@type":"Organization","@id":"https:\/\/lottemaa.ee\/#organization","name":"Lottemaa Teemapark","url":"https:\/\/lottemaa.ee\/","logo":{"@type":"ImageObject","inLanguage":"fi","@id":"https:\/\/lottemaa.ee\/#\/schema\/logo\/image\/","url":"https:\/\/lottemaa.ee\/wp-content\/uploads\/2018\/12\/Lottemaa_LOGO.png","contentUrl":"https:\/\/lottemaa.ee\/wp-content\/uploads\/2018\/12\/Lottemaa_LOGO.png","width":1024,"height":518,"caption":"Lottemaa Teemapark"},"image":{"@id":"https:\/\/lottemaa.ee\/#\/schema\/logo\/image\/"}}]}},"_links":{"self":[{"href":"https:\/\/lottemaa.ee\/fi\/wp-json\/wp\/v2\/pages\/21154","targetHints":{"allow":["GET"]}}],"collection":[{"href":"https:\/\/lottemaa.ee\/fi\/wp-json\/wp\/v2\/pages"}],"about":[{"href":"https:\/\/lottemaa.ee\/fi\/wp-json\/wp\/v2\/types\/page"}],"author":[{"embeddable":true,"href":"https:\/\/lottemaa.ee\/fi\/wp-json\/wp\/v2\/users\/11"}],"replies":[{"embeddable":true,"href":"https:\/\/lottemaa.ee\/fi\/wp-json\/wp\/v2\/comments?post=21154"}],"version-history":[{"count":3,"href":"https:\/\/lottemaa.ee\/fi\/wp-json\/wp\/v2\/pages\/21154\/revisions"}],"predecessor-version":[{"id":21157,"href":"https:\/\/lottemaa.ee\/fi\/wp-json\/wp\/v2\/pages\/21154\/revisions\/21157"}],"up":[{"embeddable":true,"href":"https:\/\/lottemaa.ee\/fi\/wp-json\/wp\/v2\/pages\/1214"}],"wp:featuredmedia":[{"embeddable":true,"href":"https:\/\/lottemaa.ee\/fi\/wp-json\/wp\/v2\/media\/20562"}],"wp:attachment":[{"href":"https:\/\/lottemaa.ee\/fi\/wp-json\/wp\/v2\/media?parent=21154"}],"curies":[{"name":"wp","href":"https:\/\/api.w.org\/{rel}","templated":true}]}}