{"id":20461,"date":"2023-02-10T14:16:07","date_gmt":"2023-02-10T12:16:07","guid":{"rendered":"https:\/\/lottemaa.ee\/?page_id=20461"},"modified":"2024-09-27T11:46:12","modified_gmt":"2024-09-27T08:46:12","slug":"huutoputki","status":"publish","type":"page","link":"https:\/\/lottemaa.ee\/fi\/paiva-lottemaassa\/keksinnot\/huutoputki\/","title":{"rendered":"HUUTOPUTKI"},"content":{"rendered":"<p class=\"western\" style=\"text-align: left;\"><span style=\"color: #003e53;\"><span style=\"font-family: OpenSans, serif;\">Lottemaan <strong>SUUREN KEKSIMISKILPAILUN 2021<\/strong> voittajaty\u00f6 on <\/span><\/span><span style=\"color: #003e53;\"><span style=\"font-family: OpenSans, serif;\"><b>Albert, 5, ja Uku, 2, Laidren<\/b><\/span><\/span><span style=\"color: #003e53;\"><span style=\"font-family: OpenSans, serif;\"> keksint\u00f6. Huutoputki auttaa vaikeina hetkin\u00e4 k\u00e4sittelem\u00e4\u00e4n mielipahan tunteita, jotka joskus tahtovat vallata mielen ja kieppua p\u00e4\u00e4ss\u00e4. <\/span><\/span><\/p>\n<p class=\"western\" style=\"text-align: left;\"><span style=\"color: #003e53;\"><span style=\"font-family: OpenSans, serif;\">Huutoputki on laite, jonka sis\u00e4\u00e4n voi huutamalla purkaa tunteitaan. Koska paha mieli on biohajoavaa, huutoputken toinen p\u00e4\u00e4 on kaivettu maan sis\u00e4\u00e4n. Putken p\u00e4\u00e4ss\u00e4 oleva suodatin auttaa v\u00e4ltt\u00e4m\u00e4\u00e4n esimerkiksi kiukun tarttumista muihin. Huutoputken toisessa p\u00e4\u00e4ss\u00e4 on kaiutin. Kun sinne nauretaan, kaikille tulee hyv\u00e4 mieli.<\/span><\/span><\/p>\n","protected":false},"excerpt":{"rendered":"<p>Lottemaan SUUREN KEKSIMISKILPAILUN 2021 voittajaty\u00f6 on Albert, 5, ja Uku, 2, Laidren keksint\u00f6. Huutoputki auttaa vaikeina hetkin\u00e4 k\u00e4sittelem\u00e4\u00e4n mielipahan tunteita, jotka joskus tahtovat vallata mielen ja kieppua p\u00e4\u00e4ss\u00e4. Huutoputki on laite, jonka sis\u00e4\u00e4n voi huutamalla purkaa tunteitaan. Koska paha mieli on biohajoavaa, huutoputken toinen p\u00e4\u00e4 on kaivettu maan sis\u00e4\u00e4n. Putken p\u00e4\u00e4ss\u00e4 oleva suodatin auttaa v\u00e4ltt\u00e4m\u00e4\u00e4n &hellip; <a href=\"https:\/\/lottemaa.ee\/fi\/paiva-lottemaassa\/keksinnot\/huutoputki\/\">Continued<\/a><\/p>\n","protected":false},"author":11,"featured_media":12566,"parent":1250,"menu_order":443,"comment_status":"closed","ping_status":"closed","template":"","meta":{"_acf_changed":false,"om_disable_all_campaigns":false,"_uf_show_specific_survey":0,"_uf_disable_surveys":false,"footnotes":""},"class_list":["post-20461","page","type-page","status-publish","has-post-thumbnail","hentry"],"acf":[],"yoast_head":"<!-- This site is optimized with the Yoast SEO plugin v25.5 - https:\/\/yoast.com\/wordpress\/plugins\/seo\/ -->\n<title>HUUTOPUTKI | Lottemaa Teemapark<\/title>\n<meta name=\"robots\" content=\"index, follow, max-snippet:-1, max-image-preview:large, max-video-preview:-1\" \/>\n<link rel=\"canonical\" href=\"https:\/\/lottemaa.ee\/fi\/paiva-lottemaassa\/keksinnot\/huutoputki\/\" \/>\n<meta property=\"og:locale\" content=\"fi_FI\" \/>\n<meta property=\"og:type\" content=\"article\" \/>\n<meta property=\"og:title\" content=\"HUUTOPUTKI | Lottemaa Teemapark\" \/>\n<meta property=\"og:description\" content=\"Lottemaan SUUREN KEKSIMISKILPAILUN 2021 voittajaty\u00f6 on Albert, 5, ja Uku, 2, Laidren keksint\u00f6. Huutoputki auttaa vaikeina hetkin\u00e4 k\u00e4sittelem\u00e4\u00e4n mielipahan tunteita, jotka joskus tahtovat vallata mielen ja kieppua p\u00e4\u00e4ss\u00e4. Huutoputki on laite, jonka sis\u00e4\u00e4n voi huutamalla purkaa tunteitaan. Koska paha mieli on biohajoavaa, huutoputken toinen p\u00e4\u00e4 on kaivettu maan sis\u00e4\u00e4n. Putken p\u00e4\u00e4ss\u00e4 oleva suodatin auttaa v\u00e4ltt\u00e4m\u00e4\u00e4n &hellip; Continued\" \/>\n<meta property=\"og:url\" content=\"https:\/\/lottemaa.ee\/fi\/paiva-lottemaassa\/keksinnot\/huutoputki\/\" \/>\n<meta property=\"og:site_name\" content=\"Lottemaa Teemapark\" \/>\n<meta property=\"article:modified_time\" content=\"2024-09-27T08:46:12+00:00\" \/>\n<meta property=\"og:image\" content=\"https:\/\/lottemaa.ee\/wp-content\/uploads\/2022\/02\/DSC_6351-scaled.jpg\" \/>\n\t<meta property=\"og:image:width\" content=\"2560\" \/>\n\t<meta property=\"og:image:height\" content=\"1695\" \/>\n\t<meta property=\"og:image:type\" content=\"image\/jpeg\" \/>\n<meta name=\"twitter:card\" content=\"summary_large_image\" \/>\n<meta name=\"twitter:label1\" content=\"Arvioitu lukuaika\" \/>\n\t<meta name=\"twitter:data1\" content=\"1 minuutti\" \/>\n<script type=\"application\/ld+json\" class=\"yoast-schema-graph\">{\"@context\":\"https:\/\/schema.org\",\"@graph\":[{\"@type\":\"WebPage\",\"@id\":\"https:\/\/lottemaa.ee\/fi\/paiva-lottemaassa\/keksinnot\/huutoputki\/\",\"url\":\"https:\/\/lottemaa.ee\/fi\/paiva-lottemaassa\/keksinnot\/huutoputki\/\",\"name\":\"HUUTOPUTKI | Lottemaa Teemapark\",\"isPartOf\":{\"@id\":\"https:\/\/lottemaa.ee\/#website\"},\"primaryImageOfPage\":{\"@id\":\"https:\/\/lottemaa.ee\/fi\/paiva-lottemaassa\/keksinnot\/huutoputki\/#primaryimage\"},\"image\":{\"@id\":\"https:\/\/lottemaa.ee\/fi\/paiva-lottemaassa\/keksinnot\/huutoputki\/#primaryimage\"},\"thumbnailUrl\":\"https:\/\/lottemaa.ee\/wp-content\/uploads\/2022\/02\/DSC_6351-scaled.jpg\",\"datePublished\":\"2023-02-10T12:16:07+00:00\",\"dateModified\":\"2024-09-27T08:46:12+00:00\",\"breadcrumb\":{\"@id\":\"https:\/\/lottemaa.ee\/fi\/paiva-lottemaassa\/keksinnot\/huutoputki\/#breadcrumb\"},\"inLanguage\":\"fi\",\"potentialAction\":[{\"@type\":\"ReadAction\",\"target\":[\"https:\/\/lottemaa.ee\/fi\/paiva-lottemaassa\/keksinnot\/huutoputki\/\"]}]},{\"@type\":\"ImageObject\",\"inLanguage\":\"fi\",\"@id\":\"https:\/\/lottemaa.ee\/fi\/paiva-lottemaassa\/keksinnot\/huutoputki\/#primaryimage\",\"url\":\"https:\/\/lottemaa.ee\/wp-content\/uploads\/2022\/02\/DSC_6351-scaled.jpg\",\"contentUrl\":\"https:\/\/lottemaa.ee\/wp-content\/uploads\/2022\/02\/DSC_6351-scaled.jpg\",\"width\":2560,\"height\":1695},{\"@type\":\"BreadcrumbList\",\"@id\":\"https:\/\/lottemaa.ee\/fi\/paiva-lottemaassa\/keksinnot\/huutoputki\/#breadcrumb\",\"itemListElement\":[{\"@type\":\"ListItem\",\"position\":1,\"name\":\"Home\",\"item\":\"https:\/\/lottemaa.ee\/fi\/\"},{\"@type\":\"ListItem\",\"position\":2,\"name\":\"P\u00e4iv\u00e4 Lottemaassa\",\"item\":\"https:\/\/lottemaa.ee\/fi\/paiva-lottemaassa\/\"},{\"@type\":\"ListItem\",\"position\":3,\"name\":\"Keksinn\u00f6t\",\"item\":\"https:\/\/lottemaa.ee\/fi\/paiva-lottemaassa\/keksinnot\/\"},{\"@type\":\"ListItem\",\"position\":4,\"name\":\"HUUTOPUTKI\"}]},{\"@type\":\"WebSite\",\"@id\":\"https:\/\/lottemaa.ee\/#website\",\"url\":\"https:\/\/lottemaa.ee\/\",\"name\":\"Lottemaa Teemapark\",\"description\":\"Baltimaade suurim ja k\u00f5ige \u00e4gedam kogupere teemapark Eestis P\u00e4rnumaal\",\"publisher\":{\"@id\":\"https:\/\/lottemaa.ee\/#organization\"},\"potentialAction\":[{\"@type\":\"SearchAction\",\"target\":{\"@type\":\"EntryPoint\",\"urlTemplate\":\"https:\/\/lottemaa.ee\/?s={search_term_string}\"},\"query-input\":{\"@type\":\"PropertyValueSpecification\",\"valueRequired\":true,\"valueName\":\"search_term_string\"}}],\"inLanguage\":\"fi\"},{\"@type\":\"Organization\",\"@id\":\"https:\/\/lottemaa.ee\/#organization\",\"name\":\"Lottemaa Teemapark\",\"url\":\"https:\/\/lottemaa.ee\/\",\"logo\":{\"@type\":\"ImageObject\",\"inLanguage\":\"fi\",\"@id\":\"https:\/\/lottemaa.ee\/#\/schema\/logo\/image\/\",\"url\":\"https:\/\/lottemaa.ee\/wp-content\/uploads\/2018\/12\/Lottemaa_LOGO.png\",\"contentUrl\":\"https:\/\/lottemaa.ee\/wp-content\/uploads\/2018\/12\/Lottemaa_LOGO.png\",\"width\":1024,\"height\":518,\"caption\":\"Lottemaa Teemapark\"},\"image\":{\"@id\":\"https:\/\/lottemaa.ee\/#\/schema\/logo\/image\/\"}}]}<\/script>\n<!-- \/ Yoast SEO plugin. -->","yoast_head_json":{"title":"HUUTOPUTKI | Lottemaa Teemapark","robots":{"index":"index","follow":"follow","max-snippet":"max-snippet:-1","max-image-preview":"max-image-preview:large","max-video-preview":"max-video-preview:-1"},"canonical":"https:\/\/lottemaa.ee\/fi\/paiva-lottemaassa\/keksinnot\/huutoputki\/","og_locale":"fi_FI","og_type":"article","og_title":"HUUTOPUTKI | Lottemaa Teemapark","og_description":"Lottemaan SUUREN KEKSIMISKILPAILUN 2021 voittajaty\u00f6 on Albert, 5, ja Uku, 2, Laidren keksint\u00f6. Huutoputki auttaa vaikeina hetkin\u00e4 k\u00e4sittelem\u00e4\u00e4n mielipahan tunteita, jotka joskus tahtovat vallata mielen ja kieppua p\u00e4\u00e4ss\u00e4. Huutoputki on laite, jonka sis\u00e4\u00e4n voi huutamalla purkaa tunteitaan. Koska paha mieli on biohajoavaa, huutoputken toinen p\u00e4\u00e4 on kaivettu maan sis\u00e4\u00e4n. Putken p\u00e4\u00e4ss\u00e4 oleva suodatin auttaa v\u00e4ltt\u00e4m\u00e4\u00e4n &hellip; Continued","og_url":"https:\/\/lottemaa.ee\/fi\/paiva-lottemaassa\/keksinnot\/huutoputki\/","og_site_name":"Lottemaa Teemapark","article_modified_time":"2024-09-27T08:46:12+00:00","og_image":[{"width":2560,"height":1695,"url":"https:\/\/lottemaa.ee\/wp-content\/uploads\/2022\/02\/DSC_6351-scaled.jpg","type":"image\/jpeg"}],"twitter_card":"summary_large_image","twitter_misc":{"Arvioitu lukuaika":"1 minuutti"},"schema":{"@context":"https:\/\/schema.org","@graph":[{"@type":"WebPage","@id":"https:\/\/lottemaa.ee\/fi\/paiva-lottemaassa\/keksinnot\/huutoputki\/","url":"https:\/\/lottemaa.ee\/fi\/paiva-lottemaassa\/keksinnot\/huutoputki\/","name":"HUUTOPUTKI | Lottemaa Teemapark","isPartOf":{"@id":"https:\/\/lottemaa.ee\/#website"},"primaryImageOfPage":{"@id":"https:\/\/lottemaa.ee\/fi\/paiva-lottemaassa\/keksinnot\/huutoputki\/#primaryimage"},"image":{"@id":"https:\/\/lottemaa.ee\/fi\/paiva-lottemaassa\/keksinnot\/huutoputki\/#primaryimage"},"thumbnailUrl":"https:\/\/lottemaa.ee\/wp-content\/uploads\/2022\/02\/DSC_6351-scaled.jpg","datePublished":"2023-02-10T12:16:07+00:00","dateModified":"2024-09-27T08:46:12+00:00","breadcrumb":{"@id":"https:\/\/lottemaa.ee\/fi\/paiva-lottemaassa\/keksinnot\/huutoputki\/#breadcrumb"},"inLanguage":"fi","potentialAction":[{"@type":"ReadAction","target":["https:\/\/lottemaa.ee\/fi\/paiva-lottemaassa\/keksinnot\/huutoputki\/"]}]},{"@type":"ImageObject","inLanguage":"fi","@id":"https:\/\/lottemaa.ee\/fi\/paiva-lottemaassa\/keksinnot\/huutoputki\/#primaryimage","url":"https:\/\/lottemaa.ee\/wp-content\/uploads\/2022\/02\/DSC_6351-scaled.jpg","contentUrl":"https:\/\/lottemaa.ee\/wp-content\/uploads\/2022\/02\/DSC_6351-scaled.jpg","width":2560,"height":1695},{"@type":"BreadcrumbList","@id":"https:\/\/lottemaa.ee\/fi\/paiva-lottemaassa\/keksinnot\/huutoputki\/#breadcrumb","itemListElement":[{"@type":"ListItem","position":1,"name":"Home","item":"https:\/\/lottemaa.ee\/fi\/"},{"@type":"ListItem","position":2,"name":"P\u00e4iv\u00e4 Lottemaassa","item":"https:\/\/lottemaa.ee\/fi\/paiva-lottemaassa\/"},{"@type":"ListItem","position":3,"name":"Keksinn\u00f6t","item":"https:\/\/lottemaa.ee\/fi\/paiva-lottemaassa\/keksinnot\/"},{"@type":"ListItem","position":4,"name":"HUUTOPUTKI"}]},{"@type":"WebSite","@id":"https:\/\/lottemaa.ee\/#website","url":"https:\/\/lottemaa.ee\/","name":"Lottemaa Teemapark","description":"Baltimaade suurim ja k\u00f5ige \u00e4gedam kogupere teemapark Eestis P\u00e4rnumaal","publisher":{"@id":"https:\/\/lottemaa.ee\/#organization"},"potentialAction":[{"@type":"SearchAction","target":{"@type":"EntryPoint","urlTemplate":"https:\/\/lottemaa.ee\/?s={search_term_string}"},"query-input":{"@type":"PropertyValueSpecification","valueRequired":true,"valueName":"search_term_string"}}],"inLanguage":"fi"},{"@type":"Organization","@id":"https:\/\/lottemaa.ee\/#organization","name":"Lottemaa Teemapark","url":"https:\/\/lottemaa.ee\/","logo":{"@type":"ImageObject","inLanguage":"fi","@id":"https:\/\/lottemaa.ee\/#\/schema\/logo\/image\/","url":"https:\/\/lottemaa.ee\/wp-content\/uploads\/2018\/12\/Lottemaa_LOGO.png","contentUrl":"https:\/\/lottemaa.ee\/wp-content\/uploads\/2018\/12\/Lottemaa_LOGO.png","width":1024,"height":518,"caption":"Lottemaa Teemapark"},"image":{"@id":"https:\/\/lottemaa.ee\/#\/schema\/logo\/image\/"}}]}},"_links":{"self":[{"href":"https:\/\/lottemaa.ee\/fi\/wp-json\/wp\/v2\/pages\/20461","targetHints":{"allow":["GET"]}}],"collection":[{"href":"https:\/\/lottemaa.ee\/fi\/wp-json\/wp\/v2\/pages"}],"about":[{"href":"https:\/\/lottemaa.ee\/fi\/wp-json\/wp\/v2\/types\/page"}],"author":[{"embeddable":true,"href":"https:\/\/lottemaa.ee\/fi\/wp-json\/wp\/v2\/users\/11"}],"replies":[{"embeddable":true,"href":"https:\/\/lottemaa.ee\/fi\/wp-json\/wp\/v2\/comments?post=20461"}],"version-history":[{"count":2,"href":"https:\/\/lottemaa.ee\/fi\/wp-json\/wp\/v2\/pages\/20461\/revisions"}],"predecessor-version":[{"id":28629,"href":"https:\/\/lottemaa.ee\/fi\/wp-json\/wp\/v2\/pages\/20461\/revisions\/28629"}],"up":[{"embeddable":true,"href":"https:\/\/lottemaa.ee\/fi\/wp-json\/wp\/v2\/pages\/1250"}],"wp:featuredmedia":[{"embeddable":true,"href":"https:\/\/lottemaa.ee\/fi\/wp-json\/wp\/v2\/media\/12566"}],"wp:attachment":[{"href":"https:\/\/lottemaa.ee\/fi\/wp-json\/wp\/v2\/media?parent=20461"}],"curies":[{"name":"wp","href":"https:\/\/api.w.org\/{rel}","templated":true}]}}