{"id":18618,"date":"2022-12-21T09:58:08","date_gmt":"2022-12-21T07:58:08","guid":{"rendered":"https:\/\/lottemaa.ee\/?page_id=18618"},"modified":"2025-11-11T14:02:26","modified_gmt":"2025-11-11T12:02:26","slug":"jarjesta-tapahtuma-lottemaal","status":"publish","type":"page","link":"https:\/\/lottemaa.ee\/fi\/jarjesta-tapahtuma\/jarjesta-tapahtuma-lottemaal\/","title":{"rendered":"J\u00e4rjest\u00e4 tapahtuma Lottemaal"},"content":{"rendered":"<p style=\"text-align: left;\">Riko rutiinit ja tuo ty\u00f6kaverisi pit\u00e4m\u00e4\u00e4n seminaari, koulutus tai yritystapahtuma perinteisen konferenssikeskuksen sijaan keskelle P\u00e4rnumaan rannikkometsi\u00e4. Tulkaa betoniseinien sis\u00e4lt\u00e4 Lottemaan v\u00e4rikk\u00e4\u00e4seen ja inspiroivaan ymp\u00e4rist\u00f6\u00f6n.<\/p>\n<h3 style=\"text-align: left;\"><span style=\"color: #0000ff;\">Lottemaan teemapuisto sopii erinomaisesti erilaisten yksityistilaisuuksien ja yritystapahtumien j\u00e4rjest\u00e4miseen:<\/span><\/h3>\n<p style=\"text-align: left;\">\u2013 yritysten perhep\u00e4iv\u00e4t<br \/>\n\u2013 kes\u00e4p\u00e4iv\u00e4t, talvip\u00e4iv\u00e4t<br \/>\n\u2013 tiimitapahtumat<br \/>\n\u2013 seminaarit ja konferenssit<br \/>\n\u2013 h\u00e4\u00e4t, syntym\u00e4p\u00e4iv\u00e4t ja merkkip\u00e4iv\u00e4t.<br \/>\nMeilt\u00e4 voi vuokrata erilaisia taloja, teatteri- ja konserttilavoja, stadionin, seikkailupuiston, uimarannan ja kahvilan, ravintolan tai vaikka koko teemapuiston. Kaikkein t\u00e4rkeint\u00e4 kuitenkin on se, ett\u00e4 meill\u00e4 on lahjakkaita n\u00e4yttelij\u00f6it\u00e4, jotka tekev\u00e4t jokaisesta tapahtumasta ikimuistoisen.<\/p>\n<h3 style=\"text-align: left;\"><span style=\"color: #ff0000;\">HINNAT:<\/span><\/h3>\n<p style=\"text-align: left;\">\u2013 Teemapuiston 1 talon, konserttilavan, teatterilavan, stadionin tai seikkailupuiston vuokraus \u2013 alkaen<span style=\"color: #000000;\"><strong> 250 \u20ac<\/strong> <\/span>\/ 1 t<br \/>\n\u2013 Koko teemapuiston vuokraus \u2013 alkaen <span style=\"color: #000000;\"><strong>4 200 \u20ac<\/strong><\/span><br \/>\n\u2013 Lottemaan n\u00e4yttelij\u00e4n (vironkielinen) tilaus tapahtuman toteuttamiseen \u2013 alkaen <span style=\"color: #000000;\"><strong>250 \u20ac<\/strong> <\/span>\/ 1 t<br \/>\n\u2013 Lottemaan 4 t kest\u00e4v\u00e4 ohjelma (vironkielinen) \u2013 alkaen<span style=\"color: #000000;\"><strong> 7 500 \u20ac<\/strong><\/span>.<\/p>\n<h3 style=\"text-align: left;\"><span style=\"color: #0000ff;\">Tarjous on voimassa:<\/span><\/h3>\n<p style=\"text-align: left;\">\u2013 sesongin ulkopuolella ma\u2013su enint. 8 t<br \/>\n\u2013 Lottemaan kes\u00e4kaudella ma\u2013su <span style=\"color: #000000;\"><strong>19.00\u201323.00<\/strong><\/span>, talvella ma\u2013su <span style=\"color: #000000;\"><strong>17.00\u201323.00<\/strong><\/span>.<\/p>\n<h3 style=\"text-align: left;\"><span style=\"color: #ff0000;\">Lis\u00e4maksusta:<\/span><\/h3>\n<p style=\"text-align: left;\">\u2013 Pient\u00e4 purtavaa, kahvia ja teet\u00e4<br \/>\n\u2013 Ruokailu<br \/>\n\u2013 Osallistujien kuljetus junalla pys\u00e4k\u00f6intialueelta Keksij\u00e4kyl\u00e4n portille ja takaisin <span style=\"color: #000000;\"><strong>350 \u20ac<\/strong><\/span> \/ 1 t<br \/>\n\u2013 Lottemaa-aiheiset lahjat Arturin puodista, tutustu valikoimaan <strong><a href=\"https:\/\/e-pood.lottemaa.ee\/en\">T\u00c4\u00c4LT\u00c4 \u00bb<\/a><\/strong><br \/>\n\u2013 Majoitus, sis. aamiaisen ja kylpyl\u00e4n, P\u00e4rnussa<strong> <a href=\"https:\/\/www.strand.ee\/fi\/\">Strand SPA &amp; Conference Hotellissa<\/a>.<\/strong><\/p>\n<p style=\"text-align: left;\">Hintoihin lis\u00e4t\u00e4\u00e4n arvonlis\u00e4vero.<br \/>\nOta rohkeasti yhteytt\u00e4, niin neuvottelemme ideastasi <strong><a href=\"mailto:tellimine@lottemaa.ee\">tellimine@lottemaa.ee<\/a><\/strong><\/p>\n<h3><span style=\"color: #0000ff;\">UUTTA! Ravintolan vuokraaminen<\/span><\/h3>\n<p>Murra rutiinit ja j\u00e4rjest\u00e4 tapahtumasi Lottemaan v\u00e4rikk\u00e4\u00e4ss\u00e4 ja inspiroivassa ymp\u00e4rist\u00f6ss\u00e4, Keksij\u00e4kyl\u00e4n upouudessa RAVINTOLASSA. Uusi paikka on suunniteltu\u00a0<strong>juhlien ja illallisten, konserttien ja teatteriesitysten, koulutusten ja seminaarien j\u00e4rjest\u00e4miseen.<\/strong><\/p>\n<ul>\n<li>Rakennus on pinta-alaltaan<strong>\u00a0300 m2<\/strong>\u00a0ja sinne mahtuu jopa<strong>\u00a0250<\/strong>\u00a0vierasta<\/li>\n<li>Kes\u00e4isin avoinna on terassi, jossa on\u00a0<strong>100<\/strong>\u00a0istumapaikkaa<\/li>\n<li>Ravintolamme kokit huolehtivat siit\u00e4, ett\u00e4 tapahtumaasi osallistujat voivat nauttia\u00a0<strong>virkist\u00e4vist\u00e4 pikkupurtavista ja kahvitauoista<\/strong><\/li>\n<li>Ryhm\u00e4menusta l\u00f6ytyy maukkaita ratkaisuja\u00a0<strong>lounaan ja illallisen<\/strong>\u00a0j\u00e4rjest\u00e4miseen<\/li>\n<li>Meill\u00e4 toimii my\u00f6s\u00a0<strong>cocktailbaari<\/strong><\/li>\n<li>Kokeneet <strong>n\u00e4yttelij\u00e4mme<\/strong> auttavat sinua toteuttamaan tapahtumasi Keksij\u00e4kyl\u00e4n hahmoina tai illan inspiroivina juontajina<\/li>\n<\/ul>\n<p>Hinta:<\/p>\n<p><strong>alk. 250 \u20ac \/ 1 h + alv<\/strong><\/p>\n<h3><span style=\"color: #ff0000;\">LIS\u00c4MAKSUSTA:<\/span><\/h3>\n<ul>\n<li>\u00c4\u00e4ni- ja valoratkaisut<\/li>\n<li>Moduulilava<\/li>\n<li>Pient\u00e4 purtavaa, kahvia ja teet\u00e4, katso kahvitaukojen menu<\/li>\n<li>Ruokailu, katso ryhm\u00e4menut<\/li>\n<li>N\u00e4yttelij\u00f6iden vuokraaminen<\/li>\n<li>Osallistujien kuljetus junalla puistosta Keksij\u00e4kyl\u00e4n portille ja takaisin<\/li>\n<li>Majoitus P\u00e4rnussa, sis. aamiaisen ja kylpyl\u00e4n\u00a0<a href=\"https:\/\/www.hestiahotels.com\/strand\/\"><strong>Hestia Hotel Strandissa \u00bb<\/strong><\/a><\/li>\n<\/ul>\n<p><strong>Kysy tarjous:\u00a0<\/strong><a href=\"mailto:tellimine@lottemaa.ee\"><strong>tellimine@lottemaa.ee<\/strong><\/a><\/p>\n","protected":false},"excerpt":{"rendered":"<p>Riko rutiinit ja tuo ty\u00f6kaverisi pit\u00e4m\u00e4\u00e4n seminaari, koulutus tai yritystapahtuma perinteisen konferenssikeskuksen sijaan keskelle P\u00e4rnumaan rannikkometsi\u00e4. Tulkaa betoniseinien sis\u00e4lt\u00e4 Lottemaan v\u00e4rikk\u00e4\u00e4seen ja inspiroivaan ymp\u00e4rist\u00f6\u00f6n. Lottemaan teemapuisto sopii erinomaisesti erilaisten yksityistilaisuuksien ja yritystapahtumien j\u00e4rjest\u00e4miseen: \u2013 yritysten perhep\u00e4iv\u00e4t \u2013 kes\u00e4p\u00e4iv\u00e4t, talvip\u00e4iv\u00e4t \u2013 tiimitapahtumat \u2013 seminaarit ja konferenssit \u2013 h\u00e4\u00e4t, syntym\u00e4p\u00e4iv\u00e4t ja merkkip\u00e4iv\u00e4t. Meilt\u00e4 voi vuokrata erilaisia taloja, &hellip; <a href=\"https:\/\/lottemaa.ee\/fi\/jarjesta-tapahtuma\/jarjesta-tapahtuma-lottemaal\/\">Continued<\/a><\/p>\n","protected":false},"author":11,"featured_media":7412,"parent":11903,"menu_order":286,"comment_status":"closed","ping_status":"closed","template":"","meta":{"_acf_changed":false,"om_disable_all_campaigns":false,"_uf_show_specific_survey":0,"_uf_disable_surveys":false,"footnotes":""},"class_list":["post-18618","page","type-page","status-publish","has-post-thumbnail","hentry"],"acf":[],"yoast_head":"<!-- This site is optimized with the Yoast SEO plugin v25.5 - https:\/\/yoast.com\/wordpress\/plugins\/seo\/ -->\n<title>J\u00e4rjest\u00e4 tapahtuma Lottemaal | Lottemaa Teemapark<\/title>\n<meta name=\"robots\" content=\"index, follow, max-snippet:-1, max-image-preview:large, max-video-preview:-1\" \/>\n<link rel=\"canonical\" href=\"https:\/\/lottemaa.ee\/fi\/jarjesta-tapahtuma\/jarjesta-tapahtuma-lottemaal\/\" \/>\n<meta property=\"og:locale\" content=\"fi_FI\" \/>\n<meta property=\"og:type\" content=\"article\" \/>\n<meta property=\"og:title\" content=\"J\u00e4rjest\u00e4 tapahtuma Lottemaal | Lottemaa Teemapark\" \/>\n<meta property=\"og:description\" content=\"Riko rutiinit ja tuo ty\u00f6kaverisi pit\u00e4m\u00e4\u00e4n seminaari, koulutus tai yritystapahtuma perinteisen konferenssikeskuksen sijaan keskelle P\u00e4rnumaan rannikkometsi\u00e4. Tulkaa betoniseinien sis\u00e4lt\u00e4 Lottemaan v\u00e4rikk\u00e4\u00e4seen ja inspiroivaan ymp\u00e4rist\u00f6\u00f6n. Lottemaan teemapuisto sopii erinomaisesti erilaisten yksityistilaisuuksien ja yritystapahtumien j\u00e4rjest\u00e4miseen: \u2013 yritysten perhep\u00e4iv\u00e4t \u2013 kes\u00e4p\u00e4iv\u00e4t, talvip\u00e4iv\u00e4t \u2013 tiimitapahtumat \u2013 seminaarit ja konferenssit \u2013 h\u00e4\u00e4t, syntym\u00e4p\u00e4iv\u00e4t ja merkkip\u00e4iv\u00e4t. Meilt\u00e4 voi vuokrata erilaisia taloja, &hellip; Continued\" \/>\n<meta property=\"og:url\" content=\"https:\/\/lottemaa.ee\/fi\/jarjesta-tapahtuma\/jarjesta-tapahtuma-lottemaal\/\" \/>\n<meta property=\"og:site_name\" content=\"Lottemaa Teemapark\" \/>\n<meta property=\"article:modified_time\" content=\"2025-11-11T12:02:26+00:00\" \/>\n<meta property=\"og:image\" content=\"https:\/\/lottemaa.ee\/wp-content\/uploads\/2019\/03\/toole_285x296-1.jpg\" \/>\n\t<meta property=\"og:image:width\" content=\"296\" \/>\n\t<meta property=\"og:image:height\" content=\"285\" \/>\n\t<meta property=\"og:image:type\" content=\"image\/jpeg\" \/>\n<meta name=\"twitter:card\" content=\"summary_large_image\" \/>\n<meta name=\"twitter:label1\" content=\"Arvioitu lukuaika\" \/>\n\t<meta name=\"twitter:data1\" content=\"2 minuuttia\" \/>\n<script type=\"application\/ld+json\" class=\"yoast-schema-graph\">{\"@context\":\"https:\/\/schema.org\",\"@graph\":[{\"@type\":\"WebPage\",\"@id\":\"https:\/\/lottemaa.ee\/fi\/jarjesta-tapahtuma\/jarjesta-tapahtuma-lottemaal\/\",\"url\":\"https:\/\/lottemaa.ee\/fi\/jarjesta-tapahtuma\/jarjesta-tapahtuma-lottemaal\/\",\"name\":\"J\u00e4rjest\u00e4 tapahtuma Lottemaal | Lottemaa Teemapark\",\"isPartOf\":{\"@id\":\"https:\/\/lottemaa.ee\/#website\"},\"primaryImageOfPage\":{\"@id\":\"https:\/\/lottemaa.ee\/fi\/jarjesta-tapahtuma\/jarjesta-tapahtuma-lottemaal\/#primaryimage\"},\"image\":{\"@id\":\"https:\/\/lottemaa.ee\/fi\/jarjesta-tapahtuma\/jarjesta-tapahtuma-lottemaal\/#primaryimage\"},\"thumbnailUrl\":\"https:\/\/lottemaa.ee\/wp-content\/uploads\/2019\/03\/toole_285x296-1.jpg\",\"datePublished\":\"2022-12-21T07:58:08+00:00\",\"dateModified\":\"2025-11-11T12:02:26+00:00\",\"breadcrumb\":{\"@id\":\"https:\/\/lottemaa.ee\/fi\/jarjesta-tapahtuma\/jarjesta-tapahtuma-lottemaal\/#breadcrumb\"},\"inLanguage\":\"fi\",\"potentialAction\":[{\"@type\":\"ReadAction\",\"target\":[\"https:\/\/lottemaa.ee\/fi\/jarjesta-tapahtuma\/jarjesta-tapahtuma-lottemaal\/\"]}]},{\"@type\":\"ImageObject\",\"inLanguage\":\"fi\",\"@id\":\"https:\/\/lottemaa.ee\/fi\/jarjesta-tapahtuma\/jarjesta-tapahtuma-lottemaal\/#primaryimage\",\"url\":\"https:\/\/lottemaa.ee\/wp-content\/uploads\/2019\/03\/toole_285x296-1.jpg\",\"contentUrl\":\"https:\/\/lottemaa.ee\/wp-content\/uploads\/2019\/03\/toole_285x296-1.jpg\",\"width\":296,\"height\":285},{\"@type\":\"BreadcrumbList\",\"@id\":\"https:\/\/lottemaa.ee\/fi\/jarjesta-tapahtuma\/jarjesta-tapahtuma-lottemaal\/#breadcrumb\",\"itemListElement\":[{\"@type\":\"ListItem\",\"position\":1,\"name\":\"Home\",\"item\":\"https:\/\/lottemaa.ee\/fi\/\"},{\"@type\":\"ListItem\",\"position\":2,\"name\":\"J\u00c4RJEST\u00c4 TAPAHTUMA\",\"item\":\"https:\/\/lottemaa.ee\/fi\/jarjesta-tapahtuma\/\"},{\"@type\":\"ListItem\",\"position\":3,\"name\":\"J\u00e4rjest\u00e4 tapahtuma Lottemaal\"}]},{\"@type\":\"WebSite\",\"@id\":\"https:\/\/lottemaa.ee\/#website\",\"url\":\"https:\/\/lottemaa.ee\/\",\"name\":\"Lottemaa Teemapark\",\"description\":\"Baltimaade suurim ja k\u00f5ige \u00e4gedam kogupere teemapark Eestis P\u00e4rnumaal\",\"publisher\":{\"@id\":\"https:\/\/lottemaa.ee\/#organization\"},\"potentialAction\":[{\"@type\":\"SearchAction\",\"target\":{\"@type\":\"EntryPoint\",\"urlTemplate\":\"https:\/\/lottemaa.ee\/?s={search_term_string}\"},\"query-input\":{\"@type\":\"PropertyValueSpecification\",\"valueRequired\":true,\"valueName\":\"search_term_string\"}}],\"inLanguage\":\"fi\"},{\"@type\":\"Organization\",\"@id\":\"https:\/\/lottemaa.ee\/#organization\",\"name\":\"Lottemaa Teemapark\",\"url\":\"https:\/\/lottemaa.ee\/\",\"logo\":{\"@type\":\"ImageObject\",\"inLanguage\":\"fi\",\"@id\":\"https:\/\/lottemaa.ee\/#\/schema\/logo\/image\/\",\"url\":\"https:\/\/lottemaa.ee\/wp-content\/uploads\/2018\/12\/Lottemaa_LOGO.png\",\"contentUrl\":\"https:\/\/lottemaa.ee\/wp-content\/uploads\/2018\/12\/Lottemaa_LOGO.png\",\"width\":1024,\"height\":518,\"caption\":\"Lottemaa Teemapark\"},\"image\":{\"@id\":\"https:\/\/lottemaa.ee\/#\/schema\/logo\/image\/\"}}]}<\/script>\n<!-- \/ Yoast SEO plugin. -->","yoast_head_json":{"title":"J\u00e4rjest\u00e4 tapahtuma Lottemaal | Lottemaa Teemapark","robots":{"index":"index","follow":"follow","max-snippet":"max-snippet:-1","max-image-preview":"max-image-preview:large","max-video-preview":"max-video-preview:-1"},"canonical":"https:\/\/lottemaa.ee\/fi\/jarjesta-tapahtuma\/jarjesta-tapahtuma-lottemaal\/","og_locale":"fi_FI","og_type":"article","og_title":"J\u00e4rjest\u00e4 tapahtuma Lottemaal | Lottemaa Teemapark","og_description":"Riko rutiinit ja tuo ty\u00f6kaverisi pit\u00e4m\u00e4\u00e4n seminaari, koulutus tai yritystapahtuma perinteisen konferenssikeskuksen sijaan keskelle P\u00e4rnumaan rannikkometsi\u00e4. Tulkaa betoniseinien sis\u00e4lt\u00e4 Lottemaan v\u00e4rikk\u00e4\u00e4seen ja inspiroivaan ymp\u00e4rist\u00f6\u00f6n. Lottemaan teemapuisto sopii erinomaisesti erilaisten yksityistilaisuuksien ja yritystapahtumien j\u00e4rjest\u00e4miseen: \u2013 yritysten perhep\u00e4iv\u00e4t \u2013 kes\u00e4p\u00e4iv\u00e4t, talvip\u00e4iv\u00e4t \u2013 tiimitapahtumat \u2013 seminaarit ja konferenssit \u2013 h\u00e4\u00e4t, syntym\u00e4p\u00e4iv\u00e4t ja merkkip\u00e4iv\u00e4t. Meilt\u00e4 voi vuokrata erilaisia taloja, &hellip; Continued","og_url":"https:\/\/lottemaa.ee\/fi\/jarjesta-tapahtuma\/jarjesta-tapahtuma-lottemaal\/","og_site_name":"Lottemaa Teemapark","article_modified_time":"2025-11-11T12:02:26+00:00","og_image":[{"width":296,"height":285,"url":"https:\/\/lottemaa.ee\/wp-content\/uploads\/2019\/03\/toole_285x296-1.jpg","type":"image\/jpeg"}],"twitter_card":"summary_large_image","twitter_misc":{"Arvioitu lukuaika":"2 minuuttia"},"schema":{"@context":"https:\/\/schema.org","@graph":[{"@type":"WebPage","@id":"https:\/\/lottemaa.ee\/fi\/jarjesta-tapahtuma\/jarjesta-tapahtuma-lottemaal\/","url":"https:\/\/lottemaa.ee\/fi\/jarjesta-tapahtuma\/jarjesta-tapahtuma-lottemaal\/","name":"J\u00e4rjest\u00e4 tapahtuma Lottemaal | Lottemaa Teemapark","isPartOf":{"@id":"https:\/\/lottemaa.ee\/#website"},"primaryImageOfPage":{"@id":"https:\/\/lottemaa.ee\/fi\/jarjesta-tapahtuma\/jarjesta-tapahtuma-lottemaal\/#primaryimage"},"image":{"@id":"https:\/\/lottemaa.ee\/fi\/jarjesta-tapahtuma\/jarjesta-tapahtuma-lottemaal\/#primaryimage"},"thumbnailUrl":"https:\/\/lottemaa.ee\/wp-content\/uploads\/2019\/03\/toole_285x296-1.jpg","datePublished":"2022-12-21T07:58:08+00:00","dateModified":"2025-11-11T12:02:26+00:00","breadcrumb":{"@id":"https:\/\/lottemaa.ee\/fi\/jarjesta-tapahtuma\/jarjesta-tapahtuma-lottemaal\/#breadcrumb"},"inLanguage":"fi","potentialAction":[{"@type":"ReadAction","target":["https:\/\/lottemaa.ee\/fi\/jarjesta-tapahtuma\/jarjesta-tapahtuma-lottemaal\/"]}]},{"@type":"ImageObject","inLanguage":"fi","@id":"https:\/\/lottemaa.ee\/fi\/jarjesta-tapahtuma\/jarjesta-tapahtuma-lottemaal\/#primaryimage","url":"https:\/\/lottemaa.ee\/wp-content\/uploads\/2019\/03\/toole_285x296-1.jpg","contentUrl":"https:\/\/lottemaa.ee\/wp-content\/uploads\/2019\/03\/toole_285x296-1.jpg","width":296,"height":285},{"@type":"BreadcrumbList","@id":"https:\/\/lottemaa.ee\/fi\/jarjesta-tapahtuma\/jarjesta-tapahtuma-lottemaal\/#breadcrumb","itemListElement":[{"@type":"ListItem","position":1,"name":"Home","item":"https:\/\/lottemaa.ee\/fi\/"},{"@type":"ListItem","position":2,"name":"J\u00c4RJEST\u00c4 TAPAHTUMA","item":"https:\/\/lottemaa.ee\/fi\/jarjesta-tapahtuma\/"},{"@type":"ListItem","position":3,"name":"J\u00e4rjest\u00e4 tapahtuma Lottemaal"}]},{"@type":"WebSite","@id":"https:\/\/lottemaa.ee\/#website","url":"https:\/\/lottemaa.ee\/","name":"Lottemaa Teemapark","description":"Baltimaade suurim ja k\u00f5ige \u00e4gedam kogupere teemapark Eestis P\u00e4rnumaal","publisher":{"@id":"https:\/\/lottemaa.ee\/#organization"},"potentialAction":[{"@type":"SearchAction","target":{"@type":"EntryPoint","urlTemplate":"https:\/\/lottemaa.ee\/?s={search_term_string}"},"query-input":{"@type":"PropertyValueSpecification","valueRequired":true,"valueName":"search_term_string"}}],"inLanguage":"fi"},{"@type":"Organization","@id":"https:\/\/lottemaa.ee\/#organization","name":"Lottemaa Teemapark","url":"https:\/\/lottemaa.ee\/","logo":{"@type":"ImageObject","inLanguage":"fi","@id":"https:\/\/lottemaa.ee\/#\/schema\/logo\/image\/","url":"https:\/\/lottemaa.ee\/wp-content\/uploads\/2018\/12\/Lottemaa_LOGO.png","contentUrl":"https:\/\/lottemaa.ee\/wp-content\/uploads\/2018\/12\/Lottemaa_LOGO.png","width":1024,"height":518,"caption":"Lottemaa Teemapark"},"image":{"@id":"https:\/\/lottemaa.ee\/#\/schema\/logo\/image\/"}}]}},"_links":{"self":[{"href":"https:\/\/lottemaa.ee\/fi\/wp-json\/wp\/v2\/pages\/18618","targetHints":{"allow":["GET"]}}],"collection":[{"href":"https:\/\/lottemaa.ee\/fi\/wp-json\/wp\/v2\/pages"}],"about":[{"href":"https:\/\/lottemaa.ee\/fi\/wp-json\/wp\/v2\/types\/page"}],"author":[{"embeddable":true,"href":"https:\/\/lottemaa.ee\/fi\/wp-json\/wp\/v2\/users\/11"}],"replies":[{"embeddable":true,"href":"https:\/\/lottemaa.ee\/fi\/wp-json\/wp\/v2\/comments?post=18618"}],"version-history":[{"count":5,"href":"https:\/\/lottemaa.ee\/fi\/wp-json\/wp\/v2\/pages\/18618\/revisions"}],"predecessor-version":[{"id":31910,"href":"https:\/\/lottemaa.ee\/fi\/wp-json\/wp\/v2\/pages\/18618\/revisions\/31910"}],"up":[{"embeddable":true,"href":"https:\/\/lottemaa.ee\/fi\/wp-json\/wp\/v2\/pages\/11903"}],"wp:featuredmedia":[{"embeddable":true,"href":"https:\/\/lottemaa.ee\/fi\/wp-json\/wp\/v2\/media\/7412"}],"wp:attachment":[{"href":"https:\/\/lottemaa.ee\/fi\/wp-json\/wp\/v2\/media?parent=18618"}],"curies":[{"name":"wp","href":"https:\/\/api.w.org\/{rel}","templated":true}]}}