{"id":1849,"date":"2016-05-19T12:27:09","date_gmt":"2016-05-19T09:27:09","guid":{"rendered":"http:\/\/test.lottemaa.ee\/fi\/?page_id=1849"},"modified":"2022-04-12T15:46:59","modified_gmt":"2022-04-12T12:46:59","slug":"erikoistarjoukset","status":"publish","type":"page","link":"https:\/\/lottemaa.ee\/fi\/erikoistarjoukset\/","title":{"rendered":"Erikoistarjoukset"},"content":{"rendered":"","protected":false},"excerpt":{"rendered":"","protected":false},"author":1,"featured_media":350,"parent":0,"menu_order":797,"comment_status":"closed","ping_status":"closed","template":"page-3-columns.php","meta":{"_acf_changed":false,"om_disable_all_campaigns":false,"_uf_show_specific_survey":0,"_uf_disable_surveys":false,"footnotes":""},"class_list":["post-1849","page","type-page","status-publish","has-post-thumbnail","hentry"],"acf":[],"yoast_head":"<!-- This site is optimized with the Yoast SEO plugin v25.5 - https:\/\/yoast.com\/wordpress\/plugins\/seo\/ -->\n<title>Sooduspakkumised | Eripakkumised | Lottemaa Teemapark<\/title>\n<meta name=\"description\" content=\"Pakkumine gruppidele, koolidele ja lasteaedadele, Lotte ja Lottemaa programmi tellimine \u00fcritustele. Vaata meie pakkumisi siit.\" \/>\n<meta name=\"robots\" content=\"index, follow, max-snippet:-1, max-image-preview:large, max-video-preview:-1\" \/>\n<link rel=\"canonical\" href=\"https:\/\/lottemaa.ee\/fi\/erikoistarjoukset\/\" \/>\n<meta property=\"og:locale\" content=\"fi_FI\" \/>\n<meta property=\"og:type\" content=\"article\" \/>\n<meta property=\"og:title\" content=\"Sooduspakkumised | Eripakkumised | Lottemaa Teemapark\" \/>\n<meta property=\"og:description\" content=\"Pakkumine gruppidele, koolidele ja lasteaedadele, Lotte ja Lottemaa programmi tellimine \u00fcritustele. Vaata meie pakkumisi siit.\" \/>\n<meta property=\"og:url\" content=\"https:\/\/lottemaa.ee\/fi\/erikoistarjoukset\/\" \/>\n<meta property=\"og:site_name\" content=\"Lottemaa Teemapark\" \/>\n<meta property=\"article:modified_time\" content=\"2022-04-12T12:46:59+00:00\" \/>\n<meta name=\"twitter:card\" content=\"summary_large_image\" \/>\n<script type=\"application\/ld+json\" class=\"yoast-schema-graph\">{\"@context\":\"https:\/\/schema.org\",\"@graph\":[{\"@type\":\"WebPage\",\"@id\":\"https:\/\/lottemaa.ee\/fi\/erikoistarjoukset\/\",\"url\":\"https:\/\/lottemaa.ee\/fi\/erikoistarjoukset\/\",\"name\":\"Sooduspakkumised | Eripakkumised | Lottemaa Teemapark\",\"isPartOf\":{\"@id\":\"https:\/\/lottemaa.ee\/#website\"},\"primaryImageOfPage\":{\"@id\":\"https:\/\/lottemaa.ee\/fi\/erikoistarjoukset\/#primaryimage\"},\"image\":{\"@id\":\"https:\/\/lottemaa.ee\/fi\/erikoistarjoukset\/#primaryimage\"},\"thumbnailUrl\":\"https:\/\/lottemaa.ee\/wp-content\/uploads\/2016\/04\/lottemaa-leiutajad.jpg\",\"datePublished\":\"2016-05-19T09:27:09+00:00\",\"dateModified\":\"2022-04-12T12:46:59+00:00\",\"description\":\"Pakkumine gruppidele, koolidele ja lasteaedadele, Lotte ja Lottemaa programmi tellimine \u00fcritustele. Vaata meie pakkumisi siit.\",\"breadcrumb\":{\"@id\":\"https:\/\/lottemaa.ee\/fi\/erikoistarjoukset\/#breadcrumb\"},\"inLanguage\":\"fi\",\"potentialAction\":[{\"@type\":\"ReadAction\",\"target\":[\"https:\/\/lottemaa.ee\/fi\/erikoistarjoukset\/\"]}]},{\"@type\":\"ImageObject\",\"inLanguage\":\"fi\",\"@id\":\"https:\/\/lottemaa.ee\/fi\/erikoistarjoukset\/#primaryimage\",\"url\":\"https:\/\/lottemaa.ee\/wp-content\/uploads\/2016\/04\/lottemaa-leiutajad.jpg\",\"contentUrl\":\"https:\/\/lottemaa.ee\/wp-content\/uploads\/2016\/04\/lottemaa-leiutajad.jpg\",\"width\":285,\"height\":249},{\"@type\":\"BreadcrumbList\",\"@id\":\"https:\/\/lottemaa.ee\/fi\/erikoistarjoukset\/#breadcrumb\",\"itemListElement\":[{\"@type\":\"ListItem\",\"position\":1,\"name\":\"Home\",\"item\":\"https:\/\/lottemaa.ee\/fi\/\"},{\"@type\":\"ListItem\",\"position\":2,\"name\":\"Erikoistarjoukset\"}]},{\"@type\":\"WebSite\",\"@id\":\"https:\/\/lottemaa.ee\/#website\",\"url\":\"https:\/\/lottemaa.ee\/\",\"name\":\"Lottemaa Teemapark\",\"description\":\"Baltimaade suurim ja k\u00f5ige \u00e4gedam kogupere teemapark Eestis P\u00e4rnumaal\",\"publisher\":{\"@id\":\"https:\/\/lottemaa.ee\/#organization\"},\"potentialAction\":[{\"@type\":\"SearchAction\",\"target\":{\"@type\":\"EntryPoint\",\"urlTemplate\":\"https:\/\/lottemaa.ee\/?s={search_term_string}\"},\"query-input\":{\"@type\":\"PropertyValueSpecification\",\"valueRequired\":true,\"valueName\":\"search_term_string\"}}],\"inLanguage\":\"fi\"},{\"@type\":\"Organization\",\"@id\":\"https:\/\/lottemaa.ee\/#organization\",\"name\":\"Lottemaa Teemapark\",\"url\":\"https:\/\/lottemaa.ee\/\",\"logo\":{\"@type\":\"ImageObject\",\"inLanguage\":\"fi\",\"@id\":\"https:\/\/lottemaa.ee\/#\/schema\/logo\/image\/\",\"url\":\"https:\/\/lottemaa.ee\/wp-content\/uploads\/2018\/12\/Lottemaa_LOGO.png\",\"contentUrl\":\"https:\/\/lottemaa.ee\/wp-content\/uploads\/2018\/12\/Lottemaa_LOGO.png\",\"width\":1024,\"height\":518,\"caption\":\"Lottemaa Teemapark\"},\"image\":{\"@id\":\"https:\/\/lottemaa.ee\/#\/schema\/logo\/image\/\"}}]}<\/script>\n<!-- \/ Yoast SEO plugin. -->","yoast_head_json":{"title":"Sooduspakkumised | Eripakkumised | Lottemaa Teemapark","description":"Pakkumine gruppidele, koolidele ja lasteaedadele, Lotte ja Lottemaa programmi tellimine \u00fcritustele. Vaata meie pakkumisi siit.","robots":{"index":"index","follow":"follow","max-snippet":"max-snippet:-1","max-image-preview":"max-image-preview:large","max-video-preview":"max-video-preview:-1"},"canonical":"https:\/\/lottemaa.ee\/fi\/erikoistarjoukset\/","og_locale":"fi_FI","og_type":"article","og_title":"Sooduspakkumised | Eripakkumised | Lottemaa Teemapark","og_description":"Pakkumine gruppidele, koolidele ja lasteaedadele, Lotte ja Lottemaa programmi tellimine \u00fcritustele. Vaata meie pakkumisi siit.","og_url":"https:\/\/lottemaa.ee\/fi\/erikoistarjoukset\/","og_site_name":"Lottemaa Teemapark","article_modified_time":"2022-04-12T12:46:59+00:00","twitter_card":"summary_large_image","schema":{"@context":"https:\/\/schema.org","@graph":[{"@type":"WebPage","@id":"https:\/\/lottemaa.ee\/fi\/erikoistarjoukset\/","url":"https:\/\/lottemaa.ee\/fi\/erikoistarjoukset\/","name":"Sooduspakkumised | Eripakkumised | Lottemaa Teemapark","isPartOf":{"@id":"https:\/\/lottemaa.ee\/#website"},"primaryImageOfPage":{"@id":"https:\/\/lottemaa.ee\/fi\/erikoistarjoukset\/#primaryimage"},"image":{"@id":"https:\/\/lottemaa.ee\/fi\/erikoistarjoukset\/#primaryimage"},"thumbnailUrl":"https:\/\/lottemaa.ee\/wp-content\/uploads\/2016\/04\/lottemaa-leiutajad.jpg","datePublished":"2016-05-19T09:27:09+00:00","dateModified":"2022-04-12T12:46:59+00:00","description":"Pakkumine gruppidele, koolidele ja lasteaedadele, Lotte ja Lottemaa programmi tellimine \u00fcritustele. Vaata meie pakkumisi siit.","breadcrumb":{"@id":"https:\/\/lottemaa.ee\/fi\/erikoistarjoukset\/#breadcrumb"},"inLanguage":"fi","potentialAction":[{"@type":"ReadAction","target":["https:\/\/lottemaa.ee\/fi\/erikoistarjoukset\/"]}]},{"@type":"ImageObject","inLanguage":"fi","@id":"https:\/\/lottemaa.ee\/fi\/erikoistarjoukset\/#primaryimage","url":"https:\/\/lottemaa.ee\/wp-content\/uploads\/2016\/04\/lottemaa-leiutajad.jpg","contentUrl":"https:\/\/lottemaa.ee\/wp-content\/uploads\/2016\/04\/lottemaa-leiutajad.jpg","width":285,"height":249},{"@type":"BreadcrumbList","@id":"https:\/\/lottemaa.ee\/fi\/erikoistarjoukset\/#breadcrumb","itemListElement":[{"@type":"ListItem","position":1,"name":"Home","item":"https:\/\/lottemaa.ee\/fi\/"},{"@type":"ListItem","position":2,"name":"Erikoistarjoukset"}]},{"@type":"WebSite","@id":"https:\/\/lottemaa.ee\/#website","url":"https:\/\/lottemaa.ee\/","name":"Lottemaa Teemapark","description":"Baltimaade suurim ja k\u00f5ige \u00e4gedam kogupere teemapark Eestis P\u00e4rnumaal","publisher":{"@id":"https:\/\/lottemaa.ee\/#organization"},"potentialAction":[{"@type":"SearchAction","target":{"@type":"EntryPoint","urlTemplate":"https:\/\/lottemaa.ee\/?s={search_term_string}"},"query-input":{"@type":"PropertyValueSpecification","valueRequired":true,"valueName":"search_term_string"}}],"inLanguage":"fi"},{"@type":"Organization","@id":"https:\/\/lottemaa.ee\/#organization","name":"Lottemaa Teemapark","url":"https:\/\/lottemaa.ee\/","logo":{"@type":"ImageObject","inLanguage":"fi","@id":"https:\/\/lottemaa.ee\/#\/schema\/logo\/image\/","url":"https:\/\/lottemaa.ee\/wp-content\/uploads\/2018\/12\/Lottemaa_LOGO.png","contentUrl":"https:\/\/lottemaa.ee\/wp-content\/uploads\/2018\/12\/Lottemaa_LOGO.png","width":1024,"height":518,"caption":"Lottemaa Teemapark"},"image":{"@id":"https:\/\/lottemaa.ee\/#\/schema\/logo\/image\/"}}]}},"_links":{"self":[{"href":"https:\/\/lottemaa.ee\/fi\/wp-json\/wp\/v2\/pages\/1849","targetHints":{"allow":["GET"]}}],"collection":[{"href":"https:\/\/lottemaa.ee\/fi\/wp-json\/wp\/v2\/pages"}],"about":[{"href":"https:\/\/lottemaa.ee\/fi\/wp-json\/wp\/v2\/types\/page"}],"author":[{"embeddable":true,"href":"https:\/\/lottemaa.ee\/fi\/wp-json\/wp\/v2\/users\/1"}],"replies":[{"embeddable":true,"href":"https:\/\/lottemaa.ee\/fi\/wp-json\/wp\/v2\/comments?post=1849"}],"version-history":[{"count":5,"href":"https:\/\/lottemaa.ee\/fi\/wp-json\/wp\/v2\/pages\/1849\/revisions"}],"predecessor-version":[{"id":7782,"href":"https:\/\/lottemaa.ee\/fi\/wp-json\/wp\/v2\/pages\/1849\/revisions\/7782"}],"wp:featuredmedia":[{"embeddable":true,"href":"https:\/\/lottemaa.ee\/fi\/wp-json\/wp\/v2\/media\/350"}],"wp:attachment":[{"href":"https:\/\/lottemaa.ee\/fi\/wp-json\/wp\/v2\/media?parent=1849"}],"curies":[{"name":"wp","href":"https:\/\/api.w.org\/{rel}","templated":true}]}}