{"id":1845,"date":"2016-05-19T12:24:23","date_gmt":"2016-05-19T09:24:23","guid":{"rendered":"http:\/\/test.lottemaa.ee\/fi\/?page_id=1845"},"modified":"2025-12-29T13:04:22","modified_gmt":"2025-12-29T11:04:22","slug":"miten-meille-paasee","status":"publish","type":"page","link":"https:\/\/lottemaa.ee\/fi\/paiva-lottemaassa\/miten-meille-paasee\/","title":{"rendered":"Miten meille p\u00e4\u00e4see"},"content":{"rendered":"<p style=\"text-align: left;\">Lottemaa sijaitsee P\u00e4rnun kaupungista\u00a0<strong>6 km<\/strong> Riikaan p\u00e4in.<br \/>\nKatso sijainti<strong>\u00a0<\/strong><a href=\"https:\/\/ul.waze.com\/ul?ll=58.30748230%2C24.60335612&amp;navigate=yes&amp;zoom=17&amp;utm_campaign=default&amp;utm_source=waze_website&amp;utm_medium=lm_share_location\"><strong>T\u00c4\u00c4LT\u00c4 \u00bb<\/strong><\/a><\/p>\n<h3 style=\"text-align: left;\"><span style=\"color: #0000ff;\">JOS TULET OMALLA AUTOLLA:<\/span><\/h3>\n<p style=\"text-align: left;\">L\u00f6yd\u00e4t vaivatta perille\u00a0<a href=\"https:\/\/www.waze.com\/et\/live-map\/\">Waze<\/a>-sovelluksen avulla. Kirjoita m\u00e4\u00e4r\u00e4np\u00e4\u00e4ksi\u00a0<a href=\"https:\/\/www.waze.com\/et\/live-map\/directions\/lottemaa-parkla-reiu?to=place.w.16122439.161224391.2855278\"><strong>LOTTEMAAN PYS\u00c4K\u00d6INTIALUE<\/strong><\/a>.<\/p>\n<h3 style=\"text-align: left;\"><span style=\"color: #ff0000;\">PYS\u00c4K\u00d6INTI<\/span><\/h3>\n<p style=\"text-align: left;\">Auton voit pys\u00e4k\u00f6id\u00e4 Lottemaan pys\u00e4k\u00f6intialueelle. Katso sijainti\u00a0<a href=\"https:\/\/ul.waze.com\/ul?ll=58.30748230%2C24.60335612&amp;navigate=yes&amp;zoom=17&amp;utm_campaign=default&amp;utm_source=waze_website&amp;utm_medium=lm_share_location\"><strong>T\u00c4\u00c4LT\u00c4 \u00bb<\/strong><\/a><\/p>\n<p style=\"text-align: left;\">Pys\u00e4k\u00f6intimaksu on\u00a0<strong>3 \u20ac\/p\u00e4iv\u00e4<br \/>\nSnabb-sovelluksen kautta maksettaessa 3 \u20ac<br \/>\n<\/strong><\/p>\n<p style=\"text-align: left;\">29.7.2024 alkaen pys\u00e4k\u00f6innin voi maksaa:<br \/>\n\u2013\u00a0<strong>Snabb<\/strong>&#8211;<a href=\"https:\/\/snabb.xyz\/\">mobiilisovelluksessa \u00bb<\/a>\u00a0(lis\u00e4t\u00e4\u00e4n 0,20 \u20ac:n maksunv\u00e4lityspalkkio)<br \/>\n\u2013\u00a0<strong>Snabb<\/strong>&#8211;<a href=\"https:\/\/barking-api.com\/ticket\/?uuid=bed1eb24-b95f-4676-a411-f587448a29c1\">verkkosivuilla \u00bb<\/a>\u00a0(lis\u00e4t\u00e4\u00e4n 0,20 \u20ac:n maksunv\u00e4lityspalkkio)<br \/>\n\u2013 K\u00e4teisell\u00e4 tai kortilla\u00a0<strong>Lottemaan kassoilla<\/strong><\/p>\n<p style=\"text-align: left;\">Kassat ovat avoinna kes\u00e4ll\u00e4 klo <strong>9.45\u201318.15<\/strong> ja talvella klo <strong>14.45\u201319.15<\/strong>.<\/p>\n<p style=\"text-align: left;\">Autojen, per\u00e4vaunujen ja muiden selke\u00e4sti n\u00e4kyvi\u00e4 mainoksia esitt\u00e4vien ajoneuvojen pys\u00e4k\u00f6inti mainontatarkoituksissa on sallittu vain teemapuiston kirjallisella luvalla.<br \/>\nPys\u00e4k\u00f6intialueella ei ole valvontaa.<\/p>\n<p style=\"text-align: left;\"><strong>Invapys\u00e4k\u00f6intipaikat<\/strong>\u00a0sijaitsevat Lottemaan sis\u00e4\u00e4nk\u00e4ynnin v\u00e4litt\u00f6m\u00e4ss\u00e4 l\u00e4heisyydess\u00e4 ja inva-autot saavat pys\u00e4k\u00f6id\u00e4 siell\u00e4 maksutta.<br \/>\nKatso tarkka sijainti\u00a0<a href=\"https:\/\/maps.app.goo.gl\/VHsp8CmH46yMy2pH9\">T\u00c4\u00c4LT\u00c4 \u00bb<\/a><\/p>\n<h3 style=\"text-align: left;\"><span style=\"color: #0000ff;\">S\u00c4HK\u00d6AUTOJEN LATAAMINEN<\/span><\/h3>\n<p style=\"text-align: left;\">Lottemaan pys\u00e4k\u00f6intialueella on\u00a0<a href=\"https:\/\/www.alexela.ee\/\">Alexelan<\/a>\u00a0latausasema, jossa on kaksi 22 kW AC-latauspistett\u00e4 integroituine spiraalikaapeleineen.<br \/>\nTarkan sijainnin l\u00f6yd\u00e4t\u00a0<a href=\"https:\/\/maps.app.goo.gl\/xmVnuwLeBqdMS8j38\">T\u00c4\u00c4LT\u00c4\u00a0<strong>\u00bb<\/strong><\/a><\/p>\n<p style=\"text-align: left;\">Junalla sis\u00e4\u00e4nk\u00e4ynnille ja takaisin<\/p>\n<p style=\"text-align: left;\">Sis\u00e4\u00e4nk\u00e4ynti teemapuistoon sijaitsee mukavan <strong>noin 800 metrin<\/strong> k\u00e4velymatkan p\u00e4\u00e4ss\u00e4 pys\u00e4k\u00f6intialueelta.<\/p>\n<p style=\"text-align: left;\">Matkan pys\u00e4k\u00f6intialueelta Lottemaahan ja illalla takaisin pys\u00e4k\u00f6intialueelle voi taittaa minijunalla, joka l\u00e4htee <strong>noin 15 minuutin<\/strong> v\u00e4lein. Kes\u00e4ll\u00e4 ensimm\u00e4inen juna pys\u00e4k\u00f6intialueelta Lottemaahan l\u00e4htee junan t\u00e4yttyess\u00e4 viimeist\u00e4\u00e4n klo <strong>10.00<\/strong>. Viimeinen juna Lottemaasta takaisin pys\u00e4k\u00f6intialueelle l\u00e4htee klo <strong>18.15<\/strong>. Talvella ensimm\u00e4inen juna pys\u00e4k\u00f6intialueelta Lottemaahan l\u00e4htee junan t\u00e4yttyess\u00e4 viimeist\u00e4\u00e4n klo <strong>15.00<\/strong>. Viimeinen juna Lottemaasta takaisin pys\u00e4k\u00f6intialueelle l\u00e4htee klo <strong>19.15<\/strong>.<\/p>\n<p style=\"text-align: left;\">Junalippu yhteen suuntaan maksaa\u00a0<strong>2 \u20ac<\/strong>.<\/p>\n<h3 style=\"text-align: left;\"><span style=\"color: #ff0000;\">JOS TULET LINJA-AUTOLLA<\/span><\/h3>\n<p style=\"text-align: left;\">Kes\u00e4kuukausina 1.6.\u201331.8.\u00a0<a href=\"https:\/\/luxexpress.eu\/news\/lottemaa\/\"><strong>LUX EXPRESSIN<\/strong><\/a>\u00a0Tartto-Viljandi-P\u00e4rnu-yhteyden linja-autot pys\u00e4htyv\u00e4t nyt suoraan Lottemaan pys\u00e4k\u00f6intialueen vieress\u00e4 pys\u00e4kill\u00e4 nimelt\u00e4\u00a0<strong>Lottemaa<\/strong>.<br \/>\n<strong>Huomio!<\/strong>\u00a0Linja-auto pys\u00e4htyy Lottemaan pys\u00e4kill\u00e4 vain, jos lippu on ostettu etuk\u00e4teen.<br \/>\nKatso tarkemmin <a href=\"https:\/\/luxexpress.eu\/news\/lottemaa\/\"><strong>T\u00c4\u00c4LT\u00c4 \u00bb<\/strong><\/a><\/p>\n<p style=\"text-align: left;\">Lottemaahan voi tulla\u00a0<a href=\"https:\/\/www.tpilet.ee\/\"><strong>SEUTUBUSSEILLA<\/strong>.<\/a><br \/>\nLinja-autoaikataulut l\u00f6ytyv\u00e4t<strong>\u00a0<\/strong><a href=\"https:\/\/www.tpilet.ee\/?departureStop=8723&amp;destinationStop=8338\"><strong>T\u00c4\u00c4LT\u00c4 \u00bb<\/strong><\/a><br \/>\nPys\u00e4kki\u00a0<strong>Lottemaa<\/strong>.<\/p>\n<p style=\"text-align: left;\">Lottemaan pys\u00e4kki sijaitsee uuden nelikaistaisen tien vieress\u00e4. Sen molemmilta puolilta l\u00e4htee uusi kevyen liikenteen v\u00e4yl\u00e4 suoraan Lottemaan portille. Ajotie ylitet\u00e4\u00e4n uuden jalankulkutunnelin kautta. Voit my\u00f6s s\u00e4\u00e4st\u00e4\u00e4 jalkojasi ja hyp\u00e4t\u00e4 junaan Lottemaan pys\u00e4k\u00f6intialueelta. Junalippu yhteen suuntaan maksaa\u00a0<strong>2 \u20ac<\/strong>.<\/p>\n<h3 style=\"text-align: left;\"><span style=\"color: #0000ff;\">JOS TULET TAKSILLA<\/span><\/h3>\n<p style=\"text-align: left;\">P\u00e4rnusta voi tulla Lottemaahan\u00a0<a href=\"https:\/\/parnutakso.ee\/\"><strong>P\u00c4RNUN TAKSILLA<\/strong><\/a>. Taksimatka maksaa\u00a0<strong>15 \u20ac\/suunta<\/strong>\u00a0(taksibussi\u00a0<strong>17 \u20ac<\/strong>).<br \/>\nTilaukset puhelimitse: 1222 tai +372 5539 222<\/p>\n<h3 style=\"text-align: left;\"><span style=\"color: #ff0000;\">JOS TULET POLKUPY\u00d6R\u00c4LL\u00c4<\/span><\/h3>\n<p style=\"text-align: left;\">Lottemaan sis\u00e4\u00e4nk\u00e4ynnin luona on polkupy\u00f6r\u00e4telineit\u00e4. Py\u00f6rien tuominen sis\u00e4\u00e4n teemapuistoon on kielletty.<\/p>\n","protected":false},"excerpt":{"rendered":"<p>Lottemaa sijaitsee P\u00e4rnun kaupungista\u00a06 km Riikaan p\u00e4in. Katso sijainti\u00a0T\u00c4\u00c4LT\u00c4 \u00bb JOS TULET OMALLA AUTOLLA: L\u00f6yd\u00e4t vaivatta perille\u00a0Waze-sovelluksen avulla. Kirjoita m\u00e4\u00e4r\u00e4np\u00e4\u00e4ksi\u00a0LOTTEMAAN PYS\u00c4K\u00d6INTIALUE. PYS\u00c4K\u00d6INTI Auton voit pys\u00e4k\u00f6id\u00e4 Lottemaan pys\u00e4k\u00f6intialueelle. Katso sijainti\u00a0T\u00c4\u00c4LT\u00c4 \u00bb Pys\u00e4k\u00f6intimaksu on\u00a03 \u20ac\/p\u00e4iv\u00e4 Snabb-sovelluksen kautta maksettaessa 3 \u20ac 29.7.2024 alkaen pys\u00e4k\u00f6innin voi maksaa: \u2013\u00a0Snabb&#8211;mobiilisovelluksessa \u00bb\u00a0(lis\u00e4t\u00e4\u00e4n 0,20 \u20ac:n maksunv\u00e4lityspalkkio) \u2013\u00a0Snabb&#8211;verkkosivuilla \u00bb\u00a0(lis\u00e4t\u00e4\u00e4n 0,20 \u20ac:n maksunv\u00e4lityspalkkio) \u2013 K\u00e4teisell\u00e4 &hellip; <a href=\"https:\/\/lottemaa.ee\/fi\/paiva-lottemaassa\/miten-meille-paasee\/\">Continued<\/a><\/p>\n","protected":false},"author":1,"featured_media":127,"parent":589,"menu_order":366,"comment_status":"closed","ping_status":"closed","template":"","meta":{"_acf_changed":false,"om_disable_all_campaigns":false,"_uf_show_specific_survey":0,"_uf_disable_surveys":false,"footnotes":""},"class_list":["post-1845","page","type-page","status-publish","has-post-thumbnail","hentry"],"acf":[],"yoast_head":"<!-- This site is optimized with the Yoast SEO plugin v25.5 - https:\/\/yoast.com\/wordpress\/plugins\/seo\/ -->\n<title>Miten meille p\u00e4\u00e4see | Lottemaa Teemapark<\/title>\n<meta name=\"robots\" content=\"index, follow, max-snippet:-1, max-image-preview:large, max-video-preview:-1\" \/>\n<link rel=\"canonical\" href=\"https:\/\/lottemaa.ee\/fi\/paiva-lottemaassa\/miten-meille-paasee\/\" \/>\n<meta property=\"og:locale\" content=\"fi_FI\" \/>\n<meta property=\"og:type\" content=\"article\" \/>\n<meta property=\"og:title\" content=\"Miten meille p\u00e4\u00e4see | Lottemaa Teemapark\" \/>\n<meta property=\"og:description\" content=\"Lottemaa sijaitsee P\u00e4rnun kaupungista\u00a06 km Riikaan p\u00e4in. Katso sijainti\u00a0T\u00c4\u00c4LT\u00c4 \u00bb JOS TULET OMALLA AUTOLLA: L\u00f6yd\u00e4t vaivatta perille\u00a0Waze-sovelluksen avulla. Kirjoita m\u00e4\u00e4r\u00e4np\u00e4\u00e4ksi\u00a0LOTTEMAAN PYS\u00c4K\u00d6INTIALUE. PYS\u00c4K\u00d6INTI Auton voit pys\u00e4k\u00f6id\u00e4 Lottemaan pys\u00e4k\u00f6intialueelle. Katso sijainti\u00a0T\u00c4\u00c4LT\u00c4 \u00bb Pys\u00e4k\u00f6intimaksu on\u00a03 \u20ac\/p\u00e4iv\u00e4 Snabb-sovelluksen kautta maksettaessa 3 \u20ac 29.7.2024 alkaen pys\u00e4k\u00f6innin voi maksaa: \u2013\u00a0Snabb&#8211;mobiilisovelluksessa \u00bb\u00a0(lis\u00e4t\u00e4\u00e4n 0,20 \u20ac:n maksunv\u00e4lityspalkkio) \u2013\u00a0Snabb&#8211;verkkosivuilla \u00bb\u00a0(lis\u00e4t\u00e4\u00e4n 0,20 \u20ac:n maksunv\u00e4lityspalkkio) \u2013 K\u00e4teisell\u00e4 &hellip; Continued\" \/>\n<meta property=\"og:url\" content=\"https:\/\/lottemaa.ee\/fi\/paiva-lottemaassa\/miten-meille-paasee\/\" \/>\n<meta property=\"og:site_name\" content=\"Lottemaa Teemapark\" \/>\n<meta property=\"article:modified_time\" content=\"2025-12-29T11:04:22+00:00\" \/>\n<meta property=\"og:image\" content=\"https:\/\/lottemaa.ee\/wp-content\/uploads\/2016\/04\/lottemaa-kuidas-tulla.jpg\" \/>\n\t<meta property=\"og:image:width\" content=\"291\" \/>\n\t<meta property=\"og:image:height\" content=\"255\" \/>\n\t<meta property=\"og:image:type\" content=\"image\/jpeg\" \/>\n<meta name=\"twitter:card\" content=\"summary_large_image\" \/>\n<meta name=\"twitter:label1\" content=\"Arvioitu lukuaika\" \/>\n\t<meta name=\"twitter:data1\" content=\"2 minuuttia\" \/>\n<script type=\"application\/ld+json\" class=\"yoast-schema-graph\">{\"@context\":\"https:\/\/schema.org\",\"@graph\":[{\"@type\":\"WebPage\",\"@id\":\"https:\/\/lottemaa.ee\/fi\/paiva-lottemaassa\/miten-meille-paasee\/\",\"url\":\"https:\/\/lottemaa.ee\/fi\/paiva-lottemaassa\/miten-meille-paasee\/\",\"name\":\"Miten meille p\u00e4\u00e4see | Lottemaa Teemapark\",\"isPartOf\":{\"@id\":\"https:\/\/lottemaa.ee\/#website\"},\"primaryImageOfPage\":{\"@id\":\"https:\/\/lottemaa.ee\/fi\/paiva-lottemaassa\/miten-meille-paasee\/#primaryimage\"},\"image\":{\"@id\":\"https:\/\/lottemaa.ee\/fi\/paiva-lottemaassa\/miten-meille-paasee\/#primaryimage\"},\"thumbnailUrl\":\"https:\/\/lottemaa.ee\/wp-content\/uploads\/2016\/04\/lottemaa-kuidas-tulla.jpg\",\"datePublished\":\"2016-05-19T09:24:23+00:00\",\"dateModified\":\"2025-12-29T11:04:22+00:00\",\"breadcrumb\":{\"@id\":\"https:\/\/lottemaa.ee\/fi\/paiva-lottemaassa\/miten-meille-paasee\/#breadcrumb\"},\"inLanguage\":\"fi\",\"potentialAction\":[{\"@type\":\"ReadAction\",\"target\":[\"https:\/\/lottemaa.ee\/fi\/paiva-lottemaassa\/miten-meille-paasee\/\"]}]},{\"@type\":\"ImageObject\",\"inLanguage\":\"fi\",\"@id\":\"https:\/\/lottemaa.ee\/fi\/paiva-lottemaassa\/miten-meille-paasee\/#primaryimage\",\"url\":\"https:\/\/lottemaa.ee\/wp-content\/uploads\/2016\/04\/lottemaa-kuidas-tulla.jpg\",\"contentUrl\":\"https:\/\/lottemaa.ee\/wp-content\/uploads\/2016\/04\/lottemaa-kuidas-tulla.jpg\",\"width\":291,\"height\":255},{\"@type\":\"BreadcrumbList\",\"@id\":\"https:\/\/lottemaa.ee\/fi\/paiva-lottemaassa\/miten-meille-paasee\/#breadcrumb\",\"itemListElement\":[{\"@type\":\"ListItem\",\"position\":1,\"name\":\"Home\",\"item\":\"https:\/\/lottemaa.ee\/fi\/\"},{\"@type\":\"ListItem\",\"position\":2,\"name\":\"P\u00e4iv\u00e4 Lottemaassa\",\"item\":\"https:\/\/lottemaa.ee\/fi\/paiva-lottemaassa\/\"},{\"@type\":\"ListItem\",\"position\":3,\"name\":\"Miten meille p\u00e4\u00e4see\"}]},{\"@type\":\"WebSite\",\"@id\":\"https:\/\/lottemaa.ee\/#website\",\"url\":\"https:\/\/lottemaa.ee\/\",\"name\":\"Lottemaa Teemapark\",\"description\":\"Baltimaade suurim ja k\u00f5ige \u00e4gedam kogupere teemapark Eestis P\u00e4rnumaal\",\"publisher\":{\"@id\":\"https:\/\/lottemaa.ee\/#organization\"},\"potentialAction\":[{\"@type\":\"SearchAction\",\"target\":{\"@type\":\"EntryPoint\",\"urlTemplate\":\"https:\/\/lottemaa.ee\/?s={search_term_string}\"},\"query-input\":{\"@type\":\"PropertyValueSpecification\",\"valueRequired\":true,\"valueName\":\"search_term_string\"}}],\"inLanguage\":\"fi\"},{\"@type\":\"Organization\",\"@id\":\"https:\/\/lottemaa.ee\/#organization\",\"name\":\"Lottemaa Teemapark\",\"url\":\"https:\/\/lottemaa.ee\/\",\"logo\":{\"@type\":\"ImageObject\",\"inLanguage\":\"fi\",\"@id\":\"https:\/\/lottemaa.ee\/#\/schema\/logo\/image\/\",\"url\":\"https:\/\/lottemaa.ee\/wp-content\/uploads\/2018\/12\/Lottemaa_LOGO.png\",\"contentUrl\":\"https:\/\/lottemaa.ee\/wp-content\/uploads\/2018\/12\/Lottemaa_LOGO.png\",\"width\":1024,\"height\":518,\"caption\":\"Lottemaa Teemapark\"},\"image\":{\"@id\":\"https:\/\/lottemaa.ee\/#\/schema\/logo\/image\/\"}}]}<\/script>\n<!-- \/ Yoast SEO plugin. -->","yoast_head_json":{"title":"Miten meille p\u00e4\u00e4see | Lottemaa Teemapark","robots":{"index":"index","follow":"follow","max-snippet":"max-snippet:-1","max-image-preview":"max-image-preview:large","max-video-preview":"max-video-preview:-1"},"canonical":"https:\/\/lottemaa.ee\/fi\/paiva-lottemaassa\/miten-meille-paasee\/","og_locale":"fi_FI","og_type":"article","og_title":"Miten meille p\u00e4\u00e4see | Lottemaa Teemapark","og_description":"Lottemaa sijaitsee P\u00e4rnun kaupungista\u00a06 km Riikaan p\u00e4in. Katso sijainti\u00a0T\u00c4\u00c4LT\u00c4 \u00bb JOS TULET OMALLA AUTOLLA: L\u00f6yd\u00e4t vaivatta perille\u00a0Waze-sovelluksen avulla. Kirjoita m\u00e4\u00e4r\u00e4np\u00e4\u00e4ksi\u00a0LOTTEMAAN PYS\u00c4K\u00d6INTIALUE. PYS\u00c4K\u00d6INTI Auton voit pys\u00e4k\u00f6id\u00e4 Lottemaan pys\u00e4k\u00f6intialueelle. Katso sijainti\u00a0T\u00c4\u00c4LT\u00c4 \u00bb Pys\u00e4k\u00f6intimaksu on\u00a03 \u20ac\/p\u00e4iv\u00e4 Snabb-sovelluksen kautta maksettaessa 3 \u20ac 29.7.2024 alkaen pys\u00e4k\u00f6innin voi maksaa: \u2013\u00a0Snabb&#8211;mobiilisovelluksessa \u00bb\u00a0(lis\u00e4t\u00e4\u00e4n 0,20 \u20ac:n maksunv\u00e4lityspalkkio) \u2013\u00a0Snabb&#8211;verkkosivuilla \u00bb\u00a0(lis\u00e4t\u00e4\u00e4n 0,20 \u20ac:n maksunv\u00e4lityspalkkio) \u2013 K\u00e4teisell\u00e4 &hellip; Continued","og_url":"https:\/\/lottemaa.ee\/fi\/paiva-lottemaassa\/miten-meille-paasee\/","og_site_name":"Lottemaa Teemapark","article_modified_time":"2025-12-29T11:04:22+00:00","og_image":[{"width":291,"height":255,"url":"https:\/\/lottemaa.ee\/wp-content\/uploads\/2016\/04\/lottemaa-kuidas-tulla.jpg","type":"image\/jpeg"}],"twitter_card":"summary_large_image","twitter_misc":{"Arvioitu lukuaika":"2 minuuttia"},"schema":{"@context":"https:\/\/schema.org","@graph":[{"@type":"WebPage","@id":"https:\/\/lottemaa.ee\/fi\/paiva-lottemaassa\/miten-meille-paasee\/","url":"https:\/\/lottemaa.ee\/fi\/paiva-lottemaassa\/miten-meille-paasee\/","name":"Miten meille p\u00e4\u00e4see | Lottemaa Teemapark","isPartOf":{"@id":"https:\/\/lottemaa.ee\/#website"},"primaryImageOfPage":{"@id":"https:\/\/lottemaa.ee\/fi\/paiva-lottemaassa\/miten-meille-paasee\/#primaryimage"},"image":{"@id":"https:\/\/lottemaa.ee\/fi\/paiva-lottemaassa\/miten-meille-paasee\/#primaryimage"},"thumbnailUrl":"https:\/\/lottemaa.ee\/wp-content\/uploads\/2016\/04\/lottemaa-kuidas-tulla.jpg","datePublished":"2016-05-19T09:24:23+00:00","dateModified":"2025-12-29T11:04:22+00:00","breadcrumb":{"@id":"https:\/\/lottemaa.ee\/fi\/paiva-lottemaassa\/miten-meille-paasee\/#breadcrumb"},"inLanguage":"fi","potentialAction":[{"@type":"ReadAction","target":["https:\/\/lottemaa.ee\/fi\/paiva-lottemaassa\/miten-meille-paasee\/"]}]},{"@type":"ImageObject","inLanguage":"fi","@id":"https:\/\/lottemaa.ee\/fi\/paiva-lottemaassa\/miten-meille-paasee\/#primaryimage","url":"https:\/\/lottemaa.ee\/wp-content\/uploads\/2016\/04\/lottemaa-kuidas-tulla.jpg","contentUrl":"https:\/\/lottemaa.ee\/wp-content\/uploads\/2016\/04\/lottemaa-kuidas-tulla.jpg","width":291,"height":255},{"@type":"BreadcrumbList","@id":"https:\/\/lottemaa.ee\/fi\/paiva-lottemaassa\/miten-meille-paasee\/#breadcrumb","itemListElement":[{"@type":"ListItem","position":1,"name":"Home","item":"https:\/\/lottemaa.ee\/fi\/"},{"@type":"ListItem","position":2,"name":"P\u00e4iv\u00e4 Lottemaassa","item":"https:\/\/lottemaa.ee\/fi\/paiva-lottemaassa\/"},{"@type":"ListItem","position":3,"name":"Miten meille p\u00e4\u00e4see"}]},{"@type":"WebSite","@id":"https:\/\/lottemaa.ee\/#website","url":"https:\/\/lottemaa.ee\/","name":"Lottemaa Teemapark","description":"Baltimaade suurim ja k\u00f5ige \u00e4gedam kogupere teemapark Eestis P\u00e4rnumaal","publisher":{"@id":"https:\/\/lottemaa.ee\/#organization"},"potentialAction":[{"@type":"SearchAction","target":{"@type":"EntryPoint","urlTemplate":"https:\/\/lottemaa.ee\/?s={search_term_string}"},"query-input":{"@type":"PropertyValueSpecification","valueRequired":true,"valueName":"search_term_string"}}],"inLanguage":"fi"},{"@type":"Organization","@id":"https:\/\/lottemaa.ee\/#organization","name":"Lottemaa Teemapark","url":"https:\/\/lottemaa.ee\/","logo":{"@type":"ImageObject","inLanguage":"fi","@id":"https:\/\/lottemaa.ee\/#\/schema\/logo\/image\/","url":"https:\/\/lottemaa.ee\/wp-content\/uploads\/2018\/12\/Lottemaa_LOGO.png","contentUrl":"https:\/\/lottemaa.ee\/wp-content\/uploads\/2018\/12\/Lottemaa_LOGO.png","width":1024,"height":518,"caption":"Lottemaa Teemapark"},"image":{"@id":"https:\/\/lottemaa.ee\/#\/schema\/logo\/image\/"}}]}},"_links":{"self":[{"href":"https:\/\/lottemaa.ee\/fi\/wp-json\/wp\/v2\/pages\/1845","targetHints":{"allow":["GET"]}}],"collection":[{"href":"https:\/\/lottemaa.ee\/fi\/wp-json\/wp\/v2\/pages"}],"about":[{"href":"https:\/\/lottemaa.ee\/fi\/wp-json\/wp\/v2\/types\/page"}],"author":[{"embeddable":true,"href":"https:\/\/lottemaa.ee\/fi\/wp-json\/wp\/v2\/users\/1"}],"replies":[{"embeddable":true,"href":"https:\/\/lottemaa.ee\/fi\/wp-json\/wp\/v2\/comments?post=1845"}],"version-history":[{"count":5,"href":"https:\/\/lottemaa.ee\/fi\/wp-json\/wp\/v2\/pages\/1845\/revisions"}],"predecessor-version":[{"id":32504,"href":"https:\/\/lottemaa.ee\/fi\/wp-json\/wp\/v2\/pages\/1845\/revisions\/32504"}],"up":[{"embeddable":true,"href":"https:\/\/lottemaa.ee\/fi\/wp-json\/wp\/v2\/pages\/589"}],"wp:featuredmedia":[{"embeddable":true,"href":"https:\/\/lottemaa.ee\/fi\/wp-json\/wp\/v2\/media\/127"}],"wp:attachment":[{"href":"https:\/\/lottemaa.ee\/fi\/wp-json\/wp\/v2\/media?parent=1845"}],"curies":[{"name":"wp","href":"https:\/\/api.w.org\/{rel}","templated":true}]}}