{"id":1808,"date":"2016-05-18T13:52:36","date_gmt":"2016-05-18T10:52:36","guid":{"rendered":"http:\/\/test.lottemaa.ee\/fi\/?page_id=1808"},"modified":"2024-09-27T11:58:42","modified_gmt":"2024-09-27T08:58:42","slug":"klausin-laiva","status":"publish","type":"page","link":"https:\/\/lottemaa.ee\/fi\/paiva-lottemaassa\/keksinnot\/klausin-laiva\/","title":{"rendered":"Klausin laiva"},"content":{"rendered":"<p style=\"text-align: left;\">Vanha matkakoira Klaus k\u00e4vi Hiidenmaalla tarkistamassa, oliko K\u00f5pun majakka viel\u00e4 entisell\u00e4 paikallaan. Olihan se, ja Klaus l\u00e4hti takaisin kohti kotia. Sill\u00e4 aikaa oli kuitenkin noussut myrsky, ja kaikki laivat olivat kokoontuneet satamaan suojaan. Vain yksi vanha ja rohkea laiva oli valmis viem\u00e4\u00e4n Klausin meren yli takaisin Keksij\u00e4kyl\u00e4\u00e4n. Klausista ja laivasta tuli hyvi\u00e4 yst\u00e4vi\u00e4, ja laiva p\u00e4\u00e4tti j\u00e4\u00e4d\u00e4 Keksij\u00e4kyl\u00e4\u00e4n asumaan. Nyt laiva asuu meren rannassa, ja Klaus k\u00e4y sen luona usein keskustelemassa viisauksia. Ja kun Klaus ei viitsi l\u00e4hte\u00e4 illalla laivan luota kotiin, kuuluu mets\u00e4st\u00e4 tyytyv\u00e4ist\u00e4 kuorsausta. Laiva kuorsaa narskahdellen ja niksahdellen, ja Klaus huokaillen ja suutaan maiskutellen.<\/p>\n","protected":false},"excerpt":{"rendered":"<p>Vanha matkakoira Klaus k\u00e4vi Hiidenmaalla tarkistamassa, oliko K\u00f5pun majakka viel\u00e4 entisell\u00e4 paikallaan. Olihan se, ja Klaus l\u00e4hti takaisin kohti kotia. Sill\u00e4 aikaa oli kuitenkin noussut myrsky, ja kaikki laivat olivat kokoontuneet satamaan suojaan. Vain yksi vanha ja rohkea laiva oli valmis viem\u00e4\u00e4n Klausin meren yli takaisin Keksij\u00e4kyl\u00e4\u00e4n. Klausista ja laivasta tuli hyvi\u00e4 yst\u00e4vi\u00e4, ja laiva &hellip; <a href=\"https:\/\/lottemaa.ee\/fi\/paiva-lottemaassa\/keksinnot\/klausin-laiva\/\">Continued<\/a><\/p>\n","protected":false},"author":1,"featured_media":30599,"parent":1250,"menu_order":547,"comment_status":"closed","ping_status":"closed","template":"","meta":{"_acf_changed":false,"om_disable_all_campaigns":false,"_uf_show_specific_survey":0,"_uf_disable_surveys":false,"footnotes":""},"class_list":["post-1808","page","type-page","status-publish","has-post-thumbnail","hentry"],"acf":[],"yoast_head":"<!-- This site is optimized with the Yoast SEO plugin v25.5 - https:\/\/yoast.com\/wordpress\/plugins\/seo\/ -->\n<title>Klausin laiva | Lottemaa Teemapark<\/title>\n<meta name=\"description\" content=\"Vanha matkakoira Klaus k\u00e4vi Hiidenmaalla tarkistamassa, oliko K\u00f5pun majakka viel\u00e4 entisell\u00e4 paikallaan. Olihan se, ja Klaus l\u00e4hti takaisin kohti kotia.\" \/>\n<meta name=\"robots\" content=\"index, follow, max-snippet:-1, max-image-preview:large, max-video-preview:-1\" \/>\n<link rel=\"canonical\" href=\"https:\/\/lottemaa.ee\/fi\/paiva-lottemaassa\/keksinnot\/klausin-laiva\/\" \/>\n<meta property=\"og:locale\" content=\"fi_FI\" \/>\n<meta property=\"og:type\" content=\"article\" \/>\n<meta property=\"og:title\" content=\"Klausin laiva | Lottemaa Teemapark\" \/>\n<meta property=\"og:description\" content=\"Vanha matkakoira Klaus k\u00e4vi Hiidenmaalla tarkistamassa, oliko K\u00f5pun majakka viel\u00e4 entisell\u00e4 paikallaan. Olihan se, ja Klaus l\u00e4hti takaisin kohti kotia.\" \/>\n<meta property=\"og:url\" content=\"https:\/\/lottemaa.ee\/fi\/paiva-lottemaassa\/keksinnot\/klausin-laiva\/\" \/>\n<meta property=\"og:site_name\" content=\"Lottemaa Teemapark\" \/>\n<meta property=\"article:modified_time\" content=\"2024-09-27T08:58:42+00:00\" \/>\n<meta property=\"og:image\" content=\"https:\/\/lottemaa.ee\/wp-content\/uploads\/2024\/09\/DSC_7020-scaled.jpg\" \/>\n\t<meta property=\"og:image:width\" content=\"2560\" \/>\n\t<meta property=\"og:image:height\" content=\"1696\" \/>\n\t<meta property=\"og:image:type\" content=\"image\/jpeg\" \/>\n<meta name=\"twitter:card\" content=\"summary_large_image\" \/>\n<meta name=\"twitter:label1\" content=\"Arvioitu lukuaika\" \/>\n\t<meta name=\"twitter:data1\" content=\"1 minuutti\" \/>\n<script type=\"application\/ld+json\" class=\"yoast-schema-graph\">{\"@context\":\"https:\/\/schema.org\",\"@graph\":[{\"@type\":\"WebPage\",\"@id\":\"https:\/\/lottemaa.ee\/fi\/paiva-lottemaassa\/keksinnot\/klausin-laiva\/\",\"url\":\"https:\/\/lottemaa.ee\/fi\/paiva-lottemaassa\/keksinnot\/klausin-laiva\/\",\"name\":\"Klausin laiva | Lottemaa Teemapark\",\"isPartOf\":{\"@id\":\"https:\/\/lottemaa.ee\/#website\"},\"primaryImageOfPage\":{\"@id\":\"https:\/\/lottemaa.ee\/fi\/paiva-lottemaassa\/keksinnot\/klausin-laiva\/#primaryimage\"},\"image\":{\"@id\":\"https:\/\/lottemaa.ee\/fi\/paiva-lottemaassa\/keksinnot\/klausin-laiva\/#primaryimage\"},\"thumbnailUrl\":\"https:\/\/lottemaa.ee\/wp-content\/uploads\/2025\/06\/Klausi-rannulaev-scaled.jpg\",\"datePublished\":\"2016-05-18T10:52:36+00:00\",\"dateModified\":\"2024-09-27T08:58:42+00:00\",\"description\":\"Vanha matkakoira Klaus k\u00e4vi Hiidenmaalla tarkistamassa, oliko K\u00f5pun majakka viel\u00e4 entisell\u00e4 paikallaan. Olihan se, ja Klaus l\u00e4hti takaisin kohti kotia.\",\"breadcrumb\":{\"@id\":\"https:\/\/lottemaa.ee\/fi\/paiva-lottemaassa\/keksinnot\/klausin-laiva\/#breadcrumb\"},\"inLanguage\":\"fi\",\"potentialAction\":[{\"@type\":\"ReadAction\",\"target\":[\"https:\/\/lottemaa.ee\/fi\/paiva-lottemaassa\/keksinnot\/klausin-laiva\/\"]}]},{\"@type\":\"ImageObject\",\"inLanguage\":\"fi\",\"@id\":\"https:\/\/lottemaa.ee\/fi\/paiva-lottemaassa\/keksinnot\/klausin-laiva\/#primaryimage\",\"url\":\"https:\/\/lottemaa.ee\/wp-content\/uploads\/2025\/06\/Klausi-rannulaev-scaled.jpg\",\"contentUrl\":\"https:\/\/lottemaa.ee\/wp-content\/uploads\/2025\/06\/Klausi-rannulaev-scaled.jpg\",\"width\":2560,\"height\":1696},{\"@type\":\"BreadcrumbList\",\"@id\":\"https:\/\/lottemaa.ee\/fi\/paiva-lottemaassa\/keksinnot\/klausin-laiva\/#breadcrumb\",\"itemListElement\":[{\"@type\":\"ListItem\",\"position\":1,\"name\":\"Home\",\"item\":\"https:\/\/lottemaa.ee\/fi\/\"},{\"@type\":\"ListItem\",\"position\":2,\"name\":\"P\u00e4iv\u00e4 Lottemaassa\",\"item\":\"https:\/\/lottemaa.ee\/fi\/paiva-lottemaassa\/\"},{\"@type\":\"ListItem\",\"position\":3,\"name\":\"Keksinn\u00f6t\",\"item\":\"https:\/\/lottemaa.ee\/fi\/paiva-lottemaassa\/keksinnot\/\"},{\"@type\":\"ListItem\",\"position\":4,\"name\":\"Klausin laiva\"}]},{\"@type\":\"WebSite\",\"@id\":\"https:\/\/lottemaa.ee\/#website\",\"url\":\"https:\/\/lottemaa.ee\/\",\"name\":\"Lottemaa Teemapark\",\"description\":\"Baltimaade suurim ja k\u00f5ige \u00e4gedam kogupere teemapark Eestis P\u00e4rnumaal\",\"publisher\":{\"@id\":\"https:\/\/lottemaa.ee\/#organization\"},\"potentialAction\":[{\"@type\":\"SearchAction\",\"target\":{\"@type\":\"EntryPoint\",\"urlTemplate\":\"https:\/\/lottemaa.ee\/?s={search_term_string}\"},\"query-input\":{\"@type\":\"PropertyValueSpecification\",\"valueRequired\":true,\"valueName\":\"search_term_string\"}}],\"inLanguage\":\"fi\"},{\"@type\":\"Organization\",\"@id\":\"https:\/\/lottemaa.ee\/#organization\",\"name\":\"Lottemaa Teemapark\",\"url\":\"https:\/\/lottemaa.ee\/\",\"logo\":{\"@type\":\"ImageObject\",\"inLanguage\":\"fi\",\"@id\":\"https:\/\/lottemaa.ee\/#\/schema\/logo\/image\/\",\"url\":\"https:\/\/lottemaa.ee\/wp-content\/uploads\/2018\/12\/Lottemaa_LOGO.png\",\"contentUrl\":\"https:\/\/lottemaa.ee\/wp-content\/uploads\/2018\/12\/Lottemaa_LOGO.png\",\"width\":1024,\"height\":518,\"caption\":\"Lottemaa Teemapark\"},\"image\":{\"@id\":\"https:\/\/lottemaa.ee\/#\/schema\/logo\/image\/\"}}]}<\/script>\n<!-- \/ Yoast SEO plugin. -->","yoast_head_json":{"title":"Klausin laiva | Lottemaa Teemapark","description":"Vanha matkakoira Klaus k\u00e4vi Hiidenmaalla tarkistamassa, oliko K\u00f5pun majakka viel\u00e4 entisell\u00e4 paikallaan. Olihan se, ja Klaus l\u00e4hti takaisin kohti kotia.","robots":{"index":"index","follow":"follow","max-snippet":"max-snippet:-1","max-image-preview":"max-image-preview:large","max-video-preview":"max-video-preview:-1"},"canonical":"https:\/\/lottemaa.ee\/fi\/paiva-lottemaassa\/keksinnot\/klausin-laiva\/","og_locale":"fi_FI","og_type":"article","og_title":"Klausin laiva | Lottemaa Teemapark","og_description":"Vanha matkakoira Klaus k\u00e4vi Hiidenmaalla tarkistamassa, oliko K\u00f5pun majakka viel\u00e4 entisell\u00e4 paikallaan. Olihan se, ja Klaus l\u00e4hti takaisin kohti kotia.","og_url":"https:\/\/lottemaa.ee\/fi\/paiva-lottemaassa\/keksinnot\/klausin-laiva\/","og_site_name":"Lottemaa Teemapark","article_modified_time":"2024-09-27T08:58:42+00:00","og_image":[{"width":2560,"height":1696,"url":"https:\/\/lottemaa.ee\/wp-content\/uploads\/2024\/09\/DSC_7020-scaled.jpg","type":"image\/jpeg"}],"twitter_card":"summary_large_image","twitter_misc":{"Arvioitu lukuaika":"1 minuutti"},"schema":{"@context":"https:\/\/schema.org","@graph":[{"@type":"WebPage","@id":"https:\/\/lottemaa.ee\/fi\/paiva-lottemaassa\/keksinnot\/klausin-laiva\/","url":"https:\/\/lottemaa.ee\/fi\/paiva-lottemaassa\/keksinnot\/klausin-laiva\/","name":"Klausin laiva | Lottemaa Teemapark","isPartOf":{"@id":"https:\/\/lottemaa.ee\/#website"},"primaryImageOfPage":{"@id":"https:\/\/lottemaa.ee\/fi\/paiva-lottemaassa\/keksinnot\/klausin-laiva\/#primaryimage"},"image":{"@id":"https:\/\/lottemaa.ee\/fi\/paiva-lottemaassa\/keksinnot\/klausin-laiva\/#primaryimage"},"thumbnailUrl":"https:\/\/lottemaa.ee\/wp-content\/uploads\/2025\/06\/Klausi-rannulaev-scaled.jpg","datePublished":"2016-05-18T10:52:36+00:00","dateModified":"2024-09-27T08:58:42+00:00","description":"Vanha matkakoira Klaus k\u00e4vi Hiidenmaalla tarkistamassa, oliko K\u00f5pun majakka viel\u00e4 entisell\u00e4 paikallaan. Olihan se, ja Klaus l\u00e4hti takaisin kohti kotia.","breadcrumb":{"@id":"https:\/\/lottemaa.ee\/fi\/paiva-lottemaassa\/keksinnot\/klausin-laiva\/#breadcrumb"},"inLanguage":"fi","potentialAction":[{"@type":"ReadAction","target":["https:\/\/lottemaa.ee\/fi\/paiva-lottemaassa\/keksinnot\/klausin-laiva\/"]}]},{"@type":"ImageObject","inLanguage":"fi","@id":"https:\/\/lottemaa.ee\/fi\/paiva-lottemaassa\/keksinnot\/klausin-laiva\/#primaryimage","url":"https:\/\/lottemaa.ee\/wp-content\/uploads\/2025\/06\/Klausi-rannulaev-scaled.jpg","contentUrl":"https:\/\/lottemaa.ee\/wp-content\/uploads\/2025\/06\/Klausi-rannulaev-scaled.jpg","width":2560,"height":1696},{"@type":"BreadcrumbList","@id":"https:\/\/lottemaa.ee\/fi\/paiva-lottemaassa\/keksinnot\/klausin-laiva\/#breadcrumb","itemListElement":[{"@type":"ListItem","position":1,"name":"Home","item":"https:\/\/lottemaa.ee\/fi\/"},{"@type":"ListItem","position":2,"name":"P\u00e4iv\u00e4 Lottemaassa","item":"https:\/\/lottemaa.ee\/fi\/paiva-lottemaassa\/"},{"@type":"ListItem","position":3,"name":"Keksinn\u00f6t","item":"https:\/\/lottemaa.ee\/fi\/paiva-lottemaassa\/keksinnot\/"},{"@type":"ListItem","position":4,"name":"Klausin laiva"}]},{"@type":"WebSite","@id":"https:\/\/lottemaa.ee\/#website","url":"https:\/\/lottemaa.ee\/","name":"Lottemaa Teemapark","description":"Baltimaade suurim ja k\u00f5ige \u00e4gedam kogupere teemapark Eestis P\u00e4rnumaal","publisher":{"@id":"https:\/\/lottemaa.ee\/#organization"},"potentialAction":[{"@type":"SearchAction","target":{"@type":"EntryPoint","urlTemplate":"https:\/\/lottemaa.ee\/?s={search_term_string}"},"query-input":{"@type":"PropertyValueSpecification","valueRequired":true,"valueName":"search_term_string"}}],"inLanguage":"fi"},{"@type":"Organization","@id":"https:\/\/lottemaa.ee\/#organization","name":"Lottemaa Teemapark","url":"https:\/\/lottemaa.ee\/","logo":{"@type":"ImageObject","inLanguage":"fi","@id":"https:\/\/lottemaa.ee\/#\/schema\/logo\/image\/","url":"https:\/\/lottemaa.ee\/wp-content\/uploads\/2018\/12\/Lottemaa_LOGO.png","contentUrl":"https:\/\/lottemaa.ee\/wp-content\/uploads\/2018\/12\/Lottemaa_LOGO.png","width":1024,"height":518,"caption":"Lottemaa Teemapark"},"image":{"@id":"https:\/\/lottemaa.ee\/#\/schema\/logo\/image\/"}}]}},"_links":{"self":[{"href":"https:\/\/lottemaa.ee\/fi\/wp-json\/wp\/v2\/pages\/1808","targetHints":{"allow":["GET"]}}],"collection":[{"href":"https:\/\/lottemaa.ee\/fi\/wp-json\/wp\/v2\/pages"}],"about":[{"href":"https:\/\/lottemaa.ee\/fi\/wp-json\/wp\/v2\/types\/page"}],"author":[{"embeddable":true,"href":"https:\/\/lottemaa.ee\/fi\/wp-json\/wp\/v2\/users\/1"}],"replies":[{"embeddable":true,"href":"https:\/\/lottemaa.ee\/fi\/wp-json\/wp\/v2\/comments?post=1808"}],"version-history":[{"count":5,"href":"https:\/\/lottemaa.ee\/fi\/wp-json\/wp\/v2\/pages\/1808\/revisions"}],"predecessor-version":[{"id":28643,"href":"https:\/\/lottemaa.ee\/fi\/wp-json\/wp\/v2\/pages\/1808\/revisions\/28643"}],"up":[{"embeddable":true,"href":"https:\/\/lottemaa.ee\/fi\/wp-json\/wp\/v2\/pages\/1250"}],"wp:featuredmedia":[{"embeddable":true,"href":"https:\/\/lottemaa.ee\/fi\/wp-json\/wp\/v2\/media\/30599"}],"wp:attachment":[{"href":"https:\/\/lottemaa.ee\/fi\/wp-json\/wp\/v2\/media?parent=1808"}],"curies":[{"name":"wp","href":"https:\/\/api.w.org\/{rel}","templated":true}]}}