{"id":1806,"date":"2016-05-18T13:51:59","date_gmt":"2016-05-18T10:51:59","guid":{"rendered":"http:\/\/test.lottemaa.ee\/fi\/?page_id=1806"},"modified":"2024-09-26T16:32:11","modified_gmt":"2024-09-26T13:32:11","slug":"keksijakylan-kirjasto","status":"publish","type":"page","link":"https:\/\/lottemaa.ee\/fi\/paiva-lottemaassa\/talot-ja-toiminnot\/keksijakylan-kirjasto\/","title":{"rendered":"Keksij\u00e4kyl\u00e4n kirjasto"},"content":{"rendered":"<p style=\"text-align: left;\">Keksij\u00e4kyl\u00e4ss\u00e4 luetaan aika paljon kirjoja. Jos sataa vett\u00e4 tai tulee ukonilma, on mukavaa istuskella sis\u00e4ll\u00e4 ruokap\u00f6yd\u00e4n alla ja lukea oikealla silm\u00e4ll\u00e4 seikkailutarinaa ja vasemmalla silm\u00e4ll\u00e4 satuja. Mutta kun aurinko paistaa, on hauskaa menn\u00e4 puiden lomassa sijaitsevaan Keksij\u00e4kyl\u00e4n kirjastoon, heitt\u00e4yty\u00e4 puihin kiinnitettyihin riippumattoihin ja lukea kirjoja \u00e4\u00e4neentoisille. Parhaita lukijoita ovat ne, jotka osaavat lukea hauskalla \u00e4\u00e4nell\u00e4. Esimerkiksi Adalbert-j\u00e4niksen lukemista tulee kuuntelemaan koko kyl\u00e4.<\/p>\n","protected":false},"excerpt":{"rendered":"<p>Keksij\u00e4kyl\u00e4ss\u00e4 luetaan aika paljon kirjoja. Jos sataa vett\u00e4 tai tulee ukonilma, on mukavaa istuskella sis\u00e4ll\u00e4 ruokap\u00f6yd\u00e4n alla ja lukea oikealla silm\u00e4ll\u00e4 seikkailutarinaa ja vasemmalla silm\u00e4ll\u00e4 satuja. Mutta kun aurinko paistaa, on hauskaa menn\u00e4 puiden lomassa sijaitsevaan Keksij\u00e4kyl\u00e4n kirjastoon, heitt\u00e4yty\u00e4 puihin kiinnitettyihin riippumattoihin ja lukea kirjoja \u00e4\u00e4neentoisille. Parhaita lukijoita ovat ne, jotka osaavat lukea hauskalla \u00e4\u00e4nell\u00e4. &hellip; <a href=\"https:\/\/lottemaa.ee\/fi\/paiva-lottemaassa\/talot-ja-toiminnot\/keksijakylan-kirjasto\/\">Continued<\/a><\/p>\n","protected":false},"author":1,"featured_media":13035,"parent":1189,"menu_order":576,"comment_status":"closed","ping_status":"closed","template":"","meta":{"_acf_changed":false,"om_disable_all_campaigns":false,"_uf_show_specific_survey":0,"_uf_disable_surveys":false,"footnotes":""},"class_list":["post-1806","page","type-page","status-publish","has-post-thumbnail","hentry"],"acf":[],"yoast_head":"<!-- This site is optimized with the Yoast SEO plugin v25.5 - https:\/\/yoast.com\/wordpress\/plugins\/seo\/ -->\n<title>Keksij\u00e4kyl\u00e4n kirjasto | Lottemaa Teemapark<\/title>\n<meta name=\"description\" content=\"Keksij\u00e4kyl\u00e4ss\u00e4 luetaan aika paljon kirjoja. Jos sataa vett\u00e4 tai tulee ukonilma, on mukavaa istuskella sis\u00e4ll\u00e4 ruokap\u00f6yd\u00e4n alla ja lukea oikealla silm\u00e4ll\u00e4 seikkailutarinaa ja vasemmalla silm\u00e4ll\u00e4 satuja.\" \/>\n<meta name=\"robots\" content=\"index, follow, max-snippet:-1, max-image-preview:large, max-video-preview:-1\" \/>\n<link rel=\"canonical\" href=\"https:\/\/lottemaa.ee\/fi\/paiva-lottemaassa\/talot-ja-toiminnot\/keksijakylan-kirjasto\/\" \/>\n<meta property=\"og:locale\" content=\"fi_FI\" \/>\n<meta property=\"og:type\" content=\"article\" \/>\n<meta property=\"og:title\" content=\"Keksij\u00e4kyl\u00e4n kirjasto | Lottemaa Teemapark\" \/>\n<meta property=\"og:description\" content=\"Keksij\u00e4kyl\u00e4ss\u00e4 luetaan aika paljon kirjoja. Jos sataa vett\u00e4 tai tulee ukonilma, on mukavaa istuskella sis\u00e4ll\u00e4 ruokap\u00f6yd\u00e4n alla ja lukea oikealla silm\u00e4ll\u00e4 seikkailutarinaa ja vasemmalla silm\u00e4ll\u00e4 satuja.\" \/>\n<meta property=\"og:url\" content=\"https:\/\/lottemaa.ee\/fi\/paiva-lottemaassa\/talot-ja-toiminnot\/keksijakylan-kirjasto\/\" \/>\n<meta property=\"og:site_name\" content=\"Lottemaa Teemapark\" \/>\n<meta property=\"article:modified_time\" content=\"2024-09-26T13:32:11+00:00\" \/>\n<meta property=\"og:image\" content=\"https:\/\/lottemaa.ee\/wp-content\/uploads\/2022\/04\/DSC_6724-scaled.jpg\" \/>\n\t<meta property=\"og:image:width\" content=\"1696\" \/>\n\t<meta property=\"og:image:height\" content=\"2560\" \/>\n\t<meta property=\"og:image:type\" content=\"image\/jpeg\" \/>\n<meta name=\"twitter:card\" content=\"summary_large_image\" \/>\n<meta name=\"twitter:label1\" content=\"Arvioitu lukuaika\" \/>\n\t<meta name=\"twitter:data1\" content=\"1 minuutti\" \/>\n<script type=\"application\/ld+json\" class=\"yoast-schema-graph\">{\"@context\":\"https:\/\/schema.org\",\"@graph\":[{\"@type\":\"WebPage\",\"@id\":\"https:\/\/lottemaa.ee\/fi\/paiva-lottemaassa\/talot-ja-toiminnot\/keksijakylan-kirjasto\/\",\"url\":\"https:\/\/lottemaa.ee\/fi\/paiva-lottemaassa\/talot-ja-toiminnot\/keksijakylan-kirjasto\/\",\"name\":\"Keksij\u00e4kyl\u00e4n kirjasto | Lottemaa Teemapark\",\"isPartOf\":{\"@id\":\"https:\/\/lottemaa.ee\/#website\"},\"primaryImageOfPage\":{\"@id\":\"https:\/\/lottemaa.ee\/fi\/paiva-lottemaassa\/talot-ja-toiminnot\/keksijakylan-kirjasto\/#primaryimage\"},\"image\":{\"@id\":\"https:\/\/lottemaa.ee\/fi\/paiva-lottemaassa\/talot-ja-toiminnot\/keksijakylan-kirjasto\/#primaryimage\"},\"thumbnailUrl\":\"https:\/\/lottemaa.ee\/wp-content\/uploads\/2022\/04\/DSC_6724-scaled.jpg\",\"datePublished\":\"2016-05-18T10:51:59+00:00\",\"dateModified\":\"2024-09-26T13:32:11+00:00\",\"description\":\"Keksij\u00e4kyl\u00e4ss\u00e4 luetaan aika paljon kirjoja. Jos sataa vett\u00e4 tai tulee ukonilma, on mukavaa istuskella sis\u00e4ll\u00e4 ruokap\u00f6yd\u00e4n alla ja lukea oikealla silm\u00e4ll\u00e4 seikkailutarinaa ja vasemmalla silm\u00e4ll\u00e4 satuja.\",\"breadcrumb\":{\"@id\":\"https:\/\/lottemaa.ee\/fi\/paiva-lottemaassa\/talot-ja-toiminnot\/keksijakylan-kirjasto\/#breadcrumb\"},\"inLanguage\":\"fi\",\"potentialAction\":[{\"@type\":\"ReadAction\",\"target\":[\"https:\/\/lottemaa.ee\/fi\/paiva-lottemaassa\/talot-ja-toiminnot\/keksijakylan-kirjasto\/\"]}]},{\"@type\":\"ImageObject\",\"inLanguage\":\"fi\",\"@id\":\"https:\/\/lottemaa.ee\/fi\/paiva-lottemaassa\/talot-ja-toiminnot\/keksijakylan-kirjasto\/#primaryimage\",\"url\":\"https:\/\/lottemaa.ee\/wp-content\/uploads\/2022\/04\/DSC_6724-scaled.jpg\",\"contentUrl\":\"https:\/\/lottemaa.ee\/wp-content\/uploads\/2022\/04\/DSC_6724-scaled.jpg\",\"width\":1696,\"height\":2560},{\"@type\":\"BreadcrumbList\",\"@id\":\"https:\/\/lottemaa.ee\/fi\/paiva-lottemaassa\/talot-ja-toiminnot\/keksijakylan-kirjasto\/#breadcrumb\",\"itemListElement\":[{\"@type\":\"ListItem\",\"position\":1,\"name\":\"Home\",\"item\":\"https:\/\/lottemaa.ee\/fi\/\"},{\"@type\":\"ListItem\",\"position\":2,\"name\":\"P\u00e4iv\u00e4 Lottemaassa\",\"item\":\"https:\/\/lottemaa.ee\/fi\/paiva-lottemaassa\/\"},{\"@type\":\"ListItem\",\"position\":3,\"name\":\"Talot ja toiminnot\",\"item\":\"https:\/\/lottemaa.ee\/fi\/paiva-lottemaassa\/talot-ja-toiminnot\/\"},{\"@type\":\"ListItem\",\"position\":4,\"name\":\"Keksij\u00e4kyl\u00e4n kirjasto\"}]},{\"@type\":\"WebSite\",\"@id\":\"https:\/\/lottemaa.ee\/#website\",\"url\":\"https:\/\/lottemaa.ee\/\",\"name\":\"Lottemaa Teemapark\",\"description\":\"Baltimaade suurim ja k\u00f5ige \u00e4gedam kogupere teemapark Eestis P\u00e4rnumaal\",\"publisher\":{\"@id\":\"https:\/\/lottemaa.ee\/#organization\"},\"potentialAction\":[{\"@type\":\"SearchAction\",\"target\":{\"@type\":\"EntryPoint\",\"urlTemplate\":\"https:\/\/lottemaa.ee\/?s={search_term_string}\"},\"query-input\":{\"@type\":\"PropertyValueSpecification\",\"valueRequired\":true,\"valueName\":\"search_term_string\"}}],\"inLanguage\":\"fi\"},{\"@type\":\"Organization\",\"@id\":\"https:\/\/lottemaa.ee\/#organization\",\"name\":\"Lottemaa Teemapark\",\"url\":\"https:\/\/lottemaa.ee\/\",\"logo\":{\"@type\":\"ImageObject\",\"inLanguage\":\"fi\",\"@id\":\"https:\/\/lottemaa.ee\/#\/schema\/logo\/image\/\",\"url\":\"https:\/\/lottemaa.ee\/wp-content\/uploads\/2018\/12\/Lottemaa_LOGO.png\",\"contentUrl\":\"https:\/\/lottemaa.ee\/wp-content\/uploads\/2018\/12\/Lottemaa_LOGO.png\",\"width\":1024,\"height\":518,\"caption\":\"Lottemaa Teemapark\"},\"image\":{\"@id\":\"https:\/\/lottemaa.ee\/#\/schema\/logo\/image\/\"}}]}<\/script>\n<!-- \/ Yoast SEO plugin. -->","yoast_head_json":{"title":"Keksij\u00e4kyl\u00e4n kirjasto | Lottemaa Teemapark","description":"Keksij\u00e4kyl\u00e4ss\u00e4 luetaan aika paljon kirjoja. Jos sataa vett\u00e4 tai tulee ukonilma, on mukavaa istuskella sis\u00e4ll\u00e4 ruokap\u00f6yd\u00e4n alla ja lukea oikealla silm\u00e4ll\u00e4 seikkailutarinaa ja vasemmalla silm\u00e4ll\u00e4 satuja.","robots":{"index":"index","follow":"follow","max-snippet":"max-snippet:-1","max-image-preview":"max-image-preview:large","max-video-preview":"max-video-preview:-1"},"canonical":"https:\/\/lottemaa.ee\/fi\/paiva-lottemaassa\/talot-ja-toiminnot\/keksijakylan-kirjasto\/","og_locale":"fi_FI","og_type":"article","og_title":"Keksij\u00e4kyl\u00e4n kirjasto | Lottemaa Teemapark","og_description":"Keksij\u00e4kyl\u00e4ss\u00e4 luetaan aika paljon kirjoja. Jos sataa vett\u00e4 tai tulee ukonilma, on mukavaa istuskella sis\u00e4ll\u00e4 ruokap\u00f6yd\u00e4n alla ja lukea oikealla silm\u00e4ll\u00e4 seikkailutarinaa ja vasemmalla silm\u00e4ll\u00e4 satuja.","og_url":"https:\/\/lottemaa.ee\/fi\/paiva-lottemaassa\/talot-ja-toiminnot\/keksijakylan-kirjasto\/","og_site_name":"Lottemaa Teemapark","article_modified_time":"2024-09-26T13:32:11+00:00","og_image":[{"width":1696,"height":2560,"url":"https:\/\/lottemaa.ee\/wp-content\/uploads\/2022\/04\/DSC_6724-scaled.jpg","type":"image\/jpeg"}],"twitter_card":"summary_large_image","twitter_misc":{"Arvioitu lukuaika":"1 minuutti"},"schema":{"@context":"https:\/\/schema.org","@graph":[{"@type":"WebPage","@id":"https:\/\/lottemaa.ee\/fi\/paiva-lottemaassa\/talot-ja-toiminnot\/keksijakylan-kirjasto\/","url":"https:\/\/lottemaa.ee\/fi\/paiva-lottemaassa\/talot-ja-toiminnot\/keksijakylan-kirjasto\/","name":"Keksij\u00e4kyl\u00e4n kirjasto | Lottemaa Teemapark","isPartOf":{"@id":"https:\/\/lottemaa.ee\/#website"},"primaryImageOfPage":{"@id":"https:\/\/lottemaa.ee\/fi\/paiva-lottemaassa\/talot-ja-toiminnot\/keksijakylan-kirjasto\/#primaryimage"},"image":{"@id":"https:\/\/lottemaa.ee\/fi\/paiva-lottemaassa\/talot-ja-toiminnot\/keksijakylan-kirjasto\/#primaryimage"},"thumbnailUrl":"https:\/\/lottemaa.ee\/wp-content\/uploads\/2022\/04\/DSC_6724-scaled.jpg","datePublished":"2016-05-18T10:51:59+00:00","dateModified":"2024-09-26T13:32:11+00:00","description":"Keksij\u00e4kyl\u00e4ss\u00e4 luetaan aika paljon kirjoja. Jos sataa vett\u00e4 tai tulee ukonilma, on mukavaa istuskella sis\u00e4ll\u00e4 ruokap\u00f6yd\u00e4n alla ja lukea oikealla silm\u00e4ll\u00e4 seikkailutarinaa ja vasemmalla silm\u00e4ll\u00e4 satuja.","breadcrumb":{"@id":"https:\/\/lottemaa.ee\/fi\/paiva-lottemaassa\/talot-ja-toiminnot\/keksijakylan-kirjasto\/#breadcrumb"},"inLanguage":"fi","potentialAction":[{"@type":"ReadAction","target":["https:\/\/lottemaa.ee\/fi\/paiva-lottemaassa\/talot-ja-toiminnot\/keksijakylan-kirjasto\/"]}]},{"@type":"ImageObject","inLanguage":"fi","@id":"https:\/\/lottemaa.ee\/fi\/paiva-lottemaassa\/talot-ja-toiminnot\/keksijakylan-kirjasto\/#primaryimage","url":"https:\/\/lottemaa.ee\/wp-content\/uploads\/2022\/04\/DSC_6724-scaled.jpg","contentUrl":"https:\/\/lottemaa.ee\/wp-content\/uploads\/2022\/04\/DSC_6724-scaled.jpg","width":1696,"height":2560},{"@type":"BreadcrumbList","@id":"https:\/\/lottemaa.ee\/fi\/paiva-lottemaassa\/talot-ja-toiminnot\/keksijakylan-kirjasto\/#breadcrumb","itemListElement":[{"@type":"ListItem","position":1,"name":"Home","item":"https:\/\/lottemaa.ee\/fi\/"},{"@type":"ListItem","position":2,"name":"P\u00e4iv\u00e4 Lottemaassa","item":"https:\/\/lottemaa.ee\/fi\/paiva-lottemaassa\/"},{"@type":"ListItem","position":3,"name":"Talot ja toiminnot","item":"https:\/\/lottemaa.ee\/fi\/paiva-lottemaassa\/talot-ja-toiminnot\/"},{"@type":"ListItem","position":4,"name":"Keksij\u00e4kyl\u00e4n kirjasto"}]},{"@type":"WebSite","@id":"https:\/\/lottemaa.ee\/#website","url":"https:\/\/lottemaa.ee\/","name":"Lottemaa Teemapark","description":"Baltimaade suurim ja k\u00f5ige \u00e4gedam kogupere teemapark Eestis P\u00e4rnumaal","publisher":{"@id":"https:\/\/lottemaa.ee\/#organization"},"potentialAction":[{"@type":"SearchAction","target":{"@type":"EntryPoint","urlTemplate":"https:\/\/lottemaa.ee\/?s={search_term_string}"},"query-input":{"@type":"PropertyValueSpecification","valueRequired":true,"valueName":"search_term_string"}}],"inLanguage":"fi"},{"@type":"Organization","@id":"https:\/\/lottemaa.ee\/#organization","name":"Lottemaa Teemapark","url":"https:\/\/lottemaa.ee\/","logo":{"@type":"ImageObject","inLanguage":"fi","@id":"https:\/\/lottemaa.ee\/#\/schema\/logo\/image\/","url":"https:\/\/lottemaa.ee\/wp-content\/uploads\/2018\/12\/Lottemaa_LOGO.png","contentUrl":"https:\/\/lottemaa.ee\/wp-content\/uploads\/2018\/12\/Lottemaa_LOGO.png","width":1024,"height":518,"caption":"Lottemaa Teemapark"},"image":{"@id":"https:\/\/lottemaa.ee\/#\/schema\/logo\/image\/"}}]}},"_links":{"self":[{"href":"https:\/\/lottemaa.ee\/fi\/wp-json\/wp\/v2\/pages\/1806","targetHints":{"allow":["GET"]}}],"collection":[{"href":"https:\/\/lottemaa.ee\/fi\/wp-json\/wp\/v2\/pages"}],"about":[{"href":"https:\/\/lottemaa.ee\/fi\/wp-json\/wp\/v2\/types\/page"}],"author":[{"embeddable":true,"href":"https:\/\/lottemaa.ee\/fi\/wp-json\/wp\/v2\/users\/1"}],"replies":[{"embeddable":true,"href":"https:\/\/lottemaa.ee\/fi\/wp-json\/wp\/v2\/comments?post=1806"}],"version-history":[{"count":5,"href":"https:\/\/lottemaa.ee\/fi\/wp-json\/wp\/v2\/pages\/1806\/revisions"}],"predecessor-version":[{"id":28615,"href":"https:\/\/lottemaa.ee\/fi\/wp-json\/wp\/v2\/pages\/1806\/revisions\/28615"}],"up":[{"embeddable":true,"href":"https:\/\/lottemaa.ee\/fi\/wp-json\/wp\/v2\/pages\/1189"}],"wp:featuredmedia":[{"embeddable":true,"href":"https:\/\/lottemaa.ee\/fi\/wp-json\/wp\/v2\/media\/13035"}],"wp:attachment":[{"href":"https:\/\/lottemaa.ee\/fi\/wp-json\/wp\/v2\/media?parent=1806"}],"curies":[{"name":"wp","href":"https:\/\/api.w.org\/{rel}","templated":true}]}}