{"id":1804,"date":"2016-05-18T13:50:53","date_gmt":"2016-05-18T10:50:53","guid":{"rendered":"http:\/\/test.lottemaa.ee\/fi\/?page_id=1804"},"modified":"2024-09-27T11:51:04","modified_gmt":"2024-09-27T08:51:04","slug":"possuemo-helmin-lentokone","status":"publish","type":"page","link":"https:\/\/lottemaa.ee\/fi\/paiva-lottemaassa\/keksinnot\/possuemo-helmin-lentokone\/","title":{"rendered":"Possuemo Helmin lentokone"},"content":{"rendered":"<p style=\"text-align: left;\">Possuemo Helmi on puuhastellut koko vuoden itse tekem\u00e4ns\u00e4 lentokoneen parissa. Yhden kunnollisen sian on p\u00e4\u00e4st\u00e4v\u00e4 lent\u00e4m\u00e4\u00e4n onnellisesti lammikon yli, ja Helmi on tietenkin eritt\u00e4in kunnollinen sika. Helmi on p\u00e4\u00e4ssyt keksint\u00f6ns\u00e4 avulla jo lammikon toiselle puolelle, ja nyt my\u00f6s Lottemaan vieraat voivat lent\u00e4\u00e4 lammikon yli Helmin koneella. Mutta jos joku haluaa kesken ilmalennon hyp\u00e4t\u00e4 alas lammikkoon, olkaa hyv\u00e4t \u2013 tuore kura on mukavaa ja terveellist\u00e4. Ja eik\u00f6h\u00e4n Helmi l\u00f6yd\u00e4 kaikille j\u00e4lkik\u00e4teen kuivia vaatteita.<\/p>\n","protected":false},"excerpt":{"rendered":"<p>Possuemo Helmi on puuhastellut koko vuoden itse tekem\u00e4ns\u00e4 lentokoneen parissa. Yhden kunnollisen sian on p\u00e4\u00e4st\u00e4v\u00e4 lent\u00e4m\u00e4\u00e4n onnellisesti lammikon yli, ja Helmi on tietenkin eritt\u00e4in kunnollinen sika. Helmi on p\u00e4\u00e4ssyt keksint\u00f6ns\u00e4 avulla jo lammikon toiselle puolelle, ja nyt my\u00f6s Lottemaan vieraat voivat lent\u00e4\u00e4 lammikon yli Helmin koneella. Mutta jos joku haluaa kesken ilmalennon hyp\u00e4t\u00e4 alas lammikkoon, &hellip; <a href=\"https:\/\/lottemaa.ee\/fi\/paiva-lottemaassa\/keksinnot\/possuemo-helmin-lentokone\/\">Continued<\/a><\/p>\n","protected":false},"author":1,"featured_media":2993,"parent":1250,"menu_order":557,"comment_status":"closed","ping_status":"closed","template":"","meta":{"_acf_changed":false,"om_disable_all_campaigns":false,"_uf_show_specific_survey":0,"_uf_disable_surveys":false,"footnotes":""},"class_list":["post-1804","page","type-page","status-publish","has-post-thumbnail","hentry"],"acf":[],"yoast_head":"<!-- This site is optimized with the Yoast SEO plugin v25.5 - https:\/\/yoast.com\/wordpress\/plugins\/seo\/ -->\n<title>Possuemo Helmin lentokone | Lottemaa Teemapark<\/title>\n<meta name=\"description\" content=\"Possuemo Helmi on puuhastellut koko vuoden itse tekem\u00e4ns\u00e4 lentokoneen parissa. Yhden kunnollisen sian on p\u00e4\u00e4st\u00e4v\u00e4 lent\u00e4m\u00e4\u00e4n onnellisesti lammikon yli, ja Helmi on tietenkin eritt\u00e4in kunnollinen sika.\" \/>\n<meta name=\"robots\" content=\"index, follow, max-snippet:-1, max-image-preview:large, max-video-preview:-1\" \/>\n<link rel=\"canonical\" href=\"https:\/\/lottemaa.ee\/fi\/paiva-lottemaassa\/keksinnot\/possuemo-helmin-lentokone\/\" \/>\n<meta property=\"og:locale\" content=\"fi_FI\" \/>\n<meta property=\"og:type\" content=\"article\" \/>\n<meta property=\"og:title\" content=\"Possuemo Helmin lentokone | Lottemaa Teemapark\" \/>\n<meta property=\"og:description\" content=\"Possuemo Helmi on puuhastellut koko vuoden itse tekem\u00e4ns\u00e4 lentokoneen parissa. Yhden kunnollisen sian on p\u00e4\u00e4st\u00e4v\u00e4 lent\u00e4m\u00e4\u00e4n onnellisesti lammikon yli, ja Helmi on tietenkin eritt\u00e4in kunnollinen sika.\" \/>\n<meta property=\"og:url\" content=\"https:\/\/lottemaa.ee\/fi\/paiva-lottemaassa\/keksinnot\/possuemo-helmin-lentokone\/\" \/>\n<meta property=\"og:site_name\" content=\"Lottemaa Teemapark\" \/>\n<meta property=\"article:modified_time\" content=\"2024-09-27T08:51:04+00:00\" \/>\n<meta property=\"og:image\" content=\"https:\/\/lottemaa.ee\/wp-content\/uploads\/2016\/05\/Esimesed-pildid-1-1024x683.jpg\" \/>\n\t<meta property=\"og:image:width\" content=\"1024\" \/>\n\t<meta property=\"og:image:height\" content=\"683\" \/>\n\t<meta property=\"og:image:type\" content=\"image\/jpeg\" \/>\n<meta name=\"twitter:card\" content=\"summary_large_image\" \/>\n<meta name=\"twitter:label1\" content=\"Arvioitu lukuaika\" \/>\n\t<meta name=\"twitter:data1\" content=\"1 minuutti\" \/>\n<script type=\"application\/ld+json\" class=\"yoast-schema-graph\">{\"@context\":\"https:\/\/schema.org\",\"@graph\":[{\"@type\":\"WebPage\",\"@id\":\"https:\/\/lottemaa.ee\/fi\/paiva-lottemaassa\/keksinnot\/possuemo-helmin-lentokone\/\",\"url\":\"https:\/\/lottemaa.ee\/fi\/paiva-lottemaassa\/keksinnot\/possuemo-helmin-lentokone\/\",\"name\":\"Possuemo Helmin lentokone | Lottemaa Teemapark\",\"isPartOf\":{\"@id\":\"https:\/\/lottemaa.ee\/#website\"},\"primaryImageOfPage\":{\"@id\":\"https:\/\/lottemaa.ee\/fi\/paiva-lottemaassa\/keksinnot\/possuemo-helmin-lentokone\/#primaryimage\"},\"image\":{\"@id\":\"https:\/\/lottemaa.ee\/fi\/paiva-lottemaassa\/keksinnot\/possuemo-helmin-lentokone\/#primaryimage\"},\"thumbnailUrl\":\"https:\/\/lottemaa.ee\/wp-content\/uploads\/2016\/05\/Esimesed-pildid-1.jpg\",\"datePublished\":\"2016-05-18T10:50:53+00:00\",\"dateModified\":\"2024-09-27T08:51:04+00:00\",\"description\":\"Possuemo Helmi on puuhastellut koko vuoden itse tekem\u00e4ns\u00e4 lentokoneen parissa. Yhden kunnollisen sian on p\u00e4\u00e4st\u00e4v\u00e4 lent\u00e4m\u00e4\u00e4n onnellisesti lammikon yli, ja Helmi on tietenkin eritt\u00e4in kunnollinen sika.\",\"breadcrumb\":{\"@id\":\"https:\/\/lottemaa.ee\/fi\/paiva-lottemaassa\/keksinnot\/possuemo-helmin-lentokone\/#breadcrumb\"},\"inLanguage\":\"fi\",\"potentialAction\":[{\"@type\":\"ReadAction\",\"target\":[\"https:\/\/lottemaa.ee\/fi\/paiva-lottemaassa\/keksinnot\/possuemo-helmin-lentokone\/\"]}]},{\"@type\":\"ImageObject\",\"inLanguage\":\"fi\",\"@id\":\"https:\/\/lottemaa.ee\/fi\/paiva-lottemaassa\/keksinnot\/possuemo-helmin-lentokone\/#primaryimage\",\"url\":\"https:\/\/lottemaa.ee\/wp-content\/uploads\/2016\/05\/Esimesed-pildid-1.jpg\",\"contentUrl\":\"https:\/\/lottemaa.ee\/wp-content\/uploads\/2016\/05\/Esimesed-pildid-1.jpg\",\"width\":5585,\"height\":3723},{\"@type\":\"BreadcrumbList\",\"@id\":\"https:\/\/lottemaa.ee\/fi\/paiva-lottemaassa\/keksinnot\/possuemo-helmin-lentokone\/#breadcrumb\",\"itemListElement\":[{\"@type\":\"ListItem\",\"position\":1,\"name\":\"Home\",\"item\":\"https:\/\/lottemaa.ee\/fi\/\"},{\"@type\":\"ListItem\",\"position\":2,\"name\":\"P\u00e4iv\u00e4 Lottemaassa\",\"item\":\"https:\/\/lottemaa.ee\/fi\/paiva-lottemaassa\/\"},{\"@type\":\"ListItem\",\"position\":3,\"name\":\"Keksinn\u00f6t\",\"item\":\"https:\/\/lottemaa.ee\/fi\/paiva-lottemaassa\/keksinnot\/\"},{\"@type\":\"ListItem\",\"position\":4,\"name\":\"Possuemo Helmin lentokone\"}]},{\"@type\":\"WebSite\",\"@id\":\"https:\/\/lottemaa.ee\/#website\",\"url\":\"https:\/\/lottemaa.ee\/\",\"name\":\"Lottemaa Teemapark\",\"description\":\"Baltimaade suurim ja k\u00f5ige \u00e4gedam kogupere teemapark Eestis P\u00e4rnumaal\",\"publisher\":{\"@id\":\"https:\/\/lottemaa.ee\/#organization\"},\"potentialAction\":[{\"@type\":\"SearchAction\",\"target\":{\"@type\":\"EntryPoint\",\"urlTemplate\":\"https:\/\/lottemaa.ee\/?s={search_term_string}\"},\"query-input\":{\"@type\":\"PropertyValueSpecification\",\"valueRequired\":true,\"valueName\":\"search_term_string\"}}],\"inLanguage\":\"fi\"},{\"@type\":\"Organization\",\"@id\":\"https:\/\/lottemaa.ee\/#organization\",\"name\":\"Lottemaa Teemapark\",\"url\":\"https:\/\/lottemaa.ee\/\",\"logo\":{\"@type\":\"ImageObject\",\"inLanguage\":\"fi\",\"@id\":\"https:\/\/lottemaa.ee\/#\/schema\/logo\/image\/\",\"url\":\"https:\/\/lottemaa.ee\/wp-content\/uploads\/2018\/12\/Lottemaa_LOGO.png\",\"contentUrl\":\"https:\/\/lottemaa.ee\/wp-content\/uploads\/2018\/12\/Lottemaa_LOGO.png\",\"width\":1024,\"height\":518,\"caption\":\"Lottemaa Teemapark\"},\"image\":{\"@id\":\"https:\/\/lottemaa.ee\/#\/schema\/logo\/image\/\"}}]}<\/script>\n<!-- \/ Yoast SEO plugin. -->","yoast_head_json":{"title":"Possuemo Helmin lentokone | Lottemaa Teemapark","description":"Possuemo Helmi on puuhastellut koko vuoden itse tekem\u00e4ns\u00e4 lentokoneen parissa. Yhden kunnollisen sian on p\u00e4\u00e4st\u00e4v\u00e4 lent\u00e4m\u00e4\u00e4n onnellisesti lammikon yli, ja Helmi on tietenkin eritt\u00e4in kunnollinen sika.","robots":{"index":"index","follow":"follow","max-snippet":"max-snippet:-1","max-image-preview":"max-image-preview:large","max-video-preview":"max-video-preview:-1"},"canonical":"https:\/\/lottemaa.ee\/fi\/paiva-lottemaassa\/keksinnot\/possuemo-helmin-lentokone\/","og_locale":"fi_FI","og_type":"article","og_title":"Possuemo Helmin lentokone | Lottemaa Teemapark","og_description":"Possuemo Helmi on puuhastellut koko vuoden itse tekem\u00e4ns\u00e4 lentokoneen parissa. Yhden kunnollisen sian on p\u00e4\u00e4st\u00e4v\u00e4 lent\u00e4m\u00e4\u00e4n onnellisesti lammikon yli, ja Helmi on tietenkin eritt\u00e4in kunnollinen sika.","og_url":"https:\/\/lottemaa.ee\/fi\/paiva-lottemaassa\/keksinnot\/possuemo-helmin-lentokone\/","og_site_name":"Lottemaa Teemapark","article_modified_time":"2024-09-27T08:51:04+00:00","og_image":[{"width":1024,"height":683,"url":"https:\/\/lottemaa.ee\/wp-content\/uploads\/2016\/05\/Esimesed-pildid-1-1024x683.jpg","type":"image\/jpeg"}],"twitter_card":"summary_large_image","twitter_misc":{"Arvioitu lukuaika":"1 minuutti"},"schema":{"@context":"https:\/\/schema.org","@graph":[{"@type":"WebPage","@id":"https:\/\/lottemaa.ee\/fi\/paiva-lottemaassa\/keksinnot\/possuemo-helmin-lentokone\/","url":"https:\/\/lottemaa.ee\/fi\/paiva-lottemaassa\/keksinnot\/possuemo-helmin-lentokone\/","name":"Possuemo Helmin lentokone | Lottemaa Teemapark","isPartOf":{"@id":"https:\/\/lottemaa.ee\/#website"},"primaryImageOfPage":{"@id":"https:\/\/lottemaa.ee\/fi\/paiva-lottemaassa\/keksinnot\/possuemo-helmin-lentokone\/#primaryimage"},"image":{"@id":"https:\/\/lottemaa.ee\/fi\/paiva-lottemaassa\/keksinnot\/possuemo-helmin-lentokone\/#primaryimage"},"thumbnailUrl":"https:\/\/lottemaa.ee\/wp-content\/uploads\/2016\/05\/Esimesed-pildid-1.jpg","datePublished":"2016-05-18T10:50:53+00:00","dateModified":"2024-09-27T08:51:04+00:00","description":"Possuemo Helmi on puuhastellut koko vuoden itse tekem\u00e4ns\u00e4 lentokoneen parissa. Yhden kunnollisen sian on p\u00e4\u00e4st\u00e4v\u00e4 lent\u00e4m\u00e4\u00e4n onnellisesti lammikon yli, ja Helmi on tietenkin eritt\u00e4in kunnollinen sika.","breadcrumb":{"@id":"https:\/\/lottemaa.ee\/fi\/paiva-lottemaassa\/keksinnot\/possuemo-helmin-lentokone\/#breadcrumb"},"inLanguage":"fi","potentialAction":[{"@type":"ReadAction","target":["https:\/\/lottemaa.ee\/fi\/paiva-lottemaassa\/keksinnot\/possuemo-helmin-lentokone\/"]}]},{"@type":"ImageObject","inLanguage":"fi","@id":"https:\/\/lottemaa.ee\/fi\/paiva-lottemaassa\/keksinnot\/possuemo-helmin-lentokone\/#primaryimage","url":"https:\/\/lottemaa.ee\/wp-content\/uploads\/2016\/05\/Esimesed-pildid-1.jpg","contentUrl":"https:\/\/lottemaa.ee\/wp-content\/uploads\/2016\/05\/Esimesed-pildid-1.jpg","width":5585,"height":3723},{"@type":"BreadcrumbList","@id":"https:\/\/lottemaa.ee\/fi\/paiva-lottemaassa\/keksinnot\/possuemo-helmin-lentokone\/#breadcrumb","itemListElement":[{"@type":"ListItem","position":1,"name":"Home","item":"https:\/\/lottemaa.ee\/fi\/"},{"@type":"ListItem","position":2,"name":"P\u00e4iv\u00e4 Lottemaassa","item":"https:\/\/lottemaa.ee\/fi\/paiva-lottemaassa\/"},{"@type":"ListItem","position":3,"name":"Keksinn\u00f6t","item":"https:\/\/lottemaa.ee\/fi\/paiva-lottemaassa\/keksinnot\/"},{"@type":"ListItem","position":4,"name":"Possuemo Helmin lentokone"}]},{"@type":"WebSite","@id":"https:\/\/lottemaa.ee\/#website","url":"https:\/\/lottemaa.ee\/","name":"Lottemaa Teemapark","description":"Baltimaade suurim ja k\u00f5ige \u00e4gedam kogupere teemapark Eestis P\u00e4rnumaal","publisher":{"@id":"https:\/\/lottemaa.ee\/#organization"},"potentialAction":[{"@type":"SearchAction","target":{"@type":"EntryPoint","urlTemplate":"https:\/\/lottemaa.ee\/?s={search_term_string}"},"query-input":{"@type":"PropertyValueSpecification","valueRequired":true,"valueName":"search_term_string"}}],"inLanguage":"fi"},{"@type":"Organization","@id":"https:\/\/lottemaa.ee\/#organization","name":"Lottemaa Teemapark","url":"https:\/\/lottemaa.ee\/","logo":{"@type":"ImageObject","inLanguage":"fi","@id":"https:\/\/lottemaa.ee\/#\/schema\/logo\/image\/","url":"https:\/\/lottemaa.ee\/wp-content\/uploads\/2018\/12\/Lottemaa_LOGO.png","contentUrl":"https:\/\/lottemaa.ee\/wp-content\/uploads\/2018\/12\/Lottemaa_LOGO.png","width":1024,"height":518,"caption":"Lottemaa Teemapark"},"image":{"@id":"https:\/\/lottemaa.ee\/#\/schema\/logo\/image\/"}}]}},"_links":{"self":[{"href":"https:\/\/lottemaa.ee\/fi\/wp-json\/wp\/v2\/pages\/1804","targetHints":{"allow":["GET"]}}],"collection":[{"href":"https:\/\/lottemaa.ee\/fi\/wp-json\/wp\/v2\/pages"}],"about":[{"href":"https:\/\/lottemaa.ee\/fi\/wp-json\/wp\/v2\/types\/page"}],"author":[{"embeddable":true,"href":"https:\/\/lottemaa.ee\/fi\/wp-json\/wp\/v2\/users\/1"}],"replies":[{"embeddable":true,"href":"https:\/\/lottemaa.ee\/fi\/wp-json\/wp\/v2\/comments?post=1804"}],"version-history":[{"count":5,"href":"https:\/\/lottemaa.ee\/fi\/wp-json\/wp\/v2\/pages\/1804\/revisions"}],"predecessor-version":[{"id":28635,"href":"https:\/\/lottemaa.ee\/fi\/wp-json\/wp\/v2\/pages\/1804\/revisions\/28635"}],"up":[{"embeddable":true,"href":"https:\/\/lottemaa.ee\/fi\/wp-json\/wp\/v2\/pages\/1250"}],"wp:featuredmedia":[{"embeddable":true,"href":"https:\/\/lottemaa.ee\/fi\/wp-json\/wp\/v2\/media\/2993"}],"wp:attachment":[{"href":"https:\/\/lottemaa.ee\/fi\/wp-json\/wp\/v2\/media?parent=1804"}],"curies":[{"name":"wp","href":"https:\/\/api.w.org\/{rel}","templated":true}]}}