{"id":1802,"date":"2016-05-18T13:49:59","date_gmt":"2016-05-18T10:49:59","guid":{"rendered":"http:\/\/test.lottemaa.ee\/fi\/?page_id=1802"},"modified":"2024-09-27T11:56:22","modified_gmt":"2024-09-27T08:56:22","slug":"tohtori-aven-kasvihuone","status":"publish","type":"page","link":"https:\/\/lottemaa.ee\/fi\/paiva-lottemaassa\/keksinnot\/tohtori-aven-kasvihuone\/","title":{"rendered":"Tohtori Aven kasvihuone"},"content":{"rendered":"<p style=\"text-align: left;\">Jotkut l\u00e4\u00e4k\u00e4rit hoitavat potilaita kuumennetuilla koivunlehdill\u00e4 tai marinoidulla poronj\u00e4k\u00e4l\u00e4ll\u00e4 \u2013 tohtori Ave hoitaa sairauksia j\u00e4\u00e4puikoilla. Olipa potilaalla iso kuhmu, paha olo tai isoista ajatuksista ylikuumentunut p\u00e4\u00e4, Avelta saa aina apua. Jotta tuoreita j\u00e4\u00e4puikkoja olisi aina saatavilla, Ave keksi j\u00e4\u00e4puikkojen kasvihuoneen. Kun j\u00e4\u00e4puikot kastelee huolellisesti joka p\u00e4iv\u00e4, ei yksik\u00e4\u00e4n sairaus p\u00e4\u00e4se yll\u00e4tt\u00e4m\u00e4\u00e4n!<\/p>\n","protected":false},"excerpt":{"rendered":"<p>Jotkut l\u00e4\u00e4k\u00e4rit hoitavat potilaita kuumennetuilla koivunlehdill\u00e4 tai marinoidulla poronj\u00e4k\u00e4l\u00e4ll\u00e4 \u2013 tohtori Ave hoitaa sairauksia j\u00e4\u00e4puikoilla. Olipa potilaalla iso kuhmu, paha olo tai isoista ajatuksista ylikuumentunut p\u00e4\u00e4, Avelta saa aina apua. Jotta tuoreita j\u00e4\u00e4puikkoja olisi aina saatavilla, Ave keksi j\u00e4\u00e4puikkojen kasvihuoneen. Kun j\u00e4\u00e4puikot kastelee huolellisesti joka p\u00e4iv\u00e4, ei yksik\u00e4\u00e4n sairaus p\u00e4\u00e4se yll\u00e4tt\u00e4m\u00e4\u00e4n!<\/p>\n","protected":false},"author":1,"featured_media":13120,"parent":1250,"menu_order":525,"comment_status":"closed","ping_status":"closed","template":"","meta":{"_acf_changed":false,"om_disable_all_campaigns":false,"_uf_show_specific_survey":0,"_uf_disable_surveys":false,"footnotes":""},"class_list":["post-1802","page","type-page","status-publish","has-post-thumbnail","hentry"],"acf":[],"yoast_head":"<!-- This site is optimized with the Yoast SEO plugin v25.5 - https:\/\/yoast.com\/wordpress\/plugins\/seo\/ -->\n<title>Tohtori Aven kasvihuone | Lottemaa Teemapark<\/title>\n<meta name=\"description\" content=\"Jotkut l\u00e4\u00e4k\u00e4rit hoitavat potilaita kuumennetuilla koivunlehdill\u00e4 tai marinoidulla poronj\u00e4k\u00e4l\u00e4ll\u00e4 \u2013 tohtori Ave hoitaa sairauksia j\u00e4\u00e4puikoilla.\" \/>\n<meta name=\"robots\" content=\"index, follow, max-snippet:-1, max-image-preview:large, max-video-preview:-1\" \/>\n<link rel=\"canonical\" href=\"https:\/\/lottemaa.ee\/fi\/paiva-lottemaassa\/keksinnot\/tohtori-aven-kasvihuone\/\" \/>\n<meta property=\"og:locale\" content=\"fi_FI\" \/>\n<meta property=\"og:type\" content=\"article\" \/>\n<meta property=\"og:title\" content=\"Tohtori Aven kasvihuone | Lottemaa Teemapark\" \/>\n<meta property=\"og:description\" content=\"Jotkut l\u00e4\u00e4k\u00e4rit hoitavat potilaita kuumennetuilla koivunlehdill\u00e4 tai marinoidulla poronj\u00e4k\u00e4l\u00e4ll\u00e4 \u2013 tohtori Ave hoitaa sairauksia j\u00e4\u00e4puikoilla.\" \/>\n<meta property=\"og:url\" content=\"https:\/\/lottemaa.ee\/fi\/paiva-lottemaassa\/keksinnot\/tohtori-aven-kasvihuone\/\" \/>\n<meta property=\"og:site_name\" content=\"Lottemaa Teemapark\" \/>\n<meta property=\"article:modified_time\" content=\"2024-09-27T08:56:22+00:00\" \/>\n<meta property=\"og:image\" content=\"https:\/\/lottemaa.ee\/wp-content\/uploads\/2022\/04\/DSC_6842-scaled.jpg\" \/>\n\t<meta property=\"og:image:width\" content=\"2560\" \/>\n\t<meta property=\"og:image:height\" content=\"1696\" \/>\n\t<meta property=\"og:image:type\" content=\"image\/jpeg\" \/>\n<meta name=\"twitter:card\" content=\"summary_large_image\" \/>\n<meta name=\"twitter:label1\" content=\"Arvioitu lukuaika\" \/>\n\t<meta name=\"twitter:data1\" content=\"1 minuutti\" \/>\n<script type=\"application\/ld+json\" class=\"yoast-schema-graph\">{\"@context\":\"https:\/\/schema.org\",\"@graph\":[{\"@type\":\"WebPage\",\"@id\":\"https:\/\/lottemaa.ee\/fi\/paiva-lottemaassa\/keksinnot\/tohtori-aven-kasvihuone\/\",\"url\":\"https:\/\/lottemaa.ee\/fi\/paiva-lottemaassa\/keksinnot\/tohtori-aven-kasvihuone\/\",\"name\":\"Tohtori Aven kasvihuone | Lottemaa Teemapark\",\"isPartOf\":{\"@id\":\"https:\/\/lottemaa.ee\/#website\"},\"primaryImageOfPage\":{\"@id\":\"https:\/\/lottemaa.ee\/fi\/paiva-lottemaassa\/keksinnot\/tohtori-aven-kasvihuone\/#primaryimage\"},\"image\":{\"@id\":\"https:\/\/lottemaa.ee\/fi\/paiva-lottemaassa\/keksinnot\/tohtori-aven-kasvihuone\/#primaryimage\"},\"thumbnailUrl\":\"https:\/\/lottemaa.ee\/wp-content\/uploads\/2022\/04\/DSC_6842-scaled.jpg\",\"datePublished\":\"2016-05-18T10:49:59+00:00\",\"dateModified\":\"2024-09-27T08:56:22+00:00\",\"description\":\"Jotkut l\u00e4\u00e4k\u00e4rit hoitavat potilaita kuumennetuilla koivunlehdill\u00e4 tai marinoidulla poronj\u00e4k\u00e4l\u00e4ll\u00e4 \u2013 tohtori Ave hoitaa sairauksia j\u00e4\u00e4puikoilla.\",\"breadcrumb\":{\"@id\":\"https:\/\/lottemaa.ee\/fi\/paiva-lottemaassa\/keksinnot\/tohtori-aven-kasvihuone\/#breadcrumb\"},\"inLanguage\":\"fi\",\"potentialAction\":[{\"@type\":\"ReadAction\",\"target\":[\"https:\/\/lottemaa.ee\/fi\/paiva-lottemaassa\/keksinnot\/tohtori-aven-kasvihuone\/\"]}]},{\"@type\":\"ImageObject\",\"inLanguage\":\"fi\",\"@id\":\"https:\/\/lottemaa.ee\/fi\/paiva-lottemaassa\/keksinnot\/tohtori-aven-kasvihuone\/#primaryimage\",\"url\":\"https:\/\/lottemaa.ee\/wp-content\/uploads\/2022\/04\/DSC_6842-scaled.jpg\",\"contentUrl\":\"https:\/\/lottemaa.ee\/wp-content\/uploads\/2022\/04\/DSC_6842-scaled.jpg\",\"width\":2560,\"height\":1696},{\"@type\":\"BreadcrumbList\",\"@id\":\"https:\/\/lottemaa.ee\/fi\/paiva-lottemaassa\/keksinnot\/tohtori-aven-kasvihuone\/#breadcrumb\",\"itemListElement\":[{\"@type\":\"ListItem\",\"position\":1,\"name\":\"Home\",\"item\":\"https:\/\/lottemaa.ee\/fi\/\"},{\"@type\":\"ListItem\",\"position\":2,\"name\":\"P\u00e4iv\u00e4 Lottemaassa\",\"item\":\"https:\/\/lottemaa.ee\/fi\/paiva-lottemaassa\/\"},{\"@type\":\"ListItem\",\"position\":3,\"name\":\"Keksinn\u00f6t\",\"item\":\"https:\/\/lottemaa.ee\/fi\/paiva-lottemaassa\/keksinnot\/\"},{\"@type\":\"ListItem\",\"position\":4,\"name\":\"Tohtori Aven kasvihuone\"}]},{\"@type\":\"WebSite\",\"@id\":\"https:\/\/lottemaa.ee\/#website\",\"url\":\"https:\/\/lottemaa.ee\/\",\"name\":\"Lottemaa Teemapark\",\"description\":\"Baltimaade suurim ja k\u00f5ige \u00e4gedam kogupere teemapark Eestis P\u00e4rnumaal\",\"publisher\":{\"@id\":\"https:\/\/lottemaa.ee\/#organization\"},\"potentialAction\":[{\"@type\":\"SearchAction\",\"target\":{\"@type\":\"EntryPoint\",\"urlTemplate\":\"https:\/\/lottemaa.ee\/?s={search_term_string}\"},\"query-input\":{\"@type\":\"PropertyValueSpecification\",\"valueRequired\":true,\"valueName\":\"search_term_string\"}}],\"inLanguage\":\"fi\"},{\"@type\":\"Organization\",\"@id\":\"https:\/\/lottemaa.ee\/#organization\",\"name\":\"Lottemaa Teemapark\",\"url\":\"https:\/\/lottemaa.ee\/\",\"logo\":{\"@type\":\"ImageObject\",\"inLanguage\":\"fi\",\"@id\":\"https:\/\/lottemaa.ee\/#\/schema\/logo\/image\/\",\"url\":\"https:\/\/lottemaa.ee\/wp-content\/uploads\/2018\/12\/Lottemaa_LOGO.png\",\"contentUrl\":\"https:\/\/lottemaa.ee\/wp-content\/uploads\/2018\/12\/Lottemaa_LOGO.png\",\"width\":1024,\"height\":518,\"caption\":\"Lottemaa Teemapark\"},\"image\":{\"@id\":\"https:\/\/lottemaa.ee\/#\/schema\/logo\/image\/\"}}]}<\/script>\n<!-- \/ Yoast SEO plugin. -->","yoast_head_json":{"title":"Tohtori Aven kasvihuone | Lottemaa Teemapark","description":"Jotkut l\u00e4\u00e4k\u00e4rit hoitavat potilaita kuumennetuilla koivunlehdill\u00e4 tai marinoidulla poronj\u00e4k\u00e4l\u00e4ll\u00e4 \u2013 tohtori Ave hoitaa sairauksia j\u00e4\u00e4puikoilla.","robots":{"index":"index","follow":"follow","max-snippet":"max-snippet:-1","max-image-preview":"max-image-preview:large","max-video-preview":"max-video-preview:-1"},"canonical":"https:\/\/lottemaa.ee\/fi\/paiva-lottemaassa\/keksinnot\/tohtori-aven-kasvihuone\/","og_locale":"fi_FI","og_type":"article","og_title":"Tohtori Aven kasvihuone | Lottemaa Teemapark","og_description":"Jotkut l\u00e4\u00e4k\u00e4rit hoitavat potilaita kuumennetuilla koivunlehdill\u00e4 tai marinoidulla poronj\u00e4k\u00e4l\u00e4ll\u00e4 \u2013 tohtori Ave hoitaa sairauksia j\u00e4\u00e4puikoilla.","og_url":"https:\/\/lottemaa.ee\/fi\/paiva-lottemaassa\/keksinnot\/tohtori-aven-kasvihuone\/","og_site_name":"Lottemaa Teemapark","article_modified_time":"2024-09-27T08:56:22+00:00","og_image":[{"width":2560,"height":1696,"url":"https:\/\/lottemaa.ee\/wp-content\/uploads\/2022\/04\/DSC_6842-scaled.jpg","type":"image\/jpeg"}],"twitter_card":"summary_large_image","twitter_misc":{"Arvioitu lukuaika":"1 minuutti"},"schema":{"@context":"https:\/\/schema.org","@graph":[{"@type":"WebPage","@id":"https:\/\/lottemaa.ee\/fi\/paiva-lottemaassa\/keksinnot\/tohtori-aven-kasvihuone\/","url":"https:\/\/lottemaa.ee\/fi\/paiva-lottemaassa\/keksinnot\/tohtori-aven-kasvihuone\/","name":"Tohtori Aven kasvihuone | Lottemaa Teemapark","isPartOf":{"@id":"https:\/\/lottemaa.ee\/#website"},"primaryImageOfPage":{"@id":"https:\/\/lottemaa.ee\/fi\/paiva-lottemaassa\/keksinnot\/tohtori-aven-kasvihuone\/#primaryimage"},"image":{"@id":"https:\/\/lottemaa.ee\/fi\/paiva-lottemaassa\/keksinnot\/tohtori-aven-kasvihuone\/#primaryimage"},"thumbnailUrl":"https:\/\/lottemaa.ee\/wp-content\/uploads\/2022\/04\/DSC_6842-scaled.jpg","datePublished":"2016-05-18T10:49:59+00:00","dateModified":"2024-09-27T08:56:22+00:00","description":"Jotkut l\u00e4\u00e4k\u00e4rit hoitavat potilaita kuumennetuilla koivunlehdill\u00e4 tai marinoidulla poronj\u00e4k\u00e4l\u00e4ll\u00e4 \u2013 tohtori Ave hoitaa sairauksia j\u00e4\u00e4puikoilla.","breadcrumb":{"@id":"https:\/\/lottemaa.ee\/fi\/paiva-lottemaassa\/keksinnot\/tohtori-aven-kasvihuone\/#breadcrumb"},"inLanguage":"fi","potentialAction":[{"@type":"ReadAction","target":["https:\/\/lottemaa.ee\/fi\/paiva-lottemaassa\/keksinnot\/tohtori-aven-kasvihuone\/"]}]},{"@type":"ImageObject","inLanguage":"fi","@id":"https:\/\/lottemaa.ee\/fi\/paiva-lottemaassa\/keksinnot\/tohtori-aven-kasvihuone\/#primaryimage","url":"https:\/\/lottemaa.ee\/wp-content\/uploads\/2022\/04\/DSC_6842-scaled.jpg","contentUrl":"https:\/\/lottemaa.ee\/wp-content\/uploads\/2022\/04\/DSC_6842-scaled.jpg","width":2560,"height":1696},{"@type":"BreadcrumbList","@id":"https:\/\/lottemaa.ee\/fi\/paiva-lottemaassa\/keksinnot\/tohtori-aven-kasvihuone\/#breadcrumb","itemListElement":[{"@type":"ListItem","position":1,"name":"Home","item":"https:\/\/lottemaa.ee\/fi\/"},{"@type":"ListItem","position":2,"name":"P\u00e4iv\u00e4 Lottemaassa","item":"https:\/\/lottemaa.ee\/fi\/paiva-lottemaassa\/"},{"@type":"ListItem","position":3,"name":"Keksinn\u00f6t","item":"https:\/\/lottemaa.ee\/fi\/paiva-lottemaassa\/keksinnot\/"},{"@type":"ListItem","position":4,"name":"Tohtori Aven kasvihuone"}]},{"@type":"WebSite","@id":"https:\/\/lottemaa.ee\/#website","url":"https:\/\/lottemaa.ee\/","name":"Lottemaa Teemapark","description":"Baltimaade suurim ja k\u00f5ige \u00e4gedam kogupere teemapark Eestis P\u00e4rnumaal","publisher":{"@id":"https:\/\/lottemaa.ee\/#organization"},"potentialAction":[{"@type":"SearchAction","target":{"@type":"EntryPoint","urlTemplate":"https:\/\/lottemaa.ee\/?s={search_term_string}"},"query-input":{"@type":"PropertyValueSpecification","valueRequired":true,"valueName":"search_term_string"}}],"inLanguage":"fi"},{"@type":"Organization","@id":"https:\/\/lottemaa.ee\/#organization","name":"Lottemaa Teemapark","url":"https:\/\/lottemaa.ee\/","logo":{"@type":"ImageObject","inLanguage":"fi","@id":"https:\/\/lottemaa.ee\/#\/schema\/logo\/image\/","url":"https:\/\/lottemaa.ee\/wp-content\/uploads\/2018\/12\/Lottemaa_LOGO.png","contentUrl":"https:\/\/lottemaa.ee\/wp-content\/uploads\/2018\/12\/Lottemaa_LOGO.png","width":1024,"height":518,"caption":"Lottemaa Teemapark"},"image":{"@id":"https:\/\/lottemaa.ee\/#\/schema\/logo\/image\/"}}]}},"_links":{"self":[{"href":"https:\/\/lottemaa.ee\/fi\/wp-json\/wp\/v2\/pages\/1802","targetHints":{"allow":["GET"]}}],"collection":[{"href":"https:\/\/lottemaa.ee\/fi\/wp-json\/wp\/v2\/pages"}],"about":[{"href":"https:\/\/lottemaa.ee\/fi\/wp-json\/wp\/v2\/types\/page"}],"author":[{"embeddable":true,"href":"https:\/\/lottemaa.ee\/fi\/wp-json\/wp\/v2\/users\/1"}],"replies":[{"embeddable":true,"href":"https:\/\/lottemaa.ee\/fi\/wp-json\/wp\/v2\/comments?post=1802"}],"version-history":[{"count":5,"href":"https:\/\/lottemaa.ee\/fi\/wp-json\/wp\/v2\/pages\/1802\/revisions"}],"predecessor-version":[{"id":28640,"href":"https:\/\/lottemaa.ee\/fi\/wp-json\/wp\/v2\/pages\/1802\/revisions\/28640"}],"up":[{"embeddable":true,"href":"https:\/\/lottemaa.ee\/fi\/wp-json\/wp\/v2\/pages\/1250"}],"wp:featuredmedia":[{"embeddable":true,"href":"https:\/\/lottemaa.ee\/fi\/wp-json\/wp\/v2\/media\/13120"}],"wp:attachment":[{"href":"https:\/\/lottemaa.ee\/fi\/wp-json\/wp\/v2\/media?parent=1802"}],"curies":[{"name":"wp","href":"https:\/\/api.w.org\/{rel}","templated":true}]}}