{"id":1800,"date":"2016-05-18T13:49:30","date_gmt":"2016-05-18T10:49:30","guid":{"rendered":"http:\/\/test.lottemaa.ee\/fi\/?page_id=1800"},"modified":"2024-09-27T11:53:45","modified_gmt":"2024-09-27T08:53:45","slug":"tuttikone","status":"publish","type":"page","link":"https:\/\/lottemaa.ee\/fi\/paiva-lottemaassa\/keksinnot\/tuttikone\/","title":{"rendered":"Tuttikone"},"content":{"rendered":"<p style=\"text-align: left;\">Tuttimaa on tuttien koti. Siell\u00e4 pienet tutit k\u00e4yv\u00e4t p\u00e4iv\u00e4kodissa, sy\u00f6v\u00e4t \u00e4idin tekemi\u00e4 lettuja, leikkiv\u00e4t siskojen ja veljien kanssa ja touhuavat isien kanssa. Iltaisin kaikki kiipe\u00e4v\u00e4t yhdess\u00e4 katolle katsomaan kuuta ja vilkuttamaan kolmekorvaisille kuuj\u00e4niksille. Joksikin aikaa tutit tulevat meille kyl\u00e4\u00e4n ja pienten lasten hyviksi yst\u00e4viksi. Mutta vain joksikin aikaa, koska tuteilla tulee nopeasti iso koti-ik\u00e4v\u00e4. Jotta tutit p\u00e4\u00e4sev\u00e4t onnellisesti takaisin Tuttimaahan, Oskar keksi tuttikoneen. Tutti pit\u00e4\u00e4 vain panna koneeseen, ja Oskar v\u00e4\u00e4nt\u00e4\u00e4 vivusta, niin johan on n\u00e4k\u00f6piiriss\u00e4 tuttu ja rakas Tuttimaa!<\/p>\n","protected":false},"excerpt":{"rendered":"<p>Tuttimaa on tuttien koti. Siell\u00e4 pienet tutit k\u00e4yv\u00e4t p\u00e4iv\u00e4kodissa, sy\u00f6v\u00e4t \u00e4idin tekemi\u00e4 lettuja, leikkiv\u00e4t siskojen ja veljien kanssa ja touhuavat isien kanssa. Iltaisin kaikki kiipe\u00e4v\u00e4t yhdess\u00e4 katolle katsomaan kuuta ja vilkuttamaan kolmekorvaisille kuuj\u00e4niksille. Joksikin aikaa tutit tulevat meille kyl\u00e4\u00e4n ja pienten lasten hyviksi yst\u00e4viksi. Mutta vain joksikin aikaa, koska tuteilla tulee nopeasti iso koti-ik\u00e4v\u00e4. Jotta &hellip; <a href=\"https:\/\/lottemaa.ee\/fi\/paiva-lottemaassa\/keksinnot\/tuttikone\/\">Continued<\/a><\/p>\n","protected":false},"author":1,"featured_media":13582,"parent":1250,"menu_order":505,"comment_status":"closed","ping_status":"closed","template":"","meta":{"_acf_changed":false,"om_disable_all_campaigns":false,"_uf_show_specific_survey":0,"_uf_disable_surveys":false,"footnotes":""},"class_list":["post-1800","page","type-page","status-publish","has-post-thumbnail","hentry"],"acf":[],"yoast_head":"<!-- This site is optimized with the Yoast SEO plugin v25.5 - https:\/\/yoast.com\/wordpress\/plugins\/seo\/ -->\n<title>Tuttikone | Lottemaa Teemapark<\/title>\n<meta name=\"description\" content=\"Tuttimaa on tuttien koti. Siell\u00e4 pienet tutit k\u00e4yv\u00e4t p\u00e4iv\u00e4kodissa, sy\u00f6v\u00e4t \u00e4idin tekemi\u00e4 lettuja, leikkiv\u00e4t siskojen ja veljien kanssa ja touhuavat isien kanssa.\" \/>\n<meta name=\"robots\" content=\"index, follow, max-snippet:-1, max-image-preview:large, max-video-preview:-1\" \/>\n<link rel=\"canonical\" href=\"https:\/\/lottemaa.ee\/fi\/paiva-lottemaassa\/keksinnot\/tuttikone\/\" \/>\n<meta property=\"og:locale\" content=\"fi_FI\" \/>\n<meta property=\"og:type\" content=\"article\" \/>\n<meta property=\"og:title\" content=\"Tuttikone | Lottemaa Teemapark\" \/>\n<meta property=\"og:description\" content=\"Tuttimaa on tuttien koti. Siell\u00e4 pienet tutit k\u00e4yv\u00e4t p\u00e4iv\u00e4kodissa, sy\u00f6v\u00e4t \u00e4idin tekemi\u00e4 lettuja, leikkiv\u00e4t siskojen ja veljien kanssa ja touhuavat isien kanssa.\" \/>\n<meta property=\"og:url\" content=\"https:\/\/lottemaa.ee\/fi\/paiva-lottemaassa\/keksinnot\/tuttikone\/\" \/>\n<meta property=\"og:site_name\" content=\"Lottemaa Teemapark\" \/>\n<meta property=\"article:modified_time\" content=\"2024-09-27T08:53:45+00:00\" \/>\n<meta property=\"og:image\" content=\"https:\/\/lottemaa.ee\/wp-content\/uploads\/2022\/04\/DSC_7200-scaled.jpg\" \/>\n\t<meta property=\"og:image:width\" content=\"2560\" \/>\n\t<meta property=\"og:image:height\" content=\"1695\" \/>\n\t<meta property=\"og:image:type\" content=\"image\/jpeg\" \/>\n<meta name=\"twitter:card\" content=\"summary_large_image\" \/>\n<meta name=\"twitter:label1\" content=\"Arvioitu lukuaika\" \/>\n\t<meta name=\"twitter:data1\" content=\"1 minuutti\" \/>\n<script type=\"application\/ld+json\" class=\"yoast-schema-graph\">{\"@context\":\"https:\/\/schema.org\",\"@graph\":[{\"@type\":\"WebPage\",\"@id\":\"https:\/\/lottemaa.ee\/fi\/paiva-lottemaassa\/keksinnot\/tuttikone\/\",\"url\":\"https:\/\/lottemaa.ee\/fi\/paiva-lottemaassa\/keksinnot\/tuttikone\/\",\"name\":\"Tuttikone | Lottemaa Teemapark\",\"isPartOf\":{\"@id\":\"https:\/\/lottemaa.ee\/#website\"},\"primaryImageOfPage\":{\"@id\":\"https:\/\/lottemaa.ee\/fi\/paiva-lottemaassa\/keksinnot\/tuttikone\/#primaryimage\"},\"image\":{\"@id\":\"https:\/\/lottemaa.ee\/fi\/paiva-lottemaassa\/keksinnot\/tuttikone\/#primaryimage\"},\"thumbnailUrl\":\"https:\/\/lottemaa.ee\/wp-content\/uploads\/2022\/04\/DSC_7200-scaled.jpg\",\"datePublished\":\"2016-05-18T10:49:30+00:00\",\"dateModified\":\"2024-09-27T08:53:45+00:00\",\"description\":\"Tuttimaa on tuttien koti. Siell\u00e4 pienet tutit k\u00e4yv\u00e4t p\u00e4iv\u00e4kodissa, sy\u00f6v\u00e4t \u00e4idin tekemi\u00e4 lettuja, leikkiv\u00e4t siskojen ja veljien kanssa ja touhuavat isien kanssa.\",\"breadcrumb\":{\"@id\":\"https:\/\/lottemaa.ee\/fi\/paiva-lottemaassa\/keksinnot\/tuttikone\/#breadcrumb\"},\"inLanguage\":\"fi\",\"potentialAction\":[{\"@type\":\"ReadAction\",\"target\":[\"https:\/\/lottemaa.ee\/fi\/paiva-lottemaassa\/keksinnot\/tuttikone\/\"]}]},{\"@type\":\"ImageObject\",\"inLanguage\":\"fi\",\"@id\":\"https:\/\/lottemaa.ee\/fi\/paiva-lottemaassa\/keksinnot\/tuttikone\/#primaryimage\",\"url\":\"https:\/\/lottemaa.ee\/wp-content\/uploads\/2022\/04\/DSC_7200-scaled.jpg\",\"contentUrl\":\"https:\/\/lottemaa.ee\/wp-content\/uploads\/2022\/04\/DSC_7200-scaled.jpg\",\"width\":2560,\"height\":1695},{\"@type\":\"BreadcrumbList\",\"@id\":\"https:\/\/lottemaa.ee\/fi\/paiva-lottemaassa\/keksinnot\/tuttikone\/#breadcrumb\",\"itemListElement\":[{\"@type\":\"ListItem\",\"position\":1,\"name\":\"Home\",\"item\":\"https:\/\/lottemaa.ee\/fi\/\"},{\"@type\":\"ListItem\",\"position\":2,\"name\":\"P\u00e4iv\u00e4 Lottemaassa\",\"item\":\"https:\/\/lottemaa.ee\/fi\/paiva-lottemaassa\/\"},{\"@type\":\"ListItem\",\"position\":3,\"name\":\"Keksinn\u00f6t\",\"item\":\"https:\/\/lottemaa.ee\/fi\/paiva-lottemaassa\/keksinnot\/\"},{\"@type\":\"ListItem\",\"position\":4,\"name\":\"Tuttikone\"}]},{\"@type\":\"WebSite\",\"@id\":\"https:\/\/lottemaa.ee\/#website\",\"url\":\"https:\/\/lottemaa.ee\/\",\"name\":\"Lottemaa Teemapark\",\"description\":\"Baltimaade suurim ja k\u00f5ige \u00e4gedam kogupere teemapark Eestis P\u00e4rnumaal\",\"publisher\":{\"@id\":\"https:\/\/lottemaa.ee\/#organization\"},\"potentialAction\":[{\"@type\":\"SearchAction\",\"target\":{\"@type\":\"EntryPoint\",\"urlTemplate\":\"https:\/\/lottemaa.ee\/?s={search_term_string}\"},\"query-input\":{\"@type\":\"PropertyValueSpecification\",\"valueRequired\":true,\"valueName\":\"search_term_string\"}}],\"inLanguage\":\"fi\"},{\"@type\":\"Organization\",\"@id\":\"https:\/\/lottemaa.ee\/#organization\",\"name\":\"Lottemaa Teemapark\",\"url\":\"https:\/\/lottemaa.ee\/\",\"logo\":{\"@type\":\"ImageObject\",\"inLanguage\":\"fi\",\"@id\":\"https:\/\/lottemaa.ee\/#\/schema\/logo\/image\/\",\"url\":\"https:\/\/lottemaa.ee\/wp-content\/uploads\/2018\/12\/Lottemaa_LOGO.png\",\"contentUrl\":\"https:\/\/lottemaa.ee\/wp-content\/uploads\/2018\/12\/Lottemaa_LOGO.png\",\"width\":1024,\"height\":518,\"caption\":\"Lottemaa Teemapark\"},\"image\":{\"@id\":\"https:\/\/lottemaa.ee\/#\/schema\/logo\/image\/\"}}]}<\/script>\n<!-- \/ Yoast SEO plugin. -->","yoast_head_json":{"title":"Tuttikone | Lottemaa Teemapark","description":"Tuttimaa on tuttien koti. Siell\u00e4 pienet tutit k\u00e4yv\u00e4t p\u00e4iv\u00e4kodissa, sy\u00f6v\u00e4t \u00e4idin tekemi\u00e4 lettuja, leikkiv\u00e4t siskojen ja veljien kanssa ja touhuavat isien kanssa.","robots":{"index":"index","follow":"follow","max-snippet":"max-snippet:-1","max-image-preview":"max-image-preview:large","max-video-preview":"max-video-preview:-1"},"canonical":"https:\/\/lottemaa.ee\/fi\/paiva-lottemaassa\/keksinnot\/tuttikone\/","og_locale":"fi_FI","og_type":"article","og_title":"Tuttikone | Lottemaa Teemapark","og_description":"Tuttimaa on tuttien koti. Siell\u00e4 pienet tutit k\u00e4yv\u00e4t p\u00e4iv\u00e4kodissa, sy\u00f6v\u00e4t \u00e4idin tekemi\u00e4 lettuja, leikkiv\u00e4t siskojen ja veljien kanssa ja touhuavat isien kanssa.","og_url":"https:\/\/lottemaa.ee\/fi\/paiva-lottemaassa\/keksinnot\/tuttikone\/","og_site_name":"Lottemaa Teemapark","article_modified_time":"2024-09-27T08:53:45+00:00","og_image":[{"width":2560,"height":1695,"url":"https:\/\/lottemaa.ee\/wp-content\/uploads\/2022\/04\/DSC_7200-scaled.jpg","type":"image\/jpeg"}],"twitter_card":"summary_large_image","twitter_misc":{"Arvioitu lukuaika":"1 minuutti"},"schema":{"@context":"https:\/\/schema.org","@graph":[{"@type":"WebPage","@id":"https:\/\/lottemaa.ee\/fi\/paiva-lottemaassa\/keksinnot\/tuttikone\/","url":"https:\/\/lottemaa.ee\/fi\/paiva-lottemaassa\/keksinnot\/tuttikone\/","name":"Tuttikone | Lottemaa Teemapark","isPartOf":{"@id":"https:\/\/lottemaa.ee\/#website"},"primaryImageOfPage":{"@id":"https:\/\/lottemaa.ee\/fi\/paiva-lottemaassa\/keksinnot\/tuttikone\/#primaryimage"},"image":{"@id":"https:\/\/lottemaa.ee\/fi\/paiva-lottemaassa\/keksinnot\/tuttikone\/#primaryimage"},"thumbnailUrl":"https:\/\/lottemaa.ee\/wp-content\/uploads\/2022\/04\/DSC_7200-scaled.jpg","datePublished":"2016-05-18T10:49:30+00:00","dateModified":"2024-09-27T08:53:45+00:00","description":"Tuttimaa on tuttien koti. Siell\u00e4 pienet tutit k\u00e4yv\u00e4t p\u00e4iv\u00e4kodissa, sy\u00f6v\u00e4t \u00e4idin tekemi\u00e4 lettuja, leikkiv\u00e4t siskojen ja veljien kanssa ja touhuavat isien kanssa.","breadcrumb":{"@id":"https:\/\/lottemaa.ee\/fi\/paiva-lottemaassa\/keksinnot\/tuttikone\/#breadcrumb"},"inLanguage":"fi","potentialAction":[{"@type":"ReadAction","target":["https:\/\/lottemaa.ee\/fi\/paiva-lottemaassa\/keksinnot\/tuttikone\/"]}]},{"@type":"ImageObject","inLanguage":"fi","@id":"https:\/\/lottemaa.ee\/fi\/paiva-lottemaassa\/keksinnot\/tuttikone\/#primaryimage","url":"https:\/\/lottemaa.ee\/wp-content\/uploads\/2022\/04\/DSC_7200-scaled.jpg","contentUrl":"https:\/\/lottemaa.ee\/wp-content\/uploads\/2022\/04\/DSC_7200-scaled.jpg","width":2560,"height":1695},{"@type":"BreadcrumbList","@id":"https:\/\/lottemaa.ee\/fi\/paiva-lottemaassa\/keksinnot\/tuttikone\/#breadcrumb","itemListElement":[{"@type":"ListItem","position":1,"name":"Home","item":"https:\/\/lottemaa.ee\/fi\/"},{"@type":"ListItem","position":2,"name":"P\u00e4iv\u00e4 Lottemaassa","item":"https:\/\/lottemaa.ee\/fi\/paiva-lottemaassa\/"},{"@type":"ListItem","position":3,"name":"Keksinn\u00f6t","item":"https:\/\/lottemaa.ee\/fi\/paiva-lottemaassa\/keksinnot\/"},{"@type":"ListItem","position":4,"name":"Tuttikone"}]},{"@type":"WebSite","@id":"https:\/\/lottemaa.ee\/#website","url":"https:\/\/lottemaa.ee\/","name":"Lottemaa Teemapark","description":"Baltimaade suurim ja k\u00f5ige \u00e4gedam kogupere teemapark Eestis P\u00e4rnumaal","publisher":{"@id":"https:\/\/lottemaa.ee\/#organization"},"potentialAction":[{"@type":"SearchAction","target":{"@type":"EntryPoint","urlTemplate":"https:\/\/lottemaa.ee\/?s={search_term_string}"},"query-input":{"@type":"PropertyValueSpecification","valueRequired":true,"valueName":"search_term_string"}}],"inLanguage":"fi"},{"@type":"Organization","@id":"https:\/\/lottemaa.ee\/#organization","name":"Lottemaa Teemapark","url":"https:\/\/lottemaa.ee\/","logo":{"@type":"ImageObject","inLanguage":"fi","@id":"https:\/\/lottemaa.ee\/#\/schema\/logo\/image\/","url":"https:\/\/lottemaa.ee\/wp-content\/uploads\/2018\/12\/Lottemaa_LOGO.png","contentUrl":"https:\/\/lottemaa.ee\/wp-content\/uploads\/2018\/12\/Lottemaa_LOGO.png","width":1024,"height":518,"caption":"Lottemaa Teemapark"},"image":{"@id":"https:\/\/lottemaa.ee\/#\/schema\/logo\/image\/"}}]}},"_links":{"self":[{"href":"https:\/\/lottemaa.ee\/fi\/wp-json\/wp\/v2\/pages\/1800","targetHints":{"allow":["GET"]}}],"collection":[{"href":"https:\/\/lottemaa.ee\/fi\/wp-json\/wp\/v2\/pages"}],"about":[{"href":"https:\/\/lottemaa.ee\/fi\/wp-json\/wp\/v2\/types\/page"}],"author":[{"embeddable":true,"href":"https:\/\/lottemaa.ee\/fi\/wp-json\/wp\/v2\/users\/1"}],"replies":[{"embeddable":true,"href":"https:\/\/lottemaa.ee\/fi\/wp-json\/wp\/v2\/comments?post=1800"}],"version-history":[{"count":5,"href":"https:\/\/lottemaa.ee\/fi\/wp-json\/wp\/v2\/pages\/1800\/revisions"}],"predecessor-version":[{"id":28638,"href":"https:\/\/lottemaa.ee\/fi\/wp-json\/wp\/v2\/pages\/1800\/revisions\/28638"}],"up":[{"embeddable":true,"href":"https:\/\/lottemaa.ee\/fi\/wp-json\/wp\/v2\/pages\/1250"}],"wp:featuredmedia":[{"embeddable":true,"href":"https:\/\/lottemaa.ee\/fi\/wp-json\/wp\/v2\/media\/13582"}],"wp:attachment":[{"href":"https:\/\/lottemaa.ee\/fi\/wp-json\/wp\/v2\/media?parent=1800"}],"curies":[{"name":"wp","href":"https:\/\/api.w.org\/{rel}","templated":true}]}}