{"id":17343,"date":"2022-11-24T11:09:42","date_gmt":"2022-11-24T09:09:42","guid":{"rendered":"https:\/\/lottemaa.ee\/?page_id=17343"},"modified":"2025-12-04T09:37:51","modified_gmt":"2025-12-04T07:37:51","slug":"erikoistarjous-joulumaa-tapahtuman-vieraalle","status":"publish","type":"page","link":"https:\/\/lottemaa.ee\/fi\/erikoistarjous-joulumaa-tapahtuman-vieraalle\/","title":{"rendered":"ERIKOISTARJOUS JOULUMAA &#8211; TAPAHTUMAN VIERAALLE"},"content":{"rendered":"<p style=\"text-align: left;\">Hienoa, ett\u00e4 tulit meille kyl\u00e4\u00e4n ja pidit hauskaa kanssamme. Kiitoksena meill\u00e4 on sinulle erikoistarjous!<\/p>\n<p style=\"text-align: left;\"><strong>Joulumaan vieraalle Lottemaan kes\u00e4n 2026 lippu vain 23 \u20ac\/hl\u00f6<\/strong><br \/>\n(normaalihinta 28 \u20ac\/hl\u00f6)<\/p>\n<p style=\"text-align: left;\">Tarjous on voimassa <strong>31.1.2026<\/strong>\u00a0asti. Osta e-liput tarjoushintaan alennuskoodilla <strong>TAASKOHTUMISENI<\/strong> vain <a href=\"https:\/\/fienta.com\/et\/lottemaa-suvi-2026\">T\u00c4\u00c4LT\u00c4 \u00bb<\/a><br \/>\nOstetut liput voi k\u00e4ytt\u00e4\u00e4 p\u00e4iv\u00e4lippuna Lottemaan aukioloaikoina 13.6\u201330.8.2026.<\/p>\n<h1 style=\"text-align: left;\">TAPAAMISIIN KES\u00c4LL\u00c4!<\/h1>\n","protected":false},"excerpt":{"rendered":"<p>Hienoa, ett\u00e4 tulit meille kyl\u00e4\u00e4n ja pidit hauskaa kanssamme. Kiitoksena meill\u00e4 on sinulle erikoistarjous! Joulumaan vieraalle Lottemaan kes\u00e4n 2026 lippu vain 23 \u20ac\/hl\u00f6 (normaalihinta 28 \u20ac\/hl\u00f6) Tarjous on voimassa 31.1.2026\u00a0asti. Osta e-liput tarjoushintaan alennuskoodilla TAASKOHTUMISENI vain T\u00c4\u00c4LT\u00c4 \u00bb Ostetut liput voi k\u00e4ytt\u00e4\u00e4 p\u00e4iv\u00e4lippuna Lottemaan aukioloaikoina 13.6\u201330.8.2026. TAPAAMISIIN KES\u00c4LL\u00c4!<\/p>\n","protected":false},"author":7,"featured_media":0,"parent":0,"menu_order":355,"comment_status":"closed","ping_status":"closed","template":"","meta":{"_acf_changed":false,"om_disable_all_campaigns":false,"_uf_show_specific_survey":0,"_uf_disable_surveys":false,"footnotes":""},"class_list":["post-17343","page","type-page","status-publish","hentry"],"acf":[],"yoast_head":"<!-- This site is optimized with the Yoast SEO plugin v25.5 - https:\/\/yoast.com\/wordpress\/plugins\/seo\/ -->\n<title>ERIKOISTARJOUS JOULUMAA - TAPAHTUMAN VIERAALLE | Lottemaa Teemapark<\/title>\n<meta name=\"description\" content=\"Hienoa, ett\u00e4 tulit meille kyl\u00e4\u00e4n ja pidit hauskaa kanssamme. Kiitoksena meill\u00e4 on sinulle erikoistarjous!\" \/>\n<meta name=\"robots\" content=\"index, follow, max-snippet:-1, max-image-preview:large, max-video-preview:-1\" \/>\n<link rel=\"canonical\" href=\"https:\/\/lottemaa.ee\/fi\/erikoistarjous-joulumaa-tapahtuman-vieraalle\/\" \/>\n<meta property=\"og:locale\" content=\"fi_FI\" \/>\n<meta property=\"og:type\" content=\"article\" \/>\n<meta property=\"og:title\" content=\"ERIKOISTARJOUS JOULUMAA - TAPAHTUMAN VIERAALLE | Lottemaa Teemapark\" \/>\n<meta property=\"og:description\" content=\"Hienoa, ett\u00e4 tulit meille kyl\u00e4\u00e4n ja pidit hauskaa kanssamme. Kiitoksena meill\u00e4 on sinulle erikoistarjous!\" \/>\n<meta property=\"og:url\" content=\"https:\/\/lottemaa.ee\/fi\/erikoistarjous-joulumaa-tapahtuman-vieraalle\/\" \/>\n<meta property=\"og:site_name\" content=\"Lottemaa Teemapark\" \/>\n<meta property=\"article:modified_time\" content=\"2025-12-04T07:37:51+00:00\" \/>\n<meta name=\"twitter:card\" content=\"summary_large_image\" \/>\n<meta name=\"twitter:label1\" content=\"Arvioitu lukuaika\" \/>\n\t<meta name=\"twitter:data1\" content=\"1 minuutti\" \/>\n<script type=\"application\/ld+json\" class=\"yoast-schema-graph\">{\"@context\":\"https:\/\/schema.org\",\"@graph\":[{\"@type\":\"WebPage\",\"@id\":\"https:\/\/lottemaa.ee\/fi\/erikoistarjous-joulumaa-tapahtuman-vieraalle\/\",\"url\":\"https:\/\/lottemaa.ee\/fi\/erikoistarjous-joulumaa-tapahtuman-vieraalle\/\",\"name\":\"ERIKOISTARJOUS JOULUMAA - TAPAHTUMAN VIERAALLE | Lottemaa Teemapark\",\"isPartOf\":{\"@id\":\"https:\/\/lottemaa.ee\/#website\"},\"datePublished\":\"2022-11-24T09:09:42+00:00\",\"dateModified\":\"2025-12-04T07:37:51+00:00\",\"description\":\"Hienoa, ett\u00e4 tulit meille kyl\u00e4\u00e4n ja pidit hauskaa kanssamme. Kiitoksena meill\u00e4 on sinulle erikoistarjous!\",\"breadcrumb\":{\"@id\":\"https:\/\/lottemaa.ee\/fi\/erikoistarjous-joulumaa-tapahtuman-vieraalle\/#breadcrumb\"},\"inLanguage\":\"fi\",\"potentialAction\":[{\"@type\":\"ReadAction\",\"target\":[\"https:\/\/lottemaa.ee\/fi\/erikoistarjous-joulumaa-tapahtuman-vieraalle\/\"]}]},{\"@type\":\"BreadcrumbList\",\"@id\":\"https:\/\/lottemaa.ee\/fi\/erikoistarjous-joulumaa-tapahtuman-vieraalle\/#breadcrumb\",\"itemListElement\":[{\"@type\":\"ListItem\",\"position\":1,\"name\":\"Home\",\"item\":\"https:\/\/lottemaa.ee\/fi\/\"},{\"@type\":\"ListItem\",\"position\":2,\"name\":\"ERIKOISTARJOUS JOULUMAA &#8211; TAPAHTUMAN VIERAALLE\"}]},{\"@type\":\"WebSite\",\"@id\":\"https:\/\/lottemaa.ee\/#website\",\"url\":\"https:\/\/lottemaa.ee\/\",\"name\":\"Lottemaa Teemapark\",\"description\":\"Baltimaade suurim ja k\u00f5ige \u00e4gedam kogupere teemapark Eestis P\u00e4rnumaal\",\"publisher\":{\"@id\":\"https:\/\/lottemaa.ee\/#organization\"},\"potentialAction\":[{\"@type\":\"SearchAction\",\"target\":{\"@type\":\"EntryPoint\",\"urlTemplate\":\"https:\/\/lottemaa.ee\/?s={search_term_string}\"},\"query-input\":{\"@type\":\"PropertyValueSpecification\",\"valueRequired\":true,\"valueName\":\"search_term_string\"}}],\"inLanguage\":\"fi\"},{\"@type\":\"Organization\",\"@id\":\"https:\/\/lottemaa.ee\/#organization\",\"name\":\"Lottemaa Teemapark\",\"url\":\"https:\/\/lottemaa.ee\/\",\"logo\":{\"@type\":\"ImageObject\",\"inLanguage\":\"fi\",\"@id\":\"https:\/\/lottemaa.ee\/#\/schema\/logo\/image\/\",\"url\":\"https:\/\/lottemaa.ee\/wp-content\/uploads\/2018\/12\/Lottemaa_LOGO.png\",\"contentUrl\":\"https:\/\/lottemaa.ee\/wp-content\/uploads\/2018\/12\/Lottemaa_LOGO.png\",\"width\":1024,\"height\":518,\"caption\":\"Lottemaa Teemapark\"},\"image\":{\"@id\":\"https:\/\/lottemaa.ee\/#\/schema\/logo\/image\/\"}}]}<\/script>\n<!-- \/ Yoast SEO plugin. -->","yoast_head_json":{"title":"ERIKOISTARJOUS JOULUMAA - TAPAHTUMAN VIERAALLE | Lottemaa Teemapark","description":"Hienoa, ett\u00e4 tulit meille kyl\u00e4\u00e4n ja pidit hauskaa kanssamme. Kiitoksena meill\u00e4 on sinulle erikoistarjous!","robots":{"index":"index","follow":"follow","max-snippet":"max-snippet:-1","max-image-preview":"max-image-preview:large","max-video-preview":"max-video-preview:-1"},"canonical":"https:\/\/lottemaa.ee\/fi\/erikoistarjous-joulumaa-tapahtuman-vieraalle\/","og_locale":"fi_FI","og_type":"article","og_title":"ERIKOISTARJOUS JOULUMAA - TAPAHTUMAN VIERAALLE | Lottemaa Teemapark","og_description":"Hienoa, ett\u00e4 tulit meille kyl\u00e4\u00e4n ja pidit hauskaa kanssamme. Kiitoksena meill\u00e4 on sinulle erikoistarjous!","og_url":"https:\/\/lottemaa.ee\/fi\/erikoistarjous-joulumaa-tapahtuman-vieraalle\/","og_site_name":"Lottemaa Teemapark","article_modified_time":"2025-12-04T07:37:51+00:00","twitter_card":"summary_large_image","twitter_misc":{"Arvioitu lukuaika":"1 minuutti"},"schema":{"@context":"https:\/\/schema.org","@graph":[{"@type":"WebPage","@id":"https:\/\/lottemaa.ee\/fi\/erikoistarjous-joulumaa-tapahtuman-vieraalle\/","url":"https:\/\/lottemaa.ee\/fi\/erikoistarjous-joulumaa-tapahtuman-vieraalle\/","name":"ERIKOISTARJOUS JOULUMAA - TAPAHTUMAN VIERAALLE | Lottemaa Teemapark","isPartOf":{"@id":"https:\/\/lottemaa.ee\/#website"},"datePublished":"2022-11-24T09:09:42+00:00","dateModified":"2025-12-04T07:37:51+00:00","description":"Hienoa, ett\u00e4 tulit meille kyl\u00e4\u00e4n ja pidit hauskaa kanssamme. Kiitoksena meill\u00e4 on sinulle erikoistarjous!","breadcrumb":{"@id":"https:\/\/lottemaa.ee\/fi\/erikoistarjous-joulumaa-tapahtuman-vieraalle\/#breadcrumb"},"inLanguage":"fi","potentialAction":[{"@type":"ReadAction","target":["https:\/\/lottemaa.ee\/fi\/erikoistarjous-joulumaa-tapahtuman-vieraalle\/"]}]},{"@type":"BreadcrumbList","@id":"https:\/\/lottemaa.ee\/fi\/erikoistarjous-joulumaa-tapahtuman-vieraalle\/#breadcrumb","itemListElement":[{"@type":"ListItem","position":1,"name":"Home","item":"https:\/\/lottemaa.ee\/fi\/"},{"@type":"ListItem","position":2,"name":"ERIKOISTARJOUS JOULUMAA &#8211; TAPAHTUMAN VIERAALLE"}]},{"@type":"WebSite","@id":"https:\/\/lottemaa.ee\/#website","url":"https:\/\/lottemaa.ee\/","name":"Lottemaa Teemapark","description":"Baltimaade suurim ja k\u00f5ige \u00e4gedam kogupere teemapark Eestis P\u00e4rnumaal","publisher":{"@id":"https:\/\/lottemaa.ee\/#organization"},"potentialAction":[{"@type":"SearchAction","target":{"@type":"EntryPoint","urlTemplate":"https:\/\/lottemaa.ee\/?s={search_term_string}"},"query-input":{"@type":"PropertyValueSpecification","valueRequired":true,"valueName":"search_term_string"}}],"inLanguage":"fi"},{"@type":"Organization","@id":"https:\/\/lottemaa.ee\/#organization","name":"Lottemaa Teemapark","url":"https:\/\/lottemaa.ee\/","logo":{"@type":"ImageObject","inLanguage":"fi","@id":"https:\/\/lottemaa.ee\/#\/schema\/logo\/image\/","url":"https:\/\/lottemaa.ee\/wp-content\/uploads\/2018\/12\/Lottemaa_LOGO.png","contentUrl":"https:\/\/lottemaa.ee\/wp-content\/uploads\/2018\/12\/Lottemaa_LOGO.png","width":1024,"height":518,"caption":"Lottemaa Teemapark"},"image":{"@id":"https:\/\/lottemaa.ee\/#\/schema\/logo\/image\/"}}]}},"_links":{"self":[{"href":"https:\/\/lottemaa.ee\/fi\/wp-json\/wp\/v2\/pages\/17343","targetHints":{"allow":["GET"]}}],"collection":[{"href":"https:\/\/lottemaa.ee\/fi\/wp-json\/wp\/v2\/pages"}],"about":[{"href":"https:\/\/lottemaa.ee\/fi\/wp-json\/wp\/v2\/types\/page"}],"author":[{"embeddable":true,"href":"https:\/\/lottemaa.ee\/fi\/wp-json\/wp\/v2\/users\/7"}],"replies":[{"embeddable":true,"href":"https:\/\/lottemaa.ee\/fi\/wp-json\/wp\/v2\/comments?post=17343"}],"version-history":[{"count":5,"href":"https:\/\/lottemaa.ee\/fi\/wp-json\/wp\/v2\/pages\/17343\/revisions"}],"predecessor-version":[{"id":32334,"href":"https:\/\/lottemaa.ee\/fi\/wp-json\/wp\/v2\/pages\/17343\/revisions\/32334"}],"wp:attachment":[{"href":"https:\/\/lottemaa.ee\/fi\/wp-json\/wp\/v2\/media?parent=17343"}],"curies":[{"name":"wp","href":"https:\/\/api.w.org\/{rel}","templated":true}]}}