{"id":15257,"date":"2022-12-20T10:08:33","date_gmt":"2022-12-20T08:08:33","guid":{"rendered":"https:\/\/test.lottemaa.ee\/?page_id=15257"},"modified":"2022-12-20T10:08:33","modified_gmt":"2022-12-20T08:08:33","slug":"karaokela","status":"publish","type":"page","link":"https:\/\/lottemaa.ee\/fi\/paiva-lottemaassa\/keksinnot\/karaokela\/","title":{"rendered":"KARAOKELA"},"content":{"rendered":"<p style=\"text-align: left;\">Lottemaan <strong>SUUREN KEKSIMISKILPAILUN 2022<\/strong> voittajaty\u00f6 KARAOKELA muistuttaa, miten paljon me kaikki tarvitsemme hauskanpitoa, joka auttaa unohtamaan arkihuolet.<\/p>\n<p style=\"text-align: left;\">Voittajaty\u00f6n tekij\u00e4 <strong>Erki N\u00f5mm<\/strong>, 11, tiet\u00e4\u00e4, ett\u00e4 monet lapset pit\u00e4v\u00e4t laulamisesta, koska se saa mielen hyv\u00e4ksi. Karaoke on loistava mahdollisuus laulaa ja pit\u00e4\u00e4 hauskaa, ja kaupan p\u00e4\u00e4lle saa itsevarmuutta ja esiintymisrohkeutta. Lottemaan Karaokelassa ei ole suurta lavaa, sill\u00e4 pienet esiintyj\u00e4t vasta ker\u00e4\u00e4v\u00e4t rohkeutta. T\u00e4\u00e4ll\u00e4 voi harjoitella rauhassa, ja Keksij\u00e4kyl\u00e4n yst\u00e4v\u00e4t rohkaisevat heit\u00e4 siit\u00e4, ett\u00e4 joskus viel\u00e4 voi valloittaa suuria lavoja.<\/p>\n","protected":false},"excerpt":{"rendered":"<p>Lottemaan SUUREN KEKSIMISKILPAILUN 2022 voittajaty\u00f6 KARAOKELA muistuttaa, miten paljon me kaikki tarvitsemme hauskanpitoa, joka auttaa unohtamaan arkihuolet. Voittajaty\u00f6n tekij\u00e4 Erki N\u00f5mm, 11, tiet\u00e4\u00e4, ett\u00e4 monet lapset pit\u00e4v\u00e4t laulamisesta, koska se saa mielen hyv\u00e4ksi. Karaoke on loistava mahdollisuus laulaa ja pit\u00e4\u00e4 hauskaa, ja kaupan p\u00e4\u00e4lle saa itsevarmuutta ja esiintymisrohkeutta. Lottemaan Karaokelassa ei ole suurta lavaa, sill\u00e4 &hellip; <a href=\"https:\/\/lottemaa.ee\/fi\/paiva-lottemaassa\/keksinnot\/karaokela\/\">Continued<\/a><\/p>\n","protected":false},"author":11,"featured_media":15246,"parent":1250,"menu_order":370,"comment_status":"closed","ping_status":"closed","template":"","meta":{"_acf_changed":false,"om_disable_all_campaigns":false,"_uf_show_specific_survey":0,"_uf_disable_surveys":false,"footnotes":""},"class_list":["post-15257","page","type-page","status-publish","has-post-thumbnail","hentry"],"acf":[],"yoast_head":"<!-- This site is optimized with the Yoast SEO plugin v25.5 - https:\/\/yoast.com\/wordpress\/plugins\/seo\/ -->\n<title>KARAOKELA | Lottemaa Teemapark<\/title>\n<meta name=\"description\" content=\"Lottemaan SUUREN KEKSIMISKILPAILUN 2022 voittajaty\u00f6 KARAOKELA muistuttaa, miten paljon me kaikki tarvitsemme hauskanpitoa, joka auttaa unohtamaan arkihuolet.\" \/>\n<meta name=\"robots\" content=\"index, follow, max-snippet:-1, max-image-preview:large, max-video-preview:-1\" \/>\n<link rel=\"canonical\" href=\"https:\/\/lottemaa.ee\/paev-lottemaal\/leiutised\/karaokela\/\" \/>\n<meta property=\"og:locale\" content=\"fi_FI\" \/>\n<meta property=\"og:type\" content=\"article\" \/>\n<meta property=\"og:title\" content=\"KARAOKELA | Lottemaa Teemapark\" \/>\n<meta property=\"og:description\" content=\"Lottemaan SUUREN KEKSIMISKILPAILUN 2022 voittajaty\u00f6 KARAOKELA muistuttaa, miten paljon me kaikki tarvitsemme hauskanpitoa, joka auttaa unohtamaan arkihuolet.\" \/>\n<meta property=\"og:url\" content=\"https:\/\/lottemaa.ee\/paev-lottemaal\/leiutised\/karaokela\/\" \/>\n<meta property=\"og:site_name\" content=\"Lottemaa Teemapark\" \/>\n<meta property=\"og:image\" content=\"https:\/\/lottemaa.ee\/wp-content\/uploads\/2022\/12\/DSC_8043-scaled.jpg\" \/>\n\t<meta property=\"og:image:width\" content=\"2560\" \/>\n\t<meta property=\"og:image:height\" content=\"1696\" \/>\n\t<meta property=\"og:image:type\" content=\"image\/jpeg\" \/>\n<meta name=\"twitter:card\" content=\"summary_large_image\" \/>\n<script type=\"application\/ld+json\" class=\"yoast-schema-graph\">{\"@context\":\"https:\/\/schema.org\",\"@graph\":[{\"@type\":\"WebPage\",\"@id\":\"https:\/\/lottemaa.ee\/paev-lottemaal\/leiutised\/karaokela\/\",\"url\":\"https:\/\/lottemaa.ee\/paev-lottemaal\/leiutised\/karaokela\/\",\"name\":\"KARAOKELA | Lottemaa Teemapark\",\"isPartOf\":{\"@id\":\"https:\/\/lottemaa.ee\/#website\"},\"primaryImageOfPage\":{\"@id\":\"https:\/\/lottemaa.ee\/paev-lottemaal\/leiutised\/karaokela\/#primaryimage\"},\"image\":{\"@id\":\"https:\/\/lottemaa.ee\/paev-lottemaal\/leiutised\/karaokela\/#primaryimage\"},\"thumbnailUrl\":\"https:\/\/lottemaa.ee\/wp-content\/uploads\/2022\/12\/DSC_8043-scaled.jpg\",\"datePublished\":\"2022-12-20T08:08:33+00:00\",\"description\":\"Lottemaan SUUREN KEKSIMISKILPAILUN 2022 voittajaty\u00f6 KARAOKELA muistuttaa, miten paljon me kaikki tarvitsemme hauskanpitoa, joka auttaa unohtamaan arkihuolet.\",\"breadcrumb\":{\"@id\":\"https:\/\/lottemaa.ee\/paev-lottemaal\/leiutised\/karaokela\/#breadcrumb\"},\"inLanguage\":\"fi\",\"potentialAction\":[{\"@type\":\"ReadAction\",\"target\":[\"https:\/\/lottemaa.ee\/paev-lottemaal\/leiutised\/karaokela\/\"]}]},{\"@type\":\"ImageObject\",\"inLanguage\":\"fi\",\"@id\":\"https:\/\/lottemaa.ee\/paev-lottemaal\/leiutised\/karaokela\/#primaryimage\",\"url\":\"https:\/\/lottemaa.ee\/wp-content\/uploads\/2022\/12\/DSC_8043-scaled.jpg\",\"contentUrl\":\"https:\/\/lottemaa.ee\/wp-content\/uploads\/2022\/12\/DSC_8043-scaled.jpg\",\"width\":2560,\"height\":1696},{\"@type\":\"BreadcrumbList\",\"@id\":\"https:\/\/lottemaa.ee\/paev-lottemaal\/leiutised\/karaokela\/#breadcrumb\",\"itemListElement\":[{\"@type\":\"ListItem\",\"position\":1,\"name\":\"Home\",\"item\":\"https:\/\/lottemaa.ee\/fi\/\"},{\"@type\":\"ListItem\",\"position\":2,\"name\":\"P\u00e4iv\u00e4 Lottemaassa\",\"item\":\"https:\/\/lottemaa.ee\/fi\/paiva-lottemaassa\/\"},{\"@type\":\"ListItem\",\"position\":3,\"name\":\"Keksinn\u00f6t\",\"item\":\"https:\/\/lottemaa.ee\/fi\/paiva-lottemaassa\/keksinnot\/\"},{\"@type\":\"ListItem\",\"position\":4,\"name\":\"KARAOKELA\"}]},{\"@type\":\"WebSite\",\"@id\":\"https:\/\/lottemaa.ee\/#website\",\"url\":\"https:\/\/lottemaa.ee\/\",\"name\":\"Lottemaa Teemapark\",\"description\":\"Baltimaade suurim ja k\u00f5ige \u00e4gedam kogupere teemapark Eestis P\u00e4rnumaal\",\"publisher\":{\"@id\":\"https:\/\/lottemaa.ee\/#organization\"},\"potentialAction\":[{\"@type\":\"SearchAction\",\"target\":{\"@type\":\"EntryPoint\",\"urlTemplate\":\"https:\/\/lottemaa.ee\/?s={search_term_string}\"},\"query-input\":{\"@type\":\"PropertyValueSpecification\",\"valueRequired\":true,\"valueName\":\"search_term_string\"}}],\"inLanguage\":\"fi\"},{\"@type\":\"Organization\",\"@id\":\"https:\/\/lottemaa.ee\/#organization\",\"name\":\"Lottemaa Teemapark\",\"url\":\"https:\/\/lottemaa.ee\/\",\"logo\":{\"@type\":\"ImageObject\",\"inLanguage\":\"fi\",\"@id\":\"https:\/\/lottemaa.ee\/#\/schema\/logo\/image\/\",\"url\":\"https:\/\/lottemaa.ee\/wp-content\/uploads\/2018\/12\/Lottemaa_LOGO.png\",\"contentUrl\":\"https:\/\/lottemaa.ee\/wp-content\/uploads\/2018\/12\/Lottemaa_LOGO.png\",\"width\":1024,\"height\":518,\"caption\":\"Lottemaa Teemapark\"},\"image\":{\"@id\":\"https:\/\/lottemaa.ee\/#\/schema\/logo\/image\/\"}}]}<\/script>\n<!-- \/ Yoast SEO plugin. -->","yoast_head_json":{"title":"KARAOKELA | Lottemaa Teemapark","description":"Lottemaan SUUREN KEKSIMISKILPAILUN 2022 voittajaty\u00f6 KARAOKELA muistuttaa, miten paljon me kaikki tarvitsemme hauskanpitoa, joka auttaa unohtamaan arkihuolet.","robots":{"index":"index","follow":"follow","max-snippet":"max-snippet:-1","max-image-preview":"max-image-preview:large","max-video-preview":"max-video-preview:-1"},"canonical":"https:\/\/lottemaa.ee\/paev-lottemaal\/leiutised\/karaokela\/","og_locale":"fi_FI","og_type":"article","og_title":"KARAOKELA | Lottemaa Teemapark","og_description":"Lottemaan SUUREN KEKSIMISKILPAILUN 2022 voittajaty\u00f6 KARAOKELA muistuttaa, miten paljon me kaikki tarvitsemme hauskanpitoa, joka auttaa unohtamaan arkihuolet.","og_url":"https:\/\/lottemaa.ee\/paev-lottemaal\/leiutised\/karaokela\/","og_site_name":"Lottemaa Teemapark","og_image":[{"width":2560,"height":1696,"url":"https:\/\/lottemaa.ee\/wp-content\/uploads\/2022\/12\/DSC_8043-scaled.jpg","type":"image\/jpeg"}],"twitter_card":"summary_large_image","schema":{"@context":"https:\/\/schema.org","@graph":[{"@type":"WebPage","@id":"https:\/\/lottemaa.ee\/paev-lottemaal\/leiutised\/karaokela\/","url":"https:\/\/lottemaa.ee\/paev-lottemaal\/leiutised\/karaokela\/","name":"KARAOKELA | Lottemaa Teemapark","isPartOf":{"@id":"https:\/\/lottemaa.ee\/#website"},"primaryImageOfPage":{"@id":"https:\/\/lottemaa.ee\/paev-lottemaal\/leiutised\/karaokela\/#primaryimage"},"image":{"@id":"https:\/\/lottemaa.ee\/paev-lottemaal\/leiutised\/karaokela\/#primaryimage"},"thumbnailUrl":"https:\/\/lottemaa.ee\/wp-content\/uploads\/2022\/12\/DSC_8043-scaled.jpg","datePublished":"2022-12-20T08:08:33+00:00","description":"Lottemaan SUUREN KEKSIMISKILPAILUN 2022 voittajaty\u00f6 KARAOKELA muistuttaa, miten paljon me kaikki tarvitsemme hauskanpitoa, joka auttaa unohtamaan arkihuolet.","breadcrumb":{"@id":"https:\/\/lottemaa.ee\/paev-lottemaal\/leiutised\/karaokela\/#breadcrumb"},"inLanguage":"fi","potentialAction":[{"@type":"ReadAction","target":["https:\/\/lottemaa.ee\/paev-lottemaal\/leiutised\/karaokela\/"]}]},{"@type":"ImageObject","inLanguage":"fi","@id":"https:\/\/lottemaa.ee\/paev-lottemaal\/leiutised\/karaokela\/#primaryimage","url":"https:\/\/lottemaa.ee\/wp-content\/uploads\/2022\/12\/DSC_8043-scaled.jpg","contentUrl":"https:\/\/lottemaa.ee\/wp-content\/uploads\/2022\/12\/DSC_8043-scaled.jpg","width":2560,"height":1696},{"@type":"BreadcrumbList","@id":"https:\/\/lottemaa.ee\/paev-lottemaal\/leiutised\/karaokela\/#breadcrumb","itemListElement":[{"@type":"ListItem","position":1,"name":"Home","item":"https:\/\/lottemaa.ee\/fi\/"},{"@type":"ListItem","position":2,"name":"P\u00e4iv\u00e4 Lottemaassa","item":"https:\/\/lottemaa.ee\/fi\/paiva-lottemaassa\/"},{"@type":"ListItem","position":3,"name":"Keksinn\u00f6t","item":"https:\/\/lottemaa.ee\/fi\/paiva-lottemaassa\/keksinnot\/"},{"@type":"ListItem","position":4,"name":"KARAOKELA"}]},{"@type":"WebSite","@id":"https:\/\/lottemaa.ee\/#website","url":"https:\/\/lottemaa.ee\/","name":"Lottemaa Teemapark","description":"Baltimaade suurim ja k\u00f5ige \u00e4gedam kogupere teemapark Eestis P\u00e4rnumaal","publisher":{"@id":"https:\/\/lottemaa.ee\/#organization"},"potentialAction":[{"@type":"SearchAction","target":{"@type":"EntryPoint","urlTemplate":"https:\/\/lottemaa.ee\/?s={search_term_string}"},"query-input":{"@type":"PropertyValueSpecification","valueRequired":true,"valueName":"search_term_string"}}],"inLanguage":"fi"},{"@type":"Organization","@id":"https:\/\/lottemaa.ee\/#organization","name":"Lottemaa Teemapark","url":"https:\/\/lottemaa.ee\/","logo":{"@type":"ImageObject","inLanguage":"fi","@id":"https:\/\/lottemaa.ee\/#\/schema\/logo\/image\/","url":"https:\/\/lottemaa.ee\/wp-content\/uploads\/2018\/12\/Lottemaa_LOGO.png","contentUrl":"https:\/\/lottemaa.ee\/wp-content\/uploads\/2018\/12\/Lottemaa_LOGO.png","width":1024,"height":518,"caption":"Lottemaa Teemapark"},"image":{"@id":"https:\/\/lottemaa.ee\/#\/schema\/logo\/image\/"}}]}},"_links":{"self":[{"href":"https:\/\/lottemaa.ee\/fi\/wp-json\/wp\/v2\/pages\/15257","targetHints":{"allow":["GET"]}}],"collection":[{"href":"https:\/\/lottemaa.ee\/fi\/wp-json\/wp\/v2\/pages"}],"about":[{"href":"https:\/\/lottemaa.ee\/fi\/wp-json\/wp\/v2\/types\/page"}],"author":[{"embeddable":true,"href":"https:\/\/lottemaa.ee\/fi\/wp-json\/wp\/v2\/users\/11"}],"replies":[{"embeddable":true,"href":"https:\/\/lottemaa.ee\/fi\/wp-json\/wp\/v2\/comments?post=15257"}],"version-history":[{"count":1,"href":"https:\/\/lottemaa.ee\/fi\/wp-json\/wp\/v2\/pages\/15257\/revisions"}],"predecessor-version":[{"id":15258,"href":"https:\/\/lottemaa.ee\/fi\/wp-json\/wp\/v2\/pages\/15257\/revisions\/15258"}],"up":[{"embeddable":true,"href":"https:\/\/lottemaa.ee\/fi\/wp-json\/wp\/v2\/pages\/1250"}],"wp:featuredmedia":[{"embeddable":true,"href":"https:\/\/lottemaa.ee\/fi\/wp-json\/wp\/v2\/media\/15246"}],"wp:attachment":[{"href":"https:\/\/lottemaa.ee\/fi\/wp-json\/wp\/v2\/media?parent=15257"}],"curies":[{"name":"wp","href":"https:\/\/api.w.org\/{rel}","templated":true}]}}