{"id":1274,"date":"2016-05-16T20:07:29","date_gmt":"2016-05-16T17:07:29","guid":{"rendered":"http:\/\/sharks.ee\/lottemaa\/fi\/?page_id=1274"},"modified":"2024-09-27T12:46:42","modified_gmt":"2024-09-27T09:46:42","slug":"arturin-kauppamatkamuistot","status":"publish","type":"page","link":"https:\/\/lottemaa.ee\/fi\/meista\/arturin-kauppamatkamuistot\/","title":{"rendered":"Arturin kauppa"},"content":{"rendered":"<p style=\"text-align: left;\">Hauskasta kes\u00e4p\u00e4iv\u00e4st\u00e4 j\u00e4\u00e4v\u00e4t kertomaan matkamuistot ja kiehtovat pelit. N\u00e4it\u00e4 kaikkia l\u00f6yd\u00e4t meid\u00e4n myym\u00e4l\u00f6ist\u00e4 ja myyntipisteist\u00e4. V\u00e4rikk\u00e4ill\u00e4 tiskeill\u00e4 on laaja valikoima leluja ja rantatarvikkeita, virkistysjuomia ja pikkupurtavaa. Tarvittaessa voi hankkia vaikka sadetakin. Jos haluat, voit kokeilla onneasi arpapy\u00f6r\u00e4ll\u00e4, piirt\u00e4\u00e4, koota palapelej\u00e4 tai pelata lautapelej\u00e4.<\/p>\n<h3><a href=\"https:\/\/e-pood.lottemaa.ee\/en\" target=\"_blank\" rel=\"noopener\">VERKKOKAUPPA<\/a><a href=\"http:\/\/e-pood.lottemaa.ee\/\" target=\"_blank\" rel=\"noopener\">\u00bb<\/a><\/h3>\n","protected":false},"excerpt":{"rendered":"<p>Hauskasta kes\u00e4p\u00e4iv\u00e4st\u00e4 j\u00e4\u00e4v\u00e4t kertomaan matkamuistot ja kiehtovat pelit. N\u00e4it\u00e4 kaikkia l\u00f6yd\u00e4t meid\u00e4n myym\u00e4l\u00f6ist\u00e4 ja myyntipisteist\u00e4. V\u00e4rikk\u00e4ill\u00e4 tiskeill\u00e4 on laaja valikoima leluja ja rantatarvikkeita, virkistysjuomia ja pikkupurtavaa. Tarvittaessa voi hankkia vaikka sadetakin. Jos haluat, voit kokeilla onneasi arpapy\u00f6r\u00e4ll\u00e4, piirt\u00e4\u00e4, koota palapelej\u00e4 tai pelata lautapelej\u00e4. VERKKOKAUPPA\u00bb<\/p>\n","protected":false},"author":1,"featured_media":25128,"parent":597,"menu_order":271,"comment_status":"closed","ping_status":"closed","template":"","meta":{"_acf_changed":false,"om_disable_all_campaigns":false,"_uf_show_specific_survey":0,"_uf_disable_surveys":false,"footnotes":""},"class_list":["post-1274","page","type-page","status-publish","has-post-thumbnail","hentry"],"acf":[],"yoast_head":"<!-- This site is optimized with the Yoast SEO plugin v25.5 - https:\/\/yoast.com\/wordpress\/plugins\/seo\/ -->\n<title>Arturin kauppa | Lottemaa Teemapark<\/title>\n<meta name=\"robots\" content=\"index, follow, max-snippet:-1, max-image-preview:large, max-video-preview:-1\" \/>\n<link rel=\"canonical\" href=\"https:\/\/lottemaa.ee\/fi\/meista\/arturin-kauppamatkamuistot\/\" \/>\n<meta property=\"og:locale\" content=\"fi_FI\" \/>\n<meta property=\"og:type\" content=\"article\" \/>\n<meta property=\"og:title\" content=\"Arturin kauppa | Lottemaa Teemapark\" \/>\n<meta property=\"og:description\" content=\"Hauskasta kes\u00e4p\u00e4iv\u00e4st\u00e4 j\u00e4\u00e4v\u00e4t kertomaan matkamuistot ja kiehtovat pelit. N\u00e4it\u00e4 kaikkia l\u00f6yd\u00e4t meid\u00e4n myym\u00e4l\u00f6ist\u00e4 ja myyntipisteist\u00e4. V\u00e4rikk\u00e4ill\u00e4 tiskeill\u00e4 on laaja valikoima leluja ja rantatarvikkeita, virkistysjuomia ja pikkupurtavaa. Tarvittaessa voi hankkia vaikka sadetakin. Jos haluat, voit kokeilla onneasi arpapy\u00f6r\u00e4ll\u00e4, piirt\u00e4\u00e4, koota palapelej\u00e4 tai pelata lautapelej\u00e4. VERKKOKAUPPA\u00bb\" \/>\n<meta property=\"og:url\" content=\"https:\/\/lottemaa.ee\/fi\/meista\/arturin-kauppamatkamuistot\/\" \/>\n<meta property=\"og:site_name\" content=\"Lottemaa Teemapark\" \/>\n<meta property=\"article:modified_time\" content=\"2024-09-27T09:46:42+00:00\" \/>\n<meta property=\"og:image\" content=\"https:\/\/lottemaa.ee\/wp-content\/uploads\/2024\/02\/arturi_pood_288x251.jpg\" \/>\n\t<meta property=\"og:image:width\" content=\"288\" \/>\n\t<meta property=\"og:image:height\" content=\"251\" \/>\n\t<meta property=\"og:image:type\" content=\"image\/jpeg\" \/>\n<meta name=\"twitter:card\" content=\"summary_large_image\" \/>\n<meta name=\"twitter:label1\" content=\"Arvioitu lukuaika\" \/>\n\t<meta name=\"twitter:data1\" content=\"1 minuutti\" \/>\n<script type=\"application\/ld+json\" class=\"yoast-schema-graph\">{\"@context\":\"https:\/\/schema.org\",\"@graph\":[{\"@type\":\"WebPage\",\"@id\":\"https:\/\/lottemaa.ee\/fi\/meista\/arturin-kauppamatkamuistot\/\",\"url\":\"https:\/\/lottemaa.ee\/fi\/meista\/arturin-kauppamatkamuistot\/\",\"name\":\"Arturin kauppa | Lottemaa Teemapark\",\"isPartOf\":{\"@id\":\"https:\/\/lottemaa.ee\/#website\"},\"primaryImageOfPage\":{\"@id\":\"https:\/\/lottemaa.ee\/fi\/meista\/arturin-kauppamatkamuistot\/#primaryimage\"},\"image\":{\"@id\":\"https:\/\/lottemaa.ee\/fi\/meista\/arturin-kauppamatkamuistot\/#primaryimage\"},\"thumbnailUrl\":\"https:\/\/lottemaa.ee\/wp-content\/uploads\/2024\/02\/arturi_pood_288x251.jpg\",\"datePublished\":\"2016-05-16T17:07:29+00:00\",\"dateModified\":\"2024-09-27T09:46:42+00:00\",\"breadcrumb\":{\"@id\":\"https:\/\/lottemaa.ee\/fi\/meista\/arturin-kauppamatkamuistot\/#breadcrumb\"},\"inLanguage\":\"fi\",\"potentialAction\":[{\"@type\":\"ReadAction\",\"target\":[\"https:\/\/lottemaa.ee\/fi\/meista\/arturin-kauppamatkamuistot\/\"]}]},{\"@type\":\"ImageObject\",\"inLanguage\":\"fi\",\"@id\":\"https:\/\/lottemaa.ee\/fi\/meista\/arturin-kauppamatkamuistot\/#primaryimage\",\"url\":\"https:\/\/lottemaa.ee\/wp-content\/uploads\/2024\/02\/arturi_pood_288x251.jpg\",\"contentUrl\":\"https:\/\/lottemaa.ee\/wp-content\/uploads\/2024\/02\/arturi_pood_288x251.jpg\",\"width\":288,\"height\":251},{\"@type\":\"BreadcrumbList\",\"@id\":\"https:\/\/lottemaa.ee\/fi\/meista\/arturin-kauppamatkamuistot\/#breadcrumb\",\"itemListElement\":[{\"@type\":\"ListItem\",\"position\":1,\"name\":\"Home\",\"item\":\"https:\/\/lottemaa.ee\/fi\/\"},{\"@type\":\"ListItem\",\"position\":2,\"name\":\"Meist\u00e4\",\"item\":\"https:\/\/lottemaa.ee\/fi\/meista\/\"},{\"@type\":\"ListItem\",\"position\":3,\"name\":\"Arturin kauppa\"}]},{\"@type\":\"WebSite\",\"@id\":\"https:\/\/lottemaa.ee\/#website\",\"url\":\"https:\/\/lottemaa.ee\/\",\"name\":\"Lottemaa Teemapark\",\"description\":\"Baltimaade suurim ja k\u00f5ige \u00e4gedam kogupere teemapark Eestis P\u00e4rnumaal\",\"publisher\":{\"@id\":\"https:\/\/lottemaa.ee\/#organization\"},\"potentialAction\":[{\"@type\":\"SearchAction\",\"target\":{\"@type\":\"EntryPoint\",\"urlTemplate\":\"https:\/\/lottemaa.ee\/?s={search_term_string}\"},\"query-input\":{\"@type\":\"PropertyValueSpecification\",\"valueRequired\":true,\"valueName\":\"search_term_string\"}}],\"inLanguage\":\"fi\"},{\"@type\":\"Organization\",\"@id\":\"https:\/\/lottemaa.ee\/#organization\",\"name\":\"Lottemaa Teemapark\",\"url\":\"https:\/\/lottemaa.ee\/\",\"logo\":{\"@type\":\"ImageObject\",\"inLanguage\":\"fi\",\"@id\":\"https:\/\/lottemaa.ee\/#\/schema\/logo\/image\/\",\"url\":\"https:\/\/lottemaa.ee\/wp-content\/uploads\/2018\/12\/Lottemaa_LOGO.png\",\"contentUrl\":\"https:\/\/lottemaa.ee\/wp-content\/uploads\/2018\/12\/Lottemaa_LOGO.png\",\"width\":1024,\"height\":518,\"caption\":\"Lottemaa Teemapark\"},\"image\":{\"@id\":\"https:\/\/lottemaa.ee\/#\/schema\/logo\/image\/\"}}]}<\/script>\n<!-- \/ Yoast SEO plugin. -->","yoast_head_json":{"title":"Arturin kauppa | Lottemaa Teemapark","robots":{"index":"index","follow":"follow","max-snippet":"max-snippet:-1","max-image-preview":"max-image-preview:large","max-video-preview":"max-video-preview:-1"},"canonical":"https:\/\/lottemaa.ee\/fi\/meista\/arturin-kauppamatkamuistot\/","og_locale":"fi_FI","og_type":"article","og_title":"Arturin kauppa | Lottemaa Teemapark","og_description":"Hauskasta kes\u00e4p\u00e4iv\u00e4st\u00e4 j\u00e4\u00e4v\u00e4t kertomaan matkamuistot ja kiehtovat pelit. N\u00e4it\u00e4 kaikkia l\u00f6yd\u00e4t meid\u00e4n myym\u00e4l\u00f6ist\u00e4 ja myyntipisteist\u00e4. V\u00e4rikk\u00e4ill\u00e4 tiskeill\u00e4 on laaja valikoima leluja ja rantatarvikkeita, virkistysjuomia ja pikkupurtavaa. Tarvittaessa voi hankkia vaikka sadetakin. Jos haluat, voit kokeilla onneasi arpapy\u00f6r\u00e4ll\u00e4, piirt\u00e4\u00e4, koota palapelej\u00e4 tai pelata lautapelej\u00e4. VERKKOKAUPPA\u00bb","og_url":"https:\/\/lottemaa.ee\/fi\/meista\/arturin-kauppamatkamuistot\/","og_site_name":"Lottemaa Teemapark","article_modified_time":"2024-09-27T09:46:42+00:00","og_image":[{"width":288,"height":251,"url":"https:\/\/lottemaa.ee\/wp-content\/uploads\/2024\/02\/arturi_pood_288x251.jpg","type":"image\/jpeg"}],"twitter_card":"summary_large_image","twitter_misc":{"Arvioitu lukuaika":"1 minuutti"},"schema":{"@context":"https:\/\/schema.org","@graph":[{"@type":"WebPage","@id":"https:\/\/lottemaa.ee\/fi\/meista\/arturin-kauppamatkamuistot\/","url":"https:\/\/lottemaa.ee\/fi\/meista\/arturin-kauppamatkamuistot\/","name":"Arturin kauppa | Lottemaa Teemapark","isPartOf":{"@id":"https:\/\/lottemaa.ee\/#website"},"primaryImageOfPage":{"@id":"https:\/\/lottemaa.ee\/fi\/meista\/arturin-kauppamatkamuistot\/#primaryimage"},"image":{"@id":"https:\/\/lottemaa.ee\/fi\/meista\/arturin-kauppamatkamuistot\/#primaryimage"},"thumbnailUrl":"https:\/\/lottemaa.ee\/wp-content\/uploads\/2024\/02\/arturi_pood_288x251.jpg","datePublished":"2016-05-16T17:07:29+00:00","dateModified":"2024-09-27T09:46:42+00:00","breadcrumb":{"@id":"https:\/\/lottemaa.ee\/fi\/meista\/arturin-kauppamatkamuistot\/#breadcrumb"},"inLanguage":"fi","potentialAction":[{"@type":"ReadAction","target":["https:\/\/lottemaa.ee\/fi\/meista\/arturin-kauppamatkamuistot\/"]}]},{"@type":"ImageObject","inLanguage":"fi","@id":"https:\/\/lottemaa.ee\/fi\/meista\/arturin-kauppamatkamuistot\/#primaryimage","url":"https:\/\/lottemaa.ee\/wp-content\/uploads\/2024\/02\/arturi_pood_288x251.jpg","contentUrl":"https:\/\/lottemaa.ee\/wp-content\/uploads\/2024\/02\/arturi_pood_288x251.jpg","width":288,"height":251},{"@type":"BreadcrumbList","@id":"https:\/\/lottemaa.ee\/fi\/meista\/arturin-kauppamatkamuistot\/#breadcrumb","itemListElement":[{"@type":"ListItem","position":1,"name":"Home","item":"https:\/\/lottemaa.ee\/fi\/"},{"@type":"ListItem","position":2,"name":"Meist\u00e4","item":"https:\/\/lottemaa.ee\/fi\/meista\/"},{"@type":"ListItem","position":3,"name":"Arturin kauppa"}]},{"@type":"WebSite","@id":"https:\/\/lottemaa.ee\/#website","url":"https:\/\/lottemaa.ee\/","name":"Lottemaa Teemapark","description":"Baltimaade suurim ja k\u00f5ige \u00e4gedam kogupere teemapark Eestis P\u00e4rnumaal","publisher":{"@id":"https:\/\/lottemaa.ee\/#organization"},"potentialAction":[{"@type":"SearchAction","target":{"@type":"EntryPoint","urlTemplate":"https:\/\/lottemaa.ee\/?s={search_term_string}"},"query-input":{"@type":"PropertyValueSpecification","valueRequired":true,"valueName":"search_term_string"}}],"inLanguage":"fi"},{"@type":"Organization","@id":"https:\/\/lottemaa.ee\/#organization","name":"Lottemaa Teemapark","url":"https:\/\/lottemaa.ee\/","logo":{"@type":"ImageObject","inLanguage":"fi","@id":"https:\/\/lottemaa.ee\/#\/schema\/logo\/image\/","url":"https:\/\/lottemaa.ee\/wp-content\/uploads\/2018\/12\/Lottemaa_LOGO.png","contentUrl":"https:\/\/lottemaa.ee\/wp-content\/uploads\/2018\/12\/Lottemaa_LOGO.png","width":1024,"height":518,"caption":"Lottemaa Teemapark"},"image":{"@id":"https:\/\/lottemaa.ee\/#\/schema\/logo\/image\/"}}]}},"_links":{"self":[{"href":"https:\/\/lottemaa.ee\/fi\/wp-json\/wp\/v2\/pages\/1274","targetHints":{"allow":["GET"]}}],"collection":[{"href":"https:\/\/lottemaa.ee\/fi\/wp-json\/wp\/v2\/pages"}],"about":[{"href":"https:\/\/lottemaa.ee\/fi\/wp-json\/wp\/v2\/types\/page"}],"author":[{"embeddable":true,"href":"https:\/\/lottemaa.ee\/fi\/wp-json\/wp\/v2\/users\/1"}],"replies":[{"embeddable":true,"href":"https:\/\/lottemaa.ee\/fi\/wp-json\/wp\/v2\/comments?post=1274"}],"version-history":[{"count":5,"href":"https:\/\/lottemaa.ee\/fi\/wp-json\/wp\/v2\/pages\/1274\/revisions"}],"predecessor-version":[{"id":28650,"href":"https:\/\/lottemaa.ee\/fi\/wp-json\/wp\/v2\/pages\/1274\/revisions\/28650"}],"up":[{"embeddable":true,"href":"https:\/\/lottemaa.ee\/fi\/wp-json\/wp\/v2\/pages\/597"}],"wp:featuredmedia":[{"embeddable":true,"href":"https:\/\/lottemaa.ee\/fi\/wp-json\/wp\/v2\/media\/25128"}],"wp:attachment":[{"href":"https:\/\/lottemaa.ee\/fi\/wp-json\/wp\/v2\/media?parent=1274"}],"curies":[{"name":"wp","href":"https:\/\/api.w.org\/{rel}","templated":true}]}}