{"id":1268,"date":"2016-05-16T20:05:19","date_gmt":"2016-05-16T17:05:19","guid":{"rendered":"http:\/\/sharks.ee\/lottemaa\/fi\/?page_id=1268"},"modified":"2024-07-06T15:30:59","modified_gmt":"2024-07-06T12:30:59","slug":"reiurannan-kahvila","status":"publish","type":"page","link":"https:\/\/lottemaa.ee\/fi\/paiva-lottemaassa\/ruoat-ja-juomat\/reiurannan-kahvila\/","title":{"rendered":"REIURANNA-KAHVILA"},"content":{"rendered":"<p style=\"text-align: left;\">Reiuranna-kahvilasta on kaunis n\u00e4k\u00f6ala merelle. Tilavalla terassilla vieraita odottavat kevyemm\u00e4t annokset, vastapaistetut piirakat, parhaimmat paninit, herkulliset salaatit ja voileiv\u00e4t, kylm\u00e4t j\u00e4\u00e4tel\u00f6t ja virvoitusjuomat niin pienille kuin suurillekin Lottemaan yst\u00e4ville. Terassilla on 60 istumapaikkaa.<\/p>\n","protected":false},"excerpt":{"rendered":"<p>Reiuranna-kahvilasta on kaunis n\u00e4k\u00f6ala merelle. Tilavalla terassilla vieraita odottavat kevyemm\u00e4t annokset, vastapaistetut piirakat, parhaimmat paninit, herkulliset salaatit ja voileiv\u00e4t, kylm\u00e4t j\u00e4\u00e4tel\u00f6t ja virvoitusjuomat niin pienille kuin suurillekin Lottemaan yst\u00e4ville. Terassilla on 60 istumapaikkaa.<\/p>\n","protected":false},"author":1,"featured_media":26911,"parent":1262,"menu_order":685,"comment_status":"closed","ping_status":"closed","template":"","meta":{"_acf_changed":false,"om_disable_all_campaigns":false,"_uf_show_specific_survey":0,"_uf_disable_surveys":false,"footnotes":""},"class_list":["post-1268","page","type-page","status-publish","has-post-thumbnail","hentry"],"acf":[],"yoast_head":"<!-- This site is optimized with the Yoast SEO plugin v25.5 - https:\/\/yoast.com\/wordpress\/plugins\/seo\/ -->\n<title>REIURANNA-KAHVILA | Lottemaa Teemapark<\/title>\n<meta name=\"robots\" content=\"index, follow, max-snippet:-1, max-image-preview:large, max-video-preview:-1\" \/>\n<link rel=\"canonical\" href=\"https:\/\/lottemaa.ee\/fi\/paiva-lottemaassa\/ruoat-ja-juomat\/reiurannan-kahvila\/\" \/>\n<meta property=\"og:locale\" content=\"fi_FI\" \/>\n<meta property=\"og:type\" content=\"article\" \/>\n<meta property=\"og:title\" content=\"REIURANNA-KAHVILA | Lottemaa Teemapark\" \/>\n<meta property=\"og:description\" content=\"Reiuranna-kahvilasta on kaunis n\u00e4k\u00f6ala merelle. Tilavalla terassilla vieraita odottavat kevyemm\u00e4t annokset, vastapaistetut piirakat, parhaimmat paninit, herkulliset salaatit ja voileiv\u00e4t, kylm\u00e4t j\u00e4\u00e4tel\u00f6t ja virvoitusjuomat niin pienille kuin suurillekin Lottemaan yst\u00e4ville. Terassilla on 60 istumapaikkaa.\" \/>\n<meta property=\"og:url\" content=\"https:\/\/lottemaa.ee\/fi\/paiva-lottemaassa\/ruoat-ja-juomat\/reiurannan-kahvila\/\" \/>\n<meta property=\"og:site_name\" content=\"Lottemaa Teemapark\" \/>\n<meta property=\"article:modified_time\" content=\"2024-07-06T12:30:59+00:00\" \/>\n<meta property=\"og:image\" content=\"https:\/\/lottemaa.ee\/wp-content\/uploads\/2024\/07\/Lottemaa-IV-205.jpg\" \/>\n\t<meta property=\"og:image:width\" content=\"2000\" \/>\n\t<meta property=\"og:image:height\" content=\"1333\" \/>\n\t<meta property=\"og:image:type\" content=\"image\/jpeg\" \/>\n<meta name=\"twitter:card\" content=\"summary_large_image\" \/>\n<meta name=\"twitter:label1\" content=\"Arvioitu lukuaika\" \/>\n\t<meta name=\"twitter:data1\" content=\"1 minuutti\" \/>\n<script type=\"application\/ld+json\" class=\"yoast-schema-graph\">{\"@context\":\"https:\/\/schema.org\",\"@graph\":[{\"@type\":\"WebPage\",\"@id\":\"https:\/\/lottemaa.ee\/fi\/paiva-lottemaassa\/ruoat-ja-juomat\/reiurannan-kahvila\/\",\"url\":\"https:\/\/lottemaa.ee\/fi\/paiva-lottemaassa\/ruoat-ja-juomat\/reiurannan-kahvila\/\",\"name\":\"REIURANNA-KAHVILA | Lottemaa Teemapark\",\"isPartOf\":{\"@id\":\"https:\/\/lottemaa.ee\/#website\"},\"primaryImageOfPage\":{\"@id\":\"https:\/\/lottemaa.ee\/fi\/paiva-lottemaassa\/ruoat-ja-juomat\/reiurannan-kahvila\/#primaryimage\"},\"image\":{\"@id\":\"https:\/\/lottemaa.ee\/fi\/paiva-lottemaassa\/ruoat-ja-juomat\/reiurannan-kahvila\/#primaryimage\"},\"thumbnailUrl\":\"https:\/\/lottemaa.ee\/wp-content\/uploads\/2024\/07\/Lottemaa-IV-205.jpg\",\"datePublished\":\"2016-05-16T17:05:19+00:00\",\"dateModified\":\"2024-07-06T12:30:59+00:00\",\"breadcrumb\":{\"@id\":\"https:\/\/lottemaa.ee\/fi\/paiva-lottemaassa\/ruoat-ja-juomat\/reiurannan-kahvila\/#breadcrumb\"},\"inLanguage\":\"fi\",\"potentialAction\":[{\"@type\":\"ReadAction\",\"target\":[\"https:\/\/lottemaa.ee\/fi\/paiva-lottemaassa\/ruoat-ja-juomat\/reiurannan-kahvila\/\"]}]},{\"@type\":\"ImageObject\",\"inLanguage\":\"fi\",\"@id\":\"https:\/\/lottemaa.ee\/fi\/paiva-lottemaassa\/ruoat-ja-juomat\/reiurannan-kahvila\/#primaryimage\",\"url\":\"https:\/\/lottemaa.ee\/wp-content\/uploads\/2024\/07\/Lottemaa-IV-205.jpg\",\"contentUrl\":\"https:\/\/lottemaa.ee\/wp-content\/uploads\/2024\/07\/Lottemaa-IV-205.jpg\",\"width\":2000,\"height\":1333},{\"@type\":\"BreadcrumbList\",\"@id\":\"https:\/\/lottemaa.ee\/fi\/paiva-lottemaassa\/ruoat-ja-juomat\/reiurannan-kahvila\/#breadcrumb\",\"itemListElement\":[{\"@type\":\"ListItem\",\"position\":1,\"name\":\"Home\",\"item\":\"https:\/\/lottemaa.ee\/fi\/\"},{\"@type\":\"ListItem\",\"position\":2,\"name\":\"P\u00e4iv\u00e4 Lottemaassa\",\"item\":\"https:\/\/lottemaa.ee\/fi\/paiva-lottemaassa\/\"},{\"@type\":\"ListItem\",\"position\":3,\"name\":\"Ruoat ja juomat\",\"item\":\"https:\/\/lottemaa.ee\/fi\/paiva-lottemaassa\/ruoat-ja-juomat\/\"},{\"@type\":\"ListItem\",\"position\":4,\"name\":\"REIURANNA-KAHVILA\"}]},{\"@type\":\"WebSite\",\"@id\":\"https:\/\/lottemaa.ee\/#website\",\"url\":\"https:\/\/lottemaa.ee\/\",\"name\":\"Lottemaa Teemapark\",\"description\":\"Baltimaade suurim ja k\u00f5ige \u00e4gedam kogupere teemapark Eestis P\u00e4rnumaal\",\"publisher\":{\"@id\":\"https:\/\/lottemaa.ee\/#organization\"},\"potentialAction\":[{\"@type\":\"SearchAction\",\"target\":{\"@type\":\"EntryPoint\",\"urlTemplate\":\"https:\/\/lottemaa.ee\/?s={search_term_string}\"},\"query-input\":{\"@type\":\"PropertyValueSpecification\",\"valueRequired\":true,\"valueName\":\"search_term_string\"}}],\"inLanguage\":\"fi\"},{\"@type\":\"Organization\",\"@id\":\"https:\/\/lottemaa.ee\/#organization\",\"name\":\"Lottemaa Teemapark\",\"url\":\"https:\/\/lottemaa.ee\/\",\"logo\":{\"@type\":\"ImageObject\",\"inLanguage\":\"fi\",\"@id\":\"https:\/\/lottemaa.ee\/#\/schema\/logo\/image\/\",\"url\":\"https:\/\/lottemaa.ee\/wp-content\/uploads\/2018\/12\/Lottemaa_LOGO.png\",\"contentUrl\":\"https:\/\/lottemaa.ee\/wp-content\/uploads\/2018\/12\/Lottemaa_LOGO.png\",\"width\":1024,\"height\":518,\"caption\":\"Lottemaa Teemapark\"},\"image\":{\"@id\":\"https:\/\/lottemaa.ee\/#\/schema\/logo\/image\/\"}}]}<\/script>\n<!-- \/ Yoast SEO plugin. -->","yoast_head_json":{"title":"REIURANNA-KAHVILA | Lottemaa Teemapark","robots":{"index":"index","follow":"follow","max-snippet":"max-snippet:-1","max-image-preview":"max-image-preview:large","max-video-preview":"max-video-preview:-1"},"canonical":"https:\/\/lottemaa.ee\/fi\/paiva-lottemaassa\/ruoat-ja-juomat\/reiurannan-kahvila\/","og_locale":"fi_FI","og_type":"article","og_title":"REIURANNA-KAHVILA | Lottemaa Teemapark","og_description":"Reiuranna-kahvilasta on kaunis n\u00e4k\u00f6ala merelle. Tilavalla terassilla vieraita odottavat kevyemm\u00e4t annokset, vastapaistetut piirakat, parhaimmat paninit, herkulliset salaatit ja voileiv\u00e4t, kylm\u00e4t j\u00e4\u00e4tel\u00f6t ja virvoitusjuomat niin pienille kuin suurillekin Lottemaan yst\u00e4ville. Terassilla on 60 istumapaikkaa.","og_url":"https:\/\/lottemaa.ee\/fi\/paiva-lottemaassa\/ruoat-ja-juomat\/reiurannan-kahvila\/","og_site_name":"Lottemaa Teemapark","article_modified_time":"2024-07-06T12:30:59+00:00","og_image":[{"width":2000,"height":1333,"url":"https:\/\/lottemaa.ee\/wp-content\/uploads\/2024\/07\/Lottemaa-IV-205.jpg","type":"image\/jpeg"}],"twitter_card":"summary_large_image","twitter_misc":{"Arvioitu lukuaika":"1 minuutti"},"schema":{"@context":"https:\/\/schema.org","@graph":[{"@type":"WebPage","@id":"https:\/\/lottemaa.ee\/fi\/paiva-lottemaassa\/ruoat-ja-juomat\/reiurannan-kahvila\/","url":"https:\/\/lottemaa.ee\/fi\/paiva-lottemaassa\/ruoat-ja-juomat\/reiurannan-kahvila\/","name":"REIURANNA-KAHVILA | Lottemaa Teemapark","isPartOf":{"@id":"https:\/\/lottemaa.ee\/#website"},"primaryImageOfPage":{"@id":"https:\/\/lottemaa.ee\/fi\/paiva-lottemaassa\/ruoat-ja-juomat\/reiurannan-kahvila\/#primaryimage"},"image":{"@id":"https:\/\/lottemaa.ee\/fi\/paiva-lottemaassa\/ruoat-ja-juomat\/reiurannan-kahvila\/#primaryimage"},"thumbnailUrl":"https:\/\/lottemaa.ee\/wp-content\/uploads\/2024\/07\/Lottemaa-IV-205.jpg","datePublished":"2016-05-16T17:05:19+00:00","dateModified":"2024-07-06T12:30:59+00:00","breadcrumb":{"@id":"https:\/\/lottemaa.ee\/fi\/paiva-lottemaassa\/ruoat-ja-juomat\/reiurannan-kahvila\/#breadcrumb"},"inLanguage":"fi","potentialAction":[{"@type":"ReadAction","target":["https:\/\/lottemaa.ee\/fi\/paiva-lottemaassa\/ruoat-ja-juomat\/reiurannan-kahvila\/"]}]},{"@type":"ImageObject","inLanguage":"fi","@id":"https:\/\/lottemaa.ee\/fi\/paiva-lottemaassa\/ruoat-ja-juomat\/reiurannan-kahvila\/#primaryimage","url":"https:\/\/lottemaa.ee\/wp-content\/uploads\/2024\/07\/Lottemaa-IV-205.jpg","contentUrl":"https:\/\/lottemaa.ee\/wp-content\/uploads\/2024\/07\/Lottemaa-IV-205.jpg","width":2000,"height":1333},{"@type":"BreadcrumbList","@id":"https:\/\/lottemaa.ee\/fi\/paiva-lottemaassa\/ruoat-ja-juomat\/reiurannan-kahvila\/#breadcrumb","itemListElement":[{"@type":"ListItem","position":1,"name":"Home","item":"https:\/\/lottemaa.ee\/fi\/"},{"@type":"ListItem","position":2,"name":"P\u00e4iv\u00e4 Lottemaassa","item":"https:\/\/lottemaa.ee\/fi\/paiva-lottemaassa\/"},{"@type":"ListItem","position":3,"name":"Ruoat ja juomat","item":"https:\/\/lottemaa.ee\/fi\/paiva-lottemaassa\/ruoat-ja-juomat\/"},{"@type":"ListItem","position":4,"name":"REIURANNA-KAHVILA"}]},{"@type":"WebSite","@id":"https:\/\/lottemaa.ee\/#website","url":"https:\/\/lottemaa.ee\/","name":"Lottemaa Teemapark","description":"Baltimaade suurim ja k\u00f5ige \u00e4gedam kogupere teemapark Eestis P\u00e4rnumaal","publisher":{"@id":"https:\/\/lottemaa.ee\/#organization"},"potentialAction":[{"@type":"SearchAction","target":{"@type":"EntryPoint","urlTemplate":"https:\/\/lottemaa.ee\/?s={search_term_string}"},"query-input":{"@type":"PropertyValueSpecification","valueRequired":true,"valueName":"search_term_string"}}],"inLanguage":"fi"},{"@type":"Organization","@id":"https:\/\/lottemaa.ee\/#organization","name":"Lottemaa Teemapark","url":"https:\/\/lottemaa.ee\/","logo":{"@type":"ImageObject","inLanguage":"fi","@id":"https:\/\/lottemaa.ee\/#\/schema\/logo\/image\/","url":"https:\/\/lottemaa.ee\/wp-content\/uploads\/2018\/12\/Lottemaa_LOGO.png","contentUrl":"https:\/\/lottemaa.ee\/wp-content\/uploads\/2018\/12\/Lottemaa_LOGO.png","width":1024,"height":518,"caption":"Lottemaa Teemapark"},"image":{"@id":"https:\/\/lottemaa.ee\/#\/schema\/logo\/image\/"}}]}},"_links":{"self":[{"href":"https:\/\/lottemaa.ee\/fi\/wp-json\/wp\/v2\/pages\/1268","targetHints":{"allow":["GET"]}}],"collection":[{"href":"https:\/\/lottemaa.ee\/fi\/wp-json\/wp\/v2\/pages"}],"about":[{"href":"https:\/\/lottemaa.ee\/fi\/wp-json\/wp\/v2\/types\/page"}],"author":[{"embeddable":true,"href":"https:\/\/lottemaa.ee\/fi\/wp-json\/wp\/v2\/users\/1"}],"replies":[{"embeddable":true,"href":"https:\/\/lottemaa.ee\/fi\/wp-json\/wp\/v2\/comments?post=1268"}],"version-history":[{"count":5,"href":"https:\/\/lottemaa.ee\/fi\/wp-json\/wp\/v2\/pages\/1268\/revisions"}],"predecessor-version":[{"id":27142,"href":"https:\/\/lottemaa.ee\/fi\/wp-json\/wp\/v2\/pages\/1268\/revisions\/27142"}],"up":[{"embeddable":true,"href":"https:\/\/lottemaa.ee\/fi\/wp-json\/wp\/v2\/pages\/1262"}],"wp:featuredmedia":[{"embeddable":true,"href":"https:\/\/lottemaa.ee\/fi\/wp-json\/wp\/v2\/media\/26911"}],"wp:attachment":[{"href":"https:\/\/lottemaa.ee\/fi\/wp-json\/wp\/v2\/media?parent=1268"}],"curies":[{"name":"wp","href":"https:\/\/api.w.org\/{rel}","templated":true}]}}