{"id":1264,"date":"2016-05-16T20:04:03","date_gmt":"2016-05-16T17:04:03","guid":{"rendered":"http:\/\/sharks.ee\/lottemaa\/fi\/?page_id=1264"},"modified":"2026-01-04T22:05:23","modified_gmt":"2026-01-04T20:05:23","slug":"mamman-ohukaiset","status":"publish","type":"page","link":"https:\/\/lottemaa.ee\/fi\/paiva-lottemaassa\/ruoat-ja-juomat\/mamman-ohukaiset\/","title":{"rendered":"Annan PANNUKAKUT"},"content":{"rendered":"<p style=\"text-align: left;\">\u201cAnnan pannukakkutalo\u201d on varmasti yksi vieraidemme suosikkipaikoista. Sielt\u00e4 saa sek\u00e4 suolaisia ett\u00e4 makeita pannukakkuja. Jokainen lapsi voi valita vohvelit\u00f6tter\u00f6\u00f6n lempij\u00e4\u00e4tel\u00f6ns\u00e4.<br \/>\nPannukakkutalossa on jopa 80 istumapaikkaa.<\/p>\n","protected":false},"excerpt":{"rendered":"<p>\u201cAnnan pannukakkutalo\u201d on varmasti yksi vieraidemme suosikkipaikoista. Sielt\u00e4 saa sek\u00e4 suolaisia ett\u00e4 makeita pannukakkuja. Jokainen lapsi voi valita vohvelit\u00f6tter\u00f6\u00f6n lempij\u00e4\u00e4tel\u00f6ns\u00e4. Pannukakkutalossa on jopa 80 istumapaikkaa.<\/p>\n","protected":false},"author":1,"featured_media":26846,"parent":1262,"menu_order":438,"comment_status":"closed","ping_status":"closed","template":"","meta":{"_acf_changed":false,"om_disable_all_campaigns":false,"_uf_show_specific_survey":0,"_uf_disable_surveys":false,"footnotes":""},"class_list":["post-1264","page","type-page","status-publish","has-post-thumbnail","hentry"],"acf":[],"yoast_head":"<!-- This site is optimized with the Yoast SEO plugin v25.5 - https:\/\/yoast.com\/wordpress\/plugins\/seo\/ -->\n<title>Annan PANNUKAKUT | Lottemaa Teemapark<\/title>\n<meta name=\"robots\" content=\"index, follow, max-snippet:-1, max-image-preview:large, max-video-preview:-1\" \/>\n<link rel=\"canonical\" href=\"https:\/\/lottemaa.ee\/fi\/paiva-lottemaassa\/ruoat-ja-juomat\/mamman-ohukaiset\/\" \/>\n<meta property=\"og:locale\" content=\"fi_FI\" \/>\n<meta property=\"og:type\" content=\"article\" \/>\n<meta property=\"og:title\" content=\"Annan PANNUKAKUT | Lottemaa Teemapark\" \/>\n<meta property=\"og:description\" content=\"\u201cAnnan pannukakkutalo\u201d on varmasti yksi vieraidemme suosikkipaikoista. Sielt\u00e4 saa sek\u00e4 suolaisia ett\u00e4 makeita pannukakkuja. Jokainen lapsi voi valita vohvelit\u00f6tter\u00f6\u00f6n lempij\u00e4\u00e4tel\u00f6ns\u00e4. Pannukakkutalossa on jopa 80 istumapaikkaa.\" \/>\n<meta property=\"og:url\" content=\"https:\/\/lottemaa.ee\/fi\/paiva-lottemaassa\/ruoat-ja-juomat\/mamman-ohukaiset\/\" \/>\n<meta property=\"og:site_name\" content=\"Lottemaa Teemapark\" \/>\n<meta property=\"article:modified_time\" content=\"2026-01-04T20:05:23+00:00\" \/>\n<meta property=\"og:image\" content=\"https:\/\/lottemaa.ee\/wp-content\/uploads\/2024\/07\/Lottemaa-IV-102.jpg\" \/>\n\t<meta property=\"og:image:width\" content=\"2000\" \/>\n\t<meta property=\"og:image:height\" content=\"1333\" \/>\n\t<meta property=\"og:image:type\" content=\"image\/jpeg\" \/>\n<meta name=\"twitter:card\" content=\"summary_large_image\" \/>\n<meta name=\"twitter:label1\" content=\"Arvioitu lukuaika\" \/>\n\t<meta name=\"twitter:data1\" content=\"1 minuutti\" \/>\n<script type=\"application\/ld+json\" class=\"yoast-schema-graph\">{\"@context\":\"https:\/\/schema.org\",\"@graph\":[{\"@type\":\"WebPage\",\"@id\":\"https:\/\/lottemaa.ee\/fi\/paiva-lottemaassa\/ruoat-ja-juomat\/mamman-ohukaiset\/\",\"url\":\"https:\/\/lottemaa.ee\/fi\/paiva-lottemaassa\/ruoat-ja-juomat\/mamman-ohukaiset\/\",\"name\":\"Annan PANNUKAKUT | Lottemaa Teemapark\",\"isPartOf\":{\"@id\":\"https:\/\/lottemaa.ee\/#website\"},\"primaryImageOfPage\":{\"@id\":\"https:\/\/lottemaa.ee\/fi\/paiva-lottemaassa\/ruoat-ja-juomat\/mamman-ohukaiset\/#primaryimage\"},\"image\":{\"@id\":\"https:\/\/lottemaa.ee\/fi\/paiva-lottemaassa\/ruoat-ja-juomat\/mamman-ohukaiset\/#primaryimage\"},\"thumbnailUrl\":\"https:\/\/lottemaa.ee\/wp-content\/uploads\/2024\/07\/Lottemaa-IV-102.jpg\",\"datePublished\":\"2016-05-16T17:04:03+00:00\",\"dateModified\":\"2026-01-04T20:05:23+00:00\",\"breadcrumb\":{\"@id\":\"https:\/\/lottemaa.ee\/fi\/paiva-lottemaassa\/ruoat-ja-juomat\/mamman-ohukaiset\/#breadcrumb\"},\"inLanguage\":\"fi\",\"potentialAction\":[{\"@type\":\"ReadAction\",\"target\":[\"https:\/\/lottemaa.ee\/fi\/paiva-lottemaassa\/ruoat-ja-juomat\/mamman-ohukaiset\/\"]}]},{\"@type\":\"ImageObject\",\"inLanguage\":\"fi\",\"@id\":\"https:\/\/lottemaa.ee\/fi\/paiva-lottemaassa\/ruoat-ja-juomat\/mamman-ohukaiset\/#primaryimage\",\"url\":\"https:\/\/lottemaa.ee\/wp-content\/uploads\/2024\/07\/Lottemaa-IV-102.jpg\",\"contentUrl\":\"https:\/\/lottemaa.ee\/wp-content\/uploads\/2024\/07\/Lottemaa-IV-102.jpg\",\"width\":2000,\"height\":1333},{\"@type\":\"BreadcrumbList\",\"@id\":\"https:\/\/lottemaa.ee\/fi\/paiva-lottemaassa\/ruoat-ja-juomat\/mamman-ohukaiset\/#breadcrumb\",\"itemListElement\":[{\"@type\":\"ListItem\",\"position\":1,\"name\":\"Home\",\"item\":\"https:\/\/lottemaa.ee\/fi\/\"},{\"@type\":\"ListItem\",\"position\":2,\"name\":\"P\u00e4iv\u00e4 Lottemaassa\",\"item\":\"https:\/\/lottemaa.ee\/fi\/paiva-lottemaassa\/\"},{\"@type\":\"ListItem\",\"position\":3,\"name\":\"Ruoat ja juomat\",\"item\":\"https:\/\/lottemaa.ee\/fi\/paiva-lottemaassa\/ruoat-ja-juomat\/\"},{\"@type\":\"ListItem\",\"position\":4,\"name\":\"Annan PANNUKAKUT\"}]},{\"@type\":\"WebSite\",\"@id\":\"https:\/\/lottemaa.ee\/#website\",\"url\":\"https:\/\/lottemaa.ee\/\",\"name\":\"Lottemaa Teemapark\",\"description\":\"Baltimaade suurim ja k\u00f5ige \u00e4gedam kogupere teemapark Eestis P\u00e4rnumaal\",\"publisher\":{\"@id\":\"https:\/\/lottemaa.ee\/#organization\"},\"potentialAction\":[{\"@type\":\"SearchAction\",\"target\":{\"@type\":\"EntryPoint\",\"urlTemplate\":\"https:\/\/lottemaa.ee\/?s={search_term_string}\"},\"query-input\":{\"@type\":\"PropertyValueSpecification\",\"valueRequired\":true,\"valueName\":\"search_term_string\"}}],\"inLanguage\":\"fi\"},{\"@type\":\"Organization\",\"@id\":\"https:\/\/lottemaa.ee\/#organization\",\"name\":\"Lottemaa Teemapark\",\"url\":\"https:\/\/lottemaa.ee\/\",\"logo\":{\"@type\":\"ImageObject\",\"inLanguage\":\"fi\",\"@id\":\"https:\/\/lottemaa.ee\/#\/schema\/logo\/image\/\",\"url\":\"https:\/\/lottemaa.ee\/wp-content\/uploads\/2018\/12\/Lottemaa_LOGO.png\",\"contentUrl\":\"https:\/\/lottemaa.ee\/wp-content\/uploads\/2018\/12\/Lottemaa_LOGO.png\",\"width\":1024,\"height\":518,\"caption\":\"Lottemaa Teemapark\"},\"image\":{\"@id\":\"https:\/\/lottemaa.ee\/#\/schema\/logo\/image\/\"}}]}<\/script>\n<!-- \/ Yoast SEO plugin. -->","yoast_head_json":{"title":"Annan PANNUKAKUT | Lottemaa Teemapark","robots":{"index":"index","follow":"follow","max-snippet":"max-snippet:-1","max-image-preview":"max-image-preview:large","max-video-preview":"max-video-preview:-1"},"canonical":"https:\/\/lottemaa.ee\/fi\/paiva-lottemaassa\/ruoat-ja-juomat\/mamman-ohukaiset\/","og_locale":"fi_FI","og_type":"article","og_title":"Annan PANNUKAKUT | Lottemaa Teemapark","og_description":"\u201cAnnan pannukakkutalo\u201d on varmasti yksi vieraidemme suosikkipaikoista. Sielt\u00e4 saa sek\u00e4 suolaisia ett\u00e4 makeita pannukakkuja. Jokainen lapsi voi valita vohvelit\u00f6tter\u00f6\u00f6n lempij\u00e4\u00e4tel\u00f6ns\u00e4. Pannukakkutalossa on jopa 80 istumapaikkaa.","og_url":"https:\/\/lottemaa.ee\/fi\/paiva-lottemaassa\/ruoat-ja-juomat\/mamman-ohukaiset\/","og_site_name":"Lottemaa Teemapark","article_modified_time":"2026-01-04T20:05:23+00:00","og_image":[{"width":2000,"height":1333,"url":"https:\/\/lottemaa.ee\/wp-content\/uploads\/2024\/07\/Lottemaa-IV-102.jpg","type":"image\/jpeg"}],"twitter_card":"summary_large_image","twitter_misc":{"Arvioitu lukuaika":"1 minuutti"},"schema":{"@context":"https:\/\/schema.org","@graph":[{"@type":"WebPage","@id":"https:\/\/lottemaa.ee\/fi\/paiva-lottemaassa\/ruoat-ja-juomat\/mamman-ohukaiset\/","url":"https:\/\/lottemaa.ee\/fi\/paiva-lottemaassa\/ruoat-ja-juomat\/mamman-ohukaiset\/","name":"Annan PANNUKAKUT | Lottemaa Teemapark","isPartOf":{"@id":"https:\/\/lottemaa.ee\/#website"},"primaryImageOfPage":{"@id":"https:\/\/lottemaa.ee\/fi\/paiva-lottemaassa\/ruoat-ja-juomat\/mamman-ohukaiset\/#primaryimage"},"image":{"@id":"https:\/\/lottemaa.ee\/fi\/paiva-lottemaassa\/ruoat-ja-juomat\/mamman-ohukaiset\/#primaryimage"},"thumbnailUrl":"https:\/\/lottemaa.ee\/wp-content\/uploads\/2024\/07\/Lottemaa-IV-102.jpg","datePublished":"2016-05-16T17:04:03+00:00","dateModified":"2026-01-04T20:05:23+00:00","breadcrumb":{"@id":"https:\/\/lottemaa.ee\/fi\/paiva-lottemaassa\/ruoat-ja-juomat\/mamman-ohukaiset\/#breadcrumb"},"inLanguage":"fi","potentialAction":[{"@type":"ReadAction","target":["https:\/\/lottemaa.ee\/fi\/paiva-lottemaassa\/ruoat-ja-juomat\/mamman-ohukaiset\/"]}]},{"@type":"ImageObject","inLanguage":"fi","@id":"https:\/\/lottemaa.ee\/fi\/paiva-lottemaassa\/ruoat-ja-juomat\/mamman-ohukaiset\/#primaryimage","url":"https:\/\/lottemaa.ee\/wp-content\/uploads\/2024\/07\/Lottemaa-IV-102.jpg","contentUrl":"https:\/\/lottemaa.ee\/wp-content\/uploads\/2024\/07\/Lottemaa-IV-102.jpg","width":2000,"height":1333},{"@type":"BreadcrumbList","@id":"https:\/\/lottemaa.ee\/fi\/paiva-lottemaassa\/ruoat-ja-juomat\/mamman-ohukaiset\/#breadcrumb","itemListElement":[{"@type":"ListItem","position":1,"name":"Home","item":"https:\/\/lottemaa.ee\/fi\/"},{"@type":"ListItem","position":2,"name":"P\u00e4iv\u00e4 Lottemaassa","item":"https:\/\/lottemaa.ee\/fi\/paiva-lottemaassa\/"},{"@type":"ListItem","position":3,"name":"Ruoat ja juomat","item":"https:\/\/lottemaa.ee\/fi\/paiva-lottemaassa\/ruoat-ja-juomat\/"},{"@type":"ListItem","position":4,"name":"Annan PANNUKAKUT"}]},{"@type":"WebSite","@id":"https:\/\/lottemaa.ee\/#website","url":"https:\/\/lottemaa.ee\/","name":"Lottemaa Teemapark","description":"Baltimaade suurim ja k\u00f5ige \u00e4gedam kogupere teemapark Eestis P\u00e4rnumaal","publisher":{"@id":"https:\/\/lottemaa.ee\/#organization"},"potentialAction":[{"@type":"SearchAction","target":{"@type":"EntryPoint","urlTemplate":"https:\/\/lottemaa.ee\/?s={search_term_string}"},"query-input":{"@type":"PropertyValueSpecification","valueRequired":true,"valueName":"search_term_string"}}],"inLanguage":"fi"},{"@type":"Organization","@id":"https:\/\/lottemaa.ee\/#organization","name":"Lottemaa Teemapark","url":"https:\/\/lottemaa.ee\/","logo":{"@type":"ImageObject","inLanguage":"fi","@id":"https:\/\/lottemaa.ee\/#\/schema\/logo\/image\/","url":"https:\/\/lottemaa.ee\/wp-content\/uploads\/2018\/12\/Lottemaa_LOGO.png","contentUrl":"https:\/\/lottemaa.ee\/wp-content\/uploads\/2018\/12\/Lottemaa_LOGO.png","width":1024,"height":518,"caption":"Lottemaa Teemapark"},"image":{"@id":"https:\/\/lottemaa.ee\/#\/schema\/logo\/image\/"}}]}},"_links":{"self":[{"href":"https:\/\/lottemaa.ee\/fi\/wp-json\/wp\/v2\/pages\/1264","targetHints":{"allow":["GET"]}}],"collection":[{"href":"https:\/\/lottemaa.ee\/fi\/wp-json\/wp\/v2\/pages"}],"about":[{"href":"https:\/\/lottemaa.ee\/fi\/wp-json\/wp\/v2\/types\/page"}],"author":[{"embeddable":true,"href":"https:\/\/lottemaa.ee\/fi\/wp-json\/wp\/v2\/users\/1"}],"replies":[{"embeddable":true,"href":"https:\/\/lottemaa.ee\/fi\/wp-json\/wp\/v2\/comments?post=1264"}],"version-history":[{"count":5,"href":"https:\/\/lottemaa.ee\/fi\/wp-json\/wp\/v2\/pages\/1264\/revisions"}],"predecessor-version":[{"id":32572,"href":"https:\/\/lottemaa.ee\/fi\/wp-json\/wp\/v2\/pages\/1264\/revisions\/32572"}],"up":[{"embeddable":true,"href":"https:\/\/lottemaa.ee\/fi\/wp-json\/wp\/v2\/pages\/1262"}],"wp:featuredmedia":[{"embeddable":true,"href":"https:\/\/lottemaa.ee\/fi\/wp-json\/wp\/v2\/media\/26846"}],"wp:attachment":[{"href":"https:\/\/lottemaa.ee\/fi\/wp-json\/wp\/v2\/media?parent=1264"}],"curies":[{"name":"wp","href":"https:\/\/api.w.org\/{rel}","templated":true}]}}